{"id":50003,"date":"2022-10-04T14:05:41","date_gmt":"2022-10-04T12:05:41","guid":{"rendered":"https:\/\/www.hoogstra-autosport.nl\/?post_type=product&#038;p=50003"},"modified":"2025-11-26T09:48:53","modified_gmt":"2025-11-26T08:48:53","slug":"homokineten-vet-redline-pot","status":"publish","type":"product","link":"https:\/\/www.hoogstra-autosport.nl\/fr\/produit\/homokineten-vet-redline-pot\/","title":{"rendered":"Homokineten Grease Redline Pot"},"content":{"rendered":"<ul>\n<li>Surpasse les meilleures graisses et lubrifiants conventionnels ou synth\u00e9tiques<\/li>\n<li>Le pot p\u00e8se 397 grammes<\/li>\n<li>R\u00e9sistant aux temp\u00e9ratures et pressions extr\u00eames dans les roulements de roue, les joints en U et les joints CV \u00e0 angle \u00e9lev\u00e9 ( Homokinets)<\/li>\n<li>Excellente stabilit\u00e9 \u00e0 haute temp\u00e9rature, protection contre les pressions extr\u00eames et r\u00e9sistance \u00e0 l'eau<\/li>\n<li>Utilis\u00e9 dans diverses applications avec des temp\u00e9ratures de fonctionnement allant de -100 \u00b0 F \u00e0 500 \u00b0 F<\/li>\n<li>Forte r\u00e9sistance \u00e0 l'oxydation et \u00e0 la corrosion, faible \u00e9vaporation et s\u00e9paration de l'huile avec un effet minimal sur les joints en caoutchouc.<\/li>\n<li>Contient un moly organique pour la lubrification des ch\u00e2ssis et des \u00e9quipements industriels \u00e0 haute temp\u00e9rature et \u00e0 grande vitesse.<\/li>\n<li>La fluidit\u00e9 synth\u00e9tique assure une plus longue dur\u00e9e de vie des roulements jusqu'\u00e0 200%<\/li>\n<li>S'assombrit apr\u00e8s utilisation \u00e0 des temp\u00e9ratures \u00e9lev\u00e9es - ne nuit pas aux performances<\/li>\n<\/ul>","protected":false},"excerpt":{"rendered":"<p>Overtreft de beste conventionele of synthetische vetten en smeermiddelen Pot is 397 gram Bestand tegen extreme temperaturen en druk in wiellagers, U-joints en hoge hoek CV-joints ( Homokineten) Uitstekende stabiliteit bij hoge temperaturen, extreme drukbescherming en waterbestendigheid Gebruikt in verschillende toepassingen met werktemperaturen van -100 \u00b0 F tot 500 \u00b0 F Sterke weerstand tegen oxidatie [&hellip;]<\/p>\n","protected":false},"featured_media":93862,"template":"","meta":{"_acf_changed":false},"product_brand":[],"product_cat":[2707,2732],"product_tag":[],"class_list":{"0":"post-50003","1":"product","2":"type-product","3":"status-publish","4":"has-post-thumbnail","6":"product_cat-aandrijfassen-homokineten-en-ashoezen","7":"product_cat-versnellingsbak-olie-remvloeistof","8":"product_shipping_class-4016","10":"first","11":"instock","12":"taxable","13":"shipping-taxable","14":"purchasable","15":"product-type-simple"},"acf":[],"yoast_head":"<!-- This site is optimized with the Yoast SEO plugin v27.1.1 - https:\/\/yoast.com\/product\/yoast-seo-wordpress\/ -->\n<title>Homokineten Vet Redline Pot - Hoogstra Autosport<\/title>\n<meta name=\"robots\" content=\"index, follow, max-snippet:-1, max-image-preview:large, max-video-preview:-1\" \/>\n<link rel=\"canonical\" href=\"https:\/\/www.hoogstra-autosport.nl\/fr\/produit\/homokineten-vet-redline-pot\/\" \/>\n<meta property=\"og:locale\" content=\"fr_FR\" \/>\n<meta property=\"og:type\" content=\"article\" \/>\n<meta property=\"og:title\" content=\"Homokineten Vet Redline Pot - Hoogstra Autosport\" \/>\n<meta property=\"og:description\" content=\"Overtreft de beste conventionele of synthetische vetten en smeermiddelen Pot is 397 gram Bestand tegen extreme temperaturen en druk in wiellagers, U-joints en hoge hoek CV-joints ( Homokineten) Uitstekende stabiliteit bij hoge temperaturen, extreme drukbescherming en waterbestendigheid Gebruikt in verschillende toepassingen met werktemperaturen van -100 \u00b0 F tot 500 \u00b0 F Sterke weerstand tegen oxidatie [&hellip;]\" \/>\n<meta property=\"og:url\" content=\"https:\/\/www.hoogstra-autosport.nl\/fr\/produit\/homokineten-vet-redline-pot\/\" \/>\n<meta property=\"og:site_name\" content=\"Hoogstra Autosport\" \/>\n<meta property=\"article:modified_time\" content=\"2025-11-26T08:48:53+00:00\" \/>\n<meta property=\"og:image\" content=\"https:\/\/www.hoogstra-autosport.nl\/teamkoen\/wp-content\/uploads\/2022\/10\/potje2.jpg\" \/>\n\t<meta property=\"og:image:width\" content=\"1080\" \/>\n\t<meta property=\"og:image:height\" content=\"1080\" \/>\n\t<meta property=\"og:image:type\" content=\"image\/jpeg\" \/>\n<meta name=\"twitter:card\" content=\"summary_large_image\" \/>\n<meta name=\"twitter:label1\" content=\"Dur\u00e9e de lecture estim\u00e9e\" \/>\n\t<meta name=\"twitter:data1\" content=\"1 minute\" \/>\n<script type=\"application\/ld+json\" class=\"yoast-schema-graph\">{\"@context\":\"https:\/\/schema.org\",\"@graph\":[{\"@type\":\"WebPage\",\"@id\":\"https:\/\/www.hoogstra-autosport.nl\/product\/homokineten-vet-redline-pot\/\",\"url\":\"https:\/\/www.hoogstra-autosport.nl\/product\/homokineten-vet-redline-pot\/\",\"name\":\"Homokineten Vet Redline Pot - Hoogstra Autosport\",\"isPartOf\":{\"@id\":\"https:\/\/www.hoogstra-autosport.nl\/#website\"},\"primaryImageOfPage\":{\"@id\":\"https:\/\/www.hoogstra-autosport.nl\/product\/homokineten-vet-redline-pot\/#primaryimage\"},\"image\":{\"@id\":\"https:\/\/www.hoogstra-autosport.nl\/product\/homokineten-vet-redline-pot\/#primaryimage\"},\"thumbnailUrl\":\"https:\/\/www.hoogstra-autosport.nl\/teamkoen\/wp-content\/uploads\/2022\/10\/potje2.jpg\",\"datePublished\":\"2022-10-04T12:05:41+00:00\",\"dateModified\":\"2025-11-26T08:48:53+00:00\",\"breadcrumb\":{\"@id\":\"https:\/\/www.hoogstra-autosport.nl\/product\/homokineten-vet-redline-pot\/#breadcrumb\"},\"inLanguage\":\"fr-FR\",\"potentialAction\":[{\"@type\":\"ReadAction\",\"target\":[\"https:\/\/www.hoogstra-autosport.nl\/product\/homokineten-vet-redline-pot\/\"]}]},{\"@type\":\"ImageObject\",\"inLanguage\":\"fr-FR\",\"@id\":\"https:\/\/www.hoogstra-autosport.nl\/product\/homokineten-vet-redline-pot\/#primaryimage\",\"url\":\"https:\/\/www.hoogstra-autosport.nl\/teamkoen\/wp-content\/uploads\/2022\/10\/potje2.jpg\",\"contentUrl\":\"https:\/\/www.hoogstra-autosport.nl\/teamkoen\/wp-content\/uploads\/2022\/10\/potje2.jpg\",\"width\":1080,\"height\":1080},{\"@type\":\"BreadcrumbList\",\"@id\":\"https:\/\/www.hoogstra-autosport.nl\/product\/homokineten-vet-redline-pot\/#breadcrumb\",\"itemListElement\":[{\"@type\":\"ListItem\",\"position\":1,\"name\":\"Home\",\"item\":\"https:\/\/www.hoogstra-autosport.nl\/\"},{\"@type\":\"ListItem\",\"position\":2,\"name\":\"Motorisch\",\"item\":\"https:\/\/www.hoogstra-autosport.nl\/product-categorie\/auto-techniek\/\"},{\"@type\":\"ListItem\",\"position\":3,\"name\":\"Koppeling , Versnellingsbak en Assen\",\"item\":\"https:\/\/www.hoogstra-autosport.nl\/product-categorie\/auto-techniek\/koppeling-versnellingsbak-en-assen\/\"},{\"@type\":\"ListItem\",\"position\":4,\"name\":\"Aandrijfassen , Homokineten en ashoezen\",\"item\":\"https:\/\/www.hoogstra-autosport.nl\/product-categorie\/auto-techniek\/koppeling-versnellingsbak-en-assen\/aandrijfassen-homokineten-en-ashoezen\/\"},{\"@type\":\"ListItem\",\"position\":5,\"name\":\"Homokineten Vet Redline Pot\"}]},{\"@type\":\"WebSite\",\"@id\":\"https:\/\/www.hoogstra-autosport.nl\/#website\",\"url\":\"https:\/\/www.hoogstra-autosport.nl\/\",\"name\":\"Hoogstra Autosport\",\"description\":\"Performance Autosport Parts!\",\"potentialAction\":[{\"@type\":\"SearchAction\",\"target\":{\"@type\":\"EntryPoint\",\"urlTemplate\":\"https:\/\/www.hoogstra-autosport.nl\/?s={search_term_string}\"},\"query-input\":{\"@type\":\"PropertyValueSpecification\",\"valueRequired\":true,\"valueName\":\"search_term_string\"}}],\"inLanguage\":\"fr-FR\"}]}<\/script>\n<!-- \/ Yoast SEO plugin. -->","yoast_head_json":{"title":"Homokineten Vet Redline Pot - Hoogstra Autosport","robots":{"index":"index","follow":"follow","max-snippet":"max-snippet:-1","max-image-preview":"max-image-preview:large","max-video-preview":"max-video-preview:-1"},"canonical":"https:\/\/www.hoogstra-autosport.nl\/fr\/produit\/homokineten-vet-redline-pot\/","og_locale":"fr_FR","og_type":"article","og_title":"Homokineten Vet Redline Pot - Hoogstra Autosport","og_description":"Overtreft de beste conventionele of synthetische vetten en smeermiddelen Pot is 397 gram Bestand tegen extreme temperaturen en druk in wiellagers, U-joints en hoge hoek CV-joints ( Homokineten) Uitstekende stabiliteit bij hoge temperaturen, extreme drukbescherming en waterbestendigheid Gebruikt in verschillende toepassingen met werktemperaturen van -100 \u00b0 F tot 500 \u00b0 F Sterke weerstand tegen oxidatie [&hellip;]","og_url":"https:\/\/www.hoogstra-autosport.nl\/fr\/produit\/homokineten-vet-redline-pot\/","og_site_name":"Hoogstra Autosport","article_modified_time":"2025-11-26T08:48:53+00:00","og_image":[{"width":1080,"height":1080,"url":"https:\/\/www.hoogstra-autosport.nl\/teamkoen\/wp-content\/uploads\/2022\/10\/potje2.jpg","type":"image\/jpeg"}],"twitter_card":"summary_large_image","twitter_misc":{"Dur\u00e9e de lecture estim\u00e9e":"1 minute"},"schema":{"@context":"https:\/\/schema.org","@graph":[{"@type":"WebPage","@id":"https:\/\/www.hoogstra-autosport.nl\/product\/homokineten-vet-redline-pot\/","url":"https:\/\/www.hoogstra-autosport.nl\/product\/homokineten-vet-redline-pot\/","name":"Homokineten Vet Redline Pot - Hoogstra Autosport","isPartOf":{"@id":"https:\/\/www.hoogstra-autosport.nl\/#website"},"primaryImageOfPage":{"@id":"https:\/\/www.hoogstra-autosport.nl\/product\/homokineten-vet-redline-pot\/#primaryimage"},"image":{"@id":"https:\/\/www.hoogstra-autosport.nl\/product\/homokineten-vet-redline-pot\/#primaryimage"},"thumbnailUrl":"https:\/\/www.hoogstra-autosport.nl\/teamkoen\/wp-content\/uploads\/2022\/10\/potje2.jpg","datePublished":"2022-10-04T12:05:41+00:00","dateModified":"2025-11-26T08:48:53+00:00","breadcrumb":{"@id":"https:\/\/www.hoogstra-autosport.nl\/product\/homokineten-vet-redline-pot\/#breadcrumb"},"inLanguage":"fr-FR","potentialAction":[{"@type":"ReadAction","target":["https:\/\/www.hoogstra-autosport.nl\/product\/homokineten-vet-redline-pot\/"]}]},{"@type":"ImageObject","inLanguage":"fr-FR","@id":"https:\/\/www.hoogstra-autosport.nl\/product\/homokineten-vet-redline-pot\/#primaryimage","url":"https:\/\/www.hoogstra-autosport.nl\/teamkoen\/wp-content\/uploads\/2022\/10\/potje2.jpg","contentUrl":"https:\/\/www.hoogstra-autosport.nl\/teamkoen\/wp-content\/uploads\/2022\/10\/potje2.jpg","width":1080,"height":1080},{"@type":"BreadcrumbList","@id":"https:\/\/www.hoogstra-autosport.nl\/product\/homokineten-vet-redline-pot\/#breadcrumb","itemListElement":[{"@type":"ListItem","position":1,"name":"Home","item":"https:\/\/www.hoogstra-autosport.nl\/"},{"@type":"ListItem","position":2,"name":"Motorisch","item":"https:\/\/www.hoogstra-autosport.nl\/product-categorie\/auto-techniek\/"},{"@type":"ListItem","position":3,"name":"Koppeling , Versnellingsbak en Assen","item":"https:\/\/www.hoogstra-autosport.nl\/product-categorie\/auto-techniek\/koppeling-versnellingsbak-en-assen\/"},{"@type":"ListItem","position":4,"name":"Aandrijfassen , Homokineten en ashoezen","item":"https:\/\/www.hoogstra-autosport.nl\/product-categorie\/auto-techniek\/koppeling-versnellingsbak-en-assen\/aandrijfassen-homokineten-en-ashoezen\/"},{"@type":"ListItem","position":5,"name":"Homokineten Vet Redline Pot"}]},{"@type":"WebSite","@id":"https:\/\/www.hoogstra-autosport.nl\/#website","url":"https:\/\/www.hoogstra-autosport.nl\/","name":"Hoogstra Autosport","description":"Performance Autosport Parts!","potentialAction":[{"@type":"SearchAction","target":{"@type":"EntryPoint","urlTemplate":"https:\/\/www.hoogstra-autosport.nl\/?s={search_term_string}"},"query-input":{"@type":"PropertyValueSpecification","valueRequired":true,"valueName":"search_term_string"}}],"inLanguage":"fr-FR"}]}},"tiered_pricing_type":"fixed","tiered_pricing_fixed_rules":[],"tiered_pricing_product_settings":{"layout":"default","base_unit_name":{"singular":null,"plural":null},"default_variation":null},"tiered_pricing_minimum_quantity":null,"tiered_pricing_roles_data":[],"tiered_pricing_percentage_rules":[],"tiered_pricing_maximum_quantity":null,"tiered_pricing_quantity_step":null,"_links":{"self":[{"href":"https:\/\/www.hoogstra-autosport.nl\/fr\/wp-json\/wp\/v2\/product\/50003","targetHints":{"allow":["GET"]}}],"collection":[{"href":"https:\/\/www.hoogstra-autosport.nl\/fr\/wp-json\/wp\/v2\/product"}],"about":[{"href":"https:\/\/www.hoogstra-autosport.nl\/fr\/wp-json\/wp\/v2\/types\/product"}],"wp:featuredmedia":[{"embeddable":true,"href":"https:\/\/www.hoogstra-autosport.nl\/fr\/wp-json\/wp\/v2\/media\/93862"}],"wp:attachment":[{"href":"https:\/\/www.hoogstra-autosport.nl\/fr\/wp-json\/wp\/v2\/media?parent=50003"}],"wp:term":[{"taxonomy":"product_brand","embeddable":true,"href":"https:\/\/www.hoogstra-autosport.nl\/fr\/wp-json\/wp\/v2\/product_brand?post=50003"},{"taxonomy":"product_cat","embeddable":true,"href":"https:\/\/www.hoogstra-autosport.nl\/fr\/wp-json\/wp\/v2\/product_cat?post=50003"},{"taxonomy":"product_tag","embeddable":true,"href":"https:\/\/www.hoogstra-autosport.nl\/fr\/wp-json\/wp\/v2\/product_tag?post=50003"}],"curies":[{"name":"wp","href":"https:\/\/api.w.org\/{rel}","templated":true}]}}