{"id":50000,"date":"2022-10-04T11:32:07","date_gmt":"2022-10-04T09:32:07","guid":{"rendered":"https:\/\/www.hoogstra-autosport.nl\/?post_type=product&#038;p=50000"},"modified":"2024-01-20T13:12:36","modified_gmt":"2024-01-20T12:12:36","slug":"wd-40-smeermiddel-spuitbus","status":"publish","type":"product","link":"https:\/\/www.hoogstra-autosport.nl\/fr\/produit\/wd-40-smeermiddel-spuitbus\/","title":{"rendered":"WD-40 Lubrifiant en spray"},"content":{"rendered":"<p>Le WD40 arr\u00eate les grincements et les craquements,<br \/>\nexpulse l'humidit\u00e9, nettoie et prot\u00e8ge,<br \/>\nD\u00e9tache ce qui est coinc\u00e9 et le rend rigide<br \/>\ndes pi\u00e8ces en cours d'ex\u00e9cution.<br \/>\nLubrifiant polyvalent.<\/p>\n<p>Un emballage revu et corrig\u00e9 avec<br \/>\nle syst\u00e8me de buse unique dans lequel<br \/>\nla paille int\u00e9gr\u00e9e \u00e0 la buse<br \/>\nzit. Plus besoin de chercher et toujours le bon<br \/>\nle dosage dans les endroits difficiles d'acc\u00e8s.<\/p>","protected":false},"excerpt":{"rendered":"<p>WD40 stopt piepen en kraken, verdrijft vocht, reinigt en beschermt, maakt los wat vast zit en maakt stroef lopende delen weer gangbaar. Multifunctioneel smeermiddel. Een vernieuwde verpakking met het uniek sproeikopsysteem waarbij het rietje in de sproeikop ge\u00efntegreerd zit. Nooit meer zoeken en altijd de juiste dosering op moeilijk bereikbare plaatsen.<\/p>","protected":false},"featured_media":50001,"template":"","meta":{"_acf_changed":false},"product_brand":[],"product_cat":[4165,4008],"product_tag":[],"class_list":{"0":"post-50000","1":"product","2":"type-product","3":"status-publish","4":"has-post-thumbnail","6":"product_cat-hoogstra-autosport","7":"product_cat-werkplaats-vloeistoffen","8":"product_shipping_class-4016","10":"first","11":"instock","12":"taxable","13":"shipping-taxable","14":"purchasable","15":"product-type-simple"},"acf":[],"yoast_head":"<!-- This site is optimized with the Yoast SEO plugin v27.1.1 - https:\/\/yoast.com\/product\/yoast-seo-wordpress\/ -->\n<title>WD-40 Smeermiddel Spuitbus - Hoogstra Autosport<\/title>\n<meta name=\"robots\" content=\"index, follow, max-snippet:-1, max-image-preview:large, max-video-preview:-1\" \/>\n<link rel=\"canonical\" href=\"https:\/\/www.hoogstra-autosport.nl\/fr\/produit\/wd-40-smeermiddel-spuitbus\/\" \/>\n<meta property=\"og:locale\" content=\"fr_FR\" \/>\n<meta property=\"og:type\" content=\"article\" \/>\n<meta property=\"og:title\" content=\"WD-40 Smeermiddel Spuitbus - Hoogstra Autosport\" \/>\n<meta property=\"og:description\" content=\"WD40 stopt piepen en kraken, verdrijft vocht, reinigt en beschermt, maakt los wat vast zit en maakt stroef lopende delen weer gangbaar. Multifunctioneel smeermiddel. Een vernieuwde verpakking met het uniek sproeikopsysteem waarbij het rietje in de sproeikop ge\u00efntegreerd zit. Nooit meer zoeken en altijd de juiste dosering op moeilijk bereikbare plaatsen.\" \/>\n<meta property=\"og:url\" content=\"https:\/\/www.hoogstra-autosport.nl\/fr\/produit\/wd-40-smeermiddel-spuitbus\/\" \/>\n<meta property=\"og:site_name\" content=\"Hoogstra Autosport\" \/>\n<meta property=\"article:modified_time\" content=\"2024-01-20T12:12:36+00:00\" \/>\n<meta property=\"og:image\" content=\"https:\/\/www.hoogstra-autosport.nl\/teamkoen\/content\/uploads\/2022\/10\/9700255wd40_4.jpg\" \/>\n\t<meta property=\"og:image:width\" content=\"475\" \/>\n\t<meta property=\"og:image:height\" content=\"475\" \/>\n\t<meta property=\"og:image:type\" content=\"image\/jpeg\" \/>\n<meta name=\"twitter:card\" content=\"summary_large_image\" \/>\n<meta name=\"twitter:label1\" content=\"Dur\u00e9e de lecture estim\u00e9e\" \/>\n\t<meta name=\"twitter:data1\" content=\"1 minute\" \/>\n<script type=\"application\/ld+json\" class=\"yoast-schema-graph\">{\"@context\":\"https:\/\/schema.org\",\"@graph\":[{\"@type\":\"WebPage\",\"@id\":\"https:\/\/www.hoogstra-autosport.nl\/product\/wd-40-smeermiddel-spuitbus\/\",\"url\":\"https:\/\/www.hoogstra-autosport.nl\/product\/wd-40-smeermiddel-spuitbus\/\",\"name\":\"WD-40 Smeermiddel Spuitbus - Hoogstra Autosport\",\"isPartOf\":{\"@id\":\"https:\/\/www.hoogstra-autosport.nl\/#website\"},\"primaryImageOfPage\":{\"@id\":\"https:\/\/www.hoogstra-autosport.nl\/product\/wd-40-smeermiddel-spuitbus\/#primaryimage\"},\"image\":{\"@id\":\"https:\/\/www.hoogstra-autosport.nl\/product\/wd-40-smeermiddel-spuitbus\/#primaryimage\"},\"thumbnailUrl\":\"https:\/\/www.hoogstra-autosport.nl\/teamkoen\/wp-content\/uploads\/2022\/10\/9700255wd40_4.jpg\",\"datePublished\":\"2022-10-04T09:32:07+00:00\",\"dateModified\":\"2024-01-20T12:12:36+00:00\",\"breadcrumb\":{\"@id\":\"https:\/\/www.hoogstra-autosport.nl\/product\/wd-40-smeermiddel-spuitbus\/#breadcrumb\"},\"inLanguage\":\"fr-FR\",\"potentialAction\":[{\"@type\":\"ReadAction\",\"target\":[\"https:\/\/www.hoogstra-autosport.nl\/product\/wd-40-smeermiddel-spuitbus\/\"]}]},{\"@type\":\"ImageObject\",\"inLanguage\":\"fr-FR\",\"@id\":\"https:\/\/www.hoogstra-autosport.nl\/product\/wd-40-smeermiddel-spuitbus\/#primaryimage\",\"url\":\"https:\/\/www.hoogstra-autosport.nl\/teamkoen\/wp-content\/uploads\/2022\/10\/9700255wd40_4.jpg\",\"contentUrl\":\"https:\/\/www.hoogstra-autosport.nl\/teamkoen\/wp-content\/uploads\/2022\/10\/9700255wd40_4.jpg\",\"width\":475,\"height\":475},{\"@type\":\"BreadcrumbList\",\"@id\":\"https:\/\/www.hoogstra-autosport.nl\/product\/wd-40-smeermiddel-spuitbus\/#breadcrumb\",\"itemListElement\":[{\"@type\":\"ListItem\",\"position\":1,\"name\":\"Home\",\"item\":\"https:\/\/www.hoogstra-autosport.nl\/\"},{\"@type\":\"ListItem\",\"position\":2,\"name\":\"Werkplaats\",\"item\":\"https:\/\/www.hoogstra-autosport.nl\/product-categorie\/garage-werkplaats-onderhoud\/\"},{\"@type\":\"ListItem\",\"position\":3,\"name\":\"Werkplaats Vloeistoffen\",\"item\":\"https:\/\/www.hoogstra-autosport.nl\/product-categorie\/garage-werkplaats-onderhoud\/werkplaats-vloeistoffen\/\"},{\"@type\":\"ListItem\",\"position\":4,\"name\":\"WD-40 Smeermiddel Spuitbus\"}]},{\"@type\":\"WebSite\",\"@id\":\"https:\/\/www.hoogstra-autosport.nl\/#website\",\"url\":\"https:\/\/www.hoogstra-autosport.nl\/\",\"name\":\"Hoogstra Autosport\",\"description\":\"Performance Autosport Parts!\",\"potentialAction\":[{\"@type\":\"SearchAction\",\"target\":{\"@type\":\"EntryPoint\",\"urlTemplate\":\"https:\/\/www.hoogstra-autosport.nl\/?s={search_term_string}\"},\"query-input\":{\"@type\":\"PropertyValueSpecification\",\"valueRequired\":true,\"valueName\":\"search_term_string\"}}],\"inLanguage\":\"fr-FR\"}]}<\/script>\n<!-- \/ Yoast SEO plugin. -->","yoast_head_json":{"title":"WD-40 Smeermiddel Spuitbus - Hoogstra Autosport","robots":{"index":"index","follow":"follow","max-snippet":"max-snippet:-1","max-image-preview":"max-image-preview:large","max-video-preview":"max-video-preview:-1"},"canonical":"https:\/\/www.hoogstra-autosport.nl\/fr\/produit\/wd-40-smeermiddel-spuitbus\/","og_locale":"fr_FR","og_type":"article","og_title":"WD-40 Smeermiddel Spuitbus - Hoogstra Autosport","og_description":"WD40 stopt piepen en kraken, verdrijft vocht, reinigt en beschermt, maakt los wat vast zit en maakt stroef lopende delen weer gangbaar. Multifunctioneel smeermiddel. Een vernieuwde verpakking met het uniek sproeikopsysteem waarbij het rietje in de sproeikop ge\u00efntegreerd zit. Nooit meer zoeken en altijd de juiste dosering op moeilijk bereikbare plaatsen.","og_url":"https:\/\/www.hoogstra-autosport.nl\/fr\/produit\/wd-40-smeermiddel-spuitbus\/","og_site_name":"Hoogstra Autosport","article_modified_time":"2024-01-20T12:12:36+00:00","og_image":[{"width":475,"height":475,"url":"https:\/\/www.hoogstra-autosport.nl\/teamkoen\/content\/uploads\/2022\/10\/9700255wd40_4.jpg","type":"image\/jpeg"}],"twitter_card":"summary_large_image","twitter_misc":{"Dur\u00e9e de lecture estim\u00e9e":"1 minute"},"schema":{"@context":"https:\/\/schema.org","@graph":[{"@type":"WebPage","@id":"https:\/\/www.hoogstra-autosport.nl\/product\/wd-40-smeermiddel-spuitbus\/","url":"https:\/\/www.hoogstra-autosport.nl\/product\/wd-40-smeermiddel-spuitbus\/","name":"WD-40 Smeermiddel Spuitbus - Hoogstra Autosport","isPartOf":{"@id":"https:\/\/www.hoogstra-autosport.nl\/#website"},"primaryImageOfPage":{"@id":"https:\/\/www.hoogstra-autosport.nl\/product\/wd-40-smeermiddel-spuitbus\/#primaryimage"},"image":{"@id":"https:\/\/www.hoogstra-autosport.nl\/product\/wd-40-smeermiddel-spuitbus\/#primaryimage"},"thumbnailUrl":"https:\/\/www.hoogstra-autosport.nl\/teamkoen\/wp-content\/uploads\/2022\/10\/9700255wd40_4.jpg","datePublished":"2022-10-04T09:32:07+00:00","dateModified":"2024-01-20T12:12:36+00:00","breadcrumb":{"@id":"https:\/\/www.hoogstra-autosport.nl\/product\/wd-40-smeermiddel-spuitbus\/#breadcrumb"},"inLanguage":"fr-FR","potentialAction":[{"@type":"ReadAction","target":["https:\/\/www.hoogstra-autosport.nl\/product\/wd-40-smeermiddel-spuitbus\/"]}]},{"@type":"ImageObject","inLanguage":"fr-FR","@id":"https:\/\/www.hoogstra-autosport.nl\/product\/wd-40-smeermiddel-spuitbus\/#primaryimage","url":"https:\/\/www.hoogstra-autosport.nl\/teamkoen\/wp-content\/uploads\/2022\/10\/9700255wd40_4.jpg","contentUrl":"https:\/\/www.hoogstra-autosport.nl\/teamkoen\/wp-content\/uploads\/2022\/10\/9700255wd40_4.jpg","width":475,"height":475},{"@type":"BreadcrumbList","@id":"https:\/\/www.hoogstra-autosport.nl\/product\/wd-40-smeermiddel-spuitbus\/#breadcrumb","itemListElement":[{"@type":"ListItem","position":1,"name":"Home","item":"https:\/\/www.hoogstra-autosport.nl\/"},{"@type":"ListItem","position":2,"name":"Werkplaats","item":"https:\/\/www.hoogstra-autosport.nl\/product-categorie\/garage-werkplaats-onderhoud\/"},{"@type":"ListItem","position":3,"name":"Werkplaats Vloeistoffen","item":"https:\/\/www.hoogstra-autosport.nl\/product-categorie\/garage-werkplaats-onderhoud\/werkplaats-vloeistoffen\/"},{"@type":"ListItem","position":4,"name":"WD-40 Smeermiddel Spuitbus"}]},{"@type":"WebSite","@id":"https:\/\/www.hoogstra-autosport.nl\/#website","url":"https:\/\/www.hoogstra-autosport.nl\/","name":"Hoogstra Autosport","description":"Performance Autosport Parts!","potentialAction":[{"@type":"SearchAction","target":{"@type":"EntryPoint","urlTemplate":"https:\/\/www.hoogstra-autosport.nl\/?s={search_term_string}"},"query-input":{"@type":"PropertyValueSpecification","valueRequired":true,"valueName":"search_term_string"}}],"inLanguage":"fr-FR"}]}},"tiered_pricing_type":"fixed","tiered_pricing_fixed_rules":[],"tiered_pricing_product_settings":{"layout":"default","base_unit_name":{"singular":null,"plural":null},"default_variation":null},"tiered_pricing_minimum_quantity":null,"tiered_pricing_roles_data":[],"tiered_pricing_percentage_rules":[],"tiered_pricing_maximum_quantity":null,"tiered_pricing_quantity_step":null,"_links":{"self":[{"href":"https:\/\/www.hoogstra-autosport.nl\/fr\/wp-json\/wp\/v2\/product\/50000","targetHints":{"allow":["GET"]}}],"collection":[{"href":"https:\/\/www.hoogstra-autosport.nl\/fr\/wp-json\/wp\/v2\/product"}],"about":[{"href":"https:\/\/www.hoogstra-autosport.nl\/fr\/wp-json\/wp\/v2\/types\/product"}],"wp:featuredmedia":[{"embeddable":true,"href":"https:\/\/www.hoogstra-autosport.nl\/fr\/wp-json\/wp\/v2\/media\/50001"}],"wp:attachment":[{"href":"https:\/\/www.hoogstra-autosport.nl\/fr\/wp-json\/wp\/v2\/media?parent=50000"}],"wp:term":[{"taxonomy":"product_brand","embeddable":true,"href":"https:\/\/www.hoogstra-autosport.nl\/fr\/wp-json\/wp\/v2\/product_brand?post=50000"},{"taxonomy":"product_cat","embeddable":true,"href":"https:\/\/www.hoogstra-autosport.nl\/fr\/wp-json\/wp\/v2\/product_cat?post=50000"},{"taxonomy":"product_tag","embeddable":true,"href":"https:\/\/www.hoogstra-autosport.nl\/fr\/wp-json\/wp\/v2\/product_tag?post=50000"}],"curies":[{"name":"wp","href":"https:\/\/api.w.org\/{rel}","templated":true}]}}