{"id":49782,"date":"2022-09-21T16:29:00","date_gmt":"2022-09-21T14:29:00","guid":{"rendered":"https:\/\/www.hoogstra-autosport.nl\/?post_type=product&#038;p=49782"},"modified":"2025-11-13T16:20:31","modified_gmt":"2025-11-13T15:20:31","slug":"omp-tecnica-hybrid-fia-overall-silver","status":"publish","type":"product","link":"https:\/\/www.hoogstra-autosport.nl\/fr\/produit\/omp-tecnica-hybrid-fia-overall-silver\/","title":{"rendered":"OMP Technica Hybrid Overall Zilver"},"content":{"rendered":"<p>Les combinaisons professionnelles utilisent des tissus Nomex traditionnels m\u00e9lang\u00e9s \u00e0 des inserts imprim\u00e9s de haute technologie et \u00e0 des d\u00e9tails brod\u00e9s de haute qualit\u00e9.<br \/>\nManches flottantes avec insert \u00e9lastique, insert \u00e9lastique tricot\u00e9 au dos pour une libert\u00e9 de mouvement maximale.<br \/>\nCol form\u00e9 avec un tissu tricot\u00e9 doux \u00e0 l'int\u00e9rieur.<br \/>\nCeinture r\u00e9glable par velcro.<br \/>\nLes coutures antifriction ultraplates et l'insert souple \u00e0 l'aine garantissent un confort maximal.<br \/>\nInserts respirants sur les hanches et sous les manches.<br \/>\nPoches avec coupe diagonale sur le devant.<br \/>\nCouture \u00e0 chevrons.<\/p>","protected":false},"excerpt":{"rendered":"<p>Professionele overall maakt gebruik van traditionele Nomex-stoffen vermengd met high-tech bedrukte inzetstukken en geborduurde details van hoge kwaliteit. Zwevende mouwen met elastische inzetstuk, gebreide elastische inzet op de rug voor maximale bewegingsvrijheid. Gevormde kraag met zachte gebreide stof aan de binnenkant. Verstelbare riem met klittenband. Ultraplatte anti-wrijfnaden en zachte inzet op de lies garanderen maximaal [&hellip;]<\/p>\n","protected":false},"featured_media":92919,"template":"","meta":{"_acf_changed":false},"product_brand":[],"product_cat":[2879],"product_tag":[],"class_list":{"0":"post-49782","1":"product","2":"type-product","3":"status-publish","4":"has-post-thumbnail","6":"product_cat-omp-overalls-fia","7":"product_shipping_class-4016","9":"first","10":"instock","11":"taxable","12":"shipping-taxable","13":"purchasable","14":"product-type-variable"},"acf":[],"yoast_head":"<!-- This site is optimized with the Yoast SEO plugin v27.1.1 - https:\/\/yoast.com\/product\/yoast-seo-wordpress\/ -->\n<title>OMP Technica Hybrid Overall Zilver - Hoogstra Autosport<\/title>\n<meta name=\"robots\" content=\"index, follow, max-snippet:-1, max-image-preview:large, max-video-preview:-1\" \/>\n<link rel=\"canonical\" href=\"https:\/\/www.hoogstra-autosport.nl\/fr\/produit\/omp-tecnica-hybrid-fia-overall-silver\/\" \/>\n<meta property=\"og:locale\" content=\"fr_FR\" \/>\n<meta property=\"og:type\" content=\"article\" \/>\n<meta property=\"og:title\" content=\"OMP Technica Hybrid Overall Zilver - Hoogstra Autosport\" \/>\n<meta property=\"og:description\" content=\"Professionele overall maakt gebruik van traditionele Nomex-stoffen vermengd met high-tech bedrukte inzetstukken en geborduurde details van hoge kwaliteit. Zwevende mouwen met elastische inzetstuk, gebreide elastische inzet op de rug voor maximale bewegingsvrijheid. Gevormde kraag met zachte gebreide stof aan de binnenkant. Verstelbare riem met klittenband. Ultraplatte anti-wrijfnaden en zachte inzet op de lies garanderen maximaal [&hellip;]\" \/>\n<meta property=\"og:url\" content=\"https:\/\/www.hoogstra-autosport.nl\/fr\/produit\/omp-tecnica-hybrid-fia-overall-silver\/\" \/>\n<meta property=\"og:site_name\" content=\"Hoogstra Autosport\" \/>\n<meta property=\"article:modified_time\" content=\"2025-11-13T15:20:31+00:00\" \/>\n<meta property=\"og:image\" content=\"https:\/\/www.hoogstra-autosport.nl\/teamkoen\/wp-content\/uploads\/2022\/09\/OMP-tecnica-hybrid-zilver.jpg\" \/>\n\t<meta property=\"og:image:width\" content=\"1080\" \/>\n\t<meta property=\"og:image:height\" content=\"1080\" \/>\n\t<meta property=\"og:image:type\" content=\"image\/jpeg\" \/>\n<meta name=\"twitter:card\" content=\"summary_large_image\" \/>\n<meta name=\"twitter:label1\" content=\"Dur\u00e9e de lecture estim\u00e9e\" \/>\n\t<meta name=\"twitter:data1\" content=\"1 minute\" \/>\n<script type=\"application\/ld+json\" class=\"yoast-schema-graph\">{\"@context\":\"https:\/\/schema.org\",\"@graph\":[{\"@type\":\"WebPage\",\"@id\":\"https:\/\/www.hoogstra-autosport.nl\/product\/omp-tecnica-hybrid-fia-overall-silver\/\",\"url\":\"https:\/\/www.hoogstra-autosport.nl\/product\/omp-tecnica-hybrid-fia-overall-silver\/\",\"name\":\"OMP Technica Hybrid Overall Zilver - Hoogstra Autosport\",\"isPartOf\":{\"@id\":\"https:\/\/www.hoogstra-autosport.nl\/#website\"},\"primaryImageOfPage\":{\"@id\":\"https:\/\/www.hoogstra-autosport.nl\/product\/omp-tecnica-hybrid-fia-overall-silver\/#primaryimage\"},\"image\":{\"@id\":\"https:\/\/www.hoogstra-autosport.nl\/product\/omp-tecnica-hybrid-fia-overall-silver\/#primaryimage\"},\"thumbnailUrl\":\"https:\/\/www.hoogstra-autosport.nl\/teamkoen\/wp-content\/uploads\/2022\/09\/OMP-tecnica-hybrid-zilver.jpg\",\"datePublished\":\"2022-09-21T14:29:00+00:00\",\"dateModified\":\"2025-11-13T15:20:31+00:00\",\"breadcrumb\":{\"@id\":\"https:\/\/www.hoogstra-autosport.nl\/product\/omp-tecnica-hybrid-fia-overall-silver\/#breadcrumb\"},\"inLanguage\":\"fr-FR\",\"potentialAction\":[{\"@type\":\"ReadAction\",\"target\":[\"https:\/\/www.hoogstra-autosport.nl\/product\/omp-tecnica-hybrid-fia-overall-silver\/\"]}]},{\"@type\":\"ImageObject\",\"inLanguage\":\"fr-FR\",\"@id\":\"https:\/\/www.hoogstra-autosport.nl\/product\/omp-tecnica-hybrid-fia-overall-silver\/#primaryimage\",\"url\":\"https:\/\/www.hoogstra-autosport.nl\/teamkoen\/wp-content\/uploads\/2022\/09\/OMP-tecnica-hybrid-zilver.jpg\",\"contentUrl\":\"https:\/\/www.hoogstra-autosport.nl\/teamkoen\/wp-content\/uploads\/2022\/09\/OMP-tecnica-hybrid-zilver.jpg\",\"width\":1080,\"height\":1080},{\"@type\":\"BreadcrumbList\",\"@id\":\"https:\/\/www.hoogstra-autosport.nl\/product\/omp-tecnica-hybrid-fia-overall-silver\/#breadcrumb\",\"itemListElement\":[{\"@type\":\"ListItem\",\"position\":1,\"name\":\"Home\",\"item\":\"https:\/\/www.hoogstra-autosport.nl\/\"},{\"@type\":\"ListItem\",\"position\":2,\"name\":\"Uitrusting\",\"item\":\"https:\/\/www.hoogstra-autosport.nl\/product-categorie\/autosport-kleding-helmen\/\"},{\"@type\":\"ListItem\",\"position\":3,\"name\":\"Autosport Kleding\",\"item\":\"https:\/\/www.hoogstra-autosport.nl\/product-categorie\/autosport-kleding-helmen\/autosport-kleding\/\"},{\"@type\":\"ListItem\",\"position\":4,\"name\":\"Overalls\",\"item\":\"https:\/\/www.hoogstra-autosport.nl\/product-categorie\/autosport-kleding-helmen\/autosport-kleding\/overalls\/\"},{\"@type\":\"ListItem\",\"position\":5,\"name\":\"FIA Autosportoveralls\",\"item\":\"https:\/\/www.hoogstra-autosport.nl\/product-categorie\/autosport-kleding-helmen\/autosport-kleding\/overalls\/fia-autosportoveralls\/\"},{\"@type\":\"ListItem\",\"position\":6,\"name\":\"OMP Overalls FIA\",\"item\":\"https:\/\/www.hoogstra-autosport.nl\/product-categorie\/autosport-kleding-helmen\/autosport-kleding\/overalls\/fia-autosportoveralls\/omp-overalls-fia\/\"},{\"@type\":\"ListItem\",\"position\":7,\"name\":\"OMP Technica Hybrid Overall Zilver\"}]},{\"@type\":\"WebSite\",\"@id\":\"https:\/\/www.hoogstra-autosport.nl\/#website\",\"url\":\"https:\/\/www.hoogstra-autosport.nl\/\",\"name\":\"Hoogstra Autosport\",\"description\":\"Performance Autosport Parts!\",\"potentialAction\":[{\"@type\":\"SearchAction\",\"target\":{\"@type\":\"EntryPoint\",\"urlTemplate\":\"https:\/\/www.hoogstra-autosport.nl\/?s={search_term_string}\"},\"query-input\":{\"@type\":\"PropertyValueSpecification\",\"valueRequired\":true,\"valueName\":\"search_term_string\"}}],\"inLanguage\":\"fr-FR\"}]}<\/script>\n<!-- \/ Yoast SEO plugin. -->","yoast_head_json":{"title":"OMP Technica Hybrid Overall Zilver - Hoogstra Autosport","robots":{"index":"index","follow":"follow","max-snippet":"max-snippet:-1","max-image-preview":"max-image-preview:large","max-video-preview":"max-video-preview:-1"},"canonical":"https:\/\/www.hoogstra-autosport.nl\/fr\/produit\/omp-tecnica-hybrid-fia-overall-silver\/","og_locale":"fr_FR","og_type":"article","og_title":"OMP Technica Hybrid Overall Zilver - Hoogstra Autosport","og_description":"Professionele overall maakt gebruik van traditionele Nomex-stoffen vermengd met high-tech bedrukte inzetstukken en geborduurde details van hoge kwaliteit. Zwevende mouwen met elastische inzetstuk, gebreide elastische inzet op de rug voor maximale bewegingsvrijheid. Gevormde kraag met zachte gebreide stof aan de binnenkant. Verstelbare riem met klittenband. Ultraplatte anti-wrijfnaden en zachte inzet op de lies garanderen maximaal [&hellip;]","og_url":"https:\/\/www.hoogstra-autosport.nl\/fr\/produit\/omp-tecnica-hybrid-fia-overall-silver\/","og_site_name":"Hoogstra Autosport","article_modified_time":"2025-11-13T15:20:31+00:00","og_image":[{"width":1080,"height":1080,"url":"https:\/\/www.hoogstra-autosport.nl\/teamkoen\/wp-content\/uploads\/2022\/09\/OMP-tecnica-hybrid-zilver.jpg","type":"image\/jpeg"}],"twitter_card":"summary_large_image","twitter_misc":{"Dur\u00e9e de lecture estim\u00e9e":"1 minute"},"schema":{"@context":"https:\/\/schema.org","@graph":[{"@type":"WebPage","@id":"https:\/\/www.hoogstra-autosport.nl\/product\/omp-tecnica-hybrid-fia-overall-silver\/","url":"https:\/\/www.hoogstra-autosport.nl\/product\/omp-tecnica-hybrid-fia-overall-silver\/","name":"OMP Technica Hybrid Overall Zilver - Hoogstra Autosport","isPartOf":{"@id":"https:\/\/www.hoogstra-autosport.nl\/#website"},"primaryImageOfPage":{"@id":"https:\/\/www.hoogstra-autosport.nl\/product\/omp-tecnica-hybrid-fia-overall-silver\/#primaryimage"},"image":{"@id":"https:\/\/www.hoogstra-autosport.nl\/product\/omp-tecnica-hybrid-fia-overall-silver\/#primaryimage"},"thumbnailUrl":"https:\/\/www.hoogstra-autosport.nl\/teamkoen\/wp-content\/uploads\/2022\/09\/OMP-tecnica-hybrid-zilver.jpg","datePublished":"2022-09-21T14:29:00+00:00","dateModified":"2025-11-13T15:20:31+00:00","breadcrumb":{"@id":"https:\/\/www.hoogstra-autosport.nl\/product\/omp-tecnica-hybrid-fia-overall-silver\/#breadcrumb"},"inLanguage":"fr-FR","potentialAction":[{"@type":"ReadAction","target":["https:\/\/www.hoogstra-autosport.nl\/product\/omp-tecnica-hybrid-fia-overall-silver\/"]}]},{"@type":"ImageObject","inLanguage":"fr-FR","@id":"https:\/\/www.hoogstra-autosport.nl\/product\/omp-tecnica-hybrid-fia-overall-silver\/#primaryimage","url":"https:\/\/www.hoogstra-autosport.nl\/teamkoen\/wp-content\/uploads\/2022\/09\/OMP-tecnica-hybrid-zilver.jpg","contentUrl":"https:\/\/www.hoogstra-autosport.nl\/teamkoen\/wp-content\/uploads\/2022\/09\/OMP-tecnica-hybrid-zilver.jpg","width":1080,"height":1080},{"@type":"BreadcrumbList","@id":"https:\/\/www.hoogstra-autosport.nl\/product\/omp-tecnica-hybrid-fia-overall-silver\/#breadcrumb","itemListElement":[{"@type":"ListItem","position":1,"name":"Home","item":"https:\/\/www.hoogstra-autosport.nl\/"},{"@type":"ListItem","position":2,"name":"Uitrusting","item":"https:\/\/www.hoogstra-autosport.nl\/product-categorie\/autosport-kleding-helmen\/"},{"@type":"ListItem","position":3,"name":"Autosport Kleding","item":"https:\/\/www.hoogstra-autosport.nl\/product-categorie\/autosport-kleding-helmen\/autosport-kleding\/"},{"@type":"ListItem","position":4,"name":"Overalls","item":"https:\/\/www.hoogstra-autosport.nl\/product-categorie\/autosport-kleding-helmen\/autosport-kleding\/overalls\/"},{"@type":"ListItem","position":5,"name":"FIA Autosportoveralls","item":"https:\/\/www.hoogstra-autosport.nl\/product-categorie\/autosport-kleding-helmen\/autosport-kleding\/overalls\/fia-autosportoveralls\/"},{"@type":"ListItem","position":6,"name":"OMP Overalls FIA","item":"https:\/\/www.hoogstra-autosport.nl\/product-categorie\/autosport-kleding-helmen\/autosport-kleding\/overalls\/fia-autosportoveralls\/omp-overalls-fia\/"},{"@type":"ListItem","position":7,"name":"OMP Technica Hybrid Overall Zilver"}]},{"@type":"WebSite","@id":"https:\/\/www.hoogstra-autosport.nl\/#website","url":"https:\/\/www.hoogstra-autosport.nl\/","name":"Hoogstra Autosport","description":"Performance Autosport Parts!","potentialAction":[{"@type":"SearchAction","target":{"@type":"EntryPoint","urlTemplate":"https:\/\/www.hoogstra-autosport.nl\/?s={search_term_string}"},"query-input":{"@type":"PropertyValueSpecification","valueRequired":true,"valueName":"search_term_string"}}],"inLanguage":"fr-FR"}]}},"tiered_pricing_type":"fixed","tiered_pricing_fixed_rules":[],"tiered_pricing_product_settings":{"layout":"default","base_unit_name":{"singular":null,"plural":null},"default_variation":null},"tiered_pricing_minimum_quantity":null,"tiered_pricing_roles_data":[],"tiered_pricing_percentage_rules":[],"tiered_pricing_maximum_quantity":null,"tiered_pricing_quantity_step":null,"_links":{"self":[{"href":"https:\/\/www.hoogstra-autosport.nl\/fr\/wp-json\/wp\/v2\/product\/49782","targetHints":{"allow":["GET"]}}],"collection":[{"href":"https:\/\/www.hoogstra-autosport.nl\/fr\/wp-json\/wp\/v2\/product"}],"about":[{"href":"https:\/\/www.hoogstra-autosport.nl\/fr\/wp-json\/wp\/v2\/types\/product"}],"wp:featuredmedia":[{"embeddable":true,"href":"https:\/\/www.hoogstra-autosport.nl\/fr\/wp-json\/wp\/v2\/media\/92919"}],"wp:attachment":[{"href":"https:\/\/www.hoogstra-autosport.nl\/fr\/wp-json\/wp\/v2\/media?parent=49782"}],"wp:term":[{"taxonomy":"product_brand","embeddable":true,"href":"https:\/\/www.hoogstra-autosport.nl\/fr\/wp-json\/wp\/v2\/product_brand?post=49782"},{"taxonomy":"product_cat","embeddable":true,"href":"https:\/\/www.hoogstra-autosport.nl\/fr\/wp-json\/wp\/v2\/product_cat?post=49782"},{"taxonomy":"product_tag","embeddable":true,"href":"https:\/\/www.hoogstra-autosport.nl\/fr\/wp-json\/wp\/v2\/product_tag?post=49782"}],"curies":[{"name":"wp","href":"https:\/\/api.w.org\/{rel}","templated":true}]}}