{"id":48524,"date":"2022-07-12T15:01:47","date_gmt":"2022-07-12T13:01:47","guid":{"rendered":"https:\/\/www.hoogstra-autosport.nl\/?post_type=product&#038;p=48524"},"modified":"2024-01-20T13:11:49","modified_gmt":"2024-01-20T12:11:49","slug":"siliconen-koppelstuk-benzine-en-olie-bestendig","status":"publish","type":"product","link":"https:\/\/www.hoogstra-autosport.nl\/fr\/produit\/siliconen-koppelstuk-benzine-en-olie-bestendig\/","title":{"rendered":"Connecteur en silicone (r\u00e9sistant \u00e0 l'essence et \u00e0 l'huile)"},"content":{"rendered":"<p>Raccords droits en silicone pour l'essence et l'huile.<\/p>\n<p>Le coupleur droit r\u00e9sistant aux carburants est dot\u00e9 d'un rev\u00eatement interne en fluorine. Cela garantit que ces raccords r\u00e9sistent \u00e0 l'essence et \u00e0 l'huile qui les traversent.<\/p>\n<p>Ces raccords conviennent parfaitement \u00e0 l'\u00e9coulement de l'huile et\/ou de l'essence. Toutefois, il est d\u00e9conseill\u00e9 de laisser constamment du liquide dans les raccords.<\/p>\n<p>&nbsp;<\/p>\n<p>La taille indiqu\u00e9e correspond au diam\u00e8tre interne (diam\u00e8tre int\u00e9rieur) des raccords en silicone.<\/p>\n<p>Disponible en stock dans les diam\u00e8tres 51 mm + 57 mm et dans les couleurs bleu ou noir.<\/p>\n<p>&nbsp;<\/p>\n<p>Applicable pour :<\/p>\n<p>Industriel - Autosport - Autoracing - Autotuning - Autorally - Camion - Moto - Offroad - Agriculture - Horticulture - Moteur diesel - Moteur essence - Moteur turbo<\/p>","protected":false},"excerpt":{"rendered":"<p>Silicone rechte koppelstukken voor benzine en olie. De brandstofbestendige rechte koppelstuk heeft een inwendige fluor coating. Dit zorgt ervoor dat deze koppelstukken bestendig zijn tegen de benzine en olie wat er doorheen loopt. Deze koppelstukken zijn uitermate geschikt voor de doorstroom van olie- en\/of benzine toevoer. Wij raden echter niet aan om constant de vloeistof [&hellip;]<\/p>\n","protected":false},"featured_media":48529,"template":"","meta":{"_acf_changed":false},"product_brand":[],"product_cat":[3799],"product_tag":[],"class_list":{"0":"post-48524","1":"product","2":"type-product","3":"status-publish","4":"has-post-thumbnail","6":"product_cat-olie-brandstof-bestendige-slang","7":"product_shipping_class-4016","9":"first","10":"instock","11":"taxable","12":"shipping-taxable","13":"purchasable","14":"product-type-variable"},"acf":[],"yoast_head":"<!-- This site is optimized with the Yoast SEO plugin v27.1.1 - https:\/\/yoast.com\/product\/yoast-seo-wordpress\/ -->\n<title>Siliconen koppelstuk (benzine en olie bestendig) - Hoogstra Autosport<\/title>\n<meta name=\"robots\" content=\"index, follow, max-snippet:-1, max-image-preview:large, max-video-preview:-1\" \/>\n<link rel=\"canonical\" href=\"https:\/\/www.hoogstra-autosport.nl\/fr\/produit\/siliconen-koppelstuk-benzine-en-olie-bestendig\/\" \/>\n<meta property=\"og:locale\" content=\"fr_FR\" \/>\n<meta property=\"og:type\" content=\"article\" \/>\n<meta property=\"og:title\" content=\"Siliconen koppelstuk (benzine en olie bestendig) - Hoogstra Autosport\" \/>\n<meta property=\"og:description\" content=\"Silicone rechte koppelstukken voor benzine en olie. De brandstofbestendige rechte koppelstuk heeft een inwendige fluor coating. Dit zorgt ervoor dat deze koppelstukken bestendig zijn tegen de benzine en olie wat er doorheen loopt. Deze koppelstukken zijn uitermate geschikt voor de doorstroom van olie- en\/of benzine toevoer. Wij raden echter niet aan om constant de vloeistof [&hellip;]\" \/>\n<meta property=\"og:url\" content=\"https:\/\/www.hoogstra-autosport.nl\/fr\/produit\/siliconen-koppelstuk-benzine-en-olie-bestendig\/\" \/>\n<meta property=\"og:site_name\" content=\"Hoogstra Autosport\" \/>\n<meta property=\"article:modified_time\" content=\"2024-01-20T12:11:49+00:00\" \/>\n<meta property=\"og:image\" content=\"https:\/\/www.hoogstra-autosport.nl\/teamkoen\/content\/uploads\/2022\/07\/Snapchat-91145166.jpg\" \/>\n\t<meta property=\"og:image:width\" content=\"986\" \/>\n\t<meta property=\"og:image:height\" content=\"986\" \/>\n\t<meta property=\"og:image:type\" content=\"image\/jpeg\" \/>\n<meta name=\"twitter:card\" content=\"summary_large_image\" \/>\n<meta name=\"twitter:label1\" content=\"Dur\u00e9e de lecture estim\u00e9e\" \/>\n\t<meta name=\"twitter:data1\" content=\"1 minute\" \/>\n<script type=\"application\/ld+json\" class=\"yoast-schema-graph\">{\"@context\":\"https:\/\/schema.org\",\"@graph\":[{\"@type\":\"WebPage\",\"@id\":\"https:\/\/www.hoogstra-autosport.nl\/product\/siliconen-koppelstuk-benzine-en-olie-bestendig\/\",\"url\":\"https:\/\/www.hoogstra-autosport.nl\/product\/siliconen-koppelstuk-benzine-en-olie-bestendig\/\",\"name\":\"Siliconen koppelstuk (benzine en olie bestendig) - Hoogstra Autosport\",\"isPartOf\":{\"@id\":\"https:\/\/www.hoogstra-autosport.nl\/#website\"},\"primaryImageOfPage\":{\"@id\":\"https:\/\/www.hoogstra-autosport.nl\/product\/siliconen-koppelstuk-benzine-en-olie-bestendig\/#primaryimage\"},\"image\":{\"@id\":\"https:\/\/www.hoogstra-autosport.nl\/product\/siliconen-koppelstuk-benzine-en-olie-bestendig\/#primaryimage\"},\"thumbnailUrl\":\"https:\/\/www.hoogstra-autosport.nl\/teamkoen\/wp-content\/uploads\/2022\/07\/Snapchat-91145166.jpg\",\"datePublished\":\"2022-07-12T13:01:47+00:00\",\"dateModified\":\"2024-01-20T12:11:49+00:00\",\"breadcrumb\":{\"@id\":\"https:\/\/www.hoogstra-autosport.nl\/product\/siliconen-koppelstuk-benzine-en-olie-bestendig\/#breadcrumb\"},\"inLanguage\":\"fr-FR\",\"potentialAction\":[{\"@type\":\"ReadAction\",\"target\":[\"https:\/\/www.hoogstra-autosport.nl\/product\/siliconen-koppelstuk-benzine-en-olie-bestendig\/\"]}]},{\"@type\":\"ImageObject\",\"inLanguage\":\"fr-FR\",\"@id\":\"https:\/\/www.hoogstra-autosport.nl\/product\/siliconen-koppelstuk-benzine-en-olie-bestendig\/#primaryimage\",\"url\":\"https:\/\/www.hoogstra-autosport.nl\/teamkoen\/wp-content\/uploads\/2022\/07\/Snapchat-91145166.jpg\",\"contentUrl\":\"https:\/\/www.hoogstra-autosport.nl\/teamkoen\/wp-content\/uploads\/2022\/07\/Snapchat-91145166.jpg\",\"width\":986,\"height\":986},{\"@type\":\"BreadcrumbList\",\"@id\":\"https:\/\/www.hoogstra-autosport.nl\/product\/siliconen-koppelstuk-benzine-en-olie-bestendig\/#breadcrumb\",\"itemListElement\":[{\"@type\":\"ListItem\",\"position\":1,\"name\":\"Home\",\"item\":\"https:\/\/www.hoogstra-autosport.nl\/\"},{\"@type\":\"ListItem\",\"position\":2,\"name\":\"Koeling &amp; Luchtfilters\",\"item\":\"https:\/\/www.hoogstra-autosport.nl\/product-categorie\/koeling-2\/\"},{\"@type\":\"ListItem\",\"position\":3,\"name\":\"Koeling\",\"item\":\"https:\/\/www.hoogstra-autosport.nl\/product-categorie\/koeling-2\/koeling\/\"},{\"@type\":\"ListItem\",\"position\":4,\"name\":\"Koel Slangen \/ Silicone Slangen\",\"item\":\"https:\/\/www.hoogstra-autosport.nl\/product-categorie\/koeling-2\/koeling\/koel-slangen\/\"},{\"@type\":\"ListItem\",\"position\":5,\"name\":\"Olie Brandstof Bestendige Slang\",\"item\":\"https:\/\/www.hoogstra-autosport.nl\/product-categorie\/koeling-2\/koeling\/koel-slangen\/olie-brandstof-bestendige-slang\/\"},{\"@type\":\"ListItem\",\"position\":6,\"name\":\"Siliconen koppelstuk (benzine en olie bestendig)\"}]},{\"@type\":\"WebSite\",\"@id\":\"https:\/\/www.hoogstra-autosport.nl\/#website\",\"url\":\"https:\/\/www.hoogstra-autosport.nl\/\",\"name\":\"Hoogstra Autosport\",\"description\":\"Performance Autosport Parts!\",\"potentialAction\":[{\"@type\":\"SearchAction\",\"target\":{\"@type\":\"EntryPoint\",\"urlTemplate\":\"https:\/\/www.hoogstra-autosport.nl\/?s={search_term_string}\"},\"query-input\":{\"@type\":\"PropertyValueSpecification\",\"valueRequired\":true,\"valueName\":\"search_term_string\"}}],\"inLanguage\":\"fr-FR\"}]}<\/script>\n<!-- \/ Yoast SEO plugin. -->","yoast_head_json":{"title":"Siliconen koppelstuk (benzine en olie bestendig) - Hoogstra Autosport","robots":{"index":"index","follow":"follow","max-snippet":"max-snippet:-1","max-image-preview":"max-image-preview:large","max-video-preview":"max-video-preview:-1"},"canonical":"https:\/\/www.hoogstra-autosport.nl\/fr\/produit\/siliconen-koppelstuk-benzine-en-olie-bestendig\/","og_locale":"fr_FR","og_type":"article","og_title":"Siliconen koppelstuk (benzine en olie bestendig) - Hoogstra Autosport","og_description":"Silicone rechte koppelstukken voor benzine en olie. De brandstofbestendige rechte koppelstuk heeft een inwendige fluor coating. Dit zorgt ervoor dat deze koppelstukken bestendig zijn tegen de benzine en olie wat er doorheen loopt. Deze koppelstukken zijn uitermate geschikt voor de doorstroom van olie- en\/of benzine toevoer. Wij raden echter niet aan om constant de vloeistof [&hellip;]","og_url":"https:\/\/www.hoogstra-autosport.nl\/fr\/produit\/siliconen-koppelstuk-benzine-en-olie-bestendig\/","og_site_name":"Hoogstra Autosport","article_modified_time":"2024-01-20T12:11:49+00:00","og_image":[{"width":986,"height":986,"url":"https:\/\/www.hoogstra-autosport.nl\/teamkoen\/content\/uploads\/2022\/07\/Snapchat-91145166.jpg","type":"image\/jpeg"}],"twitter_card":"summary_large_image","twitter_misc":{"Dur\u00e9e de lecture estim\u00e9e":"1 minute"},"schema":{"@context":"https:\/\/schema.org","@graph":[{"@type":"WebPage","@id":"https:\/\/www.hoogstra-autosport.nl\/product\/siliconen-koppelstuk-benzine-en-olie-bestendig\/","url":"https:\/\/www.hoogstra-autosport.nl\/product\/siliconen-koppelstuk-benzine-en-olie-bestendig\/","name":"Siliconen koppelstuk (benzine en olie bestendig) - Hoogstra Autosport","isPartOf":{"@id":"https:\/\/www.hoogstra-autosport.nl\/#website"},"primaryImageOfPage":{"@id":"https:\/\/www.hoogstra-autosport.nl\/product\/siliconen-koppelstuk-benzine-en-olie-bestendig\/#primaryimage"},"image":{"@id":"https:\/\/www.hoogstra-autosport.nl\/product\/siliconen-koppelstuk-benzine-en-olie-bestendig\/#primaryimage"},"thumbnailUrl":"https:\/\/www.hoogstra-autosport.nl\/teamkoen\/wp-content\/uploads\/2022\/07\/Snapchat-91145166.jpg","datePublished":"2022-07-12T13:01:47+00:00","dateModified":"2024-01-20T12:11:49+00:00","breadcrumb":{"@id":"https:\/\/www.hoogstra-autosport.nl\/product\/siliconen-koppelstuk-benzine-en-olie-bestendig\/#breadcrumb"},"inLanguage":"fr-FR","potentialAction":[{"@type":"ReadAction","target":["https:\/\/www.hoogstra-autosport.nl\/product\/siliconen-koppelstuk-benzine-en-olie-bestendig\/"]}]},{"@type":"ImageObject","inLanguage":"fr-FR","@id":"https:\/\/www.hoogstra-autosport.nl\/product\/siliconen-koppelstuk-benzine-en-olie-bestendig\/#primaryimage","url":"https:\/\/www.hoogstra-autosport.nl\/teamkoen\/wp-content\/uploads\/2022\/07\/Snapchat-91145166.jpg","contentUrl":"https:\/\/www.hoogstra-autosport.nl\/teamkoen\/wp-content\/uploads\/2022\/07\/Snapchat-91145166.jpg","width":986,"height":986},{"@type":"BreadcrumbList","@id":"https:\/\/www.hoogstra-autosport.nl\/product\/siliconen-koppelstuk-benzine-en-olie-bestendig\/#breadcrumb","itemListElement":[{"@type":"ListItem","position":1,"name":"Home","item":"https:\/\/www.hoogstra-autosport.nl\/"},{"@type":"ListItem","position":2,"name":"Koeling &amp; Luchtfilters","item":"https:\/\/www.hoogstra-autosport.nl\/product-categorie\/koeling-2\/"},{"@type":"ListItem","position":3,"name":"Koeling","item":"https:\/\/www.hoogstra-autosport.nl\/product-categorie\/koeling-2\/koeling\/"},{"@type":"ListItem","position":4,"name":"Koel Slangen \/ Silicone Slangen","item":"https:\/\/www.hoogstra-autosport.nl\/product-categorie\/koeling-2\/koeling\/koel-slangen\/"},{"@type":"ListItem","position":5,"name":"Olie Brandstof Bestendige Slang","item":"https:\/\/www.hoogstra-autosport.nl\/product-categorie\/koeling-2\/koeling\/koel-slangen\/olie-brandstof-bestendige-slang\/"},{"@type":"ListItem","position":6,"name":"Siliconen koppelstuk (benzine en olie bestendig)"}]},{"@type":"WebSite","@id":"https:\/\/www.hoogstra-autosport.nl\/#website","url":"https:\/\/www.hoogstra-autosport.nl\/","name":"Hoogstra Autosport","description":"Performance Autosport Parts!","potentialAction":[{"@type":"SearchAction","target":{"@type":"EntryPoint","urlTemplate":"https:\/\/www.hoogstra-autosport.nl\/?s={search_term_string}"},"query-input":{"@type":"PropertyValueSpecification","valueRequired":true,"valueName":"search_term_string"}}],"inLanguage":"fr-FR"}]}},"tiered_pricing_type":"fixed","tiered_pricing_fixed_rules":[],"tiered_pricing_product_settings":{"layout":"default","base_unit_name":{"singular":null,"plural":null},"default_variation":null},"tiered_pricing_minimum_quantity":null,"tiered_pricing_roles_data":[],"tiered_pricing_percentage_rules":[],"tiered_pricing_maximum_quantity":null,"tiered_pricing_quantity_step":null,"_links":{"self":[{"href":"https:\/\/www.hoogstra-autosport.nl\/fr\/wp-json\/wp\/v2\/product\/48524","targetHints":{"allow":["GET"]}}],"collection":[{"href":"https:\/\/www.hoogstra-autosport.nl\/fr\/wp-json\/wp\/v2\/product"}],"about":[{"href":"https:\/\/www.hoogstra-autosport.nl\/fr\/wp-json\/wp\/v2\/types\/product"}],"wp:featuredmedia":[{"embeddable":true,"href":"https:\/\/www.hoogstra-autosport.nl\/fr\/wp-json\/wp\/v2\/media\/48529"}],"wp:attachment":[{"href":"https:\/\/www.hoogstra-autosport.nl\/fr\/wp-json\/wp\/v2\/media?parent=48524"}],"wp:term":[{"taxonomy":"product_brand","embeddable":true,"href":"https:\/\/www.hoogstra-autosport.nl\/fr\/wp-json\/wp\/v2\/product_brand?post=48524"},{"taxonomy":"product_cat","embeddable":true,"href":"https:\/\/www.hoogstra-autosport.nl\/fr\/wp-json\/wp\/v2\/product_cat?post=48524"},{"taxonomy":"product_tag","embeddable":true,"href":"https:\/\/www.hoogstra-autosport.nl\/fr\/wp-json\/wp\/v2\/product_tag?post=48524"}],"curies":[{"name":"wp","href":"https:\/\/api.w.org\/{rel}","templated":true}]}}