{"id":47767,"date":"2022-06-07T17:06:22","date_gmt":"2022-06-07T15:06:22","guid":{"rendered":"https:\/\/www.hoogstra-autosport.nl\/?post_type=product&#038;p=47767"},"modified":"2024-01-20T13:11:42","modified_gmt":"2024-01-20T12:11:42","slug":"eurol-specialty-racing-brake-fluid-1-liter","status":"publish","type":"product","link":"https:\/\/www.hoogstra-autosport.nl\/fr\/produit\/eurol-specialty-racing-brake-fluid-1-liter\/","title":{"rendered":"Eurol Specialty Racing Brake Fluid 500ML"},"content":{"rendered":"<p>Eurol Specialty Racing Brake Fluid est un liquide de frein de comp\u00e9tition enti\u00e8rement synth\u00e9tique bas\u00e9 sur la technologie Eurol SYNGIS. Cette technologie d'additifs garantit plus de puissance et une protection in\u00e9gal\u00e9e contre l'usure dans les conditions les plus extr\u00eames.<\/p>\n<p>Point d'\u00e9clair \u00e0 100 degr\u00e9s.<\/p>\n<p>500ML<\/p>","protected":false},"excerpt":{"rendered":"<p>Eurol Specialty Racing Brake Fluid is een volsynthetische racing remvloeistof gebaseerd op Eurol SYNGIS Technology. Deze additieventechnologie garandeert meer vermogen en onge\u00ebvenaarde bescherming tegen slijtage onder de meest extreme omstandigheden. Flash point bij 100 graden. 500ML<\/p>","protected":false},"featured_media":47768,"template":"","meta":{"_acf_changed":false},"product_brand":[],"product_cat":[4121,2732],"product_tag":[],"class_list":{"0":"post-47767","1":"product","2":"type-product","3":"status-publish","4":"has-post-thumbnail","6":"product_cat-eurol","7":"product_cat-versnellingsbak-olie-remvloeistof","8":"product_shipping_class-4016","10":"first","11":"instock","12":"taxable","13":"shipping-taxable","14":"purchasable","15":"product-type-simple"},"acf":[],"yoast_head":"<!-- This site is optimized with the Yoast SEO plugin v27.1.1 - https:\/\/yoast.com\/product\/yoast-seo-wordpress\/ -->\n<title>Eurol Specialty Racing Brake Fluid 500ML - Hoogstra Autosport<\/title>\n<meta name=\"robots\" content=\"index, follow, max-snippet:-1, max-image-preview:large, max-video-preview:-1\" \/>\n<link rel=\"canonical\" href=\"https:\/\/www.hoogstra-autosport.nl\/fr\/produit\/eurol-specialty-racing-brake-fluid-1-liter\/\" \/>\n<meta property=\"og:locale\" content=\"fr_FR\" \/>\n<meta property=\"og:type\" content=\"article\" \/>\n<meta property=\"og:title\" content=\"Eurol Specialty Racing Brake Fluid 500ML - Hoogstra Autosport\" \/>\n<meta property=\"og:description\" content=\"Eurol Specialty Racing Brake Fluid is een volsynthetische racing remvloeistof gebaseerd op Eurol SYNGIS Technology. Deze additieventechnologie garandeert meer vermogen en onge\u00ebvenaarde bescherming tegen slijtage onder de meest extreme omstandigheden. Flash point bij 100 graden. 500ML\" \/>\n<meta property=\"og:url\" content=\"https:\/\/www.hoogstra-autosport.nl\/fr\/produit\/eurol-specialty-racing-brake-fluid-1-liter\/\" \/>\n<meta property=\"og:site_name\" content=\"Hoogstra Autosport\" \/>\n<meta property=\"article:modified_time\" content=\"2024-01-20T12:11:42+00:00\" \/>\n<meta property=\"og:image\" content=\"https:\/\/www.hoogstra-autosport.nl\/teamkoen\/content\/uploads\/2022\/06\/S099006-500ML.png\" \/>\n\t<meta property=\"og:image:width\" content=\"320\" \/>\n\t<meta property=\"og:image:height\" content=\"800\" \/>\n\t<meta property=\"og:image:type\" content=\"image\/png\" \/>\n<meta name=\"twitter:card\" content=\"summary_large_image\" \/>\n<meta name=\"twitter:label1\" content=\"Dur\u00e9e de lecture estim\u00e9e\" \/>\n\t<meta name=\"twitter:data1\" content=\"1 minute\" \/>\n<script type=\"application\/ld+json\" class=\"yoast-schema-graph\">{\"@context\":\"https:\/\/schema.org\",\"@graph\":[{\"@type\":\"WebPage\",\"@id\":\"https:\/\/www.hoogstra-autosport.nl\/product\/eurol-specialty-racing-brake-fluid-1-liter\/\",\"url\":\"https:\/\/www.hoogstra-autosport.nl\/product\/eurol-specialty-racing-brake-fluid-1-liter\/\",\"name\":\"Eurol Specialty Racing Brake Fluid 500ML - Hoogstra Autosport\",\"isPartOf\":{\"@id\":\"https:\/\/www.hoogstra-autosport.nl\/#website\"},\"primaryImageOfPage\":{\"@id\":\"https:\/\/www.hoogstra-autosport.nl\/product\/eurol-specialty-racing-brake-fluid-1-liter\/#primaryimage\"},\"image\":{\"@id\":\"https:\/\/www.hoogstra-autosport.nl\/product\/eurol-specialty-racing-brake-fluid-1-liter\/#primaryimage\"},\"thumbnailUrl\":\"https:\/\/www.hoogstra-autosport.nl\/teamkoen\/wp-content\/uploads\/2022\/06\/S099006-500ML.png\",\"datePublished\":\"2022-06-07T15:06:22+00:00\",\"dateModified\":\"2024-01-20T12:11:42+00:00\",\"breadcrumb\":{\"@id\":\"https:\/\/www.hoogstra-autosport.nl\/product\/eurol-specialty-racing-brake-fluid-1-liter\/#breadcrumb\"},\"inLanguage\":\"fr-FR\",\"potentialAction\":[{\"@type\":\"ReadAction\",\"target\":[\"https:\/\/www.hoogstra-autosport.nl\/product\/eurol-specialty-racing-brake-fluid-1-liter\/\"]}]},{\"@type\":\"ImageObject\",\"inLanguage\":\"fr-FR\",\"@id\":\"https:\/\/www.hoogstra-autosport.nl\/product\/eurol-specialty-racing-brake-fluid-1-liter\/#primaryimage\",\"url\":\"https:\/\/www.hoogstra-autosport.nl\/teamkoen\/wp-content\/uploads\/2022\/06\/S099006-500ML.png\",\"contentUrl\":\"https:\/\/www.hoogstra-autosport.nl\/teamkoen\/wp-content\/uploads\/2022\/06\/S099006-500ML.png\",\"width\":320,\"height\":800},{\"@type\":\"BreadcrumbList\",\"@id\":\"https:\/\/www.hoogstra-autosport.nl\/product\/eurol-specialty-racing-brake-fluid-1-liter\/#breadcrumb\",\"itemListElement\":[{\"@type\":\"ListItem\",\"position\":1,\"name\":\"Home\",\"item\":\"https:\/\/www.hoogstra-autosport.nl\/\"},{\"@type\":\"ListItem\",\"position\":2,\"name\":\"Vloeistoffen\",\"item\":\"https:\/\/www.hoogstra-autosport.nl\/product-categorie\/olie-vetten\/\"},{\"@type\":\"ListItem\",\"position\":3,\"name\":\"Versnellingsbak Olie &amp; Remvloeistof\",\"item\":\"https:\/\/www.hoogstra-autosport.nl\/product-categorie\/olie-vetten\/versnellingsbak-olie-remvloeistof\/\"},{\"@type\":\"ListItem\",\"position\":4,\"name\":\"Eurol Specialty Racing Brake Fluid 500ML\"}]},{\"@type\":\"WebSite\",\"@id\":\"https:\/\/www.hoogstra-autosport.nl\/#website\",\"url\":\"https:\/\/www.hoogstra-autosport.nl\/\",\"name\":\"Hoogstra Autosport\",\"description\":\"Performance Autosport Parts!\",\"potentialAction\":[{\"@type\":\"SearchAction\",\"target\":{\"@type\":\"EntryPoint\",\"urlTemplate\":\"https:\/\/www.hoogstra-autosport.nl\/?s={search_term_string}\"},\"query-input\":{\"@type\":\"PropertyValueSpecification\",\"valueRequired\":true,\"valueName\":\"search_term_string\"}}],\"inLanguage\":\"fr-FR\"}]}<\/script>\n<!-- \/ Yoast SEO plugin. -->","yoast_head_json":{"title":"Eurol Specialty Racing Brake Fluid 500ML - Hoogstra Autosport","robots":{"index":"index","follow":"follow","max-snippet":"max-snippet:-1","max-image-preview":"max-image-preview:large","max-video-preview":"max-video-preview:-1"},"canonical":"https:\/\/www.hoogstra-autosport.nl\/fr\/produit\/eurol-specialty-racing-brake-fluid-1-liter\/","og_locale":"fr_FR","og_type":"article","og_title":"Eurol Specialty Racing Brake Fluid 500ML - Hoogstra Autosport","og_description":"Eurol Specialty Racing Brake Fluid is een volsynthetische racing remvloeistof gebaseerd op Eurol SYNGIS Technology. Deze additieventechnologie garandeert meer vermogen en onge\u00ebvenaarde bescherming tegen slijtage onder de meest extreme omstandigheden. Flash point bij 100 graden. 500ML","og_url":"https:\/\/www.hoogstra-autosport.nl\/fr\/produit\/eurol-specialty-racing-brake-fluid-1-liter\/","og_site_name":"Hoogstra Autosport","article_modified_time":"2024-01-20T12:11:42+00:00","og_image":[{"width":320,"height":800,"url":"https:\/\/www.hoogstra-autosport.nl\/teamkoen\/content\/uploads\/2022\/06\/S099006-500ML.png","type":"image\/png"}],"twitter_card":"summary_large_image","twitter_misc":{"Dur\u00e9e de lecture estim\u00e9e":"1 minute"},"schema":{"@context":"https:\/\/schema.org","@graph":[{"@type":"WebPage","@id":"https:\/\/www.hoogstra-autosport.nl\/product\/eurol-specialty-racing-brake-fluid-1-liter\/","url":"https:\/\/www.hoogstra-autosport.nl\/product\/eurol-specialty-racing-brake-fluid-1-liter\/","name":"Eurol Specialty Racing Brake Fluid 500ML - Hoogstra Autosport","isPartOf":{"@id":"https:\/\/www.hoogstra-autosport.nl\/#website"},"primaryImageOfPage":{"@id":"https:\/\/www.hoogstra-autosport.nl\/product\/eurol-specialty-racing-brake-fluid-1-liter\/#primaryimage"},"image":{"@id":"https:\/\/www.hoogstra-autosport.nl\/product\/eurol-specialty-racing-brake-fluid-1-liter\/#primaryimage"},"thumbnailUrl":"https:\/\/www.hoogstra-autosport.nl\/teamkoen\/wp-content\/uploads\/2022\/06\/S099006-500ML.png","datePublished":"2022-06-07T15:06:22+00:00","dateModified":"2024-01-20T12:11:42+00:00","breadcrumb":{"@id":"https:\/\/www.hoogstra-autosport.nl\/product\/eurol-specialty-racing-brake-fluid-1-liter\/#breadcrumb"},"inLanguage":"fr-FR","potentialAction":[{"@type":"ReadAction","target":["https:\/\/www.hoogstra-autosport.nl\/product\/eurol-specialty-racing-brake-fluid-1-liter\/"]}]},{"@type":"ImageObject","inLanguage":"fr-FR","@id":"https:\/\/www.hoogstra-autosport.nl\/product\/eurol-specialty-racing-brake-fluid-1-liter\/#primaryimage","url":"https:\/\/www.hoogstra-autosport.nl\/teamkoen\/wp-content\/uploads\/2022\/06\/S099006-500ML.png","contentUrl":"https:\/\/www.hoogstra-autosport.nl\/teamkoen\/wp-content\/uploads\/2022\/06\/S099006-500ML.png","width":320,"height":800},{"@type":"BreadcrumbList","@id":"https:\/\/www.hoogstra-autosport.nl\/product\/eurol-specialty-racing-brake-fluid-1-liter\/#breadcrumb","itemListElement":[{"@type":"ListItem","position":1,"name":"Home","item":"https:\/\/www.hoogstra-autosport.nl\/"},{"@type":"ListItem","position":2,"name":"Vloeistoffen","item":"https:\/\/www.hoogstra-autosport.nl\/product-categorie\/olie-vetten\/"},{"@type":"ListItem","position":3,"name":"Versnellingsbak Olie &amp; Remvloeistof","item":"https:\/\/www.hoogstra-autosport.nl\/product-categorie\/olie-vetten\/versnellingsbak-olie-remvloeistof\/"},{"@type":"ListItem","position":4,"name":"Eurol Specialty Racing Brake Fluid 500ML"}]},{"@type":"WebSite","@id":"https:\/\/www.hoogstra-autosport.nl\/#website","url":"https:\/\/www.hoogstra-autosport.nl\/","name":"Hoogstra Autosport","description":"Performance Autosport Parts!","potentialAction":[{"@type":"SearchAction","target":{"@type":"EntryPoint","urlTemplate":"https:\/\/www.hoogstra-autosport.nl\/?s={search_term_string}"},"query-input":{"@type":"PropertyValueSpecification","valueRequired":true,"valueName":"search_term_string"}}],"inLanguage":"fr-FR"}]}},"tiered_pricing_type":"fixed","tiered_pricing_fixed_rules":[],"tiered_pricing_product_settings":{"layout":"default","base_unit_name":{"singular":null,"plural":null},"default_variation":null},"tiered_pricing_minimum_quantity":null,"tiered_pricing_roles_data":[],"tiered_pricing_percentage_rules":[],"tiered_pricing_maximum_quantity":null,"tiered_pricing_quantity_step":null,"_links":{"self":[{"href":"https:\/\/www.hoogstra-autosport.nl\/fr\/wp-json\/wp\/v2\/product\/47767","targetHints":{"allow":["GET"]}}],"collection":[{"href":"https:\/\/www.hoogstra-autosport.nl\/fr\/wp-json\/wp\/v2\/product"}],"about":[{"href":"https:\/\/www.hoogstra-autosport.nl\/fr\/wp-json\/wp\/v2\/types\/product"}],"wp:featuredmedia":[{"embeddable":true,"href":"https:\/\/www.hoogstra-autosport.nl\/fr\/wp-json\/wp\/v2\/media\/47768"}],"wp:attachment":[{"href":"https:\/\/www.hoogstra-autosport.nl\/fr\/wp-json\/wp\/v2\/media?parent=47767"}],"wp:term":[{"taxonomy":"product_brand","embeddable":true,"href":"https:\/\/www.hoogstra-autosport.nl\/fr\/wp-json\/wp\/v2\/product_brand?post=47767"},{"taxonomy":"product_cat","embeddable":true,"href":"https:\/\/www.hoogstra-autosport.nl\/fr\/wp-json\/wp\/v2\/product_cat?post=47767"},{"taxonomy":"product_tag","embeddable":true,"href":"https:\/\/www.hoogstra-autosport.nl\/fr\/wp-json\/wp\/v2\/product_tag?post=47767"}],"curies":[{"name":"wp","href":"https:\/\/api.w.org\/{rel}","templated":true}]}}