{"id":47432,"date":"2022-05-23T15:55:11","date_gmt":"2022-05-23T13:55:11","guid":{"rendered":"https:\/\/www.hoogstra-autosport.nl\/?post_type=product&#038;p=47432"},"modified":"2025-12-12T10:24:50","modified_gmt":"2025-12-12T09:24:50","slug":"obp-racing-pedal-box-racing-series","status":"publish","type":"product","link":"https:\/\/www.hoogstra-autosport.nl\/fr\/produit\/obp-racing-pedal-box-racing-series\/","title":{"rendered":"OBP Racing Pedal Box Racing Series"},"content":{"rendered":"<p>A partir des commentaires des clients, OBP a produit ces bo\u00eetes de padel Racing Series red\u00e9velopp\u00e9es.<br \/>\nLes Racing Series sont 15% plus l\u00e9gers, 60% moins souples, nettement plus r\u00e9sistants et la friction dans la p\u00e9dale de frein est consid\u00e9rablement r\u00e9duite.<\/p>\n<p>Livr\u00e9 avec barre d'\u00e9quilibre.<\/p>\n<p><strong>Racing Series - Notre gamme phare de composants pour le sport automobile.<\/strong><\/p>\n<p>&nbsp;<\/p>\n<p>Avec le plus haut niveau d'ing\u00e9nierie, la toute nouvelle gamme \"Racing Series\" voit le jour. Ce syst\u00e8me de p\u00e9dales est le premier de la gamme, destin\u00e9 aux passionn\u00e9s de sport automobile qui recherchent un syst\u00e8me de p\u00e9dales optimal en termes de performances de freinage maximales et de r\u00e9duction de poids.<\/p>\n<p>&nbsp;<\/p>\n<p>Gr\u00e2ce \u00e0 l'optimisation de la topologie et \u00e0 l'analyse par \u00e9l\u00e9ments finis, nous avons obtenu la conception la plus efficace possible, ce qui a permis de cr\u00e9er un produit nettement plus rigide sans ajouter de masse.<\/p>\n<p>&nbsp;<\/p>\n<p>Nous avons con\u00e7u ce syst\u00e8me de p\u00e9dales en nous basant sur les commentaires des clients de la populaire PRO-RACE V2. Voici un r\u00e9sum\u00e9 pour vous donner un aper\u00e7u de ces am\u00e9liorations :<\/p>\n<p>&nbsp;<\/p>\n<ul>\n<li>Briquet 15%<\/li>\n<li>60% Plus rigide<\/li>\n<li>Augmentation significative de la capacit\u00e9 de charge maximale<\/li>\n<li>R\u00e9duction des pertes par frottement dans la p\u00e9dale de frein<\/li>\n<li>Augmentation significative de la durabilit\u00e9 et de la r\u00e9sistance aux charges lat\u00e9rales sur la p\u00e9dale d'acc\u00e9l\u00e9rateur<\/li>\n<li>Disponible en argent et en noir (finition textur\u00e9e Dark Matter)<\/li>\n<\/ul>\n<p>&nbsp;<\/p>\n<p>Il conserve \u00e9galement toutes les caract\u00e9ristiques et les possibilit\u00e9s de r\u00e9glage des syst\u00e8mes V2 PRO-RACE :<\/p>\n<p>&nbsp;<\/p>\n<ul>\n<li>Adaptation universelle<\/li>\n<li>P\u00e9dales en aluminium T6061 de qualit\u00e9 a\u00e9ronautique pour un gain de poids maximal<\/li>\n<li>R\u00e9glage multiple du coussin de la p\u00e9dale<\/li>\n<li>Fonctionne avec les ma\u00eetres-cylindres \u00e0 bride verticale ou d\u00e9cal\u00e9e<\/li>\n<li>Ratios de p\u00e9dalage r\u00e9glables<\/li>\n<li>Retour de l'acc\u00e9l\u00e9rateur r\u00e9glable<\/li>\n<li>La p\u00e9dale d'acc\u00e9l\u00e9rateur fonctionne avec un potentiom\u00e8tre lin\u00e9aire ou un c\u00e2ble (vendu s\u00e9par\u00e9ment).<\/li>\n<li>Garantie de 2 ans<\/li>\n<li>Fabriqu\u00e9 au Royaume-Uni par nos ing\u00e9nieurs qualifi\u00e9s<\/li>\n<\/ul>\n<p>&nbsp;<\/p>\n<ul>\n<li>Montage : montage en cloison<\/li>\n<li>Rapport de p\u00e9dale : 4,9:1 \/ 5,24:1<\/li>\n<li>Poids : 2,7 kg<\/li>\n<li>Barre biaise incluse<\/li>\n<\/ul>","protected":false},"excerpt":{"rendered":"<p>Uit geleverde feedback van klanten heeft OBP deze doorontwikkelde Racing Series padelboxen geproduceerd. De Racing Series zijn 15% lichter, zijn 60% minder buigzaam, significant sterker en is de frictie in het rempedaal sterk verminderd. Wordt geleverd met balansbar. Racing Series\u00a0&#8211; Our flagship\u00a0range of motorsport components. &nbsp; With the highest level of engineering comes the brand [&hellip;]<\/p>\n","protected":false},"featured_media":95184,"template":"","meta":{"_acf_changed":false},"product_brand":[],"product_cat":[2761],"product_tag":[],"class_list":{"0":"post-47432","1":"product","2":"type-product","3":"status-publish","4":"has-post-thumbnail","6":"product_cat-pedaal-boxen","7":"product_shipping_class-4016","9":"first","10":"instock","11":"taxable","12":"shipping-taxable","13":"purchasable","14":"product-type-simple"},"acf":[],"yoast_head":"<!-- This site is optimized with the Yoast SEO plugin v27.1.1 - https:\/\/yoast.com\/product\/yoast-seo-wordpress\/ -->\n<title>OBP Racing Pedal Box Racing Series - Hoogstra Autosport<\/title>\n<meta name=\"robots\" content=\"index, follow, max-snippet:-1, max-image-preview:large, max-video-preview:-1\" \/>\n<link rel=\"canonical\" href=\"https:\/\/www.hoogstra-autosport.nl\/fr\/produit\/obp-racing-pedal-box-racing-series\/\" \/>\n<meta property=\"og:locale\" content=\"fr_FR\" \/>\n<meta property=\"og:type\" content=\"article\" \/>\n<meta property=\"og:title\" content=\"OBP Racing Pedal Box Racing Series - Hoogstra Autosport\" \/>\n<meta property=\"og:description\" content=\"Uit geleverde feedback van klanten heeft OBP deze doorontwikkelde Racing Series padelboxen geproduceerd. De Racing Series zijn 15% lichter, zijn 60% minder buigzaam, significant sterker en is de frictie in het rempedaal sterk verminderd. Wordt geleverd met balansbar. Racing Series\u00a0&#8211; Our flagship\u00a0range of motorsport components. &nbsp; With the highest level of engineering comes the brand [&hellip;]\" \/>\n<meta property=\"og:url\" content=\"https:\/\/www.hoogstra-autosport.nl\/fr\/produit\/obp-racing-pedal-box-racing-series\/\" \/>\n<meta property=\"og:site_name\" content=\"Hoogstra Autosport\" \/>\n<meta property=\"article:modified_time\" content=\"2025-12-12T09:24:50+00:00\" \/>\n<meta property=\"og:image\" content=\"https:\/\/www.hoogstra-autosport.nl\/teamkoen\/wp-content\/uploads\/2022\/05\/Untitled-Project-66.jpg\" \/>\n\t<meta property=\"og:image:width\" content=\"1080\" \/>\n\t<meta property=\"og:image:height\" content=\"1080\" \/>\n\t<meta property=\"og:image:type\" content=\"image\/jpeg\" \/>\n<meta name=\"twitter:card\" content=\"summary_large_image\" \/>\n<meta name=\"twitter:label1\" content=\"Dur\u00e9e de lecture estim\u00e9e\" \/>\n\t<meta name=\"twitter:data1\" content=\"2 minutes\" \/>\n<script type=\"application\/ld+json\" class=\"yoast-schema-graph\">{\"@context\":\"https:\/\/schema.org\",\"@graph\":[{\"@type\":\"WebPage\",\"@id\":\"https:\/\/www.hoogstra-autosport.nl\/product\/obp-racing-pedal-box-racing-series\/\",\"url\":\"https:\/\/www.hoogstra-autosport.nl\/product\/obp-racing-pedal-box-racing-series\/\",\"name\":\"OBP Racing Pedal Box Racing Series - Hoogstra Autosport\",\"isPartOf\":{\"@id\":\"https:\/\/www.hoogstra-autosport.nl\/#website\"},\"primaryImageOfPage\":{\"@id\":\"https:\/\/www.hoogstra-autosport.nl\/product\/obp-racing-pedal-box-racing-series\/#primaryimage\"},\"image\":{\"@id\":\"https:\/\/www.hoogstra-autosport.nl\/product\/obp-racing-pedal-box-racing-series\/#primaryimage\"},\"thumbnailUrl\":\"https:\/\/www.hoogstra-autosport.nl\/teamkoen\/wp-content\/uploads\/2022\/05\/Untitled-Project-66.jpg\",\"datePublished\":\"2022-05-23T13:55:11+00:00\",\"dateModified\":\"2025-12-12T09:24:50+00:00\",\"breadcrumb\":{\"@id\":\"https:\/\/www.hoogstra-autosport.nl\/product\/obp-racing-pedal-box-racing-series\/#breadcrumb\"},\"inLanguage\":\"fr-FR\",\"potentialAction\":[{\"@type\":\"ReadAction\",\"target\":[\"https:\/\/www.hoogstra-autosport.nl\/product\/obp-racing-pedal-box-racing-series\/\"]}]},{\"@type\":\"ImageObject\",\"inLanguage\":\"fr-FR\",\"@id\":\"https:\/\/www.hoogstra-autosport.nl\/product\/obp-racing-pedal-box-racing-series\/#primaryimage\",\"url\":\"https:\/\/www.hoogstra-autosport.nl\/teamkoen\/wp-content\/uploads\/2022\/05\/Untitled-Project-66.jpg\",\"contentUrl\":\"https:\/\/www.hoogstra-autosport.nl\/teamkoen\/wp-content\/uploads\/2022\/05\/Untitled-Project-66.jpg\",\"width\":1080,\"height\":1080},{\"@type\":\"BreadcrumbList\",\"@id\":\"https:\/\/www.hoogstra-autosport.nl\/product\/obp-racing-pedal-box-racing-series\/#breadcrumb\",\"itemListElement\":[{\"@type\":\"ListItem\",\"position\":1,\"name\":\"Home\",\"item\":\"https:\/\/www.hoogstra-autosport.nl\/\"},{\"@type\":\"ListItem\",\"position\":2,\"name\":\"Remmen\",\"item\":\"https:\/\/www.hoogstra-autosport.nl\/product-categorie\/remmen-2\/\"},{\"@type\":\"ListItem\",\"position\":3,\"name\":\"Pedaal Boxen\",\"item\":\"https:\/\/www.hoogstra-autosport.nl\/product-categorie\/remmen-2\/pedaal-boxen\/\"},{\"@type\":\"ListItem\",\"position\":4,\"name\":\"OBP Racing Pedal Box Racing Series\"}]},{\"@type\":\"WebSite\",\"@id\":\"https:\/\/www.hoogstra-autosport.nl\/#website\",\"url\":\"https:\/\/www.hoogstra-autosport.nl\/\",\"name\":\"Hoogstra Autosport\",\"description\":\"Performance Autosport Parts!\",\"potentialAction\":[{\"@type\":\"SearchAction\",\"target\":{\"@type\":\"EntryPoint\",\"urlTemplate\":\"https:\/\/www.hoogstra-autosport.nl\/?s={search_term_string}\"},\"query-input\":{\"@type\":\"PropertyValueSpecification\",\"valueRequired\":true,\"valueName\":\"search_term_string\"}}],\"inLanguage\":\"fr-FR\"}]}<\/script>\n<!-- \/ Yoast SEO plugin. -->","yoast_head_json":{"title":"OBP Racing Pedal Box Racing Series - Hoogstra Autosport","robots":{"index":"index","follow":"follow","max-snippet":"max-snippet:-1","max-image-preview":"max-image-preview:large","max-video-preview":"max-video-preview:-1"},"canonical":"https:\/\/www.hoogstra-autosport.nl\/fr\/produit\/obp-racing-pedal-box-racing-series\/","og_locale":"fr_FR","og_type":"article","og_title":"OBP Racing Pedal Box Racing Series - Hoogstra Autosport","og_description":"Uit geleverde feedback van klanten heeft OBP deze doorontwikkelde Racing Series padelboxen geproduceerd. De Racing Series zijn 15% lichter, zijn 60% minder buigzaam, significant sterker en is de frictie in het rempedaal sterk verminderd. Wordt geleverd met balansbar. Racing Series\u00a0&#8211; Our flagship\u00a0range of motorsport components. &nbsp; With the highest level of engineering comes the brand [&hellip;]","og_url":"https:\/\/www.hoogstra-autosport.nl\/fr\/produit\/obp-racing-pedal-box-racing-series\/","og_site_name":"Hoogstra Autosport","article_modified_time":"2025-12-12T09:24:50+00:00","og_image":[{"width":1080,"height":1080,"url":"https:\/\/www.hoogstra-autosport.nl\/teamkoen\/wp-content\/uploads\/2022\/05\/Untitled-Project-66.jpg","type":"image\/jpeg"}],"twitter_card":"summary_large_image","twitter_misc":{"Dur\u00e9e de lecture estim\u00e9e":"2 minutes"},"schema":{"@context":"https:\/\/schema.org","@graph":[{"@type":"WebPage","@id":"https:\/\/www.hoogstra-autosport.nl\/product\/obp-racing-pedal-box-racing-series\/","url":"https:\/\/www.hoogstra-autosport.nl\/product\/obp-racing-pedal-box-racing-series\/","name":"OBP Racing Pedal Box Racing Series - Hoogstra Autosport","isPartOf":{"@id":"https:\/\/www.hoogstra-autosport.nl\/#website"},"primaryImageOfPage":{"@id":"https:\/\/www.hoogstra-autosport.nl\/product\/obp-racing-pedal-box-racing-series\/#primaryimage"},"image":{"@id":"https:\/\/www.hoogstra-autosport.nl\/product\/obp-racing-pedal-box-racing-series\/#primaryimage"},"thumbnailUrl":"https:\/\/www.hoogstra-autosport.nl\/teamkoen\/wp-content\/uploads\/2022\/05\/Untitled-Project-66.jpg","datePublished":"2022-05-23T13:55:11+00:00","dateModified":"2025-12-12T09:24:50+00:00","breadcrumb":{"@id":"https:\/\/www.hoogstra-autosport.nl\/product\/obp-racing-pedal-box-racing-series\/#breadcrumb"},"inLanguage":"fr-FR","potentialAction":[{"@type":"ReadAction","target":["https:\/\/www.hoogstra-autosport.nl\/product\/obp-racing-pedal-box-racing-series\/"]}]},{"@type":"ImageObject","inLanguage":"fr-FR","@id":"https:\/\/www.hoogstra-autosport.nl\/product\/obp-racing-pedal-box-racing-series\/#primaryimage","url":"https:\/\/www.hoogstra-autosport.nl\/teamkoen\/wp-content\/uploads\/2022\/05\/Untitled-Project-66.jpg","contentUrl":"https:\/\/www.hoogstra-autosport.nl\/teamkoen\/wp-content\/uploads\/2022\/05\/Untitled-Project-66.jpg","width":1080,"height":1080},{"@type":"BreadcrumbList","@id":"https:\/\/www.hoogstra-autosport.nl\/product\/obp-racing-pedal-box-racing-series\/#breadcrumb","itemListElement":[{"@type":"ListItem","position":1,"name":"Home","item":"https:\/\/www.hoogstra-autosport.nl\/"},{"@type":"ListItem","position":2,"name":"Remmen","item":"https:\/\/www.hoogstra-autosport.nl\/product-categorie\/remmen-2\/"},{"@type":"ListItem","position":3,"name":"Pedaal Boxen","item":"https:\/\/www.hoogstra-autosport.nl\/product-categorie\/remmen-2\/pedaal-boxen\/"},{"@type":"ListItem","position":4,"name":"OBP Racing Pedal Box Racing Series"}]},{"@type":"WebSite","@id":"https:\/\/www.hoogstra-autosport.nl\/#website","url":"https:\/\/www.hoogstra-autosport.nl\/","name":"Hoogstra Autosport","description":"Performance Autosport Parts!","potentialAction":[{"@type":"SearchAction","target":{"@type":"EntryPoint","urlTemplate":"https:\/\/www.hoogstra-autosport.nl\/?s={search_term_string}"},"query-input":{"@type":"PropertyValueSpecification","valueRequired":true,"valueName":"search_term_string"}}],"inLanguage":"fr-FR"}]}},"tiered_pricing_type":"fixed","tiered_pricing_fixed_rules":[],"tiered_pricing_product_settings":{"layout":"default","base_unit_name":{"singular":null,"plural":null},"default_variation":null},"tiered_pricing_minimum_quantity":null,"tiered_pricing_roles_data":[],"tiered_pricing_percentage_rules":[],"tiered_pricing_maximum_quantity":null,"tiered_pricing_quantity_step":null,"_links":{"self":[{"href":"https:\/\/www.hoogstra-autosport.nl\/fr\/wp-json\/wp\/v2\/product\/47432","targetHints":{"allow":["GET"]}}],"collection":[{"href":"https:\/\/www.hoogstra-autosport.nl\/fr\/wp-json\/wp\/v2\/product"}],"about":[{"href":"https:\/\/www.hoogstra-autosport.nl\/fr\/wp-json\/wp\/v2\/types\/product"}],"wp:featuredmedia":[{"embeddable":true,"href":"https:\/\/www.hoogstra-autosport.nl\/fr\/wp-json\/wp\/v2\/media\/95184"}],"wp:attachment":[{"href":"https:\/\/www.hoogstra-autosport.nl\/fr\/wp-json\/wp\/v2\/media?parent=47432"}],"wp:term":[{"taxonomy":"product_brand","embeddable":true,"href":"https:\/\/www.hoogstra-autosport.nl\/fr\/wp-json\/wp\/v2\/product_brand?post=47432"},{"taxonomy":"product_cat","embeddable":true,"href":"https:\/\/www.hoogstra-autosport.nl\/fr\/wp-json\/wp\/v2\/product_cat?post=47432"},{"taxonomy":"product_tag","embeddable":true,"href":"https:\/\/www.hoogstra-autosport.nl\/fr\/wp-json\/wp\/v2\/product_tag?post=47432"}],"curies":[{"name":"wp","href":"https:\/\/api.w.org\/{rel}","templated":true}]}}