{"id":47424,"date":"2022-05-23T14:12:55","date_gmt":"2022-05-23T12:12:55","guid":{"rendered":"https:\/\/www.hoogstra-autosport.nl\/?post_type=product&#038;p=47424"},"modified":"2025-12-12T10:37:10","modified_gmt":"2025-12-12T09:37:10","slug":"obp-racing-pedal-box-2","status":"publish","type":"product","link":"https:\/\/www.hoogstra-autosport.nl\/fr\/produit\/obp-racing-pedal-box-2\/","title":{"rendered":"Bo\u00eete \u00e0 p\u00e9dales OBP Racing"},"content":{"rendered":"<p>Bo\u00eete \u00e0 p\u00e9dales OBP Racing en acier.<\/p>\n<p><strong>La gamme Victory.  Le syst\u00e8me de p\u00e9dales Clubman.<\/strong><\/p>\n<p>&nbsp;<\/p>\n<p>La gamme de produits Victory a \u00e9t\u00e9 con\u00e7ue pour les \u00e9quipes de course et les pilotes Clubman. Ces produits sont fabriqu\u00e9s depuis les d\u00e9buts d'obp Motorsport et ont \u00e9t\u00e9 am\u00e9lior\u00e9s pour r\u00e9pondre aux exigences actuelles du sport automobile.<\/p>\n<p>&nbsp;<\/p>\n<ul>\n<li>Construction des p\u00e9dales et du berceau en acier doux rev\u00eatu d'une finition textur\u00e9e noire<\/li>\n<li>P\u00e9dales repli\u00e9es et renforc\u00e9es<\/li>\n<li>Conception ergonomique<\/li>\n<li>Retour de l'acc\u00e9l\u00e9rateur r\u00e9glable<\/li>\n<li>But\u00e9e d'embrayage r\u00e9glable<\/li>\n<li>Plaquettes de frein et d'embrayage textur\u00e9es<\/li>\n<li>Palier en bronze impr\u00e9gn\u00e9 d'huile au niveau des pivots de la p\u00e9dale<\/li>\n<li>Garantie de 2 ans<\/li>\n<li>Fabriqu\u00e9 au Royaume-Uni par nos ing\u00e9nieurs qualifi\u00e9s<\/li>\n<li>Comprend la barre oblique obp Motorsport<\/li>\n<\/ul>\n<p>&nbsp;<\/p>\n<p>Informations sur le produit :<\/p>\n<ul>\n<li>Adaptation : Adaptation au poste de pilotage (face arri\u00e8re)<\/li>\n<li>Rapport de p\u00e9dale : 5.1<\/li>\n<li>Poids : 3,6 kg<\/li>\n<\/ul>","protected":false},"excerpt":{"rendered":"<p>OBP Racing Pedal Box staal. The Victory Range.\u00a0 The Clubman Pedal System. &nbsp; The Victory Range of products have been designed for the Clubman race teams and drivers. These products have been produced since\u00a0obp Motorsport begun\u00a0and have been improved to work with the current demanding environments in Motorsport. &nbsp; Mild Steel Pedals &amp;\u00a0Cradle Construction coated [&hellip;]<\/p>\n","protected":false},"featured_media":95189,"template":"","meta":{"_acf_changed":false},"product_brand":[],"product_cat":[2761],"product_tag":[],"class_list":{"0":"post-47424","1":"product","2":"type-product","3":"status-publish","4":"has-post-thumbnail","6":"product_cat-pedaal-boxen","7":"product_shipping_class-4016","9":"first","10":"instock","11":"taxable","12":"shipping-taxable","13":"purchasable","14":"product-type-simple"},"acf":[],"yoast_head":"<!-- This site is optimized with the Yoast SEO plugin v27.1.1 - https:\/\/yoast.com\/product\/yoast-seo-wordpress\/ -->\n<title>OBP Racing Pedal Box - Hoogstra Autosport<\/title>\n<meta name=\"robots\" content=\"index, follow, max-snippet:-1, max-image-preview:large, max-video-preview:-1\" \/>\n<link rel=\"canonical\" href=\"https:\/\/www.hoogstra-autosport.nl\/fr\/produit\/obp-racing-pedal-box-2\/\" \/>\n<meta property=\"og:locale\" content=\"fr_FR\" \/>\n<meta property=\"og:type\" content=\"article\" \/>\n<meta property=\"og:title\" content=\"OBP Racing Pedal Box - Hoogstra Autosport\" \/>\n<meta property=\"og:description\" content=\"OBP Racing Pedal Box staal. The Victory Range.\u00a0 The Clubman Pedal System. &nbsp; The Victory Range of products have been designed for the Clubman race teams and drivers. These products have been produced since\u00a0obp Motorsport begun\u00a0and have been improved to work with the current demanding environments in Motorsport. &nbsp; Mild Steel Pedals &amp;\u00a0Cradle Construction coated [&hellip;]\" \/>\n<meta property=\"og:url\" content=\"https:\/\/www.hoogstra-autosport.nl\/fr\/produit\/obp-racing-pedal-box-2\/\" \/>\n<meta property=\"og:site_name\" content=\"Hoogstra Autosport\" \/>\n<meta property=\"article:modified_time\" content=\"2025-12-12T09:37:10+00:00\" \/>\n<meta property=\"og:image\" content=\"https:\/\/www.hoogstra-autosport.nl\/teamkoen\/wp-content\/uploads\/2022\/05\/Untitled-Project-70.jpg\" \/>\n\t<meta property=\"og:image:width\" content=\"1080\" \/>\n\t<meta property=\"og:image:height\" content=\"1080\" \/>\n\t<meta property=\"og:image:type\" content=\"image\/jpeg\" \/>\n<meta name=\"twitter:card\" content=\"summary_large_image\" \/>\n<meta name=\"twitter:label1\" content=\"Dur\u00e9e de lecture estim\u00e9e\" \/>\n\t<meta name=\"twitter:data1\" content=\"1 minute\" \/>\n<script type=\"application\/ld+json\" class=\"yoast-schema-graph\">{\"@context\":\"https:\/\/schema.org\",\"@graph\":[{\"@type\":\"WebPage\",\"@id\":\"https:\/\/www.hoogstra-autosport.nl\/product\/obp-racing-pedal-box-2\/\",\"url\":\"https:\/\/www.hoogstra-autosport.nl\/product\/obp-racing-pedal-box-2\/\",\"name\":\"OBP Racing Pedal Box - Hoogstra Autosport\",\"isPartOf\":{\"@id\":\"https:\/\/www.hoogstra-autosport.nl\/#website\"},\"primaryImageOfPage\":{\"@id\":\"https:\/\/www.hoogstra-autosport.nl\/product\/obp-racing-pedal-box-2\/#primaryimage\"},\"image\":{\"@id\":\"https:\/\/www.hoogstra-autosport.nl\/product\/obp-racing-pedal-box-2\/#primaryimage\"},\"thumbnailUrl\":\"https:\/\/www.hoogstra-autosport.nl\/teamkoen\/wp-content\/uploads\/2022\/05\/Untitled-Project-70.jpg\",\"datePublished\":\"2022-05-23T12:12:55+00:00\",\"dateModified\":\"2025-12-12T09:37:10+00:00\",\"breadcrumb\":{\"@id\":\"https:\/\/www.hoogstra-autosport.nl\/product\/obp-racing-pedal-box-2\/#breadcrumb\"},\"inLanguage\":\"fr-FR\",\"potentialAction\":[{\"@type\":\"ReadAction\",\"target\":[\"https:\/\/www.hoogstra-autosport.nl\/product\/obp-racing-pedal-box-2\/\"]}]},{\"@type\":\"ImageObject\",\"inLanguage\":\"fr-FR\",\"@id\":\"https:\/\/www.hoogstra-autosport.nl\/product\/obp-racing-pedal-box-2\/#primaryimage\",\"url\":\"https:\/\/www.hoogstra-autosport.nl\/teamkoen\/wp-content\/uploads\/2022\/05\/Untitled-Project-70.jpg\",\"contentUrl\":\"https:\/\/www.hoogstra-autosport.nl\/teamkoen\/wp-content\/uploads\/2022\/05\/Untitled-Project-70.jpg\",\"width\":1080,\"height\":1080},{\"@type\":\"BreadcrumbList\",\"@id\":\"https:\/\/www.hoogstra-autosport.nl\/product\/obp-racing-pedal-box-2\/#breadcrumb\",\"itemListElement\":[{\"@type\":\"ListItem\",\"position\":1,\"name\":\"Home\",\"item\":\"https:\/\/www.hoogstra-autosport.nl\/\"},{\"@type\":\"ListItem\",\"position\":2,\"name\":\"Remmen\",\"item\":\"https:\/\/www.hoogstra-autosport.nl\/product-categorie\/remmen-2\/\"},{\"@type\":\"ListItem\",\"position\":3,\"name\":\"Pedaal Boxen\",\"item\":\"https:\/\/www.hoogstra-autosport.nl\/product-categorie\/remmen-2\/pedaal-boxen\/\"},{\"@type\":\"ListItem\",\"position\":4,\"name\":\"OBP Racing Pedal Box\"}]},{\"@type\":\"WebSite\",\"@id\":\"https:\/\/www.hoogstra-autosport.nl\/#website\",\"url\":\"https:\/\/www.hoogstra-autosport.nl\/\",\"name\":\"Hoogstra Autosport\",\"description\":\"Performance Autosport Parts!\",\"potentialAction\":[{\"@type\":\"SearchAction\",\"target\":{\"@type\":\"EntryPoint\",\"urlTemplate\":\"https:\/\/www.hoogstra-autosport.nl\/?s={search_term_string}\"},\"query-input\":{\"@type\":\"PropertyValueSpecification\",\"valueRequired\":true,\"valueName\":\"search_term_string\"}}],\"inLanguage\":\"fr-FR\"}]}<\/script>\n<!-- \/ Yoast SEO plugin. -->","yoast_head_json":{"title":"OBP Racing Pedal Box - Hoogstra Autosport","robots":{"index":"index","follow":"follow","max-snippet":"max-snippet:-1","max-image-preview":"max-image-preview:large","max-video-preview":"max-video-preview:-1"},"canonical":"https:\/\/www.hoogstra-autosport.nl\/fr\/produit\/obp-racing-pedal-box-2\/","og_locale":"fr_FR","og_type":"article","og_title":"OBP Racing Pedal Box - Hoogstra Autosport","og_description":"OBP Racing Pedal Box staal. The Victory Range.\u00a0 The Clubman Pedal System. &nbsp; The Victory Range of products have been designed for the Clubman race teams and drivers. These products have been produced since\u00a0obp Motorsport begun\u00a0and have been improved to work with the current demanding environments in Motorsport. &nbsp; Mild Steel Pedals &amp;\u00a0Cradle Construction coated [&hellip;]","og_url":"https:\/\/www.hoogstra-autosport.nl\/fr\/produit\/obp-racing-pedal-box-2\/","og_site_name":"Hoogstra Autosport","article_modified_time":"2025-12-12T09:37:10+00:00","og_image":[{"width":1080,"height":1080,"url":"https:\/\/www.hoogstra-autosport.nl\/teamkoen\/wp-content\/uploads\/2022\/05\/Untitled-Project-70.jpg","type":"image\/jpeg"}],"twitter_card":"summary_large_image","twitter_misc":{"Dur\u00e9e de lecture estim\u00e9e":"1 minute"},"schema":{"@context":"https:\/\/schema.org","@graph":[{"@type":"WebPage","@id":"https:\/\/www.hoogstra-autosport.nl\/product\/obp-racing-pedal-box-2\/","url":"https:\/\/www.hoogstra-autosport.nl\/product\/obp-racing-pedal-box-2\/","name":"OBP Racing Pedal Box - Hoogstra Autosport","isPartOf":{"@id":"https:\/\/www.hoogstra-autosport.nl\/#website"},"primaryImageOfPage":{"@id":"https:\/\/www.hoogstra-autosport.nl\/product\/obp-racing-pedal-box-2\/#primaryimage"},"image":{"@id":"https:\/\/www.hoogstra-autosport.nl\/product\/obp-racing-pedal-box-2\/#primaryimage"},"thumbnailUrl":"https:\/\/www.hoogstra-autosport.nl\/teamkoen\/wp-content\/uploads\/2022\/05\/Untitled-Project-70.jpg","datePublished":"2022-05-23T12:12:55+00:00","dateModified":"2025-12-12T09:37:10+00:00","breadcrumb":{"@id":"https:\/\/www.hoogstra-autosport.nl\/product\/obp-racing-pedal-box-2\/#breadcrumb"},"inLanguage":"fr-FR","potentialAction":[{"@type":"ReadAction","target":["https:\/\/www.hoogstra-autosport.nl\/product\/obp-racing-pedal-box-2\/"]}]},{"@type":"ImageObject","inLanguage":"fr-FR","@id":"https:\/\/www.hoogstra-autosport.nl\/product\/obp-racing-pedal-box-2\/#primaryimage","url":"https:\/\/www.hoogstra-autosport.nl\/teamkoen\/wp-content\/uploads\/2022\/05\/Untitled-Project-70.jpg","contentUrl":"https:\/\/www.hoogstra-autosport.nl\/teamkoen\/wp-content\/uploads\/2022\/05\/Untitled-Project-70.jpg","width":1080,"height":1080},{"@type":"BreadcrumbList","@id":"https:\/\/www.hoogstra-autosport.nl\/product\/obp-racing-pedal-box-2\/#breadcrumb","itemListElement":[{"@type":"ListItem","position":1,"name":"Home","item":"https:\/\/www.hoogstra-autosport.nl\/"},{"@type":"ListItem","position":2,"name":"Remmen","item":"https:\/\/www.hoogstra-autosport.nl\/product-categorie\/remmen-2\/"},{"@type":"ListItem","position":3,"name":"Pedaal Boxen","item":"https:\/\/www.hoogstra-autosport.nl\/product-categorie\/remmen-2\/pedaal-boxen\/"},{"@type":"ListItem","position":4,"name":"OBP Racing Pedal Box"}]},{"@type":"WebSite","@id":"https:\/\/www.hoogstra-autosport.nl\/#website","url":"https:\/\/www.hoogstra-autosport.nl\/","name":"Hoogstra Autosport","description":"Performance Autosport Parts!","potentialAction":[{"@type":"SearchAction","target":{"@type":"EntryPoint","urlTemplate":"https:\/\/www.hoogstra-autosport.nl\/?s={search_term_string}"},"query-input":{"@type":"PropertyValueSpecification","valueRequired":true,"valueName":"search_term_string"}}],"inLanguage":"fr-FR"}]}},"tiered_pricing_type":"fixed","tiered_pricing_fixed_rules":[],"tiered_pricing_product_settings":{"layout":"default","base_unit_name":{"singular":null,"plural":null},"default_variation":null},"tiered_pricing_minimum_quantity":null,"tiered_pricing_roles_data":[],"tiered_pricing_percentage_rules":[],"tiered_pricing_maximum_quantity":null,"tiered_pricing_quantity_step":null,"_links":{"self":[{"href":"https:\/\/www.hoogstra-autosport.nl\/fr\/wp-json\/wp\/v2\/product\/47424","targetHints":{"allow":["GET"]}}],"collection":[{"href":"https:\/\/www.hoogstra-autosport.nl\/fr\/wp-json\/wp\/v2\/product"}],"about":[{"href":"https:\/\/www.hoogstra-autosport.nl\/fr\/wp-json\/wp\/v2\/types\/product"}],"wp:featuredmedia":[{"embeddable":true,"href":"https:\/\/www.hoogstra-autosport.nl\/fr\/wp-json\/wp\/v2\/media\/95189"}],"wp:attachment":[{"href":"https:\/\/www.hoogstra-autosport.nl\/fr\/wp-json\/wp\/v2\/media?parent=47424"}],"wp:term":[{"taxonomy":"product_brand","embeddable":true,"href":"https:\/\/www.hoogstra-autosport.nl\/fr\/wp-json\/wp\/v2\/product_brand?post=47424"},{"taxonomy":"product_cat","embeddable":true,"href":"https:\/\/www.hoogstra-autosport.nl\/fr\/wp-json\/wp\/v2\/product_cat?post=47424"},{"taxonomy":"product_tag","embeddable":true,"href":"https:\/\/www.hoogstra-autosport.nl\/fr\/wp-json\/wp\/v2\/product_tag?post=47424"}],"curies":[{"name":"wp","href":"https:\/\/api.w.org\/{rel}","templated":true}]}}