{"id":47328,"date":"2022-05-19T20:54:52","date_gmt":"2022-05-19T18:54:52","guid":{"rendered":"https:\/\/www.hoogstra-autosport.nl\/?post_type=product&#038;p=47328"},"modified":"2025-12-12T10:35:25","modified_gmt":"2025-12-12T09:35:25","slug":"aluminium-pedal-box-obp-racing","status":"publish","type":"product","link":"https:\/\/www.hoogstra-autosport.nl\/fr\/produit\/aluminium-pedal-box-obp-racing\/","title":{"rendered":"Bo\u00eete \u00e0 p\u00e9dales en aluminium OBP Racing"},"content":{"rendered":"<p><strong>Le Pro-Race V2 . Le syst\u00e8me de p\u00e9dales original.<\/strong><\/p>\n<p>&nbsp;<\/p>\n<p>Con\u00e7u pour les \u00e9quipes et les pilotes professionnels et semi-professionnels, il peut \u00eatre mont\u00e9 de mani\u00e8re universelle pour toute application dans le domaine du sport automobile.<\/p>\n<p>&nbsp;<\/p>\n<p>La combinaison d'un berceau en acier doux et de p\u00e9dales en aluminium T6061 de qualit\u00e9 a\u00e9ronautique permet une excellente rigidit\u00e9, une meilleure sensation et une construction \u00e0 l'\u00e9preuve des balles.<\/p>\n<p>&nbsp;<\/p>\n<ul>\n<li>P\u00e9dales en aluminium T6061 de qualit\u00e9 a\u00e9ronautique<\/li>\n<li>Construction du berceau en acier doux rev\u00eatu d'une finition textur\u00e9e noire<\/li>\n<li>R\u00e9glage multiple du coussin de la p\u00e9dale<\/li>\n<li>Ratios de p\u00e9dalage r\u00e9glables<\/li>\n<li>Retour de l'acc\u00e9l\u00e9rateur r\u00e9glable<\/li>\n<li>But\u00e9e d'embrayage r\u00e9glable<\/li>\n<li>Palier en bronze impr\u00e9gn\u00e9 d'huile au niveau des pivots de la p\u00e9dale<\/li>\n<li>R\u00e9glage ergonomique du coussin de la p\u00e9dale pour le talon et les orteils<\/li>\n<li>Compatible avec le syst\u00e8me Drive-By-Wire<\/li>\n<li>Garantie de 2 ans<\/li>\n<li>Fabriqu\u00e9 au Royaume-Uni par nos ing\u00e9nieurs qualifi\u00e9s<\/li>\n<li>Comprend la barre oblique obp Motorsport<\/li>\n<\/ul>\n<p>&nbsp;<\/p>\n<p>&nbsp;<\/p>\n<p>Informations sur le produit :<\/p>\n<ul>\n<li>Adaptation : Adaptation au poste de pilotage (face arri\u00e8re)<\/li>\n<li>Rapport de p\u00e9dale : 5,05:1 \/ 5,45:1<\/li>\n<li>Poids : 3,5 kg<\/li>\n<li>Master Cylinder Cover Plates Available (Black or Silver)<\/li>\n<\/ul>","protected":false},"excerpt":{"rendered":"<p>The Pro-Race V2 .\u00a0The Original Pedal System. &nbsp; Designed for the professional and semi-professional teams and drivers, which can be universally mounted for any Motorsport application. &nbsp; The mix of Mild Steel Cradle and Aircraft Grade T6061 Aluminium Pedals, allows for excellent rigidity, enhanced feel and bullet proof construction. &nbsp; Aircraft Grade T6061 Aluminium Pedals [&hellip;]<\/p>\n","protected":false},"featured_media":95186,"template":"","meta":{"_acf_changed":false},"product_brand":[],"product_cat":[2761],"product_tag":[],"class_list":{"0":"post-47328","1":"product","2":"type-product","3":"status-publish","4":"has-post-thumbnail","6":"product_cat-pedaal-boxen","7":"product_shipping_class-4016","9":"first","10":"instock","11":"taxable","12":"shipping-taxable","13":"purchasable","14":"product-type-simple"},"acf":[],"yoast_head":"<!-- This site is optimized with the Yoast SEO plugin v27.1.1 - https:\/\/yoast.com\/product\/yoast-seo-wordpress\/ -->\n<title>Aluminium Pedal Box OBP Racing - Hoogstra Autosport<\/title>\n<meta name=\"robots\" content=\"index, follow, max-snippet:-1, max-image-preview:large, max-video-preview:-1\" \/>\n<link rel=\"canonical\" href=\"https:\/\/www.hoogstra-autosport.nl\/fr\/produit\/aluminium-pedal-box-obp-racing\/\" \/>\n<meta property=\"og:locale\" content=\"fr_FR\" \/>\n<meta property=\"og:type\" content=\"article\" \/>\n<meta property=\"og:title\" content=\"Aluminium Pedal Box OBP Racing - Hoogstra Autosport\" \/>\n<meta property=\"og:description\" content=\"The Pro-Race V2 .\u00a0The Original Pedal System. &nbsp; Designed for the professional and semi-professional teams and drivers, which can be universally mounted for any Motorsport application. &nbsp; The mix of Mild Steel Cradle and Aircraft Grade T6061 Aluminium Pedals, allows for excellent rigidity, enhanced feel and bullet proof construction. &nbsp; Aircraft Grade T6061 Aluminium Pedals [&hellip;]\" \/>\n<meta property=\"og:url\" content=\"https:\/\/www.hoogstra-autosport.nl\/fr\/produit\/aluminium-pedal-box-obp-racing\/\" \/>\n<meta property=\"og:site_name\" content=\"Hoogstra Autosport\" \/>\n<meta property=\"article:modified_time\" content=\"2025-12-12T09:35:25+00:00\" \/>\n<meta property=\"og:image\" content=\"https:\/\/www.hoogstra-autosport.nl\/teamkoen\/wp-content\/uploads\/2022\/05\/Untitled-Project-68.jpg\" \/>\n\t<meta property=\"og:image:width\" content=\"1080\" \/>\n\t<meta property=\"og:image:height\" content=\"1080\" \/>\n\t<meta property=\"og:image:type\" content=\"image\/jpeg\" \/>\n<meta name=\"twitter:card\" content=\"summary_large_image\" \/>\n<meta name=\"twitter:label1\" content=\"Dur\u00e9e de lecture estim\u00e9e\" \/>\n\t<meta name=\"twitter:data1\" content=\"1 minute\" \/>\n<script type=\"application\/ld+json\" class=\"yoast-schema-graph\">{\"@context\":\"https:\/\/schema.org\",\"@graph\":[{\"@type\":\"WebPage\",\"@id\":\"https:\/\/www.hoogstra-autosport.nl\/product\/aluminium-pedal-box-obp-racing\/\",\"url\":\"https:\/\/www.hoogstra-autosport.nl\/product\/aluminium-pedal-box-obp-racing\/\",\"name\":\"Aluminium Pedal Box OBP Racing - Hoogstra Autosport\",\"isPartOf\":{\"@id\":\"https:\/\/www.hoogstra-autosport.nl\/#website\"},\"primaryImageOfPage\":{\"@id\":\"https:\/\/www.hoogstra-autosport.nl\/product\/aluminium-pedal-box-obp-racing\/#primaryimage\"},\"image\":{\"@id\":\"https:\/\/www.hoogstra-autosport.nl\/product\/aluminium-pedal-box-obp-racing\/#primaryimage\"},\"thumbnailUrl\":\"https:\/\/www.hoogstra-autosport.nl\/teamkoen\/wp-content\/uploads\/2022\/05\/Untitled-Project-68.jpg\",\"datePublished\":\"2022-05-19T18:54:52+00:00\",\"dateModified\":\"2025-12-12T09:35:25+00:00\",\"breadcrumb\":{\"@id\":\"https:\/\/www.hoogstra-autosport.nl\/product\/aluminium-pedal-box-obp-racing\/#breadcrumb\"},\"inLanguage\":\"fr-FR\",\"potentialAction\":[{\"@type\":\"ReadAction\",\"target\":[\"https:\/\/www.hoogstra-autosport.nl\/product\/aluminium-pedal-box-obp-racing\/\"]}]},{\"@type\":\"ImageObject\",\"inLanguage\":\"fr-FR\",\"@id\":\"https:\/\/www.hoogstra-autosport.nl\/product\/aluminium-pedal-box-obp-racing\/#primaryimage\",\"url\":\"https:\/\/www.hoogstra-autosport.nl\/teamkoen\/wp-content\/uploads\/2022\/05\/Untitled-Project-68.jpg\",\"contentUrl\":\"https:\/\/www.hoogstra-autosport.nl\/teamkoen\/wp-content\/uploads\/2022\/05\/Untitled-Project-68.jpg\",\"width\":1080,\"height\":1080},{\"@type\":\"BreadcrumbList\",\"@id\":\"https:\/\/www.hoogstra-autosport.nl\/product\/aluminium-pedal-box-obp-racing\/#breadcrumb\",\"itemListElement\":[{\"@type\":\"ListItem\",\"position\":1,\"name\":\"Home\",\"item\":\"https:\/\/www.hoogstra-autosport.nl\/\"},{\"@type\":\"ListItem\",\"position\":2,\"name\":\"Remmen\",\"item\":\"https:\/\/www.hoogstra-autosport.nl\/product-categorie\/remmen-2\/\"},{\"@type\":\"ListItem\",\"position\":3,\"name\":\"Pedaal Boxen\",\"item\":\"https:\/\/www.hoogstra-autosport.nl\/product-categorie\/remmen-2\/pedaal-boxen\/\"},{\"@type\":\"ListItem\",\"position\":4,\"name\":\"Aluminium Pedal Box OBP Racing\"}]},{\"@type\":\"WebSite\",\"@id\":\"https:\/\/www.hoogstra-autosport.nl\/#website\",\"url\":\"https:\/\/www.hoogstra-autosport.nl\/\",\"name\":\"Hoogstra Autosport\",\"description\":\"Performance Autosport Parts!\",\"potentialAction\":[{\"@type\":\"SearchAction\",\"target\":{\"@type\":\"EntryPoint\",\"urlTemplate\":\"https:\/\/www.hoogstra-autosport.nl\/?s={search_term_string}\"},\"query-input\":{\"@type\":\"PropertyValueSpecification\",\"valueRequired\":true,\"valueName\":\"search_term_string\"}}],\"inLanguage\":\"fr-FR\"}]}<\/script>\n<!-- \/ Yoast SEO plugin. -->","yoast_head_json":{"title":"Aluminium Pedal Box OBP Racing - Hoogstra Autosport","robots":{"index":"index","follow":"follow","max-snippet":"max-snippet:-1","max-image-preview":"max-image-preview:large","max-video-preview":"max-video-preview:-1"},"canonical":"https:\/\/www.hoogstra-autosport.nl\/fr\/produit\/aluminium-pedal-box-obp-racing\/","og_locale":"fr_FR","og_type":"article","og_title":"Aluminium Pedal Box OBP Racing - Hoogstra Autosport","og_description":"The Pro-Race V2 .\u00a0The Original Pedal System. &nbsp; Designed for the professional and semi-professional teams and drivers, which can be universally mounted for any Motorsport application. &nbsp; The mix of Mild Steel Cradle and Aircraft Grade T6061 Aluminium Pedals, allows for excellent rigidity, enhanced feel and bullet proof construction. &nbsp; Aircraft Grade T6061 Aluminium Pedals [&hellip;]","og_url":"https:\/\/www.hoogstra-autosport.nl\/fr\/produit\/aluminium-pedal-box-obp-racing\/","og_site_name":"Hoogstra Autosport","article_modified_time":"2025-12-12T09:35:25+00:00","og_image":[{"width":1080,"height":1080,"url":"https:\/\/www.hoogstra-autosport.nl\/teamkoen\/wp-content\/uploads\/2022\/05\/Untitled-Project-68.jpg","type":"image\/jpeg"}],"twitter_card":"summary_large_image","twitter_misc":{"Dur\u00e9e de lecture estim\u00e9e":"1 minute"},"schema":{"@context":"https:\/\/schema.org","@graph":[{"@type":"WebPage","@id":"https:\/\/www.hoogstra-autosport.nl\/product\/aluminium-pedal-box-obp-racing\/","url":"https:\/\/www.hoogstra-autosport.nl\/product\/aluminium-pedal-box-obp-racing\/","name":"Aluminium Pedal Box OBP Racing - Hoogstra Autosport","isPartOf":{"@id":"https:\/\/www.hoogstra-autosport.nl\/#website"},"primaryImageOfPage":{"@id":"https:\/\/www.hoogstra-autosport.nl\/product\/aluminium-pedal-box-obp-racing\/#primaryimage"},"image":{"@id":"https:\/\/www.hoogstra-autosport.nl\/product\/aluminium-pedal-box-obp-racing\/#primaryimage"},"thumbnailUrl":"https:\/\/www.hoogstra-autosport.nl\/teamkoen\/wp-content\/uploads\/2022\/05\/Untitled-Project-68.jpg","datePublished":"2022-05-19T18:54:52+00:00","dateModified":"2025-12-12T09:35:25+00:00","breadcrumb":{"@id":"https:\/\/www.hoogstra-autosport.nl\/product\/aluminium-pedal-box-obp-racing\/#breadcrumb"},"inLanguage":"fr-FR","potentialAction":[{"@type":"ReadAction","target":["https:\/\/www.hoogstra-autosport.nl\/product\/aluminium-pedal-box-obp-racing\/"]}]},{"@type":"ImageObject","inLanguage":"fr-FR","@id":"https:\/\/www.hoogstra-autosport.nl\/product\/aluminium-pedal-box-obp-racing\/#primaryimage","url":"https:\/\/www.hoogstra-autosport.nl\/teamkoen\/wp-content\/uploads\/2022\/05\/Untitled-Project-68.jpg","contentUrl":"https:\/\/www.hoogstra-autosport.nl\/teamkoen\/wp-content\/uploads\/2022\/05\/Untitled-Project-68.jpg","width":1080,"height":1080},{"@type":"BreadcrumbList","@id":"https:\/\/www.hoogstra-autosport.nl\/product\/aluminium-pedal-box-obp-racing\/#breadcrumb","itemListElement":[{"@type":"ListItem","position":1,"name":"Home","item":"https:\/\/www.hoogstra-autosport.nl\/"},{"@type":"ListItem","position":2,"name":"Remmen","item":"https:\/\/www.hoogstra-autosport.nl\/product-categorie\/remmen-2\/"},{"@type":"ListItem","position":3,"name":"Pedaal Boxen","item":"https:\/\/www.hoogstra-autosport.nl\/product-categorie\/remmen-2\/pedaal-boxen\/"},{"@type":"ListItem","position":4,"name":"Aluminium Pedal Box OBP Racing"}]},{"@type":"WebSite","@id":"https:\/\/www.hoogstra-autosport.nl\/#website","url":"https:\/\/www.hoogstra-autosport.nl\/","name":"Hoogstra Autosport","description":"Performance Autosport Parts!","potentialAction":[{"@type":"SearchAction","target":{"@type":"EntryPoint","urlTemplate":"https:\/\/www.hoogstra-autosport.nl\/?s={search_term_string}"},"query-input":{"@type":"PropertyValueSpecification","valueRequired":true,"valueName":"search_term_string"}}],"inLanguage":"fr-FR"}]}},"tiered_pricing_type":"fixed","tiered_pricing_fixed_rules":[],"tiered_pricing_product_settings":{"layout":"default","base_unit_name":{"singular":null,"plural":null},"default_variation":null},"tiered_pricing_minimum_quantity":null,"tiered_pricing_roles_data":[],"tiered_pricing_percentage_rules":[],"tiered_pricing_maximum_quantity":null,"tiered_pricing_quantity_step":null,"_links":{"self":[{"href":"https:\/\/www.hoogstra-autosport.nl\/fr\/wp-json\/wp\/v2\/product\/47328","targetHints":{"allow":["GET"]}}],"collection":[{"href":"https:\/\/www.hoogstra-autosport.nl\/fr\/wp-json\/wp\/v2\/product"}],"about":[{"href":"https:\/\/www.hoogstra-autosport.nl\/fr\/wp-json\/wp\/v2\/types\/product"}],"wp:featuredmedia":[{"embeddable":true,"href":"https:\/\/www.hoogstra-autosport.nl\/fr\/wp-json\/wp\/v2\/media\/95186"}],"wp:attachment":[{"href":"https:\/\/www.hoogstra-autosport.nl\/fr\/wp-json\/wp\/v2\/media?parent=47328"}],"wp:term":[{"taxonomy":"product_brand","embeddable":true,"href":"https:\/\/www.hoogstra-autosport.nl\/fr\/wp-json\/wp\/v2\/product_brand?post=47328"},{"taxonomy":"product_cat","embeddable":true,"href":"https:\/\/www.hoogstra-autosport.nl\/fr\/wp-json\/wp\/v2\/product_cat?post=47328"},{"taxonomy":"product_tag","embeddable":true,"href":"https:\/\/www.hoogstra-autosport.nl\/fr\/wp-json\/wp\/v2\/product_tag?post=47328"}],"curies":[{"name":"wp","href":"https:\/\/api.w.org\/{rel}","templated":true}]}}