{"id":46425,"date":"2022-04-19T18:20:40","date_gmt":"2022-04-19T16:20:40","guid":{"rendered":"https:\/\/www.hoogstra-autosport.nl\/?post_type=product&#038;p=46425"},"modified":"2025-12-05T10:44:41","modified_gmt":"2025-12-05T09:44:41","slug":"qsp-aluminium-olie-catchtank-1-liter-d10-aansluiting","status":"publish","type":"product","link":"https:\/\/www.hoogstra-autosport.nl\/fr\/produit\/qsp-aluminium-olie-catchtank-1-liter-d10-aansluiting\/","title":{"rendered":"R\u00e9servoir d'huile QSP en aluminium - 1 litre - raccord D10"},"content":{"rendered":"<p>R\u00e9servoir d'huile en aluminium d'une capacit\u00e9 de 1 litre. Ce r\u00e9servoir est \u00e9quip\u00e9 d'un bouchon reniflard. L'indicateur de niveau peut \u00eatre mont\u00e9 \u00e0 gauche ou \u00e0 droite. Le raccord de tuyau de ce r\u00e9servoir est d'un diam\u00e8tre ext\u00e9rieur de 16 mm.<\/p>\n<p>Dimensions (y compris le capuchon orange et le montage) : 169 x 141,3 x 89 mm<\/p>","protected":false},"excerpt":{"rendered":"<p>Aluminium olie catchtank met een inhoud van 1 liter. Deze catchtank is voorzien van een ontluchtingsdop. De nivo indicatie kan zowel links als rechts gemonteerd worden. De slangaansluiting op deze catchtank is 16mm uitwendige maat. Afmetingen (inclusief oranje dop en bevestiging): 169 x 141,3 x 89 mm<\/p>","protected":false},"featured_media":94518,"template":"","meta":{"_acf_changed":false},"product_brand":[],"product_cat":[2747],"product_tag":[],"class_list":{"0":"post-46425","1":"product","2":"type-product","3":"status-publish","4":"has-post-thumbnail","6":"product_cat-carter-ontluchting-tanks","7":"product_shipping_class-4016","9":"first","10":"instock","11":"taxable","12":"shipping-taxable","13":"purchasable","14":"product-type-simple"},"acf":[],"yoast_head":"<!-- This site is optimized with the Yoast SEO plugin v27.1.1 - https:\/\/yoast.com\/product\/yoast-seo-wordpress\/ -->\n<title>QSP aluminium olie catchtank - 1 liter - D10 aansluiting - Hoogstra Autosport<\/title>\n<meta name=\"robots\" content=\"index, follow, max-snippet:-1, max-image-preview:large, max-video-preview:-1\" \/>\n<link rel=\"canonical\" href=\"https:\/\/www.hoogstra-autosport.nl\/fr\/produit\/qsp-aluminium-olie-catchtank-1-liter-d10-aansluiting\/\" \/>\n<meta property=\"og:locale\" content=\"fr_FR\" \/>\n<meta property=\"og:type\" content=\"article\" \/>\n<meta property=\"og:title\" content=\"QSP aluminium olie catchtank - 1 liter - D10 aansluiting - Hoogstra Autosport\" \/>\n<meta property=\"og:description\" content=\"Aluminium olie catchtank met een inhoud van 1 liter. Deze catchtank is voorzien van een ontluchtingsdop. De nivo indicatie kan zowel links als rechts gemonteerd worden. De slangaansluiting op deze catchtank is 16mm uitwendige maat. Afmetingen (inclusief oranje dop en bevestiging): 169 x 141,3 x 89 mm\" \/>\n<meta property=\"og:url\" content=\"https:\/\/www.hoogstra-autosport.nl\/fr\/produit\/qsp-aluminium-olie-catchtank-1-liter-d10-aansluiting\/\" \/>\n<meta property=\"og:site_name\" content=\"Hoogstra Autosport\" \/>\n<meta property=\"article:modified_time\" content=\"2025-12-05T09:44:41+00:00\" \/>\n<meta property=\"og:image\" content=\"https:\/\/www.hoogstra-autosport.nl\/teamkoen\/wp-content\/uploads\/2022\/04\/Untitled-Project-2025-12-05T104403.654.jpg\" \/>\n\t<meta property=\"og:image:width\" content=\"1080\" \/>\n\t<meta property=\"og:image:height\" content=\"1080\" \/>\n\t<meta property=\"og:image:type\" content=\"image\/jpeg\" \/>\n<meta name=\"twitter:card\" content=\"summary_large_image\" \/>\n<meta name=\"twitter:label1\" content=\"Dur\u00e9e de lecture estim\u00e9e\" \/>\n\t<meta name=\"twitter:data1\" content=\"1 minute\" \/>\n<script type=\"application\/ld+json\" class=\"yoast-schema-graph\">{\"@context\":\"https:\/\/schema.org\",\"@graph\":[{\"@type\":\"WebPage\",\"@id\":\"https:\/\/www.hoogstra-autosport.nl\/product\/qsp-aluminium-olie-catchtank-1-liter-d10-aansluiting\/\",\"url\":\"https:\/\/www.hoogstra-autosport.nl\/product\/qsp-aluminium-olie-catchtank-1-liter-d10-aansluiting\/\",\"name\":\"QSP aluminium olie catchtank - 1 liter - D10 aansluiting - Hoogstra Autosport\",\"isPartOf\":{\"@id\":\"https:\/\/www.hoogstra-autosport.nl\/#website\"},\"primaryImageOfPage\":{\"@id\":\"https:\/\/www.hoogstra-autosport.nl\/product\/qsp-aluminium-olie-catchtank-1-liter-d10-aansluiting\/#primaryimage\"},\"image\":{\"@id\":\"https:\/\/www.hoogstra-autosport.nl\/product\/qsp-aluminium-olie-catchtank-1-liter-d10-aansluiting\/#primaryimage\"},\"thumbnailUrl\":\"https:\/\/www.hoogstra-autosport.nl\/teamkoen\/wp-content\/uploads\/2022\/04\/Untitled-Project-2025-12-05T104403.654.jpg\",\"datePublished\":\"2022-04-19T16:20:40+00:00\",\"dateModified\":\"2025-12-05T09:44:41+00:00\",\"breadcrumb\":{\"@id\":\"https:\/\/www.hoogstra-autosport.nl\/product\/qsp-aluminium-olie-catchtank-1-liter-d10-aansluiting\/#breadcrumb\"},\"inLanguage\":\"fr-FR\",\"potentialAction\":[{\"@type\":\"ReadAction\",\"target\":[\"https:\/\/www.hoogstra-autosport.nl\/product\/qsp-aluminium-olie-catchtank-1-liter-d10-aansluiting\/\"]}]},{\"@type\":\"ImageObject\",\"inLanguage\":\"fr-FR\",\"@id\":\"https:\/\/www.hoogstra-autosport.nl\/product\/qsp-aluminium-olie-catchtank-1-liter-d10-aansluiting\/#primaryimage\",\"url\":\"https:\/\/www.hoogstra-autosport.nl\/teamkoen\/wp-content\/uploads\/2022\/04\/Untitled-Project-2025-12-05T104403.654.jpg\",\"contentUrl\":\"https:\/\/www.hoogstra-autosport.nl\/teamkoen\/wp-content\/uploads\/2022\/04\/Untitled-Project-2025-12-05T104403.654.jpg\",\"width\":1080,\"height\":1080},{\"@type\":\"BreadcrumbList\",\"@id\":\"https:\/\/www.hoogstra-autosport.nl\/product\/qsp-aluminium-olie-catchtank-1-liter-d10-aansluiting\/#breadcrumb\",\"itemListElement\":[{\"@type\":\"ListItem\",\"position\":1,\"name\":\"Home\",\"item\":\"https:\/\/www.hoogstra-autosport.nl\/\"},{\"@type\":\"ListItem\",\"position\":2,\"name\":\"Motorisch\",\"item\":\"https:\/\/www.hoogstra-autosport.nl\/product-categorie\/auto-techniek\/\"},{\"@type\":\"ListItem\",\"position\":3,\"name\":\"Uitlaten &amp; Isolatie &amp; Motor\",\"item\":\"https:\/\/www.hoogstra-autosport.nl\/product-categorie\/auto-techniek\/motoren-techniek-inlaat-uitlaat\/\"},{\"@type\":\"ListItem\",\"position\":4,\"name\":\"Carter Ontluchting\",\"item\":\"https:\/\/www.hoogstra-autosport.nl\/product-categorie\/auto-techniek\/motoren-techniek-inlaat-uitlaat\/carter-ontluchting-tanks\/\"},{\"@type\":\"ListItem\",\"position\":5,\"name\":\"QSP aluminium olie catchtank &#8211; 1 liter &#8211; D10 aansluiting\"}]},{\"@type\":\"WebSite\",\"@id\":\"https:\/\/www.hoogstra-autosport.nl\/#website\",\"url\":\"https:\/\/www.hoogstra-autosport.nl\/\",\"name\":\"Hoogstra Autosport\",\"description\":\"Performance Autosport Parts!\",\"potentialAction\":[{\"@type\":\"SearchAction\",\"target\":{\"@type\":\"EntryPoint\",\"urlTemplate\":\"https:\/\/www.hoogstra-autosport.nl\/?s={search_term_string}\"},\"query-input\":{\"@type\":\"PropertyValueSpecification\",\"valueRequired\":true,\"valueName\":\"search_term_string\"}}],\"inLanguage\":\"fr-FR\"}]}<\/script>\n<!-- \/ Yoast SEO plugin. -->","yoast_head_json":{"title":"QSP aluminium olie catchtank - 1 liter - D10 aansluiting - Hoogstra Autosport","robots":{"index":"index","follow":"follow","max-snippet":"max-snippet:-1","max-image-preview":"max-image-preview:large","max-video-preview":"max-video-preview:-1"},"canonical":"https:\/\/www.hoogstra-autosport.nl\/fr\/produit\/qsp-aluminium-olie-catchtank-1-liter-d10-aansluiting\/","og_locale":"fr_FR","og_type":"article","og_title":"QSP aluminium olie catchtank - 1 liter - D10 aansluiting - Hoogstra Autosport","og_description":"Aluminium olie catchtank met een inhoud van 1 liter. Deze catchtank is voorzien van een ontluchtingsdop. De nivo indicatie kan zowel links als rechts gemonteerd worden. De slangaansluiting op deze catchtank is 16mm uitwendige maat. Afmetingen (inclusief oranje dop en bevestiging): 169 x 141,3 x 89 mm","og_url":"https:\/\/www.hoogstra-autosport.nl\/fr\/produit\/qsp-aluminium-olie-catchtank-1-liter-d10-aansluiting\/","og_site_name":"Hoogstra Autosport","article_modified_time":"2025-12-05T09:44:41+00:00","og_image":[{"width":1080,"height":1080,"url":"https:\/\/www.hoogstra-autosport.nl\/teamkoen\/wp-content\/uploads\/2022\/04\/Untitled-Project-2025-12-05T104403.654.jpg","type":"image\/jpeg"}],"twitter_card":"summary_large_image","twitter_misc":{"Dur\u00e9e de lecture estim\u00e9e":"1 minute"},"schema":{"@context":"https:\/\/schema.org","@graph":[{"@type":"WebPage","@id":"https:\/\/www.hoogstra-autosport.nl\/product\/qsp-aluminium-olie-catchtank-1-liter-d10-aansluiting\/","url":"https:\/\/www.hoogstra-autosport.nl\/product\/qsp-aluminium-olie-catchtank-1-liter-d10-aansluiting\/","name":"QSP aluminium olie catchtank - 1 liter - D10 aansluiting - Hoogstra Autosport","isPartOf":{"@id":"https:\/\/www.hoogstra-autosport.nl\/#website"},"primaryImageOfPage":{"@id":"https:\/\/www.hoogstra-autosport.nl\/product\/qsp-aluminium-olie-catchtank-1-liter-d10-aansluiting\/#primaryimage"},"image":{"@id":"https:\/\/www.hoogstra-autosport.nl\/product\/qsp-aluminium-olie-catchtank-1-liter-d10-aansluiting\/#primaryimage"},"thumbnailUrl":"https:\/\/www.hoogstra-autosport.nl\/teamkoen\/wp-content\/uploads\/2022\/04\/Untitled-Project-2025-12-05T104403.654.jpg","datePublished":"2022-04-19T16:20:40+00:00","dateModified":"2025-12-05T09:44:41+00:00","breadcrumb":{"@id":"https:\/\/www.hoogstra-autosport.nl\/product\/qsp-aluminium-olie-catchtank-1-liter-d10-aansluiting\/#breadcrumb"},"inLanguage":"fr-FR","potentialAction":[{"@type":"ReadAction","target":["https:\/\/www.hoogstra-autosport.nl\/product\/qsp-aluminium-olie-catchtank-1-liter-d10-aansluiting\/"]}]},{"@type":"ImageObject","inLanguage":"fr-FR","@id":"https:\/\/www.hoogstra-autosport.nl\/product\/qsp-aluminium-olie-catchtank-1-liter-d10-aansluiting\/#primaryimage","url":"https:\/\/www.hoogstra-autosport.nl\/teamkoen\/wp-content\/uploads\/2022\/04\/Untitled-Project-2025-12-05T104403.654.jpg","contentUrl":"https:\/\/www.hoogstra-autosport.nl\/teamkoen\/wp-content\/uploads\/2022\/04\/Untitled-Project-2025-12-05T104403.654.jpg","width":1080,"height":1080},{"@type":"BreadcrumbList","@id":"https:\/\/www.hoogstra-autosport.nl\/product\/qsp-aluminium-olie-catchtank-1-liter-d10-aansluiting\/#breadcrumb","itemListElement":[{"@type":"ListItem","position":1,"name":"Home","item":"https:\/\/www.hoogstra-autosport.nl\/"},{"@type":"ListItem","position":2,"name":"Motorisch","item":"https:\/\/www.hoogstra-autosport.nl\/product-categorie\/auto-techniek\/"},{"@type":"ListItem","position":3,"name":"Uitlaten &amp; Isolatie &amp; Motor","item":"https:\/\/www.hoogstra-autosport.nl\/product-categorie\/auto-techniek\/motoren-techniek-inlaat-uitlaat\/"},{"@type":"ListItem","position":4,"name":"Carter Ontluchting","item":"https:\/\/www.hoogstra-autosport.nl\/product-categorie\/auto-techniek\/motoren-techniek-inlaat-uitlaat\/carter-ontluchting-tanks\/"},{"@type":"ListItem","position":5,"name":"QSP aluminium olie catchtank &#8211; 1 liter &#8211; D10 aansluiting"}]},{"@type":"WebSite","@id":"https:\/\/www.hoogstra-autosport.nl\/#website","url":"https:\/\/www.hoogstra-autosport.nl\/","name":"Hoogstra Autosport","description":"Performance Autosport Parts!","potentialAction":[{"@type":"SearchAction","target":{"@type":"EntryPoint","urlTemplate":"https:\/\/www.hoogstra-autosport.nl\/?s={search_term_string}"},"query-input":{"@type":"PropertyValueSpecification","valueRequired":true,"valueName":"search_term_string"}}],"inLanguage":"fr-FR"}]}},"tiered_pricing_type":"fixed","tiered_pricing_fixed_rules":[],"tiered_pricing_product_settings":{"layout":"default","base_unit_name":{"singular":null,"plural":null},"default_variation":null},"tiered_pricing_minimum_quantity":null,"tiered_pricing_roles_data":[],"tiered_pricing_percentage_rules":[],"tiered_pricing_maximum_quantity":null,"tiered_pricing_quantity_step":null,"_links":{"self":[{"href":"https:\/\/www.hoogstra-autosport.nl\/fr\/wp-json\/wp\/v2\/product\/46425","targetHints":{"allow":["GET"]}}],"collection":[{"href":"https:\/\/www.hoogstra-autosport.nl\/fr\/wp-json\/wp\/v2\/product"}],"about":[{"href":"https:\/\/www.hoogstra-autosport.nl\/fr\/wp-json\/wp\/v2\/types\/product"}],"wp:featuredmedia":[{"embeddable":true,"href":"https:\/\/www.hoogstra-autosport.nl\/fr\/wp-json\/wp\/v2\/media\/94518"}],"wp:attachment":[{"href":"https:\/\/www.hoogstra-autosport.nl\/fr\/wp-json\/wp\/v2\/media?parent=46425"}],"wp:term":[{"taxonomy":"product_brand","embeddable":true,"href":"https:\/\/www.hoogstra-autosport.nl\/fr\/wp-json\/wp\/v2\/product_brand?post=46425"},{"taxonomy":"product_cat","embeddable":true,"href":"https:\/\/www.hoogstra-autosport.nl\/fr\/wp-json\/wp\/v2\/product_cat?post=46425"},{"taxonomy":"product_tag","embeddable":true,"href":"https:\/\/www.hoogstra-autosport.nl\/fr\/wp-json\/wp\/v2\/product_tag?post=46425"}],"curies":[{"name":"wp","href":"https:\/\/api.w.org\/{rel}","templated":true}]}}