{"id":45901,"date":"2022-03-31T09:34:09","date_gmt":"2022-03-31T07:34:09","guid":{"rendered":"https:\/\/www.hoogstra-autosport.nl\/?post_type=product&#038;p=45901"},"modified":"2025-02-18T11:29:49","modified_gmt":"2025-02-18T10:29:49","slug":"race-ceiver-communicatie-oortjes","status":"publish","type":"product","link":"https:\/\/www.hoogstra-autosport.nl\/fr\/produit\/race-ceiver-communicatie-oortjes\/","title":{"rendered":"Race Ceiver Legend+ SET"},"content":{"rendered":"<div>Le RACEceiver est con\u00e7u pour aider les conducteurs \u00e0 rester en s\u00e9curit\u00e9 et \u00e0 savoir pr\u00e9cis\u00e9ment ce qui se passe sur la piste \u00e0 tout moment.<\/div>\n<div><\/div>\n<div>Le RACEceiver Legend + est con\u00e7u pour \u00eatre utilis\u00e9 avec une radio bidirectionnelle. 2 ports audio prennent l'audio de la radio bidirectionnelle et l'acheminent \u00e0 travers le Legend+ et vers l'ext\u00e9rieur, de sorte que le conducteur n'a besoin d'utiliser qu'un seul \u00e9couteur pour \u00e9couter les deux sources audio.<\/div>\n<div><\/div>\n<div>Diminue automatiquement le volume de l'audio de la radio bidirectionnelle lorsque les officiels utilisent la fr\u00e9quence du RACEceiver et parlent au terrain, ce qui permet d'entendre plus facilement les instructions des officiels.<\/div>\n<div>Ce jeu comprend le verrouillage des boutons et une meilleure qualit\u00e9 audio<\/div>\n<div><\/div>\n<div>Cha\u00eenes pr\u00e9programm\u00e9es, choisissez celle dont vous avez besoin et lancez-vous dans la course !<\/div>\n<div><\/div>\n<div>Des courses plus fluides, moins d'incidents et plus de temps sur la piste.<\/div>\n<div><\/div>\n<div><\/div>","protected":false},"excerpt":{"rendered":"<p>De RACEceiver is ontworpen om coureurs te helpen veilig te blijven en te allen tijde precies op de hoogte te zijn van wat er op het circuit gebeurt. De RACEceiver Legend + is gemaakt om te worden gebruikt met een 2-weg radio. 2 audiopoorten nemen de audio van de 2-weg radio en leiden deze door [&hellip;]<\/p>\n","protected":false},"featured_media":81262,"template":"","meta":{"_acf_changed":false},"product_brand":[],"product_cat":[3803,4255],"product_tag":[],"class_list":{"0":"post-45901","1":"product","2":"type-product","3":"status-publish","4":"has-post-thumbnail","6":"product_cat-intercoms-heaqsets","7":"product_cat-raceceivers","8":"product_shipping_class-4016","10":"first","11":"instock","12":"taxable","13":"shipping-taxable","14":"purchasable","15":"product-type-simple"},"acf":[],"yoast_head":"<!-- This site is optimized with the Yoast SEO plugin v27.1.1 - https:\/\/yoast.com\/product\/yoast-seo-wordpress\/ -->\n<title>Race Ceiver Legend+ SET - Hoogstra Autosport<\/title>\n<meta name=\"robots\" content=\"index, follow, max-snippet:-1, max-image-preview:large, max-video-preview:-1\" \/>\n<link rel=\"canonical\" href=\"https:\/\/www.hoogstra-autosport.nl\/fr\/produit\/race-ceiver-communicatie-oortjes\/\" \/>\n<meta property=\"og:locale\" content=\"fr_FR\" \/>\n<meta property=\"og:type\" content=\"article\" \/>\n<meta property=\"og:title\" content=\"Race Ceiver Legend+ SET - Hoogstra Autosport\" \/>\n<meta property=\"og:description\" content=\"De RACEceiver is ontworpen om coureurs te helpen veilig te blijven en te allen tijde precies op de hoogte te zijn van wat er op het circuit gebeurt. De RACEceiver Legend + is gemaakt om te worden gebruikt met een 2-weg radio. 2 audiopoorten nemen de audio van de 2-weg radio en leiden deze door [&hellip;]\" \/>\n<meta property=\"og:url\" content=\"https:\/\/www.hoogstra-autosport.nl\/fr\/produit\/race-ceiver-communicatie-oortjes\/\" \/>\n<meta property=\"og:site_name\" content=\"Hoogstra Autosport\" \/>\n<meta property=\"article:modified_time\" content=\"2025-02-18T10:29:49+00:00\" \/>\n<meta property=\"og:image\" content=\"https:\/\/www.hoogstra-autosport.nl\/teamkoen\/content\/uploads\/2022\/03\/original-A0773DF9-FCDF-449C-A65F-A83BD78F8484.webp\" \/>\n\t<meta property=\"og:image:width\" content=\"1000\" \/>\n\t<meta property=\"og:image:height\" content=\"1000\" \/>\n\t<meta property=\"og:image:type\" content=\"image\/webp\" \/>\n<meta name=\"twitter:card\" content=\"summary_large_image\" \/>\n<meta name=\"twitter:label1\" content=\"Dur\u00e9e de lecture estim\u00e9e\" \/>\n\t<meta name=\"twitter:data1\" content=\"1 minute\" \/>\n<script type=\"application\/ld+json\" class=\"yoast-schema-graph\">{\"@context\":\"https:\/\/schema.org\",\"@graph\":[{\"@type\":\"WebPage\",\"@id\":\"https:\/\/www.hoogstra-autosport.nl\/product\/race-ceiver-communicatie-oortjes\/\",\"url\":\"https:\/\/www.hoogstra-autosport.nl\/product\/race-ceiver-communicatie-oortjes\/\",\"name\":\"Race Ceiver Legend+ SET - Hoogstra Autosport\",\"isPartOf\":{\"@id\":\"https:\/\/www.hoogstra-autosport.nl\/#website\"},\"primaryImageOfPage\":{\"@id\":\"https:\/\/www.hoogstra-autosport.nl\/product\/race-ceiver-communicatie-oortjes\/#primaryimage\"},\"image\":{\"@id\":\"https:\/\/www.hoogstra-autosport.nl\/product\/race-ceiver-communicatie-oortjes\/#primaryimage\"},\"thumbnailUrl\":\"https:\/\/www.hoogstra-autosport.nl\/teamkoen\/wp-content\/uploads\/2022\/03\/original-A0773DF9-FCDF-449C-A65F-A83BD78F8484.webp\",\"datePublished\":\"2022-03-31T07:34:09+00:00\",\"dateModified\":\"2025-02-18T10:29:49+00:00\",\"breadcrumb\":{\"@id\":\"https:\/\/www.hoogstra-autosport.nl\/product\/race-ceiver-communicatie-oortjes\/#breadcrumb\"},\"inLanguage\":\"fr-FR\",\"potentialAction\":[{\"@type\":\"ReadAction\",\"target\":[\"https:\/\/www.hoogstra-autosport.nl\/product\/race-ceiver-communicatie-oortjes\/\"]}]},{\"@type\":\"ImageObject\",\"inLanguage\":\"fr-FR\",\"@id\":\"https:\/\/www.hoogstra-autosport.nl\/product\/race-ceiver-communicatie-oortjes\/#primaryimage\",\"url\":\"https:\/\/www.hoogstra-autosport.nl\/teamkoen\/wp-content\/uploads\/2022\/03\/original-A0773DF9-FCDF-449C-A65F-A83BD78F8484.webp\",\"contentUrl\":\"https:\/\/www.hoogstra-autosport.nl\/teamkoen\/wp-content\/uploads\/2022\/03\/original-A0773DF9-FCDF-449C-A65F-A83BD78F8484.webp\",\"width\":1000,\"height\":1000},{\"@type\":\"BreadcrumbList\",\"@id\":\"https:\/\/www.hoogstra-autosport.nl\/product\/race-ceiver-communicatie-oortjes\/#breadcrumb\",\"itemListElement\":[{\"@type\":\"ListItem\",\"position\":1,\"name\":\"Home\",\"item\":\"https:\/\/www.hoogstra-autosport.nl\/\"},{\"@type\":\"ListItem\",\"position\":2,\"name\":\"Uitrusting\",\"item\":\"https:\/\/www.hoogstra-autosport.nl\/product-categorie\/autosport-kleding-helmen\/\"},{\"@type\":\"ListItem\",\"position\":3,\"name\":\"Intercoms &amp; Headsets\",\"item\":\"https:\/\/www.hoogstra-autosport.nl\/product-categorie\/autosport-kleding-helmen\/intercoms-heaqsets\/\"},{\"@type\":\"ListItem\",\"position\":4,\"name\":\"Race Ceiver Legend+ SET\"}]},{\"@type\":\"WebSite\",\"@id\":\"https:\/\/www.hoogstra-autosport.nl\/#website\",\"url\":\"https:\/\/www.hoogstra-autosport.nl\/\",\"name\":\"Hoogstra Autosport\",\"description\":\"Performance Autosport Parts!\",\"potentialAction\":[{\"@type\":\"SearchAction\",\"target\":{\"@type\":\"EntryPoint\",\"urlTemplate\":\"https:\/\/www.hoogstra-autosport.nl\/?s={search_term_string}\"},\"query-input\":{\"@type\":\"PropertyValueSpecification\",\"valueRequired\":true,\"valueName\":\"search_term_string\"}}],\"inLanguage\":\"fr-FR\"}]}<\/script>\n<!-- \/ Yoast SEO plugin. -->","yoast_head_json":{"title":"Race Ceiver Legend+ SET - Hoogstra Autosport","robots":{"index":"index","follow":"follow","max-snippet":"max-snippet:-1","max-image-preview":"max-image-preview:large","max-video-preview":"max-video-preview:-1"},"canonical":"https:\/\/www.hoogstra-autosport.nl\/fr\/produit\/race-ceiver-communicatie-oortjes\/","og_locale":"fr_FR","og_type":"article","og_title":"Race Ceiver Legend+ SET - Hoogstra Autosport","og_description":"De RACEceiver is ontworpen om coureurs te helpen veilig te blijven en te allen tijde precies op de hoogte te zijn van wat er op het circuit gebeurt. De RACEceiver Legend + is gemaakt om te worden gebruikt met een 2-weg radio. 2 audiopoorten nemen de audio van de 2-weg radio en leiden deze door [&hellip;]","og_url":"https:\/\/www.hoogstra-autosport.nl\/fr\/produit\/race-ceiver-communicatie-oortjes\/","og_site_name":"Hoogstra Autosport","article_modified_time":"2025-02-18T10:29:49+00:00","og_image":[{"width":1000,"height":1000,"url":"https:\/\/www.hoogstra-autosport.nl\/teamkoen\/content\/uploads\/2022\/03\/original-A0773DF9-FCDF-449C-A65F-A83BD78F8484.webp","type":"image\/webp"}],"twitter_card":"summary_large_image","twitter_misc":{"Dur\u00e9e de lecture estim\u00e9e":"1 minute"},"schema":{"@context":"https:\/\/schema.org","@graph":[{"@type":"WebPage","@id":"https:\/\/www.hoogstra-autosport.nl\/product\/race-ceiver-communicatie-oortjes\/","url":"https:\/\/www.hoogstra-autosport.nl\/product\/race-ceiver-communicatie-oortjes\/","name":"Race Ceiver Legend+ SET - Hoogstra Autosport","isPartOf":{"@id":"https:\/\/www.hoogstra-autosport.nl\/#website"},"primaryImageOfPage":{"@id":"https:\/\/www.hoogstra-autosport.nl\/product\/race-ceiver-communicatie-oortjes\/#primaryimage"},"image":{"@id":"https:\/\/www.hoogstra-autosport.nl\/product\/race-ceiver-communicatie-oortjes\/#primaryimage"},"thumbnailUrl":"https:\/\/www.hoogstra-autosport.nl\/teamkoen\/wp-content\/uploads\/2022\/03\/original-A0773DF9-FCDF-449C-A65F-A83BD78F8484.webp","datePublished":"2022-03-31T07:34:09+00:00","dateModified":"2025-02-18T10:29:49+00:00","breadcrumb":{"@id":"https:\/\/www.hoogstra-autosport.nl\/product\/race-ceiver-communicatie-oortjes\/#breadcrumb"},"inLanguage":"fr-FR","potentialAction":[{"@type":"ReadAction","target":["https:\/\/www.hoogstra-autosport.nl\/product\/race-ceiver-communicatie-oortjes\/"]}]},{"@type":"ImageObject","inLanguage":"fr-FR","@id":"https:\/\/www.hoogstra-autosport.nl\/product\/race-ceiver-communicatie-oortjes\/#primaryimage","url":"https:\/\/www.hoogstra-autosport.nl\/teamkoen\/wp-content\/uploads\/2022\/03\/original-A0773DF9-FCDF-449C-A65F-A83BD78F8484.webp","contentUrl":"https:\/\/www.hoogstra-autosport.nl\/teamkoen\/wp-content\/uploads\/2022\/03\/original-A0773DF9-FCDF-449C-A65F-A83BD78F8484.webp","width":1000,"height":1000},{"@type":"BreadcrumbList","@id":"https:\/\/www.hoogstra-autosport.nl\/product\/race-ceiver-communicatie-oortjes\/#breadcrumb","itemListElement":[{"@type":"ListItem","position":1,"name":"Home","item":"https:\/\/www.hoogstra-autosport.nl\/"},{"@type":"ListItem","position":2,"name":"Uitrusting","item":"https:\/\/www.hoogstra-autosport.nl\/product-categorie\/autosport-kleding-helmen\/"},{"@type":"ListItem","position":3,"name":"Intercoms &amp; Headsets","item":"https:\/\/www.hoogstra-autosport.nl\/product-categorie\/autosport-kleding-helmen\/intercoms-heaqsets\/"},{"@type":"ListItem","position":4,"name":"Race Ceiver Legend+ SET"}]},{"@type":"WebSite","@id":"https:\/\/www.hoogstra-autosport.nl\/#website","url":"https:\/\/www.hoogstra-autosport.nl\/","name":"Hoogstra Autosport","description":"Performance Autosport Parts!","potentialAction":[{"@type":"SearchAction","target":{"@type":"EntryPoint","urlTemplate":"https:\/\/www.hoogstra-autosport.nl\/?s={search_term_string}"},"query-input":{"@type":"PropertyValueSpecification","valueRequired":true,"valueName":"search_term_string"}}],"inLanguage":"fr-FR"}]}},"tiered_pricing_type":"fixed","tiered_pricing_fixed_rules":[],"tiered_pricing_product_settings":{"layout":"default","base_unit_name":{"singular":null,"plural":null},"default_variation":null},"tiered_pricing_minimum_quantity":null,"tiered_pricing_roles_data":[],"tiered_pricing_percentage_rules":[],"tiered_pricing_maximum_quantity":null,"tiered_pricing_quantity_step":null,"_links":{"self":[{"href":"https:\/\/www.hoogstra-autosport.nl\/fr\/wp-json\/wp\/v2\/product\/45901","targetHints":{"allow":["GET"]}}],"collection":[{"href":"https:\/\/www.hoogstra-autosport.nl\/fr\/wp-json\/wp\/v2\/product"}],"about":[{"href":"https:\/\/www.hoogstra-autosport.nl\/fr\/wp-json\/wp\/v2\/types\/product"}],"wp:featuredmedia":[{"embeddable":true,"href":"https:\/\/www.hoogstra-autosport.nl\/fr\/wp-json\/wp\/v2\/media\/81262"}],"wp:attachment":[{"href":"https:\/\/www.hoogstra-autosport.nl\/fr\/wp-json\/wp\/v2\/media?parent=45901"}],"wp:term":[{"taxonomy":"product_brand","embeddable":true,"href":"https:\/\/www.hoogstra-autosport.nl\/fr\/wp-json\/wp\/v2\/product_brand?post=45901"},{"taxonomy":"product_cat","embeddable":true,"href":"https:\/\/www.hoogstra-autosport.nl\/fr\/wp-json\/wp\/v2\/product_cat?post=45901"},{"taxonomy":"product_tag","embeddable":true,"href":"https:\/\/www.hoogstra-autosport.nl\/fr\/wp-json\/wp\/v2\/product_tag?post=45901"}],"curies":[{"name":"wp","href":"https:\/\/api.w.org\/{rel}","templated":true}]}}