{"id":45879,"date":"2022-03-30T14:22:04","date_gmt":"2022-03-30T12:22:04","guid":{"rendered":"https:\/\/www.hoogstra-autosport.nl\/?post_type=product&#038;p=45879"},"modified":"2024-02-14T10:30:53","modified_gmt":"2024-02-14T09:30:53","slug":"watertemperatuur-meter-qsp","status":"publish","type":"product","link":"https:\/\/www.hoogstra-autosport.nl\/fr\/produit\/watertemperatuur-meter-qsp\/","title":{"rendered":"Jauge de temp\u00e9rature de l'eau QSP"},"content":{"rendered":"<p>&nbsp;<\/p>\n<p>QSP Jauge de temp\u00e9rature de l'eau Gamme : 40 - 120 degr\u00e9s celcius Diam\u00e8tre : 52mm Profondeur d'encastrement : 60mm Equip\u00e9 d'un \u00e9clairage, d'une connexion 12V et d'un kit de montage.<\/p>","protected":false},"excerpt":{"rendered":"<p>&nbsp; QSP Jauge de temp\u00e9rature de l'eau Gamme : 40 - 120 degr\u00e9s celcius Diam\u00e8tre : 52mm Profondeur d'encastrement : 60mm Equip\u00e9 d'un \u00e9clairage, d'une connexion 12V et d'un kit de montage.<\/p>","protected":false},"featured_media":45881,"template":"","meta":{"_acf_changed":false},"product_brand":[],"product_cat":[3780,4077],"product_tag":[],"class_list":{"0":"post-45879","1":"product","2":"type-product","3":"status-publish","4":"has-post-thumbnail","6":"product_cat-meters-dashboard","7":"product_cat-qsp","8":"product_shipping_class-4016","10":"first","11":"instock","12":"taxable","13":"shipping-taxable","14":"purchasable","15":"product-type-simple"},"acf":[],"yoast_head":"<!-- This site is optimized with the Yoast SEO plugin v27.1.1 - https:\/\/yoast.com\/product\/yoast-seo-wordpress\/ -->\n<title>Watertemperatuur meter QSP - Hoogstra Autosport<\/title>\n<meta name=\"robots\" content=\"index, follow, max-snippet:-1, max-image-preview:large, max-video-preview:-1\" \/>\n<link rel=\"canonical\" href=\"https:\/\/www.hoogstra-autosport.nl\/fr\/produit\/watertemperatuur-meter-qsp\/\" \/>\n<meta property=\"og:locale\" content=\"fr_FR\" \/>\n<meta property=\"og:type\" content=\"article\" \/>\n<meta property=\"og:title\" content=\"Watertemperatuur meter QSP - Hoogstra Autosport\" \/>\n<meta property=\"og:description\" content=\"&nbsp; QSP Watertemperatuur meter Bereik: 40 &#8211; 120 graden celcius Diameter: 52mm Inbouw diepte: 60mm.Voorzien van verlichting, 12V aansluiting, en montageset.\" \/>\n<meta property=\"og:url\" content=\"https:\/\/www.hoogstra-autosport.nl\/fr\/produit\/watertemperatuur-meter-qsp\/\" \/>\n<meta property=\"og:site_name\" content=\"Hoogstra Autosport\" \/>\n<meta property=\"article:modified_time\" content=\"2024-02-14T09:30:53+00:00\" \/>\n<meta property=\"og:image\" content=\"https:\/\/www.hoogstra-autosport.nl\/teamkoen\/content\/uploads\/2022\/03\/Snapchat-12233918814.jpg\" \/>\n\t<meta property=\"og:image:width\" content=\"986\" \/>\n\t<meta property=\"og:image:height\" content=\"986\" \/>\n\t<meta property=\"og:image:type\" content=\"image\/jpeg\" \/>\n<meta name=\"twitter:card\" content=\"summary_large_image\" \/>\n<meta name=\"twitter:label1\" content=\"Dur\u00e9e de lecture estim\u00e9e\" \/>\n\t<meta name=\"twitter:data1\" content=\"1 minute\" \/>\n<script type=\"application\/ld+json\" class=\"yoast-schema-graph\">{\"@context\":\"https:\/\/schema.org\",\"@graph\":[{\"@type\":\"WebPage\",\"@id\":\"https:\/\/www.hoogstra-autosport.nl\/product\/watertemperatuur-meter-qsp\/\",\"url\":\"https:\/\/www.hoogstra-autosport.nl\/product\/watertemperatuur-meter-qsp\/\",\"name\":\"Watertemperatuur meter QSP - Hoogstra Autosport\",\"isPartOf\":{\"@id\":\"https:\/\/www.hoogstra-autosport.nl\/#website\"},\"primaryImageOfPage\":{\"@id\":\"https:\/\/www.hoogstra-autosport.nl\/product\/watertemperatuur-meter-qsp\/#primaryimage\"},\"image\":{\"@id\":\"https:\/\/www.hoogstra-autosport.nl\/product\/watertemperatuur-meter-qsp\/#primaryimage\"},\"thumbnailUrl\":\"https:\/\/www.hoogstra-autosport.nl\/teamkoen\/wp-content\/uploads\/2022\/03\/Snapchat-12233918814.jpg\",\"datePublished\":\"2022-03-30T12:22:04+00:00\",\"dateModified\":\"2024-02-14T09:30:53+00:00\",\"breadcrumb\":{\"@id\":\"https:\/\/www.hoogstra-autosport.nl\/product\/watertemperatuur-meter-qsp\/#breadcrumb\"},\"inLanguage\":\"fr-FR\",\"potentialAction\":[{\"@type\":\"ReadAction\",\"target\":[\"https:\/\/www.hoogstra-autosport.nl\/product\/watertemperatuur-meter-qsp\/\"]}]},{\"@type\":\"ImageObject\",\"inLanguage\":\"fr-FR\",\"@id\":\"https:\/\/www.hoogstra-autosport.nl\/product\/watertemperatuur-meter-qsp\/#primaryimage\",\"url\":\"https:\/\/www.hoogstra-autosport.nl\/teamkoen\/wp-content\/uploads\/2022\/03\/Snapchat-12233918814.jpg\",\"contentUrl\":\"https:\/\/www.hoogstra-autosport.nl\/teamkoen\/wp-content\/uploads\/2022\/03\/Snapchat-12233918814.jpg\",\"width\":986,\"height\":986},{\"@type\":\"BreadcrumbList\",\"@id\":\"https:\/\/www.hoogstra-autosport.nl\/product\/watertemperatuur-meter-qsp\/#breadcrumb\",\"itemListElement\":[{\"@type\":\"ListItem\",\"position\":1,\"name\":\"Home\",\"item\":\"https:\/\/www.hoogstra-autosport.nl\/\"},{\"@type\":\"ListItem\",\"position\":2,\"name\":\"Elektriciteit\",\"item\":\"https:\/\/www.hoogstra-autosport.nl\/product-categorie\/elektriciteit\/\"},{\"@type\":\"ListItem\",\"position\":3,\"name\":\"Meters &amp; Sensoren\",\"item\":\"https:\/\/www.hoogstra-autosport.nl\/product-categorie\/elektriciteit\/meters-vdo-meters-sensoren-drukgevers\/\"},{\"@type\":\"ListItem\",\"position\":4,\"name\":\"Meters Dashboard\",\"item\":\"https:\/\/www.hoogstra-autosport.nl\/product-categorie\/elektriciteit\/meters-vdo-meters-sensoren-drukgevers\/meters-dashboard\/\"},{\"@type\":\"ListItem\",\"position\":5,\"name\":\"Watertemperatuur meter QSP\"}]},{\"@type\":\"WebSite\",\"@id\":\"https:\/\/www.hoogstra-autosport.nl\/#website\",\"url\":\"https:\/\/www.hoogstra-autosport.nl\/\",\"name\":\"Hoogstra Autosport\",\"description\":\"Performance Autosport Parts!\",\"potentialAction\":[{\"@type\":\"SearchAction\",\"target\":{\"@type\":\"EntryPoint\",\"urlTemplate\":\"https:\/\/www.hoogstra-autosport.nl\/?s={search_term_string}\"},\"query-input\":{\"@type\":\"PropertyValueSpecification\",\"valueRequired\":true,\"valueName\":\"search_term_string\"}}],\"inLanguage\":\"fr-FR\"}]}<\/script>\n<!-- \/ Yoast SEO plugin. -->","yoast_head_json":{"title":"Watertemperatuur meter QSP - Hoogstra Autosport","robots":{"index":"index","follow":"follow","max-snippet":"max-snippet:-1","max-image-preview":"max-image-preview:large","max-video-preview":"max-video-preview:-1"},"canonical":"https:\/\/www.hoogstra-autosport.nl\/fr\/produit\/watertemperatuur-meter-qsp\/","og_locale":"fr_FR","og_type":"article","og_title":"Watertemperatuur meter QSP - Hoogstra Autosport","og_description":"&nbsp; QSP Watertemperatuur meter Bereik: 40 &#8211; 120 graden celcius Diameter: 52mm Inbouw diepte: 60mm.Voorzien van verlichting, 12V aansluiting, en montageset.","og_url":"https:\/\/www.hoogstra-autosport.nl\/fr\/produit\/watertemperatuur-meter-qsp\/","og_site_name":"Hoogstra Autosport","article_modified_time":"2024-02-14T09:30:53+00:00","og_image":[{"width":986,"height":986,"url":"https:\/\/www.hoogstra-autosport.nl\/teamkoen\/content\/uploads\/2022\/03\/Snapchat-12233918814.jpg","type":"image\/jpeg"}],"twitter_card":"summary_large_image","twitter_misc":{"Dur\u00e9e de lecture estim\u00e9e":"1 minute"},"schema":{"@context":"https:\/\/schema.org","@graph":[{"@type":"WebPage","@id":"https:\/\/www.hoogstra-autosport.nl\/product\/watertemperatuur-meter-qsp\/","url":"https:\/\/www.hoogstra-autosport.nl\/product\/watertemperatuur-meter-qsp\/","name":"Watertemperatuur meter QSP - Hoogstra Autosport","isPartOf":{"@id":"https:\/\/www.hoogstra-autosport.nl\/#website"},"primaryImageOfPage":{"@id":"https:\/\/www.hoogstra-autosport.nl\/product\/watertemperatuur-meter-qsp\/#primaryimage"},"image":{"@id":"https:\/\/www.hoogstra-autosport.nl\/product\/watertemperatuur-meter-qsp\/#primaryimage"},"thumbnailUrl":"https:\/\/www.hoogstra-autosport.nl\/teamkoen\/wp-content\/uploads\/2022\/03\/Snapchat-12233918814.jpg","datePublished":"2022-03-30T12:22:04+00:00","dateModified":"2024-02-14T09:30:53+00:00","breadcrumb":{"@id":"https:\/\/www.hoogstra-autosport.nl\/product\/watertemperatuur-meter-qsp\/#breadcrumb"},"inLanguage":"fr-FR","potentialAction":[{"@type":"ReadAction","target":["https:\/\/www.hoogstra-autosport.nl\/product\/watertemperatuur-meter-qsp\/"]}]},{"@type":"ImageObject","inLanguage":"fr-FR","@id":"https:\/\/www.hoogstra-autosport.nl\/product\/watertemperatuur-meter-qsp\/#primaryimage","url":"https:\/\/www.hoogstra-autosport.nl\/teamkoen\/wp-content\/uploads\/2022\/03\/Snapchat-12233918814.jpg","contentUrl":"https:\/\/www.hoogstra-autosport.nl\/teamkoen\/wp-content\/uploads\/2022\/03\/Snapchat-12233918814.jpg","width":986,"height":986},{"@type":"BreadcrumbList","@id":"https:\/\/www.hoogstra-autosport.nl\/product\/watertemperatuur-meter-qsp\/#breadcrumb","itemListElement":[{"@type":"ListItem","position":1,"name":"Home","item":"https:\/\/www.hoogstra-autosport.nl\/"},{"@type":"ListItem","position":2,"name":"Elektriciteit","item":"https:\/\/www.hoogstra-autosport.nl\/product-categorie\/elektriciteit\/"},{"@type":"ListItem","position":3,"name":"Meters &amp; Sensoren","item":"https:\/\/www.hoogstra-autosport.nl\/product-categorie\/elektriciteit\/meters-vdo-meters-sensoren-drukgevers\/"},{"@type":"ListItem","position":4,"name":"Meters Dashboard","item":"https:\/\/www.hoogstra-autosport.nl\/product-categorie\/elektriciteit\/meters-vdo-meters-sensoren-drukgevers\/meters-dashboard\/"},{"@type":"ListItem","position":5,"name":"Watertemperatuur meter QSP"}]},{"@type":"WebSite","@id":"https:\/\/www.hoogstra-autosport.nl\/#website","url":"https:\/\/www.hoogstra-autosport.nl\/","name":"Hoogstra Autosport","description":"Performance Autosport Parts!","potentialAction":[{"@type":"SearchAction","target":{"@type":"EntryPoint","urlTemplate":"https:\/\/www.hoogstra-autosport.nl\/?s={search_term_string}"},"query-input":{"@type":"PropertyValueSpecification","valueRequired":true,"valueName":"search_term_string"}}],"inLanguage":"fr-FR"}]}},"tiered_pricing_type":"fixed","tiered_pricing_fixed_rules":[],"tiered_pricing_product_settings":{"layout":"default","base_unit_name":{"singular":null,"plural":null},"default_variation":null},"tiered_pricing_minimum_quantity":null,"tiered_pricing_roles_data":[],"tiered_pricing_percentage_rules":[],"tiered_pricing_maximum_quantity":null,"tiered_pricing_quantity_step":null,"_links":{"self":[{"href":"https:\/\/www.hoogstra-autosport.nl\/fr\/wp-json\/wp\/v2\/product\/45879","targetHints":{"allow":["GET"]}}],"collection":[{"href":"https:\/\/www.hoogstra-autosport.nl\/fr\/wp-json\/wp\/v2\/product"}],"about":[{"href":"https:\/\/www.hoogstra-autosport.nl\/fr\/wp-json\/wp\/v2\/types\/product"}],"wp:featuredmedia":[{"embeddable":true,"href":"https:\/\/www.hoogstra-autosport.nl\/fr\/wp-json\/wp\/v2\/media\/45881"}],"wp:attachment":[{"href":"https:\/\/www.hoogstra-autosport.nl\/fr\/wp-json\/wp\/v2\/media?parent=45879"}],"wp:term":[{"taxonomy":"product_brand","embeddable":true,"href":"https:\/\/www.hoogstra-autosport.nl\/fr\/wp-json\/wp\/v2\/product_brand?post=45879"},{"taxonomy":"product_cat","embeddable":true,"href":"https:\/\/www.hoogstra-autosport.nl\/fr\/wp-json\/wp\/v2\/product_cat?post=45879"},{"taxonomy":"product_tag","embeddable":true,"href":"https:\/\/www.hoogstra-autosport.nl\/fr\/wp-json\/wp\/v2\/product_tag?post=45879"}],"curies":[{"name":"wp","href":"https:\/\/api.w.org\/{rel}","templated":true}]}}