{"id":45801,"date":"2022-03-28T14:42:49","date_gmt":"2022-03-28T12:42:49","guid":{"rendered":"https:\/\/www.hoogstra-autosport.nl\/?post_type=product&#038;p=45801"},"modified":"2025-12-02T15:20:51","modified_gmt":"2025-12-02T14:20:51","slug":"hjs-uitlaatdemper-incl-katalysator-70mm-superbuggy","status":"publish","type":"product","link":"https:\/\/www.hoogstra-autosport.nl\/fr\/produit\/hjs-uitlaatdemper-incl-katalysator-70mm-superbuggy\/","title":{"rendered":"HJS Silencieux d'\u00e9chappement avec catalyseur 70mm Superbuggy"},"content":{"rendered":"<p>Convient aux moteurs de 3000cc \u00e0 6000cc jusqu'\u00e0 400HP<\/p>\n<p>Silencieux HJS avec catalyseur int\u00e9gr\u00e9<\/p>\n<p>tout en 1 id\u00e9al et super fonctionnel<\/p>\n<p><span class=\"goog-text-highlight\">Sa conception compacte permet de l'installer m\u00eame dans des v\u00e9hicules \u00e0 faible garde au sol.<\/span><\/p>\n<p><span class=\"goog-text-highlight\"><br \/>\n<\/span>La combinaison du silencieux et du\u00a0<a title=\"Catalyseurs PE\" href=\"http:\/\/www.hjs-motorsport.de\/products\/motorsport\/catalysts\/pe-catalysts.html\">Catalyseur PE<\/a>\u00a0permet de r\u00e9aliser des \u00e9conomies de poids significatives.<\/p>\n<p>L'unit\u00e9 catalytique interchangeable en poly\u00e9thyl\u00e8ne garantit un remplacement rentable.<\/p>\n<p>Dimensions : 70 mm connexions peuvent traverser le c\u00f4ne jusqu'\u00e0 76 MM , 142 diam\u00e8tre, 425 mm de long<\/p>","protected":false},"excerpt":{"rendered":"<p>Geschikt voor motoren van 3000cc tot 6000cc tot 400PK HJS uitlaatdemper inclusief ge\u00efntegreerde katalysator alles in 1 ideaal en super werkend De compacte constructie maakt de installatie ook in voertuigen met een lage bodemvrijheid. De combinatie van geluiddemper en\u00a0PE katalysator\u00a0zorgt voor een aanzienlijke gewichtsbesparing. De verwisselbare PE katalysator unit staat garant voor kosteneffectieve vervanging. Maten: [&hellip;]<\/p>\n","protected":false},"featured_media":94381,"template":"","meta":{"_acf_changed":false},"product_brand":[],"product_cat":[3876,3879],"product_tag":[],"class_list":{"0":"post-45801","1":"product","2":"type-product","3":"status-publish","4":"has-post-thumbnail","6":"product_cat-katalysator","7":"product_cat-uitlaatdemper-bochten-70-mm","8":"product_shipping_class-4016","10":"first","11":"instock","12":"taxable","13":"shipping-taxable","14":"purchasable","15":"product-type-simple"},"acf":[],"yoast_head":"<!-- This site is optimized with the Yoast SEO plugin v27.1.1 - https:\/\/yoast.com\/product\/yoast-seo-wordpress\/ -->\n<title>HJS Uitlaatdemper incl katalysator 70mm Superbuggy - Hoogstra Autosport<\/title>\n<meta name=\"robots\" content=\"index, follow, max-snippet:-1, max-image-preview:large, max-video-preview:-1\" \/>\n<link rel=\"canonical\" href=\"https:\/\/www.hoogstra-autosport.nl\/fr\/produit\/hjs-uitlaatdemper-incl-katalysator-70mm-superbuggy\/\" \/>\n<meta property=\"og:locale\" content=\"fr_FR\" \/>\n<meta property=\"og:type\" content=\"article\" \/>\n<meta property=\"og:title\" content=\"HJS Uitlaatdemper incl katalysator 70mm Superbuggy - Hoogstra Autosport\" \/>\n<meta property=\"og:description\" content=\"Geschikt voor motoren van 3000cc tot 6000cc tot 400PK HJS uitlaatdemper inclusief ge\u00efntegreerde katalysator alles in 1 ideaal en super werkend De compacte constructie maakt de installatie ook in voertuigen met een lage bodemvrijheid. De combinatie van geluiddemper en\u00a0PE katalysator\u00a0zorgt voor een aanzienlijke gewichtsbesparing. De verwisselbare PE katalysator unit staat garant voor kosteneffectieve vervanging. Maten: [&hellip;]\" \/>\n<meta property=\"og:url\" content=\"https:\/\/www.hoogstra-autosport.nl\/fr\/produit\/hjs-uitlaatdemper-incl-katalysator-70mm-superbuggy\/\" \/>\n<meta property=\"og:site_name\" content=\"Hoogstra Autosport\" \/>\n<meta property=\"article:modified_time\" content=\"2025-12-02T14:20:51+00:00\" \/>\n<meta property=\"og:image\" content=\"https:\/\/www.hoogstra-autosport.nl\/teamkoen\/wp-content\/uploads\/2021\/05\/Untitled-Project-2025-12-02T152016.614.jpg\" \/>\n\t<meta property=\"og:image:width\" content=\"1080\" \/>\n\t<meta property=\"og:image:height\" content=\"1080\" \/>\n\t<meta property=\"og:image:type\" content=\"image\/jpeg\" \/>\n<meta name=\"twitter:card\" content=\"summary_large_image\" \/>\n<meta name=\"twitter:label1\" content=\"Dur\u00e9e de lecture estim\u00e9e\" \/>\n\t<meta name=\"twitter:data1\" content=\"1 minute\" \/>\n<script type=\"application\/ld+json\" class=\"yoast-schema-graph\">{\"@context\":\"https:\/\/schema.org\",\"@graph\":[{\"@type\":\"WebPage\",\"@id\":\"https:\/\/www.hoogstra-autosport.nl\/product\/hjs-uitlaatdemper-incl-katalysator-70mm-superbuggy\/\",\"url\":\"https:\/\/www.hoogstra-autosport.nl\/product\/hjs-uitlaatdemper-incl-katalysator-70mm-superbuggy\/\",\"name\":\"HJS Uitlaatdemper incl katalysator 70mm Superbuggy - Hoogstra Autosport\",\"isPartOf\":{\"@id\":\"https:\/\/www.hoogstra-autosport.nl\/#website\"},\"primaryImageOfPage\":{\"@id\":\"https:\/\/www.hoogstra-autosport.nl\/product\/hjs-uitlaatdemper-incl-katalysator-70mm-superbuggy\/#primaryimage\"},\"image\":{\"@id\":\"https:\/\/www.hoogstra-autosport.nl\/product\/hjs-uitlaatdemper-incl-katalysator-70mm-superbuggy\/#primaryimage\"},\"thumbnailUrl\":\"https:\/\/www.hoogstra-autosport.nl\/teamkoen\/wp-content\/uploads\/2021\/05\/Untitled-Project-2025-12-02T152016.614.jpg\",\"datePublished\":\"2022-03-28T12:42:49+00:00\",\"dateModified\":\"2025-12-02T14:20:51+00:00\",\"breadcrumb\":{\"@id\":\"https:\/\/www.hoogstra-autosport.nl\/product\/hjs-uitlaatdemper-incl-katalysator-70mm-superbuggy\/#breadcrumb\"},\"inLanguage\":\"fr-FR\",\"potentialAction\":[{\"@type\":\"ReadAction\",\"target\":[\"https:\/\/www.hoogstra-autosport.nl\/product\/hjs-uitlaatdemper-incl-katalysator-70mm-superbuggy\/\"]}]},{\"@type\":\"ImageObject\",\"inLanguage\":\"fr-FR\",\"@id\":\"https:\/\/www.hoogstra-autosport.nl\/product\/hjs-uitlaatdemper-incl-katalysator-70mm-superbuggy\/#primaryimage\",\"url\":\"https:\/\/www.hoogstra-autosport.nl\/teamkoen\/wp-content\/uploads\/2021\/05\/Untitled-Project-2025-12-02T152016.614.jpg\",\"contentUrl\":\"https:\/\/www.hoogstra-autosport.nl\/teamkoen\/wp-content\/uploads\/2021\/05\/Untitled-Project-2025-12-02T152016.614.jpg\",\"width\":1080,\"height\":1080},{\"@type\":\"BreadcrumbList\",\"@id\":\"https:\/\/www.hoogstra-autosport.nl\/product\/hjs-uitlaatdemper-incl-katalysator-70mm-superbuggy\/#breadcrumb\",\"itemListElement\":[{\"@type\":\"ListItem\",\"position\":1,\"name\":\"Home\",\"item\":\"https:\/\/www.hoogstra-autosport.nl\/\"},{\"@type\":\"ListItem\",\"position\":2,\"name\":\"Motorisch\",\"item\":\"https:\/\/www.hoogstra-autosport.nl\/product-categorie\/auto-techniek\/\"},{\"@type\":\"ListItem\",\"position\":3,\"name\":\"Uitlaten &amp; Isolatie &amp; Motor\",\"item\":\"https:\/\/www.hoogstra-autosport.nl\/product-categorie\/auto-techniek\/motoren-techniek-inlaat-uitlaat\/\"},{\"@type\":\"ListItem\",\"position\":4,\"name\":\"Dempers &amp; Katalysatoren\",\"item\":\"https:\/\/www.hoogstra-autosport.nl\/product-categorie\/auto-techniek\/motoren-techniek-inlaat-uitlaat\/uitlaten-en-dempers\/\"},{\"@type\":\"ListItem\",\"position\":5,\"name\":\"Katalysator - HJS-Powersprint\",\"item\":\"https:\/\/www.hoogstra-autosport.nl\/product-categorie\/auto-techniek\/motoren-techniek-inlaat-uitlaat\/uitlaten-en-dempers\/katalysator\/\"},{\"@type\":\"ListItem\",\"position\":6,\"name\":\"HJS Uitlaatdemper incl katalysator 70mm Superbuggy\"}]},{\"@type\":\"WebSite\",\"@id\":\"https:\/\/www.hoogstra-autosport.nl\/#website\",\"url\":\"https:\/\/www.hoogstra-autosport.nl\/\",\"name\":\"Hoogstra Autosport\",\"description\":\"Performance Autosport Parts!\",\"potentialAction\":[{\"@type\":\"SearchAction\",\"target\":{\"@type\":\"EntryPoint\",\"urlTemplate\":\"https:\/\/www.hoogstra-autosport.nl\/?s={search_term_string}\"},\"query-input\":{\"@type\":\"PropertyValueSpecification\",\"valueRequired\":true,\"valueName\":\"search_term_string\"}}],\"inLanguage\":\"fr-FR\"}]}<\/script>\n<!-- \/ Yoast SEO plugin. -->","yoast_head_json":{"title":"HJS Uitlaatdemper incl katalysator 70mm Superbuggy - Hoogstra Autosport","robots":{"index":"index","follow":"follow","max-snippet":"max-snippet:-1","max-image-preview":"max-image-preview:large","max-video-preview":"max-video-preview:-1"},"canonical":"https:\/\/www.hoogstra-autosport.nl\/fr\/produit\/hjs-uitlaatdemper-incl-katalysator-70mm-superbuggy\/","og_locale":"fr_FR","og_type":"article","og_title":"HJS Uitlaatdemper incl katalysator 70mm Superbuggy - Hoogstra Autosport","og_description":"Geschikt voor motoren van 3000cc tot 6000cc tot 400PK HJS uitlaatdemper inclusief ge\u00efntegreerde katalysator alles in 1 ideaal en super werkend De compacte constructie maakt de installatie ook in voertuigen met een lage bodemvrijheid. De combinatie van geluiddemper en\u00a0PE katalysator\u00a0zorgt voor een aanzienlijke gewichtsbesparing. De verwisselbare PE katalysator unit staat garant voor kosteneffectieve vervanging. Maten: [&hellip;]","og_url":"https:\/\/www.hoogstra-autosport.nl\/fr\/produit\/hjs-uitlaatdemper-incl-katalysator-70mm-superbuggy\/","og_site_name":"Hoogstra Autosport","article_modified_time":"2025-12-02T14:20:51+00:00","og_image":[{"width":1080,"height":1080,"url":"https:\/\/www.hoogstra-autosport.nl\/teamkoen\/wp-content\/uploads\/2021\/05\/Untitled-Project-2025-12-02T152016.614.jpg","type":"image\/jpeg"}],"twitter_card":"summary_large_image","twitter_misc":{"Dur\u00e9e de lecture estim\u00e9e":"1 minute"},"schema":{"@context":"https:\/\/schema.org","@graph":[{"@type":"WebPage","@id":"https:\/\/www.hoogstra-autosport.nl\/product\/hjs-uitlaatdemper-incl-katalysator-70mm-superbuggy\/","url":"https:\/\/www.hoogstra-autosport.nl\/product\/hjs-uitlaatdemper-incl-katalysator-70mm-superbuggy\/","name":"HJS Uitlaatdemper incl katalysator 70mm Superbuggy - Hoogstra Autosport","isPartOf":{"@id":"https:\/\/www.hoogstra-autosport.nl\/#website"},"primaryImageOfPage":{"@id":"https:\/\/www.hoogstra-autosport.nl\/product\/hjs-uitlaatdemper-incl-katalysator-70mm-superbuggy\/#primaryimage"},"image":{"@id":"https:\/\/www.hoogstra-autosport.nl\/product\/hjs-uitlaatdemper-incl-katalysator-70mm-superbuggy\/#primaryimage"},"thumbnailUrl":"https:\/\/www.hoogstra-autosport.nl\/teamkoen\/wp-content\/uploads\/2021\/05\/Untitled-Project-2025-12-02T152016.614.jpg","datePublished":"2022-03-28T12:42:49+00:00","dateModified":"2025-12-02T14:20:51+00:00","breadcrumb":{"@id":"https:\/\/www.hoogstra-autosport.nl\/product\/hjs-uitlaatdemper-incl-katalysator-70mm-superbuggy\/#breadcrumb"},"inLanguage":"fr-FR","potentialAction":[{"@type":"ReadAction","target":["https:\/\/www.hoogstra-autosport.nl\/product\/hjs-uitlaatdemper-incl-katalysator-70mm-superbuggy\/"]}]},{"@type":"ImageObject","inLanguage":"fr-FR","@id":"https:\/\/www.hoogstra-autosport.nl\/product\/hjs-uitlaatdemper-incl-katalysator-70mm-superbuggy\/#primaryimage","url":"https:\/\/www.hoogstra-autosport.nl\/teamkoen\/wp-content\/uploads\/2021\/05\/Untitled-Project-2025-12-02T152016.614.jpg","contentUrl":"https:\/\/www.hoogstra-autosport.nl\/teamkoen\/wp-content\/uploads\/2021\/05\/Untitled-Project-2025-12-02T152016.614.jpg","width":1080,"height":1080},{"@type":"BreadcrumbList","@id":"https:\/\/www.hoogstra-autosport.nl\/product\/hjs-uitlaatdemper-incl-katalysator-70mm-superbuggy\/#breadcrumb","itemListElement":[{"@type":"ListItem","position":1,"name":"Home","item":"https:\/\/www.hoogstra-autosport.nl\/"},{"@type":"ListItem","position":2,"name":"Motorisch","item":"https:\/\/www.hoogstra-autosport.nl\/product-categorie\/auto-techniek\/"},{"@type":"ListItem","position":3,"name":"Uitlaten &amp; Isolatie &amp; Motor","item":"https:\/\/www.hoogstra-autosport.nl\/product-categorie\/auto-techniek\/motoren-techniek-inlaat-uitlaat\/"},{"@type":"ListItem","position":4,"name":"Dempers &amp; Katalysatoren","item":"https:\/\/www.hoogstra-autosport.nl\/product-categorie\/auto-techniek\/motoren-techniek-inlaat-uitlaat\/uitlaten-en-dempers\/"},{"@type":"ListItem","position":5,"name":"Katalysator - HJS-Powersprint","item":"https:\/\/www.hoogstra-autosport.nl\/product-categorie\/auto-techniek\/motoren-techniek-inlaat-uitlaat\/uitlaten-en-dempers\/katalysator\/"},{"@type":"ListItem","position":6,"name":"HJS Uitlaatdemper incl katalysator 70mm Superbuggy"}]},{"@type":"WebSite","@id":"https:\/\/www.hoogstra-autosport.nl\/#website","url":"https:\/\/www.hoogstra-autosport.nl\/","name":"Hoogstra Autosport","description":"Performance Autosport Parts!","potentialAction":[{"@type":"SearchAction","target":{"@type":"EntryPoint","urlTemplate":"https:\/\/www.hoogstra-autosport.nl\/?s={search_term_string}"},"query-input":{"@type":"PropertyValueSpecification","valueRequired":true,"valueName":"search_term_string"}}],"inLanguage":"fr-FR"}]}},"tiered_pricing_type":"fixed","tiered_pricing_fixed_rules":[],"tiered_pricing_product_settings":{"layout":"default","base_unit_name":{"singular":null,"plural":null},"default_variation":null},"tiered_pricing_minimum_quantity":null,"tiered_pricing_roles_data":[],"tiered_pricing_percentage_rules":[],"tiered_pricing_maximum_quantity":null,"tiered_pricing_quantity_step":null,"_links":{"self":[{"href":"https:\/\/www.hoogstra-autosport.nl\/fr\/wp-json\/wp\/v2\/product\/45801","targetHints":{"allow":["GET"]}}],"collection":[{"href":"https:\/\/www.hoogstra-autosport.nl\/fr\/wp-json\/wp\/v2\/product"}],"about":[{"href":"https:\/\/www.hoogstra-autosport.nl\/fr\/wp-json\/wp\/v2\/types\/product"}],"wp:featuredmedia":[{"embeddable":true,"href":"https:\/\/www.hoogstra-autosport.nl\/fr\/wp-json\/wp\/v2\/media\/94381"}],"wp:attachment":[{"href":"https:\/\/www.hoogstra-autosport.nl\/fr\/wp-json\/wp\/v2\/media?parent=45801"}],"wp:term":[{"taxonomy":"product_brand","embeddable":true,"href":"https:\/\/www.hoogstra-autosport.nl\/fr\/wp-json\/wp\/v2\/product_brand?post=45801"},{"taxonomy":"product_cat","embeddable":true,"href":"https:\/\/www.hoogstra-autosport.nl\/fr\/wp-json\/wp\/v2\/product_cat?post=45801"},{"taxonomy":"product_tag","embeddable":true,"href":"https:\/\/www.hoogstra-autosport.nl\/fr\/wp-json\/wp\/v2\/product_tag?post=45801"}],"curies":[{"name":"wp","href":"https:\/\/api.w.org\/{rel}","templated":true}]}}