{"id":45141,"date":"2022-02-28T10:08:59","date_gmt":"2022-02-28T09:08:59","guid":{"rendered":"https:\/\/www.hoogstra-autosport.nl\/?post_type=product&#038;p=45141"},"modified":"2025-04-29T11:33:00","modified_gmt":"2025-04-29T09:33:00","slug":"qsp-4-punts-gordel-budget-type-fia-zwart","status":"publish","type":"product","link":"https:\/\/www.hoogstra-autosport.nl\/fr\/produit\/qsp-4-punts-gordel-budget-type-fia-zwart\/","title":{"rendered":"Ceinture QSP 4 points Budget (noir)"},"content":{"rendered":"<p>\u00c9paules 3\" \/ hanches 3\" de large. \u00c9quip\u00e9 d'un r\u00e9glage en acier pour les \u00e9paules et d'un r\u00e9glage en acier pour les hanches. La ceinture est livr\u00e9e avec une boucle \u00e0 d\u00e9clenchement rapide et des \u0153illets de ceinture. Ne peut \u00eatre utilis\u00e9e que comme ceinture \u00e0 4 points.<\/p>\n<p>Disponible en noir, bleu, vert, rouge, jaune, argent, violet et rose.<\/p>\n<p>&nbsp;<\/p>","protected":false},"excerpt":{"rendered":"<p>Schouders 3&#8221; \/ heup 3&#8221; breed.\u00a0Voorzien van stalen schouderverstelling en stalen heupverstellingen. De gordel wordt compleet geleverd met snelsluiting en gordelogen. Alleen mogelijk als 4-punts gordel te gebruiken. Leverbaar in de kleuren: zwart, blauw, groen, rood, geel, zilver, paars en roze. &nbsp;<\/p>","protected":false},"featured_media":45142,"template":"","meta":{"_acf_changed":false},"product_brand":[],"product_cat":[2733],"product_tag":[],"class_list":{"0":"post-45141","1":"product","2":"type-product","3":"status-publish","4":"has-post-thumbnail","6":"product_cat-street-racing-harnesses-straatversie-gordel","7":"product_shipping_class-4016","9":"first","10":"instock","11":"taxable","12":"shipping-taxable","13":"purchasable","14":"product-type-simple"},"acf":[],"yoast_head":"<!-- This site is optimized with the Yoast SEO plugin v27.1.1 - https:\/\/yoast.com\/product\/yoast-seo-wordpress\/ -->\n<title>QSP 4-punts gordel Budget (zwart) - Hoogstra Autosport<\/title>\n<meta name=\"robots\" content=\"index, follow, max-snippet:-1, max-image-preview:large, max-video-preview:-1\" \/>\n<link rel=\"canonical\" href=\"https:\/\/www.hoogstra-autosport.nl\/fr\/produit\/qsp-4-punts-gordel-budget-type-fia-zwart\/\" \/>\n<meta property=\"og:locale\" content=\"fr_FR\" \/>\n<meta property=\"og:type\" content=\"article\" \/>\n<meta property=\"og:title\" content=\"QSP 4-punts gordel Budget (zwart) - Hoogstra Autosport\" \/>\n<meta property=\"og:description\" content=\"Schouders 3&#8221; \/ heup 3&#8221; breed.\u00a0Voorzien van stalen schouderverstelling en stalen heupverstellingen. De gordel wordt compleet geleverd met snelsluiting en gordelogen. Alleen mogelijk als 4-punts gordel te gebruiken. Leverbaar in de kleuren: zwart, blauw, groen, rood, geel, zilver, paars en roze. &nbsp;\" \/>\n<meta property=\"og:url\" content=\"https:\/\/www.hoogstra-autosport.nl\/fr\/produit\/qsp-4-punts-gordel-budget-type-fia-zwart\/\" \/>\n<meta property=\"og:site_name\" content=\"Hoogstra Autosport\" \/>\n<meta property=\"article:modified_time\" content=\"2025-04-29T09:33:00+00:00\" \/>\n<meta property=\"og:image\" content=\"https:\/\/www.hoogstra-autosport.nl\/teamkoen\/content\/uploads\/2022\/02\/Snapchat-1604978300437.jpg\" \/>\n\t<meta property=\"og:image:width\" content=\"600\" \/>\n\t<meta property=\"og:image:height\" content=\"617\" \/>\n\t<meta property=\"og:image:type\" content=\"image\/jpeg\" \/>\n<meta name=\"twitter:card\" content=\"summary_large_image\" \/>\n<meta name=\"twitter:label1\" content=\"Dur\u00e9e de lecture estim\u00e9e\" \/>\n\t<meta name=\"twitter:data1\" content=\"1 minute\" \/>\n<script type=\"application\/ld+json\" class=\"yoast-schema-graph\">{\"@context\":\"https:\/\/schema.org\",\"@graph\":[{\"@type\":\"WebPage\",\"@id\":\"https:\/\/www.hoogstra-autosport.nl\/product\/qsp-4-punts-gordel-budget-type-fia-zwart\/\",\"url\":\"https:\/\/www.hoogstra-autosport.nl\/product\/qsp-4-punts-gordel-budget-type-fia-zwart\/\",\"name\":\"QSP 4-punts gordel Budget (zwart) - Hoogstra Autosport\",\"isPartOf\":{\"@id\":\"https:\/\/www.hoogstra-autosport.nl\/#website\"},\"primaryImageOfPage\":{\"@id\":\"https:\/\/www.hoogstra-autosport.nl\/product\/qsp-4-punts-gordel-budget-type-fia-zwart\/#primaryimage\"},\"image\":{\"@id\":\"https:\/\/www.hoogstra-autosport.nl\/product\/qsp-4-punts-gordel-budget-type-fia-zwart\/#primaryimage\"},\"thumbnailUrl\":\"https:\/\/www.hoogstra-autosport.nl\/teamkoen\/wp-content\/uploads\/2022\/02\/Snapchat-1604978300437.jpg\",\"datePublished\":\"2022-02-28T09:08:59+00:00\",\"dateModified\":\"2025-04-29T09:33:00+00:00\",\"breadcrumb\":{\"@id\":\"https:\/\/www.hoogstra-autosport.nl\/product\/qsp-4-punts-gordel-budget-type-fia-zwart\/#breadcrumb\"},\"inLanguage\":\"fr-FR\",\"potentialAction\":[{\"@type\":\"ReadAction\",\"target\":[\"https:\/\/www.hoogstra-autosport.nl\/product\/qsp-4-punts-gordel-budget-type-fia-zwart\/\"]}]},{\"@type\":\"ImageObject\",\"inLanguage\":\"fr-FR\",\"@id\":\"https:\/\/www.hoogstra-autosport.nl\/product\/qsp-4-punts-gordel-budget-type-fia-zwart\/#primaryimage\",\"url\":\"https:\/\/www.hoogstra-autosport.nl\/teamkoen\/wp-content\/uploads\/2022\/02\/Snapchat-1604978300437.jpg\",\"contentUrl\":\"https:\/\/www.hoogstra-autosport.nl\/teamkoen\/wp-content\/uploads\/2022\/02\/Snapchat-1604978300437.jpg\",\"width\":600,\"height\":617},{\"@type\":\"BreadcrumbList\",\"@id\":\"https:\/\/www.hoogstra-autosport.nl\/product\/qsp-4-punts-gordel-budget-type-fia-zwart\/#breadcrumb\",\"itemListElement\":[{\"@type\":\"ListItem\",\"position\":1,\"name\":\"Home\",\"item\":\"https:\/\/www.hoogstra-autosport.nl\/\"},{\"@type\":\"ListItem\",\"position\":2,\"name\":\"Interieur\",\"item\":\"https:\/\/www.hoogstra-autosport.nl\/product-categorie\/remmen-brandstof-tanken\/\"},{\"@type\":\"ListItem\",\"position\":3,\"name\":\"Gordels\",\"item\":\"https:\/\/www.hoogstra-autosport.nl\/product-categorie\/remmen-brandstof-tanken\/gordel-autosport\/\"},{\"@type\":\"ListItem\",\"position\":4,\"name\":\"Street Racing Harnesses Straatversie Gordel\",\"item\":\"https:\/\/www.hoogstra-autosport.nl\/product-categorie\/remmen-brandstof-tanken\/gordel-autosport\/street-racing-harnesses-straatversie-gordel\/\"},{\"@type\":\"ListItem\",\"position\":5,\"name\":\"QSP 4-punts gordel Budget (zwart)\"}]},{\"@type\":\"WebSite\",\"@id\":\"https:\/\/www.hoogstra-autosport.nl\/#website\",\"url\":\"https:\/\/www.hoogstra-autosport.nl\/\",\"name\":\"Hoogstra Autosport\",\"description\":\"Performance Autosport Parts!\",\"potentialAction\":[{\"@type\":\"SearchAction\",\"target\":{\"@type\":\"EntryPoint\",\"urlTemplate\":\"https:\/\/www.hoogstra-autosport.nl\/?s={search_term_string}\"},\"query-input\":{\"@type\":\"PropertyValueSpecification\",\"valueRequired\":true,\"valueName\":\"search_term_string\"}}],\"inLanguage\":\"fr-FR\"}]}<\/script>\n<!-- \/ Yoast SEO plugin. -->","yoast_head_json":{"title":"QSP 4-punts gordel Budget (zwart) - Hoogstra Autosport","robots":{"index":"index","follow":"follow","max-snippet":"max-snippet:-1","max-image-preview":"max-image-preview:large","max-video-preview":"max-video-preview:-1"},"canonical":"https:\/\/www.hoogstra-autosport.nl\/fr\/produit\/qsp-4-punts-gordel-budget-type-fia-zwart\/","og_locale":"fr_FR","og_type":"article","og_title":"QSP 4-punts gordel Budget (zwart) - Hoogstra Autosport","og_description":"Schouders 3&#8221; \/ heup 3&#8221; breed.\u00a0Voorzien van stalen schouderverstelling en stalen heupverstellingen. De gordel wordt compleet geleverd met snelsluiting en gordelogen. Alleen mogelijk als 4-punts gordel te gebruiken. Leverbaar in de kleuren: zwart, blauw, groen, rood, geel, zilver, paars en roze. &nbsp;","og_url":"https:\/\/www.hoogstra-autosport.nl\/fr\/produit\/qsp-4-punts-gordel-budget-type-fia-zwart\/","og_site_name":"Hoogstra Autosport","article_modified_time":"2025-04-29T09:33:00+00:00","og_image":[{"width":600,"height":617,"url":"https:\/\/www.hoogstra-autosport.nl\/teamkoen\/content\/uploads\/2022\/02\/Snapchat-1604978300437.jpg","type":"image\/jpeg"}],"twitter_card":"summary_large_image","twitter_misc":{"Dur\u00e9e de lecture estim\u00e9e":"1 minute"},"schema":{"@context":"https:\/\/schema.org","@graph":[{"@type":"WebPage","@id":"https:\/\/www.hoogstra-autosport.nl\/product\/qsp-4-punts-gordel-budget-type-fia-zwart\/","url":"https:\/\/www.hoogstra-autosport.nl\/product\/qsp-4-punts-gordel-budget-type-fia-zwart\/","name":"QSP 4-punts gordel Budget (zwart) - Hoogstra Autosport","isPartOf":{"@id":"https:\/\/www.hoogstra-autosport.nl\/#website"},"primaryImageOfPage":{"@id":"https:\/\/www.hoogstra-autosport.nl\/product\/qsp-4-punts-gordel-budget-type-fia-zwart\/#primaryimage"},"image":{"@id":"https:\/\/www.hoogstra-autosport.nl\/product\/qsp-4-punts-gordel-budget-type-fia-zwart\/#primaryimage"},"thumbnailUrl":"https:\/\/www.hoogstra-autosport.nl\/teamkoen\/wp-content\/uploads\/2022\/02\/Snapchat-1604978300437.jpg","datePublished":"2022-02-28T09:08:59+00:00","dateModified":"2025-04-29T09:33:00+00:00","breadcrumb":{"@id":"https:\/\/www.hoogstra-autosport.nl\/product\/qsp-4-punts-gordel-budget-type-fia-zwart\/#breadcrumb"},"inLanguage":"fr-FR","potentialAction":[{"@type":"ReadAction","target":["https:\/\/www.hoogstra-autosport.nl\/product\/qsp-4-punts-gordel-budget-type-fia-zwart\/"]}]},{"@type":"ImageObject","inLanguage":"fr-FR","@id":"https:\/\/www.hoogstra-autosport.nl\/product\/qsp-4-punts-gordel-budget-type-fia-zwart\/#primaryimage","url":"https:\/\/www.hoogstra-autosport.nl\/teamkoen\/wp-content\/uploads\/2022\/02\/Snapchat-1604978300437.jpg","contentUrl":"https:\/\/www.hoogstra-autosport.nl\/teamkoen\/wp-content\/uploads\/2022\/02\/Snapchat-1604978300437.jpg","width":600,"height":617},{"@type":"BreadcrumbList","@id":"https:\/\/www.hoogstra-autosport.nl\/product\/qsp-4-punts-gordel-budget-type-fia-zwart\/#breadcrumb","itemListElement":[{"@type":"ListItem","position":1,"name":"Home","item":"https:\/\/www.hoogstra-autosport.nl\/"},{"@type":"ListItem","position":2,"name":"Interieur","item":"https:\/\/www.hoogstra-autosport.nl\/product-categorie\/remmen-brandstof-tanken\/"},{"@type":"ListItem","position":3,"name":"Gordels","item":"https:\/\/www.hoogstra-autosport.nl\/product-categorie\/remmen-brandstof-tanken\/gordel-autosport\/"},{"@type":"ListItem","position":4,"name":"Street Racing Harnesses Straatversie Gordel","item":"https:\/\/www.hoogstra-autosport.nl\/product-categorie\/remmen-brandstof-tanken\/gordel-autosport\/street-racing-harnesses-straatversie-gordel\/"},{"@type":"ListItem","position":5,"name":"QSP 4-punts gordel Budget (zwart)"}]},{"@type":"WebSite","@id":"https:\/\/www.hoogstra-autosport.nl\/#website","url":"https:\/\/www.hoogstra-autosport.nl\/","name":"Hoogstra Autosport","description":"Performance Autosport Parts!","potentialAction":[{"@type":"SearchAction","target":{"@type":"EntryPoint","urlTemplate":"https:\/\/www.hoogstra-autosport.nl\/?s={search_term_string}"},"query-input":{"@type":"PropertyValueSpecification","valueRequired":true,"valueName":"search_term_string"}}],"inLanguage":"fr-FR"}]}},"tiered_pricing_type":"fixed","tiered_pricing_fixed_rules":[],"tiered_pricing_product_settings":{"layout":"default","base_unit_name":{"singular":null,"plural":null},"default_variation":null},"tiered_pricing_minimum_quantity":null,"tiered_pricing_roles_data":[],"tiered_pricing_percentage_rules":[],"tiered_pricing_maximum_quantity":null,"tiered_pricing_quantity_step":null,"_links":{"self":[{"href":"https:\/\/www.hoogstra-autosport.nl\/fr\/wp-json\/wp\/v2\/product\/45141","targetHints":{"allow":["GET"]}}],"collection":[{"href":"https:\/\/www.hoogstra-autosport.nl\/fr\/wp-json\/wp\/v2\/product"}],"about":[{"href":"https:\/\/www.hoogstra-autosport.nl\/fr\/wp-json\/wp\/v2\/types\/product"}],"wp:featuredmedia":[{"embeddable":true,"href":"https:\/\/www.hoogstra-autosport.nl\/fr\/wp-json\/wp\/v2\/media\/45142"}],"wp:attachment":[{"href":"https:\/\/www.hoogstra-autosport.nl\/fr\/wp-json\/wp\/v2\/media?parent=45141"}],"wp:term":[{"taxonomy":"product_brand","embeddable":true,"href":"https:\/\/www.hoogstra-autosport.nl\/fr\/wp-json\/wp\/v2\/product_brand?post=45141"},{"taxonomy":"product_cat","embeddable":true,"href":"https:\/\/www.hoogstra-autosport.nl\/fr\/wp-json\/wp\/v2\/product_cat?post=45141"},{"taxonomy":"product_tag","embeddable":true,"href":"https:\/\/www.hoogstra-autosport.nl\/fr\/wp-json\/wp\/v2\/product_tag?post=45141"}],"curies":[{"name":"wp","href":"https:\/\/api.w.org\/{rel}","templated":true}]}}