{"id":44944,"date":"2022-02-21T11:59:47","date_gmt":"2022-02-21T10:59:47","guid":{"rendered":"https:\/\/www.hoogstra-autosport.nl\/?post_type=product&#038;p=44944"},"modified":"2025-04-09T13:16:04","modified_gmt":"2025-04-09T11:16:04","slug":"fedima-extreme-4x4-lt-ms-offroad-225-65r16-c-110q-ms","status":"publish","type":"product","link":"https:\/\/www.hoogstra-autosport.nl\/fr\/produit\/fedima-extreme-4x4-lt-ms-offroad-225-65r16-c-110q-ms\/","title":{"rendered":"FEDIMA EXTREME 4X4 LT M+S OFFROAD 225\/65R16 -C 110Q M+S"},"content":{"rendered":"<p>Les pneus Fedima Extreme sont con\u00e7us pour la conduite hors route.<br \/>\nLes pneus portent la marque E et le label de qualit\u00e9 pour les pneus d'hiver.<br \/>\nLa bande de roulement est de 20%, adapt\u00e9e \u00e0 la conduite sur route (asphalte), et de 80%, adapt\u00e9e \u00e0 la conduite hors route.<\/p>\n<p>Pour plus d'informations sur ce produit, appelez-nous ou envoyez-nous un e-mail.<\/p>","protected":false},"excerpt":{"rendered":"<p>De Fedima Extreme banden zijn gemaakt voor het Off-Road rijden. De banden beschikken over een E-keurmerk en het keurmerk voor winterbanden. Het profiel is voor 20% geschikt voor om straat (asfalt) en 80% geschikt voor het Off-Road rijden. Voor verdere info over dit product bel ons of stuur een E-mail.<\/p>","protected":false},"featured_media":44897,"template":"","meta":{"_acf_changed":false},"product_brand":[],"product_cat":[3996],"product_tag":[],"class_list":{"0":"post-44944","1":"product","2":"type-product","3":"status-publish","4":"has-post-thumbnail","6":"product_cat-off-road-banden","7":"product_shipping_class-4017","9":"first","10":"instock","11":"taxable","12":"shipping-taxable","13":"purchasable","14":"product-type-simple"},"acf":[],"yoast_head":"<!-- This site is optimized with the Yoast SEO plugin v27.1.1 - https:\/\/yoast.com\/product\/yoast-seo-wordpress\/ -->\n<title>FEDIMA EXTREME 4X4 LT M+S OFFROAD 225\/65R16 -C 110Q M+S - Hoogstra Autosport<\/title>\n<meta name=\"robots\" content=\"index, follow, max-snippet:-1, max-image-preview:large, max-video-preview:-1\" \/>\n<link rel=\"canonical\" href=\"https:\/\/www.hoogstra-autosport.nl\/fr\/produit\/fedima-extreme-4x4-lt-ms-offroad-225-65r16-c-110q-ms\/\" \/>\n<meta property=\"og:locale\" content=\"fr_FR\" \/>\n<meta property=\"og:type\" content=\"article\" \/>\n<meta property=\"og:title\" content=\"FEDIMA EXTREME 4X4 LT M+S OFFROAD 225\/65R16 -C 110Q M+S - Hoogstra Autosport\" \/>\n<meta property=\"og:description\" content=\"De Fedima Extreme banden zijn gemaakt voor het Off-Road rijden. De banden beschikken over een E-keurmerk en het keurmerk voor winterbanden. Het profiel is voor 20% geschikt voor om straat (asfalt) en 80% geschikt voor het Off-Road rijden. Voor verdere info over dit product bel ons of stuur een E-mail.\" \/>\n<meta property=\"og:url\" content=\"https:\/\/www.hoogstra-autosport.nl\/fr\/produit\/fedima-extreme-4x4-lt-ms-offroad-225-65r16-c-110q-ms\/\" \/>\n<meta property=\"og:site_name\" content=\"Hoogstra Autosport\" \/>\n<meta property=\"article:modified_time\" content=\"2025-04-09T11:16:04+00:00\" \/>\n<meta property=\"og:image\" content=\"https:\/\/www.hoogstra-autosport.nl\/teamkoen\/content\/uploads\/2022\/02\/Snapchat-993163252349-e1645438904422.jpg\" \/>\n\t<meta property=\"og:image:width\" content=\"568\" \/>\n\t<meta property=\"og:image:height\" content=\"586\" \/>\n\t<meta property=\"og:image:type\" content=\"image\/jpeg\" \/>\n<meta name=\"twitter:card\" content=\"summary_large_image\" \/>\n<meta name=\"twitter:label1\" content=\"Dur\u00e9e de lecture estim\u00e9e\" \/>\n\t<meta name=\"twitter:data1\" content=\"1 minute\" \/>\n<script type=\"application\/ld+json\" class=\"yoast-schema-graph\">{\"@context\":\"https:\/\/schema.org\",\"@graph\":[{\"@type\":\"WebPage\",\"@id\":\"https:\/\/www.hoogstra-autosport.nl\/product\/fedima-extreme-4x4-lt-ms-offroad-225-65r16-c-110q-ms\/\",\"url\":\"https:\/\/www.hoogstra-autosport.nl\/product\/fedima-extreme-4x4-lt-ms-offroad-225-65r16-c-110q-ms\/\",\"name\":\"FEDIMA EXTREME 4X4 LT M+S OFFROAD 225\/65R16 -C 110Q M+S - Hoogstra Autosport\",\"isPartOf\":{\"@id\":\"https:\/\/www.hoogstra-autosport.nl\/#website\"},\"primaryImageOfPage\":{\"@id\":\"https:\/\/www.hoogstra-autosport.nl\/product\/fedima-extreme-4x4-lt-ms-offroad-225-65r16-c-110q-ms\/#primaryimage\"},\"image\":{\"@id\":\"https:\/\/www.hoogstra-autosport.nl\/product\/fedima-extreme-4x4-lt-ms-offroad-225-65r16-c-110q-ms\/#primaryimage\"},\"thumbnailUrl\":\"https:\/\/www.hoogstra-autosport.nl\/teamkoen\/wp-content\/uploads\/2022\/02\/Snapchat-993163252349-e1645438904422.jpg\",\"datePublished\":\"2022-02-21T10:59:47+00:00\",\"dateModified\":\"2025-04-09T11:16:04+00:00\",\"breadcrumb\":{\"@id\":\"https:\/\/www.hoogstra-autosport.nl\/product\/fedima-extreme-4x4-lt-ms-offroad-225-65r16-c-110q-ms\/#breadcrumb\"},\"inLanguage\":\"fr-FR\",\"potentialAction\":[{\"@type\":\"ReadAction\",\"target\":[\"https:\/\/www.hoogstra-autosport.nl\/product\/fedima-extreme-4x4-lt-ms-offroad-225-65r16-c-110q-ms\/\"]}]},{\"@type\":\"ImageObject\",\"inLanguage\":\"fr-FR\",\"@id\":\"https:\/\/www.hoogstra-autosport.nl\/product\/fedima-extreme-4x4-lt-ms-offroad-225-65r16-c-110q-ms\/#primaryimage\",\"url\":\"https:\/\/www.hoogstra-autosport.nl\/teamkoen\/wp-content\/uploads\/2022\/02\/Snapchat-993163252349-e1645438904422.jpg\",\"contentUrl\":\"https:\/\/www.hoogstra-autosport.nl\/teamkoen\/wp-content\/uploads\/2022\/02\/Snapchat-993163252349-e1645438904422.jpg\",\"width\":568,\"height\":586},{\"@type\":\"BreadcrumbList\",\"@id\":\"https:\/\/www.hoogstra-autosport.nl\/product\/fedima-extreme-4x4-lt-ms-offroad-225-65r16-c-110q-ms\/#breadcrumb\",\"itemListElement\":[{\"@type\":\"ListItem\",\"position\":1,\"name\":\"Home\",\"item\":\"https:\/\/www.hoogstra-autosport.nl\/\"},{\"@type\":\"ListItem\",\"position\":2,\"name\":\"Banden &amp; Velgen\",\"item\":\"https:\/\/www.hoogstra-autosport.nl\/product-categorie\/autocrossbanden-en-velgen\/\"},{\"@type\":\"ListItem\",\"position\":3,\"name\":\"Off-Road banden\",\"item\":\"https:\/\/www.hoogstra-autosport.nl\/product-categorie\/autocrossbanden-en-velgen\/off-road-banden\/\"},{\"@type\":\"ListItem\",\"position\":4,\"name\":\"FEDIMA EXTREME 4X4 LT M+S OFFROAD 225\/65R16 -C 110Q M+S\"}]},{\"@type\":\"WebSite\",\"@id\":\"https:\/\/www.hoogstra-autosport.nl\/#website\",\"url\":\"https:\/\/www.hoogstra-autosport.nl\/\",\"name\":\"Hoogstra Autosport\",\"description\":\"Performance Autosport Parts!\",\"potentialAction\":[{\"@type\":\"SearchAction\",\"target\":{\"@type\":\"EntryPoint\",\"urlTemplate\":\"https:\/\/www.hoogstra-autosport.nl\/?s={search_term_string}\"},\"query-input\":{\"@type\":\"PropertyValueSpecification\",\"valueRequired\":true,\"valueName\":\"search_term_string\"}}],\"inLanguage\":\"fr-FR\"}]}<\/script>\n<!-- \/ Yoast SEO plugin. -->","yoast_head_json":{"title":"FEDIMA EXTREME 4X4 LT M+S OFFROAD 225\/65R16 -C 110Q M+S - Hoogstra Autosport","robots":{"index":"index","follow":"follow","max-snippet":"max-snippet:-1","max-image-preview":"max-image-preview:large","max-video-preview":"max-video-preview:-1"},"canonical":"https:\/\/www.hoogstra-autosport.nl\/fr\/produit\/fedima-extreme-4x4-lt-ms-offroad-225-65r16-c-110q-ms\/","og_locale":"fr_FR","og_type":"article","og_title":"FEDIMA EXTREME 4X4 LT M+S OFFROAD 225\/65R16 -C 110Q M+S - Hoogstra Autosport","og_description":"De Fedima Extreme banden zijn gemaakt voor het Off-Road rijden. De banden beschikken over een E-keurmerk en het keurmerk voor winterbanden. Het profiel is voor 20% geschikt voor om straat (asfalt) en 80% geschikt voor het Off-Road rijden. Voor verdere info over dit product bel ons of stuur een E-mail.","og_url":"https:\/\/www.hoogstra-autosport.nl\/fr\/produit\/fedima-extreme-4x4-lt-ms-offroad-225-65r16-c-110q-ms\/","og_site_name":"Hoogstra Autosport","article_modified_time":"2025-04-09T11:16:04+00:00","og_image":[{"width":568,"height":586,"url":"https:\/\/www.hoogstra-autosport.nl\/teamkoen\/content\/uploads\/2022\/02\/Snapchat-993163252349-e1645438904422.jpg","type":"image\/jpeg"}],"twitter_card":"summary_large_image","twitter_misc":{"Dur\u00e9e de lecture estim\u00e9e":"1 minute"},"schema":{"@context":"https:\/\/schema.org","@graph":[{"@type":"WebPage","@id":"https:\/\/www.hoogstra-autosport.nl\/product\/fedima-extreme-4x4-lt-ms-offroad-225-65r16-c-110q-ms\/","url":"https:\/\/www.hoogstra-autosport.nl\/product\/fedima-extreme-4x4-lt-ms-offroad-225-65r16-c-110q-ms\/","name":"FEDIMA EXTREME 4X4 LT M+S OFFROAD 225\/65R16 -C 110Q M+S - Hoogstra Autosport","isPartOf":{"@id":"https:\/\/www.hoogstra-autosport.nl\/#website"},"primaryImageOfPage":{"@id":"https:\/\/www.hoogstra-autosport.nl\/product\/fedima-extreme-4x4-lt-ms-offroad-225-65r16-c-110q-ms\/#primaryimage"},"image":{"@id":"https:\/\/www.hoogstra-autosport.nl\/product\/fedima-extreme-4x4-lt-ms-offroad-225-65r16-c-110q-ms\/#primaryimage"},"thumbnailUrl":"https:\/\/www.hoogstra-autosport.nl\/teamkoen\/wp-content\/uploads\/2022\/02\/Snapchat-993163252349-e1645438904422.jpg","datePublished":"2022-02-21T10:59:47+00:00","dateModified":"2025-04-09T11:16:04+00:00","breadcrumb":{"@id":"https:\/\/www.hoogstra-autosport.nl\/product\/fedima-extreme-4x4-lt-ms-offroad-225-65r16-c-110q-ms\/#breadcrumb"},"inLanguage":"fr-FR","potentialAction":[{"@type":"ReadAction","target":["https:\/\/www.hoogstra-autosport.nl\/product\/fedima-extreme-4x4-lt-ms-offroad-225-65r16-c-110q-ms\/"]}]},{"@type":"ImageObject","inLanguage":"fr-FR","@id":"https:\/\/www.hoogstra-autosport.nl\/product\/fedima-extreme-4x4-lt-ms-offroad-225-65r16-c-110q-ms\/#primaryimage","url":"https:\/\/www.hoogstra-autosport.nl\/teamkoen\/wp-content\/uploads\/2022\/02\/Snapchat-993163252349-e1645438904422.jpg","contentUrl":"https:\/\/www.hoogstra-autosport.nl\/teamkoen\/wp-content\/uploads\/2022\/02\/Snapchat-993163252349-e1645438904422.jpg","width":568,"height":586},{"@type":"BreadcrumbList","@id":"https:\/\/www.hoogstra-autosport.nl\/product\/fedima-extreme-4x4-lt-ms-offroad-225-65r16-c-110q-ms\/#breadcrumb","itemListElement":[{"@type":"ListItem","position":1,"name":"Home","item":"https:\/\/www.hoogstra-autosport.nl\/"},{"@type":"ListItem","position":2,"name":"Banden &amp; Velgen","item":"https:\/\/www.hoogstra-autosport.nl\/product-categorie\/autocrossbanden-en-velgen\/"},{"@type":"ListItem","position":3,"name":"Off-Road banden","item":"https:\/\/www.hoogstra-autosport.nl\/product-categorie\/autocrossbanden-en-velgen\/off-road-banden\/"},{"@type":"ListItem","position":4,"name":"FEDIMA EXTREME 4X4 LT M+S OFFROAD 225\/65R16 -C 110Q M+S"}]},{"@type":"WebSite","@id":"https:\/\/www.hoogstra-autosport.nl\/#website","url":"https:\/\/www.hoogstra-autosport.nl\/","name":"Hoogstra Autosport","description":"Performance Autosport Parts!","potentialAction":[{"@type":"SearchAction","target":{"@type":"EntryPoint","urlTemplate":"https:\/\/www.hoogstra-autosport.nl\/?s={search_term_string}"},"query-input":{"@type":"PropertyValueSpecification","valueRequired":true,"valueName":"search_term_string"}}],"inLanguage":"fr-FR"}]}},"tiered_pricing_type":"fixed","tiered_pricing_fixed_rules":[],"tiered_pricing_product_settings":{"layout":"default","base_unit_name":{"singular":null,"plural":null},"default_variation":null},"tiered_pricing_minimum_quantity":null,"tiered_pricing_roles_data":[],"tiered_pricing_percentage_rules":[],"tiered_pricing_maximum_quantity":null,"tiered_pricing_quantity_step":null,"_links":{"self":[{"href":"https:\/\/www.hoogstra-autosport.nl\/fr\/wp-json\/wp\/v2\/product\/44944","targetHints":{"allow":["GET"]}}],"collection":[{"href":"https:\/\/www.hoogstra-autosport.nl\/fr\/wp-json\/wp\/v2\/product"}],"about":[{"href":"https:\/\/www.hoogstra-autosport.nl\/fr\/wp-json\/wp\/v2\/types\/product"}],"wp:featuredmedia":[{"embeddable":true,"href":"https:\/\/www.hoogstra-autosport.nl\/fr\/wp-json\/wp\/v2\/media\/44897"}],"wp:attachment":[{"href":"https:\/\/www.hoogstra-autosport.nl\/fr\/wp-json\/wp\/v2\/media?parent=44944"}],"wp:term":[{"taxonomy":"product_brand","embeddable":true,"href":"https:\/\/www.hoogstra-autosport.nl\/fr\/wp-json\/wp\/v2\/product_brand?post=44944"},{"taxonomy":"product_cat","embeddable":true,"href":"https:\/\/www.hoogstra-autosport.nl\/fr\/wp-json\/wp\/v2\/product_cat?post=44944"},{"taxonomy":"product_tag","embeddable":true,"href":"https:\/\/www.hoogstra-autosport.nl\/fr\/wp-json\/wp\/v2\/product_tag?post=44944"}],"curies":[{"name":"wp","href":"https:\/\/api.w.org\/{rel}","templated":true}]}}