{"id":44364,"date":"2022-02-07T09:56:28","date_gmt":"2022-02-07T08:56:28","guid":{"rendered":"https:\/\/www.hoogstra-autosport.nl\/?post_type=product&#038;p=44364"},"modified":"2024-03-26T19:43:30","modified_gmt":"2024-03-26T18:43:30","slug":"fedima-f-t-semi-slick-225-40r18-88w-s0-supersoft","status":"publish","type":"product","link":"https:\/\/www.hoogstra-autosport.nl\/fr\/produit\/fedima-f-t-semi-slick-225-40r18-88w-s0-supersoft\/","title":{"rendered":"FEDIMA F\/T SEMI SLICK 225\/40R18 88W S0 SUPERSOFT"},"content":{"rendered":"<p>Pneus de rallye munis d'une marque E.<br \/>\nLes pneus sont adapt\u00e9s \u00e0 l'asphalte sec et mouill\u00e9.<\/p>\n<p>Disponible en diff\u00e9rents compos\u00e9s :<br \/>\nSO (48 shore) : Rallycross, Autocross (voitures plus l\u00e9g\u00e8res), piste mouill\u00e9e<br \/>\nS1 (52 shore) : Rallye<br \/>\nS3 (62 shore) : Course de fond<br \/>\nSX premium : Le pneu est \u00e9quip\u00e9 d'une gomme thermique qui offre la meilleure adh\u00e9rence \u00e0 une temp\u00e9rature comprise entre 40 et 80 degr\u00e9s.<\/p>","protected":false},"excerpt":{"rendered":"<p>Rallybanden voorzien van een E-keurmerk. De banden zijn geschikt voor nat en droog asfalt. Verkrijgbaar in verschillende compounds: SO (48 shore): Rallycross, Autocross (lichtere auto&#8217;s), natte baan S1 (52 shore): Rally S3 (62 shore): Lange afstandsraces SX premium: De band is voorzien van thermisch rubber wat de beste grip heeft bij een bandentemperatuur tussen de [&hellip;]<\/p>\n","protected":false},"featured_media":44360,"template":"","meta":{"_acf_changed":false},"product_brand":[],"product_cat":[4082,3915,3914],"product_tag":[],"class_list":{"0":"post-44364","1":"product","2":"type-product","3":"status-publish","4":"has-post-thumbnail","6":"product_cat-fedima","7":"product_cat-fedima-rally-banden","8":"product_cat-race-banden","9":"product_shipping_class-4017","11":"first","12":"instock","13":"taxable","14":"shipping-taxable","15":"purchasable","16":"product-type-simple"},"acf":[],"yoast_head":"<!-- This site is optimized with the Yoast SEO plugin v27.1.1 - https:\/\/yoast.com\/product\/yoast-seo-wordpress\/ -->\n<title>FEDIMA F\/T SEMI SLICK 225\/40R18 88W S0 SUPERSOFT - Hoogstra Autosport<\/title>\n<meta name=\"robots\" content=\"index, follow, max-snippet:-1, max-image-preview:large, max-video-preview:-1\" \/>\n<link rel=\"canonical\" href=\"https:\/\/www.hoogstra-autosport.nl\/fr\/produit\/fedima-f-t-semi-slick-225-40r18-88w-s0-supersoft\/\" \/>\n<meta property=\"og:locale\" content=\"fr_FR\" \/>\n<meta property=\"og:type\" content=\"article\" \/>\n<meta property=\"og:title\" content=\"FEDIMA F\/T SEMI SLICK 225\/40R18 88W S0 SUPERSOFT - Hoogstra Autosport\" \/>\n<meta property=\"og:description\" content=\"Rallybanden voorzien van een E-keurmerk. De banden zijn geschikt voor nat en droog asfalt. Verkrijgbaar in verschillende compounds: SO (48 shore): Rallycross, Autocross (lichtere auto&#8217;s), natte baan S1 (52 shore): Rally S3 (62 shore): Lange afstandsraces SX premium: De band is voorzien van thermisch rubber wat de beste grip heeft bij een bandentemperatuur tussen de [&hellip;]\" \/>\n<meta property=\"og:url\" content=\"https:\/\/www.hoogstra-autosport.nl\/fr\/produit\/fedima-f-t-semi-slick-225-40r18-88w-s0-supersoft\/\" \/>\n<meta property=\"og:site_name\" content=\"Hoogstra Autosport\" \/>\n<meta property=\"article:modified_time\" content=\"2024-03-26T18:43:30+00:00\" \/>\n<meta property=\"og:image\" content=\"https:\/\/www.hoogstra-autosport.nl\/teamkoen\/content\/uploads\/2022\/02\/Snapchat-77104033287-e1644223835894.jpg\" \/>\n\t<meta property=\"og:image:width\" content=\"545\" \/>\n\t<meta property=\"og:image:height\" content=\"572\" \/>\n\t<meta property=\"og:image:type\" content=\"image\/jpeg\" \/>\n<meta name=\"twitter:card\" content=\"summary_large_image\" \/>\n<meta name=\"twitter:label1\" content=\"Dur\u00e9e de lecture estim\u00e9e\" \/>\n\t<meta name=\"twitter:data1\" content=\"1 minute\" \/>\n<script type=\"application\/ld+json\" class=\"yoast-schema-graph\">{\"@context\":\"https:\/\/schema.org\",\"@graph\":[{\"@type\":\"WebPage\",\"@id\":\"https:\/\/www.hoogstra-autosport.nl\/product\/fedima-f-t-semi-slick-225-40r18-88w-s0-supersoft\/\",\"url\":\"https:\/\/www.hoogstra-autosport.nl\/product\/fedima-f-t-semi-slick-225-40r18-88w-s0-supersoft\/\",\"name\":\"FEDIMA F\/T SEMI SLICK 225\/40R18 88W S0 SUPERSOFT - Hoogstra Autosport\",\"isPartOf\":{\"@id\":\"https:\/\/www.hoogstra-autosport.nl\/#website\"},\"primaryImageOfPage\":{\"@id\":\"https:\/\/www.hoogstra-autosport.nl\/product\/fedima-f-t-semi-slick-225-40r18-88w-s0-supersoft\/#primaryimage\"},\"image\":{\"@id\":\"https:\/\/www.hoogstra-autosport.nl\/product\/fedima-f-t-semi-slick-225-40r18-88w-s0-supersoft\/#primaryimage\"},\"thumbnailUrl\":\"https:\/\/www.hoogstra-autosport.nl\/teamkoen\/wp-content\/uploads\/2022\/02\/Snapchat-77104033287-e1644223835894.jpg\",\"datePublished\":\"2022-02-07T08:56:28+00:00\",\"dateModified\":\"2024-03-26T18:43:30+00:00\",\"breadcrumb\":{\"@id\":\"https:\/\/www.hoogstra-autosport.nl\/product\/fedima-f-t-semi-slick-225-40r18-88w-s0-supersoft\/#breadcrumb\"},\"inLanguage\":\"fr-FR\",\"potentialAction\":[{\"@type\":\"ReadAction\",\"target\":[\"https:\/\/www.hoogstra-autosport.nl\/product\/fedima-f-t-semi-slick-225-40r18-88w-s0-supersoft\/\"]}]},{\"@type\":\"ImageObject\",\"inLanguage\":\"fr-FR\",\"@id\":\"https:\/\/www.hoogstra-autosport.nl\/product\/fedima-f-t-semi-slick-225-40r18-88w-s0-supersoft\/#primaryimage\",\"url\":\"https:\/\/www.hoogstra-autosport.nl\/teamkoen\/wp-content\/uploads\/2022\/02\/Snapchat-77104033287-e1644223835894.jpg\",\"contentUrl\":\"https:\/\/www.hoogstra-autosport.nl\/teamkoen\/wp-content\/uploads\/2022\/02\/Snapchat-77104033287-e1644223835894.jpg\",\"width\":545,\"height\":572},{\"@type\":\"BreadcrumbList\",\"@id\":\"https:\/\/www.hoogstra-autosport.nl\/product\/fedima-f-t-semi-slick-225-40r18-88w-s0-supersoft\/#breadcrumb\",\"itemListElement\":[{\"@type\":\"ListItem\",\"position\":1,\"name\":\"Home\",\"item\":\"https:\/\/www.hoogstra-autosport.nl\/\"},{\"@type\":\"ListItem\",\"position\":2,\"name\":\"Banden &amp; Velgen\",\"item\":\"https:\/\/www.hoogstra-autosport.nl\/product-categorie\/autocrossbanden-en-velgen\/\"},{\"@type\":\"ListItem\",\"position\":3,\"name\":\"Rally &amp; Rallycross Banden\",\"item\":\"https:\/\/www.hoogstra-autosport.nl\/product-categorie\/autocrossbanden-en-velgen\/rally-banden\/\"},{\"@type\":\"ListItem\",\"position\":4,\"name\":\"Fedima Rally Banden\",\"item\":\"https:\/\/www.hoogstra-autosport.nl\/product-categorie\/autocrossbanden-en-velgen\/rally-banden\/fedima-rally-banden\/\"},{\"@type\":\"ListItem\",\"position\":5,\"name\":\"FEDIMA F\/T SEMI SLICK 225\/40R18 88W S0 SUPERSOFT\"}]},{\"@type\":\"WebSite\",\"@id\":\"https:\/\/www.hoogstra-autosport.nl\/#website\",\"url\":\"https:\/\/www.hoogstra-autosport.nl\/\",\"name\":\"Hoogstra Autosport\",\"description\":\"Performance Autosport Parts!\",\"potentialAction\":[{\"@type\":\"SearchAction\",\"target\":{\"@type\":\"EntryPoint\",\"urlTemplate\":\"https:\/\/www.hoogstra-autosport.nl\/?s={search_term_string}\"},\"query-input\":{\"@type\":\"PropertyValueSpecification\",\"valueRequired\":true,\"valueName\":\"search_term_string\"}}],\"inLanguage\":\"fr-FR\"}]}<\/script>\n<!-- \/ Yoast SEO plugin. -->","yoast_head_json":{"title":"FEDIMA F\/T SEMI SLICK 225\/40R18 88W S0 SUPERSOFT - Hoogstra Autosport","robots":{"index":"index","follow":"follow","max-snippet":"max-snippet:-1","max-image-preview":"max-image-preview:large","max-video-preview":"max-video-preview:-1"},"canonical":"https:\/\/www.hoogstra-autosport.nl\/fr\/produit\/fedima-f-t-semi-slick-225-40r18-88w-s0-supersoft\/","og_locale":"fr_FR","og_type":"article","og_title":"FEDIMA F\/T SEMI SLICK 225\/40R18 88W S0 SUPERSOFT - Hoogstra Autosport","og_description":"Rallybanden voorzien van een E-keurmerk. De banden zijn geschikt voor nat en droog asfalt. Verkrijgbaar in verschillende compounds: SO (48 shore): Rallycross, Autocross (lichtere auto&#8217;s), natte baan S1 (52 shore): Rally S3 (62 shore): Lange afstandsraces SX premium: De band is voorzien van thermisch rubber wat de beste grip heeft bij een bandentemperatuur tussen de [&hellip;]","og_url":"https:\/\/www.hoogstra-autosport.nl\/fr\/produit\/fedima-f-t-semi-slick-225-40r18-88w-s0-supersoft\/","og_site_name":"Hoogstra Autosport","article_modified_time":"2024-03-26T18:43:30+00:00","og_image":[{"width":545,"height":572,"url":"https:\/\/www.hoogstra-autosport.nl\/teamkoen\/content\/uploads\/2022\/02\/Snapchat-77104033287-e1644223835894.jpg","type":"image\/jpeg"}],"twitter_card":"summary_large_image","twitter_misc":{"Dur\u00e9e de lecture estim\u00e9e":"1 minute"},"schema":{"@context":"https:\/\/schema.org","@graph":[{"@type":"WebPage","@id":"https:\/\/www.hoogstra-autosport.nl\/product\/fedima-f-t-semi-slick-225-40r18-88w-s0-supersoft\/","url":"https:\/\/www.hoogstra-autosport.nl\/product\/fedima-f-t-semi-slick-225-40r18-88w-s0-supersoft\/","name":"FEDIMA F\/T SEMI SLICK 225\/40R18 88W S0 SUPERSOFT - Hoogstra Autosport","isPartOf":{"@id":"https:\/\/www.hoogstra-autosport.nl\/#website"},"primaryImageOfPage":{"@id":"https:\/\/www.hoogstra-autosport.nl\/product\/fedima-f-t-semi-slick-225-40r18-88w-s0-supersoft\/#primaryimage"},"image":{"@id":"https:\/\/www.hoogstra-autosport.nl\/product\/fedima-f-t-semi-slick-225-40r18-88w-s0-supersoft\/#primaryimage"},"thumbnailUrl":"https:\/\/www.hoogstra-autosport.nl\/teamkoen\/wp-content\/uploads\/2022\/02\/Snapchat-77104033287-e1644223835894.jpg","datePublished":"2022-02-07T08:56:28+00:00","dateModified":"2024-03-26T18:43:30+00:00","breadcrumb":{"@id":"https:\/\/www.hoogstra-autosport.nl\/product\/fedima-f-t-semi-slick-225-40r18-88w-s0-supersoft\/#breadcrumb"},"inLanguage":"fr-FR","potentialAction":[{"@type":"ReadAction","target":["https:\/\/www.hoogstra-autosport.nl\/product\/fedima-f-t-semi-slick-225-40r18-88w-s0-supersoft\/"]}]},{"@type":"ImageObject","inLanguage":"fr-FR","@id":"https:\/\/www.hoogstra-autosport.nl\/product\/fedima-f-t-semi-slick-225-40r18-88w-s0-supersoft\/#primaryimage","url":"https:\/\/www.hoogstra-autosport.nl\/teamkoen\/wp-content\/uploads\/2022\/02\/Snapchat-77104033287-e1644223835894.jpg","contentUrl":"https:\/\/www.hoogstra-autosport.nl\/teamkoen\/wp-content\/uploads\/2022\/02\/Snapchat-77104033287-e1644223835894.jpg","width":545,"height":572},{"@type":"BreadcrumbList","@id":"https:\/\/www.hoogstra-autosport.nl\/product\/fedima-f-t-semi-slick-225-40r18-88w-s0-supersoft\/#breadcrumb","itemListElement":[{"@type":"ListItem","position":1,"name":"Home","item":"https:\/\/www.hoogstra-autosport.nl\/"},{"@type":"ListItem","position":2,"name":"Banden &amp; Velgen","item":"https:\/\/www.hoogstra-autosport.nl\/product-categorie\/autocrossbanden-en-velgen\/"},{"@type":"ListItem","position":3,"name":"Rally &amp; Rallycross Banden","item":"https:\/\/www.hoogstra-autosport.nl\/product-categorie\/autocrossbanden-en-velgen\/rally-banden\/"},{"@type":"ListItem","position":4,"name":"Fedima Rally Banden","item":"https:\/\/www.hoogstra-autosport.nl\/product-categorie\/autocrossbanden-en-velgen\/rally-banden\/fedima-rally-banden\/"},{"@type":"ListItem","position":5,"name":"FEDIMA F\/T SEMI SLICK 225\/40R18 88W S0 SUPERSOFT"}]},{"@type":"WebSite","@id":"https:\/\/www.hoogstra-autosport.nl\/#website","url":"https:\/\/www.hoogstra-autosport.nl\/","name":"Hoogstra Autosport","description":"Performance Autosport Parts!","potentialAction":[{"@type":"SearchAction","target":{"@type":"EntryPoint","urlTemplate":"https:\/\/www.hoogstra-autosport.nl\/?s={search_term_string}"},"query-input":{"@type":"PropertyValueSpecification","valueRequired":true,"valueName":"search_term_string"}}],"inLanguage":"fr-FR"}]}},"tiered_pricing_type":"fixed","tiered_pricing_fixed_rules":[],"tiered_pricing_product_settings":{"layout":"default","base_unit_name":{"singular":null,"plural":null},"default_variation":null},"tiered_pricing_minimum_quantity":null,"tiered_pricing_roles_data":[],"tiered_pricing_percentage_rules":[],"tiered_pricing_maximum_quantity":null,"tiered_pricing_quantity_step":null,"_links":{"self":[{"href":"https:\/\/www.hoogstra-autosport.nl\/fr\/wp-json\/wp\/v2\/product\/44364","targetHints":{"allow":["GET"]}}],"collection":[{"href":"https:\/\/www.hoogstra-autosport.nl\/fr\/wp-json\/wp\/v2\/product"}],"about":[{"href":"https:\/\/www.hoogstra-autosport.nl\/fr\/wp-json\/wp\/v2\/types\/product"}],"wp:featuredmedia":[{"embeddable":true,"href":"https:\/\/www.hoogstra-autosport.nl\/fr\/wp-json\/wp\/v2\/media\/44360"}],"wp:attachment":[{"href":"https:\/\/www.hoogstra-autosport.nl\/fr\/wp-json\/wp\/v2\/media?parent=44364"}],"wp:term":[{"taxonomy":"product_brand","embeddable":true,"href":"https:\/\/www.hoogstra-autosport.nl\/fr\/wp-json\/wp\/v2\/product_brand?post=44364"},{"taxonomy":"product_cat","embeddable":true,"href":"https:\/\/www.hoogstra-autosport.nl\/fr\/wp-json\/wp\/v2\/product_cat?post=44364"},{"taxonomy":"product_tag","embeddable":true,"href":"https:\/\/www.hoogstra-autosport.nl\/fr\/wp-json\/wp\/v2\/product_tag?post=44364"}],"curies":[{"name":"wp","href":"https:\/\/api.w.org\/{rel}","templated":true}]}}