{"id":43155,"date":"2021-12-09T19:25:17","date_gmt":"2021-12-09T18:25:17","guid":{"rendered":"https:\/\/www.hoogstra-autosport.nl\/?post_type=product&#038;p=43155"},"modified":"2025-12-24T13:46:45","modified_gmt":"2025-12-24T12:46:45","slug":"fia-stoel-montage-kit","status":"publish","type":"product","link":"https:\/\/www.hoogstra-autosport.nl\/fr\/produit\/fia-stoel-montage-kit\/","title":{"rendered":"Kit de montage de si\u00e8ge FIA"},"content":{"rendered":"<p><span class=\"VIiyi\" lang=\"nl\"><span class=\"JLqJ4b ChMk0b\" data-language-for-alternatives=\"nl\" data-language-to-translate-into=\"de\" data-phrase-index=\"0\" data-number-of-phrases=\"17\">Kit professionnel pour le montage des si\u00e8ges de course !<\/span><\/span><\/p>\n<p><span class=\"VIiyi\" lang=\"nl\"><span class=\"JLqJ4b ChMk0b\" data-language-for-alternatives=\"nl\" data-language-to-translate-into=\"de\" data-phrase-index=\"2\" data-number-of-phrases=\"17\">Compos\u00e9 de :<\/span> <\/span><\/p>\n<p><span class=\"VIiyi\" lang=\"nl\"><span class=\"JLqJ4b ChMk0b\" data-language-for-alternatives=\"nl\" data-language-to-translate-into=\"de\" data-phrase-index=\"4\" data-number-of-phrases=\"17\">4x fixation de tube transversal avec brides \u00e0 souder<\/span> <\/span><\/p>\n<p><span class=\"VIiyi\" lang=\"nl\"><span class=\"JLqJ4b ChMk0b\" data-language-for-alternatives=\"nl\" data-language-to-translate-into=\"de\" data-phrase-index=\"6\" data-number-of-phrases=\"17\">4x renforcement pour le passage \u00e0 travers le rail lat\u00e9ral du tunnel<\/span> <\/span><\/p>\n<p><span class=\"VIiyi\" lang=\"nl\"><span class=\"JLqJ4b ChMk0b\" data-language-for-alternatives=\"nl\" data-language-to-translate-into=\"de\" data-phrase-index=\"8\" data-number-of-phrases=\"17\">2x tube transversal 25 CrMo4 diam\u00e8tre 38 mm x 2,5 mm 600 mm de long<\/span> <\/span><\/p>\n<p><span class=\"VIiyi\" lang=\"nl\"><span class=\"JLqJ4b ChMk0b\" data-language-for-alternatives=\"nl\" data-language-to-translate-into=\"de\" data-phrase-index=\"12\" data-number-of-phrases=\"17\">Avec ce kit, il est possible de r\u00e9aliser une fixation professionnelle, facile et s\u00fbre des si\u00e8ges de course, rapidement et \u00e0 peu de frais.<\/span> <span class=\"JLqJ4b ChMk0b\" data-language-for-alternatives=\"nl\" data-language-to-translate-into=\"de\" data-phrase-index=\"14\" data-number-of-phrases=\"17\">La taille de la console de votre fauteuil de course n'a pas d'importance.<\/span> <span class=\"JLqJ4b ChMk0b\" data-language-for-alternatives=\"nl\" data-language-to-translate-into=\"de\" data-phrase-index=\"16\" data-number-of-phrases=\"17\">La grande plage de r\u00e9glage permet \u00e9galement d'adapter les si\u00e8ges \u00e0 d'autres dimensions de console (plage de r\u00e9glage + -30 mm !).<\/span><\/span><\/p>","protected":false},"excerpt":{"rendered":"<p>Professionele set voor het monteren van racestoelen! Bestaande uit: 4x dwarsbuisbevestiging met lasflenzen 4x versteviging voor doorgang tunnelzijrail 2x dwarsbuis 25 CrMo4 diameter 38 mm x 2,5 mm 600 mm lang Met deze set is het mogelijk om snel en goedkoop een professionele, gemakkelijke en veilige bevestiging van racestoelen te produceren. Het maakt niet uit [&hellip;]<\/p>\n","protected":false},"featured_media":95964,"template":"","meta":{"_acf_changed":false},"product_brand":[],"product_cat":[3987],"product_tag":[],"class_list":{"0":"post-43155","1":"product","2":"type-product","3":"status-publish","4":"has-post-thumbnail","6":"product_cat-stoel-onderdelen-bevestiging","7":"product_shipping_class-4016","9":"first","10":"instock","11":"taxable","12":"shipping-taxable","13":"purchasable","14":"product-type-simple"},"acf":[],"yoast_head":"<!-- This site is optimized with the Yoast SEO plugin v27.1.1 - https:\/\/yoast.com\/product\/yoast-seo-wordpress\/ -->\n<title>FIA Stoel Montage Kit - Hoogstra Autosport<\/title>\n<meta name=\"robots\" content=\"index, follow, max-snippet:-1, max-image-preview:large, max-video-preview:-1\" \/>\n<link rel=\"canonical\" href=\"https:\/\/www.hoogstra-autosport.nl\/fr\/produit\/fia-stoel-montage-kit\/\" \/>\n<meta property=\"og:locale\" content=\"fr_FR\" \/>\n<meta property=\"og:type\" content=\"article\" \/>\n<meta property=\"og:title\" content=\"FIA Stoel Montage Kit - Hoogstra Autosport\" \/>\n<meta property=\"og:description\" content=\"Professionele set voor het monteren van racestoelen! Bestaande uit: 4x dwarsbuisbevestiging met lasflenzen 4x versteviging voor doorgang tunnelzijrail 2x dwarsbuis 25 CrMo4 diameter 38 mm x 2,5 mm 600 mm lang Met deze set is het mogelijk om snel en goedkoop een professionele, gemakkelijke en veilige bevestiging van racestoelen te produceren. Het maakt niet uit [&hellip;]\" \/>\n<meta property=\"og:url\" content=\"https:\/\/www.hoogstra-autosport.nl\/fr\/produit\/fia-stoel-montage-kit\/\" \/>\n<meta property=\"og:site_name\" content=\"Hoogstra Autosport\" \/>\n<meta property=\"article:modified_time\" content=\"2025-12-24T12:46:45+00:00\" \/>\n<meta property=\"og:image\" content=\"https:\/\/www.hoogstra-autosport.nl\/teamkoen\/wp-content\/uploads\/2021\/12\/Untitled-Project-2025-12-24T134633.631.jpg\" \/>\n\t<meta property=\"og:image:width\" content=\"1080\" \/>\n\t<meta property=\"og:image:height\" content=\"1080\" \/>\n\t<meta property=\"og:image:type\" content=\"image\/jpeg\" \/>\n<meta name=\"twitter:card\" content=\"summary_large_image\" \/>\n<meta name=\"twitter:label1\" content=\"Dur\u00e9e de lecture estim\u00e9e\" \/>\n\t<meta name=\"twitter:data1\" content=\"1 minute\" \/>\n<script type=\"application\/ld+json\" class=\"yoast-schema-graph\">{\"@context\":\"https:\/\/schema.org\",\"@graph\":[{\"@type\":\"WebPage\",\"@id\":\"https:\/\/www.hoogstra-autosport.nl\/product\/fia-stoel-montage-kit\/\",\"url\":\"https:\/\/www.hoogstra-autosport.nl\/product\/fia-stoel-montage-kit\/\",\"name\":\"FIA Stoel Montage Kit - Hoogstra Autosport\",\"isPartOf\":{\"@id\":\"https:\/\/www.hoogstra-autosport.nl\/#website\"},\"primaryImageOfPage\":{\"@id\":\"https:\/\/www.hoogstra-autosport.nl\/product\/fia-stoel-montage-kit\/#primaryimage\"},\"image\":{\"@id\":\"https:\/\/www.hoogstra-autosport.nl\/product\/fia-stoel-montage-kit\/#primaryimage\"},\"thumbnailUrl\":\"https:\/\/www.hoogstra-autosport.nl\/teamkoen\/wp-content\/uploads\/2021\/12\/Untitled-Project-2025-12-24T134633.631.jpg\",\"datePublished\":\"2021-12-09T18:25:17+00:00\",\"dateModified\":\"2025-12-24T12:46:45+00:00\",\"breadcrumb\":{\"@id\":\"https:\/\/www.hoogstra-autosport.nl\/product\/fia-stoel-montage-kit\/#breadcrumb\"},\"inLanguage\":\"fr-FR\",\"potentialAction\":[{\"@type\":\"ReadAction\",\"target\":[\"https:\/\/www.hoogstra-autosport.nl\/product\/fia-stoel-montage-kit\/\"]}]},{\"@type\":\"ImageObject\",\"inLanguage\":\"fr-FR\",\"@id\":\"https:\/\/www.hoogstra-autosport.nl\/product\/fia-stoel-montage-kit\/#primaryimage\",\"url\":\"https:\/\/www.hoogstra-autosport.nl\/teamkoen\/wp-content\/uploads\/2021\/12\/Untitled-Project-2025-12-24T134633.631.jpg\",\"contentUrl\":\"https:\/\/www.hoogstra-autosport.nl\/teamkoen\/wp-content\/uploads\/2021\/12\/Untitled-Project-2025-12-24T134633.631.jpg\",\"width\":1080,\"height\":1080},{\"@type\":\"BreadcrumbList\",\"@id\":\"https:\/\/www.hoogstra-autosport.nl\/product\/fia-stoel-montage-kit\/#breadcrumb\",\"itemListElement\":[{\"@type\":\"ListItem\",\"position\":1,\"name\":\"Home\",\"item\":\"https:\/\/www.hoogstra-autosport.nl\/\"},{\"@type\":\"ListItem\",\"position\":2,\"name\":\"Interieur\",\"item\":\"https:\/\/www.hoogstra-autosport.nl\/product-categorie\/remmen-brandstof-tanken\/\"},{\"@type\":\"ListItem\",\"position\":3,\"name\":\"Stoelen\",\"item\":\"https:\/\/www.hoogstra-autosport.nl\/product-categorie\/remmen-brandstof-tanken\/stoelen\/\"},{\"@type\":\"ListItem\",\"position\":4,\"name\":\"Stoel Onderdelen \/ Bevestiging\",\"item\":\"https:\/\/www.hoogstra-autosport.nl\/product-categorie\/remmen-brandstof-tanken\/stoelen\/stoel-onderdelen-bevestiging\/\"},{\"@type\":\"ListItem\",\"position\":5,\"name\":\"FIA Stoel Montage Kit\"}]},{\"@type\":\"WebSite\",\"@id\":\"https:\/\/www.hoogstra-autosport.nl\/#website\",\"url\":\"https:\/\/www.hoogstra-autosport.nl\/\",\"name\":\"Hoogstra Autosport\",\"description\":\"Performance Autosport Parts!\",\"potentialAction\":[{\"@type\":\"SearchAction\",\"target\":{\"@type\":\"EntryPoint\",\"urlTemplate\":\"https:\/\/www.hoogstra-autosport.nl\/?s={search_term_string}\"},\"query-input\":{\"@type\":\"PropertyValueSpecification\",\"valueRequired\":true,\"valueName\":\"search_term_string\"}}],\"inLanguage\":\"fr-FR\"}]}<\/script>\n<!-- \/ Yoast SEO plugin. -->","yoast_head_json":{"title":"FIA Stoel Montage Kit - Hoogstra Autosport","robots":{"index":"index","follow":"follow","max-snippet":"max-snippet:-1","max-image-preview":"max-image-preview:large","max-video-preview":"max-video-preview:-1"},"canonical":"https:\/\/www.hoogstra-autosport.nl\/fr\/produit\/fia-stoel-montage-kit\/","og_locale":"fr_FR","og_type":"article","og_title":"FIA Stoel Montage Kit - Hoogstra Autosport","og_description":"Professionele set voor het monteren van racestoelen! Bestaande uit: 4x dwarsbuisbevestiging met lasflenzen 4x versteviging voor doorgang tunnelzijrail 2x dwarsbuis 25 CrMo4 diameter 38 mm x 2,5 mm 600 mm lang Met deze set is het mogelijk om snel en goedkoop een professionele, gemakkelijke en veilige bevestiging van racestoelen te produceren. Het maakt niet uit [&hellip;]","og_url":"https:\/\/www.hoogstra-autosport.nl\/fr\/produit\/fia-stoel-montage-kit\/","og_site_name":"Hoogstra Autosport","article_modified_time":"2025-12-24T12:46:45+00:00","og_image":[{"width":1080,"height":1080,"url":"https:\/\/www.hoogstra-autosport.nl\/teamkoen\/wp-content\/uploads\/2021\/12\/Untitled-Project-2025-12-24T134633.631.jpg","type":"image\/jpeg"}],"twitter_card":"summary_large_image","twitter_misc":{"Dur\u00e9e de lecture estim\u00e9e":"1 minute"},"schema":{"@context":"https:\/\/schema.org","@graph":[{"@type":"WebPage","@id":"https:\/\/www.hoogstra-autosport.nl\/product\/fia-stoel-montage-kit\/","url":"https:\/\/www.hoogstra-autosport.nl\/product\/fia-stoel-montage-kit\/","name":"FIA Stoel Montage Kit - Hoogstra Autosport","isPartOf":{"@id":"https:\/\/www.hoogstra-autosport.nl\/#website"},"primaryImageOfPage":{"@id":"https:\/\/www.hoogstra-autosport.nl\/product\/fia-stoel-montage-kit\/#primaryimage"},"image":{"@id":"https:\/\/www.hoogstra-autosport.nl\/product\/fia-stoel-montage-kit\/#primaryimage"},"thumbnailUrl":"https:\/\/www.hoogstra-autosport.nl\/teamkoen\/wp-content\/uploads\/2021\/12\/Untitled-Project-2025-12-24T134633.631.jpg","datePublished":"2021-12-09T18:25:17+00:00","dateModified":"2025-12-24T12:46:45+00:00","breadcrumb":{"@id":"https:\/\/www.hoogstra-autosport.nl\/product\/fia-stoel-montage-kit\/#breadcrumb"},"inLanguage":"fr-FR","potentialAction":[{"@type":"ReadAction","target":["https:\/\/www.hoogstra-autosport.nl\/product\/fia-stoel-montage-kit\/"]}]},{"@type":"ImageObject","inLanguage":"fr-FR","@id":"https:\/\/www.hoogstra-autosport.nl\/product\/fia-stoel-montage-kit\/#primaryimage","url":"https:\/\/www.hoogstra-autosport.nl\/teamkoen\/wp-content\/uploads\/2021\/12\/Untitled-Project-2025-12-24T134633.631.jpg","contentUrl":"https:\/\/www.hoogstra-autosport.nl\/teamkoen\/wp-content\/uploads\/2021\/12\/Untitled-Project-2025-12-24T134633.631.jpg","width":1080,"height":1080},{"@type":"BreadcrumbList","@id":"https:\/\/www.hoogstra-autosport.nl\/product\/fia-stoel-montage-kit\/#breadcrumb","itemListElement":[{"@type":"ListItem","position":1,"name":"Home","item":"https:\/\/www.hoogstra-autosport.nl\/"},{"@type":"ListItem","position":2,"name":"Interieur","item":"https:\/\/www.hoogstra-autosport.nl\/product-categorie\/remmen-brandstof-tanken\/"},{"@type":"ListItem","position":3,"name":"Stoelen","item":"https:\/\/www.hoogstra-autosport.nl\/product-categorie\/remmen-brandstof-tanken\/stoelen\/"},{"@type":"ListItem","position":4,"name":"Stoel Onderdelen \/ Bevestiging","item":"https:\/\/www.hoogstra-autosport.nl\/product-categorie\/remmen-brandstof-tanken\/stoelen\/stoel-onderdelen-bevestiging\/"},{"@type":"ListItem","position":5,"name":"FIA Stoel Montage Kit"}]},{"@type":"WebSite","@id":"https:\/\/www.hoogstra-autosport.nl\/#website","url":"https:\/\/www.hoogstra-autosport.nl\/","name":"Hoogstra Autosport","description":"Performance Autosport Parts!","potentialAction":[{"@type":"SearchAction","target":{"@type":"EntryPoint","urlTemplate":"https:\/\/www.hoogstra-autosport.nl\/?s={search_term_string}"},"query-input":{"@type":"PropertyValueSpecification","valueRequired":true,"valueName":"search_term_string"}}],"inLanguage":"fr-FR"}]}},"tiered_pricing_type":"fixed","tiered_pricing_fixed_rules":[],"tiered_pricing_product_settings":{"layout":"default","base_unit_name":{"singular":null,"plural":null},"default_variation":null},"tiered_pricing_minimum_quantity":null,"tiered_pricing_roles_data":[],"tiered_pricing_percentage_rules":[],"tiered_pricing_maximum_quantity":null,"tiered_pricing_quantity_step":null,"_links":{"self":[{"href":"https:\/\/www.hoogstra-autosport.nl\/fr\/wp-json\/wp\/v2\/product\/43155","targetHints":{"allow":["GET"]}}],"collection":[{"href":"https:\/\/www.hoogstra-autosport.nl\/fr\/wp-json\/wp\/v2\/product"}],"about":[{"href":"https:\/\/www.hoogstra-autosport.nl\/fr\/wp-json\/wp\/v2\/types\/product"}],"wp:featuredmedia":[{"embeddable":true,"href":"https:\/\/www.hoogstra-autosport.nl\/fr\/wp-json\/wp\/v2\/media\/95964"}],"wp:attachment":[{"href":"https:\/\/www.hoogstra-autosport.nl\/fr\/wp-json\/wp\/v2\/media?parent=43155"}],"wp:term":[{"taxonomy":"product_brand","embeddable":true,"href":"https:\/\/www.hoogstra-autosport.nl\/fr\/wp-json\/wp\/v2\/product_brand?post=43155"},{"taxonomy":"product_cat","embeddable":true,"href":"https:\/\/www.hoogstra-autosport.nl\/fr\/wp-json\/wp\/v2\/product_cat?post=43155"},{"taxonomy":"product_tag","embeddable":true,"href":"https:\/\/www.hoogstra-autosport.nl\/fr\/wp-json\/wp\/v2\/product_tag?post=43155"}],"curies":[{"name":"wp","href":"https:\/\/api.w.org\/{rel}","templated":true}]}}