{"id":43021,"date":"2021-11-30T16:08:06","date_gmt":"2021-11-30T15:08:06","guid":{"rendered":"https:\/\/www.hoogstra-autosport.nl\/?post_type=product&#038;p=43021"},"modified":"2024-01-20T13:10:23","modified_gmt":"2024-01-20T12:10:23","slug":"koelkap-xxl-alu-414mm-no4","status":"publish","type":"product","link":"https:\/\/www.hoogstra-autosport.nl\/fr\/produit\/koelkap-xxl-alu-414mm-no4\/","title":{"rendered":"Bouchon r\u00e9frig\u00e9rant XXL Alu 414mm"},"content":{"rendered":"<p>Bouchon de glaci\u00e8re Aluminium Set<\/p>\n<p>Convient au radiateur XXL<\/p>\n<p>Le couvercle du refroidisseur est haut de 410 mm<\/p>\n<p>Le couvercle du refroidisseur est large de 790 mm<\/p>\n<p>Le trou dans le capuchon de refroidissement est de 414 mm et convient au ventilateur Spal D414-D382.<\/p>","protected":false},"excerpt":{"rendered":"<p>Koelerkap Aluminium Gezet Geschikt voor radiateur XXL Koelerkap is Hoog 410 mm Koelerkap is Breed 790 mm Het gat in de koelkap is 414 mm en geschikt voor Spal Ventilator D414-D382<\/p>","protected":false},"featured_media":43644,"template":"","meta":{"_acf_changed":false},"product_brand":[],"product_cat":[2739,3901],"product_tag":[],"class_list":{"0":"post-43021","1":"product","2":"type-product","3":"status-publish","4":"has-post-thumbnail","6":"product_cat-koelkappen","7":"product_cat-motorisch","8":"product_shipping_class-4016","10":"first","11":"instock","12":"taxable","13":"shipping-taxable","14":"purchasable","15":"product-type-simple"},"acf":[],"yoast_head":"<!-- This site is optimized with the Yoast SEO plugin v27.1.1 - https:\/\/yoast.com\/product\/yoast-seo-wordpress\/ -->\n<title>Koelkap XXL Alu 414mm - Hoogstra Autosport<\/title>\n<meta name=\"robots\" content=\"index, follow, max-snippet:-1, max-image-preview:large, max-video-preview:-1\" \/>\n<link rel=\"canonical\" href=\"https:\/\/www.hoogstra-autosport.nl\/fr\/produit\/koelkap-xxl-alu-414mm-no4\/\" \/>\n<meta property=\"og:locale\" content=\"fr_FR\" \/>\n<meta property=\"og:type\" content=\"article\" \/>\n<meta property=\"og:title\" content=\"Koelkap XXL Alu 414mm - Hoogstra Autosport\" \/>\n<meta property=\"og:description\" content=\"Koelerkap Aluminium Gezet Geschikt voor radiateur XXL Koelerkap is Hoog 410 mm Koelerkap is Breed 790 mm Het gat in de koelkap is 414 mm en geschikt voor Spal Ventilator D414-D382\" \/>\n<meta property=\"og:url\" content=\"https:\/\/www.hoogstra-autosport.nl\/fr\/produit\/koelkap-xxl-alu-414mm-no4\/\" \/>\n<meta property=\"og:site_name\" content=\"Hoogstra Autosport\" \/>\n<meta property=\"article:modified_time\" content=\"2024-01-20T12:10:23+00:00\" \/>\n<meta property=\"og:image\" content=\"https:\/\/www.hoogstra-autosport.nl\/teamkoen\/content\/uploads\/2021\/11\/spal-kap-XXL.jpg\" \/>\n\t<meta property=\"og:image:width\" content=\"1206\" \/>\n\t<meta property=\"og:image:height\" content=\"1206\" \/>\n\t<meta property=\"og:image:type\" content=\"image\/jpeg\" \/>\n<meta name=\"twitter:card\" content=\"summary_large_image\" \/>\n<meta name=\"twitter:label1\" content=\"Dur\u00e9e de lecture estim\u00e9e\" \/>\n\t<meta name=\"twitter:data1\" content=\"1 minute\" \/>\n<script type=\"application\/ld+json\" class=\"yoast-schema-graph\">{\"@context\":\"https:\/\/schema.org\",\"@graph\":[{\"@type\":\"WebPage\",\"@id\":\"https:\/\/www.hoogstra-autosport.nl\/product\/koelkap-xxl-alu-414mm-no4\/\",\"url\":\"https:\/\/www.hoogstra-autosport.nl\/product\/koelkap-xxl-alu-414mm-no4\/\",\"name\":\"Koelkap XXL Alu 414mm - Hoogstra Autosport\",\"isPartOf\":{\"@id\":\"https:\/\/www.hoogstra-autosport.nl\/#website\"},\"primaryImageOfPage\":{\"@id\":\"https:\/\/www.hoogstra-autosport.nl\/product\/koelkap-xxl-alu-414mm-no4\/#primaryimage\"},\"image\":{\"@id\":\"https:\/\/www.hoogstra-autosport.nl\/product\/koelkap-xxl-alu-414mm-no4\/#primaryimage\"},\"thumbnailUrl\":\"https:\/\/www.hoogstra-autosport.nl\/teamkoen\/wp-content\/uploads\/2021\/11\/spal-kap-XXL.jpg\",\"datePublished\":\"2021-11-30T15:08:06+00:00\",\"dateModified\":\"2024-01-20T12:10:23+00:00\",\"breadcrumb\":{\"@id\":\"https:\/\/www.hoogstra-autosport.nl\/product\/koelkap-xxl-alu-414mm-no4\/#breadcrumb\"},\"inLanguage\":\"fr-FR\",\"potentialAction\":[{\"@type\":\"ReadAction\",\"target\":[\"https:\/\/www.hoogstra-autosport.nl\/product\/koelkap-xxl-alu-414mm-no4\/\"]}]},{\"@type\":\"ImageObject\",\"inLanguage\":\"fr-FR\",\"@id\":\"https:\/\/www.hoogstra-autosport.nl\/product\/koelkap-xxl-alu-414mm-no4\/#primaryimage\",\"url\":\"https:\/\/www.hoogstra-autosport.nl\/teamkoen\/wp-content\/uploads\/2021\/11\/spal-kap-XXL.jpg\",\"contentUrl\":\"https:\/\/www.hoogstra-autosport.nl\/teamkoen\/wp-content\/uploads\/2021\/11\/spal-kap-XXL.jpg\",\"width\":1206,\"height\":1206},{\"@type\":\"BreadcrumbList\",\"@id\":\"https:\/\/www.hoogstra-autosport.nl\/product\/koelkap-xxl-alu-414mm-no4\/#breadcrumb\",\"itemListElement\":[{\"@type\":\"ListItem\",\"position\":1,\"name\":\"Home\",\"item\":\"https:\/\/www.hoogstra-autosport.nl\/\"},{\"@type\":\"ListItem\",\"position\":2,\"name\":\"Koeling &amp; Luchtfilters\",\"item\":\"https:\/\/www.hoogstra-autosport.nl\/product-categorie\/koeling-2\/\"},{\"@type\":\"ListItem\",\"position\":3,\"name\":\"Koeling\",\"item\":\"https:\/\/www.hoogstra-autosport.nl\/product-categorie\/koeling-2\/koeling\/\"},{\"@type\":\"ListItem\",\"position\":4,\"name\":\"Radiateuren &amp; Koelkappen\",\"item\":\"https:\/\/www.hoogstra-autosport.nl\/product-categorie\/koeling-2\/koeling\/radiateuren-koelkappen\/\"},{\"@type\":\"ListItem\",\"position\":5,\"name\":\"Koelkappen\",\"item\":\"https:\/\/www.hoogstra-autosport.nl\/product-categorie\/koeling-2\/koeling\/radiateuren-koelkappen\/koelkappen\/\"},{\"@type\":\"ListItem\",\"position\":6,\"name\":\"Koelkap XXL Alu 414mm\"}]},{\"@type\":\"WebSite\",\"@id\":\"https:\/\/www.hoogstra-autosport.nl\/#website\",\"url\":\"https:\/\/www.hoogstra-autosport.nl\/\",\"name\":\"Hoogstra Autosport\",\"description\":\"Performance Autosport Parts!\",\"potentialAction\":[{\"@type\":\"SearchAction\",\"target\":{\"@type\":\"EntryPoint\",\"urlTemplate\":\"https:\/\/www.hoogstra-autosport.nl\/?s={search_term_string}\"},\"query-input\":{\"@type\":\"PropertyValueSpecification\",\"valueRequired\":true,\"valueName\":\"search_term_string\"}}],\"inLanguage\":\"fr-FR\"}]}<\/script>\n<!-- \/ Yoast SEO plugin. -->","yoast_head_json":{"title":"Koelkap XXL Alu 414mm - Hoogstra Autosport","robots":{"index":"index","follow":"follow","max-snippet":"max-snippet:-1","max-image-preview":"max-image-preview:large","max-video-preview":"max-video-preview:-1"},"canonical":"https:\/\/www.hoogstra-autosport.nl\/fr\/produit\/koelkap-xxl-alu-414mm-no4\/","og_locale":"fr_FR","og_type":"article","og_title":"Koelkap XXL Alu 414mm - Hoogstra Autosport","og_description":"Koelerkap Aluminium Gezet Geschikt voor radiateur XXL Koelerkap is Hoog 410 mm Koelerkap is Breed 790 mm Het gat in de koelkap is 414 mm en geschikt voor Spal Ventilator D414-D382","og_url":"https:\/\/www.hoogstra-autosport.nl\/fr\/produit\/koelkap-xxl-alu-414mm-no4\/","og_site_name":"Hoogstra Autosport","article_modified_time":"2024-01-20T12:10:23+00:00","og_image":[{"width":1206,"height":1206,"url":"https:\/\/www.hoogstra-autosport.nl\/teamkoen\/content\/uploads\/2021\/11\/spal-kap-XXL.jpg","type":"image\/jpeg"}],"twitter_card":"summary_large_image","twitter_misc":{"Dur\u00e9e de lecture estim\u00e9e":"1 minute"},"schema":{"@context":"https:\/\/schema.org","@graph":[{"@type":"WebPage","@id":"https:\/\/www.hoogstra-autosport.nl\/product\/koelkap-xxl-alu-414mm-no4\/","url":"https:\/\/www.hoogstra-autosport.nl\/product\/koelkap-xxl-alu-414mm-no4\/","name":"Koelkap XXL Alu 414mm - Hoogstra Autosport","isPartOf":{"@id":"https:\/\/www.hoogstra-autosport.nl\/#website"},"primaryImageOfPage":{"@id":"https:\/\/www.hoogstra-autosport.nl\/product\/koelkap-xxl-alu-414mm-no4\/#primaryimage"},"image":{"@id":"https:\/\/www.hoogstra-autosport.nl\/product\/koelkap-xxl-alu-414mm-no4\/#primaryimage"},"thumbnailUrl":"https:\/\/www.hoogstra-autosport.nl\/teamkoen\/wp-content\/uploads\/2021\/11\/spal-kap-XXL.jpg","datePublished":"2021-11-30T15:08:06+00:00","dateModified":"2024-01-20T12:10:23+00:00","breadcrumb":{"@id":"https:\/\/www.hoogstra-autosport.nl\/product\/koelkap-xxl-alu-414mm-no4\/#breadcrumb"},"inLanguage":"fr-FR","potentialAction":[{"@type":"ReadAction","target":["https:\/\/www.hoogstra-autosport.nl\/product\/koelkap-xxl-alu-414mm-no4\/"]}]},{"@type":"ImageObject","inLanguage":"fr-FR","@id":"https:\/\/www.hoogstra-autosport.nl\/product\/koelkap-xxl-alu-414mm-no4\/#primaryimage","url":"https:\/\/www.hoogstra-autosport.nl\/teamkoen\/wp-content\/uploads\/2021\/11\/spal-kap-XXL.jpg","contentUrl":"https:\/\/www.hoogstra-autosport.nl\/teamkoen\/wp-content\/uploads\/2021\/11\/spal-kap-XXL.jpg","width":1206,"height":1206},{"@type":"BreadcrumbList","@id":"https:\/\/www.hoogstra-autosport.nl\/product\/koelkap-xxl-alu-414mm-no4\/#breadcrumb","itemListElement":[{"@type":"ListItem","position":1,"name":"Home","item":"https:\/\/www.hoogstra-autosport.nl\/"},{"@type":"ListItem","position":2,"name":"Koeling &amp; Luchtfilters","item":"https:\/\/www.hoogstra-autosport.nl\/product-categorie\/koeling-2\/"},{"@type":"ListItem","position":3,"name":"Koeling","item":"https:\/\/www.hoogstra-autosport.nl\/product-categorie\/koeling-2\/koeling\/"},{"@type":"ListItem","position":4,"name":"Radiateuren &amp; Koelkappen","item":"https:\/\/www.hoogstra-autosport.nl\/product-categorie\/koeling-2\/koeling\/radiateuren-koelkappen\/"},{"@type":"ListItem","position":5,"name":"Koelkappen","item":"https:\/\/www.hoogstra-autosport.nl\/product-categorie\/koeling-2\/koeling\/radiateuren-koelkappen\/koelkappen\/"},{"@type":"ListItem","position":6,"name":"Koelkap XXL Alu 414mm"}]},{"@type":"WebSite","@id":"https:\/\/www.hoogstra-autosport.nl\/#website","url":"https:\/\/www.hoogstra-autosport.nl\/","name":"Hoogstra Autosport","description":"Performance Autosport Parts!","potentialAction":[{"@type":"SearchAction","target":{"@type":"EntryPoint","urlTemplate":"https:\/\/www.hoogstra-autosport.nl\/?s={search_term_string}"},"query-input":{"@type":"PropertyValueSpecification","valueRequired":true,"valueName":"search_term_string"}}],"inLanguage":"fr-FR"}]}},"tiered_pricing_type":"fixed","tiered_pricing_fixed_rules":[],"tiered_pricing_product_settings":{"layout":"default","base_unit_name":{"singular":null,"plural":null},"default_variation":null},"tiered_pricing_minimum_quantity":null,"tiered_pricing_roles_data":[],"tiered_pricing_percentage_rules":[],"tiered_pricing_maximum_quantity":null,"tiered_pricing_quantity_step":null,"_links":{"self":[{"href":"https:\/\/www.hoogstra-autosport.nl\/fr\/wp-json\/wp\/v2\/product\/43021","targetHints":{"allow":["GET"]}}],"collection":[{"href":"https:\/\/www.hoogstra-autosport.nl\/fr\/wp-json\/wp\/v2\/product"}],"about":[{"href":"https:\/\/www.hoogstra-autosport.nl\/fr\/wp-json\/wp\/v2\/types\/product"}],"wp:featuredmedia":[{"embeddable":true,"href":"https:\/\/www.hoogstra-autosport.nl\/fr\/wp-json\/wp\/v2\/media\/43644"}],"wp:attachment":[{"href":"https:\/\/www.hoogstra-autosport.nl\/fr\/wp-json\/wp\/v2\/media?parent=43021"}],"wp:term":[{"taxonomy":"product_brand","embeddable":true,"href":"https:\/\/www.hoogstra-autosport.nl\/fr\/wp-json\/wp\/v2\/product_brand?post=43021"},{"taxonomy":"product_cat","embeddable":true,"href":"https:\/\/www.hoogstra-autosport.nl\/fr\/wp-json\/wp\/v2\/product_cat?post=43021"},{"taxonomy":"product_tag","embeddable":true,"href":"https:\/\/www.hoogstra-autosport.nl\/fr\/wp-json\/wp\/v2\/product_tag?post=43021"}],"curies":[{"name":"wp","href":"https:\/\/api.w.org\/{rel}","templated":true}]}}