{"id":42427,"date":"2021-11-04T11:05:04","date_gmt":"2021-11-04T10:05:04","guid":{"rendered":"https:\/\/www.hoogstra-autosport.nl\/?post_type=product&#038;p=42427"},"modified":"2025-12-02T15:18:35","modified_gmt":"2025-12-02T14:18:35","slug":"katalysator-101mm-dik-100cpsi-76mm-fia-kopie","status":"publish","type":"product","link":"https:\/\/www.hoogstra-autosport.nl\/fr\/produit\/katalysator-101mm-dik-100cpsi-76mm-fia-kopie\/","title":{"rendered":"Catalyst 101MM DIK 100Cpsi 76mm FIA"},"content":{"rendered":"<p>cat 101,6 mm x 115 mm<\/p>\n<p>total 270 mm<\/p>\n<p>Raccordement 76 mm<\/p>\n<p>max. 1100\u00b0C<\/p>\n<p>Avec FIA TM 400 ch<\/p>\n<p>Ouverture int\u00e9rieure de l'embout de fermeture : 76 mm<br \/>\nAbmessungen Durchmesser x L\u00e4nge : 101.6 mm x 115 mm<br \/>\nLongueur totale : 290 mm<\/p>\n<p>Catalyseur universel \"Ultra Hi Flow\" pour le sport automobile et la course \u00e0 pied, avec monolithe en m\u00e9tal 100 cpsi et homologation FIA. Les raccords de roue et les raccords d'agneau sont en m\u00e9tal. Con\u00e7u pour les moteurs \u00e0 essence jusqu'\u00e0 4,0 litres. Plage de temp\u00e9rature jusqu'\u00e0 1100\u00b0C maximum. Les joints d'\u00e9tanch\u00e9it\u00e9 MIG verschwei\u00dfte Rohranschl\u00fcsse et le monolithe verl\u00f6teter permettent d'obtenir une excellente r\u00e9sistance m\u00e9canique.<\/p>\n<p>Disponible \u00e9galement en version 5\", pour les moteurs Benzin jusqu'\u00e0 400 PS.<\/p>\n<p>Outre l'homologation de la FIA, ces UHF Race Kats 100 b\u00e9n\u00e9ficient \u00e9galement d'une homologation officielle du Deutschen Motor Sport Bundes (DMSB).<\/p>\n<p>&nbsp;<\/p>","protected":false},"excerpt":{"rendered":"<p>kat 101,6 mm x 115 mm totaal 270 mm aansluiting 76 mm max. 1100\u00b0C Met FIA TM 400 pK Anschluss-Durchmesser innen: 76 mm Abmessungen Durchmesser x L\u00e4nge: 101,6 mm x 115 mm Gesamtl\u00e4nge: 290 mm Universaler \u201eUltra Hi Flow\u201d Motorsport- und Renn-Katalysator, mit 100 cpsi Metall Monolith und FIA Homologation. Konische Rohranschl\u00fcsse und Lambdasonden-Anschluss. F\u00fcr [&hellip;]<\/p>\n","protected":false},"featured_media":94380,"template":"","meta":{"_acf_changed":false},"product_brand":[],"product_cat":[3876],"product_tag":[],"class_list":{"0":"post-42427","1":"product","2":"type-product","3":"status-publish","4":"has-post-thumbnail","6":"product_cat-katalysator","7":"product_shipping_class-4016","9":"first","10":"instock","11":"taxable","12":"shipping-taxable","13":"purchasable","14":"product-type-simple"},"acf":[],"yoast_head":"<!-- This site is optimized with the Yoast SEO plugin v27.1.1 - https:\/\/yoast.com\/product\/yoast-seo-wordpress\/ -->\n<title>Katalysator 101MM DIK 100Cpsi 76mm FIA - Hoogstra Autosport<\/title>\n<meta name=\"robots\" content=\"index, follow, max-snippet:-1, max-image-preview:large, max-video-preview:-1\" \/>\n<link rel=\"canonical\" href=\"https:\/\/www.hoogstra-autosport.nl\/fr\/produit\/katalysator-101mm-dik-100cpsi-76mm-fia-kopie\/\" \/>\n<meta property=\"og:locale\" content=\"fr_FR\" \/>\n<meta property=\"og:type\" content=\"article\" \/>\n<meta property=\"og:title\" content=\"Katalysator 101MM DIK 100Cpsi 76mm FIA - Hoogstra Autosport\" \/>\n<meta property=\"og:description\" content=\"kat 101,6 mm x 115 mm totaal 270 mm aansluiting 76 mm max. 1100\u00b0C Met FIA TM 400 pK Anschluss-Durchmesser innen: 76 mm Abmessungen Durchmesser x L\u00e4nge: 101,6 mm x 115 mm Gesamtl\u00e4nge: 290 mm Universaler \u201eUltra Hi Flow\u201d Motorsport- und Renn-Katalysator, mit 100 cpsi Metall Monolith und FIA Homologation. Konische Rohranschl\u00fcsse und Lambdasonden-Anschluss. F\u00fcr [&hellip;]\" \/>\n<meta property=\"og:url\" content=\"https:\/\/www.hoogstra-autosport.nl\/fr\/produit\/katalysator-101mm-dik-100cpsi-76mm-fia-kopie\/\" \/>\n<meta property=\"og:site_name\" content=\"Hoogstra Autosport\" \/>\n<meta property=\"article:modified_time\" content=\"2025-12-02T14:18:35+00:00\" \/>\n<meta property=\"og:image\" content=\"https:\/\/www.hoogstra-autosport.nl\/teamkoen\/wp-content\/uploads\/2020\/10\/Untitled-Project-2025-12-02T151807.334.jpg\" \/>\n\t<meta property=\"og:image:width\" content=\"1080\" \/>\n\t<meta property=\"og:image:height\" content=\"1080\" \/>\n\t<meta property=\"og:image:type\" content=\"image\/jpeg\" \/>\n<meta name=\"twitter:card\" content=\"summary_large_image\" \/>\n<meta name=\"twitter:label1\" content=\"Dur\u00e9e de lecture estim\u00e9e\" \/>\n\t<meta name=\"twitter:data1\" content=\"1 minute\" \/>\n<script type=\"application\/ld+json\" class=\"yoast-schema-graph\">{\"@context\":\"https:\/\/schema.org\",\"@graph\":[{\"@type\":\"WebPage\",\"@id\":\"https:\/\/www.hoogstra-autosport.nl\/product\/katalysator-101mm-dik-100cpsi-76mm-fia-kopie\/\",\"url\":\"https:\/\/www.hoogstra-autosport.nl\/product\/katalysator-101mm-dik-100cpsi-76mm-fia-kopie\/\",\"name\":\"Katalysator 101MM DIK 100Cpsi 76mm FIA - Hoogstra Autosport\",\"isPartOf\":{\"@id\":\"https:\/\/www.hoogstra-autosport.nl\/#website\"},\"primaryImageOfPage\":{\"@id\":\"https:\/\/www.hoogstra-autosport.nl\/product\/katalysator-101mm-dik-100cpsi-76mm-fia-kopie\/#primaryimage\"},\"image\":{\"@id\":\"https:\/\/www.hoogstra-autosport.nl\/product\/katalysator-101mm-dik-100cpsi-76mm-fia-kopie\/#primaryimage\"},\"thumbnailUrl\":\"https:\/\/www.hoogstra-autosport.nl\/teamkoen\/wp-content\/uploads\/2020\/10\/Untitled-Project-2025-12-02T151807.334.jpg\",\"datePublished\":\"2021-11-04T10:05:04+00:00\",\"dateModified\":\"2025-12-02T14:18:35+00:00\",\"breadcrumb\":{\"@id\":\"https:\/\/www.hoogstra-autosport.nl\/product\/katalysator-101mm-dik-100cpsi-76mm-fia-kopie\/#breadcrumb\"},\"inLanguage\":\"fr-FR\",\"potentialAction\":[{\"@type\":\"ReadAction\",\"target\":[\"https:\/\/www.hoogstra-autosport.nl\/product\/katalysator-101mm-dik-100cpsi-76mm-fia-kopie\/\"]}]},{\"@type\":\"ImageObject\",\"inLanguage\":\"fr-FR\",\"@id\":\"https:\/\/www.hoogstra-autosport.nl\/product\/katalysator-101mm-dik-100cpsi-76mm-fia-kopie\/#primaryimage\",\"url\":\"https:\/\/www.hoogstra-autosport.nl\/teamkoen\/wp-content\/uploads\/2020\/10\/Untitled-Project-2025-12-02T151807.334.jpg\",\"contentUrl\":\"https:\/\/www.hoogstra-autosport.nl\/teamkoen\/wp-content\/uploads\/2020\/10\/Untitled-Project-2025-12-02T151807.334.jpg\",\"width\":1080,\"height\":1080},{\"@type\":\"BreadcrumbList\",\"@id\":\"https:\/\/www.hoogstra-autosport.nl\/product\/katalysator-101mm-dik-100cpsi-76mm-fia-kopie\/#breadcrumb\",\"itemListElement\":[{\"@type\":\"ListItem\",\"position\":1,\"name\":\"Home\",\"item\":\"https:\/\/www.hoogstra-autosport.nl\/\"},{\"@type\":\"ListItem\",\"position\":2,\"name\":\"Motorisch\",\"item\":\"https:\/\/www.hoogstra-autosport.nl\/product-categorie\/auto-techniek\/\"},{\"@type\":\"ListItem\",\"position\":3,\"name\":\"Uitlaten &amp; Isolatie &amp; Motor\",\"item\":\"https:\/\/www.hoogstra-autosport.nl\/product-categorie\/auto-techniek\/motoren-techniek-inlaat-uitlaat\/\"},{\"@type\":\"ListItem\",\"position\":4,\"name\":\"Dempers &amp; Katalysatoren\",\"item\":\"https:\/\/www.hoogstra-autosport.nl\/product-categorie\/auto-techniek\/motoren-techniek-inlaat-uitlaat\/uitlaten-en-dempers\/\"},{\"@type\":\"ListItem\",\"position\":5,\"name\":\"Katalysator - HJS-Powersprint\",\"item\":\"https:\/\/www.hoogstra-autosport.nl\/product-categorie\/auto-techniek\/motoren-techniek-inlaat-uitlaat\/uitlaten-en-dempers\/katalysator\/\"},{\"@type\":\"ListItem\",\"position\":6,\"name\":\"Katalysator 101MM DIK 100Cpsi 76mm FIA\"}]},{\"@type\":\"WebSite\",\"@id\":\"https:\/\/www.hoogstra-autosport.nl\/#website\",\"url\":\"https:\/\/www.hoogstra-autosport.nl\/\",\"name\":\"Hoogstra Autosport\",\"description\":\"Performance Autosport Parts!\",\"potentialAction\":[{\"@type\":\"SearchAction\",\"target\":{\"@type\":\"EntryPoint\",\"urlTemplate\":\"https:\/\/www.hoogstra-autosport.nl\/?s={search_term_string}\"},\"query-input\":{\"@type\":\"PropertyValueSpecification\",\"valueRequired\":true,\"valueName\":\"search_term_string\"}}],\"inLanguage\":\"fr-FR\"}]}<\/script>\n<!-- \/ Yoast SEO plugin. -->","yoast_head_json":{"title":"Katalysator 101MM DIK 100Cpsi 76mm FIA - Hoogstra Autosport","robots":{"index":"index","follow":"follow","max-snippet":"max-snippet:-1","max-image-preview":"max-image-preview:large","max-video-preview":"max-video-preview:-1"},"canonical":"https:\/\/www.hoogstra-autosport.nl\/fr\/produit\/katalysator-101mm-dik-100cpsi-76mm-fia-kopie\/","og_locale":"fr_FR","og_type":"article","og_title":"Katalysator 101MM DIK 100Cpsi 76mm FIA - Hoogstra Autosport","og_description":"kat 101,6 mm x 115 mm totaal 270 mm aansluiting 76 mm max. 1100\u00b0C Met FIA TM 400 pK Anschluss-Durchmesser innen: 76 mm Abmessungen Durchmesser x L\u00e4nge: 101,6 mm x 115 mm Gesamtl\u00e4nge: 290 mm Universaler \u201eUltra Hi Flow\u201d Motorsport- und Renn-Katalysator, mit 100 cpsi Metall Monolith und FIA Homologation. Konische Rohranschl\u00fcsse und Lambdasonden-Anschluss. F\u00fcr [&hellip;]","og_url":"https:\/\/www.hoogstra-autosport.nl\/fr\/produit\/katalysator-101mm-dik-100cpsi-76mm-fia-kopie\/","og_site_name":"Hoogstra Autosport","article_modified_time":"2025-12-02T14:18:35+00:00","og_image":[{"width":1080,"height":1080,"url":"https:\/\/www.hoogstra-autosport.nl\/teamkoen\/wp-content\/uploads\/2020\/10\/Untitled-Project-2025-12-02T151807.334.jpg","type":"image\/jpeg"}],"twitter_card":"summary_large_image","twitter_misc":{"Dur\u00e9e de lecture estim\u00e9e":"1 minute"},"schema":{"@context":"https:\/\/schema.org","@graph":[{"@type":"WebPage","@id":"https:\/\/www.hoogstra-autosport.nl\/product\/katalysator-101mm-dik-100cpsi-76mm-fia-kopie\/","url":"https:\/\/www.hoogstra-autosport.nl\/product\/katalysator-101mm-dik-100cpsi-76mm-fia-kopie\/","name":"Katalysator 101MM DIK 100Cpsi 76mm FIA - Hoogstra Autosport","isPartOf":{"@id":"https:\/\/www.hoogstra-autosport.nl\/#website"},"primaryImageOfPage":{"@id":"https:\/\/www.hoogstra-autosport.nl\/product\/katalysator-101mm-dik-100cpsi-76mm-fia-kopie\/#primaryimage"},"image":{"@id":"https:\/\/www.hoogstra-autosport.nl\/product\/katalysator-101mm-dik-100cpsi-76mm-fia-kopie\/#primaryimage"},"thumbnailUrl":"https:\/\/www.hoogstra-autosport.nl\/teamkoen\/wp-content\/uploads\/2020\/10\/Untitled-Project-2025-12-02T151807.334.jpg","datePublished":"2021-11-04T10:05:04+00:00","dateModified":"2025-12-02T14:18:35+00:00","breadcrumb":{"@id":"https:\/\/www.hoogstra-autosport.nl\/product\/katalysator-101mm-dik-100cpsi-76mm-fia-kopie\/#breadcrumb"},"inLanguage":"fr-FR","potentialAction":[{"@type":"ReadAction","target":["https:\/\/www.hoogstra-autosport.nl\/product\/katalysator-101mm-dik-100cpsi-76mm-fia-kopie\/"]}]},{"@type":"ImageObject","inLanguage":"fr-FR","@id":"https:\/\/www.hoogstra-autosport.nl\/product\/katalysator-101mm-dik-100cpsi-76mm-fia-kopie\/#primaryimage","url":"https:\/\/www.hoogstra-autosport.nl\/teamkoen\/wp-content\/uploads\/2020\/10\/Untitled-Project-2025-12-02T151807.334.jpg","contentUrl":"https:\/\/www.hoogstra-autosport.nl\/teamkoen\/wp-content\/uploads\/2020\/10\/Untitled-Project-2025-12-02T151807.334.jpg","width":1080,"height":1080},{"@type":"BreadcrumbList","@id":"https:\/\/www.hoogstra-autosport.nl\/product\/katalysator-101mm-dik-100cpsi-76mm-fia-kopie\/#breadcrumb","itemListElement":[{"@type":"ListItem","position":1,"name":"Home","item":"https:\/\/www.hoogstra-autosport.nl\/"},{"@type":"ListItem","position":2,"name":"Motorisch","item":"https:\/\/www.hoogstra-autosport.nl\/product-categorie\/auto-techniek\/"},{"@type":"ListItem","position":3,"name":"Uitlaten &amp; Isolatie &amp; Motor","item":"https:\/\/www.hoogstra-autosport.nl\/product-categorie\/auto-techniek\/motoren-techniek-inlaat-uitlaat\/"},{"@type":"ListItem","position":4,"name":"Dempers &amp; Katalysatoren","item":"https:\/\/www.hoogstra-autosport.nl\/product-categorie\/auto-techniek\/motoren-techniek-inlaat-uitlaat\/uitlaten-en-dempers\/"},{"@type":"ListItem","position":5,"name":"Katalysator - HJS-Powersprint","item":"https:\/\/www.hoogstra-autosport.nl\/product-categorie\/auto-techniek\/motoren-techniek-inlaat-uitlaat\/uitlaten-en-dempers\/katalysator\/"},{"@type":"ListItem","position":6,"name":"Katalysator 101MM DIK 100Cpsi 76mm FIA"}]},{"@type":"WebSite","@id":"https:\/\/www.hoogstra-autosport.nl\/#website","url":"https:\/\/www.hoogstra-autosport.nl\/","name":"Hoogstra Autosport","description":"Performance Autosport Parts!","potentialAction":[{"@type":"SearchAction","target":{"@type":"EntryPoint","urlTemplate":"https:\/\/www.hoogstra-autosport.nl\/?s={search_term_string}"},"query-input":{"@type":"PropertyValueSpecification","valueRequired":true,"valueName":"search_term_string"}}],"inLanguage":"fr-FR"}]}},"tiered_pricing_type":"fixed","tiered_pricing_fixed_rules":[],"tiered_pricing_product_settings":{"layout":"default","base_unit_name":{"singular":null,"plural":null},"default_variation":null},"tiered_pricing_minimum_quantity":null,"tiered_pricing_roles_data":[],"tiered_pricing_percentage_rules":[],"tiered_pricing_maximum_quantity":null,"tiered_pricing_quantity_step":null,"_links":{"self":[{"href":"https:\/\/www.hoogstra-autosport.nl\/fr\/wp-json\/wp\/v2\/product\/42427","targetHints":{"allow":["GET"]}}],"collection":[{"href":"https:\/\/www.hoogstra-autosport.nl\/fr\/wp-json\/wp\/v2\/product"}],"about":[{"href":"https:\/\/www.hoogstra-autosport.nl\/fr\/wp-json\/wp\/v2\/types\/product"}],"wp:featuredmedia":[{"embeddable":true,"href":"https:\/\/www.hoogstra-autosport.nl\/fr\/wp-json\/wp\/v2\/media\/94380"}],"wp:attachment":[{"href":"https:\/\/www.hoogstra-autosport.nl\/fr\/wp-json\/wp\/v2\/media?parent=42427"}],"wp:term":[{"taxonomy":"product_brand","embeddable":true,"href":"https:\/\/www.hoogstra-autosport.nl\/fr\/wp-json\/wp\/v2\/product_brand?post=42427"},{"taxonomy":"product_cat","embeddable":true,"href":"https:\/\/www.hoogstra-autosport.nl\/fr\/wp-json\/wp\/v2\/product_cat?post=42427"},{"taxonomy":"product_tag","embeddable":true,"href":"https:\/\/www.hoogstra-autosport.nl\/fr\/wp-json\/wp\/v2\/product_tag?post=42427"}],"curies":[{"name":"wp","href":"https:\/\/api.w.org\/{rel}","templated":true}]}}