{"id":42331,"date":"2021-11-02T11:47:31","date_gmt":"2021-11-02T10:47:31","guid":{"rendered":"https:\/\/www.hoogstra-autosport.nl\/?post_type=product&#038;p=42331"},"modified":"2024-01-20T13:10:06","modified_gmt":"2024-01-20T12:10:06","slug":"bell-olievizieren-anti-fog","status":"publish","type":"product","link":"https:\/\/www.hoogstra-autosport.nl\/fr\/produit\/bell-olievizieren-anti-fog\/","title":{"rendered":"Visi\u00e8re Bell Oil Anti Fog"},"content":{"rendered":"<p>Visi\u00e8re adapt\u00e9e aux Bell GP3 Sport et Bell GP3 Carbon. Les visi\u00e8res sont recouvertes d'une couche d'huile r\u00e9fl\u00e9chissante que l'on voit magnifiquement de l'ext\u00e9rieur. De l'int\u00e9rieur du casque, vous regardez \u00e0 travers la m\u00eame teinte qu'une visi\u00e8re Dark Smoke (teint\u00e9e\/noire).<\/p>\n<p>Disponible dans ces couleurs :<\/p>\n<ul>\n<li>Bleu<\/li>\n<li>Rouge<\/li>\n<li>L'or<\/li>\n<li>Argent<\/li>\n<\/ul>","protected":false},"excerpt":{"rendered":"<p>Vizier passend op de Bell GP3 Sport en Bell GP3 Carbon. Vizieren zijn bedekt met een spiegelende olielaag waar u van buitenaf mooi opkijkt. Vanuit de helm kijkt u door dezelfde tint als een Dark Smoke (getint\/zwart) vizier. Verkrijgbaar in deze kleuren: Blauw Rood Goud Zilver<\/p>","protected":false},"featured_media":42335,"template":"","meta":{"_acf_changed":false},"product_brand":[],"product_cat":[3970],"product_tag":[],"class_list":{"0":"post-42331","1":"product","2":"type-product","3":"status-publish","4":"has-post-thumbnail","6":"product_cat-bell-integraalhelmen-fia","7":"product_shipping_class-4016","9":"first","10":"instock","11":"taxable","12":"shipping-taxable","13":"purchasable","14":"product-type-variable"},"acf":[],"yoast_head":"<!-- This site is optimized with the Yoast SEO plugin v27.1.1 - https:\/\/yoast.com\/product\/yoast-seo-wordpress\/ -->\n<title>Bell Olievizieren Anti Fog - Hoogstra Autosport<\/title>\n<meta name=\"robots\" content=\"index, follow, max-snippet:-1, max-image-preview:large, max-video-preview:-1\" \/>\n<link rel=\"canonical\" href=\"https:\/\/www.hoogstra-autosport.nl\/fr\/produit\/bell-olievizieren-anti-fog\/\" \/>\n<meta property=\"og:locale\" content=\"fr_FR\" \/>\n<meta property=\"og:type\" content=\"article\" \/>\n<meta property=\"og:title\" content=\"Bell Olievizieren Anti Fog - Hoogstra Autosport\" \/>\n<meta property=\"og:description\" content=\"Vizier passend op de Bell GP3 Sport en Bell GP3 Carbon. Vizieren zijn bedekt met een spiegelende olielaag waar u van buitenaf mooi opkijkt. Vanuit de helm kijkt u door dezelfde tint als een Dark Smoke (getint\/zwart) vizier. Verkrijgbaar in deze kleuren: Blauw Rood Goud Zilver\" \/>\n<meta property=\"og:url\" content=\"https:\/\/www.hoogstra-autosport.nl\/fr\/produit\/bell-olievizieren-anti-fog\/\" \/>\n<meta property=\"og:site_name\" content=\"Hoogstra Autosport\" \/>\n<meta property=\"article:modified_time\" content=\"2024-01-20T12:10:06+00:00\" \/>\n<meta property=\"og:image\" content=\"https:\/\/www.hoogstra-autosport.nl\/teamkoen\/content\/uploads\/2021\/11\/Snapchat-991669601.jpg\" \/>\n\t<meta property=\"og:image:width\" content=\"600\" \/>\n\t<meta property=\"og:image:height\" content=\"617\" \/>\n\t<meta property=\"og:image:type\" content=\"image\/jpeg\" \/>\n<meta name=\"twitter:card\" content=\"summary_large_image\" \/>\n<meta name=\"twitter:label1\" content=\"Dur\u00e9e de lecture estim\u00e9e\" \/>\n\t<meta name=\"twitter:data1\" content=\"1 minute\" \/>\n<script type=\"application\/ld+json\" class=\"yoast-schema-graph\">{\"@context\":\"https:\/\/schema.org\",\"@graph\":[{\"@type\":\"WebPage\",\"@id\":\"https:\/\/www.hoogstra-autosport.nl\/product\/bell-olievizieren-anti-fog\/\",\"url\":\"https:\/\/www.hoogstra-autosport.nl\/product\/bell-olievizieren-anti-fog\/\",\"name\":\"Bell Olievizieren Anti Fog - Hoogstra Autosport\",\"isPartOf\":{\"@id\":\"https:\/\/www.hoogstra-autosport.nl\/#website\"},\"primaryImageOfPage\":{\"@id\":\"https:\/\/www.hoogstra-autosport.nl\/product\/bell-olievizieren-anti-fog\/#primaryimage\"},\"image\":{\"@id\":\"https:\/\/www.hoogstra-autosport.nl\/product\/bell-olievizieren-anti-fog\/#primaryimage\"},\"thumbnailUrl\":\"https:\/\/www.hoogstra-autosport.nl\/teamkoen\/wp-content\/uploads\/2021\/11\/Snapchat-991669601.jpg\",\"datePublished\":\"2021-11-02T10:47:31+00:00\",\"dateModified\":\"2024-01-20T12:10:06+00:00\",\"breadcrumb\":{\"@id\":\"https:\/\/www.hoogstra-autosport.nl\/product\/bell-olievizieren-anti-fog\/#breadcrumb\"},\"inLanguage\":\"fr-FR\",\"potentialAction\":[{\"@type\":\"ReadAction\",\"target\":[\"https:\/\/www.hoogstra-autosport.nl\/product\/bell-olievizieren-anti-fog\/\"]}]},{\"@type\":\"ImageObject\",\"inLanguage\":\"fr-FR\",\"@id\":\"https:\/\/www.hoogstra-autosport.nl\/product\/bell-olievizieren-anti-fog\/#primaryimage\",\"url\":\"https:\/\/www.hoogstra-autosport.nl\/teamkoen\/wp-content\/uploads\/2021\/11\/Snapchat-991669601.jpg\",\"contentUrl\":\"https:\/\/www.hoogstra-autosport.nl\/teamkoen\/wp-content\/uploads\/2021\/11\/Snapchat-991669601.jpg\",\"width\":600,\"height\":617},{\"@type\":\"BreadcrumbList\",\"@id\":\"https:\/\/www.hoogstra-autosport.nl\/product\/bell-olievizieren-anti-fog\/#breadcrumb\",\"itemListElement\":[{\"@type\":\"ListItem\",\"position\":1,\"name\":\"Home\",\"item\":\"https:\/\/www.hoogstra-autosport.nl\/\"},{\"@type\":\"ListItem\",\"position\":2,\"name\":\"Uitrusting\",\"item\":\"https:\/\/www.hoogstra-autosport.nl\/product-categorie\/autosport-kleding-helmen\/\"},{\"@type\":\"ListItem\",\"position\":3,\"name\":\"Helmen\",\"item\":\"https:\/\/www.hoogstra-autosport.nl\/product-categorie\/autosport-kleding-helmen\/helmen\/\"},{\"@type\":\"ListItem\",\"position\":4,\"name\":\"FIA Integraal Helmen\",\"item\":\"https:\/\/www.hoogstra-autosport.nl\/product-categorie\/autosport-kleding-helmen\/helmen\/integraal-helmen-fia\/\"},{\"@type\":\"ListItem\",\"position\":5,\"name\":\"Bell Integraalhelmen FIA\",\"item\":\"https:\/\/www.hoogstra-autosport.nl\/product-categorie\/autosport-kleding-helmen\/helmen\/integraal-helmen-fia\/bell-integraalhelmen-fia\/\"},{\"@type\":\"ListItem\",\"position\":6,\"name\":\"Bell Olievizieren Anti Fog\"}]},{\"@type\":\"WebSite\",\"@id\":\"https:\/\/www.hoogstra-autosport.nl\/#website\",\"url\":\"https:\/\/www.hoogstra-autosport.nl\/\",\"name\":\"Hoogstra Autosport\",\"description\":\"Performance Autosport Parts!\",\"potentialAction\":[{\"@type\":\"SearchAction\",\"target\":{\"@type\":\"EntryPoint\",\"urlTemplate\":\"https:\/\/www.hoogstra-autosport.nl\/?s={search_term_string}\"},\"query-input\":{\"@type\":\"PropertyValueSpecification\",\"valueRequired\":true,\"valueName\":\"search_term_string\"}}],\"inLanguage\":\"fr-FR\"}]}<\/script>\n<!-- \/ Yoast SEO plugin. -->","yoast_head_json":{"title":"Bell Olievizieren Anti Fog - Hoogstra Autosport","robots":{"index":"index","follow":"follow","max-snippet":"max-snippet:-1","max-image-preview":"max-image-preview:large","max-video-preview":"max-video-preview:-1"},"canonical":"https:\/\/www.hoogstra-autosport.nl\/fr\/produit\/bell-olievizieren-anti-fog\/","og_locale":"fr_FR","og_type":"article","og_title":"Bell Olievizieren Anti Fog - Hoogstra Autosport","og_description":"Vizier passend op de Bell GP3 Sport en Bell GP3 Carbon. Vizieren zijn bedekt met een spiegelende olielaag waar u van buitenaf mooi opkijkt. Vanuit de helm kijkt u door dezelfde tint als een Dark Smoke (getint\/zwart) vizier. Verkrijgbaar in deze kleuren: Blauw Rood Goud Zilver","og_url":"https:\/\/www.hoogstra-autosport.nl\/fr\/produit\/bell-olievizieren-anti-fog\/","og_site_name":"Hoogstra Autosport","article_modified_time":"2024-01-20T12:10:06+00:00","og_image":[{"width":600,"height":617,"url":"https:\/\/www.hoogstra-autosport.nl\/teamkoen\/content\/uploads\/2021\/11\/Snapchat-991669601.jpg","type":"image\/jpeg"}],"twitter_card":"summary_large_image","twitter_misc":{"Dur\u00e9e de lecture estim\u00e9e":"1 minute"},"schema":{"@context":"https:\/\/schema.org","@graph":[{"@type":"WebPage","@id":"https:\/\/www.hoogstra-autosport.nl\/product\/bell-olievizieren-anti-fog\/","url":"https:\/\/www.hoogstra-autosport.nl\/product\/bell-olievizieren-anti-fog\/","name":"Bell Olievizieren Anti Fog - Hoogstra Autosport","isPartOf":{"@id":"https:\/\/www.hoogstra-autosport.nl\/#website"},"primaryImageOfPage":{"@id":"https:\/\/www.hoogstra-autosport.nl\/product\/bell-olievizieren-anti-fog\/#primaryimage"},"image":{"@id":"https:\/\/www.hoogstra-autosport.nl\/product\/bell-olievizieren-anti-fog\/#primaryimage"},"thumbnailUrl":"https:\/\/www.hoogstra-autosport.nl\/teamkoen\/wp-content\/uploads\/2021\/11\/Snapchat-991669601.jpg","datePublished":"2021-11-02T10:47:31+00:00","dateModified":"2024-01-20T12:10:06+00:00","breadcrumb":{"@id":"https:\/\/www.hoogstra-autosport.nl\/product\/bell-olievizieren-anti-fog\/#breadcrumb"},"inLanguage":"fr-FR","potentialAction":[{"@type":"ReadAction","target":["https:\/\/www.hoogstra-autosport.nl\/product\/bell-olievizieren-anti-fog\/"]}]},{"@type":"ImageObject","inLanguage":"fr-FR","@id":"https:\/\/www.hoogstra-autosport.nl\/product\/bell-olievizieren-anti-fog\/#primaryimage","url":"https:\/\/www.hoogstra-autosport.nl\/teamkoen\/wp-content\/uploads\/2021\/11\/Snapchat-991669601.jpg","contentUrl":"https:\/\/www.hoogstra-autosport.nl\/teamkoen\/wp-content\/uploads\/2021\/11\/Snapchat-991669601.jpg","width":600,"height":617},{"@type":"BreadcrumbList","@id":"https:\/\/www.hoogstra-autosport.nl\/product\/bell-olievizieren-anti-fog\/#breadcrumb","itemListElement":[{"@type":"ListItem","position":1,"name":"Home","item":"https:\/\/www.hoogstra-autosport.nl\/"},{"@type":"ListItem","position":2,"name":"Uitrusting","item":"https:\/\/www.hoogstra-autosport.nl\/product-categorie\/autosport-kleding-helmen\/"},{"@type":"ListItem","position":3,"name":"Helmen","item":"https:\/\/www.hoogstra-autosport.nl\/product-categorie\/autosport-kleding-helmen\/helmen\/"},{"@type":"ListItem","position":4,"name":"FIA Integraal Helmen","item":"https:\/\/www.hoogstra-autosport.nl\/product-categorie\/autosport-kleding-helmen\/helmen\/integraal-helmen-fia\/"},{"@type":"ListItem","position":5,"name":"Bell Integraalhelmen FIA","item":"https:\/\/www.hoogstra-autosport.nl\/product-categorie\/autosport-kleding-helmen\/helmen\/integraal-helmen-fia\/bell-integraalhelmen-fia\/"},{"@type":"ListItem","position":6,"name":"Bell Olievizieren Anti Fog"}]},{"@type":"WebSite","@id":"https:\/\/www.hoogstra-autosport.nl\/#website","url":"https:\/\/www.hoogstra-autosport.nl\/","name":"Hoogstra Autosport","description":"Performance Autosport Parts!","potentialAction":[{"@type":"SearchAction","target":{"@type":"EntryPoint","urlTemplate":"https:\/\/www.hoogstra-autosport.nl\/?s={search_term_string}"},"query-input":{"@type":"PropertyValueSpecification","valueRequired":true,"valueName":"search_term_string"}}],"inLanguage":"fr-FR"}]}},"tiered_pricing_type":"fixed","tiered_pricing_fixed_rules":[],"tiered_pricing_product_settings":{"layout":"default","base_unit_name":{"singular":null,"plural":null},"default_variation":null},"tiered_pricing_minimum_quantity":null,"tiered_pricing_roles_data":[],"tiered_pricing_percentage_rules":[],"tiered_pricing_maximum_quantity":null,"tiered_pricing_quantity_step":null,"_links":{"self":[{"href":"https:\/\/www.hoogstra-autosport.nl\/fr\/wp-json\/wp\/v2\/product\/42331","targetHints":{"allow":["GET"]}}],"collection":[{"href":"https:\/\/www.hoogstra-autosport.nl\/fr\/wp-json\/wp\/v2\/product"}],"about":[{"href":"https:\/\/www.hoogstra-autosport.nl\/fr\/wp-json\/wp\/v2\/types\/product"}],"wp:featuredmedia":[{"embeddable":true,"href":"https:\/\/www.hoogstra-autosport.nl\/fr\/wp-json\/wp\/v2\/media\/42335"}],"wp:attachment":[{"href":"https:\/\/www.hoogstra-autosport.nl\/fr\/wp-json\/wp\/v2\/media?parent=42331"}],"wp:term":[{"taxonomy":"product_brand","embeddable":true,"href":"https:\/\/www.hoogstra-autosport.nl\/fr\/wp-json\/wp\/v2\/product_brand?post=42331"},{"taxonomy":"product_cat","embeddable":true,"href":"https:\/\/www.hoogstra-autosport.nl\/fr\/wp-json\/wp\/v2\/product_cat?post=42331"},{"taxonomy":"product_tag","embeddable":true,"href":"https:\/\/www.hoogstra-autosport.nl\/fr\/wp-json\/wp\/v2\/product_tag?post=42331"}],"curies":[{"name":"wp","href":"https:\/\/api.w.org\/{rel}","templated":true}]}}