{"id":42281,"date":"2021-11-01T16:46:09","date_gmt":"2021-11-01T15:46:09","guid":{"rendered":"https:\/\/www.hoogstra-autosport.nl\/?post_type=product&#038;p=42281"},"modified":"2024-01-20T13:10:00","modified_gmt":"2024-01-20T12:10:00","slug":"kinder-oorkleppen-peltor-3m-roze","status":"publish","type":"product","link":"https:\/\/www.hoogstra-autosport.nl\/fr\/produit\/kinder-oorkleppen-peltor-3m-roze\/","title":{"rendered":"Casques antibruit pour enfants Peltor 3M Pink"},"content":{"rendered":"<p>Ces coquilles et prot\u00e8ge-oreilles sont sp\u00e9cialement con\u00e7us pour les enfants jusqu'\u00e0 l'\u00e2ge de 7 ans. Ils att\u00e9nuent les niveaux sonores \u00e9lev\u00e9s et prot\u00e8gent ainsi contre les bruits mod\u00e9r\u00e9s dans les situations quotidiennes telles que les activit\u00e9s sociales et de loisirs, sans isoler l'utilisateur de l'environnement ! Les prot\u00e8ge-oreilles sont d'un rose n\u00e9on frappant (amusant pour les filles), attirant l'attention et augmentant ainsi la s\u00e9curit\u00e9. Le bandeau unique \u00e0 profil bas assure une pression constante et renforce la confiance dans la protection. Le grand espace dans la cagoule emp\u00eache l'accumulation d'humidit\u00e9 et de chaleur, les coussins souples et larges r\u00e9duisent la pression autour des oreilles et offrent plus de confort et de facilit\u00e9 de port. Les coussins et les housses de protection sont faciles \u00e0 remplacer et permettent de garder les coquilles hygi\u00e9niques. Poids : 140 g seulement. Marquage CE. Convient aux enfants jusqu'\u00e0 7 ans. Id\u00e9al pour les festivals d'\u00e9t\u00e9, la musique forte dans la maison, les feux d'artifice, la menuiserie et la construction dans et autour de la maison, les spectacles a\u00e9riens et tous les autres environnements bruyants dans lesquels votre enfant passe du temps. Att\u00e9nuation : - H510A-442 : H=32, M=25, L=15, SNR=27 Fr\u00e9quence (HZ) 63 125 250 500 1000 2000 4000 8000 Valeur moyenne (dB) 14.1 11.6 18.7 27.5 32.9 33.6 36.1 35.8 Ecart type (dB) 4.0 4.3 3.6 2.5 2.7 3.4 3.0 3.8 Protection attendue (dB) 10.1 7.3 15.1 25.0 30.1 30.2 33.2 32.0 Norme europ\u00e9enne EN 352-2 :2002 Entretien Peltor Kid Ce casque antibruit 3M Peltor Kid pour enfants peut \u00eatre nettoy\u00e9 avec un d\u00e9tergent doux et de l'eau. Les coussins et les inserts peuvent \u00eatre remplac\u00e9s \u00e0 l'aide du kit d'hygi\u00e8ne 3M Peltor HY51.<\/p>","protected":false},"excerpt":{"rendered":"<p>Deze gehoorkappen en oorbeschermers zijn speciaal gemaakt voor kinderen tot en met 7 jaar, dempen hoge geluidsnivo&#8217;s en beschermen daarmee tegen middelmatig lawaai bij alledaagse situaties zoals sociale en ontspannende activiteiten, zonder daarmee de drager van de omgeving af te sluiten ! De oorbeschermers zijn opvallend neonroze (leuk voor de meisjes), trekken de aandacht en [&hellip;]<\/p>\n","protected":false},"featured_media":42282,"template":"","meta":{"_acf_changed":false},"product_brand":[],"product_cat":[3968,4123],"product_tag":[],"class_list":{"0":"post-42281","1":"product","2":"type-product","3":"status-publish","4":"has-post-thumbnail","6":"product_cat-bescherming-veiligheid","7":"product_cat-peltor","8":"product_shipping_class-4016","10":"first","11":"instock","12":"taxable","13":"shipping-taxable","14":"purchasable","15":"product-type-simple"},"acf":[],"yoast_head":"<!-- This site is optimized with the Yoast SEO plugin v27.1.1 - https:\/\/yoast.com\/product\/yoast-seo-wordpress\/ -->\n<title>Kinder Oorkleppen Peltor 3M Roze - Hoogstra Autosport<\/title>\n<meta name=\"robots\" content=\"index, follow, max-snippet:-1, max-image-preview:large, max-video-preview:-1\" \/>\n<link rel=\"canonical\" href=\"https:\/\/www.hoogstra-autosport.nl\/fr\/produit\/kinder-oorkleppen-peltor-3m-roze\/\" \/>\n<meta property=\"og:locale\" content=\"fr_FR\" \/>\n<meta property=\"og:type\" content=\"article\" \/>\n<meta property=\"og:title\" content=\"Kinder Oorkleppen Peltor 3M Roze - Hoogstra Autosport\" \/>\n<meta property=\"og:description\" content=\"Deze gehoorkappen en oorbeschermers zijn speciaal gemaakt voor kinderen tot en met 7 jaar, dempen hoge geluidsnivo&#8217;s en beschermen daarmee tegen middelmatig lawaai bij alledaagse situaties zoals sociale en ontspannende activiteiten, zonder daarmee de drager van de omgeving af te sluiten ! De oorbeschermers zijn opvallend neonroze (leuk voor de meisjes), trekken de aandacht en [&hellip;]\" \/>\n<meta property=\"og:url\" content=\"https:\/\/www.hoogstra-autosport.nl\/fr\/produit\/kinder-oorkleppen-peltor-3m-roze\/\" \/>\n<meta property=\"og:site_name\" content=\"Hoogstra Autosport\" \/>\n<meta property=\"article:modified_time\" content=\"2024-01-20T12:10:00+00:00\" \/>\n<meta property=\"og:image\" content=\"https:\/\/www.hoogstra-autosport.nl\/teamkoen\/content\/uploads\/2021\/11\/OIP-1.jpg\" \/>\n\t<meta property=\"og:image:width\" content=\"452\" \/>\n\t<meta property=\"og:image:height\" content=\"584\" \/>\n\t<meta property=\"og:image:type\" content=\"image\/jpeg\" \/>\n<meta name=\"twitter:card\" content=\"summary_large_image\" \/>\n<meta name=\"twitter:label1\" content=\"Dur\u00e9e de lecture estim\u00e9e\" \/>\n\t<meta name=\"twitter:data1\" content=\"2 minutes\" \/>\n<script type=\"application\/ld+json\" class=\"yoast-schema-graph\">{\"@context\":\"https:\/\/schema.org\",\"@graph\":[{\"@type\":\"WebPage\",\"@id\":\"https:\/\/www.hoogstra-autosport.nl\/product\/kinder-oorkleppen-peltor-3m-roze\/\",\"url\":\"https:\/\/www.hoogstra-autosport.nl\/product\/kinder-oorkleppen-peltor-3m-roze\/\",\"name\":\"Kinder Oorkleppen Peltor 3M Roze - Hoogstra Autosport\",\"isPartOf\":{\"@id\":\"https:\/\/www.hoogstra-autosport.nl\/#website\"},\"primaryImageOfPage\":{\"@id\":\"https:\/\/www.hoogstra-autosport.nl\/product\/kinder-oorkleppen-peltor-3m-roze\/#primaryimage\"},\"image\":{\"@id\":\"https:\/\/www.hoogstra-autosport.nl\/product\/kinder-oorkleppen-peltor-3m-roze\/#primaryimage\"},\"thumbnailUrl\":\"https:\/\/www.hoogstra-autosport.nl\/teamkoen\/wp-content\/uploads\/2021\/11\/OIP-1.jpg\",\"datePublished\":\"2021-11-01T15:46:09+00:00\",\"dateModified\":\"2024-01-20T12:10:00+00:00\",\"breadcrumb\":{\"@id\":\"https:\/\/www.hoogstra-autosport.nl\/product\/kinder-oorkleppen-peltor-3m-roze\/#breadcrumb\"},\"inLanguage\":\"fr-FR\",\"potentialAction\":[{\"@type\":\"ReadAction\",\"target\":[\"https:\/\/www.hoogstra-autosport.nl\/product\/kinder-oorkleppen-peltor-3m-roze\/\"]}]},{\"@type\":\"ImageObject\",\"inLanguage\":\"fr-FR\",\"@id\":\"https:\/\/www.hoogstra-autosport.nl\/product\/kinder-oorkleppen-peltor-3m-roze\/#primaryimage\",\"url\":\"https:\/\/www.hoogstra-autosport.nl\/teamkoen\/wp-content\/uploads\/2021\/11\/OIP-1.jpg\",\"contentUrl\":\"https:\/\/www.hoogstra-autosport.nl\/teamkoen\/wp-content\/uploads\/2021\/11\/OIP-1.jpg\",\"width\":452,\"height\":584},{\"@type\":\"BreadcrumbList\",\"@id\":\"https:\/\/www.hoogstra-autosport.nl\/product\/kinder-oorkleppen-peltor-3m-roze\/#breadcrumb\",\"itemListElement\":[{\"@type\":\"ListItem\",\"position\":1,\"name\":\"Home\",\"item\":\"https:\/\/www.hoogstra-autosport.nl\/\"},{\"@type\":\"ListItem\",\"position\":2,\"name\":\"Werkplaats\",\"item\":\"https:\/\/www.hoogstra-autosport.nl\/product-categorie\/garage-werkplaats-onderhoud\/\"},{\"@type\":\"ListItem\",\"position\":3,\"name\":\"Bescherming &amp; Veiligheid\",\"item\":\"https:\/\/www.hoogstra-autosport.nl\/product-categorie\/garage-werkplaats-onderhoud\/bescherming-veiligheid\/\"},{\"@type\":\"ListItem\",\"position\":4,\"name\":\"Kinder Oorkleppen Peltor 3M Roze\"}]},{\"@type\":\"WebSite\",\"@id\":\"https:\/\/www.hoogstra-autosport.nl\/#website\",\"url\":\"https:\/\/www.hoogstra-autosport.nl\/\",\"name\":\"Hoogstra Autosport\",\"description\":\"Performance Autosport Parts!\",\"potentialAction\":[{\"@type\":\"SearchAction\",\"target\":{\"@type\":\"EntryPoint\",\"urlTemplate\":\"https:\/\/www.hoogstra-autosport.nl\/?s={search_term_string}\"},\"query-input\":{\"@type\":\"PropertyValueSpecification\",\"valueRequired\":true,\"valueName\":\"search_term_string\"}}],\"inLanguage\":\"fr-FR\"}]}<\/script>\n<!-- \/ Yoast SEO plugin. -->","yoast_head_json":{"title":"Kinder Oorkleppen Peltor 3M Roze - Hoogstra Autosport","robots":{"index":"index","follow":"follow","max-snippet":"max-snippet:-1","max-image-preview":"max-image-preview:large","max-video-preview":"max-video-preview:-1"},"canonical":"https:\/\/www.hoogstra-autosport.nl\/fr\/produit\/kinder-oorkleppen-peltor-3m-roze\/","og_locale":"fr_FR","og_type":"article","og_title":"Kinder Oorkleppen Peltor 3M Roze - Hoogstra Autosport","og_description":"Deze gehoorkappen en oorbeschermers zijn speciaal gemaakt voor kinderen tot en met 7 jaar, dempen hoge geluidsnivo&#8217;s en beschermen daarmee tegen middelmatig lawaai bij alledaagse situaties zoals sociale en ontspannende activiteiten, zonder daarmee de drager van de omgeving af te sluiten ! De oorbeschermers zijn opvallend neonroze (leuk voor de meisjes), trekken de aandacht en [&hellip;]","og_url":"https:\/\/www.hoogstra-autosport.nl\/fr\/produit\/kinder-oorkleppen-peltor-3m-roze\/","og_site_name":"Hoogstra Autosport","article_modified_time":"2024-01-20T12:10:00+00:00","og_image":[{"width":452,"height":584,"url":"https:\/\/www.hoogstra-autosport.nl\/teamkoen\/content\/uploads\/2021\/11\/OIP-1.jpg","type":"image\/jpeg"}],"twitter_card":"summary_large_image","twitter_misc":{"Dur\u00e9e de lecture estim\u00e9e":"2 minutes"},"schema":{"@context":"https:\/\/schema.org","@graph":[{"@type":"WebPage","@id":"https:\/\/www.hoogstra-autosport.nl\/product\/kinder-oorkleppen-peltor-3m-roze\/","url":"https:\/\/www.hoogstra-autosport.nl\/product\/kinder-oorkleppen-peltor-3m-roze\/","name":"Kinder Oorkleppen Peltor 3M Roze - Hoogstra Autosport","isPartOf":{"@id":"https:\/\/www.hoogstra-autosport.nl\/#website"},"primaryImageOfPage":{"@id":"https:\/\/www.hoogstra-autosport.nl\/product\/kinder-oorkleppen-peltor-3m-roze\/#primaryimage"},"image":{"@id":"https:\/\/www.hoogstra-autosport.nl\/product\/kinder-oorkleppen-peltor-3m-roze\/#primaryimage"},"thumbnailUrl":"https:\/\/www.hoogstra-autosport.nl\/teamkoen\/wp-content\/uploads\/2021\/11\/OIP-1.jpg","datePublished":"2021-11-01T15:46:09+00:00","dateModified":"2024-01-20T12:10:00+00:00","breadcrumb":{"@id":"https:\/\/www.hoogstra-autosport.nl\/product\/kinder-oorkleppen-peltor-3m-roze\/#breadcrumb"},"inLanguage":"fr-FR","potentialAction":[{"@type":"ReadAction","target":["https:\/\/www.hoogstra-autosport.nl\/product\/kinder-oorkleppen-peltor-3m-roze\/"]}]},{"@type":"ImageObject","inLanguage":"fr-FR","@id":"https:\/\/www.hoogstra-autosport.nl\/product\/kinder-oorkleppen-peltor-3m-roze\/#primaryimage","url":"https:\/\/www.hoogstra-autosport.nl\/teamkoen\/wp-content\/uploads\/2021\/11\/OIP-1.jpg","contentUrl":"https:\/\/www.hoogstra-autosport.nl\/teamkoen\/wp-content\/uploads\/2021\/11\/OIP-1.jpg","width":452,"height":584},{"@type":"BreadcrumbList","@id":"https:\/\/www.hoogstra-autosport.nl\/product\/kinder-oorkleppen-peltor-3m-roze\/#breadcrumb","itemListElement":[{"@type":"ListItem","position":1,"name":"Home","item":"https:\/\/www.hoogstra-autosport.nl\/"},{"@type":"ListItem","position":2,"name":"Werkplaats","item":"https:\/\/www.hoogstra-autosport.nl\/product-categorie\/garage-werkplaats-onderhoud\/"},{"@type":"ListItem","position":3,"name":"Bescherming &amp; Veiligheid","item":"https:\/\/www.hoogstra-autosport.nl\/product-categorie\/garage-werkplaats-onderhoud\/bescherming-veiligheid\/"},{"@type":"ListItem","position":4,"name":"Kinder Oorkleppen Peltor 3M Roze"}]},{"@type":"WebSite","@id":"https:\/\/www.hoogstra-autosport.nl\/#website","url":"https:\/\/www.hoogstra-autosport.nl\/","name":"Hoogstra Autosport","description":"Performance Autosport Parts!","potentialAction":[{"@type":"SearchAction","target":{"@type":"EntryPoint","urlTemplate":"https:\/\/www.hoogstra-autosport.nl\/?s={search_term_string}"},"query-input":{"@type":"PropertyValueSpecification","valueRequired":true,"valueName":"search_term_string"}}],"inLanguage":"fr-FR"}]}},"tiered_pricing_type":"fixed","tiered_pricing_fixed_rules":[],"tiered_pricing_product_settings":{"layout":"default","base_unit_name":{"singular":null,"plural":null},"default_variation":null},"tiered_pricing_minimum_quantity":null,"tiered_pricing_roles_data":[],"tiered_pricing_percentage_rules":[],"tiered_pricing_maximum_quantity":null,"tiered_pricing_quantity_step":null,"_links":{"self":[{"href":"https:\/\/www.hoogstra-autosport.nl\/fr\/wp-json\/wp\/v2\/product\/42281","targetHints":{"allow":["GET"]}}],"collection":[{"href":"https:\/\/www.hoogstra-autosport.nl\/fr\/wp-json\/wp\/v2\/product"}],"about":[{"href":"https:\/\/www.hoogstra-autosport.nl\/fr\/wp-json\/wp\/v2\/types\/product"}],"wp:featuredmedia":[{"embeddable":true,"href":"https:\/\/www.hoogstra-autosport.nl\/fr\/wp-json\/wp\/v2\/media\/42282"}],"wp:attachment":[{"href":"https:\/\/www.hoogstra-autosport.nl\/fr\/wp-json\/wp\/v2\/media?parent=42281"}],"wp:term":[{"taxonomy":"product_brand","embeddable":true,"href":"https:\/\/www.hoogstra-autosport.nl\/fr\/wp-json\/wp\/v2\/product_brand?post=42281"},{"taxonomy":"product_cat","embeddable":true,"href":"https:\/\/www.hoogstra-autosport.nl\/fr\/wp-json\/wp\/v2\/product_cat?post=42281"},{"taxonomy":"product_tag","embeddable":true,"href":"https:\/\/www.hoogstra-autosport.nl\/fr\/wp-json\/wp\/v2\/product_tag?post=42281"}],"curies":[{"name":"wp","href":"https:\/\/api.w.org\/{rel}","templated":true}]}}