{"id":42208,"date":"2021-10-28T16:16:47","date_gmt":"2021-10-28T14:16:47","guid":{"rendered":"https:\/\/www.hoogstra-autosport.nl\/?post_type=product&#038;p=42208"},"modified":"2025-12-11T17:03:42","modified_gmt":"2025-12-11T16:03:42","slug":"kirkey-intermediate-full-containment-16inch","status":"publish","type":"product","link":"https:\/\/www.hoogstra-autosport.nl\/fr\/produit\/kirkey-intermediate-full-containment-16inch\/","title":{"rendered":"Kirkey Intermediate Full Containment 16 inch"},"content":{"rendered":"<p>Cinq tailles disponibles (14\u2033, 15\u2033, 16\u2033, 17\u2033, 18-1\/2\u2033).<\/p>\n<p>Le kit est livr\u00e9 avec une housse en tissu noir. Dos inclin\u00e9 de 18 degr\u00e9s. La housse facilement amovible est dot\u00e9e d'un rembourrage suppl\u00e9mentaire de 1\/2\u2033 absorbant l'\u00e9nergie pour un soutien lombaire suppl\u00e9mentaire. Con\u00e7u pour s'adapter \u00e0 tous les supports de t\u00eate et de cou. Fabriqu\u00e9 en aluminium 5052 soud\u00e9 au TIG.<\/p>\n<p>Les supports de c\u00f4tes et d'\u00e9paules renforc\u00e9s sont dot\u00e9s d'un rembourrage suppl\u00e9mentaire de 1\/2\u2033 absorbant l'\u00e9nergie, directement sur le si\u00e8ge. L'appui-t\u00eate est r\u00e9glable verticalement et lat\u00e9ralement et utilise des coussins d'impact moul\u00e9s \u00e0 haute densit\u00e9 qui absorbent l'\u00e9nergie et \u00e9liminent le rembourrage. L'appui-t\u00eate peut \u00e9galement pivoter vers le bas pour am\u00e9liorer la vision p\u00e9riph\u00e9rique. Les supports de connexion en aluminium sont fabriqu\u00e9s pour faciliter le r\u00e9glage de la t\u00eate. Le c\u00f4t\u00e9 gauche de l'appui-t\u00eate est inclin\u00e9 et raccourci pour faciliter l'entr\u00e9e et la sortie.<\/p>\n<p>&nbsp;<\/p>","protected":false},"excerpt":{"rendered":"<p>Vijf maten beschikbaar, (14&#8243;, 15&#8243;, 16&#8243;, 17&#8243;, 18-1\/2&#8243;). Kit wordt geleverd met zwarte stoffen hoes. 18 graden layback. Gemakkelijk verwijderbare hoes heeft extra 1\/2&#8243;-energieabsorberende vulling voor extra lendensteun. Ontworpen voor alle hoofd- en neksteunen. Gemaakt van TIG gelast .100 &#8221; 5052 grade aluminium. Rib- en versterkte schoudersteunen hebben extra 1\/2&#8243; energieabsorberende vulling direct op de [&hellip;]<\/p>\n","protected":false},"featured_media":42204,"template":"","meta":{"_acf_changed":false},"product_brand":[],"product_cat":[2817],"product_tag":[],"class_list":{"0":"post-42208","1":"product","2":"type-product","3":"status-publish","4":"has-post-thumbnail","6":"product_cat-kirkey-full-containment-stoelen","7":"product_shipping_class-4016","9":"first","10":"instock","11":"taxable","12":"shipping-taxable","13":"purchasable","14":"product-type-simple"},"acf":[],"yoast_head":"<!-- This site is optimized with the Yoast SEO plugin v27.1.1 - https:\/\/yoast.com\/product\/yoast-seo-wordpress\/ -->\n<title>Kirkey Intermediate Full Containment 16 inch - Hoogstra Autosport<\/title>\n<meta name=\"robots\" content=\"index, follow, max-snippet:-1, max-image-preview:large, max-video-preview:-1\" \/>\n<link rel=\"canonical\" href=\"https:\/\/www.hoogstra-autosport.nl\/fr\/produit\/kirkey-intermediate-full-containment-16inch\/\" \/>\n<meta property=\"og:locale\" content=\"fr_FR\" \/>\n<meta property=\"og:type\" content=\"article\" \/>\n<meta property=\"og:title\" content=\"Kirkey Intermediate Full Containment 16 inch - Hoogstra Autosport\" \/>\n<meta property=\"og:description\" content=\"Vijf maten beschikbaar, (14&#8243;, 15&#8243;, 16&#8243;, 17&#8243;, 18-1\/2&#8243;). Kit wordt geleverd met zwarte stoffen hoes. 18 graden layback. Gemakkelijk verwijderbare hoes heeft extra 1\/2&#8243;-energieabsorberende vulling voor extra lendensteun. Ontworpen voor alle hoofd- en neksteunen. Gemaakt van TIG gelast .100 &#8221; 5052 grade aluminium. Rib- en versterkte schoudersteunen hebben extra 1\/2&#8243; energieabsorberende vulling direct op de [&hellip;]\" \/>\n<meta property=\"og:url\" content=\"https:\/\/www.hoogstra-autosport.nl\/fr\/produit\/kirkey-intermediate-full-containment-16inch\/\" \/>\n<meta property=\"og:site_name\" content=\"Hoogstra Autosport\" \/>\n<meta property=\"article:modified_time\" content=\"2025-12-11T16:03:42+00:00\" \/>\n<meta property=\"og:image\" content=\"https:\/\/www.hoogstra-autosport.nl\/teamkoen\/wp-content\/uploads\/2021\/10\/kirkey-intermediat.jpg\" \/>\n\t<meta property=\"og:image:width\" content=\"1206\" \/>\n\t<meta property=\"og:image:height\" content=\"1206\" \/>\n\t<meta property=\"og:image:type\" content=\"image\/jpeg\" \/>\n<meta name=\"twitter:card\" content=\"summary_large_image\" \/>\n<meta name=\"twitter:label1\" content=\"Dur\u00e9e de lecture estim\u00e9e\" \/>\n\t<meta name=\"twitter:data1\" content=\"1 minute\" \/>\n<script type=\"application\/ld+json\" class=\"yoast-schema-graph\">{\"@context\":\"https:\/\/schema.org\",\"@graph\":[{\"@type\":\"WebPage\",\"@id\":\"https:\/\/www.hoogstra-autosport.nl\/product\/kirkey-intermediate-full-containment-16inch\/\",\"url\":\"https:\/\/www.hoogstra-autosport.nl\/product\/kirkey-intermediate-full-containment-16inch\/\",\"name\":\"Kirkey Intermediate Full Containment 16 inch - Hoogstra Autosport\",\"isPartOf\":{\"@id\":\"https:\/\/www.hoogstra-autosport.nl\/#website\"},\"primaryImageOfPage\":{\"@id\":\"https:\/\/www.hoogstra-autosport.nl\/product\/kirkey-intermediate-full-containment-16inch\/#primaryimage\"},\"image\":{\"@id\":\"https:\/\/www.hoogstra-autosport.nl\/product\/kirkey-intermediate-full-containment-16inch\/#primaryimage\"},\"thumbnailUrl\":\"https:\/\/www.hoogstra-autosport.nl\/teamkoen\/wp-content\/uploads\/2021\/10\/kirkey-intermediat.jpg\",\"datePublished\":\"2021-10-28T14:16:47+00:00\",\"dateModified\":\"2025-12-11T16:03:42+00:00\",\"breadcrumb\":{\"@id\":\"https:\/\/www.hoogstra-autosport.nl\/product\/kirkey-intermediate-full-containment-16inch\/#breadcrumb\"},\"inLanguage\":\"fr-FR\",\"potentialAction\":[{\"@type\":\"ReadAction\",\"target\":[\"https:\/\/www.hoogstra-autosport.nl\/product\/kirkey-intermediate-full-containment-16inch\/\"]}]},{\"@type\":\"ImageObject\",\"inLanguage\":\"fr-FR\",\"@id\":\"https:\/\/www.hoogstra-autosport.nl\/product\/kirkey-intermediate-full-containment-16inch\/#primaryimage\",\"url\":\"https:\/\/www.hoogstra-autosport.nl\/teamkoen\/wp-content\/uploads\/2021\/10\/kirkey-intermediat.jpg\",\"contentUrl\":\"https:\/\/www.hoogstra-autosport.nl\/teamkoen\/wp-content\/uploads\/2021\/10\/kirkey-intermediat.jpg\",\"width\":1206,\"height\":1206},{\"@type\":\"BreadcrumbList\",\"@id\":\"https:\/\/www.hoogstra-autosport.nl\/product\/kirkey-intermediate-full-containment-16inch\/#breadcrumb\",\"itemListElement\":[{\"@type\":\"ListItem\",\"position\":1,\"name\":\"Home\",\"item\":\"https:\/\/www.hoogstra-autosport.nl\/\"},{\"@type\":\"ListItem\",\"position\":2,\"name\":\"Interieur\",\"item\":\"https:\/\/www.hoogstra-autosport.nl\/product-categorie\/remmen-brandstof-tanken\/\"},{\"@type\":\"ListItem\",\"position\":3,\"name\":\"Stoelen\",\"item\":\"https:\/\/www.hoogstra-autosport.nl\/product-categorie\/remmen-brandstof-tanken\/stoelen\/\"},{\"@type\":\"ListItem\",\"position\":4,\"name\":\"Kirkey Stoelen\",\"item\":\"https:\/\/www.hoogstra-autosport.nl\/product-categorie\/remmen-brandstof-tanken\/stoelen\/kirkey-stoelen\/\"},{\"@type\":\"ListItem\",\"position\":5,\"name\":\"Kirkey Full Containment Stoelen\",\"item\":\"https:\/\/www.hoogstra-autosport.nl\/product-categorie\/remmen-brandstof-tanken\/stoelen\/kirkey-stoelen\/kirkey-full-containment-stoelen\/\"},{\"@type\":\"ListItem\",\"position\":6,\"name\":\"Kirkey Intermediate Full Containment 16 inch\"}]},{\"@type\":\"WebSite\",\"@id\":\"https:\/\/www.hoogstra-autosport.nl\/#website\",\"url\":\"https:\/\/www.hoogstra-autosport.nl\/\",\"name\":\"Hoogstra Autosport\",\"description\":\"Performance Autosport Parts!\",\"potentialAction\":[{\"@type\":\"SearchAction\",\"target\":{\"@type\":\"EntryPoint\",\"urlTemplate\":\"https:\/\/www.hoogstra-autosport.nl\/?s={search_term_string}\"},\"query-input\":{\"@type\":\"PropertyValueSpecification\",\"valueRequired\":true,\"valueName\":\"search_term_string\"}}],\"inLanguage\":\"fr-FR\"}]}<\/script>\n<!-- \/ Yoast SEO plugin. -->","yoast_head_json":{"title":"Kirkey Intermediate Full Containment 16 inch - Hoogstra Autosport","robots":{"index":"index","follow":"follow","max-snippet":"max-snippet:-1","max-image-preview":"max-image-preview:large","max-video-preview":"max-video-preview:-1"},"canonical":"https:\/\/www.hoogstra-autosport.nl\/fr\/produit\/kirkey-intermediate-full-containment-16inch\/","og_locale":"fr_FR","og_type":"article","og_title":"Kirkey Intermediate Full Containment 16 inch - Hoogstra Autosport","og_description":"Vijf maten beschikbaar, (14&#8243;, 15&#8243;, 16&#8243;, 17&#8243;, 18-1\/2&#8243;). Kit wordt geleverd met zwarte stoffen hoes. 18 graden layback. Gemakkelijk verwijderbare hoes heeft extra 1\/2&#8243;-energieabsorberende vulling voor extra lendensteun. Ontworpen voor alle hoofd- en neksteunen. Gemaakt van TIG gelast .100 &#8221; 5052 grade aluminium. Rib- en versterkte schoudersteunen hebben extra 1\/2&#8243; energieabsorberende vulling direct op de [&hellip;]","og_url":"https:\/\/www.hoogstra-autosport.nl\/fr\/produit\/kirkey-intermediate-full-containment-16inch\/","og_site_name":"Hoogstra Autosport","article_modified_time":"2025-12-11T16:03:42+00:00","og_image":[{"width":1206,"height":1206,"url":"https:\/\/www.hoogstra-autosport.nl\/teamkoen\/wp-content\/uploads\/2021\/10\/kirkey-intermediat.jpg","type":"image\/jpeg"}],"twitter_card":"summary_large_image","twitter_misc":{"Dur\u00e9e de lecture estim\u00e9e":"1 minute"},"schema":{"@context":"https:\/\/schema.org","@graph":[{"@type":"WebPage","@id":"https:\/\/www.hoogstra-autosport.nl\/product\/kirkey-intermediate-full-containment-16inch\/","url":"https:\/\/www.hoogstra-autosport.nl\/product\/kirkey-intermediate-full-containment-16inch\/","name":"Kirkey Intermediate Full Containment 16 inch - Hoogstra Autosport","isPartOf":{"@id":"https:\/\/www.hoogstra-autosport.nl\/#website"},"primaryImageOfPage":{"@id":"https:\/\/www.hoogstra-autosport.nl\/product\/kirkey-intermediate-full-containment-16inch\/#primaryimage"},"image":{"@id":"https:\/\/www.hoogstra-autosport.nl\/product\/kirkey-intermediate-full-containment-16inch\/#primaryimage"},"thumbnailUrl":"https:\/\/www.hoogstra-autosport.nl\/teamkoen\/wp-content\/uploads\/2021\/10\/kirkey-intermediat.jpg","datePublished":"2021-10-28T14:16:47+00:00","dateModified":"2025-12-11T16:03:42+00:00","breadcrumb":{"@id":"https:\/\/www.hoogstra-autosport.nl\/product\/kirkey-intermediate-full-containment-16inch\/#breadcrumb"},"inLanguage":"fr-FR","potentialAction":[{"@type":"ReadAction","target":["https:\/\/www.hoogstra-autosport.nl\/product\/kirkey-intermediate-full-containment-16inch\/"]}]},{"@type":"ImageObject","inLanguage":"fr-FR","@id":"https:\/\/www.hoogstra-autosport.nl\/product\/kirkey-intermediate-full-containment-16inch\/#primaryimage","url":"https:\/\/www.hoogstra-autosport.nl\/teamkoen\/wp-content\/uploads\/2021\/10\/kirkey-intermediat.jpg","contentUrl":"https:\/\/www.hoogstra-autosport.nl\/teamkoen\/wp-content\/uploads\/2021\/10\/kirkey-intermediat.jpg","width":1206,"height":1206},{"@type":"BreadcrumbList","@id":"https:\/\/www.hoogstra-autosport.nl\/product\/kirkey-intermediate-full-containment-16inch\/#breadcrumb","itemListElement":[{"@type":"ListItem","position":1,"name":"Home","item":"https:\/\/www.hoogstra-autosport.nl\/"},{"@type":"ListItem","position":2,"name":"Interieur","item":"https:\/\/www.hoogstra-autosport.nl\/product-categorie\/remmen-brandstof-tanken\/"},{"@type":"ListItem","position":3,"name":"Stoelen","item":"https:\/\/www.hoogstra-autosport.nl\/product-categorie\/remmen-brandstof-tanken\/stoelen\/"},{"@type":"ListItem","position":4,"name":"Kirkey Stoelen","item":"https:\/\/www.hoogstra-autosport.nl\/product-categorie\/remmen-brandstof-tanken\/stoelen\/kirkey-stoelen\/"},{"@type":"ListItem","position":5,"name":"Kirkey Full Containment Stoelen","item":"https:\/\/www.hoogstra-autosport.nl\/product-categorie\/remmen-brandstof-tanken\/stoelen\/kirkey-stoelen\/kirkey-full-containment-stoelen\/"},{"@type":"ListItem","position":6,"name":"Kirkey Intermediate Full Containment 16 inch"}]},{"@type":"WebSite","@id":"https:\/\/www.hoogstra-autosport.nl\/#website","url":"https:\/\/www.hoogstra-autosport.nl\/","name":"Hoogstra Autosport","description":"Performance Autosport Parts!","potentialAction":[{"@type":"SearchAction","target":{"@type":"EntryPoint","urlTemplate":"https:\/\/www.hoogstra-autosport.nl\/?s={search_term_string}"},"query-input":{"@type":"PropertyValueSpecification","valueRequired":true,"valueName":"search_term_string"}}],"inLanguage":"fr-FR"}]}},"tiered_pricing_type":"fixed","tiered_pricing_fixed_rules":[],"tiered_pricing_product_settings":{"layout":"default","base_unit_name":{"singular":null,"plural":null},"default_variation":null},"tiered_pricing_minimum_quantity":null,"tiered_pricing_roles_data":[],"tiered_pricing_percentage_rules":[],"tiered_pricing_maximum_quantity":null,"tiered_pricing_quantity_step":null,"_links":{"self":[{"href":"https:\/\/www.hoogstra-autosport.nl\/fr\/wp-json\/wp\/v2\/product\/42208","targetHints":{"allow":["GET"]}}],"collection":[{"href":"https:\/\/www.hoogstra-autosport.nl\/fr\/wp-json\/wp\/v2\/product"}],"about":[{"href":"https:\/\/www.hoogstra-autosport.nl\/fr\/wp-json\/wp\/v2\/types\/product"}],"wp:featuredmedia":[{"embeddable":true,"href":"https:\/\/www.hoogstra-autosport.nl\/fr\/wp-json\/wp\/v2\/media\/42204"}],"wp:attachment":[{"href":"https:\/\/www.hoogstra-autosport.nl\/fr\/wp-json\/wp\/v2\/media?parent=42208"}],"wp:term":[{"taxonomy":"product_brand","embeddable":true,"href":"https:\/\/www.hoogstra-autosport.nl\/fr\/wp-json\/wp\/v2\/product_brand?post=42208"},{"taxonomy":"product_cat","embeddable":true,"href":"https:\/\/www.hoogstra-autosport.nl\/fr\/wp-json\/wp\/v2\/product_cat?post=42208"},{"taxonomy":"product_tag","embeddable":true,"href":"https:\/\/www.hoogstra-autosport.nl\/fr\/wp-json\/wp\/v2\/product_tag?post=42208"}],"curies":[{"name":"wp","href":"https:\/\/api.w.org\/{rel}","templated":true}]}}