{"id":42187,"date":"2021-10-27T11:37:11","date_gmt":"2021-10-27T09:37:11","guid":{"rendered":"https:\/\/www.hoogstra-autosport.nl\/?post_type=product&#038;p=42187"},"modified":"2024-01-20T13:10:01","modified_gmt":"2024-01-20T12:10:01","slug":"atlas-vision-nek-brace-adult","status":"publish","type":"product","link":"https:\/\/www.hoogstra-autosport.nl\/fr\/produit\/atlas-vision-nek-brace-adult\/","title":{"rendered":"Atlas Vision Neck Brace Adulte"},"content":{"rendered":"<p>L'Atlas Vision red\u00e9finit la cat\u00e9gorie des protections cervicales avec une forme simplifi\u00e9e, l'ajout de mat\u00e9riaux avanc\u00e9s et \u00e9prouv\u00e9s et la plus grande am\u00e9lioration de l'exp\u00e9rience de l'utilisateur depuis le d\u00e9veloppement des protections cervicales. En se pla\u00e7ant uniquement au-dessus des \u00e9paules, la minerve Atlas Vision vise \u00e0 r\u00e9duire les forces de compression en \u00e9liminant les parties avant et arri\u00e8re traditionnelles de la minerve. La mobilit\u00e9 est augment\u00e9e \u00e0 66% et le poids est r\u00e9duit de 45% (par rapport \u00e0 l'Atlas Air).<\/p>\n<p>Caract\u00e9ristiques :<br \/>\n- Aluminium 7075 forg\u00e9\/frais\u00e9.<br \/>\n- D30 : mat\u00e9riau d'absorption des chocs avanc\u00e9, \u00e9prouv\u00e9 industriellement.<br \/>\n- Pas d'outil, pas de souci, la conception unique \u00e9limine le besoin d'ajuster l'\u00e9paisseur de la poitrine.<br \/>\n- Vous avez le choix entre 2 r\u00e9glages de hauteur pr\u00e9d\u00e9finis.<br \/>\n- L'armature Split-flex favorise la flexibilit\u00e9 afin d'imiter les mouvements naturels du corps pour un maximum de confort et de libert\u00e9 de mouvement.<br \/>\n- La ceinture hybride de deuxi\u00e8me g\u00e9n\u00e9ration peut \u00eatre s\u00e9par\u00e9e en deux parties, mais conserve une partie inf\u00e9rieure \u00e9paisse et une partie sup\u00e9rieure fine pour plus de confort.<br \/>\n- Les coussins de soutien thoracique se placent autour du sternum.<br \/>\n- Le cadre arri\u00e8re se situe autour du dos.<br \/>\n- Pratiquement invisible 325 g.<\/p>","protected":false},"excerpt":{"rendered":"<p>De Atlas Vision herdefinieert de nekbeschermingscategorie met een vereenvoudigde vorm, toevoeging van geavanceerde en bewezen materialen en de grootste verbetering in gebruikerservaring sinds de ontwikkeling van nekbescherming. Door alleen boven de schouders te zitten, heeft de Atlas Vision nekbrace het doel de compressiekrachten te verminderen door de traditionele voor- en achterdelen van de nekbrace te [&hellip;]<\/p>\n","protected":false},"featured_media":42188,"template":"","meta":{"_acf_changed":false},"product_brand":[],"product_cat":[2601,2650],"product_tag":[],"class_list":{"0":"post-42187","1":"product","2":"type-product","3":"status-publish","4":"has-post-thumbnail","6":"product_cat-nekbanden","7":"product_cat-nekbanden-2","8":"product_shipping_class-4016","10":"first","11":"instock","12":"taxable","13":"shipping-taxable","14":"purchasable","15":"product-type-variable"},"acf":[],"yoast_head":"<!-- This site is optimized with the Yoast SEO plugin v27.1.1 - https:\/\/yoast.com\/product\/yoast-seo-wordpress\/ -->\n<title>Atlas Vision Nek Brace Adult - Hoogstra Autosport<\/title>\n<meta name=\"robots\" content=\"index, follow, max-snippet:-1, max-image-preview:large, max-video-preview:-1\" \/>\n<link rel=\"canonical\" href=\"https:\/\/www.hoogstra-autosport.nl\/fr\/produit\/atlas-vision-nek-brace-adult\/\" \/>\n<meta property=\"og:locale\" content=\"fr_FR\" \/>\n<meta property=\"og:type\" content=\"article\" \/>\n<meta property=\"og:title\" content=\"Atlas Vision Nek Brace Adult - Hoogstra Autosport\" \/>\n<meta property=\"og:description\" content=\"De Atlas Vision herdefinieert de nekbeschermingscategorie met een vereenvoudigde vorm, toevoeging van geavanceerde en bewezen materialen en de grootste verbetering in gebruikerservaring sinds de ontwikkeling van nekbescherming. Door alleen boven de schouders te zitten, heeft de Atlas Vision nekbrace het doel de compressiekrachten te verminderen door de traditionele voor- en achterdelen van de nekbrace te [&hellip;]\" \/>\n<meta property=\"og:url\" content=\"https:\/\/www.hoogstra-autosport.nl\/fr\/produit\/atlas-vision-nek-brace-adult\/\" \/>\n<meta property=\"og:site_name\" content=\"Hoogstra Autosport\" \/>\n<meta property=\"article:modified_time\" content=\"2024-01-20T12:10:01+00:00\" \/>\n<meta property=\"og:image\" content=\"https:\/\/www.hoogstra-autosport.nl\/teamkoen\/content\/uploads\/2021\/10\/atlas-nekbeugel.jpg\" \/>\n\t<meta property=\"og:image:width\" content=\"1206\" \/>\n\t<meta property=\"og:image:height\" content=\"1206\" \/>\n\t<meta property=\"og:image:type\" content=\"image\/jpeg\" \/>\n<meta name=\"twitter:card\" content=\"summary_large_image\" \/>\n<meta name=\"twitter:label1\" content=\"Dur\u00e9e de lecture estim\u00e9e\" \/>\n\t<meta name=\"twitter:data1\" content=\"1 minute\" \/>\n<script type=\"application\/ld+json\" class=\"yoast-schema-graph\">{\"@context\":\"https:\/\/schema.org\",\"@graph\":[{\"@type\":\"WebPage\",\"@id\":\"https:\/\/www.hoogstra-autosport.nl\/product\/atlas-vision-nek-brace-adult\/\",\"url\":\"https:\/\/www.hoogstra-autosport.nl\/product\/atlas-vision-nek-brace-adult\/\",\"name\":\"Atlas Vision Nek Brace Adult - Hoogstra Autosport\",\"isPartOf\":{\"@id\":\"https:\/\/www.hoogstra-autosport.nl\/#website\"},\"primaryImageOfPage\":{\"@id\":\"https:\/\/www.hoogstra-autosport.nl\/product\/atlas-vision-nek-brace-adult\/#primaryimage\"},\"image\":{\"@id\":\"https:\/\/www.hoogstra-autosport.nl\/product\/atlas-vision-nek-brace-adult\/#primaryimage\"},\"thumbnailUrl\":\"https:\/\/www.hoogstra-autosport.nl\/teamkoen\/wp-content\/uploads\/2021\/10\/atlas-nekbeugel.jpg\",\"datePublished\":\"2021-10-27T09:37:11+00:00\",\"dateModified\":\"2024-01-20T12:10:01+00:00\",\"breadcrumb\":{\"@id\":\"https:\/\/www.hoogstra-autosport.nl\/product\/atlas-vision-nek-brace-adult\/#breadcrumb\"},\"inLanguage\":\"fr-FR\",\"potentialAction\":[{\"@type\":\"ReadAction\",\"target\":[\"https:\/\/www.hoogstra-autosport.nl\/product\/atlas-vision-nek-brace-adult\/\"]}]},{\"@type\":\"ImageObject\",\"inLanguage\":\"fr-FR\",\"@id\":\"https:\/\/www.hoogstra-autosport.nl\/product\/atlas-vision-nek-brace-adult\/#primaryimage\",\"url\":\"https:\/\/www.hoogstra-autosport.nl\/teamkoen\/wp-content\/uploads\/2021\/10\/atlas-nekbeugel.jpg\",\"contentUrl\":\"https:\/\/www.hoogstra-autosport.nl\/teamkoen\/wp-content\/uploads\/2021\/10\/atlas-nekbeugel.jpg\",\"width\":1206,\"height\":1206},{\"@type\":\"BreadcrumbList\",\"@id\":\"https:\/\/www.hoogstra-autosport.nl\/product\/atlas-vision-nek-brace-adult\/#breadcrumb\",\"itemListElement\":[{\"@type\":\"ListItem\",\"position\":1,\"name\":\"Home\",\"item\":\"https:\/\/www.hoogstra-autosport.nl\/\"},{\"@type\":\"ListItem\",\"position\":2,\"name\":\"Uitrusting\",\"item\":\"https:\/\/www.hoogstra-autosport.nl\/product-categorie\/autosport-kleding-helmen\/\"},{\"@type\":\"ListItem\",\"position\":3,\"name\":\"Autosport Kleding\",\"item\":\"https:\/\/www.hoogstra-autosport.nl\/product-categorie\/autosport-kleding-helmen\/autosport-kleding\/\"},{\"@type\":\"ListItem\",\"position\":4,\"name\":\"Nekbanden\",\"item\":\"https:\/\/www.hoogstra-autosport.nl\/product-categorie\/autosport-kleding-helmen\/autosport-kleding\/nekbanden\/\"},{\"@type\":\"ListItem\",\"position\":5,\"name\":\"Atlas Vision Nek Brace Adult\"}]},{\"@type\":\"WebSite\",\"@id\":\"https:\/\/www.hoogstra-autosport.nl\/#website\",\"url\":\"https:\/\/www.hoogstra-autosport.nl\/\",\"name\":\"Hoogstra Autosport\",\"description\":\"Performance Autosport Parts!\",\"potentialAction\":[{\"@type\":\"SearchAction\",\"target\":{\"@type\":\"EntryPoint\",\"urlTemplate\":\"https:\/\/www.hoogstra-autosport.nl\/?s={search_term_string}\"},\"query-input\":{\"@type\":\"PropertyValueSpecification\",\"valueRequired\":true,\"valueName\":\"search_term_string\"}}],\"inLanguage\":\"fr-FR\"}]}<\/script>\n<!-- \/ Yoast SEO plugin. -->","yoast_head_json":{"title":"Atlas Vision Nek Brace Adult - Hoogstra Autosport","robots":{"index":"index","follow":"follow","max-snippet":"max-snippet:-1","max-image-preview":"max-image-preview:large","max-video-preview":"max-video-preview:-1"},"canonical":"https:\/\/www.hoogstra-autosport.nl\/fr\/produit\/atlas-vision-nek-brace-adult\/","og_locale":"fr_FR","og_type":"article","og_title":"Atlas Vision Nek Brace Adult - Hoogstra Autosport","og_description":"De Atlas Vision herdefinieert de nekbeschermingscategorie met een vereenvoudigde vorm, toevoeging van geavanceerde en bewezen materialen en de grootste verbetering in gebruikerservaring sinds de ontwikkeling van nekbescherming. Door alleen boven de schouders te zitten, heeft de Atlas Vision nekbrace het doel de compressiekrachten te verminderen door de traditionele voor- en achterdelen van de nekbrace te [&hellip;]","og_url":"https:\/\/www.hoogstra-autosport.nl\/fr\/produit\/atlas-vision-nek-brace-adult\/","og_site_name":"Hoogstra Autosport","article_modified_time":"2024-01-20T12:10:01+00:00","og_image":[{"width":1206,"height":1206,"url":"https:\/\/www.hoogstra-autosport.nl\/teamkoen\/content\/uploads\/2021\/10\/atlas-nekbeugel.jpg","type":"image\/jpeg"}],"twitter_card":"summary_large_image","twitter_misc":{"Dur\u00e9e de lecture estim\u00e9e":"1 minute"},"schema":{"@context":"https:\/\/schema.org","@graph":[{"@type":"WebPage","@id":"https:\/\/www.hoogstra-autosport.nl\/product\/atlas-vision-nek-brace-adult\/","url":"https:\/\/www.hoogstra-autosport.nl\/product\/atlas-vision-nek-brace-adult\/","name":"Atlas Vision Nek Brace Adult - Hoogstra Autosport","isPartOf":{"@id":"https:\/\/www.hoogstra-autosport.nl\/#website"},"primaryImageOfPage":{"@id":"https:\/\/www.hoogstra-autosport.nl\/product\/atlas-vision-nek-brace-adult\/#primaryimage"},"image":{"@id":"https:\/\/www.hoogstra-autosport.nl\/product\/atlas-vision-nek-brace-adult\/#primaryimage"},"thumbnailUrl":"https:\/\/www.hoogstra-autosport.nl\/teamkoen\/wp-content\/uploads\/2021\/10\/atlas-nekbeugel.jpg","datePublished":"2021-10-27T09:37:11+00:00","dateModified":"2024-01-20T12:10:01+00:00","breadcrumb":{"@id":"https:\/\/www.hoogstra-autosport.nl\/product\/atlas-vision-nek-brace-adult\/#breadcrumb"},"inLanguage":"fr-FR","potentialAction":[{"@type":"ReadAction","target":["https:\/\/www.hoogstra-autosport.nl\/product\/atlas-vision-nek-brace-adult\/"]}]},{"@type":"ImageObject","inLanguage":"fr-FR","@id":"https:\/\/www.hoogstra-autosport.nl\/product\/atlas-vision-nek-brace-adult\/#primaryimage","url":"https:\/\/www.hoogstra-autosport.nl\/teamkoen\/wp-content\/uploads\/2021\/10\/atlas-nekbeugel.jpg","contentUrl":"https:\/\/www.hoogstra-autosport.nl\/teamkoen\/wp-content\/uploads\/2021\/10\/atlas-nekbeugel.jpg","width":1206,"height":1206},{"@type":"BreadcrumbList","@id":"https:\/\/www.hoogstra-autosport.nl\/product\/atlas-vision-nek-brace-adult\/#breadcrumb","itemListElement":[{"@type":"ListItem","position":1,"name":"Home","item":"https:\/\/www.hoogstra-autosport.nl\/"},{"@type":"ListItem","position":2,"name":"Uitrusting","item":"https:\/\/www.hoogstra-autosport.nl\/product-categorie\/autosport-kleding-helmen\/"},{"@type":"ListItem","position":3,"name":"Autosport Kleding","item":"https:\/\/www.hoogstra-autosport.nl\/product-categorie\/autosport-kleding-helmen\/autosport-kleding\/"},{"@type":"ListItem","position":4,"name":"Nekbanden","item":"https:\/\/www.hoogstra-autosport.nl\/product-categorie\/autosport-kleding-helmen\/autosport-kleding\/nekbanden\/"},{"@type":"ListItem","position":5,"name":"Atlas Vision Nek Brace Adult"}]},{"@type":"WebSite","@id":"https:\/\/www.hoogstra-autosport.nl\/#website","url":"https:\/\/www.hoogstra-autosport.nl\/","name":"Hoogstra Autosport","description":"Performance Autosport Parts!","potentialAction":[{"@type":"SearchAction","target":{"@type":"EntryPoint","urlTemplate":"https:\/\/www.hoogstra-autosport.nl\/?s={search_term_string}"},"query-input":{"@type":"PropertyValueSpecification","valueRequired":true,"valueName":"search_term_string"}}],"inLanguage":"fr-FR"}]}},"tiered_pricing_type":"fixed","tiered_pricing_fixed_rules":[],"tiered_pricing_product_settings":{"layout":"default","base_unit_name":{"singular":null,"plural":null},"default_variation":null},"tiered_pricing_minimum_quantity":null,"tiered_pricing_roles_data":[],"tiered_pricing_percentage_rules":[],"tiered_pricing_maximum_quantity":null,"tiered_pricing_quantity_step":null,"_links":{"self":[{"href":"https:\/\/www.hoogstra-autosport.nl\/fr\/wp-json\/wp\/v2\/product\/42187","targetHints":{"allow":["GET"]}}],"collection":[{"href":"https:\/\/www.hoogstra-autosport.nl\/fr\/wp-json\/wp\/v2\/product"}],"about":[{"href":"https:\/\/www.hoogstra-autosport.nl\/fr\/wp-json\/wp\/v2\/types\/product"}],"wp:featuredmedia":[{"embeddable":true,"href":"https:\/\/www.hoogstra-autosport.nl\/fr\/wp-json\/wp\/v2\/media\/42188"}],"wp:attachment":[{"href":"https:\/\/www.hoogstra-autosport.nl\/fr\/wp-json\/wp\/v2\/media?parent=42187"}],"wp:term":[{"taxonomy":"product_brand","embeddable":true,"href":"https:\/\/www.hoogstra-autosport.nl\/fr\/wp-json\/wp\/v2\/product_brand?post=42187"},{"taxonomy":"product_cat","embeddable":true,"href":"https:\/\/www.hoogstra-autosport.nl\/fr\/wp-json\/wp\/v2\/product_cat?post=42187"},{"taxonomy":"product_tag","embeddable":true,"href":"https:\/\/www.hoogstra-autosport.nl\/fr\/wp-json\/wp\/v2\/product_tag?post=42187"}],"curies":[{"name":"wp","href":"https:\/\/api.w.org\/{rel}","templated":true}]}}