{"id":42112,"date":"2021-10-21T16:54:59","date_gmt":"2021-10-21T14:54:59","guid":{"rendered":"https:\/\/www.hoogstra-autosport.nl\/?post_type=product&#038;p=42112"},"modified":"2025-12-12T16:48:47","modified_gmt":"2025-12-12T15:48:47","slug":"42112","status":"publish","type":"product","link":"https:\/\/www.hoogstra-autosport.nl\/fr\/produit\/42112\/","title":{"rendered":"Interrupteur de freinage \u00e9lectrique"},"content":{"rendered":"<p>Les coureurs recherchent tous les avantages possibles. Le TCI\u00ae Electric Brake Shut-Off en offre un en permettant au conducteur de couper \u00e9lectriquement l'\u00e9trier avant droit pour am\u00e9liorer la maniabilit\u00e9 dans les applications de course sur circuit en terre. Le sol\u00e9no\u00efde, facile \u00e0 installer, peut \u00eatre mont\u00e9 directement dans la conduite de frein, quelque part entre le ma\u00eetre-cylindre et l'\u00e9trier. Ce composant bloque le flux de liquide vers l'\u00e9trier avant droit, \u00e9liminant ainsi la condition habituelle de \"pouss\u00e9e\" ou de \"serrage\" rencontr\u00e9e lors du freinage dans les virages. La conception compacte du sol\u00e9no\u00efde permet de monter discr\u00e8tement le TCI\u00ae Electric Brake Shut-Off, quelle que soit l'application. Le sol\u00e9no\u00efde robuste peut supporter jusqu'\u00e0 3 000 psi et comprend un joint \u00e9tanche pour supporter les lavages fr\u00e9quents \u00e0 haute pression. De plus, le sol\u00e9no\u00efde ne n\u00e9cessite qu'un seul courant d'amplification, de sorte qu'il n'\u00e9puise pas votre syst\u00e8me \u00e9lectrique. Le joint de frein \u00e9lectrique TCI\u00ae pour les applications de piste circulaire en terre fonctionne avec tous les syst\u00e8mes de freinage hydrauliques, ce qui le rend parfait pour les stock-cars, les modifications et les mod\u00e8les tardifs.<\/p>","protected":false},"excerpt":{"rendered":"<p>Racers willen elk mogelijk voordeel. De TCI\u00ae Electric Brake Shut-Off biedt er een omdat het de bestuurder in staat stelt om de rechter voorremklauw elektrisch uit te schakelen om de wegligging in dirt circle track-racetoepassingen te verbeteren. De eenvoudig te installeren soleno\u00efde kan direct in de remleiding worden gemonteerd, ergens tussen de hoofdcilinder en de [&hellip;]<\/p>\n","protected":false},"featured_media":95260,"template":"","meta":{"_acf_changed":false},"product_brand":[],"product_cat":[2753,2755],"product_tag":[],"class_list":{"0":"post-42112","1":"product","2":"type-product","3":"status-publish","4":"has-post-thumbnail","6":"product_cat-handremmen","7":"product_cat-remdrukregelaar","8":"product_shipping_class-4016","10":"first","11":"instock","12":"taxable","13":"shipping-taxable","14":"purchasable","15":"product-type-simple"},"acf":[],"yoast_head":"<!-- This site is optimized with the Yoast SEO plugin v27.1.1 - https:\/\/yoast.com\/product\/yoast-seo-wordpress\/ -->\n<title>Elektrische Rem Onderbreker - Hoogstra Autosport<\/title>\n<meta name=\"robots\" content=\"index, follow, max-snippet:-1, max-image-preview:large, max-video-preview:-1\" \/>\n<link rel=\"canonical\" href=\"https:\/\/www.hoogstra-autosport.nl\/fr\/produit\/42112\/\" \/>\n<meta property=\"og:locale\" content=\"fr_FR\" \/>\n<meta property=\"og:type\" content=\"article\" \/>\n<meta property=\"og:title\" content=\"Elektrische Rem Onderbreker - Hoogstra Autosport\" \/>\n<meta property=\"og:description\" content=\"Racers willen elk mogelijk voordeel. De TCI\u00ae Electric Brake Shut-Off biedt er een omdat het de bestuurder in staat stelt om de rechter voorremklauw elektrisch uit te schakelen om de wegligging in dirt circle track-racetoepassingen te verbeteren. De eenvoudig te installeren soleno\u00efde kan direct in de remleiding worden gemonteerd, ergens tussen de hoofdcilinder en de [&hellip;]\" \/>\n<meta property=\"og:url\" content=\"https:\/\/www.hoogstra-autosport.nl\/fr\/produit\/42112\/\" \/>\n<meta property=\"og:site_name\" content=\"Hoogstra Autosport\" \/>\n<meta property=\"article:modified_time\" content=\"2025-12-12T15:48:47+00:00\" \/>\n<meta property=\"og:image\" content=\"https:\/\/www.hoogstra-autosport.nl\/teamkoen\/wp-content\/uploads\/2021\/10\/Untitled-Project-2025-12-12T164836.735.jpg\" \/>\n\t<meta property=\"og:image:width\" content=\"1080\" \/>\n\t<meta property=\"og:image:height\" content=\"1080\" \/>\n\t<meta property=\"og:image:type\" content=\"image\/jpeg\" \/>\n<meta name=\"twitter:card\" content=\"summary_large_image\" \/>\n<meta name=\"twitter:label1\" content=\"Dur\u00e9e de lecture estim\u00e9e\" \/>\n\t<meta name=\"twitter:data1\" content=\"2 minutes\" \/>\n<script type=\"application\/ld+json\" class=\"yoast-schema-graph\">{\"@context\":\"https:\/\/schema.org\",\"@graph\":[{\"@type\":\"WebPage\",\"@id\":\"https:\/\/www.hoogstra-autosport.nl\/product\/42112\/\",\"url\":\"https:\/\/www.hoogstra-autosport.nl\/product\/42112\/\",\"name\":\"Elektrische Rem Onderbreker - Hoogstra Autosport\",\"isPartOf\":{\"@id\":\"https:\/\/www.hoogstra-autosport.nl\/#website\"},\"primaryImageOfPage\":{\"@id\":\"https:\/\/www.hoogstra-autosport.nl\/product\/42112\/#primaryimage\"},\"image\":{\"@id\":\"https:\/\/www.hoogstra-autosport.nl\/product\/42112\/#primaryimage\"},\"thumbnailUrl\":\"https:\/\/www.hoogstra-autosport.nl\/teamkoen\/wp-content\/uploads\/2021\/10\/Untitled-Project-2025-12-12T164836.735.jpg\",\"datePublished\":\"2021-10-21T14:54:59+00:00\",\"dateModified\":\"2025-12-12T15:48:47+00:00\",\"breadcrumb\":{\"@id\":\"https:\/\/www.hoogstra-autosport.nl\/product\/42112\/#breadcrumb\"},\"inLanguage\":\"fr-FR\",\"potentialAction\":[{\"@type\":\"ReadAction\",\"target\":[\"https:\/\/www.hoogstra-autosport.nl\/product\/42112\/\"]}]},{\"@type\":\"ImageObject\",\"inLanguage\":\"fr-FR\",\"@id\":\"https:\/\/www.hoogstra-autosport.nl\/product\/42112\/#primaryimage\",\"url\":\"https:\/\/www.hoogstra-autosport.nl\/teamkoen\/wp-content\/uploads\/2021\/10\/Untitled-Project-2025-12-12T164836.735.jpg\",\"contentUrl\":\"https:\/\/www.hoogstra-autosport.nl\/teamkoen\/wp-content\/uploads\/2021\/10\/Untitled-Project-2025-12-12T164836.735.jpg\",\"width\":1080,\"height\":1080},{\"@type\":\"BreadcrumbList\",\"@id\":\"https:\/\/www.hoogstra-autosport.nl\/product\/42112\/#breadcrumb\",\"itemListElement\":[{\"@type\":\"ListItem\",\"position\":1,\"name\":\"Home\",\"item\":\"https:\/\/www.hoogstra-autosport.nl\/\"},{\"@type\":\"ListItem\",\"position\":2,\"name\":\"Remmen\",\"item\":\"https:\/\/www.hoogstra-autosport.nl\/product-categorie\/remmen-2\/\"},{\"@type\":\"ListItem\",\"position\":3,\"name\":\"Remdrukregelaar\",\"item\":\"https:\/\/www.hoogstra-autosport.nl\/product-categorie\/remmen-2\/remdrukregelaar\/\"},{\"@type\":\"ListItem\",\"position\":4,\"name\":\"Elektrische Rem Onderbreker\"}]},{\"@type\":\"WebSite\",\"@id\":\"https:\/\/www.hoogstra-autosport.nl\/#website\",\"url\":\"https:\/\/www.hoogstra-autosport.nl\/\",\"name\":\"Hoogstra Autosport\",\"description\":\"Performance Autosport Parts!\",\"potentialAction\":[{\"@type\":\"SearchAction\",\"target\":{\"@type\":\"EntryPoint\",\"urlTemplate\":\"https:\/\/www.hoogstra-autosport.nl\/?s={search_term_string}\"},\"query-input\":{\"@type\":\"PropertyValueSpecification\",\"valueRequired\":true,\"valueName\":\"search_term_string\"}}],\"inLanguage\":\"fr-FR\"}]}<\/script>\n<!-- \/ Yoast SEO plugin. -->","yoast_head_json":{"title":"Elektrische Rem Onderbreker - Hoogstra Autosport","robots":{"index":"index","follow":"follow","max-snippet":"max-snippet:-1","max-image-preview":"max-image-preview:large","max-video-preview":"max-video-preview:-1"},"canonical":"https:\/\/www.hoogstra-autosport.nl\/fr\/produit\/42112\/","og_locale":"fr_FR","og_type":"article","og_title":"Elektrische Rem Onderbreker - Hoogstra Autosport","og_description":"Racers willen elk mogelijk voordeel. De TCI\u00ae Electric Brake Shut-Off biedt er een omdat het de bestuurder in staat stelt om de rechter voorremklauw elektrisch uit te schakelen om de wegligging in dirt circle track-racetoepassingen te verbeteren. De eenvoudig te installeren soleno\u00efde kan direct in de remleiding worden gemonteerd, ergens tussen de hoofdcilinder en de [&hellip;]","og_url":"https:\/\/www.hoogstra-autosport.nl\/fr\/produit\/42112\/","og_site_name":"Hoogstra Autosport","article_modified_time":"2025-12-12T15:48:47+00:00","og_image":[{"width":1080,"height":1080,"url":"https:\/\/www.hoogstra-autosport.nl\/teamkoen\/wp-content\/uploads\/2021\/10\/Untitled-Project-2025-12-12T164836.735.jpg","type":"image\/jpeg"}],"twitter_card":"summary_large_image","twitter_misc":{"Dur\u00e9e de lecture estim\u00e9e":"2 minutes"},"schema":{"@context":"https:\/\/schema.org","@graph":[{"@type":"WebPage","@id":"https:\/\/www.hoogstra-autosport.nl\/product\/42112\/","url":"https:\/\/www.hoogstra-autosport.nl\/product\/42112\/","name":"Elektrische Rem Onderbreker - Hoogstra Autosport","isPartOf":{"@id":"https:\/\/www.hoogstra-autosport.nl\/#website"},"primaryImageOfPage":{"@id":"https:\/\/www.hoogstra-autosport.nl\/product\/42112\/#primaryimage"},"image":{"@id":"https:\/\/www.hoogstra-autosport.nl\/product\/42112\/#primaryimage"},"thumbnailUrl":"https:\/\/www.hoogstra-autosport.nl\/teamkoen\/wp-content\/uploads\/2021\/10\/Untitled-Project-2025-12-12T164836.735.jpg","datePublished":"2021-10-21T14:54:59+00:00","dateModified":"2025-12-12T15:48:47+00:00","breadcrumb":{"@id":"https:\/\/www.hoogstra-autosport.nl\/product\/42112\/#breadcrumb"},"inLanguage":"fr-FR","potentialAction":[{"@type":"ReadAction","target":["https:\/\/www.hoogstra-autosport.nl\/product\/42112\/"]}]},{"@type":"ImageObject","inLanguage":"fr-FR","@id":"https:\/\/www.hoogstra-autosport.nl\/product\/42112\/#primaryimage","url":"https:\/\/www.hoogstra-autosport.nl\/teamkoen\/wp-content\/uploads\/2021\/10\/Untitled-Project-2025-12-12T164836.735.jpg","contentUrl":"https:\/\/www.hoogstra-autosport.nl\/teamkoen\/wp-content\/uploads\/2021\/10\/Untitled-Project-2025-12-12T164836.735.jpg","width":1080,"height":1080},{"@type":"BreadcrumbList","@id":"https:\/\/www.hoogstra-autosport.nl\/product\/42112\/#breadcrumb","itemListElement":[{"@type":"ListItem","position":1,"name":"Home","item":"https:\/\/www.hoogstra-autosport.nl\/"},{"@type":"ListItem","position":2,"name":"Remmen","item":"https:\/\/www.hoogstra-autosport.nl\/product-categorie\/remmen-2\/"},{"@type":"ListItem","position":3,"name":"Remdrukregelaar","item":"https:\/\/www.hoogstra-autosport.nl\/product-categorie\/remmen-2\/remdrukregelaar\/"},{"@type":"ListItem","position":4,"name":"Elektrische Rem Onderbreker"}]},{"@type":"WebSite","@id":"https:\/\/www.hoogstra-autosport.nl\/#website","url":"https:\/\/www.hoogstra-autosport.nl\/","name":"Hoogstra Autosport","description":"Performance Autosport Parts!","potentialAction":[{"@type":"SearchAction","target":{"@type":"EntryPoint","urlTemplate":"https:\/\/www.hoogstra-autosport.nl\/?s={search_term_string}"},"query-input":{"@type":"PropertyValueSpecification","valueRequired":true,"valueName":"search_term_string"}}],"inLanguage":"fr-FR"}]}},"tiered_pricing_type":"fixed","tiered_pricing_fixed_rules":[],"tiered_pricing_product_settings":{"layout":"default","base_unit_name":{"singular":null,"plural":null},"default_variation":null},"tiered_pricing_minimum_quantity":null,"tiered_pricing_roles_data":[],"tiered_pricing_percentage_rules":[],"tiered_pricing_maximum_quantity":null,"tiered_pricing_quantity_step":null,"_links":{"self":[{"href":"https:\/\/www.hoogstra-autosport.nl\/fr\/wp-json\/wp\/v2\/product\/42112","targetHints":{"allow":["GET"]}}],"collection":[{"href":"https:\/\/www.hoogstra-autosport.nl\/fr\/wp-json\/wp\/v2\/product"}],"about":[{"href":"https:\/\/www.hoogstra-autosport.nl\/fr\/wp-json\/wp\/v2\/types\/product"}],"wp:featuredmedia":[{"embeddable":true,"href":"https:\/\/www.hoogstra-autosport.nl\/fr\/wp-json\/wp\/v2\/media\/95260"}],"wp:attachment":[{"href":"https:\/\/www.hoogstra-autosport.nl\/fr\/wp-json\/wp\/v2\/media?parent=42112"}],"wp:term":[{"taxonomy":"product_brand","embeddable":true,"href":"https:\/\/www.hoogstra-autosport.nl\/fr\/wp-json\/wp\/v2\/product_brand?post=42112"},{"taxonomy":"product_cat","embeddable":true,"href":"https:\/\/www.hoogstra-autosport.nl\/fr\/wp-json\/wp\/v2\/product_cat?post=42112"},{"taxonomy":"product_tag","embeddable":true,"href":"https:\/\/www.hoogstra-autosport.nl\/fr\/wp-json\/wp\/v2\/product_tag?post=42112"}],"curies":[{"name":"wp","href":"https:\/\/api.w.org\/{rel}","templated":true}]}}