{"id":41809,"date":"2021-10-12T16:59:26","date_gmt":"2021-10-12T14:59:26","guid":{"rendered":"https:\/\/www.hoogstra-autosport.nl\/?post_type=product&#038;p=41809"},"modified":"2025-02-27T09:18:02","modified_gmt":"2025-02-27T08:18:02","slug":"wrc-des-intercom","status":"publish","type":"product","link":"https:\/\/www.hoogstra-autosport.nl\/fr\/produit\/wrc-des-intercom\/","title":{"rendered":"WRC DES Intercom 9V"},"content":{"rendered":"<p style=\"font-weight: 400;\">Bruit num\u00e9rique actif<br \/>\nannulation avec le filtre SDA<\/p>\n<p style=\"font-weight: 400;\">Cam\u00e9ra et radio<br \/>\nconnexions<\/p>\n<p style=\"font-weight: 400;\">Chauffeur et copilote<br \/>\ncontr\u00f4le du volume<\/p>\n<p style=\"font-weight: 400;\">Clavier r\u00e9tro-\u00e9clair\u00e9 pour<br \/>\nune vision nocturne ais\u00e9e<\/p>\n<p style=\"font-weight: 400;\">Ergonomie livrant<br \/>\nfonctionnement antid\u00e9rapant positif<\/p>\n<p style=\"font-weight: 400;\">Clavier r\u00e9tro-\u00e9clair\u00e9 pour<br \/>\nune vision nocturne ais\u00e9e<\/p>\n<p style=\"font-weight: 400;\">DIG : 3 options ou<br \/>\nr\u00e9glages d'annulation du bruit, 2 num\u00e9riques actifs ou 1 analogique<\/p>\n<p style=\"font-weight: 400;\">Stage\/Road : Mode Stage<br \/>\ncam\u00e9ra allum\u00e9e, radio et t\u00e9l\u00e9phone \u00e9teints. Mode route cam\u00e9ra \u00e9teinte, radio et t\u00e9l\u00e9phone \u00e9teints<br \/>\nsur. R\u00e9glages pr\u00e9programm\u00e9s de l'annulation du bruit dans les modes Stage et Road.<\/p>\n<p style=\"font-weight: 400;\">Connecteur blanc : radio<br \/>\nconnexion<\/p>","protected":false},"excerpt":{"rendered":"<p>Digital active noise cancellation with SDA filter Camera and radio connections Driver and co-driver volume control Backlit keyboard for easy viewing at night Ergonomics delivering positive non slip operation Backlit keyboard for easy viewing at night DIG: 3 options of noise cancellation settings, 2 digital active or 1 analog Stage\/Road: Stage mode camera on, radio [&hellip;]<\/p>\n","protected":false},"featured_media":41811,"template":"","meta":{"_acf_changed":false},"product_brand":[],"product_cat":[4253],"product_tag":[],"class_list":{"0":"post-41809","1":"product","2":"type-product","3":"status-publish","4":"has-post-thumbnail","6":"product_cat-intercom-systemen","7":"product_shipping_class-4016","9":"first","10":"instock","11":"taxable","12":"shipping-taxable","13":"purchasable","14":"product-type-simple"},"acf":[],"yoast_head":"<!-- This site is optimized with the Yoast SEO plugin v27.1.1 - https:\/\/yoast.com\/product\/yoast-seo-wordpress\/ -->\n<title>WRC DES Intercom 9V - Hoogstra Autosport<\/title>\n<meta name=\"robots\" content=\"index, follow, max-snippet:-1, max-image-preview:large, max-video-preview:-1\" \/>\n<link rel=\"canonical\" href=\"https:\/\/www.hoogstra-autosport.nl\/fr\/produit\/wrc-des-intercom\/\" \/>\n<meta property=\"og:locale\" content=\"fr_FR\" \/>\n<meta property=\"og:type\" content=\"article\" \/>\n<meta property=\"og:title\" content=\"WRC DES Intercom 9V - Hoogstra Autosport\" \/>\n<meta property=\"og:description\" content=\"Digital active noise cancellation with SDA filter Camera and radio connections Driver and co-driver volume control Backlit keyboard for easy viewing at night Ergonomics delivering positive non slip operation Backlit keyboard for easy viewing at night DIG: 3 options of noise cancellation settings, 2 digital active or 1 analog Stage\/Road: Stage mode camera on, radio [&hellip;]\" \/>\n<meta property=\"og:url\" content=\"https:\/\/www.hoogstra-autosport.nl\/fr\/produit\/wrc-des-intercom\/\" \/>\n<meta property=\"og:site_name\" content=\"Hoogstra Autosport\" \/>\n<meta property=\"article:modified_time\" content=\"2025-02-27T08:18:02+00:00\" \/>\n<meta property=\"og:image\" content=\"https:\/\/hoogstra-autosport.nl\/teamkoen\/content\/uploads\/2021\/10\/ab0214stilointercom-c290_1_1.jpg\" \/>\n\t<meta property=\"og:image:width\" content=\"748\" \/>\n\t<meta property=\"og:image:height\" content=\"552\" \/>\n\t<meta property=\"og:image:type\" content=\"image\/jpeg\" \/>\n<meta name=\"twitter:card\" content=\"summary_large_image\" \/>\n<meta name=\"twitter:label1\" content=\"Dur\u00e9e de lecture estim\u00e9e\" \/>\n\t<meta name=\"twitter:data1\" content=\"1 minute\" \/>\n<script type=\"application\/ld+json\" class=\"yoast-schema-graph\">{\"@context\":\"https:\/\/schema.org\",\"@graph\":[{\"@type\":\"WebPage\",\"@id\":\"https:\/\/www.hoogstra-autosport.nl\/product\/wrc-des-intercom\/\",\"url\":\"https:\/\/www.hoogstra-autosport.nl\/product\/wrc-des-intercom\/\",\"name\":\"WRC DES Intercom 9V - Hoogstra Autosport\",\"isPartOf\":{\"@id\":\"https:\/\/www.hoogstra-autosport.nl\/#website\"},\"primaryImageOfPage\":{\"@id\":\"https:\/\/www.hoogstra-autosport.nl\/product\/wrc-des-intercom\/#primaryimage\"},\"image\":{\"@id\":\"https:\/\/www.hoogstra-autosport.nl\/product\/wrc-des-intercom\/#primaryimage\"},\"thumbnailUrl\":\"https:\/\/www.hoogstra-autosport.nl\/teamkoen\/wp-content\/uploads\/2021\/10\/ab0214stilointercom-c290_1_1.jpg\",\"datePublished\":\"2021-10-12T14:59:26+00:00\",\"dateModified\":\"2025-02-27T08:18:02+00:00\",\"breadcrumb\":{\"@id\":\"https:\/\/www.hoogstra-autosport.nl\/product\/wrc-des-intercom\/#breadcrumb\"},\"inLanguage\":\"fr-FR\",\"potentialAction\":[{\"@type\":\"ReadAction\",\"target\":[\"https:\/\/www.hoogstra-autosport.nl\/product\/wrc-des-intercom\/\"]}]},{\"@type\":\"ImageObject\",\"inLanguage\":\"fr-FR\",\"@id\":\"https:\/\/www.hoogstra-autosport.nl\/product\/wrc-des-intercom\/#primaryimage\",\"url\":\"https:\/\/www.hoogstra-autosport.nl\/teamkoen\/wp-content\/uploads\/2021\/10\/ab0214stilointercom-c290_1_1.jpg\",\"contentUrl\":\"https:\/\/www.hoogstra-autosport.nl\/teamkoen\/wp-content\/uploads\/2021\/10\/ab0214stilointercom-c290_1_1.jpg\",\"width\":748,\"height\":552},{\"@type\":\"BreadcrumbList\",\"@id\":\"https:\/\/www.hoogstra-autosport.nl\/product\/wrc-des-intercom\/#breadcrumb\",\"itemListElement\":[{\"@type\":\"ListItem\",\"position\":1,\"name\":\"Home\",\"item\":\"https:\/\/www.hoogstra-autosport.nl\/\"},{\"@type\":\"ListItem\",\"position\":2,\"name\":\"Uitrusting\",\"item\":\"https:\/\/www.hoogstra-autosport.nl\/product-categorie\/autosport-kleding-helmen\/\"},{\"@type\":\"ListItem\",\"position\":3,\"name\":\"Intercoms &amp; Headsets\",\"item\":\"https:\/\/www.hoogstra-autosport.nl\/product-categorie\/autosport-kleding-helmen\/intercoms-heaqsets\/\"},{\"@type\":\"ListItem\",\"position\":4,\"name\":\"Intercom Systemen\",\"item\":\"https:\/\/www.hoogstra-autosport.nl\/product-categorie\/autosport-kleding-helmen\/intercoms-heaqsets\/intercom-systemen\/\"},{\"@type\":\"ListItem\",\"position\":5,\"name\":\"WRC DES Intercom 9V\"}]},{\"@type\":\"WebSite\",\"@id\":\"https:\/\/www.hoogstra-autosport.nl\/#website\",\"url\":\"https:\/\/www.hoogstra-autosport.nl\/\",\"name\":\"Hoogstra Autosport\",\"description\":\"Performance Autosport Parts!\",\"potentialAction\":[{\"@type\":\"SearchAction\",\"target\":{\"@type\":\"EntryPoint\",\"urlTemplate\":\"https:\/\/www.hoogstra-autosport.nl\/?s={search_term_string}\"},\"query-input\":{\"@type\":\"PropertyValueSpecification\",\"valueRequired\":true,\"valueName\":\"search_term_string\"}}],\"inLanguage\":\"fr-FR\"}]}<\/script>\n<!-- \/ Yoast SEO plugin. -->","yoast_head_json":{"title":"WRC DES Intercom 9V - Hoogstra Autosport","robots":{"index":"index","follow":"follow","max-snippet":"max-snippet:-1","max-image-preview":"max-image-preview:large","max-video-preview":"max-video-preview:-1"},"canonical":"https:\/\/www.hoogstra-autosport.nl\/fr\/produit\/wrc-des-intercom\/","og_locale":"fr_FR","og_type":"article","og_title":"WRC DES Intercom 9V - Hoogstra Autosport","og_description":"Digital active noise cancellation with SDA filter Camera and radio connections Driver and co-driver volume control Backlit keyboard for easy viewing at night Ergonomics delivering positive non slip operation Backlit keyboard for easy viewing at night DIG: 3 options of noise cancellation settings, 2 digital active or 1 analog Stage\/Road: Stage mode camera on, radio [&hellip;]","og_url":"https:\/\/www.hoogstra-autosport.nl\/fr\/produit\/wrc-des-intercom\/","og_site_name":"Hoogstra Autosport","article_modified_time":"2025-02-27T08:18:02+00:00","og_image":[{"width":748,"height":552,"url":"https:\/\/hoogstra-autosport.nl\/teamkoen\/content\/uploads\/2021\/10\/ab0214stilointercom-c290_1_1.jpg","type":"image\/jpeg"}],"twitter_card":"summary_large_image","twitter_misc":{"Dur\u00e9e de lecture estim\u00e9e":"1 minute"},"schema":{"@context":"https:\/\/schema.org","@graph":[{"@type":"WebPage","@id":"https:\/\/www.hoogstra-autosport.nl\/product\/wrc-des-intercom\/","url":"https:\/\/www.hoogstra-autosport.nl\/product\/wrc-des-intercom\/","name":"WRC DES Intercom 9V - Hoogstra Autosport","isPartOf":{"@id":"https:\/\/www.hoogstra-autosport.nl\/#website"},"primaryImageOfPage":{"@id":"https:\/\/www.hoogstra-autosport.nl\/product\/wrc-des-intercom\/#primaryimage"},"image":{"@id":"https:\/\/www.hoogstra-autosport.nl\/product\/wrc-des-intercom\/#primaryimage"},"thumbnailUrl":"https:\/\/www.hoogstra-autosport.nl\/teamkoen\/wp-content\/uploads\/2021\/10\/ab0214stilointercom-c290_1_1.jpg","datePublished":"2021-10-12T14:59:26+00:00","dateModified":"2025-02-27T08:18:02+00:00","breadcrumb":{"@id":"https:\/\/www.hoogstra-autosport.nl\/product\/wrc-des-intercom\/#breadcrumb"},"inLanguage":"fr-FR","potentialAction":[{"@type":"ReadAction","target":["https:\/\/www.hoogstra-autosport.nl\/product\/wrc-des-intercom\/"]}]},{"@type":"ImageObject","inLanguage":"fr-FR","@id":"https:\/\/www.hoogstra-autosport.nl\/product\/wrc-des-intercom\/#primaryimage","url":"https:\/\/www.hoogstra-autosport.nl\/teamkoen\/wp-content\/uploads\/2021\/10\/ab0214stilointercom-c290_1_1.jpg","contentUrl":"https:\/\/www.hoogstra-autosport.nl\/teamkoen\/wp-content\/uploads\/2021\/10\/ab0214stilointercom-c290_1_1.jpg","width":748,"height":552},{"@type":"BreadcrumbList","@id":"https:\/\/www.hoogstra-autosport.nl\/product\/wrc-des-intercom\/#breadcrumb","itemListElement":[{"@type":"ListItem","position":1,"name":"Home","item":"https:\/\/www.hoogstra-autosport.nl\/"},{"@type":"ListItem","position":2,"name":"Uitrusting","item":"https:\/\/www.hoogstra-autosport.nl\/product-categorie\/autosport-kleding-helmen\/"},{"@type":"ListItem","position":3,"name":"Intercoms &amp; Headsets","item":"https:\/\/www.hoogstra-autosport.nl\/product-categorie\/autosport-kleding-helmen\/intercoms-heaqsets\/"},{"@type":"ListItem","position":4,"name":"Intercom Systemen","item":"https:\/\/www.hoogstra-autosport.nl\/product-categorie\/autosport-kleding-helmen\/intercoms-heaqsets\/intercom-systemen\/"},{"@type":"ListItem","position":5,"name":"WRC DES Intercom 9V"}]},{"@type":"WebSite","@id":"https:\/\/www.hoogstra-autosport.nl\/#website","url":"https:\/\/www.hoogstra-autosport.nl\/","name":"Hoogstra Autosport","description":"Performance Autosport Parts!","potentialAction":[{"@type":"SearchAction","target":{"@type":"EntryPoint","urlTemplate":"https:\/\/www.hoogstra-autosport.nl\/?s={search_term_string}"},"query-input":{"@type":"PropertyValueSpecification","valueRequired":true,"valueName":"search_term_string"}}],"inLanguage":"fr-FR"}]}},"tiered_pricing_type":"fixed","tiered_pricing_fixed_rules":[],"tiered_pricing_product_settings":{"layout":"default","base_unit_name":{"singular":null,"plural":null},"default_variation":null},"tiered_pricing_minimum_quantity":null,"tiered_pricing_roles_data":[],"tiered_pricing_percentage_rules":[],"tiered_pricing_maximum_quantity":null,"tiered_pricing_quantity_step":null,"_links":{"self":[{"href":"https:\/\/www.hoogstra-autosport.nl\/fr\/wp-json\/wp\/v2\/product\/41809","targetHints":{"allow":["GET"]}}],"collection":[{"href":"https:\/\/www.hoogstra-autosport.nl\/fr\/wp-json\/wp\/v2\/product"}],"about":[{"href":"https:\/\/www.hoogstra-autosport.nl\/fr\/wp-json\/wp\/v2\/types\/product"}],"wp:featuredmedia":[{"embeddable":true,"href":"https:\/\/www.hoogstra-autosport.nl\/fr\/wp-json\/wp\/v2\/media\/41811"}],"wp:attachment":[{"href":"https:\/\/www.hoogstra-autosport.nl\/fr\/wp-json\/wp\/v2\/media?parent=41809"}],"wp:term":[{"taxonomy":"product_brand","embeddable":true,"href":"https:\/\/www.hoogstra-autosport.nl\/fr\/wp-json\/wp\/v2\/product_brand?post=41809"},{"taxonomy":"product_cat","embeddable":true,"href":"https:\/\/www.hoogstra-autosport.nl\/fr\/wp-json\/wp\/v2\/product_cat?post=41809"},{"taxonomy":"product_tag","embeddable":true,"href":"https:\/\/www.hoogstra-autosport.nl\/fr\/wp-json\/wp\/v2\/product_tag?post=41809"}],"curies":[{"name":"wp","href":"https:\/\/api.w.org\/{rel}","templated":true}]}}