{"id":41231,"date":"2021-09-14T13:23:04","date_gmt":"2021-09-14T11:23:04","guid":{"rendered":"https:\/\/www.hoogstra-autosport.nl\/?post_type=product&#038;p=41231"},"modified":"2024-01-20T13:09:38","modified_gmt":"2024-01-20T12:09:38","slug":"brandstof-swirl-pot-15l-staand","status":"publish","type":"product","link":"https:\/\/www.hoogstra-autosport.nl\/fr\/produit\/brandstof-swirl-pot-15l-staand\/","title":{"rendered":"Pot \u00e0 carburant 1.5L sur pied"},"content":{"rendered":"<p>Pot \u00e0 remous \u00e0 essence mont\u00e9 sur socle - Raccords \u00e0 poussoir<\/p>\n<p>Corps - 100 mm de diam\u00e8tre<\/p>\n<p>Hauteur - 200 mm sans le fond perdu<\/p>\n<p>Poign\u00e9es - 8 mm<\/p>\n<p>\u00c9chappement - 12,5 mm<\/p>\n<p>\u00c9coulement - 6,5 mm<\/p>\n<p>Les swirl pots \u00e0 essence de Concept Racing sont con\u00e7us pour \u00eatre install\u00e9s dans les voitures \u00e0 injection o\u00f9 le manque de carburant peut \u00eatre un probl\u00e8me en raison des pointes dans les virages. Le swirl pot maintient une alimentation constante en carburant, minimise le manque de carburant et aide \u00e0 \u00e9liminer l'air ind\u00e9sirable dans le syst\u00e8me d'alimentation du v\u00e9hicule, r\u00e9duisant ainsi le risque de d\u00e9faillance de la pompe \u00e0 carburant.<\/p>\n<p>Le carburant est g\u00e9n\u00e9ralement achemin\u00e9 vers le pot par une pompe \u00e0 basse pression depuis le r\u00e9servoir principal. Le pot fait alors office de r\u00e9servoir de carburant qui, contrairement au carburant contenu dans le r\u00e9servoir principal, n'est pas affect\u00e9 par les forces de virage, ce qui \u00e9limine les coups de b\u00e9lier. Le pot de m\u00e9lange alimente ensuite la pompe \u00e0 haute pression et le syst\u00e8me d'injection.<\/p>","protected":false},"excerpt":{"rendered":"<p>Basis gemonteerde benzine swirl pot &#8211; Push on fittingen Body &#8211; 100 mm diameter Hoogte &#8211; 200 mm exclusief afloop Inhammen \u2013 8 mm Uitlaat \u2013 12,5 mm Afloop \u2013 6,5 mm Concept Racing benzine swirl potten zijn ontwikkeld om te worden ge\u00efnstalleerd in brandstof ge\u00efnjecteerde auto&#8217;s waar brandstofuithongering een probleem kan zijn als gevolg [&hellip;]<\/p>\n","protected":false},"featured_media":41233,"template":"","meta":{"_acf_changed":false},"product_brand":[],"product_cat":[3842],"product_tag":[],"class_list":{"0":"post-41231","1":"product","2":"type-product","3":"status-publish","4":"has-post-thumbnail","6":"product_cat-tank-onderdelen","7":"product_shipping_class-4016","9":"first","10":"instock","11":"taxable","12":"shipping-taxable","13":"purchasable","14":"product-type-simple"},"acf":[],"yoast_head":"<!-- This site is optimized with the Yoast SEO plugin v27.1.1 - https:\/\/yoast.com\/product\/yoast-seo-wordpress\/ -->\n<title>Brandstof Swirl Pot 1,5L Staand - Hoogstra Autosport<\/title>\n<meta name=\"robots\" content=\"index, follow, max-snippet:-1, max-image-preview:large, max-video-preview:-1\" \/>\n<link rel=\"canonical\" href=\"https:\/\/www.hoogstra-autosport.nl\/fr\/produit\/brandstof-swirl-pot-15l-staand\/\" \/>\n<meta property=\"og:locale\" content=\"fr_FR\" \/>\n<meta property=\"og:type\" content=\"article\" \/>\n<meta property=\"og:title\" content=\"Brandstof Swirl Pot 1,5L Staand - Hoogstra Autosport\" \/>\n<meta property=\"og:description\" content=\"Basis gemonteerde benzine swirl pot &#8211; Push on fittingen Body &#8211; 100 mm diameter Hoogte &#8211; 200 mm exclusief afloop Inhammen \u2013 8 mm Uitlaat \u2013 12,5 mm Afloop \u2013 6,5 mm Concept Racing benzine swirl potten zijn ontwikkeld om te worden ge\u00efnstalleerd in brandstof ge\u00efnjecteerde auto&#8217;s waar brandstofuithongering een probleem kan zijn als gevolg [&hellip;]\" \/>\n<meta property=\"og:url\" content=\"https:\/\/www.hoogstra-autosport.nl\/fr\/produit\/brandstof-swirl-pot-15l-staand\/\" \/>\n<meta property=\"og:site_name\" content=\"Hoogstra Autosport\" \/>\n<meta property=\"article:modified_time\" content=\"2024-01-20T12:09:38+00:00\" \/>\n<meta property=\"og:image\" content=\"https:\/\/www.hoogstra-autosport.nl\/teamkoen\/content\/uploads\/2021\/09\/fdff.jpg\" \/>\n\t<meta property=\"og:image:width\" content=\"750\" \/>\n\t<meta property=\"og:image:height\" content=\"750\" \/>\n\t<meta property=\"og:image:type\" content=\"image\/jpeg\" \/>\n<meta name=\"twitter:card\" content=\"summary_large_image\" \/>\n<meta name=\"twitter:label1\" content=\"Dur\u00e9e de lecture estim\u00e9e\" \/>\n\t<meta name=\"twitter:data1\" content=\"1 minute\" \/>\n<script type=\"application\/ld+json\" class=\"yoast-schema-graph\">{\"@context\":\"https:\/\/schema.org\",\"@graph\":[{\"@type\":\"WebPage\",\"@id\":\"https:\/\/www.hoogstra-autosport.nl\/product\/brandstof-swirl-pot-15l-staand\/\",\"url\":\"https:\/\/www.hoogstra-autosport.nl\/product\/brandstof-swirl-pot-15l-staand\/\",\"name\":\"Brandstof Swirl Pot 1,5L Staand - Hoogstra Autosport\",\"isPartOf\":{\"@id\":\"https:\/\/www.hoogstra-autosport.nl\/#website\"},\"primaryImageOfPage\":{\"@id\":\"https:\/\/www.hoogstra-autosport.nl\/product\/brandstof-swirl-pot-15l-staand\/#primaryimage\"},\"image\":{\"@id\":\"https:\/\/www.hoogstra-autosport.nl\/product\/brandstof-swirl-pot-15l-staand\/#primaryimage\"},\"thumbnailUrl\":\"https:\/\/www.hoogstra-autosport.nl\/teamkoen\/wp-content\/uploads\/2021\/09\/fdff.jpg\",\"datePublished\":\"2021-09-14T11:23:04+00:00\",\"dateModified\":\"2024-01-20T12:09:38+00:00\",\"breadcrumb\":{\"@id\":\"https:\/\/www.hoogstra-autosport.nl\/product\/brandstof-swirl-pot-15l-staand\/#breadcrumb\"},\"inLanguage\":\"fr-FR\",\"potentialAction\":[{\"@type\":\"ReadAction\",\"target\":[\"https:\/\/www.hoogstra-autosport.nl\/product\/brandstof-swirl-pot-15l-staand\/\"]}]},{\"@type\":\"ImageObject\",\"inLanguage\":\"fr-FR\",\"@id\":\"https:\/\/www.hoogstra-autosport.nl\/product\/brandstof-swirl-pot-15l-staand\/#primaryimage\",\"url\":\"https:\/\/www.hoogstra-autosport.nl\/teamkoen\/wp-content\/uploads\/2021\/09\/fdff.jpg\",\"contentUrl\":\"https:\/\/www.hoogstra-autosport.nl\/teamkoen\/wp-content\/uploads\/2021\/09\/fdff.jpg\",\"width\":750,\"height\":750},{\"@type\":\"BreadcrumbList\",\"@id\":\"https:\/\/www.hoogstra-autosport.nl\/product\/brandstof-swirl-pot-15l-staand\/#breadcrumb\",\"itemListElement\":[{\"@type\":\"ListItem\",\"position\":1,\"name\":\"Home\",\"item\":\"https:\/\/www.hoogstra-autosport.nl\/\"},{\"@type\":\"ListItem\",\"position\":2,\"name\":\"Brandstof Systeem\",\"item\":\"https:\/\/www.hoogstra-autosport.nl\/product-categorie\/brandstof-systeem-2\/\"},{\"@type\":\"ListItem\",\"position\":3,\"name\":\"Brandstoftanken\",\"item\":\"https:\/\/www.hoogstra-autosport.nl\/product-categorie\/brandstof-systeem-2\/brandstoftanken\/\"},{\"@type\":\"ListItem\",\"position\":4,\"name\":\"Tank Onderdelen\",\"item\":\"https:\/\/www.hoogstra-autosport.nl\/product-categorie\/brandstof-systeem-2\/brandstoftanken\/tank-onderdelen\/\"},{\"@type\":\"ListItem\",\"position\":5,\"name\":\"Brandstof Swirl Pot 1,5L Staand\"}]},{\"@type\":\"WebSite\",\"@id\":\"https:\/\/www.hoogstra-autosport.nl\/#website\",\"url\":\"https:\/\/www.hoogstra-autosport.nl\/\",\"name\":\"Hoogstra Autosport\",\"description\":\"Performance Autosport Parts!\",\"potentialAction\":[{\"@type\":\"SearchAction\",\"target\":{\"@type\":\"EntryPoint\",\"urlTemplate\":\"https:\/\/www.hoogstra-autosport.nl\/?s={search_term_string}\"},\"query-input\":{\"@type\":\"PropertyValueSpecification\",\"valueRequired\":true,\"valueName\":\"search_term_string\"}}],\"inLanguage\":\"fr-FR\"}]}<\/script>\n<!-- \/ Yoast SEO plugin. -->","yoast_head_json":{"title":"Brandstof Swirl Pot 1,5L Staand - Hoogstra Autosport","robots":{"index":"index","follow":"follow","max-snippet":"max-snippet:-1","max-image-preview":"max-image-preview:large","max-video-preview":"max-video-preview:-1"},"canonical":"https:\/\/www.hoogstra-autosport.nl\/fr\/produit\/brandstof-swirl-pot-15l-staand\/","og_locale":"fr_FR","og_type":"article","og_title":"Brandstof Swirl Pot 1,5L Staand - Hoogstra Autosport","og_description":"Basis gemonteerde benzine swirl pot &#8211; Push on fittingen Body &#8211; 100 mm diameter Hoogte &#8211; 200 mm exclusief afloop Inhammen \u2013 8 mm Uitlaat \u2013 12,5 mm Afloop \u2013 6,5 mm Concept Racing benzine swirl potten zijn ontwikkeld om te worden ge\u00efnstalleerd in brandstof ge\u00efnjecteerde auto&#8217;s waar brandstofuithongering een probleem kan zijn als gevolg [&hellip;]","og_url":"https:\/\/www.hoogstra-autosport.nl\/fr\/produit\/brandstof-swirl-pot-15l-staand\/","og_site_name":"Hoogstra Autosport","article_modified_time":"2024-01-20T12:09:38+00:00","og_image":[{"width":750,"height":750,"url":"https:\/\/www.hoogstra-autosport.nl\/teamkoen\/content\/uploads\/2021\/09\/fdff.jpg","type":"image\/jpeg"}],"twitter_card":"summary_large_image","twitter_misc":{"Dur\u00e9e de lecture estim\u00e9e":"1 minute"},"schema":{"@context":"https:\/\/schema.org","@graph":[{"@type":"WebPage","@id":"https:\/\/www.hoogstra-autosport.nl\/product\/brandstof-swirl-pot-15l-staand\/","url":"https:\/\/www.hoogstra-autosport.nl\/product\/brandstof-swirl-pot-15l-staand\/","name":"Brandstof Swirl Pot 1,5L Staand - Hoogstra Autosport","isPartOf":{"@id":"https:\/\/www.hoogstra-autosport.nl\/#website"},"primaryImageOfPage":{"@id":"https:\/\/www.hoogstra-autosport.nl\/product\/brandstof-swirl-pot-15l-staand\/#primaryimage"},"image":{"@id":"https:\/\/www.hoogstra-autosport.nl\/product\/brandstof-swirl-pot-15l-staand\/#primaryimage"},"thumbnailUrl":"https:\/\/www.hoogstra-autosport.nl\/teamkoen\/wp-content\/uploads\/2021\/09\/fdff.jpg","datePublished":"2021-09-14T11:23:04+00:00","dateModified":"2024-01-20T12:09:38+00:00","breadcrumb":{"@id":"https:\/\/www.hoogstra-autosport.nl\/product\/brandstof-swirl-pot-15l-staand\/#breadcrumb"},"inLanguage":"fr-FR","potentialAction":[{"@type":"ReadAction","target":["https:\/\/www.hoogstra-autosport.nl\/product\/brandstof-swirl-pot-15l-staand\/"]}]},{"@type":"ImageObject","inLanguage":"fr-FR","@id":"https:\/\/www.hoogstra-autosport.nl\/product\/brandstof-swirl-pot-15l-staand\/#primaryimage","url":"https:\/\/www.hoogstra-autosport.nl\/teamkoen\/wp-content\/uploads\/2021\/09\/fdff.jpg","contentUrl":"https:\/\/www.hoogstra-autosport.nl\/teamkoen\/wp-content\/uploads\/2021\/09\/fdff.jpg","width":750,"height":750},{"@type":"BreadcrumbList","@id":"https:\/\/www.hoogstra-autosport.nl\/product\/brandstof-swirl-pot-15l-staand\/#breadcrumb","itemListElement":[{"@type":"ListItem","position":1,"name":"Home","item":"https:\/\/www.hoogstra-autosport.nl\/"},{"@type":"ListItem","position":2,"name":"Brandstof Systeem","item":"https:\/\/www.hoogstra-autosport.nl\/product-categorie\/brandstof-systeem-2\/"},{"@type":"ListItem","position":3,"name":"Brandstoftanken","item":"https:\/\/www.hoogstra-autosport.nl\/product-categorie\/brandstof-systeem-2\/brandstoftanken\/"},{"@type":"ListItem","position":4,"name":"Tank Onderdelen","item":"https:\/\/www.hoogstra-autosport.nl\/product-categorie\/brandstof-systeem-2\/brandstoftanken\/tank-onderdelen\/"},{"@type":"ListItem","position":5,"name":"Brandstof Swirl Pot 1,5L Staand"}]},{"@type":"WebSite","@id":"https:\/\/www.hoogstra-autosport.nl\/#website","url":"https:\/\/www.hoogstra-autosport.nl\/","name":"Hoogstra Autosport","description":"Performance Autosport Parts!","potentialAction":[{"@type":"SearchAction","target":{"@type":"EntryPoint","urlTemplate":"https:\/\/www.hoogstra-autosport.nl\/?s={search_term_string}"},"query-input":{"@type":"PropertyValueSpecification","valueRequired":true,"valueName":"search_term_string"}}],"inLanguage":"fr-FR"}]}},"tiered_pricing_type":"fixed","tiered_pricing_fixed_rules":[],"tiered_pricing_product_settings":{"layout":"default","base_unit_name":{"singular":null,"plural":null},"default_variation":null},"tiered_pricing_minimum_quantity":null,"tiered_pricing_roles_data":[],"tiered_pricing_percentage_rules":[],"tiered_pricing_maximum_quantity":null,"tiered_pricing_quantity_step":null,"_links":{"self":[{"href":"https:\/\/www.hoogstra-autosport.nl\/fr\/wp-json\/wp\/v2\/product\/41231","targetHints":{"allow":["GET"]}}],"collection":[{"href":"https:\/\/www.hoogstra-autosport.nl\/fr\/wp-json\/wp\/v2\/product"}],"about":[{"href":"https:\/\/www.hoogstra-autosport.nl\/fr\/wp-json\/wp\/v2\/types\/product"}],"wp:featuredmedia":[{"embeddable":true,"href":"https:\/\/www.hoogstra-autosport.nl\/fr\/wp-json\/wp\/v2\/media\/41233"}],"wp:attachment":[{"href":"https:\/\/www.hoogstra-autosport.nl\/fr\/wp-json\/wp\/v2\/media?parent=41231"}],"wp:term":[{"taxonomy":"product_brand","embeddable":true,"href":"https:\/\/www.hoogstra-autosport.nl\/fr\/wp-json\/wp\/v2\/product_brand?post=41231"},{"taxonomy":"product_cat","embeddable":true,"href":"https:\/\/www.hoogstra-autosport.nl\/fr\/wp-json\/wp\/v2\/product_cat?post=41231"},{"taxonomy":"product_tag","embeddable":true,"href":"https:\/\/www.hoogstra-autosport.nl\/fr\/wp-json\/wp\/v2\/product_tag?post=41231"}],"curies":[{"name":"wp","href":"https:\/\/api.w.org\/{rel}","templated":true}]}}