{"id":40969,"date":"2021-08-31T10:49:30","date_gmt":"2021-08-31T08:49:30","guid":{"rendered":"https:\/\/www.hoogstra-autosport.nl\/?post_type=product&#038;p=40969"},"modified":"2025-12-24T13:24:55","modified_gmt":"2025-12-24T12:24:55","slug":"kuipstoel-stoffen-zwart","status":"publish","type":"product","link":"https:\/\/www.hoogstra-autosport.nl\/fr\/produit\/kuipstoel-stoffen-zwart\/","title":{"rendered":"Si\u00e8ge baquet Tissu noir"},"content":{"rendered":"<ul>\n<li>Convient pour les ceintures \u00e0 3, 4 ou 5 points<\/li>\n<li>Textiles r\u00e9sistants \u00e0 l'abrasion<\/li>\n<li>Dossier fixe en polyester<\/li>\n<li>Cadre robuste en acier de comp\u00e9tition<\/li>\n<li>La face arri\u00e8re en polyester peut \u00eatre retouch\u00e9e en couleur si n\u00e9cessaire.<\/li>\n<\/ul>\n<p>&nbsp;<\/p>\n<h3>Fauteuil de sport 'MO' - Noir - Dossier fixe en polyester<\/h3>\n<p><em>Vous recherchez la sensation ultime et un niveau de confort optimal pour la conduite sportive ? Les si\u00e8ges AutoStyle Sport offrent le meilleur soutien possible aux conducteurs sportifs et donnent \u00e0 l'int\u00e9rieur de votre voiture une allure encore plus sportive.<\/em><\/p>\n<p>Un si\u00e8ge sport est la solution id\u00e9ale pour les conducteurs sportifs ou les pilotes de piste. Il offre un soutien optimal aux conducteurs et un niveau de confort extr\u00eamement \u00e9lev\u00e9. En outre, les si\u00e8ges sport conf\u00e8rent \u00e0 l'int\u00e9rieur de votre voiture un aspect tr\u00e8s sportif. La forme et le design sont directement issus de la course automobile pour une exp\u00e9rience ultime lors d'une conduite sportive. Le si\u00e8ge sport vous permet de mieux contr\u00f4ler votre voiture pendant l'acc\u00e9l\u00e9ration ou dans les virages. Avec ce si\u00e8ge sport et le si\u00e8ge ferme qui l'accompagne, vous vous sentirez en harmonie avec votre voiture.<\/p>\n<p>Le si\u00e8ge est dot\u00e9 d'un cadre en acier robuste qui est \u00e9galement utilis\u00e9 dans les courses. Les \u0153illets de ceinture donnent un aspect sportif et \u00e9l\u00e9gant et conviennent parfaitement aux ceintures de sport \u00e0 3, 4 ou 5 points.<\/p>\n<p>Le si\u00e8ge auto est fabriqu\u00e9 dans un mat\u00e9riau tr\u00e8s r\u00e9sistant, ce qui vous permet de l'utiliser pendant longtemps. Le tissu de haute qualit\u00e9 est tr\u00e8s r\u00e9sistant et ne se d\u00e9colore pas facilement.<\/p>\n<p><strong>D\u00e9velopp\u00e9 pour les fans de sport automobile et les amateurs de confort !<\/strong><\/p>\n<p><strong>Caract\u00e9ristiques :<\/strong><\/p>\n<p>Couleur : noir<br \/>\nStyle : MO<br \/>\nR\u00e9glage : Dossier fixe en polyester<br \/>\nMat\u00e9riau : GRP \/ textile<br \/>\nCeinture : convient aux ceintures de sport \u00e0 3, 4 ou 5 points.<br \/>\nLa face arri\u00e8re en polyester peut \u00eatre retouch\u00e9e en couleur si n\u00e9cessaire.<br \/>\nAvec dossier renforc\u00e9 en fibre de verre, y compris les supports et les patins<\/p>","protected":false},"excerpt":{"rendered":"<p>Geschikt voor 3-, 4- of 5-punts gordel Slijtvast textiel Vaste polyester rugleuning Stevig stalen frame uit de racesport Polyester achterzijde eventueel in kleur over te spuiten &nbsp; Sportstoel &#8216;MO&#8217; &#8211; Zwart &#8211; Vaste polyester rugleuning Op zoek naar het ultieme gevoel en het optimale niveau van comfort tijdens het sportieve rijden? AutoStyle Sportstoelen bieden de [&hellip;]<\/p>\n","protected":false},"featured_media":95954,"template":"","meta":{"_acf_changed":false},"product_brand":[],"product_cat":[2704],"product_tag":[],"class_list":{"0":"post-40969","1":"product","2":"type-product","3":"status-publish","4":"has-post-thumbnail","6":"product_cat-race-cross-straatversie-stoelen","7":"product_shipping_class-4018","9":"first","10":"instock","11":"taxable","12":"shipping-taxable","13":"purchasable","14":"product-type-simple"},"acf":[],"yoast_head":"<!-- This site is optimized with the Yoast SEO plugin v27.5 - https:\/\/yoast.com\/product\/yoast-seo-wordpress\/ -->\n<title>Kuipstoel Stoffen Zwart - Hoogstra Autosport<\/title>\n<meta name=\"robots\" content=\"index, follow, max-snippet:-1, max-image-preview:large, max-video-preview:-1\" \/>\n<link rel=\"canonical\" href=\"https:\/\/www.hoogstra-autosport.nl\/fr\/produit\/kuipstoel-stoffen-zwart\/\" \/>\n<meta property=\"og:locale\" content=\"fr_FR\" \/>\n<meta property=\"og:type\" content=\"article\" \/>\n<meta property=\"og:title\" content=\"Kuipstoel Stoffen Zwart - Hoogstra Autosport\" \/>\n<meta property=\"og:description\" content=\"Geschikt voor 3-, 4- of 5-punts gordel Slijtvast textiel Vaste polyester rugleuning Stevig stalen frame uit de racesport Polyester achterzijde eventueel in kleur over te spuiten &nbsp; Sportstoel &#8216;MO&#8217; &#8211; Zwart &#8211; Vaste polyester rugleuning Op zoek naar het ultieme gevoel en het optimale niveau van comfort tijdens het sportieve rijden? AutoStyle Sportstoelen bieden de [&hellip;]\" \/>\n<meta property=\"og:url\" content=\"https:\/\/www.hoogstra-autosport.nl\/fr\/produit\/kuipstoel-stoffen-zwart\/\" \/>\n<meta property=\"og:site_name\" content=\"Hoogstra Autosport\" \/>\n<meta property=\"article:modified_time\" content=\"2025-12-24T12:24:55+00:00\" \/>\n<meta property=\"og:image\" content=\"https:\/\/www.hoogstra-autosport.nl\/teamkoen\/wp-content\/uploads\/2021\/08\/Untitled-Project-2025-12-24T132443.348.jpg\" \/>\n\t<meta property=\"og:image:width\" content=\"1080\" \/>\n\t<meta property=\"og:image:height\" content=\"1080\" \/>\n\t<meta property=\"og:image:type\" content=\"image\/jpeg\" \/>\n<meta name=\"twitter:card\" content=\"summary_large_image\" \/>\n<meta name=\"twitter:label1\" content=\"Dur\u00e9e de lecture estim\u00e9e\" \/>\n\t<meta name=\"twitter:data1\" content=\"2 minutes\" \/>\n<script type=\"application\/ld+json\" class=\"yoast-schema-graph\">{\"@context\":\"https:\\\/\\\/schema.org\",\"@graph\":[{\"@type\":\"WebPage\",\"@id\":\"https:\\\/\\\/www.hoogstra-autosport.nl\\\/product\\\/kuipstoel-stoffen-zwart\\\/\",\"url\":\"https:\\\/\\\/www.hoogstra-autosport.nl\\\/product\\\/kuipstoel-stoffen-zwart\\\/\",\"name\":\"Kuipstoel Stoffen Zwart - Hoogstra Autosport\",\"isPartOf\":{\"@id\":\"https:\\\/\\\/www.hoogstra-autosport.nl\\\/#website\"},\"primaryImageOfPage\":{\"@id\":\"https:\\\/\\\/www.hoogstra-autosport.nl\\\/product\\\/kuipstoel-stoffen-zwart\\\/#primaryimage\"},\"image\":{\"@id\":\"https:\\\/\\\/www.hoogstra-autosport.nl\\\/product\\\/kuipstoel-stoffen-zwart\\\/#primaryimage\"},\"thumbnailUrl\":\"https:\\\/\\\/www.hoogstra-autosport.nl\\\/teamkoen\\\/wp-content\\\/uploads\\\/2021\\\/08\\\/Untitled-Project-2025-12-24T132443.348.jpg\",\"datePublished\":\"2021-08-31T08:49:30+00:00\",\"dateModified\":\"2025-12-24T12:24:55+00:00\",\"breadcrumb\":{\"@id\":\"https:\\\/\\\/www.hoogstra-autosport.nl\\\/product\\\/kuipstoel-stoffen-zwart\\\/#breadcrumb\"},\"inLanguage\":\"fr-FR\",\"potentialAction\":[{\"@type\":\"ReadAction\",\"target\":[\"https:\\\/\\\/www.hoogstra-autosport.nl\\\/product\\\/kuipstoel-stoffen-zwart\\\/\"]}]},{\"@type\":\"ImageObject\",\"inLanguage\":\"fr-FR\",\"@id\":\"https:\\\/\\\/www.hoogstra-autosport.nl\\\/product\\\/kuipstoel-stoffen-zwart\\\/#primaryimage\",\"url\":\"https:\\\/\\\/www.hoogstra-autosport.nl\\\/teamkoen\\\/wp-content\\\/uploads\\\/2021\\\/08\\\/Untitled-Project-2025-12-24T132443.348.jpg\",\"contentUrl\":\"https:\\\/\\\/www.hoogstra-autosport.nl\\\/teamkoen\\\/wp-content\\\/uploads\\\/2021\\\/08\\\/Untitled-Project-2025-12-24T132443.348.jpg\",\"width\":1080,\"height\":1080},{\"@type\":\"BreadcrumbList\",\"@id\":\"https:\\\/\\\/www.hoogstra-autosport.nl\\\/product\\\/kuipstoel-stoffen-zwart\\\/#breadcrumb\",\"itemListElement\":[{\"@type\":\"ListItem\",\"position\":1,\"name\":\"Home\",\"item\":\"https:\\\/\\\/www.hoogstra-autosport.nl\\\/\"},{\"@type\":\"ListItem\",\"position\":2,\"name\":\"Interieur\",\"item\":\"https:\\\/\\\/www.hoogstra-autosport.nl\\\/product-categorie\\\/remmen-brandstof-tanken\\\/\"},{\"@type\":\"ListItem\",\"position\":3,\"name\":\"Stoelen\",\"item\":\"https:\\\/\\\/www.hoogstra-autosport.nl\\\/product-categorie\\\/remmen-brandstof-tanken\\\/stoelen\\\/\"},{\"@type\":\"ListItem\",\"position\":4,\"name\":\"Sim Racing Circuit Straat\",\"item\":\"https:\\\/\\\/www.hoogstra-autosport.nl\\\/product-categorie\\\/remmen-brandstof-tanken\\\/stoelen\\\/race-cross-straatversie-stoelen\\\/\"},{\"@type\":\"ListItem\",\"position\":5,\"name\":\"Kuipstoel Stoffen Zwart\"}]},{\"@type\":\"WebSite\",\"@id\":\"https:\\\/\\\/www.hoogstra-autosport.nl\\\/#website\",\"url\":\"https:\\\/\\\/www.hoogstra-autosport.nl\\\/\",\"name\":\"Hoogstra Autosport\",\"description\":\"Performance Autosport Parts!\",\"potentialAction\":[{\"@type\":\"SearchAction\",\"target\":{\"@type\":\"EntryPoint\",\"urlTemplate\":\"https:\\\/\\\/www.hoogstra-autosport.nl\\\/?s={search_term_string}\"},\"query-input\":{\"@type\":\"PropertyValueSpecification\",\"valueRequired\":true,\"valueName\":\"search_term_string\"}}],\"inLanguage\":\"fr-FR\"}]}<\/script>\n<!-- \/ Yoast SEO plugin. -->","yoast_head_json":{"title":"Kuipstoel Stoffen Zwart - Hoogstra Autosport","robots":{"index":"index","follow":"follow","max-snippet":"max-snippet:-1","max-image-preview":"max-image-preview:large","max-video-preview":"max-video-preview:-1"},"canonical":"https:\/\/www.hoogstra-autosport.nl\/fr\/produit\/kuipstoel-stoffen-zwart\/","og_locale":"fr_FR","og_type":"article","og_title":"Kuipstoel Stoffen Zwart - Hoogstra Autosport","og_description":"Geschikt voor 3-, 4- of 5-punts gordel Slijtvast textiel Vaste polyester rugleuning Stevig stalen frame uit de racesport Polyester achterzijde eventueel in kleur over te spuiten &nbsp; Sportstoel &#8216;MO&#8217; &#8211; Zwart &#8211; Vaste polyester rugleuning Op zoek naar het ultieme gevoel en het optimale niveau van comfort tijdens het sportieve rijden? AutoStyle Sportstoelen bieden de [&hellip;]","og_url":"https:\/\/www.hoogstra-autosport.nl\/fr\/produit\/kuipstoel-stoffen-zwart\/","og_site_name":"Hoogstra Autosport","article_modified_time":"2025-12-24T12:24:55+00:00","og_image":[{"width":1080,"height":1080,"url":"https:\/\/www.hoogstra-autosport.nl\/teamkoen\/wp-content\/uploads\/2021\/08\/Untitled-Project-2025-12-24T132443.348.jpg","type":"image\/jpeg"}],"twitter_card":"summary_large_image","twitter_misc":{"Dur\u00e9e de lecture estim\u00e9e":"2 minutes"},"schema":{"@context":"https:\/\/schema.org","@graph":[{"@type":"WebPage","@id":"https:\/\/www.hoogstra-autosport.nl\/product\/kuipstoel-stoffen-zwart\/","url":"https:\/\/www.hoogstra-autosport.nl\/product\/kuipstoel-stoffen-zwart\/","name":"Kuipstoel Stoffen Zwart - Hoogstra Autosport","isPartOf":{"@id":"https:\/\/www.hoogstra-autosport.nl\/#website"},"primaryImageOfPage":{"@id":"https:\/\/www.hoogstra-autosport.nl\/product\/kuipstoel-stoffen-zwart\/#primaryimage"},"image":{"@id":"https:\/\/www.hoogstra-autosport.nl\/product\/kuipstoel-stoffen-zwart\/#primaryimage"},"thumbnailUrl":"https:\/\/www.hoogstra-autosport.nl\/teamkoen\/wp-content\/uploads\/2021\/08\/Untitled-Project-2025-12-24T132443.348.jpg","datePublished":"2021-08-31T08:49:30+00:00","dateModified":"2025-12-24T12:24:55+00:00","breadcrumb":{"@id":"https:\/\/www.hoogstra-autosport.nl\/product\/kuipstoel-stoffen-zwart\/#breadcrumb"},"inLanguage":"fr-FR","potentialAction":[{"@type":"ReadAction","target":["https:\/\/www.hoogstra-autosport.nl\/product\/kuipstoel-stoffen-zwart\/"]}]},{"@type":"ImageObject","inLanguage":"fr-FR","@id":"https:\/\/www.hoogstra-autosport.nl\/product\/kuipstoel-stoffen-zwart\/#primaryimage","url":"https:\/\/www.hoogstra-autosport.nl\/teamkoen\/wp-content\/uploads\/2021\/08\/Untitled-Project-2025-12-24T132443.348.jpg","contentUrl":"https:\/\/www.hoogstra-autosport.nl\/teamkoen\/wp-content\/uploads\/2021\/08\/Untitled-Project-2025-12-24T132443.348.jpg","width":1080,"height":1080},{"@type":"BreadcrumbList","@id":"https:\/\/www.hoogstra-autosport.nl\/product\/kuipstoel-stoffen-zwart\/#breadcrumb","itemListElement":[{"@type":"ListItem","position":1,"name":"Home","item":"https:\/\/www.hoogstra-autosport.nl\/"},{"@type":"ListItem","position":2,"name":"Interieur","item":"https:\/\/www.hoogstra-autosport.nl\/product-categorie\/remmen-brandstof-tanken\/"},{"@type":"ListItem","position":3,"name":"Stoelen","item":"https:\/\/www.hoogstra-autosport.nl\/product-categorie\/remmen-brandstof-tanken\/stoelen\/"},{"@type":"ListItem","position":4,"name":"Sim Racing Circuit Straat","item":"https:\/\/www.hoogstra-autosport.nl\/product-categorie\/remmen-brandstof-tanken\/stoelen\/race-cross-straatversie-stoelen\/"},{"@type":"ListItem","position":5,"name":"Kuipstoel Stoffen Zwart"}]},{"@type":"WebSite","@id":"https:\/\/www.hoogstra-autosport.nl\/#website","url":"https:\/\/www.hoogstra-autosport.nl\/","name":"Hoogstra Autosport","description":"Performance Autosport Parts!","potentialAction":[{"@type":"SearchAction","target":{"@type":"EntryPoint","urlTemplate":"https:\/\/www.hoogstra-autosport.nl\/?s={search_term_string}"},"query-input":{"@type":"PropertyValueSpecification","valueRequired":true,"valueName":"search_term_string"}}],"inLanguage":"fr-FR"}]}},"tiered_pricing_type":"fixed","tiered_pricing_fixed_rules":[],"tiered_pricing_product_settings":{"layout":"default","base_unit_name":{"singular":null,"plural":null},"default_variation":null},"tiered_pricing_minimum_quantity":null,"tiered_pricing_roles_data":[],"tiered_pricing_percentage_rules":[],"tiered_pricing_maximum_quantity":null,"tiered_pricing_quantity_step":null,"_links":{"self":[{"href":"https:\/\/www.hoogstra-autosport.nl\/fr\/wp-json\/wp\/v2\/product\/40969","targetHints":{"allow":["GET"]}}],"collection":[{"href":"https:\/\/www.hoogstra-autosport.nl\/fr\/wp-json\/wp\/v2\/product"}],"about":[{"href":"https:\/\/www.hoogstra-autosport.nl\/fr\/wp-json\/wp\/v2\/types\/product"}],"wp:featuredmedia":[{"embeddable":true,"href":"https:\/\/www.hoogstra-autosport.nl\/fr\/wp-json\/wp\/v2\/media\/95954"}],"wp:attachment":[{"href":"https:\/\/www.hoogstra-autosport.nl\/fr\/wp-json\/wp\/v2\/media?parent=40969"}],"wp:term":[{"taxonomy":"product_brand","embeddable":true,"href":"https:\/\/www.hoogstra-autosport.nl\/fr\/wp-json\/wp\/v2\/product_brand?post=40969"},{"taxonomy":"product_cat","embeddable":true,"href":"https:\/\/www.hoogstra-autosport.nl\/fr\/wp-json\/wp\/v2\/product_cat?post=40969"},{"taxonomy":"product_tag","embeddable":true,"href":"https:\/\/www.hoogstra-autosport.nl\/fr\/wp-json\/wp\/v2\/product_tag?post=40969"}],"curies":[{"name":"wp","href":"https:\/\/api.w.org\/{rel}","templated":true}]}}