{"id":39475,"date":"2021-06-01T11:52:30","date_gmt":"2021-06-01T09:52:30","guid":{"rendered":"https:\/\/www.hoogstra-autosport.nl\/?post_type=product&#038;p=39475"},"modified":"2025-01-15T10:55:15","modified_gmt":"2025-01-15T09:55:15","slug":"stilo-trophy-2-intercom","status":"publish","type":"product","link":"https:\/\/www.hoogstra-autosport.nl\/fr\/produit\/stilo-trophy-2-intercom\/","title":{"rendered":"Interphone Stilo TROPHY 2"},"content":{"rendered":"<p>NE PAS UTILISER AVEC LE CASQUE STILO WRC ! UNIQUEMENT POUR LE TROPH\u00c9E !<\/p>\n<p>&nbsp;<\/p>\n<p>&nbsp;<\/p>\n<p>&nbsp;<\/p>\n<p>Le dernier amplificateur d'interphone Trophy de Stilo est dot\u00e9 de commandes de volume individuelles pour le conducteur et le copilote.<\/p>\n<p>L'\u00e9lectronique a \u00e9galement \u00e9t\u00e9 am\u00e9lior\u00e9e pour offrir une meilleure qualit\u00e9 audio. Id\u00e9al pour les rallyes clubman.<\/p>\n<p>Convient au casque Stilo Trophy DES RALLY.<\/p>\n<p>Aliment\u00e9 par une pile 9v (non fournie).<\/p>\n<p>Un adaptateur 12v est disponible s\u00e9par\u00e9ment pour se connecter \u00e0 l'alimentation du v\u00e9hicule.<\/p>","protected":false},"excerpt":{"rendered":"<p>NIET VOOR GEBRUIK MET STILO WRC HELM! ALLEEN VOOR TROPHY! &nbsp; &nbsp; &nbsp; The latest Trophy intercom amplifier from Stilo features individual volume controls for driver and co driver. The electronics have also been upgraded to provide improved audio quality. Ideal for clubman rally use. Suitable for use with the Stilo Trophy DES RALLY helmet. [&hellip;]<\/p>\n","protected":false},"featured_media":39476,"template":"","meta":{"_acf_changed":false},"product_brand":[],"product_cat":[4253],"product_tag":[],"class_list":{"0":"post-39475","1":"product","2":"type-product","3":"status-publish","4":"has-post-thumbnail","6":"product_cat-intercom-systemen","7":"product_shipping_class-4016","9":"first","10":"instock","11":"taxable","12":"shipping-taxable","13":"purchasable","14":"product-type-simple"},"acf":[],"yoast_head":"<!-- This site is optimized with the Yoast SEO plugin v27.1.1 - https:\/\/yoast.com\/product\/yoast-seo-wordpress\/ -->\n<title>Stilo TROPHY 2 Intercom - Hoogstra Autosport<\/title>\n<meta name=\"robots\" content=\"index, follow, max-snippet:-1, max-image-preview:large, max-video-preview:-1\" \/>\n<link rel=\"canonical\" href=\"https:\/\/www.hoogstra-autosport.nl\/fr\/produit\/stilo-trophy-2-intercom\/\" \/>\n<meta property=\"og:locale\" content=\"fr_FR\" \/>\n<meta property=\"og:type\" content=\"article\" \/>\n<meta property=\"og:title\" content=\"Stilo TROPHY 2 Intercom - Hoogstra Autosport\" \/>\n<meta property=\"og:description\" content=\"NIET VOOR GEBRUIK MET STILO WRC HELM! ALLEEN VOOR TROPHY! &nbsp; &nbsp; &nbsp; The latest Trophy intercom amplifier from Stilo features individual volume controls for driver and co driver. The electronics have also been upgraded to provide improved audio quality. Ideal for clubman rally use. Suitable for use with the Stilo Trophy DES RALLY helmet. [&hellip;]\" \/>\n<meta property=\"og:url\" content=\"https:\/\/www.hoogstra-autosport.nl\/fr\/produit\/stilo-trophy-2-intercom\/\" \/>\n<meta property=\"og:site_name\" content=\"Hoogstra Autosport\" \/>\n<meta property=\"article:modified_time\" content=\"2025-01-15T09:55:15+00:00\" \/>\n<meta property=\"og:image\" content=\"https:\/\/www.hoogstra-autosport.nl\/teamkoen\/content\/uploads\/2021\/06\/stilo_trophy_2_intercom_-_ab0102_1.jpg\" \/>\n\t<meta property=\"og:image:width\" content=\"600\" \/>\n\t<meta property=\"og:image:height\" content=\"600\" \/>\n\t<meta property=\"og:image:type\" content=\"image\/jpeg\" \/>\n<meta name=\"twitter:card\" content=\"summary_large_image\" \/>\n<meta name=\"twitter:label1\" content=\"Dur\u00e9e de lecture estim\u00e9e\" \/>\n\t<meta name=\"twitter:data1\" content=\"1 minute\" \/>\n<script type=\"application\/ld+json\" class=\"yoast-schema-graph\">{\"@context\":\"https:\/\/schema.org\",\"@graph\":[{\"@type\":\"WebPage\",\"@id\":\"https:\/\/www.hoogstra-autosport.nl\/product\/stilo-trophy-2-intercom\/\",\"url\":\"https:\/\/www.hoogstra-autosport.nl\/product\/stilo-trophy-2-intercom\/\",\"name\":\"Stilo TROPHY 2 Intercom - Hoogstra Autosport\",\"isPartOf\":{\"@id\":\"https:\/\/www.hoogstra-autosport.nl\/#website\"},\"primaryImageOfPage\":{\"@id\":\"https:\/\/www.hoogstra-autosport.nl\/product\/stilo-trophy-2-intercom\/#primaryimage\"},\"image\":{\"@id\":\"https:\/\/www.hoogstra-autosport.nl\/product\/stilo-trophy-2-intercom\/#primaryimage\"},\"thumbnailUrl\":\"https:\/\/www.hoogstra-autosport.nl\/teamkoen\/wp-content\/uploads\/2021\/06\/stilo_trophy_2_intercom_-_ab0102_1.jpg\",\"datePublished\":\"2021-06-01T09:52:30+00:00\",\"dateModified\":\"2025-01-15T09:55:15+00:00\",\"breadcrumb\":{\"@id\":\"https:\/\/www.hoogstra-autosport.nl\/product\/stilo-trophy-2-intercom\/#breadcrumb\"},\"inLanguage\":\"fr-FR\",\"potentialAction\":[{\"@type\":\"ReadAction\",\"target\":[\"https:\/\/www.hoogstra-autosport.nl\/product\/stilo-trophy-2-intercom\/\"]}]},{\"@type\":\"ImageObject\",\"inLanguage\":\"fr-FR\",\"@id\":\"https:\/\/www.hoogstra-autosport.nl\/product\/stilo-trophy-2-intercom\/#primaryimage\",\"url\":\"https:\/\/www.hoogstra-autosport.nl\/teamkoen\/wp-content\/uploads\/2021\/06\/stilo_trophy_2_intercom_-_ab0102_1.jpg\",\"contentUrl\":\"https:\/\/www.hoogstra-autosport.nl\/teamkoen\/wp-content\/uploads\/2021\/06\/stilo_trophy_2_intercom_-_ab0102_1.jpg\",\"width\":600,\"height\":600},{\"@type\":\"BreadcrumbList\",\"@id\":\"https:\/\/www.hoogstra-autosport.nl\/product\/stilo-trophy-2-intercom\/#breadcrumb\",\"itemListElement\":[{\"@type\":\"ListItem\",\"position\":1,\"name\":\"Home\",\"item\":\"https:\/\/www.hoogstra-autosport.nl\/\"},{\"@type\":\"ListItem\",\"position\":2,\"name\":\"Uitrusting\",\"item\":\"https:\/\/www.hoogstra-autosport.nl\/product-categorie\/autosport-kleding-helmen\/\"},{\"@type\":\"ListItem\",\"position\":3,\"name\":\"Intercoms &amp; Headsets\",\"item\":\"https:\/\/www.hoogstra-autosport.nl\/product-categorie\/autosport-kleding-helmen\/intercoms-heaqsets\/\"},{\"@type\":\"ListItem\",\"position\":4,\"name\":\"Stilo TROPHY 2 Intercom\"}]},{\"@type\":\"WebSite\",\"@id\":\"https:\/\/www.hoogstra-autosport.nl\/#website\",\"url\":\"https:\/\/www.hoogstra-autosport.nl\/\",\"name\":\"Hoogstra Autosport\",\"description\":\"Performance Autosport Parts!\",\"potentialAction\":[{\"@type\":\"SearchAction\",\"target\":{\"@type\":\"EntryPoint\",\"urlTemplate\":\"https:\/\/www.hoogstra-autosport.nl\/?s={search_term_string}\"},\"query-input\":{\"@type\":\"PropertyValueSpecification\",\"valueRequired\":true,\"valueName\":\"search_term_string\"}}],\"inLanguage\":\"fr-FR\"}]}<\/script>\n<!-- \/ Yoast SEO plugin. -->","yoast_head_json":{"title":"Stilo TROPHY 2 Intercom - Hoogstra Autosport","robots":{"index":"index","follow":"follow","max-snippet":"max-snippet:-1","max-image-preview":"max-image-preview:large","max-video-preview":"max-video-preview:-1"},"canonical":"https:\/\/www.hoogstra-autosport.nl\/fr\/produit\/stilo-trophy-2-intercom\/","og_locale":"fr_FR","og_type":"article","og_title":"Stilo TROPHY 2 Intercom - Hoogstra Autosport","og_description":"NIET VOOR GEBRUIK MET STILO WRC HELM! ALLEEN VOOR TROPHY! &nbsp; &nbsp; &nbsp; The latest Trophy intercom amplifier from Stilo features individual volume controls for driver and co driver. The electronics have also been upgraded to provide improved audio quality. Ideal for clubman rally use. Suitable for use with the Stilo Trophy DES RALLY helmet. [&hellip;]","og_url":"https:\/\/www.hoogstra-autosport.nl\/fr\/produit\/stilo-trophy-2-intercom\/","og_site_name":"Hoogstra Autosport","article_modified_time":"2025-01-15T09:55:15+00:00","og_image":[{"width":600,"height":600,"url":"https:\/\/www.hoogstra-autosport.nl\/teamkoen\/content\/uploads\/2021\/06\/stilo_trophy_2_intercom_-_ab0102_1.jpg","type":"image\/jpeg"}],"twitter_card":"summary_large_image","twitter_misc":{"Dur\u00e9e de lecture estim\u00e9e":"1 minute"},"schema":{"@context":"https:\/\/schema.org","@graph":[{"@type":"WebPage","@id":"https:\/\/www.hoogstra-autosport.nl\/product\/stilo-trophy-2-intercom\/","url":"https:\/\/www.hoogstra-autosport.nl\/product\/stilo-trophy-2-intercom\/","name":"Stilo TROPHY 2 Intercom - Hoogstra Autosport","isPartOf":{"@id":"https:\/\/www.hoogstra-autosport.nl\/#website"},"primaryImageOfPage":{"@id":"https:\/\/www.hoogstra-autosport.nl\/product\/stilo-trophy-2-intercom\/#primaryimage"},"image":{"@id":"https:\/\/www.hoogstra-autosport.nl\/product\/stilo-trophy-2-intercom\/#primaryimage"},"thumbnailUrl":"https:\/\/www.hoogstra-autosport.nl\/teamkoen\/wp-content\/uploads\/2021\/06\/stilo_trophy_2_intercom_-_ab0102_1.jpg","datePublished":"2021-06-01T09:52:30+00:00","dateModified":"2025-01-15T09:55:15+00:00","breadcrumb":{"@id":"https:\/\/www.hoogstra-autosport.nl\/product\/stilo-trophy-2-intercom\/#breadcrumb"},"inLanguage":"fr-FR","potentialAction":[{"@type":"ReadAction","target":["https:\/\/www.hoogstra-autosport.nl\/product\/stilo-trophy-2-intercom\/"]}]},{"@type":"ImageObject","inLanguage":"fr-FR","@id":"https:\/\/www.hoogstra-autosport.nl\/product\/stilo-trophy-2-intercom\/#primaryimage","url":"https:\/\/www.hoogstra-autosport.nl\/teamkoen\/wp-content\/uploads\/2021\/06\/stilo_trophy_2_intercom_-_ab0102_1.jpg","contentUrl":"https:\/\/www.hoogstra-autosport.nl\/teamkoen\/wp-content\/uploads\/2021\/06\/stilo_trophy_2_intercom_-_ab0102_1.jpg","width":600,"height":600},{"@type":"BreadcrumbList","@id":"https:\/\/www.hoogstra-autosport.nl\/product\/stilo-trophy-2-intercom\/#breadcrumb","itemListElement":[{"@type":"ListItem","position":1,"name":"Home","item":"https:\/\/www.hoogstra-autosport.nl\/"},{"@type":"ListItem","position":2,"name":"Uitrusting","item":"https:\/\/www.hoogstra-autosport.nl\/product-categorie\/autosport-kleding-helmen\/"},{"@type":"ListItem","position":3,"name":"Intercoms &amp; Headsets","item":"https:\/\/www.hoogstra-autosport.nl\/product-categorie\/autosport-kleding-helmen\/intercoms-heaqsets\/"},{"@type":"ListItem","position":4,"name":"Stilo TROPHY 2 Intercom"}]},{"@type":"WebSite","@id":"https:\/\/www.hoogstra-autosport.nl\/#website","url":"https:\/\/www.hoogstra-autosport.nl\/","name":"Hoogstra Autosport","description":"Performance Autosport Parts!","potentialAction":[{"@type":"SearchAction","target":{"@type":"EntryPoint","urlTemplate":"https:\/\/www.hoogstra-autosport.nl\/?s={search_term_string}"},"query-input":{"@type":"PropertyValueSpecification","valueRequired":true,"valueName":"search_term_string"}}],"inLanguage":"fr-FR"}]}},"tiered_pricing_type":"fixed","tiered_pricing_fixed_rules":[],"tiered_pricing_product_settings":{"layout":"default","base_unit_name":{"singular":null,"plural":null},"default_variation":null},"tiered_pricing_minimum_quantity":null,"tiered_pricing_roles_data":[],"tiered_pricing_percentage_rules":[],"tiered_pricing_maximum_quantity":null,"tiered_pricing_quantity_step":null,"_links":{"self":[{"href":"https:\/\/www.hoogstra-autosport.nl\/fr\/wp-json\/wp\/v2\/product\/39475","targetHints":{"allow":["GET"]}}],"collection":[{"href":"https:\/\/www.hoogstra-autosport.nl\/fr\/wp-json\/wp\/v2\/product"}],"about":[{"href":"https:\/\/www.hoogstra-autosport.nl\/fr\/wp-json\/wp\/v2\/types\/product"}],"wp:featuredmedia":[{"embeddable":true,"href":"https:\/\/www.hoogstra-autosport.nl\/fr\/wp-json\/wp\/v2\/media\/39476"}],"wp:attachment":[{"href":"https:\/\/www.hoogstra-autosport.nl\/fr\/wp-json\/wp\/v2\/media?parent=39475"}],"wp:term":[{"taxonomy":"product_brand","embeddable":true,"href":"https:\/\/www.hoogstra-autosport.nl\/fr\/wp-json\/wp\/v2\/product_brand?post=39475"},{"taxonomy":"product_cat","embeddable":true,"href":"https:\/\/www.hoogstra-autosport.nl\/fr\/wp-json\/wp\/v2\/product_cat?post=39475"},{"taxonomy":"product_tag","embeddable":true,"href":"https:\/\/www.hoogstra-autosport.nl\/fr\/wp-json\/wp\/v2\/product_tag?post=39475"}],"curies":[{"name":"wp","href":"https:\/\/api.w.org\/{rel}","templated":true}]}}