{"id":39455,"date":"2021-05-31T16:08:34","date_gmt":"2021-05-31T14:08:34","guid":{"rendered":"https:\/\/www.hoogstra-autosport.nl\/?post_type=product&#038;p=39455"},"modified":"2024-01-20T13:09:31","modified_gmt":"2024-01-20T12:09:31","slug":"tyre-softner-grip-25l","status":"publish","type":"product","link":"https:\/\/www.hoogstra-autosport.nl\/fr\/produit\/tyre-softner-grip-25l\/","title":{"rendered":"Assouplisseur de pneus Grip 2.5L"},"content":{"rendered":"<p>Liquide permettant d'assouplir le m\u00e9lange de votre pneu pour une adh\u00e9rence optimale.<\/p>\n<p>Appliquer \u00e0 l'aide d'un pinceau sur les pneus neufs ou anciens et laisser s\u00e9cher compl\u00e8tement.<\/p>\n<p>Plus il y a de couches, plus c'est doux<\/p>","protected":false},"excerpt":{"rendered":"<p>Vloeistof voor het zachter maken van je banden compound,\u00a0 voor de optimale grip. Met een kwast over je nieuwe of oude banden aanbrengen en compleet op laten drogen Hoe meer lagen , hoe zachter<\/p>","protected":false},"featured_media":34180,"template":"","meta":{"_acf_changed":false},"product_brand":[],"product_cat":[3907],"product_tag":[],"class_list":{"0":"post-39455","1":"product","2":"type-product","3":"status-publish","4":"has-post-thumbnail","6":"product_cat-vloeistoffen","7":"product_shipping_class-4016","9":"first","10":"instock","11":"taxable","12":"shipping-taxable","13":"purchasable","14":"product-type-simple"},"acf":[],"yoast_head":"<!-- This site is optimized with the Yoast SEO plugin v27.1.1 - https:\/\/yoast.com\/product\/yoast-seo-wordpress\/ -->\n<title>Tyre Softener Grip 2,5L - Hoogstra Autosport<\/title>\n<meta name=\"robots\" content=\"index, follow, max-snippet:-1, max-image-preview:large, max-video-preview:-1\" \/>\n<link rel=\"canonical\" href=\"https:\/\/www.hoogstra-autosport.nl\/fr\/produit\/tyre-softner-grip-25l\/\" \/>\n<meta property=\"og:locale\" content=\"fr_FR\" \/>\n<meta property=\"og:type\" content=\"article\" \/>\n<meta property=\"og:title\" content=\"Tyre Softener Grip 2,5L - Hoogstra Autosport\" \/>\n<meta property=\"og:description\" content=\"Vloeistof voor het zachter maken van je banden compound,\u00a0 voor de optimale grip. Met een kwast over je nieuwe of oude banden aanbrengen en compleet op laten drogen Hoe meer lagen , hoe zachter\" \/>\n<meta property=\"og:url\" content=\"https:\/\/www.hoogstra-autosport.nl\/fr\/produit\/tyre-softner-grip-25l\/\" \/>\n<meta property=\"og:site_name\" content=\"Hoogstra Autosport\" \/>\n<meta property=\"article:modified_time\" content=\"2024-01-20T12:09:31+00:00\" \/>\n<meta property=\"og:image\" content=\"https:\/\/www.hoogstra-autosport.nl\/teamkoen\/content\/uploads\/2020\/09\/grip-tyre-softener-2halflitre_small_48a0f22f-b7ea-41f9-bab5-77fb94afce37_large.jpg\" \/>\n\t<meta property=\"og:image:width\" content=\"408\" \/>\n\t<meta property=\"og:image:height\" content=\"408\" \/>\n\t<meta property=\"og:image:type\" content=\"image\/jpeg\" \/>\n<meta name=\"twitter:card\" content=\"summary_large_image\" \/>\n<meta name=\"twitter:label1\" content=\"Dur\u00e9e de lecture estim\u00e9e\" \/>\n\t<meta name=\"twitter:data1\" content=\"1 minute\" \/>\n<script type=\"application\/ld+json\" class=\"yoast-schema-graph\">{\"@context\":\"https:\/\/schema.org\",\"@graph\":[{\"@type\":\"WebPage\",\"@id\":\"https:\/\/www.hoogstra-autosport.nl\/product\/tyre-softner-grip-25l\/\",\"url\":\"https:\/\/www.hoogstra-autosport.nl\/product\/tyre-softner-grip-25l\/\",\"name\":\"Tyre Softener Grip 2,5L - Hoogstra Autosport\",\"isPartOf\":{\"@id\":\"https:\/\/www.hoogstra-autosport.nl\/#website\"},\"primaryImageOfPage\":{\"@id\":\"https:\/\/www.hoogstra-autosport.nl\/product\/tyre-softner-grip-25l\/#primaryimage\"},\"image\":{\"@id\":\"https:\/\/www.hoogstra-autosport.nl\/product\/tyre-softner-grip-25l\/#primaryimage\"},\"thumbnailUrl\":\"https:\/\/www.hoogstra-autosport.nl\/teamkoen\/wp-content\/uploads\/2020\/09\/grip-tyre-softener-2halflitre_small_48a0f22f-b7ea-41f9-bab5-77fb94afce37_large.jpg\",\"datePublished\":\"2021-05-31T14:08:34+00:00\",\"dateModified\":\"2024-01-20T12:09:31+00:00\",\"breadcrumb\":{\"@id\":\"https:\/\/www.hoogstra-autosport.nl\/product\/tyre-softner-grip-25l\/#breadcrumb\"},\"inLanguage\":\"fr-FR\",\"potentialAction\":[{\"@type\":\"ReadAction\",\"target\":[\"https:\/\/www.hoogstra-autosport.nl\/product\/tyre-softner-grip-25l\/\"]}]},{\"@type\":\"ImageObject\",\"inLanguage\":\"fr-FR\",\"@id\":\"https:\/\/www.hoogstra-autosport.nl\/product\/tyre-softner-grip-25l\/#primaryimage\",\"url\":\"https:\/\/www.hoogstra-autosport.nl\/teamkoen\/wp-content\/uploads\/2020\/09\/grip-tyre-softener-2halflitre_small_48a0f22f-b7ea-41f9-bab5-77fb94afce37_large.jpg\",\"contentUrl\":\"https:\/\/www.hoogstra-autosport.nl\/teamkoen\/wp-content\/uploads\/2020\/09\/grip-tyre-softener-2halflitre_small_48a0f22f-b7ea-41f9-bab5-77fb94afce37_large.jpg\",\"width\":408,\"height\":408},{\"@type\":\"BreadcrumbList\",\"@id\":\"https:\/\/www.hoogstra-autosport.nl\/product\/tyre-softner-grip-25l\/#breadcrumb\",\"itemListElement\":[{\"@type\":\"ListItem\",\"position\":1,\"name\":\"Home\",\"item\":\"https:\/\/www.hoogstra-autosport.nl\/\"},{\"@type\":\"ListItem\",\"position\":2,\"name\":\"Banden &amp; Velgen\",\"item\":\"https:\/\/www.hoogstra-autosport.nl\/product-categorie\/autocrossbanden-en-velgen\/\"},{\"@type\":\"ListItem\",\"position\":3,\"name\":\"Vloeistoffen\",\"item\":\"https:\/\/www.hoogstra-autosport.nl\/product-categorie\/autocrossbanden-en-velgen\/vloeistoffen\/\"},{\"@type\":\"ListItem\",\"position\":4,\"name\":\"Tyre Softener Grip 2,5L\"}]},{\"@type\":\"WebSite\",\"@id\":\"https:\/\/www.hoogstra-autosport.nl\/#website\",\"url\":\"https:\/\/www.hoogstra-autosport.nl\/\",\"name\":\"Hoogstra Autosport\",\"description\":\"Performance Autosport Parts!\",\"potentialAction\":[{\"@type\":\"SearchAction\",\"target\":{\"@type\":\"EntryPoint\",\"urlTemplate\":\"https:\/\/www.hoogstra-autosport.nl\/?s={search_term_string}\"},\"query-input\":{\"@type\":\"PropertyValueSpecification\",\"valueRequired\":true,\"valueName\":\"search_term_string\"}}],\"inLanguage\":\"fr-FR\"}]}<\/script>\n<!-- \/ Yoast SEO plugin. -->","yoast_head_json":{"title":"Tyre Softener Grip 2,5L - Hoogstra Autosport","robots":{"index":"index","follow":"follow","max-snippet":"max-snippet:-1","max-image-preview":"max-image-preview:large","max-video-preview":"max-video-preview:-1"},"canonical":"https:\/\/www.hoogstra-autosport.nl\/fr\/produit\/tyre-softner-grip-25l\/","og_locale":"fr_FR","og_type":"article","og_title":"Tyre Softener Grip 2,5L - Hoogstra Autosport","og_description":"Vloeistof voor het zachter maken van je banden compound,\u00a0 voor de optimale grip. Met een kwast over je nieuwe of oude banden aanbrengen en compleet op laten drogen Hoe meer lagen , hoe zachter","og_url":"https:\/\/www.hoogstra-autosport.nl\/fr\/produit\/tyre-softner-grip-25l\/","og_site_name":"Hoogstra Autosport","article_modified_time":"2024-01-20T12:09:31+00:00","og_image":[{"width":408,"height":408,"url":"https:\/\/www.hoogstra-autosport.nl\/teamkoen\/content\/uploads\/2020\/09\/grip-tyre-softener-2halflitre_small_48a0f22f-b7ea-41f9-bab5-77fb94afce37_large.jpg","type":"image\/jpeg"}],"twitter_card":"summary_large_image","twitter_misc":{"Dur\u00e9e de lecture estim\u00e9e":"1 minute"},"schema":{"@context":"https:\/\/schema.org","@graph":[{"@type":"WebPage","@id":"https:\/\/www.hoogstra-autosport.nl\/product\/tyre-softner-grip-25l\/","url":"https:\/\/www.hoogstra-autosport.nl\/product\/tyre-softner-grip-25l\/","name":"Tyre Softener Grip 2,5L - Hoogstra Autosport","isPartOf":{"@id":"https:\/\/www.hoogstra-autosport.nl\/#website"},"primaryImageOfPage":{"@id":"https:\/\/www.hoogstra-autosport.nl\/product\/tyre-softner-grip-25l\/#primaryimage"},"image":{"@id":"https:\/\/www.hoogstra-autosport.nl\/product\/tyre-softner-grip-25l\/#primaryimage"},"thumbnailUrl":"https:\/\/www.hoogstra-autosport.nl\/teamkoen\/wp-content\/uploads\/2020\/09\/grip-tyre-softener-2halflitre_small_48a0f22f-b7ea-41f9-bab5-77fb94afce37_large.jpg","datePublished":"2021-05-31T14:08:34+00:00","dateModified":"2024-01-20T12:09:31+00:00","breadcrumb":{"@id":"https:\/\/www.hoogstra-autosport.nl\/product\/tyre-softner-grip-25l\/#breadcrumb"},"inLanguage":"fr-FR","potentialAction":[{"@type":"ReadAction","target":["https:\/\/www.hoogstra-autosport.nl\/product\/tyre-softner-grip-25l\/"]}]},{"@type":"ImageObject","inLanguage":"fr-FR","@id":"https:\/\/www.hoogstra-autosport.nl\/product\/tyre-softner-grip-25l\/#primaryimage","url":"https:\/\/www.hoogstra-autosport.nl\/teamkoen\/wp-content\/uploads\/2020\/09\/grip-tyre-softener-2halflitre_small_48a0f22f-b7ea-41f9-bab5-77fb94afce37_large.jpg","contentUrl":"https:\/\/www.hoogstra-autosport.nl\/teamkoen\/wp-content\/uploads\/2020\/09\/grip-tyre-softener-2halflitre_small_48a0f22f-b7ea-41f9-bab5-77fb94afce37_large.jpg","width":408,"height":408},{"@type":"BreadcrumbList","@id":"https:\/\/www.hoogstra-autosport.nl\/product\/tyre-softner-grip-25l\/#breadcrumb","itemListElement":[{"@type":"ListItem","position":1,"name":"Home","item":"https:\/\/www.hoogstra-autosport.nl\/"},{"@type":"ListItem","position":2,"name":"Banden &amp; Velgen","item":"https:\/\/www.hoogstra-autosport.nl\/product-categorie\/autocrossbanden-en-velgen\/"},{"@type":"ListItem","position":3,"name":"Vloeistoffen","item":"https:\/\/www.hoogstra-autosport.nl\/product-categorie\/autocrossbanden-en-velgen\/vloeistoffen\/"},{"@type":"ListItem","position":4,"name":"Tyre Softener Grip 2,5L"}]},{"@type":"WebSite","@id":"https:\/\/www.hoogstra-autosport.nl\/#website","url":"https:\/\/www.hoogstra-autosport.nl\/","name":"Hoogstra Autosport","description":"Performance Autosport Parts!","potentialAction":[{"@type":"SearchAction","target":{"@type":"EntryPoint","urlTemplate":"https:\/\/www.hoogstra-autosport.nl\/?s={search_term_string}"},"query-input":{"@type":"PropertyValueSpecification","valueRequired":true,"valueName":"search_term_string"}}],"inLanguage":"fr-FR"}]}},"tiered_pricing_type":"fixed","tiered_pricing_fixed_rules":[],"tiered_pricing_product_settings":{"layout":"default","base_unit_name":{"singular":null,"plural":null},"default_variation":null},"tiered_pricing_minimum_quantity":null,"tiered_pricing_roles_data":[],"tiered_pricing_percentage_rules":[],"tiered_pricing_maximum_quantity":null,"tiered_pricing_quantity_step":null,"_links":{"self":[{"href":"https:\/\/www.hoogstra-autosport.nl\/fr\/wp-json\/wp\/v2\/product\/39455","targetHints":{"allow":["GET"]}}],"collection":[{"href":"https:\/\/www.hoogstra-autosport.nl\/fr\/wp-json\/wp\/v2\/product"}],"about":[{"href":"https:\/\/www.hoogstra-autosport.nl\/fr\/wp-json\/wp\/v2\/types\/product"}],"wp:featuredmedia":[{"embeddable":true,"href":"https:\/\/www.hoogstra-autosport.nl\/fr\/wp-json\/wp\/v2\/media\/34180"}],"wp:attachment":[{"href":"https:\/\/www.hoogstra-autosport.nl\/fr\/wp-json\/wp\/v2\/media?parent=39455"}],"wp:term":[{"taxonomy":"product_brand","embeddable":true,"href":"https:\/\/www.hoogstra-autosport.nl\/fr\/wp-json\/wp\/v2\/product_brand?post=39455"},{"taxonomy":"product_cat","embeddable":true,"href":"https:\/\/www.hoogstra-autosport.nl\/fr\/wp-json\/wp\/v2\/product_cat?post=39455"},{"taxonomy":"product_tag","embeddable":true,"href":"https:\/\/www.hoogstra-autosport.nl\/fr\/wp-json\/wp\/v2\/product_tag?post=39455"}],"curies":[{"name":"wp","href":"https:\/\/api.w.org\/{rel}","templated":true}]}}