{"id":38975,"date":"2021-05-07T10:39:04","date_gmt":"2021-05-07T08:39:04","guid":{"rendered":"https:\/\/www.hoogstra-autosport.nl\/?post_type=product&#038;p=38975"},"modified":"2025-12-05T16:58:46","modified_gmt":"2025-12-05T15:58:46","slug":"omp-brandblusser-systeem","status":"publish","type":"product","link":"https:\/\/www.hoogstra-autosport.nl\/fr\/produit\/omp-brandblusser-systeem\/","title":{"rendered":"Syst\u00e8me d'extincteurs OMP"},"content":{"rendered":"<p>Syst\u00e8me d'extinction d'incendie pour voitures de sport, de tourisme et de rallye<\/p>\n<p>D\u00e9clenchement m\u00e9canique, conteneur en acier, 4,25 l Ecolife-AFFF. Poids du conteneur avec support en acier : 8,1 kg. Syst\u00e8me d'extinction complet avec tous les composants et supports n\u00e9cessaires. Homologu\u00e9 selon la derni\u00e8re norme FIA.<\/p>\n<p>Les extincteurs pr\u00e9sent\u00e9s ici sont dot\u00e9s d'un syst\u00e8me d'aspiration sp\u00e9cial et d\u00e9sormais brevet\u00e9. Une \"hauteur d'aspiration\" rotative et tr\u00e8s flexible assure une vidange compl\u00e8te dans n'importe quelle position, m\u00eame avec un conteneur \u00e0 l'envers. Les bouteilles individuelles des syst\u00e8mes ne sont pas vendues s\u00e9par\u00e9ment, mais uniquement avec les accessoires. L'homologation ne concerne que les syst\u00e8mes complets ! Syst\u00e8mes encastr\u00e9s conform\u00e9ment \u00e0 l'annexe J, art. 253.7.4<\/p>\n<p>Longueur du conteneur : 330 mm<br \/>\nLongueur totale : 420 mm<br \/>\nLargeur : 160 mm<br \/>\nPoids du conteneur : 2,4 kg<br \/>\nPoids total : 8,1 kg<\/p>","protected":false},"excerpt":{"rendered":"<p>Brandblussysteem voor sport-, toer- en rallyauto&#8217;s Mechanische ontgrendeling, stalen container, 4,25 l Ecolife-AFFF. Containergewicht met stalen beugel: 8,1 kg. Compleet blussysteem met alle benodigde componenten en beugels. Gehomologeerd volgens de nieuwste FIA-norm. De hier genoemde blussers zijn voorzien van een speciaal en inmiddels gepatenteerd afzuigsysteem. Een roterende en uiterst flexibele &#8220;zuighoogte&#8221; zorgt voor volledige lediging [&hellip;]<\/p>\n","protected":false},"featured_media":94596,"template":"","meta":{"_acf_changed":false},"product_brand":[],"product_cat":[2883],"product_tag":[],"class_list":{"0":"post-38975","1":"product","2":"type-product","3":"status-publish","4":"has-post-thumbnail","6":"product_cat-brandblus-systeem","7":"product_shipping_class-4016","9":"first","10":"instock","11":"taxable","12":"shipping-taxable","13":"purchasable","14":"product-type-simple"},"acf":[],"yoast_head":"<!-- This site is optimized with the Yoast SEO plugin v27.1.1 - https:\/\/yoast.com\/product\/yoast-seo-wordpress\/ -->\n<title>OMP brandblusser systeem - Hoogstra Autosport<\/title>\n<meta name=\"robots\" content=\"index, follow, max-snippet:-1, max-image-preview:large, max-video-preview:-1\" \/>\n<link rel=\"canonical\" href=\"https:\/\/www.hoogstra-autosport.nl\/fr\/produit\/omp-brandblusser-systeem\/\" \/>\n<meta property=\"og:locale\" content=\"fr_FR\" \/>\n<meta property=\"og:type\" content=\"article\" \/>\n<meta property=\"og:title\" content=\"OMP brandblusser systeem - Hoogstra Autosport\" \/>\n<meta property=\"og:description\" content=\"Brandblussysteem voor sport-, toer- en rallyauto&#8217;s Mechanische ontgrendeling, stalen container, 4,25 l Ecolife-AFFF. Containergewicht met stalen beugel: 8,1 kg. Compleet blussysteem met alle benodigde componenten en beugels. Gehomologeerd volgens de nieuwste FIA-norm. De hier genoemde blussers zijn voorzien van een speciaal en inmiddels gepatenteerd afzuigsysteem. Een roterende en uiterst flexibele &#8220;zuighoogte&#8221; zorgt voor volledige lediging [&hellip;]\" \/>\n<meta property=\"og:url\" content=\"https:\/\/www.hoogstra-autosport.nl\/fr\/produit\/omp-brandblusser-systeem\/\" \/>\n<meta property=\"og:site_name\" content=\"Hoogstra Autosport\" \/>\n<meta property=\"article:modified_time\" content=\"2025-12-05T15:58:46+00:00\" \/>\n<meta property=\"og:image\" content=\"https:\/\/www.hoogstra-autosport.nl\/teamkoen\/wp-content\/uploads\/2021\/05\/Untitled-Project-2025-12-05T165707.786.jpg\" \/>\n\t<meta property=\"og:image:width\" content=\"1080\" \/>\n\t<meta property=\"og:image:height\" content=\"1080\" \/>\n\t<meta property=\"og:image:type\" content=\"image\/jpeg\" \/>\n<meta name=\"twitter:card\" content=\"summary_large_image\" \/>\n<meta name=\"twitter:label1\" content=\"Dur\u00e9e de lecture estim\u00e9e\" \/>\n\t<meta name=\"twitter:data1\" content=\"1 minute\" \/>\n<script type=\"application\/ld+json\" class=\"yoast-schema-graph\">{\"@context\":\"https:\/\/schema.org\",\"@graph\":[{\"@type\":\"WebPage\",\"@id\":\"https:\/\/www.hoogstra-autosport.nl\/product\/omp-brandblusser-systeem\/\",\"url\":\"https:\/\/www.hoogstra-autosport.nl\/product\/omp-brandblusser-systeem\/\",\"name\":\"OMP brandblusser systeem - Hoogstra Autosport\",\"isPartOf\":{\"@id\":\"https:\/\/www.hoogstra-autosport.nl\/#website\"},\"primaryImageOfPage\":{\"@id\":\"https:\/\/www.hoogstra-autosport.nl\/product\/omp-brandblusser-systeem\/#primaryimage\"},\"image\":{\"@id\":\"https:\/\/www.hoogstra-autosport.nl\/product\/omp-brandblusser-systeem\/#primaryimage\"},\"thumbnailUrl\":\"https:\/\/www.hoogstra-autosport.nl\/teamkoen\/wp-content\/uploads\/2021\/05\/Untitled-Project-2025-12-05T165707.786.jpg\",\"datePublished\":\"2021-05-07T08:39:04+00:00\",\"dateModified\":\"2025-12-05T15:58:46+00:00\",\"breadcrumb\":{\"@id\":\"https:\/\/www.hoogstra-autosport.nl\/product\/omp-brandblusser-systeem\/#breadcrumb\"},\"inLanguage\":\"fr-FR\",\"potentialAction\":[{\"@type\":\"ReadAction\",\"target\":[\"https:\/\/www.hoogstra-autosport.nl\/product\/omp-brandblusser-systeem\/\"]}]},{\"@type\":\"ImageObject\",\"inLanguage\":\"fr-FR\",\"@id\":\"https:\/\/www.hoogstra-autosport.nl\/product\/omp-brandblusser-systeem\/#primaryimage\",\"url\":\"https:\/\/www.hoogstra-autosport.nl\/teamkoen\/wp-content\/uploads\/2021\/05\/Untitled-Project-2025-12-05T165707.786.jpg\",\"contentUrl\":\"https:\/\/www.hoogstra-autosport.nl\/teamkoen\/wp-content\/uploads\/2021\/05\/Untitled-Project-2025-12-05T165707.786.jpg\",\"width\":1080,\"height\":1080},{\"@type\":\"BreadcrumbList\",\"@id\":\"https:\/\/www.hoogstra-autosport.nl\/product\/omp-brandblusser-systeem\/#breadcrumb\",\"itemListElement\":[{\"@type\":\"ListItem\",\"position\":1,\"name\":\"Home\",\"item\":\"https:\/\/www.hoogstra-autosport.nl\/\"},{\"@type\":\"ListItem\",\"position\":2,\"name\":\"Motorisch\",\"item\":\"https:\/\/www.hoogstra-autosport.nl\/product-categorie\/auto-techniek\/\"},{\"@type\":\"ListItem\",\"position\":3,\"name\":\"Brandblus Systeem\",\"item\":\"https:\/\/www.hoogstra-autosport.nl\/product-categorie\/auto-techniek\/brandblus-systeem\/\"},{\"@type\":\"ListItem\",\"position\":4,\"name\":\"OMP brandblusser systeem\"}]},{\"@type\":\"WebSite\",\"@id\":\"https:\/\/www.hoogstra-autosport.nl\/#website\",\"url\":\"https:\/\/www.hoogstra-autosport.nl\/\",\"name\":\"Hoogstra Autosport\",\"description\":\"Performance Autosport Parts!\",\"potentialAction\":[{\"@type\":\"SearchAction\",\"target\":{\"@type\":\"EntryPoint\",\"urlTemplate\":\"https:\/\/www.hoogstra-autosport.nl\/?s={search_term_string}\"},\"query-input\":{\"@type\":\"PropertyValueSpecification\",\"valueRequired\":true,\"valueName\":\"search_term_string\"}}],\"inLanguage\":\"fr-FR\"}]}<\/script>\n<!-- \/ Yoast SEO plugin. -->","yoast_head_json":{"title":"OMP brandblusser systeem - Hoogstra Autosport","robots":{"index":"index","follow":"follow","max-snippet":"max-snippet:-1","max-image-preview":"max-image-preview:large","max-video-preview":"max-video-preview:-1"},"canonical":"https:\/\/www.hoogstra-autosport.nl\/fr\/produit\/omp-brandblusser-systeem\/","og_locale":"fr_FR","og_type":"article","og_title":"OMP brandblusser systeem - Hoogstra Autosport","og_description":"Brandblussysteem voor sport-, toer- en rallyauto&#8217;s Mechanische ontgrendeling, stalen container, 4,25 l Ecolife-AFFF. Containergewicht met stalen beugel: 8,1 kg. Compleet blussysteem met alle benodigde componenten en beugels. Gehomologeerd volgens de nieuwste FIA-norm. De hier genoemde blussers zijn voorzien van een speciaal en inmiddels gepatenteerd afzuigsysteem. Een roterende en uiterst flexibele &#8220;zuighoogte&#8221; zorgt voor volledige lediging [&hellip;]","og_url":"https:\/\/www.hoogstra-autosport.nl\/fr\/produit\/omp-brandblusser-systeem\/","og_site_name":"Hoogstra Autosport","article_modified_time":"2025-12-05T15:58:46+00:00","og_image":[{"width":1080,"height":1080,"url":"https:\/\/www.hoogstra-autosport.nl\/teamkoen\/wp-content\/uploads\/2021\/05\/Untitled-Project-2025-12-05T165707.786.jpg","type":"image\/jpeg"}],"twitter_card":"summary_large_image","twitter_misc":{"Dur\u00e9e de lecture estim\u00e9e":"1 minute"},"schema":{"@context":"https:\/\/schema.org","@graph":[{"@type":"WebPage","@id":"https:\/\/www.hoogstra-autosport.nl\/product\/omp-brandblusser-systeem\/","url":"https:\/\/www.hoogstra-autosport.nl\/product\/omp-brandblusser-systeem\/","name":"OMP brandblusser systeem - Hoogstra Autosport","isPartOf":{"@id":"https:\/\/www.hoogstra-autosport.nl\/#website"},"primaryImageOfPage":{"@id":"https:\/\/www.hoogstra-autosport.nl\/product\/omp-brandblusser-systeem\/#primaryimage"},"image":{"@id":"https:\/\/www.hoogstra-autosport.nl\/product\/omp-brandblusser-systeem\/#primaryimage"},"thumbnailUrl":"https:\/\/www.hoogstra-autosport.nl\/teamkoen\/wp-content\/uploads\/2021\/05\/Untitled-Project-2025-12-05T165707.786.jpg","datePublished":"2021-05-07T08:39:04+00:00","dateModified":"2025-12-05T15:58:46+00:00","breadcrumb":{"@id":"https:\/\/www.hoogstra-autosport.nl\/product\/omp-brandblusser-systeem\/#breadcrumb"},"inLanguage":"fr-FR","potentialAction":[{"@type":"ReadAction","target":["https:\/\/www.hoogstra-autosport.nl\/product\/omp-brandblusser-systeem\/"]}]},{"@type":"ImageObject","inLanguage":"fr-FR","@id":"https:\/\/www.hoogstra-autosport.nl\/product\/omp-brandblusser-systeem\/#primaryimage","url":"https:\/\/www.hoogstra-autosport.nl\/teamkoen\/wp-content\/uploads\/2021\/05\/Untitled-Project-2025-12-05T165707.786.jpg","contentUrl":"https:\/\/www.hoogstra-autosport.nl\/teamkoen\/wp-content\/uploads\/2021\/05\/Untitled-Project-2025-12-05T165707.786.jpg","width":1080,"height":1080},{"@type":"BreadcrumbList","@id":"https:\/\/www.hoogstra-autosport.nl\/product\/omp-brandblusser-systeem\/#breadcrumb","itemListElement":[{"@type":"ListItem","position":1,"name":"Home","item":"https:\/\/www.hoogstra-autosport.nl\/"},{"@type":"ListItem","position":2,"name":"Motorisch","item":"https:\/\/www.hoogstra-autosport.nl\/product-categorie\/auto-techniek\/"},{"@type":"ListItem","position":3,"name":"Brandblus Systeem","item":"https:\/\/www.hoogstra-autosport.nl\/product-categorie\/auto-techniek\/brandblus-systeem\/"},{"@type":"ListItem","position":4,"name":"OMP brandblusser systeem"}]},{"@type":"WebSite","@id":"https:\/\/www.hoogstra-autosport.nl\/#website","url":"https:\/\/www.hoogstra-autosport.nl\/","name":"Hoogstra Autosport","description":"Performance Autosport Parts!","potentialAction":[{"@type":"SearchAction","target":{"@type":"EntryPoint","urlTemplate":"https:\/\/www.hoogstra-autosport.nl\/?s={search_term_string}"},"query-input":{"@type":"PropertyValueSpecification","valueRequired":true,"valueName":"search_term_string"}}],"inLanguage":"fr-FR"}]}},"tiered_pricing_type":"fixed","tiered_pricing_fixed_rules":[],"tiered_pricing_product_settings":{"layout":"default","base_unit_name":{"singular":null,"plural":null},"default_variation":null},"tiered_pricing_minimum_quantity":null,"tiered_pricing_roles_data":[],"tiered_pricing_percentage_rules":[],"tiered_pricing_maximum_quantity":null,"tiered_pricing_quantity_step":null,"_links":{"self":[{"href":"https:\/\/www.hoogstra-autosport.nl\/fr\/wp-json\/wp\/v2\/product\/38975","targetHints":{"allow":["GET"]}}],"collection":[{"href":"https:\/\/www.hoogstra-autosport.nl\/fr\/wp-json\/wp\/v2\/product"}],"about":[{"href":"https:\/\/www.hoogstra-autosport.nl\/fr\/wp-json\/wp\/v2\/types\/product"}],"wp:featuredmedia":[{"embeddable":true,"href":"https:\/\/www.hoogstra-autosport.nl\/fr\/wp-json\/wp\/v2\/media\/94596"}],"wp:attachment":[{"href":"https:\/\/www.hoogstra-autosport.nl\/fr\/wp-json\/wp\/v2\/media?parent=38975"}],"wp:term":[{"taxonomy":"product_brand","embeddable":true,"href":"https:\/\/www.hoogstra-autosport.nl\/fr\/wp-json\/wp\/v2\/product_brand?post=38975"},{"taxonomy":"product_cat","embeddable":true,"href":"https:\/\/www.hoogstra-autosport.nl\/fr\/wp-json\/wp\/v2\/product_cat?post=38975"},{"taxonomy":"product_tag","embeddable":true,"href":"https:\/\/www.hoogstra-autosport.nl\/fr\/wp-json\/wp\/v2\/product_tag?post=38975"}],"curies":[{"name":"wp","href":"https:\/\/api.w.org\/{rel}","templated":true}]}}