{"id":38693,"date":"2021-04-21T14:21:40","date_gmt":"2021-04-21T12:21:40","guid":{"rendered":"https:\/\/www.hoogstra-autosport.nl\/?post_type=product&#038;p=38693"},"modified":"2025-12-02T15:14:45","modified_gmt":"2025-12-02T14:14:45","slug":"hjs-cat-fia-50mm","status":"publish","type":"product","link":"https:\/\/www.hoogstra-autosport.nl\/fr\/produit\/hjs-cat-fia-50mm\/","title":{"rendered":"HJS Cat FIA 50mm"},"content":{"rendered":"<p><span class=\"goog-text-highlight\">diam\u00e8tre du raccord : 50-60 mm conique\u00a0<\/span><br \/>\n<span class=\"goog-text-highlight\">Longueur totale : 253 mm<\/span><br \/>\n<span class=\"goog-text-highlight\">Diam\u00e8tre ext\u00e9rieur : 93 mm<\/span><br \/>\n<span class=\"goog-text-highlight\">Poids : 1,75 kg<\/span><br \/>\n<span class=\"goog-text-highlight\">Num\u00e9ro FIA : RC 9012-10 CUP<\/span><\/p>\n<p>&nbsp;<\/p>\n<p>HJS a d\u00e9velopp\u00e9 une alternative \u00e9conomique pour tous les v\u00e9hicules de sport automobile de s\u00e9rie. Le catalyseur HJS Cup avec 100 cpsi convient \u00e0 toutes les applications o\u00f9 la temp\u00e9rature des gaz d'\u00e9chappement ne d\u00e9passe pas 950 C. C'est le cas de tous les v\u00e9hicules de s\u00e9rie F \/ Gr. N \/ R (sans turbocompresseur). Les catalyseurs HJS Cup sont d\u00e9velopp\u00e9s sur la base des catalyseurs HJS PE et offrent une qualit\u00e9 sup\u00e9rieure avec une durabilit\u00e9 maximale.<\/p>","protected":false},"excerpt":{"rendered":"<p>diameter aansluiting: 50-60 mm konisch\u00a0 Totale lengte: 253 mm Buiten diameter: 93 mm Gewicht: 1.75 kg FIA nummer: RC 9012-10 CUP &nbsp; HJS heeft een goedkoop alternatief ontwikkeld voor alle op productie gebaseerde motorsportvoertuigen. De HJS Cup-katalysator met 100 cpsi is geschikt voor alle toepassingen waarbij de uitlaatgastemperatuur niet hoger is dan 950 C. Dit [&hellip;]<\/p>\n","protected":false},"featured_media":94379,"template":"","meta":{"_acf_changed":false},"product_brand":[],"product_cat":[3876],"product_tag":[],"class_list":{"0":"post-38693","1":"product","2":"type-product","3":"status-publish","4":"has-post-thumbnail","6":"product_cat-katalysator","7":"product_shipping_class-4016","9":"first","10":"instock","11":"taxable","12":"shipping-taxable","13":"purchasable","14":"product-type-simple"},"acf":[],"yoast_head":"<!-- This site is optimized with the Yoast SEO plugin v27.1.1 - https:\/\/yoast.com\/product\/yoast-seo-wordpress\/ -->\n<title>HJS Cat FIA 50mm - Hoogstra Autosport<\/title>\n<meta name=\"robots\" content=\"index, follow, max-snippet:-1, max-image-preview:large, max-video-preview:-1\" \/>\n<link rel=\"canonical\" href=\"https:\/\/www.hoogstra-autosport.nl\/fr\/produit\/hjs-cat-fia-50mm\/\" \/>\n<meta property=\"og:locale\" content=\"fr_FR\" \/>\n<meta property=\"og:type\" content=\"article\" \/>\n<meta property=\"og:title\" content=\"HJS Cat FIA 50mm - Hoogstra Autosport\" \/>\n<meta property=\"og:description\" content=\"diameter aansluiting: 50-60 mm konisch\u00a0 Totale lengte: 253 mm Buiten diameter: 93 mm Gewicht: 1.75 kg FIA nummer: RC 9012-10 CUP &nbsp; HJS heeft een goedkoop alternatief ontwikkeld voor alle op productie gebaseerde motorsportvoertuigen. De HJS Cup-katalysator met 100 cpsi is geschikt voor alle toepassingen waarbij de uitlaatgastemperatuur niet hoger is dan 950 C. Dit [&hellip;]\" \/>\n<meta property=\"og:url\" content=\"https:\/\/www.hoogstra-autosport.nl\/fr\/produit\/hjs-cat-fia-50mm\/\" \/>\n<meta property=\"og:site_name\" content=\"Hoogstra Autosport\" \/>\n<meta property=\"article:modified_time\" content=\"2025-12-02T14:14:45+00:00\" \/>\n<meta property=\"og:image\" content=\"https:\/\/www.hoogstra-autosport.nl\/teamkoen\/wp-content\/uploads\/2022\/03\/Untitled-Project-2025-12-02T151316.162.jpg\" \/>\n\t<meta property=\"og:image:width\" content=\"1080\" \/>\n\t<meta property=\"og:image:height\" content=\"1080\" \/>\n\t<meta property=\"og:image:type\" content=\"image\/jpeg\" \/>\n<meta name=\"twitter:card\" content=\"summary_large_image\" \/>\n<meta name=\"twitter:label1\" content=\"Dur\u00e9e de lecture estim\u00e9e\" \/>\n\t<meta name=\"twitter:data1\" content=\"1 minute\" \/>\n<script type=\"application\/ld+json\" class=\"yoast-schema-graph\">{\"@context\":\"https:\/\/schema.org\",\"@graph\":[{\"@type\":\"WebPage\",\"@id\":\"https:\/\/www.hoogstra-autosport.nl\/product\/hjs-cat-fia-50mm\/\",\"url\":\"https:\/\/www.hoogstra-autosport.nl\/product\/hjs-cat-fia-50mm\/\",\"name\":\"HJS Cat FIA 50mm - Hoogstra Autosport\",\"isPartOf\":{\"@id\":\"https:\/\/www.hoogstra-autosport.nl\/#website\"},\"primaryImageOfPage\":{\"@id\":\"https:\/\/www.hoogstra-autosport.nl\/product\/hjs-cat-fia-50mm\/#primaryimage\"},\"image\":{\"@id\":\"https:\/\/www.hoogstra-autosport.nl\/product\/hjs-cat-fia-50mm\/#primaryimage\"},\"thumbnailUrl\":\"https:\/\/www.hoogstra-autosport.nl\/teamkoen\/wp-content\/uploads\/2022\/03\/Untitled-Project-2025-12-02T151316.162.jpg\",\"datePublished\":\"2021-04-21T12:21:40+00:00\",\"dateModified\":\"2025-12-02T14:14:45+00:00\",\"breadcrumb\":{\"@id\":\"https:\/\/www.hoogstra-autosport.nl\/product\/hjs-cat-fia-50mm\/#breadcrumb\"},\"inLanguage\":\"fr-FR\",\"potentialAction\":[{\"@type\":\"ReadAction\",\"target\":[\"https:\/\/www.hoogstra-autosport.nl\/product\/hjs-cat-fia-50mm\/\"]}]},{\"@type\":\"ImageObject\",\"inLanguage\":\"fr-FR\",\"@id\":\"https:\/\/www.hoogstra-autosport.nl\/product\/hjs-cat-fia-50mm\/#primaryimage\",\"url\":\"https:\/\/www.hoogstra-autosport.nl\/teamkoen\/wp-content\/uploads\/2022\/03\/Untitled-Project-2025-12-02T151316.162.jpg\",\"contentUrl\":\"https:\/\/www.hoogstra-autosport.nl\/teamkoen\/wp-content\/uploads\/2022\/03\/Untitled-Project-2025-12-02T151316.162.jpg\",\"width\":1080,\"height\":1080},{\"@type\":\"BreadcrumbList\",\"@id\":\"https:\/\/www.hoogstra-autosport.nl\/product\/hjs-cat-fia-50mm\/#breadcrumb\",\"itemListElement\":[{\"@type\":\"ListItem\",\"position\":1,\"name\":\"Home\",\"item\":\"https:\/\/www.hoogstra-autosport.nl\/\"},{\"@type\":\"ListItem\",\"position\":2,\"name\":\"Motorisch\",\"item\":\"https:\/\/www.hoogstra-autosport.nl\/product-categorie\/auto-techniek\/\"},{\"@type\":\"ListItem\",\"position\":3,\"name\":\"Uitlaten &amp; Isolatie &amp; Motor\",\"item\":\"https:\/\/www.hoogstra-autosport.nl\/product-categorie\/auto-techniek\/motoren-techniek-inlaat-uitlaat\/\"},{\"@type\":\"ListItem\",\"position\":4,\"name\":\"Dempers &amp; Katalysatoren\",\"item\":\"https:\/\/www.hoogstra-autosport.nl\/product-categorie\/auto-techniek\/motoren-techniek-inlaat-uitlaat\/uitlaten-en-dempers\/\"},{\"@type\":\"ListItem\",\"position\":5,\"name\":\"Katalysator - HJS-Powersprint\",\"item\":\"https:\/\/www.hoogstra-autosport.nl\/product-categorie\/auto-techniek\/motoren-techniek-inlaat-uitlaat\/uitlaten-en-dempers\/katalysator\/\"},{\"@type\":\"ListItem\",\"position\":6,\"name\":\"HJS Cat FIA 50mm\"}]},{\"@type\":\"WebSite\",\"@id\":\"https:\/\/www.hoogstra-autosport.nl\/#website\",\"url\":\"https:\/\/www.hoogstra-autosport.nl\/\",\"name\":\"Hoogstra Autosport\",\"description\":\"Performance Autosport Parts!\",\"potentialAction\":[{\"@type\":\"SearchAction\",\"target\":{\"@type\":\"EntryPoint\",\"urlTemplate\":\"https:\/\/www.hoogstra-autosport.nl\/?s={search_term_string}\"},\"query-input\":{\"@type\":\"PropertyValueSpecification\",\"valueRequired\":true,\"valueName\":\"search_term_string\"}}],\"inLanguage\":\"fr-FR\"}]}<\/script>\n<!-- \/ Yoast SEO plugin. -->","yoast_head_json":{"title":"HJS Cat FIA 50mm - Hoogstra Autosport","robots":{"index":"index","follow":"follow","max-snippet":"max-snippet:-1","max-image-preview":"max-image-preview:large","max-video-preview":"max-video-preview:-1"},"canonical":"https:\/\/www.hoogstra-autosport.nl\/fr\/produit\/hjs-cat-fia-50mm\/","og_locale":"fr_FR","og_type":"article","og_title":"HJS Cat FIA 50mm - Hoogstra Autosport","og_description":"diameter aansluiting: 50-60 mm konisch\u00a0 Totale lengte: 253 mm Buiten diameter: 93 mm Gewicht: 1.75 kg FIA nummer: RC 9012-10 CUP &nbsp; HJS heeft een goedkoop alternatief ontwikkeld voor alle op productie gebaseerde motorsportvoertuigen. De HJS Cup-katalysator met 100 cpsi is geschikt voor alle toepassingen waarbij de uitlaatgastemperatuur niet hoger is dan 950 C. Dit [&hellip;]","og_url":"https:\/\/www.hoogstra-autosport.nl\/fr\/produit\/hjs-cat-fia-50mm\/","og_site_name":"Hoogstra Autosport","article_modified_time":"2025-12-02T14:14:45+00:00","og_image":[{"width":1080,"height":1080,"url":"https:\/\/www.hoogstra-autosport.nl\/teamkoen\/wp-content\/uploads\/2022\/03\/Untitled-Project-2025-12-02T151316.162.jpg","type":"image\/jpeg"}],"twitter_card":"summary_large_image","twitter_misc":{"Dur\u00e9e de lecture estim\u00e9e":"1 minute"},"schema":{"@context":"https:\/\/schema.org","@graph":[{"@type":"WebPage","@id":"https:\/\/www.hoogstra-autosport.nl\/product\/hjs-cat-fia-50mm\/","url":"https:\/\/www.hoogstra-autosport.nl\/product\/hjs-cat-fia-50mm\/","name":"HJS Cat FIA 50mm - Hoogstra Autosport","isPartOf":{"@id":"https:\/\/www.hoogstra-autosport.nl\/#website"},"primaryImageOfPage":{"@id":"https:\/\/www.hoogstra-autosport.nl\/product\/hjs-cat-fia-50mm\/#primaryimage"},"image":{"@id":"https:\/\/www.hoogstra-autosport.nl\/product\/hjs-cat-fia-50mm\/#primaryimage"},"thumbnailUrl":"https:\/\/www.hoogstra-autosport.nl\/teamkoen\/wp-content\/uploads\/2022\/03\/Untitled-Project-2025-12-02T151316.162.jpg","datePublished":"2021-04-21T12:21:40+00:00","dateModified":"2025-12-02T14:14:45+00:00","breadcrumb":{"@id":"https:\/\/www.hoogstra-autosport.nl\/product\/hjs-cat-fia-50mm\/#breadcrumb"},"inLanguage":"fr-FR","potentialAction":[{"@type":"ReadAction","target":["https:\/\/www.hoogstra-autosport.nl\/product\/hjs-cat-fia-50mm\/"]}]},{"@type":"ImageObject","inLanguage":"fr-FR","@id":"https:\/\/www.hoogstra-autosport.nl\/product\/hjs-cat-fia-50mm\/#primaryimage","url":"https:\/\/www.hoogstra-autosport.nl\/teamkoen\/wp-content\/uploads\/2022\/03\/Untitled-Project-2025-12-02T151316.162.jpg","contentUrl":"https:\/\/www.hoogstra-autosport.nl\/teamkoen\/wp-content\/uploads\/2022\/03\/Untitled-Project-2025-12-02T151316.162.jpg","width":1080,"height":1080},{"@type":"BreadcrumbList","@id":"https:\/\/www.hoogstra-autosport.nl\/product\/hjs-cat-fia-50mm\/#breadcrumb","itemListElement":[{"@type":"ListItem","position":1,"name":"Home","item":"https:\/\/www.hoogstra-autosport.nl\/"},{"@type":"ListItem","position":2,"name":"Motorisch","item":"https:\/\/www.hoogstra-autosport.nl\/product-categorie\/auto-techniek\/"},{"@type":"ListItem","position":3,"name":"Uitlaten &amp; Isolatie &amp; Motor","item":"https:\/\/www.hoogstra-autosport.nl\/product-categorie\/auto-techniek\/motoren-techniek-inlaat-uitlaat\/"},{"@type":"ListItem","position":4,"name":"Dempers &amp; Katalysatoren","item":"https:\/\/www.hoogstra-autosport.nl\/product-categorie\/auto-techniek\/motoren-techniek-inlaat-uitlaat\/uitlaten-en-dempers\/"},{"@type":"ListItem","position":5,"name":"Katalysator - HJS-Powersprint","item":"https:\/\/www.hoogstra-autosport.nl\/product-categorie\/auto-techniek\/motoren-techniek-inlaat-uitlaat\/uitlaten-en-dempers\/katalysator\/"},{"@type":"ListItem","position":6,"name":"HJS Cat FIA 50mm"}]},{"@type":"WebSite","@id":"https:\/\/www.hoogstra-autosport.nl\/#website","url":"https:\/\/www.hoogstra-autosport.nl\/","name":"Hoogstra Autosport","description":"Performance Autosport Parts!","potentialAction":[{"@type":"SearchAction","target":{"@type":"EntryPoint","urlTemplate":"https:\/\/www.hoogstra-autosport.nl\/?s={search_term_string}"},"query-input":{"@type":"PropertyValueSpecification","valueRequired":true,"valueName":"search_term_string"}}],"inLanguage":"fr-FR"}]}},"tiered_pricing_type":"fixed","tiered_pricing_fixed_rules":[],"tiered_pricing_product_settings":{"layout":"default","base_unit_name":{"singular":null,"plural":null},"default_variation":null},"tiered_pricing_minimum_quantity":null,"tiered_pricing_roles_data":[],"tiered_pricing_percentage_rules":[],"tiered_pricing_maximum_quantity":null,"tiered_pricing_quantity_step":null,"_links":{"self":[{"href":"https:\/\/www.hoogstra-autosport.nl\/fr\/wp-json\/wp\/v2\/product\/38693","targetHints":{"allow":["GET"]}}],"collection":[{"href":"https:\/\/www.hoogstra-autosport.nl\/fr\/wp-json\/wp\/v2\/product"}],"about":[{"href":"https:\/\/www.hoogstra-autosport.nl\/fr\/wp-json\/wp\/v2\/types\/product"}],"wp:featuredmedia":[{"embeddable":true,"href":"https:\/\/www.hoogstra-autosport.nl\/fr\/wp-json\/wp\/v2\/media\/94379"}],"wp:attachment":[{"href":"https:\/\/www.hoogstra-autosport.nl\/fr\/wp-json\/wp\/v2\/media?parent=38693"}],"wp:term":[{"taxonomy":"product_brand","embeddable":true,"href":"https:\/\/www.hoogstra-autosport.nl\/fr\/wp-json\/wp\/v2\/product_brand?post=38693"},{"taxonomy":"product_cat","embeddable":true,"href":"https:\/\/www.hoogstra-autosport.nl\/fr\/wp-json\/wp\/v2\/product_cat?post=38693"},{"taxonomy":"product_tag","embeddable":true,"href":"https:\/\/www.hoogstra-autosport.nl\/fr\/wp-json\/wp\/v2\/product_tag?post=38693"}],"curies":[{"name":"wp","href":"https:\/\/api.w.org\/{rel}","templated":true}]}}