{"id":38499,"date":"2021-04-07T14:40:39","date_gmt":"2021-04-07T12:40:39","guid":{"rendered":"https:\/\/www.hoogstra-autosport.nl\/?post_type=product&#038;p=38499"},"modified":"2025-12-22T15:48:08","modified_gmt":"2025-12-22T14:48:08","slug":"omp-champ-r-fia-stoel","status":"publish","type":"product","link":"https:\/\/www.hoogstra-autosport.nl\/fr\/produit\/omp-champ-r-fia-stoel\/","title":{"rendered":"Si\u00e8ge OMP Champ-R FIA"},"content":{"rendered":"<p>OMP CHAMP+R FIA8855-1999 Si\u00e8ge Autosport<\/p>\n<p>Disponible en noir<\/p>\n<p>Chaise FIA en fibre de verre \u00e0 l'\u00e9chelle 1<\/p>\n<p>Approuv\u00e9 par la FIA avec une housse en tissu<\/p>\n<p>\u00c9quip\u00e9 de 5 trous pour la ceinture, adapt\u00e9 au syst\u00e8me HANS<\/p>\n<p>Poids 8,7 KG<\/p>\n<p>Fixation lat\u00e9rale<\/p>\n<p>CHAMP R pour le conducteur de 80-90 kg si\u00e8ge parfaitement adapt\u00e9<\/p>\n<p>Si\u00e8ge en fibre de verre<\/p>\n<p>Les coussins peuvent \u00eatre retir\u00e9s<\/p>\n<p>&nbsp;<\/p>\n<p>&nbsp;<\/p>","protected":false},"excerpt":{"rendered":"<p>OMP CHAMP+R\u00a0 FIA8855-1999 Autosport Stoel Verkrijgbaar in de kleur Zwart FIA Fiberglass Stoel volledig uit 1 schaal Voorzien van FIA keurmerk voorzien van stoffen bekleding Voorzien van 5 gordel gaten\u00a0 HANS systeem geschikt Gewicht 8,7 KG Zijbevestiging CHAMP R\u00a0 voor de coureur van 80-90 kilo perfecte passende stoel Fiberglass seat Kussen kunnen eruit genomen worden [&hellip;]<\/p>\n","protected":false},"featured_media":95788,"template":"","meta":{"_acf_changed":false},"product_brand":[],"product_cat":[2904],"product_tag":[],"class_list":{"0":"post-38499","1":"product","2":"type-product","3":"status-publish","4":"has-post-thumbnail","6":"product_cat-omp-stoelen","7":"product_shipping_class-4018","9":"first","10":"instock","11":"taxable","12":"shipping-taxable","13":"purchasable","14":"product-type-simple"},"acf":[],"yoast_head":"<!-- This site is optimized with the Yoast SEO plugin v27.1.1 - https:\/\/yoast.com\/product\/yoast-seo-wordpress\/ -->\n<title>OMP Champ-R FIA Stoel - Hoogstra Autosport<\/title>\n<meta name=\"robots\" content=\"index, follow, max-snippet:-1, max-image-preview:large, max-video-preview:-1\" \/>\n<link rel=\"canonical\" href=\"https:\/\/www.hoogstra-autosport.nl\/fr\/produit\/omp-champ-r-fia-stoel\/\" \/>\n<meta property=\"og:locale\" content=\"fr_FR\" \/>\n<meta property=\"og:type\" content=\"article\" \/>\n<meta property=\"og:title\" content=\"OMP Champ-R FIA Stoel - Hoogstra Autosport\" \/>\n<meta property=\"og:description\" content=\"OMP CHAMP+R\u00a0 FIA8855-1999 Autosport Stoel Verkrijgbaar in de kleur Zwart FIA Fiberglass Stoel volledig uit 1 schaal Voorzien van FIA keurmerk voorzien van stoffen bekleding Voorzien van 5 gordel gaten\u00a0 HANS systeem geschikt Gewicht 8,7 KG Zijbevestiging CHAMP R\u00a0 voor de coureur van 80-90 kilo perfecte passende stoel Fiberglass seat Kussen kunnen eruit genomen worden [&hellip;]\" \/>\n<meta property=\"og:url\" content=\"https:\/\/www.hoogstra-autosport.nl\/fr\/produit\/omp-champ-r-fia-stoel\/\" \/>\n<meta property=\"og:site_name\" content=\"Hoogstra Autosport\" \/>\n<meta property=\"article:modified_time\" content=\"2025-12-22T14:48:08+00:00\" \/>\n<meta property=\"og:image\" content=\"https:\/\/www.hoogstra-autosport.nl\/teamkoen\/wp-content\/uploads\/2021\/04\/Untitled-Project-2025-12-22T154750.392.jpg\" \/>\n\t<meta property=\"og:image:width\" content=\"1080\" \/>\n\t<meta property=\"og:image:height\" content=\"1080\" \/>\n\t<meta property=\"og:image:type\" content=\"image\/jpeg\" \/>\n<meta name=\"twitter:card\" content=\"summary_large_image\" \/>\n<meta name=\"twitter:label1\" content=\"Dur\u00e9e de lecture estim\u00e9e\" \/>\n\t<meta name=\"twitter:data1\" content=\"1 minute\" \/>\n<script type=\"application\/ld+json\" class=\"yoast-schema-graph\">{\"@context\":\"https:\/\/schema.org\",\"@graph\":[{\"@type\":\"WebPage\",\"@id\":\"https:\/\/www.hoogstra-autosport.nl\/product\/omp-champ-r-fia-stoel\/\",\"url\":\"https:\/\/www.hoogstra-autosport.nl\/product\/omp-champ-r-fia-stoel\/\",\"name\":\"OMP Champ-R FIA Stoel - Hoogstra Autosport\",\"isPartOf\":{\"@id\":\"https:\/\/www.hoogstra-autosport.nl\/#website\"},\"primaryImageOfPage\":{\"@id\":\"https:\/\/www.hoogstra-autosport.nl\/product\/omp-champ-r-fia-stoel\/#primaryimage\"},\"image\":{\"@id\":\"https:\/\/www.hoogstra-autosport.nl\/product\/omp-champ-r-fia-stoel\/#primaryimage\"},\"thumbnailUrl\":\"https:\/\/www.hoogstra-autosport.nl\/teamkoen\/wp-content\/uploads\/2021\/04\/Untitled-Project-2025-12-22T154750.392.jpg\",\"datePublished\":\"2021-04-07T12:40:39+00:00\",\"dateModified\":\"2025-12-22T14:48:08+00:00\",\"breadcrumb\":{\"@id\":\"https:\/\/www.hoogstra-autosport.nl\/product\/omp-champ-r-fia-stoel\/#breadcrumb\"},\"inLanguage\":\"fr-FR\",\"potentialAction\":[{\"@type\":\"ReadAction\",\"target\":[\"https:\/\/www.hoogstra-autosport.nl\/product\/omp-champ-r-fia-stoel\/\"]}]},{\"@type\":\"ImageObject\",\"inLanguage\":\"fr-FR\",\"@id\":\"https:\/\/www.hoogstra-autosport.nl\/product\/omp-champ-r-fia-stoel\/#primaryimage\",\"url\":\"https:\/\/www.hoogstra-autosport.nl\/teamkoen\/wp-content\/uploads\/2021\/04\/Untitled-Project-2025-12-22T154750.392.jpg\",\"contentUrl\":\"https:\/\/www.hoogstra-autosport.nl\/teamkoen\/wp-content\/uploads\/2021\/04\/Untitled-Project-2025-12-22T154750.392.jpg\",\"width\":1080,\"height\":1080},{\"@type\":\"BreadcrumbList\",\"@id\":\"https:\/\/www.hoogstra-autosport.nl\/product\/omp-champ-r-fia-stoel\/#breadcrumb\",\"itemListElement\":[{\"@type\":\"ListItem\",\"position\":1,\"name\":\"Home\",\"item\":\"https:\/\/www.hoogstra-autosport.nl\/\"},{\"@type\":\"ListItem\",\"position\":2,\"name\":\"Interieur\",\"item\":\"https:\/\/www.hoogstra-autosport.nl\/product-categorie\/remmen-brandstof-tanken\/\"},{\"@type\":\"ListItem\",\"position\":3,\"name\":\"Stoelen\",\"item\":\"https:\/\/www.hoogstra-autosport.nl\/product-categorie\/remmen-brandstof-tanken\/stoelen\/\"},{\"@type\":\"ListItem\",\"position\":4,\"name\":\"OMP Stoelen\",\"item\":\"https:\/\/www.hoogstra-autosport.nl\/product-categorie\/remmen-brandstof-tanken\/stoelen\/omp-stoelen\/\"},{\"@type\":\"ListItem\",\"position\":5,\"name\":\"OMP Champ-R FIA Stoel\"}]},{\"@type\":\"WebSite\",\"@id\":\"https:\/\/www.hoogstra-autosport.nl\/#website\",\"url\":\"https:\/\/www.hoogstra-autosport.nl\/\",\"name\":\"Hoogstra Autosport\",\"description\":\"Performance Autosport Parts!\",\"potentialAction\":[{\"@type\":\"SearchAction\",\"target\":{\"@type\":\"EntryPoint\",\"urlTemplate\":\"https:\/\/www.hoogstra-autosport.nl\/?s={search_term_string}\"},\"query-input\":{\"@type\":\"PropertyValueSpecification\",\"valueRequired\":true,\"valueName\":\"search_term_string\"}}],\"inLanguage\":\"fr-FR\"}]}<\/script>\n<!-- \/ Yoast SEO plugin. -->","yoast_head_json":{"title":"OMP Champ-R FIA Stoel - Hoogstra Autosport","robots":{"index":"index","follow":"follow","max-snippet":"max-snippet:-1","max-image-preview":"max-image-preview:large","max-video-preview":"max-video-preview:-1"},"canonical":"https:\/\/www.hoogstra-autosport.nl\/fr\/produit\/omp-champ-r-fia-stoel\/","og_locale":"fr_FR","og_type":"article","og_title":"OMP Champ-R FIA Stoel - Hoogstra Autosport","og_description":"OMP CHAMP+R\u00a0 FIA8855-1999 Autosport Stoel Verkrijgbaar in de kleur Zwart FIA Fiberglass Stoel volledig uit 1 schaal Voorzien van FIA keurmerk voorzien van stoffen bekleding Voorzien van 5 gordel gaten\u00a0 HANS systeem geschikt Gewicht 8,7 KG Zijbevestiging CHAMP R\u00a0 voor de coureur van 80-90 kilo perfecte passende stoel Fiberglass seat Kussen kunnen eruit genomen worden [&hellip;]","og_url":"https:\/\/www.hoogstra-autosport.nl\/fr\/produit\/omp-champ-r-fia-stoel\/","og_site_name":"Hoogstra Autosport","article_modified_time":"2025-12-22T14:48:08+00:00","og_image":[{"width":1080,"height":1080,"url":"https:\/\/www.hoogstra-autosport.nl\/teamkoen\/wp-content\/uploads\/2021\/04\/Untitled-Project-2025-12-22T154750.392.jpg","type":"image\/jpeg"}],"twitter_card":"summary_large_image","twitter_misc":{"Dur\u00e9e de lecture estim\u00e9e":"1 minute"},"schema":{"@context":"https:\/\/schema.org","@graph":[{"@type":"WebPage","@id":"https:\/\/www.hoogstra-autosport.nl\/product\/omp-champ-r-fia-stoel\/","url":"https:\/\/www.hoogstra-autosport.nl\/product\/omp-champ-r-fia-stoel\/","name":"OMP Champ-R FIA Stoel - Hoogstra Autosport","isPartOf":{"@id":"https:\/\/www.hoogstra-autosport.nl\/#website"},"primaryImageOfPage":{"@id":"https:\/\/www.hoogstra-autosport.nl\/product\/omp-champ-r-fia-stoel\/#primaryimage"},"image":{"@id":"https:\/\/www.hoogstra-autosport.nl\/product\/omp-champ-r-fia-stoel\/#primaryimage"},"thumbnailUrl":"https:\/\/www.hoogstra-autosport.nl\/teamkoen\/wp-content\/uploads\/2021\/04\/Untitled-Project-2025-12-22T154750.392.jpg","datePublished":"2021-04-07T12:40:39+00:00","dateModified":"2025-12-22T14:48:08+00:00","breadcrumb":{"@id":"https:\/\/www.hoogstra-autosport.nl\/product\/omp-champ-r-fia-stoel\/#breadcrumb"},"inLanguage":"fr-FR","potentialAction":[{"@type":"ReadAction","target":["https:\/\/www.hoogstra-autosport.nl\/product\/omp-champ-r-fia-stoel\/"]}]},{"@type":"ImageObject","inLanguage":"fr-FR","@id":"https:\/\/www.hoogstra-autosport.nl\/product\/omp-champ-r-fia-stoel\/#primaryimage","url":"https:\/\/www.hoogstra-autosport.nl\/teamkoen\/wp-content\/uploads\/2021\/04\/Untitled-Project-2025-12-22T154750.392.jpg","contentUrl":"https:\/\/www.hoogstra-autosport.nl\/teamkoen\/wp-content\/uploads\/2021\/04\/Untitled-Project-2025-12-22T154750.392.jpg","width":1080,"height":1080},{"@type":"BreadcrumbList","@id":"https:\/\/www.hoogstra-autosport.nl\/product\/omp-champ-r-fia-stoel\/#breadcrumb","itemListElement":[{"@type":"ListItem","position":1,"name":"Home","item":"https:\/\/www.hoogstra-autosport.nl\/"},{"@type":"ListItem","position":2,"name":"Interieur","item":"https:\/\/www.hoogstra-autosport.nl\/product-categorie\/remmen-brandstof-tanken\/"},{"@type":"ListItem","position":3,"name":"Stoelen","item":"https:\/\/www.hoogstra-autosport.nl\/product-categorie\/remmen-brandstof-tanken\/stoelen\/"},{"@type":"ListItem","position":4,"name":"OMP Stoelen","item":"https:\/\/www.hoogstra-autosport.nl\/product-categorie\/remmen-brandstof-tanken\/stoelen\/omp-stoelen\/"},{"@type":"ListItem","position":5,"name":"OMP Champ-R FIA Stoel"}]},{"@type":"WebSite","@id":"https:\/\/www.hoogstra-autosport.nl\/#website","url":"https:\/\/www.hoogstra-autosport.nl\/","name":"Hoogstra Autosport","description":"Performance Autosport Parts!","potentialAction":[{"@type":"SearchAction","target":{"@type":"EntryPoint","urlTemplate":"https:\/\/www.hoogstra-autosport.nl\/?s={search_term_string}"},"query-input":{"@type":"PropertyValueSpecification","valueRequired":true,"valueName":"search_term_string"}}],"inLanguage":"fr-FR"}]}},"tiered_pricing_type":"fixed","tiered_pricing_fixed_rules":[],"tiered_pricing_product_settings":{"layout":"default","base_unit_name":{"singular":null,"plural":null},"default_variation":null},"tiered_pricing_minimum_quantity":null,"tiered_pricing_roles_data":[],"tiered_pricing_percentage_rules":[],"tiered_pricing_maximum_quantity":null,"tiered_pricing_quantity_step":null,"_links":{"self":[{"href":"https:\/\/www.hoogstra-autosport.nl\/fr\/wp-json\/wp\/v2\/product\/38499","targetHints":{"allow":["GET"]}}],"collection":[{"href":"https:\/\/www.hoogstra-autosport.nl\/fr\/wp-json\/wp\/v2\/product"}],"about":[{"href":"https:\/\/www.hoogstra-autosport.nl\/fr\/wp-json\/wp\/v2\/types\/product"}],"wp:featuredmedia":[{"embeddable":true,"href":"https:\/\/www.hoogstra-autosport.nl\/fr\/wp-json\/wp\/v2\/media\/95788"}],"wp:attachment":[{"href":"https:\/\/www.hoogstra-autosport.nl\/fr\/wp-json\/wp\/v2\/media?parent=38499"}],"wp:term":[{"taxonomy":"product_brand","embeddable":true,"href":"https:\/\/www.hoogstra-autosport.nl\/fr\/wp-json\/wp\/v2\/product_brand?post=38499"},{"taxonomy":"product_cat","embeddable":true,"href":"https:\/\/www.hoogstra-autosport.nl\/fr\/wp-json\/wp\/v2\/product_cat?post=38499"},{"taxonomy":"product_tag","embeddable":true,"href":"https:\/\/www.hoogstra-autosport.nl\/fr\/wp-json\/wp\/v2\/product_tag?post=38499"}],"curies":[{"name":"wp","href":"https:\/\/api.w.org\/{rel}","templated":true}]}}