{"id":38051,"date":"2021-03-03T15:21:49","date_gmt":"2021-03-03T14:21:49","guid":{"rendered":"https:\/\/www.hoogstra-autosport.nl\/?post_type=product&#038;p=38051"},"modified":"2025-12-15T10:46:03","modified_gmt":"2025-12-15T09:46:03","slug":"electrisch-remventiel-wilwood","status":"publish","type":"product","link":"https:\/\/www.hoogstra-autosport.nl\/fr\/produit\/electrisch-remventiel-wilwood\/","title":{"rendered":"Valve de frein \u00e9lectrique Wilwood"},"content":{"rendered":"<p>Valve de frein \u00e9lectrique Wilwood<\/p>\n<p>fermeture \u00e9lectrique<\/p>\n<p>&nbsp;<\/p>\n<p>n'est pas un verrou de ligne !<\/p>\n<p>&nbsp;<\/p>\n<p>&nbsp;<\/p>\n<p><span id=\"MainContent_lblMktName2\" class=\"Gray12B\">Vanne d'arr\u00eat - R\u00e9sum\u00e9 du produit<\/span><\/p>\n<p>Cette vanne peut \u00eatre utilis\u00e9e comme dispositif d'arr\u00eat de freinage. Lorsqu'elle est aliment\u00e9e, la valve emp\u00eache la pression d'atteindre l'aval. La valve n'emp\u00eache pas le fluide de retourner au ma\u00eetre-cylindre. Cela \u00e9limine la possibilit\u00e9 d'emprisonner la pression lors de l'activation de la valve. N\u00e9cessite une source d'alimentation \u00e0 fusible de 12 volts, 5 amp\u00e8res (recommand\u00e9) par l'interm\u00e9diaire d'un interrupteur \u00e0 bascule.<\/p>\n<p><strong>Avertissement :<\/strong>\u00a0Il ne s'agit pas d'un assemblage \u00e0 verrouillage de ligne. Ne pas utiliser dans la rue. Veuillez lire la feuille d'instructions\u00a0<a href=\"https:\/\/www.wilwood.com\/PDF\/DataSheets\/ds572.pdf\">DS572<\/a>\u00a0avant de proc\u00e9der \u00e0 l'installation.<\/p>","protected":false},"excerpt":{"rendered":"<p>Wilwood\u00a0 Electrisch Remventiel eletrisch shut off &nbsp; is geen line lock ! &nbsp; &nbsp; Shutoff Valve &#8211; Product Summary This valve can be used as a brake shut-off. When energized, the valve will block pressure from reaching downstream. The valve does not prevent fluid from returning to the master cylinder. This eliminates the possibility of [&hellip;]<\/p>\n","protected":false},"featured_media":95328,"template":"","meta":{"_acf_changed":false},"product_brand":[],"product_cat":[2753],"product_tag":[],"class_list":{"0":"post-38051","1":"product","2":"type-product","3":"status-publish","4":"has-post-thumbnail","6":"product_cat-handremmen","7":"product_shipping_class-4016","9":"first","10":"instock","11":"taxable","12":"shipping-taxable","13":"purchasable","14":"product-type-simple"},"acf":[],"yoast_head":"<!-- This site is optimized with the Yoast SEO plugin v27.1.1 - https:\/\/yoast.com\/product\/yoast-seo-wordpress\/ -->\n<title>Electrisch Remventiel Wilwood - Hoogstra Autosport<\/title>\n<meta name=\"robots\" content=\"index, follow, max-snippet:-1, max-image-preview:large, max-video-preview:-1\" \/>\n<link rel=\"canonical\" href=\"https:\/\/www.hoogstra-autosport.nl\/fr\/produit\/electrisch-remventiel-wilwood\/\" \/>\n<meta property=\"og:locale\" content=\"fr_FR\" \/>\n<meta property=\"og:type\" content=\"article\" \/>\n<meta property=\"og:title\" content=\"Electrisch Remventiel Wilwood - Hoogstra Autosport\" \/>\n<meta property=\"og:description\" content=\"Wilwood\u00a0 Electrisch Remventiel eletrisch shut off &nbsp; is geen line lock ! &nbsp; &nbsp; Shutoff Valve &#8211; Product Summary This valve can be used as a brake shut-off. When energized, the valve will block pressure from reaching downstream. The valve does not prevent fluid from returning to the master cylinder. This eliminates the possibility of [&hellip;]\" \/>\n<meta property=\"og:url\" content=\"https:\/\/www.hoogstra-autosport.nl\/fr\/produit\/electrisch-remventiel-wilwood\/\" \/>\n<meta property=\"og:site_name\" content=\"Hoogstra Autosport\" \/>\n<meta property=\"article:modified_time\" content=\"2025-12-15T09:46:03+00:00\" \/>\n<meta property=\"og:image\" content=\"https:\/\/www.hoogstra-autosport.nl\/teamkoen\/wp-content\/uploads\/2021\/03\/Untitled-Project-2025-12-15T104548.939.jpg\" \/>\n\t<meta property=\"og:image:width\" content=\"1080\" \/>\n\t<meta property=\"og:image:height\" content=\"1080\" \/>\n\t<meta property=\"og:image:type\" content=\"image\/jpeg\" \/>\n<meta name=\"twitter:card\" content=\"summary_large_image\" \/>\n<meta name=\"twitter:label1\" content=\"Dur\u00e9e de lecture estim\u00e9e\" \/>\n\t<meta name=\"twitter:data1\" content=\"1 minute\" \/>\n<script type=\"application\/ld+json\" class=\"yoast-schema-graph\">{\"@context\":\"https:\/\/schema.org\",\"@graph\":[{\"@type\":\"WebPage\",\"@id\":\"https:\/\/www.hoogstra-autosport.nl\/product\/electrisch-remventiel-wilwood\/\",\"url\":\"https:\/\/www.hoogstra-autosport.nl\/product\/electrisch-remventiel-wilwood\/\",\"name\":\"Electrisch Remventiel Wilwood - Hoogstra Autosport\",\"isPartOf\":{\"@id\":\"https:\/\/www.hoogstra-autosport.nl\/#website\"},\"primaryImageOfPage\":{\"@id\":\"https:\/\/www.hoogstra-autosport.nl\/product\/electrisch-remventiel-wilwood\/#primaryimage\"},\"image\":{\"@id\":\"https:\/\/www.hoogstra-autosport.nl\/product\/electrisch-remventiel-wilwood\/#primaryimage\"},\"thumbnailUrl\":\"https:\/\/www.hoogstra-autosport.nl\/teamkoen\/wp-content\/uploads\/2021\/03\/Untitled-Project-2025-12-15T104548.939.jpg\",\"datePublished\":\"2021-03-03T14:21:49+00:00\",\"dateModified\":\"2025-12-15T09:46:03+00:00\",\"breadcrumb\":{\"@id\":\"https:\/\/www.hoogstra-autosport.nl\/product\/electrisch-remventiel-wilwood\/#breadcrumb\"},\"inLanguage\":\"fr-FR\",\"potentialAction\":[{\"@type\":\"ReadAction\",\"target\":[\"https:\/\/www.hoogstra-autosport.nl\/product\/electrisch-remventiel-wilwood\/\"]}]},{\"@type\":\"ImageObject\",\"inLanguage\":\"fr-FR\",\"@id\":\"https:\/\/www.hoogstra-autosport.nl\/product\/electrisch-remventiel-wilwood\/#primaryimage\",\"url\":\"https:\/\/www.hoogstra-autosport.nl\/teamkoen\/wp-content\/uploads\/2021\/03\/Untitled-Project-2025-12-15T104548.939.jpg\",\"contentUrl\":\"https:\/\/www.hoogstra-autosport.nl\/teamkoen\/wp-content\/uploads\/2021\/03\/Untitled-Project-2025-12-15T104548.939.jpg\",\"width\":1080,\"height\":1080},{\"@type\":\"BreadcrumbList\",\"@id\":\"https:\/\/www.hoogstra-autosport.nl\/product\/electrisch-remventiel-wilwood\/#breadcrumb\",\"itemListElement\":[{\"@type\":\"ListItem\",\"position\":1,\"name\":\"Home\",\"item\":\"https:\/\/www.hoogstra-autosport.nl\/\"},{\"@type\":\"ListItem\",\"position\":2,\"name\":\"Remmen\",\"item\":\"https:\/\/www.hoogstra-autosport.nl\/product-categorie\/remmen-2\/\"},{\"@type\":\"ListItem\",\"position\":3,\"name\":\"Handremmen\",\"item\":\"https:\/\/www.hoogstra-autosport.nl\/product-categorie\/remmen-2\/handremmen\/\"},{\"@type\":\"ListItem\",\"position\":4,\"name\":\"Electrisch Remventiel Wilwood\"}]},{\"@type\":\"WebSite\",\"@id\":\"https:\/\/www.hoogstra-autosport.nl\/#website\",\"url\":\"https:\/\/www.hoogstra-autosport.nl\/\",\"name\":\"Hoogstra Autosport\",\"description\":\"Performance Autosport Parts!\",\"potentialAction\":[{\"@type\":\"SearchAction\",\"target\":{\"@type\":\"EntryPoint\",\"urlTemplate\":\"https:\/\/www.hoogstra-autosport.nl\/?s={search_term_string}\"},\"query-input\":{\"@type\":\"PropertyValueSpecification\",\"valueRequired\":true,\"valueName\":\"search_term_string\"}}],\"inLanguage\":\"fr-FR\"}]}<\/script>\n<!-- \/ Yoast SEO plugin. -->","yoast_head_json":{"title":"Electrisch Remventiel Wilwood - Hoogstra Autosport","robots":{"index":"index","follow":"follow","max-snippet":"max-snippet:-1","max-image-preview":"max-image-preview:large","max-video-preview":"max-video-preview:-1"},"canonical":"https:\/\/www.hoogstra-autosport.nl\/fr\/produit\/electrisch-remventiel-wilwood\/","og_locale":"fr_FR","og_type":"article","og_title":"Electrisch Remventiel Wilwood - Hoogstra Autosport","og_description":"Wilwood\u00a0 Electrisch Remventiel eletrisch shut off &nbsp; is geen line lock ! &nbsp; &nbsp; Shutoff Valve &#8211; Product Summary This valve can be used as a brake shut-off. When energized, the valve will block pressure from reaching downstream. The valve does not prevent fluid from returning to the master cylinder. This eliminates the possibility of [&hellip;]","og_url":"https:\/\/www.hoogstra-autosport.nl\/fr\/produit\/electrisch-remventiel-wilwood\/","og_site_name":"Hoogstra Autosport","article_modified_time":"2025-12-15T09:46:03+00:00","og_image":[{"width":1080,"height":1080,"url":"https:\/\/www.hoogstra-autosport.nl\/teamkoen\/wp-content\/uploads\/2021\/03\/Untitled-Project-2025-12-15T104548.939.jpg","type":"image\/jpeg"}],"twitter_card":"summary_large_image","twitter_misc":{"Dur\u00e9e de lecture estim\u00e9e":"1 minute"},"schema":{"@context":"https:\/\/schema.org","@graph":[{"@type":"WebPage","@id":"https:\/\/www.hoogstra-autosport.nl\/product\/electrisch-remventiel-wilwood\/","url":"https:\/\/www.hoogstra-autosport.nl\/product\/electrisch-remventiel-wilwood\/","name":"Electrisch Remventiel Wilwood - Hoogstra Autosport","isPartOf":{"@id":"https:\/\/www.hoogstra-autosport.nl\/#website"},"primaryImageOfPage":{"@id":"https:\/\/www.hoogstra-autosport.nl\/product\/electrisch-remventiel-wilwood\/#primaryimage"},"image":{"@id":"https:\/\/www.hoogstra-autosport.nl\/product\/electrisch-remventiel-wilwood\/#primaryimage"},"thumbnailUrl":"https:\/\/www.hoogstra-autosport.nl\/teamkoen\/wp-content\/uploads\/2021\/03\/Untitled-Project-2025-12-15T104548.939.jpg","datePublished":"2021-03-03T14:21:49+00:00","dateModified":"2025-12-15T09:46:03+00:00","breadcrumb":{"@id":"https:\/\/www.hoogstra-autosport.nl\/product\/electrisch-remventiel-wilwood\/#breadcrumb"},"inLanguage":"fr-FR","potentialAction":[{"@type":"ReadAction","target":["https:\/\/www.hoogstra-autosport.nl\/product\/electrisch-remventiel-wilwood\/"]}]},{"@type":"ImageObject","inLanguage":"fr-FR","@id":"https:\/\/www.hoogstra-autosport.nl\/product\/electrisch-remventiel-wilwood\/#primaryimage","url":"https:\/\/www.hoogstra-autosport.nl\/teamkoen\/wp-content\/uploads\/2021\/03\/Untitled-Project-2025-12-15T104548.939.jpg","contentUrl":"https:\/\/www.hoogstra-autosport.nl\/teamkoen\/wp-content\/uploads\/2021\/03\/Untitled-Project-2025-12-15T104548.939.jpg","width":1080,"height":1080},{"@type":"BreadcrumbList","@id":"https:\/\/www.hoogstra-autosport.nl\/product\/electrisch-remventiel-wilwood\/#breadcrumb","itemListElement":[{"@type":"ListItem","position":1,"name":"Home","item":"https:\/\/www.hoogstra-autosport.nl\/"},{"@type":"ListItem","position":2,"name":"Remmen","item":"https:\/\/www.hoogstra-autosport.nl\/product-categorie\/remmen-2\/"},{"@type":"ListItem","position":3,"name":"Handremmen","item":"https:\/\/www.hoogstra-autosport.nl\/product-categorie\/remmen-2\/handremmen\/"},{"@type":"ListItem","position":4,"name":"Electrisch Remventiel Wilwood"}]},{"@type":"WebSite","@id":"https:\/\/www.hoogstra-autosport.nl\/#website","url":"https:\/\/www.hoogstra-autosport.nl\/","name":"Hoogstra Autosport","description":"Performance Autosport Parts!","potentialAction":[{"@type":"SearchAction","target":{"@type":"EntryPoint","urlTemplate":"https:\/\/www.hoogstra-autosport.nl\/?s={search_term_string}"},"query-input":{"@type":"PropertyValueSpecification","valueRequired":true,"valueName":"search_term_string"}}],"inLanguage":"fr-FR"}]}},"tiered_pricing_type":"fixed","tiered_pricing_fixed_rules":[],"tiered_pricing_product_settings":{"layout":"default","base_unit_name":{"singular":null,"plural":null},"default_variation":null},"tiered_pricing_minimum_quantity":null,"tiered_pricing_roles_data":[],"tiered_pricing_percentage_rules":[],"tiered_pricing_maximum_quantity":null,"tiered_pricing_quantity_step":null,"_links":{"self":[{"href":"https:\/\/www.hoogstra-autosport.nl\/fr\/wp-json\/wp\/v2\/product\/38051","targetHints":{"allow":["GET"]}}],"collection":[{"href":"https:\/\/www.hoogstra-autosport.nl\/fr\/wp-json\/wp\/v2\/product"}],"about":[{"href":"https:\/\/www.hoogstra-autosport.nl\/fr\/wp-json\/wp\/v2\/types\/product"}],"wp:featuredmedia":[{"embeddable":true,"href":"https:\/\/www.hoogstra-autosport.nl\/fr\/wp-json\/wp\/v2\/media\/95328"}],"wp:attachment":[{"href":"https:\/\/www.hoogstra-autosport.nl\/fr\/wp-json\/wp\/v2\/media?parent=38051"}],"wp:term":[{"taxonomy":"product_brand","embeddable":true,"href":"https:\/\/www.hoogstra-autosport.nl\/fr\/wp-json\/wp\/v2\/product_brand?post=38051"},{"taxonomy":"product_cat","embeddable":true,"href":"https:\/\/www.hoogstra-autosport.nl\/fr\/wp-json\/wp\/v2\/product_cat?post=38051"},{"taxonomy":"product_tag","embeddable":true,"href":"https:\/\/www.hoogstra-autosport.nl\/fr\/wp-json\/wp\/v2\/product_tag?post=38051"}],"curies":[{"name":"wp","href":"https:\/\/api.w.org\/{rel}","templated":true}]}}