{"id":37165,"date":"2021-01-26T21:05:56","date_gmt":"2021-01-26T20:05:56","guid":{"rendered":"https:\/\/www.hoogstra-autosport.nl\/?post_type=product&#038;p=37165"},"modified":"2024-01-22T11:35:34","modified_gmt":"2024-01-22T10:35:34","slug":"sparco-tide-handschoenen-fia-blauw","status":"publish","type":"product","link":"https:\/\/www.hoogstra-autosport.nl\/fr\/produit\/sparco-tide-handschoenen-fia-blauw\/","title":{"rendered":"Gants Sparco Tide FIA Bleu"},"content":{"rendered":"<p>R\u00e9volutionnaire, innovant et pratique sont les termes qui d\u00e9crivent le mieux les caract\u00e9ristiques du gant Sparco TIDE. La forme ergonomique de la paume et les coutures ext\u00e9rieures garantissent un excellent confort. La paume, recouverte des meilleurs crampons en forme de ventouse, en mat\u00e9riau sp\u00e9cial 3D HTX, assure une adh\u00e9rence optimale et absorbe les chocs et les vibrations sur le guidon qui se produisent lors d'une course ou d'un rallye.<\/p>","protected":false},"excerpt":{"rendered":"<p>Revolutionair, innovatief en praktisch zijn de termen die de karakteristieke eigenschappen van de Sparco TIDE handschoen het beste omschrijven. Ergonomisch voorgevormde handpalm en externe naden zorgen voor een zeer goed draagcomfort. De handpalm, bekleed met de fijnste zuignapachtige noppen, gemaakt van speciaal HTX-materiaal in 3D, zorgt voor optimale grip en absorbeert schokken en trillingen op [&hellip;]<\/p>\n","protected":false},"featured_media":37167,"template":"","meta":{"_acf_changed":false},"product_brand":[],"product_cat":[3943,4081],"product_tag":[],"class_list":{"0":"post-37165","1":"product","2":"type-product","3":"status-publish","4":"has-post-thumbnail","6":"product_cat-sparco-handschoenen-fia","7":"product_cat-sparco","8":"product_shipping_class-4016","10":"first","11":"instock","12":"taxable","13":"shipping-taxable","14":"purchasable","15":"product-type-variable"},"acf":[],"yoast_head":"<!-- This site is optimized with the Yoast SEO plugin v27.1.1 - https:\/\/yoast.com\/product\/yoast-seo-wordpress\/ -->\n<title>Sparco Tide Handschoenen FIA Blauw - Hoogstra Autosport<\/title>\n<meta name=\"robots\" content=\"index, follow, max-snippet:-1, max-image-preview:large, max-video-preview:-1\" \/>\n<link rel=\"canonical\" href=\"https:\/\/www.hoogstra-autosport.nl\/fr\/produit\/sparco-tide-handschoenen-fia-blauw\/\" \/>\n<meta property=\"og:locale\" content=\"fr_FR\" \/>\n<meta property=\"og:type\" content=\"article\" \/>\n<meta property=\"og:title\" content=\"Sparco Tide Handschoenen FIA Blauw - Hoogstra Autosport\" \/>\n<meta property=\"og:description\" content=\"Revolutionair, innovatief en praktisch zijn de termen die de karakteristieke eigenschappen van de Sparco TIDE handschoen het beste omschrijven. Ergonomisch voorgevormde handpalm en externe naden zorgen voor een zeer goed draagcomfort. De handpalm, bekleed met de fijnste zuignapachtige noppen, gemaakt van speciaal HTX-materiaal in 3D, zorgt voor optimale grip en absorbeert schokken en trillingen op [&hellip;]\" \/>\n<meta property=\"og:url\" content=\"https:\/\/www.hoogstra-autosport.nl\/fr\/produit\/sparco-tide-handschoenen-fia-blauw\/\" \/>\n<meta property=\"og:site_name\" content=\"Hoogstra Autosport\" \/>\n<meta property=\"article:modified_time\" content=\"2024-01-22T10:35:34+00:00\" \/>\n<meta property=\"og:image\" content=\"https:\/\/www.hoogstra-autosport.nl\/teamkoen\/content\/uploads\/2021\/01\/thumbnail_IMG_1993.jpg\" \/>\n\t<meta property=\"og:image:width\" content=\"750\" \/>\n\t<meta property=\"og:image:height\" content=\"750\" \/>\n\t<meta property=\"og:image:type\" content=\"image\/jpeg\" \/>\n<meta name=\"twitter:card\" content=\"summary_large_image\" \/>\n<meta name=\"twitter:label1\" content=\"Dur\u00e9e de lecture estim\u00e9e\" \/>\n\t<meta name=\"twitter:data1\" content=\"1 minute\" \/>\n<script type=\"application\/ld+json\" class=\"yoast-schema-graph\">{\"@context\":\"https:\/\/schema.org\",\"@graph\":[{\"@type\":\"WebPage\",\"@id\":\"https:\/\/www.hoogstra-autosport.nl\/product\/sparco-tide-handschoenen-fia-blauw\/\",\"url\":\"https:\/\/www.hoogstra-autosport.nl\/product\/sparco-tide-handschoenen-fia-blauw\/\",\"name\":\"Sparco Tide Handschoenen FIA Blauw - Hoogstra Autosport\",\"isPartOf\":{\"@id\":\"https:\/\/www.hoogstra-autosport.nl\/#website\"},\"primaryImageOfPage\":{\"@id\":\"https:\/\/www.hoogstra-autosport.nl\/product\/sparco-tide-handschoenen-fia-blauw\/#primaryimage\"},\"image\":{\"@id\":\"https:\/\/www.hoogstra-autosport.nl\/product\/sparco-tide-handschoenen-fia-blauw\/#primaryimage\"},\"thumbnailUrl\":\"https:\/\/www.hoogstra-autosport.nl\/teamkoen\/wp-content\/uploads\/2021\/01\/thumbnail_IMG_1993.jpg\",\"datePublished\":\"2021-01-26T20:05:56+00:00\",\"dateModified\":\"2024-01-22T10:35:34+00:00\",\"breadcrumb\":{\"@id\":\"https:\/\/www.hoogstra-autosport.nl\/product\/sparco-tide-handschoenen-fia-blauw\/#breadcrumb\"},\"inLanguage\":\"fr-FR\",\"potentialAction\":[{\"@type\":\"ReadAction\",\"target\":[\"https:\/\/www.hoogstra-autosport.nl\/product\/sparco-tide-handschoenen-fia-blauw\/\"]}]},{\"@type\":\"ImageObject\",\"inLanguage\":\"fr-FR\",\"@id\":\"https:\/\/www.hoogstra-autosport.nl\/product\/sparco-tide-handschoenen-fia-blauw\/#primaryimage\",\"url\":\"https:\/\/www.hoogstra-autosport.nl\/teamkoen\/wp-content\/uploads\/2021\/01\/thumbnail_IMG_1993.jpg\",\"contentUrl\":\"https:\/\/www.hoogstra-autosport.nl\/teamkoen\/wp-content\/uploads\/2021\/01\/thumbnail_IMG_1993.jpg\",\"width\":750,\"height\":750},{\"@type\":\"BreadcrumbList\",\"@id\":\"https:\/\/www.hoogstra-autosport.nl\/product\/sparco-tide-handschoenen-fia-blauw\/#breadcrumb\",\"itemListElement\":[{\"@type\":\"ListItem\",\"position\":1,\"name\":\"Home\",\"item\":\"https:\/\/www.hoogstra-autosport.nl\/\"},{\"@type\":\"ListItem\",\"position\":2,\"name\":\"Uitrusting\",\"item\":\"https:\/\/www.hoogstra-autosport.nl\/product-categorie\/autosport-kleding-helmen\/\"},{\"@type\":\"ListItem\",\"position\":3,\"name\":\"Autosport Kleding\",\"item\":\"https:\/\/www.hoogstra-autosport.nl\/product-categorie\/autosport-kleding-helmen\/autosport-kleding\/\"},{\"@type\":\"ListItem\",\"position\":4,\"name\":\"Handschoenen\",\"item\":\"https:\/\/www.hoogstra-autosport.nl\/product-categorie\/autosport-kleding-helmen\/autosport-kleding\/handschoenen-2\/\"},{\"@type\":\"ListItem\",\"position\":5,\"name\":\"FIA Handschoenen Sparco\",\"item\":\"https:\/\/www.hoogstra-autosport.nl\/product-categorie\/autosport-kleding-helmen\/autosport-kleding\/handschoenen-2\/sparco-handschoenen-fia\/\"},{\"@type\":\"ListItem\",\"position\":6,\"name\":\"Sparco Tide Handschoenen FIA Blauw\"}]},{\"@type\":\"WebSite\",\"@id\":\"https:\/\/www.hoogstra-autosport.nl\/#website\",\"url\":\"https:\/\/www.hoogstra-autosport.nl\/\",\"name\":\"Hoogstra Autosport\",\"description\":\"Performance Autosport Parts!\",\"potentialAction\":[{\"@type\":\"SearchAction\",\"target\":{\"@type\":\"EntryPoint\",\"urlTemplate\":\"https:\/\/www.hoogstra-autosport.nl\/?s={search_term_string}\"},\"query-input\":{\"@type\":\"PropertyValueSpecification\",\"valueRequired\":true,\"valueName\":\"search_term_string\"}}],\"inLanguage\":\"fr-FR\"}]}<\/script>\n<!-- \/ Yoast SEO plugin. -->","yoast_head_json":{"title":"Sparco Tide Handschoenen FIA Blauw - Hoogstra Autosport","robots":{"index":"index","follow":"follow","max-snippet":"max-snippet:-1","max-image-preview":"max-image-preview:large","max-video-preview":"max-video-preview:-1"},"canonical":"https:\/\/www.hoogstra-autosport.nl\/fr\/produit\/sparco-tide-handschoenen-fia-blauw\/","og_locale":"fr_FR","og_type":"article","og_title":"Sparco Tide Handschoenen FIA Blauw - Hoogstra Autosport","og_description":"Revolutionair, innovatief en praktisch zijn de termen die de karakteristieke eigenschappen van de Sparco TIDE handschoen het beste omschrijven. Ergonomisch voorgevormde handpalm en externe naden zorgen voor een zeer goed draagcomfort. De handpalm, bekleed met de fijnste zuignapachtige noppen, gemaakt van speciaal HTX-materiaal in 3D, zorgt voor optimale grip en absorbeert schokken en trillingen op [&hellip;]","og_url":"https:\/\/www.hoogstra-autosport.nl\/fr\/produit\/sparco-tide-handschoenen-fia-blauw\/","og_site_name":"Hoogstra Autosport","article_modified_time":"2024-01-22T10:35:34+00:00","og_image":[{"width":750,"height":750,"url":"https:\/\/www.hoogstra-autosport.nl\/teamkoen\/content\/uploads\/2021\/01\/thumbnail_IMG_1993.jpg","type":"image\/jpeg"}],"twitter_card":"summary_large_image","twitter_misc":{"Dur\u00e9e de lecture estim\u00e9e":"1 minute"},"schema":{"@context":"https:\/\/schema.org","@graph":[{"@type":"WebPage","@id":"https:\/\/www.hoogstra-autosport.nl\/product\/sparco-tide-handschoenen-fia-blauw\/","url":"https:\/\/www.hoogstra-autosport.nl\/product\/sparco-tide-handschoenen-fia-blauw\/","name":"Sparco Tide Handschoenen FIA Blauw - Hoogstra Autosport","isPartOf":{"@id":"https:\/\/www.hoogstra-autosport.nl\/#website"},"primaryImageOfPage":{"@id":"https:\/\/www.hoogstra-autosport.nl\/product\/sparco-tide-handschoenen-fia-blauw\/#primaryimage"},"image":{"@id":"https:\/\/www.hoogstra-autosport.nl\/product\/sparco-tide-handschoenen-fia-blauw\/#primaryimage"},"thumbnailUrl":"https:\/\/www.hoogstra-autosport.nl\/teamkoen\/wp-content\/uploads\/2021\/01\/thumbnail_IMG_1993.jpg","datePublished":"2021-01-26T20:05:56+00:00","dateModified":"2024-01-22T10:35:34+00:00","breadcrumb":{"@id":"https:\/\/www.hoogstra-autosport.nl\/product\/sparco-tide-handschoenen-fia-blauw\/#breadcrumb"},"inLanguage":"fr-FR","potentialAction":[{"@type":"ReadAction","target":["https:\/\/www.hoogstra-autosport.nl\/product\/sparco-tide-handschoenen-fia-blauw\/"]}]},{"@type":"ImageObject","inLanguage":"fr-FR","@id":"https:\/\/www.hoogstra-autosport.nl\/product\/sparco-tide-handschoenen-fia-blauw\/#primaryimage","url":"https:\/\/www.hoogstra-autosport.nl\/teamkoen\/wp-content\/uploads\/2021\/01\/thumbnail_IMG_1993.jpg","contentUrl":"https:\/\/www.hoogstra-autosport.nl\/teamkoen\/wp-content\/uploads\/2021\/01\/thumbnail_IMG_1993.jpg","width":750,"height":750},{"@type":"BreadcrumbList","@id":"https:\/\/www.hoogstra-autosport.nl\/product\/sparco-tide-handschoenen-fia-blauw\/#breadcrumb","itemListElement":[{"@type":"ListItem","position":1,"name":"Home","item":"https:\/\/www.hoogstra-autosport.nl\/"},{"@type":"ListItem","position":2,"name":"Uitrusting","item":"https:\/\/www.hoogstra-autosport.nl\/product-categorie\/autosport-kleding-helmen\/"},{"@type":"ListItem","position":3,"name":"Autosport Kleding","item":"https:\/\/www.hoogstra-autosport.nl\/product-categorie\/autosport-kleding-helmen\/autosport-kleding\/"},{"@type":"ListItem","position":4,"name":"Handschoenen","item":"https:\/\/www.hoogstra-autosport.nl\/product-categorie\/autosport-kleding-helmen\/autosport-kleding\/handschoenen-2\/"},{"@type":"ListItem","position":5,"name":"FIA Handschoenen Sparco","item":"https:\/\/www.hoogstra-autosport.nl\/product-categorie\/autosport-kleding-helmen\/autosport-kleding\/handschoenen-2\/sparco-handschoenen-fia\/"},{"@type":"ListItem","position":6,"name":"Sparco Tide Handschoenen FIA Blauw"}]},{"@type":"WebSite","@id":"https:\/\/www.hoogstra-autosport.nl\/#website","url":"https:\/\/www.hoogstra-autosport.nl\/","name":"Hoogstra Autosport","description":"Performance Autosport Parts!","potentialAction":[{"@type":"SearchAction","target":{"@type":"EntryPoint","urlTemplate":"https:\/\/www.hoogstra-autosport.nl\/?s={search_term_string}"},"query-input":{"@type":"PropertyValueSpecification","valueRequired":true,"valueName":"search_term_string"}}],"inLanguage":"fr-FR"}]}},"tiered_pricing_type":"fixed","tiered_pricing_fixed_rules":[],"tiered_pricing_product_settings":{"layout":"default","base_unit_name":{"singular":null,"plural":null},"default_variation":null},"tiered_pricing_minimum_quantity":null,"tiered_pricing_roles_data":[],"tiered_pricing_percentage_rules":[],"tiered_pricing_maximum_quantity":null,"tiered_pricing_quantity_step":null,"_links":{"self":[{"href":"https:\/\/www.hoogstra-autosport.nl\/fr\/wp-json\/wp\/v2\/product\/37165","targetHints":{"allow":["GET"]}}],"collection":[{"href":"https:\/\/www.hoogstra-autosport.nl\/fr\/wp-json\/wp\/v2\/product"}],"about":[{"href":"https:\/\/www.hoogstra-autosport.nl\/fr\/wp-json\/wp\/v2\/types\/product"}],"wp:featuredmedia":[{"embeddable":true,"href":"https:\/\/www.hoogstra-autosport.nl\/fr\/wp-json\/wp\/v2\/media\/37167"}],"wp:attachment":[{"href":"https:\/\/www.hoogstra-autosport.nl\/fr\/wp-json\/wp\/v2\/media?parent=37165"}],"wp:term":[{"taxonomy":"product_brand","embeddable":true,"href":"https:\/\/www.hoogstra-autosport.nl\/fr\/wp-json\/wp\/v2\/product_brand?post=37165"},{"taxonomy":"product_cat","embeddable":true,"href":"https:\/\/www.hoogstra-autosport.nl\/fr\/wp-json\/wp\/v2\/product_cat?post=37165"},{"taxonomy":"product_tag","embeddable":true,"href":"https:\/\/www.hoogstra-autosport.nl\/fr\/wp-json\/wp\/v2\/product_tag?post=37165"}],"curies":[{"name":"wp","href":"https:\/\/api.w.org\/{rel}","templated":true}]}}