{"id":36929,"date":"2021-01-26T13:31:17","date_gmt":"2021-01-26T12:31:17","guid":{"rendered":"https:\/\/www.hoogstra-autosport.nl\/?post_type=product&#038;p=36929"},"modified":"2026-02-16T15:57:30","modified_gmt":"2026-02-16T14:57:30","slug":"scott-primal-clear-wit-mondstuk-roll-off","status":"publish","type":"product","link":"https:\/\/www.hoogstra-autosport.nl\/fr\/produit\/scott-primal-clear-wit-mondstuk-roll-off\/","title":{"rendered":"Scott Primal White + Embout + Roll Off"},"content":{"rendered":"<p>Le masque SCOTT Primal est le dernier n\u00e9 de la gamme de masques tout-terrain SCOTT.<\/p>\n<p>Avec un m\u00e9lange parfait de simplicit\u00e9 et de style, ces lunettes sont id\u00e9ales pour les d\u00e9butants et les cyclistes exp\u00e9riment\u00e9s dont le budget est limit\u00e9.<\/p>\n<p>Avec des caract\u00e9ristiques telles que la mousse faciale \u00e0 2 couches et le traitement antibu\u00e9e NoFog\u2122 des lentilles, le Primal suit les traces de ses grands fr\u00e8res, le Prospect et le Fury.<\/p>\n<p>&nbsp;<\/p>\n<p>Equip\u00e9 d'un syst\u00e8me d'\u00e9vacuation par roulage de R&amp;R, le meilleur qui soit !<\/p>\n<p>Jolies lunettes pour l'autocross et le offroad avec un casque ouvert<\/p>\n<p>protection totale<\/p>","protected":false},"excerpt":{"rendered":"<p>De SCOTT Primal Goggle is de nieuwste toevoeging aan de SCOTT off-road goggle range. Met zijn perfecte mix van eenvoud en stijl is deze bril ideaal voor nieuwkomers en ervaren rijders met een beperkt budget. Met functies zoals 2-laags gezichtsschuim en NoFog\u2122 Anti-Fog lens behandeling, de Primal volgt in de voetsporen van zijn grote broers, [&hellip;]<\/p>\n","protected":false},"featured_media":87502,"template":"","meta":{"_acf_changed":false},"product_brand":[],"product_cat":[2708],"product_tag":[],"class_list":{"0":"post-36929","1":"product","2":"type-product","3":"status-publish","4":"has-post-thumbnail","6":"product_cat-fullmask-crossbrillen","7":"product_shipping_class-4016","9":"first","10":"instock","11":"taxable","12":"shipping-taxable","13":"purchasable","14":"product-type-variable"},"acf":[],"yoast_head":"<!-- This site is optimized with the Yoast SEO plugin v27.1.1 - https:\/\/yoast.com\/product\/yoast-seo-wordpress\/ -->\n<title>Scott Primal Wit + Mondstuk + Roll Off - Hoogstra Autosport<\/title>\n<meta name=\"robots\" content=\"index, follow, max-snippet:-1, max-image-preview:large, max-video-preview:-1\" \/>\n<link rel=\"canonical\" href=\"https:\/\/www.hoogstra-autosport.nl\/fr\/produit\/scott-primal-clear-wit-mondstuk-roll-off\/\" \/>\n<meta property=\"og:locale\" content=\"fr_FR\" \/>\n<meta property=\"og:type\" content=\"article\" \/>\n<meta property=\"og:title\" content=\"Scott Primal Wit + Mondstuk + Roll Off - Hoogstra Autosport\" \/>\n<meta property=\"og:description\" content=\"De SCOTT Primal Goggle is de nieuwste toevoeging aan de SCOTT off-road goggle range. Met zijn perfecte mix van eenvoud en stijl is deze bril ideaal voor nieuwkomers en ervaren rijders met een beperkt budget. Met functies zoals 2-laags gezichtsschuim en NoFog\u2122 Anti-Fog lens behandeling, de Primal volgt in de voetsporen van zijn grote broers, [&hellip;]\" \/>\n<meta property=\"og:url\" content=\"https:\/\/www.hoogstra-autosport.nl\/fr\/produit\/scott-primal-clear-wit-mondstuk-roll-off\/\" \/>\n<meta property=\"og:site_name\" content=\"Hoogstra Autosport\" \/>\n<meta property=\"article:modified_time\" content=\"2026-02-16T14:57:30+00:00\" \/>\n<meta property=\"og:image\" content=\"https:\/\/www.hoogstra-autosport.nl\/teamkoen\/wp-content\/uploads\/2021\/01\/processed-23047415-1724-4321-989E-A13F73AA723A.jpeg\" \/>\n\t<meta property=\"og:image:width\" content=\"1870\" \/>\n\t<meta property=\"og:image:height\" content=\"1870\" \/>\n\t<meta property=\"og:image:type\" content=\"image\/jpeg\" \/>\n<meta name=\"twitter:card\" content=\"summary_large_image\" \/>\n<meta name=\"twitter:label1\" content=\"Dur\u00e9e de lecture estim\u00e9e\" \/>\n\t<meta name=\"twitter:data1\" content=\"1 minute\" \/>\n<script type=\"application\/ld+json\" class=\"yoast-schema-graph\">{\"@context\":\"https:\/\/schema.org\",\"@graph\":[{\"@type\":\"WebPage\",\"@id\":\"https:\/\/www.hoogstra-autosport.nl\/product\/scott-primal-clear-wit-mondstuk-roll-off\/\",\"url\":\"https:\/\/www.hoogstra-autosport.nl\/product\/scott-primal-clear-wit-mondstuk-roll-off\/\",\"name\":\"Scott Primal Wit + Mondstuk + Roll Off - Hoogstra Autosport\",\"isPartOf\":{\"@id\":\"https:\/\/www.hoogstra-autosport.nl\/#website\"},\"primaryImageOfPage\":{\"@id\":\"https:\/\/www.hoogstra-autosport.nl\/product\/scott-primal-clear-wit-mondstuk-roll-off\/#primaryimage\"},\"image\":{\"@id\":\"https:\/\/www.hoogstra-autosport.nl\/product\/scott-primal-clear-wit-mondstuk-roll-off\/#primaryimage\"},\"thumbnailUrl\":\"https:\/\/www.hoogstra-autosport.nl\/teamkoen\/wp-content\/uploads\/2021\/01\/processed-23047415-1724-4321-989E-A13F73AA723A.jpeg\",\"datePublished\":\"2021-01-26T12:31:17+00:00\",\"dateModified\":\"2026-02-16T14:57:30+00:00\",\"breadcrumb\":{\"@id\":\"https:\/\/www.hoogstra-autosport.nl\/product\/scott-primal-clear-wit-mondstuk-roll-off\/#breadcrumb\"},\"inLanguage\":\"fr-FR\",\"potentialAction\":[{\"@type\":\"ReadAction\",\"target\":[\"https:\/\/www.hoogstra-autosport.nl\/product\/scott-primal-clear-wit-mondstuk-roll-off\/\"]}]},{\"@type\":\"ImageObject\",\"inLanguage\":\"fr-FR\",\"@id\":\"https:\/\/www.hoogstra-autosport.nl\/product\/scott-primal-clear-wit-mondstuk-roll-off\/#primaryimage\",\"url\":\"https:\/\/www.hoogstra-autosport.nl\/teamkoen\/wp-content\/uploads\/2021\/01\/processed-23047415-1724-4321-989E-A13F73AA723A.jpeg\",\"contentUrl\":\"https:\/\/www.hoogstra-autosport.nl\/teamkoen\/wp-content\/uploads\/2021\/01\/processed-23047415-1724-4321-989E-A13F73AA723A.jpeg\",\"width\":1870,\"height\":1870},{\"@type\":\"BreadcrumbList\",\"@id\":\"https:\/\/www.hoogstra-autosport.nl\/product\/scott-primal-clear-wit-mondstuk-roll-off\/#breadcrumb\",\"itemListElement\":[{\"@type\":\"ListItem\",\"position\":1,\"name\":\"Home\",\"item\":\"https:\/\/www.hoogstra-autosport.nl\/\"},{\"@type\":\"ListItem\",\"position\":2,\"name\":\"Uitrusting\",\"item\":\"https:\/\/www.hoogstra-autosport.nl\/product-categorie\/autosport-kleding-helmen\/\"},{\"@type\":\"ListItem\",\"position\":3,\"name\":\"Crossbrillen\",\"item\":\"https:\/\/www.hoogstra-autosport.nl\/product-categorie\/autosport-kleding-helmen\/crossbrillen\/\"},{\"@type\":\"ListItem\",\"position\":4,\"name\":\"Fullmask Crossbrillen\",\"item\":\"https:\/\/www.hoogstra-autosport.nl\/product-categorie\/autosport-kleding-helmen\/crossbrillen\/fullmask-crossbrillen\/\"},{\"@type\":\"ListItem\",\"position\":5,\"name\":\"Scott Primal Wit + Mondstuk + Roll Off\"}]},{\"@type\":\"WebSite\",\"@id\":\"https:\/\/www.hoogstra-autosport.nl\/#website\",\"url\":\"https:\/\/www.hoogstra-autosport.nl\/\",\"name\":\"Hoogstra Autosport\",\"description\":\"Performance Autosport Parts!\",\"potentialAction\":[{\"@type\":\"SearchAction\",\"target\":{\"@type\":\"EntryPoint\",\"urlTemplate\":\"https:\/\/www.hoogstra-autosport.nl\/?s={search_term_string}\"},\"query-input\":{\"@type\":\"PropertyValueSpecification\",\"valueRequired\":true,\"valueName\":\"search_term_string\"}}],\"inLanguage\":\"fr-FR\"}]}<\/script>\n<!-- \/ Yoast SEO plugin. -->","yoast_head_json":{"title":"Scott Primal Wit + Mondstuk + Roll Off - Hoogstra Autosport","robots":{"index":"index","follow":"follow","max-snippet":"max-snippet:-1","max-image-preview":"max-image-preview:large","max-video-preview":"max-video-preview:-1"},"canonical":"https:\/\/www.hoogstra-autosport.nl\/fr\/produit\/scott-primal-clear-wit-mondstuk-roll-off\/","og_locale":"fr_FR","og_type":"article","og_title":"Scott Primal Wit + Mondstuk + Roll Off - Hoogstra Autosport","og_description":"De SCOTT Primal Goggle is de nieuwste toevoeging aan de SCOTT off-road goggle range. Met zijn perfecte mix van eenvoud en stijl is deze bril ideaal voor nieuwkomers en ervaren rijders met een beperkt budget. Met functies zoals 2-laags gezichtsschuim en NoFog\u2122 Anti-Fog lens behandeling, de Primal volgt in de voetsporen van zijn grote broers, [&hellip;]","og_url":"https:\/\/www.hoogstra-autosport.nl\/fr\/produit\/scott-primal-clear-wit-mondstuk-roll-off\/","og_site_name":"Hoogstra Autosport","article_modified_time":"2026-02-16T14:57:30+00:00","og_image":[{"width":1870,"height":1870,"url":"https:\/\/www.hoogstra-autosport.nl\/teamkoen\/wp-content\/uploads\/2021\/01\/processed-23047415-1724-4321-989E-A13F73AA723A.jpeg","type":"image\/jpeg"}],"twitter_card":"summary_large_image","twitter_misc":{"Dur\u00e9e de lecture estim\u00e9e":"1 minute"},"schema":{"@context":"https:\/\/schema.org","@graph":[{"@type":"WebPage","@id":"https:\/\/www.hoogstra-autosport.nl\/product\/scott-primal-clear-wit-mondstuk-roll-off\/","url":"https:\/\/www.hoogstra-autosport.nl\/product\/scott-primal-clear-wit-mondstuk-roll-off\/","name":"Scott Primal Wit + Mondstuk + Roll Off - Hoogstra Autosport","isPartOf":{"@id":"https:\/\/www.hoogstra-autosport.nl\/#website"},"primaryImageOfPage":{"@id":"https:\/\/www.hoogstra-autosport.nl\/product\/scott-primal-clear-wit-mondstuk-roll-off\/#primaryimage"},"image":{"@id":"https:\/\/www.hoogstra-autosport.nl\/product\/scott-primal-clear-wit-mondstuk-roll-off\/#primaryimage"},"thumbnailUrl":"https:\/\/www.hoogstra-autosport.nl\/teamkoen\/wp-content\/uploads\/2021\/01\/processed-23047415-1724-4321-989E-A13F73AA723A.jpeg","datePublished":"2021-01-26T12:31:17+00:00","dateModified":"2026-02-16T14:57:30+00:00","breadcrumb":{"@id":"https:\/\/www.hoogstra-autosport.nl\/product\/scott-primal-clear-wit-mondstuk-roll-off\/#breadcrumb"},"inLanguage":"fr-FR","potentialAction":[{"@type":"ReadAction","target":["https:\/\/www.hoogstra-autosport.nl\/product\/scott-primal-clear-wit-mondstuk-roll-off\/"]}]},{"@type":"ImageObject","inLanguage":"fr-FR","@id":"https:\/\/www.hoogstra-autosport.nl\/product\/scott-primal-clear-wit-mondstuk-roll-off\/#primaryimage","url":"https:\/\/www.hoogstra-autosport.nl\/teamkoen\/wp-content\/uploads\/2021\/01\/processed-23047415-1724-4321-989E-A13F73AA723A.jpeg","contentUrl":"https:\/\/www.hoogstra-autosport.nl\/teamkoen\/wp-content\/uploads\/2021\/01\/processed-23047415-1724-4321-989E-A13F73AA723A.jpeg","width":1870,"height":1870},{"@type":"BreadcrumbList","@id":"https:\/\/www.hoogstra-autosport.nl\/product\/scott-primal-clear-wit-mondstuk-roll-off\/#breadcrumb","itemListElement":[{"@type":"ListItem","position":1,"name":"Home","item":"https:\/\/www.hoogstra-autosport.nl\/"},{"@type":"ListItem","position":2,"name":"Uitrusting","item":"https:\/\/www.hoogstra-autosport.nl\/product-categorie\/autosport-kleding-helmen\/"},{"@type":"ListItem","position":3,"name":"Crossbrillen","item":"https:\/\/www.hoogstra-autosport.nl\/product-categorie\/autosport-kleding-helmen\/crossbrillen\/"},{"@type":"ListItem","position":4,"name":"Fullmask Crossbrillen","item":"https:\/\/www.hoogstra-autosport.nl\/product-categorie\/autosport-kleding-helmen\/crossbrillen\/fullmask-crossbrillen\/"},{"@type":"ListItem","position":5,"name":"Scott Primal Wit + Mondstuk + Roll Off"}]},{"@type":"WebSite","@id":"https:\/\/www.hoogstra-autosport.nl\/#website","url":"https:\/\/www.hoogstra-autosport.nl\/","name":"Hoogstra Autosport","description":"Performance Autosport Parts!","potentialAction":[{"@type":"SearchAction","target":{"@type":"EntryPoint","urlTemplate":"https:\/\/www.hoogstra-autosport.nl\/?s={search_term_string}"},"query-input":{"@type":"PropertyValueSpecification","valueRequired":true,"valueName":"search_term_string"}}],"inLanguage":"fr-FR"}]}},"tiered_pricing_type":"fixed","tiered_pricing_fixed_rules":[],"tiered_pricing_product_settings":{"layout":"default","base_unit_name":{"singular":null,"plural":null},"default_variation":null},"tiered_pricing_minimum_quantity":null,"tiered_pricing_roles_data":[],"tiered_pricing_percentage_rules":[],"tiered_pricing_maximum_quantity":null,"tiered_pricing_quantity_step":null,"_links":{"self":[{"href":"https:\/\/www.hoogstra-autosport.nl\/fr\/wp-json\/wp\/v2\/product\/36929","targetHints":{"allow":["GET"]}}],"collection":[{"href":"https:\/\/www.hoogstra-autosport.nl\/fr\/wp-json\/wp\/v2\/product"}],"about":[{"href":"https:\/\/www.hoogstra-autosport.nl\/fr\/wp-json\/wp\/v2\/types\/product"}],"wp:featuredmedia":[{"embeddable":true,"href":"https:\/\/www.hoogstra-autosport.nl\/fr\/wp-json\/wp\/v2\/media\/87502"}],"wp:attachment":[{"href":"https:\/\/www.hoogstra-autosport.nl\/fr\/wp-json\/wp\/v2\/media?parent=36929"}],"wp:term":[{"taxonomy":"product_brand","embeddable":true,"href":"https:\/\/www.hoogstra-autosport.nl\/fr\/wp-json\/wp\/v2\/product_brand?post=36929"},{"taxonomy":"product_cat","embeddable":true,"href":"https:\/\/www.hoogstra-autosport.nl\/fr\/wp-json\/wp\/v2\/product_cat?post=36929"},{"taxonomy":"product_tag","embeddable":true,"href":"https:\/\/www.hoogstra-autosport.nl\/fr\/wp-json\/wp\/v2\/product_tag?post=36929"}],"curies":[{"name":"wp","href":"https:\/\/api.w.org\/{rel}","templated":true}]}}