{"id":36708,"date":"2021-01-19T13:50:34","date_gmt":"2021-01-19T12:50:34","guid":{"rendered":"https:\/\/www.hoogstra-autosport.nl\/?post_type=product&#038;p=36708"},"modified":"2024-02-29T11:59:34","modified_gmt":"2024-02-29T10:59:34","slug":"kenny-performance-lv4-dubbel-glas-red","status":"publish","type":"product","link":"https:\/\/www.hoogstra-autosport.nl\/fr\/produit\/kenny-performance-lv4-dubbel-glas-red\/","title":{"rendered":"Kenny Performance Lv4 Double verre rouge"},"content":{"rendered":"<p>PERFORMANCE Niveau 4 :<\/p>\n<p>Ces nouvelles lunettes PERFORMANCE proviennent directement de VENTURY. En tant que lunettes VENTURY, leur champ de vision panoramique offre un confort optimal au pilote et lui permet de bien anticiper.<\/p>\n<p>Il est dot\u00e9 d'un \u00e9cran moul\u00e9 inject\u00e9 haute r\u00e9solution qui offre une r\u00e9sistance sup\u00e9rieure aux chocs, avec un cadre flexible et ergonomique. Le cadre est \u00e9galement \u00e9quip\u00e9 d'une mousse absorbante \u00e0 triple densit\u00e9.<\/p>\n<p>Le bandeau en silicone ultra-large peut \u00eatre retir\u00e9 et remont\u00e9 en un seul clic gr\u00e2ce au CLIP SYSTEM\u00ae. Les lunettes sont \u00e9quip\u00e9es de s\u00e9rie d'un prot\u00e8ge-nez amovible et d'un \u00e9cran transparent.<\/p>\n<p>Un design pur, une technologie pure, une PERFORMANCE pure. L'enrouleur Performance est \u00e9quip\u00e9 de s\u00e9rie d'un \u00e9cran transparent \u00e0 fort coefficient antibu\u00e9e et d'un syst\u00e8me d'enroulement XL de la marque Rip 'n' Roll.<\/p>\n<p>Un mod\u00e8le sp\u00e9cialement con\u00e7u pour rouler dans des conditions difficiles et extr\u00eames.<\/p>","protected":false},"excerpt":{"rendered":"<p>PERFORMANCE Level 4: Deze nieuwe PERFORMANCE-bril is rechtstreeks afkomstig van VENTURY. Als VENTURY-bril biedt zijn panoramische gezichtsveld optimaal comfort voor de rijder en geeft hij de rijder een goede anticipatie. Hij heeft een voorgevormd, ge\u00efnjecteerd scherm met hoge resolutie dat een superieure slagvastheid biedt, met een flexibel en ergonomisch frame. Het frame is ook uitgerust [&hellip;]<\/p>\n","protected":false},"featured_media":36709,"template":"","meta":{"_acf_changed":false},"product_brand":[],"product_cat":[4080,4178],"product_tag":[],"class_list":{"0":"post-36708","1":"product","2":"type-product","3":"status-publish","4":"has-post-thumbnail","6":"product_cat-kenny","7":"product_cat-kenny-brillen-delen","8":"product_shipping_class-4016","10":"first","11":"instock","12":"taxable","13":"shipping-taxable","14":"purchasable","15":"product-type-simple"},"acf":[],"yoast_head":"<!-- This site is optimized with the Yoast SEO plugin v27.1.1 - https:\/\/yoast.com\/product\/yoast-seo-wordpress\/ -->\n<title>Kenny Performance Lv4 Dubbel Glas Red - Hoogstra Autosport<\/title>\n<meta name=\"robots\" content=\"index, follow, max-snippet:-1, max-image-preview:large, max-video-preview:-1\" \/>\n<link rel=\"canonical\" href=\"https:\/\/www.hoogstra-autosport.nl\/fr\/produit\/kenny-performance-lv4-dubbel-glas-red\/\" \/>\n<meta property=\"og:locale\" content=\"fr_FR\" \/>\n<meta property=\"og:type\" content=\"article\" \/>\n<meta property=\"og:title\" content=\"Kenny Performance Lv4 Dubbel Glas Red - Hoogstra Autosport\" \/>\n<meta property=\"og:description\" content=\"PERFORMANCE Level 4: Deze nieuwe PERFORMANCE-bril is rechtstreeks afkomstig van VENTURY. Als VENTURY-bril biedt zijn panoramische gezichtsveld optimaal comfort voor de rijder en geeft hij de rijder een goede anticipatie. Hij heeft een voorgevormd, ge\u00efnjecteerd scherm met hoge resolutie dat een superieure slagvastheid biedt, met een flexibel en ergonomisch frame. Het frame is ook uitgerust [&hellip;]\" \/>\n<meta property=\"og:url\" content=\"https:\/\/www.hoogstra-autosport.nl\/fr\/produit\/kenny-performance-lv4-dubbel-glas-red\/\" \/>\n<meta property=\"og:site_name\" content=\"Hoogstra Autosport\" \/>\n<meta property=\"article:modified_time\" content=\"2024-02-29T10:59:34+00:00\" \/>\n<meta property=\"og:image\" content=\"https:\/\/hoogstra-autosport.nl\/teamkoen\/content\/uploads\/2021\/01\/thumbnail_IMG_1784.jpg\" \/>\n\t<meta property=\"og:image:width\" content=\"750\" \/>\n\t<meta property=\"og:image:height\" content=\"750\" \/>\n\t<meta property=\"og:image:type\" content=\"image\/jpeg\" \/>\n<meta name=\"twitter:card\" content=\"summary_large_image\" \/>\n<meta name=\"twitter:label1\" content=\"Dur\u00e9e de lecture estim\u00e9e\" \/>\n\t<meta name=\"twitter:data1\" content=\"1 minute\" \/>\n<script type=\"application\/ld+json\" class=\"yoast-schema-graph\">{\"@context\":\"https:\/\/schema.org\",\"@graph\":[{\"@type\":\"WebPage\",\"@id\":\"https:\/\/www.hoogstra-autosport.nl\/product\/kenny-performance-lv4-dubbel-glas-red\/\",\"url\":\"https:\/\/www.hoogstra-autosport.nl\/product\/kenny-performance-lv4-dubbel-glas-red\/\",\"name\":\"Kenny Performance Lv4 Dubbel Glas Red - Hoogstra Autosport\",\"isPartOf\":{\"@id\":\"https:\/\/www.hoogstra-autosport.nl\/#website\"},\"primaryImageOfPage\":{\"@id\":\"https:\/\/www.hoogstra-autosport.nl\/product\/kenny-performance-lv4-dubbel-glas-red\/#primaryimage\"},\"image\":{\"@id\":\"https:\/\/www.hoogstra-autosport.nl\/product\/kenny-performance-lv4-dubbel-glas-red\/#primaryimage\"},\"thumbnailUrl\":\"https:\/\/www.hoogstra-autosport.nl\/teamkoen\/wp-content\/uploads\/2021\/01\/thumbnail_IMG_1784.jpg\",\"datePublished\":\"2021-01-19T12:50:34+00:00\",\"dateModified\":\"2024-02-29T10:59:34+00:00\",\"breadcrumb\":{\"@id\":\"https:\/\/www.hoogstra-autosport.nl\/product\/kenny-performance-lv4-dubbel-glas-red\/#breadcrumb\"},\"inLanguage\":\"fr-FR\",\"potentialAction\":[{\"@type\":\"ReadAction\",\"target\":[\"https:\/\/www.hoogstra-autosport.nl\/product\/kenny-performance-lv4-dubbel-glas-red\/\"]}]},{\"@type\":\"ImageObject\",\"inLanguage\":\"fr-FR\",\"@id\":\"https:\/\/www.hoogstra-autosport.nl\/product\/kenny-performance-lv4-dubbel-glas-red\/#primaryimage\",\"url\":\"https:\/\/www.hoogstra-autosport.nl\/teamkoen\/wp-content\/uploads\/2021\/01\/thumbnail_IMG_1784.jpg\",\"contentUrl\":\"https:\/\/www.hoogstra-autosport.nl\/teamkoen\/wp-content\/uploads\/2021\/01\/thumbnail_IMG_1784.jpg\",\"width\":750,\"height\":750},{\"@type\":\"BreadcrumbList\",\"@id\":\"https:\/\/www.hoogstra-autosport.nl\/product\/kenny-performance-lv4-dubbel-glas-red\/#breadcrumb\",\"itemListElement\":[{\"@type\":\"ListItem\",\"position\":1,\"name\":\"Home\",\"item\":\"https:\/\/www.hoogstra-autosport.nl\/\"},{\"@type\":\"ListItem\",\"position\":2,\"name\":\"Uitrusting\",\"item\":\"https:\/\/www.hoogstra-autosport.nl\/product-categorie\/autosport-kleding-helmen\/\"},{\"@type\":\"ListItem\",\"position\":3,\"name\":\"Crossbrillen\",\"item\":\"https:\/\/www.hoogstra-autosport.nl\/product-categorie\/autosport-kleding-helmen\/crossbrillen\/\"},{\"@type\":\"ListItem\",\"position\":4,\"name\":\"Kenny Brillen &amp; Delen\",\"item\":\"https:\/\/www.hoogstra-autosport.nl\/product-categorie\/autosport-kleding-helmen\/crossbrillen\/kenny-brillen-delen\/\"},{\"@type\":\"ListItem\",\"position\":5,\"name\":\"Kenny Performance Lv4 Dubbel Glas Red\"}]},{\"@type\":\"WebSite\",\"@id\":\"https:\/\/www.hoogstra-autosport.nl\/#website\",\"url\":\"https:\/\/www.hoogstra-autosport.nl\/\",\"name\":\"Hoogstra Autosport\",\"description\":\"Performance Autosport Parts!\",\"potentialAction\":[{\"@type\":\"SearchAction\",\"target\":{\"@type\":\"EntryPoint\",\"urlTemplate\":\"https:\/\/www.hoogstra-autosport.nl\/?s={search_term_string}\"},\"query-input\":{\"@type\":\"PropertyValueSpecification\",\"valueRequired\":true,\"valueName\":\"search_term_string\"}}],\"inLanguage\":\"fr-FR\"}]}<\/script>\n<!-- \/ Yoast SEO plugin. -->","yoast_head_json":{"title":"Kenny Performance Lv4 Dubbel Glas Red - Hoogstra Autosport","robots":{"index":"index","follow":"follow","max-snippet":"max-snippet:-1","max-image-preview":"max-image-preview:large","max-video-preview":"max-video-preview:-1"},"canonical":"https:\/\/www.hoogstra-autosport.nl\/fr\/produit\/kenny-performance-lv4-dubbel-glas-red\/","og_locale":"fr_FR","og_type":"article","og_title":"Kenny Performance Lv4 Dubbel Glas Red - Hoogstra Autosport","og_description":"PERFORMANCE Level 4: Deze nieuwe PERFORMANCE-bril is rechtstreeks afkomstig van VENTURY. Als VENTURY-bril biedt zijn panoramische gezichtsveld optimaal comfort voor de rijder en geeft hij de rijder een goede anticipatie. Hij heeft een voorgevormd, ge\u00efnjecteerd scherm met hoge resolutie dat een superieure slagvastheid biedt, met een flexibel en ergonomisch frame. Het frame is ook uitgerust [&hellip;]","og_url":"https:\/\/www.hoogstra-autosport.nl\/fr\/produit\/kenny-performance-lv4-dubbel-glas-red\/","og_site_name":"Hoogstra Autosport","article_modified_time":"2024-02-29T10:59:34+00:00","og_image":[{"width":750,"height":750,"url":"https:\/\/hoogstra-autosport.nl\/teamkoen\/content\/uploads\/2021\/01\/thumbnail_IMG_1784.jpg","type":"image\/jpeg"}],"twitter_card":"summary_large_image","twitter_misc":{"Dur\u00e9e de lecture estim\u00e9e":"1 minute"},"schema":{"@context":"https:\/\/schema.org","@graph":[{"@type":"WebPage","@id":"https:\/\/www.hoogstra-autosport.nl\/product\/kenny-performance-lv4-dubbel-glas-red\/","url":"https:\/\/www.hoogstra-autosport.nl\/product\/kenny-performance-lv4-dubbel-glas-red\/","name":"Kenny Performance Lv4 Dubbel Glas Red - Hoogstra Autosport","isPartOf":{"@id":"https:\/\/www.hoogstra-autosport.nl\/#website"},"primaryImageOfPage":{"@id":"https:\/\/www.hoogstra-autosport.nl\/product\/kenny-performance-lv4-dubbel-glas-red\/#primaryimage"},"image":{"@id":"https:\/\/www.hoogstra-autosport.nl\/product\/kenny-performance-lv4-dubbel-glas-red\/#primaryimage"},"thumbnailUrl":"https:\/\/www.hoogstra-autosport.nl\/teamkoen\/wp-content\/uploads\/2021\/01\/thumbnail_IMG_1784.jpg","datePublished":"2021-01-19T12:50:34+00:00","dateModified":"2024-02-29T10:59:34+00:00","breadcrumb":{"@id":"https:\/\/www.hoogstra-autosport.nl\/product\/kenny-performance-lv4-dubbel-glas-red\/#breadcrumb"},"inLanguage":"fr-FR","potentialAction":[{"@type":"ReadAction","target":["https:\/\/www.hoogstra-autosport.nl\/product\/kenny-performance-lv4-dubbel-glas-red\/"]}]},{"@type":"ImageObject","inLanguage":"fr-FR","@id":"https:\/\/www.hoogstra-autosport.nl\/product\/kenny-performance-lv4-dubbel-glas-red\/#primaryimage","url":"https:\/\/www.hoogstra-autosport.nl\/teamkoen\/wp-content\/uploads\/2021\/01\/thumbnail_IMG_1784.jpg","contentUrl":"https:\/\/www.hoogstra-autosport.nl\/teamkoen\/wp-content\/uploads\/2021\/01\/thumbnail_IMG_1784.jpg","width":750,"height":750},{"@type":"BreadcrumbList","@id":"https:\/\/www.hoogstra-autosport.nl\/product\/kenny-performance-lv4-dubbel-glas-red\/#breadcrumb","itemListElement":[{"@type":"ListItem","position":1,"name":"Home","item":"https:\/\/www.hoogstra-autosport.nl\/"},{"@type":"ListItem","position":2,"name":"Uitrusting","item":"https:\/\/www.hoogstra-autosport.nl\/product-categorie\/autosport-kleding-helmen\/"},{"@type":"ListItem","position":3,"name":"Crossbrillen","item":"https:\/\/www.hoogstra-autosport.nl\/product-categorie\/autosport-kleding-helmen\/crossbrillen\/"},{"@type":"ListItem","position":4,"name":"Kenny Brillen &amp; Delen","item":"https:\/\/www.hoogstra-autosport.nl\/product-categorie\/autosport-kleding-helmen\/crossbrillen\/kenny-brillen-delen\/"},{"@type":"ListItem","position":5,"name":"Kenny Performance Lv4 Dubbel Glas Red"}]},{"@type":"WebSite","@id":"https:\/\/www.hoogstra-autosport.nl\/#website","url":"https:\/\/www.hoogstra-autosport.nl\/","name":"Hoogstra Autosport","description":"Performance Autosport Parts!","potentialAction":[{"@type":"SearchAction","target":{"@type":"EntryPoint","urlTemplate":"https:\/\/www.hoogstra-autosport.nl\/?s={search_term_string}"},"query-input":{"@type":"PropertyValueSpecification","valueRequired":true,"valueName":"search_term_string"}}],"inLanguage":"fr-FR"}]}},"tiered_pricing_type":"fixed","tiered_pricing_fixed_rules":[],"tiered_pricing_product_settings":{"layout":"default","base_unit_name":{"singular":null,"plural":null},"default_variation":null},"tiered_pricing_minimum_quantity":null,"tiered_pricing_roles_data":[],"tiered_pricing_percentage_rules":[],"tiered_pricing_maximum_quantity":null,"tiered_pricing_quantity_step":null,"_links":{"self":[{"href":"https:\/\/www.hoogstra-autosport.nl\/fr\/wp-json\/wp\/v2\/product\/36708","targetHints":{"allow":["GET"]}}],"collection":[{"href":"https:\/\/www.hoogstra-autosport.nl\/fr\/wp-json\/wp\/v2\/product"}],"about":[{"href":"https:\/\/www.hoogstra-autosport.nl\/fr\/wp-json\/wp\/v2\/types\/product"}],"wp:featuredmedia":[{"embeddable":true,"href":"https:\/\/www.hoogstra-autosport.nl\/fr\/wp-json\/wp\/v2\/media\/36709"}],"wp:attachment":[{"href":"https:\/\/www.hoogstra-autosport.nl\/fr\/wp-json\/wp\/v2\/media?parent=36708"}],"wp:term":[{"taxonomy":"product_brand","embeddable":true,"href":"https:\/\/www.hoogstra-autosport.nl\/fr\/wp-json\/wp\/v2\/product_brand?post=36708"},{"taxonomy":"product_cat","embeddable":true,"href":"https:\/\/www.hoogstra-autosport.nl\/fr\/wp-json\/wp\/v2\/product_cat?post=36708"},{"taxonomy":"product_tag","embeddable":true,"href":"https:\/\/www.hoogstra-autosport.nl\/fr\/wp-json\/wp\/v2\/product_tag?post=36708"}],"curies":[{"name":"wp","href":"https:\/\/api.w.org\/{rel}","templated":true}]}}