{"id":35917,"date":"2021-01-13T11:46:29","date_gmt":"2021-01-13T10:46:29","guid":{"rendered":"https:\/\/www.hoogstra-autosport.nl\/?post_type=product&#038;p=35917"},"modified":"2025-12-09T13:57:43","modified_gmt":"2025-12-09T12:57:43","slug":"perslager-m18-2","status":"publish","type":"product","link":"https:\/\/www.hoogstra-autosport.nl\/fr\/produit\/perslager-m18-2\/","title":{"rendered":"Palier de compression M18"},"content":{"rendered":"<p>Palier de compression M18<\/p>\n<p>Rotules avec insert en PTFE, sans entretien. La bague int\u00e9rieure est en acier chrom\u00e9 tremp\u00e9, rectifi\u00e9 et poli. Pour des charges dynamiques plus \u00e9lev\u00e9es<\/p>\n<p>taille<\/p>\n<p>M18<\/p>\n<table class=\"gvi gvi-name-value font-name-value\">\n<tbody>\n<tr>\n<td class=\"name\">Mat\u00e9riau du palier<\/td>\n<td class=\"value\">Acier tremp\u00e9<\/td>\n<\/tr>\n<tr>\n<td class=\"name\">Trou d'arbre<\/td>\n<td class=\"value\">Cylindrique<\/td>\n<\/tr>\n<tr>\n<td class=\"name\">Largeur<\/td>\n<td class=\"value\">18 mm<\/td>\n<\/tr>\n<tr>\n<td class=\"name\">Tol\u00e9rance<\/td>\n<td class=\"value\">Standard<\/td>\n<\/tr>\n<tr>\n<td class=\"name\">Type<\/td>\n<td class=\"value\">GLXSW 18<\/td>\n<\/tr>\n<tr>\n<td class=\"name\">Diam. interne<\/td>\n<td class=\"value\">18 mm<\/td>\n<\/tr>\n<tr>\n<td class=\"name\">Diam. ext\u00e9rieur<\/td>\n<td class=\"value\">42 mm<\/td>\n<\/tr>\n<\/tbody>\n<\/table>\n<p>&nbsp;<\/p>","protected":false},"excerpt":{"rendered":"<p>Perslager M18 Gewrichtslagers met PTFE inlage, onderhoudsvrij. Binnenring is van gehard, geslepen en gepolijst chroomstaal. Voor hogere dynamische belasting maatvoering M18 Materiaal lager Gehard staal Asgat Cilindrisch Breedte 18 mm Tolerantie Standaard Type GLXSW 18 Diam. inwendig 18 mm Diam. uitwendig 42 mm &nbsp;<\/p>","protected":false},"featured_media":94804,"template":"","meta":{"_acf_changed":false},"product_brand":[],"product_cat":[2828],"product_tag":[],"class_list":{"0":"post-35917","1":"product","2":"type-product","3":"status-publish","4":"has-post-thumbnail","6":"product_cat-stangkoppen-lagers","7":"product_shipping_class-4016","9":"first","10":"instock","11":"taxable","12":"shipping-taxable","13":"purchasable","14":"product-type-simple"},"acf":[],"yoast_head":"<!-- This site is optimized with the Yoast SEO plugin v27.5 - https:\/\/yoast.com\/product\/yoast-seo-wordpress\/ -->\n<title>Perslager M18 - Hoogstra Autosport<\/title>\n<meta name=\"robots\" content=\"index, follow, max-snippet:-1, max-image-preview:large, max-video-preview:-1\" \/>\n<link rel=\"canonical\" href=\"https:\/\/www.hoogstra-autosport.nl\/fr\/produit\/perslager-m18-2\/\" \/>\n<meta property=\"og:locale\" content=\"fr_FR\" \/>\n<meta property=\"og:type\" content=\"article\" \/>\n<meta property=\"og:title\" content=\"Perslager M18 - Hoogstra Autosport\" \/>\n<meta property=\"og:description\" content=\"Perslager M18 Gewrichtslagers met PTFE inlage, onderhoudsvrij. Binnenring is van gehard, geslepen en gepolijst chroomstaal. Voor hogere dynamische belasting maatvoering M18 Materiaal lager Gehard staal Asgat Cilindrisch Breedte 18 mm Tolerantie Standaard Type GLXSW 18 Diam. inwendig 18 mm Diam. uitwendig 42 mm &nbsp;\" \/>\n<meta property=\"og:url\" content=\"https:\/\/www.hoogstra-autosport.nl\/fr\/produit\/perslager-m18-2\/\" \/>\n<meta property=\"og:site_name\" content=\"Hoogstra Autosport\" \/>\n<meta property=\"article:modified_time\" content=\"2025-12-09T12:57:43+00:00\" \/>\n<meta property=\"og:image\" content=\"https:\/\/www.hoogstra-autosport.nl\/teamkoen\/wp-content\/uploads\/2021\/01\/Untitled-Project-94.jpg\" \/>\n\t<meta property=\"og:image:width\" content=\"1080\" \/>\n\t<meta property=\"og:image:height\" content=\"1080\" \/>\n\t<meta property=\"og:image:type\" content=\"image\/jpeg\" \/>\n<meta name=\"twitter:card\" content=\"summary_large_image\" \/>\n<meta name=\"twitter:label1\" content=\"Dur\u00e9e de lecture estim\u00e9e\" \/>\n\t<meta name=\"twitter:data1\" content=\"1 minute\" \/>\n<script type=\"application\/ld+json\" class=\"yoast-schema-graph\">{\"@context\":\"https:\\\/\\\/schema.org\",\"@graph\":[{\"@type\":\"WebPage\",\"@id\":\"https:\\\/\\\/www.hoogstra-autosport.nl\\\/product\\\/perslager-m18-2\\\/\",\"url\":\"https:\\\/\\\/www.hoogstra-autosport.nl\\\/product\\\/perslager-m18-2\\\/\",\"name\":\"Perslager M18 - Hoogstra Autosport\",\"isPartOf\":{\"@id\":\"https:\\\/\\\/www.hoogstra-autosport.nl\\\/#website\"},\"primaryImageOfPage\":{\"@id\":\"https:\\\/\\\/www.hoogstra-autosport.nl\\\/product\\\/perslager-m18-2\\\/#primaryimage\"},\"image\":{\"@id\":\"https:\\\/\\\/www.hoogstra-autosport.nl\\\/product\\\/perslager-m18-2\\\/#primaryimage\"},\"thumbnailUrl\":\"https:\\\/\\\/www.hoogstra-autosport.nl\\\/teamkoen\\\/wp-content\\\/uploads\\\/2021\\\/01\\\/Untitled-Project-94.jpg\",\"datePublished\":\"2021-01-13T10:46:29+00:00\",\"dateModified\":\"2025-12-09T12:57:43+00:00\",\"breadcrumb\":{\"@id\":\"https:\\\/\\\/www.hoogstra-autosport.nl\\\/product\\\/perslager-m18-2\\\/#breadcrumb\"},\"inLanguage\":\"fr-FR\",\"potentialAction\":[{\"@type\":\"ReadAction\",\"target\":[\"https:\\\/\\\/www.hoogstra-autosport.nl\\\/product\\\/perslager-m18-2\\\/\"]}]},{\"@type\":\"ImageObject\",\"inLanguage\":\"fr-FR\",\"@id\":\"https:\\\/\\\/www.hoogstra-autosport.nl\\\/product\\\/perslager-m18-2\\\/#primaryimage\",\"url\":\"https:\\\/\\\/www.hoogstra-autosport.nl\\\/teamkoen\\\/wp-content\\\/uploads\\\/2021\\\/01\\\/Untitled-Project-94.jpg\",\"contentUrl\":\"https:\\\/\\\/www.hoogstra-autosport.nl\\\/teamkoen\\\/wp-content\\\/uploads\\\/2021\\\/01\\\/Untitled-Project-94.jpg\",\"width\":1080,\"height\":1080},{\"@type\":\"BreadcrumbList\",\"@id\":\"https:\\\/\\\/www.hoogstra-autosport.nl\\\/product\\\/perslager-m18-2\\\/#breadcrumb\",\"itemListElement\":[{\"@type\":\"ListItem\",\"position\":1,\"name\":\"Home\",\"item\":\"https:\\\/\\\/www.hoogstra-autosport.nl\\\/\"},{\"@type\":\"ListItem\",\"position\":2,\"name\":\"Carrosserie\",\"item\":\"https:\\\/\\\/www.hoogstra-autosport.nl\\\/product-categorie\\\/carroserie-bevestiging\\\/\"},{\"@type\":\"ListItem\",\"position\":3,\"name\":\"Stangkoppen &amp; Lagers\",\"item\":\"https:\\\/\\\/www.hoogstra-autosport.nl\\\/product-categorie\\\/carroserie-bevestiging\\\/stangkoppen-lagers\\\/\"},{\"@type\":\"ListItem\",\"position\":4,\"name\":\"Perslager M18\"}]},{\"@type\":\"WebSite\",\"@id\":\"https:\\\/\\\/www.hoogstra-autosport.nl\\\/#website\",\"url\":\"https:\\\/\\\/www.hoogstra-autosport.nl\\\/\",\"name\":\"Hoogstra Autosport\",\"description\":\"Performance Autosport Parts!\",\"potentialAction\":[{\"@type\":\"SearchAction\",\"target\":{\"@type\":\"EntryPoint\",\"urlTemplate\":\"https:\\\/\\\/www.hoogstra-autosport.nl\\\/?s={search_term_string}\"},\"query-input\":{\"@type\":\"PropertyValueSpecification\",\"valueRequired\":true,\"valueName\":\"search_term_string\"}}],\"inLanguage\":\"fr-FR\"}]}<\/script>\n<!-- \/ Yoast SEO plugin. -->","yoast_head_json":{"title":"Perslager M18 - Hoogstra Autosport","robots":{"index":"index","follow":"follow","max-snippet":"max-snippet:-1","max-image-preview":"max-image-preview:large","max-video-preview":"max-video-preview:-1"},"canonical":"https:\/\/www.hoogstra-autosport.nl\/fr\/produit\/perslager-m18-2\/","og_locale":"fr_FR","og_type":"article","og_title":"Perslager M18 - Hoogstra Autosport","og_description":"Perslager M18 Gewrichtslagers met PTFE inlage, onderhoudsvrij. Binnenring is van gehard, geslepen en gepolijst chroomstaal. Voor hogere dynamische belasting maatvoering M18 Materiaal lager Gehard staal Asgat Cilindrisch Breedte 18 mm Tolerantie Standaard Type GLXSW 18 Diam. inwendig 18 mm Diam. uitwendig 42 mm &nbsp;","og_url":"https:\/\/www.hoogstra-autosport.nl\/fr\/produit\/perslager-m18-2\/","og_site_name":"Hoogstra Autosport","article_modified_time":"2025-12-09T12:57:43+00:00","og_image":[{"width":1080,"height":1080,"url":"https:\/\/www.hoogstra-autosport.nl\/teamkoen\/wp-content\/uploads\/2021\/01\/Untitled-Project-94.jpg","type":"image\/jpeg"}],"twitter_card":"summary_large_image","twitter_misc":{"Dur\u00e9e de lecture estim\u00e9e":"1 minute"},"schema":{"@context":"https:\/\/schema.org","@graph":[{"@type":"WebPage","@id":"https:\/\/www.hoogstra-autosport.nl\/product\/perslager-m18-2\/","url":"https:\/\/www.hoogstra-autosport.nl\/product\/perslager-m18-2\/","name":"Perslager M18 - Hoogstra Autosport","isPartOf":{"@id":"https:\/\/www.hoogstra-autosport.nl\/#website"},"primaryImageOfPage":{"@id":"https:\/\/www.hoogstra-autosport.nl\/product\/perslager-m18-2\/#primaryimage"},"image":{"@id":"https:\/\/www.hoogstra-autosport.nl\/product\/perslager-m18-2\/#primaryimage"},"thumbnailUrl":"https:\/\/www.hoogstra-autosport.nl\/teamkoen\/wp-content\/uploads\/2021\/01\/Untitled-Project-94.jpg","datePublished":"2021-01-13T10:46:29+00:00","dateModified":"2025-12-09T12:57:43+00:00","breadcrumb":{"@id":"https:\/\/www.hoogstra-autosport.nl\/product\/perslager-m18-2\/#breadcrumb"},"inLanguage":"fr-FR","potentialAction":[{"@type":"ReadAction","target":["https:\/\/www.hoogstra-autosport.nl\/product\/perslager-m18-2\/"]}]},{"@type":"ImageObject","inLanguage":"fr-FR","@id":"https:\/\/www.hoogstra-autosport.nl\/product\/perslager-m18-2\/#primaryimage","url":"https:\/\/www.hoogstra-autosport.nl\/teamkoen\/wp-content\/uploads\/2021\/01\/Untitled-Project-94.jpg","contentUrl":"https:\/\/www.hoogstra-autosport.nl\/teamkoen\/wp-content\/uploads\/2021\/01\/Untitled-Project-94.jpg","width":1080,"height":1080},{"@type":"BreadcrumbList","@id":"https:\/\/www.hoogstra-autosport.nl\/product\/perslager-m18-2\/#breadcrumb","itemListElement":[{"@type":"ListItem","position":1,"name":"Home","item":"https:\/\/www.hoogstra-autosport.nl\/"},{"@type":"ListItem","position":2,"name":"Carrosserie","item":"https:\/\/www.hoogstra-autosport.nl\/product-categorie\/carroserie-bevestiging\/"},{"@type":"ListItem","position":3,"name":"Stangkoppen &amp; Lagers","item":"https:\/\/www.hoogstra-autosport.nl\/product-categorie\/carroserie-bevestiging\/stangkoppen-lagers\/"},{"@type":"ListItem","position":4,"name":"Perslager M18"}]},{"@type":"WebSite","@id":"https:\/\/www.hoogstra-autosport.nl\/#website","url":"https:\/\/www.hoogstra-autosport.nl\/","name":"Hoogstra Autosport","description":"Performance Autosport Parts!","potentialAction":[{"@type":"SearchAction","target":{"@type":"EntryPoint","urlTemplate":"https:\/\/www.hoogstra-autosport.nl\/?s={search_term_string}"},"query-input":{"@type":"PropertyValueSpecification","valueRequired":true,"valueName":"search_term_string"}}],"inLanguage":"fr-FR"}]}},"tiered_pricing_type":"fixed","tiered_pricing_fixed_rules":[],"tiered_pricing_product_settings":{"layout":"default","base_unit_name":{"singular":null,"plural":null},"default_variation":null},"tiered_pricing_minimum_quantity":null,"tiered_pricing_roles_data":[],"tiered_pricing_percentage_rules":[],"tiered_pricing_maximum_quantity":null,"tiered_pricing_quantity_step":null,"_links":{"self":[{"href":"https:\/\/www.hoogstra-autosport.nl\/fr\/wp-json\/wp\/v2\/product\/35917","targetHints":{"allow":["GET"]}}],"collection":[{"href":"https:\/\/www.hoogstra-autosport.nl\/fr\/wp-json\/wp\/v2\/product"}],"about":[{"href":"https:\/\/www.hoogstra-autosport.nl\/fr\/wp-json\/wp\/v2\/types\/product"}],"wp:featuredmedia":[{"embeddable":true,"href":"https:\/\/www.hoogstra-autosport.nl\/fr\/wp-json\/wp\/v2\/media\/94804"}],"wp:attachment":[{"href":"https:\/\/www.hoogstra-autosport.nl\/fr\/wp-json\/wp\/v2\/media?parent=35917"}],"wp:term":[{"taxonomy":"product_brand","embeddable":true,"href":"https:\/\/www.hoogstra-autosport.nl\/fr\/wp-json\/wp\/v2\/product_brand?post=35917"},{"taxonomy":"product_cat","embeddable":true,"href":"https:\/\/www.hoogstra-autosport.nl\/fr\/wp-json\/wp\/v2\/product_cat?post=35917"},{"taxonomy":"product_tag","embeddable":true,"href":"https:\/\/www.hoogstra-autosport.nl\/fr\/wp-json\/wp\/v2\/product_tag?post=35917"}],"curies":[{"name":"wp","href":"https:\/\/api.w.org\/{rel}","templated":true}]}}