{"id":35336,"date":"2020-12-01T11:03:59","date_gmt":"2020-12-01T10:03:59","guid":{"rendered":"https:\/\/www.hoogstra-autosport.nl\/?post_type=product&#038;p=35336"},"modified":"2025-11-26T09:43:52","modified_gmt":"2025-11-26T08:43:52","slug":"audi-q7-homokineet","status":"publish","type":"product","link":"https:\/\/www.hoogstra-autosport.nl\/fr\/produit\/audi-q7-homokineet\/","title":{"rendered":"Audi Q7 Homokinet"},"content":{"rendered":"<p>Audi Q7 Jeu de roues pour bo\u00eete \u00e0 gaz<\/p>\n<p>MARQUE GKN SPIDAN<\/p>\n<p>Couvercle + rondelle + graisse + boulon inclus<\/p>\n<p>Ensemble complet<\/p>\n<p>Longueur 167 MM<\/p>\n<p>Anneau de diam\u00e8tre 64 MM<\/p>\n<p>Dents ext\u00e9rieures C\u00f4t\u00e9 roue 30 dents<\/p>\n<p>Dents int\u00e9rieures Askant 27 dents<\/p>\n<p>Type de filetage M24x1,5<\/p>\n<p>&nbsp;<\/p>\n<p>Joints id\u00e9aux pour les SUPERBUGGY TOUR WAGES convenant aux voitures jusqu'\u00e0 800 HP<\/p>\n<p>&nbsp;<\/p>","protected":false},"excerpt":{"rendered":"<p>Audi Q7\u00a0 Homokineet Wielzijde MERK GKN SPIDAN Meegeleverde Hoes + ring + VET + Bout Complete set Lengte 167 MM Diameter Ring 64 MM Buiten vertanding Wielkant 30 tands Binnen vertanding Askant\u00a0 27 tands Draad soort M24x1,5 &nbsp; Ideeale homokineet voor SUPERBUGGY TOERWAGEN geschikt voor auto tot 800 PK &nbsp;<\/p>","protected":false},"featured_media":93855,"template":"","meta":{"_acf_changed":false},"product_brand":[],"product_cat":[2707],"product_tag":[],"class_list":{"0":"post-35336","1":"product","2":"type-product","3":"status-publish","4":"has-post-thumbnail","6":"product_cat-aandrijfassen-homokineten-en-ashoezen","7":"product_shipping_class-4016","9":"first","10":"instock","11":"taxable","12":"shipping-taxable","13":"purchasable","14":"product-type-simple"},"acf":[],"yoast_head":"<!-- This site is optimized with the Yoast SEO plugin v27.1.1 - https:\/\/yoast.com\/product\/yoast-seo-wordpress\/ -->\n<title>Audi Q7 Homokineet - Hoogstra Autosport<\/title>\n<meta name=\"robots\" content=\"index, follow, max-snippet:-1, max-image-preview:large, max-video-preview:-1\" \/>\n<link rel=\"canonical\" href=\"https:\/\/www.hoogstra-autosport.nl\/fr\/produit\/audi-q7-homokineet\/\" \/>\n<meta property=\"og:locale\" content=\"fr_FR\" \/>\n<meta property=\"og:type\" content=\"article\" \/>\n<meta property=\"og:title\" content=\"Audi Q7 Homokineet - Hoogstra Autosport\" \/>\n<meta property=\"og:description\" content=\"Audi Q7\u00a0 Homokineet Wielzijde MERK GKN SPIDAN Meegeleverde Hoes + ring + VET + Bout Complete set Lengte 167 MM Diameter Ring 64 MM Buiten vertanding Wielkant 30 tands Binnen vertanding Askant\u00a0 27 tands Draad soort M24x1,5 &nbsp; Ideeale homokineet voor SUPERBUGGY TOERWAGEN geschikt voor auto tot 800 PK &nbsp;\" \/>\n<meta property=\"og:url\" content=\"https:\/\/www.hoogstra-autosport.nl\/fr\/produit\/audi-q7-homokineet\/\" \/>\n<meta property=\"og:site_name\" content=\"Hoogstra Autosport\" \/>\n<meta property=\"article:modified_time\" content=\"2025-11-26T08:43:52+00:00\" \/>\n<meta property=\"og:image\" content=\"https:\/\/www.hoogstra-autosport.nl\/teamkoen\/wp-content\/uploads\/2020\/12\/spidnan.jpg\" \/>\n\t<meta property=\"og:image:width\" content=\"1080\" \/>\n\t<meta property=\"og:image:height\" content=\"1080\" \/>\n\t<meta property=\"og:image:type\" content=\"image\/jpeg\" \/>\n<meta name=\"twitter:card\" content=\"summary_large_image\" \/>\n<meta name=\"twitter:label1\" content=\"Dur\u00e9e de lecture estim\u00e9e\" \/>\n\t<meta name=\"twitter:data1\" content=\"1 minute\" \/>\n<script type=\"application\/ld+json\" class=\"yoast-schema-graph\">{\"@context\":\"https:\/\/schema.org\",\"@graph\":[{\"@type\":\"WebPage\",\"@id\":\"https:\/\/www.hoogstra-autosport.nl\/product\/audi-q7-homokineet\/\",\"url\":\"https:\/\/www.hoogstra-autosport.nl\/product\/audi-q7-homokineet\/\",\"name\":\"Audi Q7 Homokineet - Hoogstra Autosport\",\"isPartOf\":{\"@id\":\"https:\/\/www.hoogstra-autosport.nl\/#website\"},\"primaryImageOfPage\":{\"@id\":\"https:\/\/www.hoogstra-autosport.nl\/product\/audi-q7-homokineet\/#primaryimage\"},\"image\":{\"@id\":\"https:\/\/www.hoogstra-autosport.nl\/product\/audi-q7-homokineet\/#primaryimage\"},\"thumbnailUrl\":\"https:\/\/www.hoogstra-autosport.nl\/teamkoen\/wp-content\/uploads\/2020\/12\/spidnan.jpg\",\"datePublished\":\"2020-12-01T10:03:59+00:00\",\"dateModified\":\"2025-11-26T08:43:52+00:00\",\"breadcrumb\":{\"@id\":\"https:\/\/www.hoogstra-autosport.nl\/product\/audi-q7-homokineet\/#breadcrumb\"},\"inLanguage\":\"fr-FR\",\"potentialAction\":[{\"@type\":\"ReadAction\",\"target\":[\"https:\/\/www.hoogstra-autosport.nl\/product\/audi-q7-homokineet\/\"]}]},{\"@type\":\"ImageObject\",\"inLanguage\":\"fr-FR\",\"@id\":\"https:\/\/www.hoogstra-autosport.nl\/product\/audi-q7-homokineet\/#primaryimage\",\"url\":\"https:\/\/www.hoogstra-autosport.nl\/teamkoen\/wp-content\/uploads\/2020\/12\/spidnan.jpg\",\"contentUrl\":\"https:\/\/www.hoogstra-autosport.nl\/teamkoen\/wp-content\/uploads\/2020\/12\/spidnan.jpg\",\"width\":1080,\"height\":1080},{\"@type\":\"BreadcrumbList\",\"@id\":\"https:\/\/www.hoogstra-autosport.nl\/product\/audi-q7-homokineet\/#breadcrumb\",\"itemListElement\":[{\"@type\":\"ListItem\",\"position\":1,\"name\":\"Home\",\"item\":\"https:\/\/www.hoogstra-autosport.nl\/\"},{\"@type\":\"ListItem\",\"position\":2,\"name\":\"Motorisch\",\"item\":\"https:\/\/www.hoogstra-autosport.nl\/product-categorie\/auto-techniek\/\"},{\"@type\":\"ListItem\",\"position\":3,\"name\":\"Koppeling , Versnellingsbak en Assen\",\"item\":\"https:\/\/www.hoogstra-autosport.nl\/product-categorie\/auto-techniek\/koppeling-versnellingsbak-en-assen\/\"},{\"@type\":\"ListItem\",\"position\":4,\"name\":\"Aandrijfassen , Homokineten en ashoezen\",\"item\":\"https:\/\/www.hoogstra-autosport.nl\/product-categorie\/auto-techniek\/koppeling-versnellingsbak-en-assen\/aandrijfassen-homokineten-en-ashoezen\/\"},{\"@type\":\"ListItem\",\"position\":5,\"name\":\"Audi Q7 Homokineet\"}]},{\"@type\":\"WebSite\",\"@id\":\"https:\/\/www.hoogstra-autosport.nl\/#website\",\"url\":\"https:\/\/www.hoogstra-autosport.nl\/\",\"name\":\"Hoogstra Autosport\",\"description\":\"Performance Autosport Parts!\",\"potentialAction\":[{\"@type\":\"SearchAction\",\"target\":{\"@type\":\"EntryPoint\",\"urlTemplate\":\"https:\/\/www.hoogstra-autosport.nl\/?s={search_term_string}\"},\"query-input\":{\"@type\":\"PropertyValueSpecification\",\"valueRequired\":true,\"valueName\":\"search_term_string\"}}],\"inLanguage\":\"fr-FR\"}]}<\/script>\n<!-- \/ Yoast SEO plugin. -->","yoast_head_json":{"title":"Audi Q7 Homokineet - Hoogstra Autosport","robots":{"index":"index","follow":"follow","max-snippet":"max-snippet:-1","max-image-preview":"max-image-preview:large","max-video-preview":"max-video-preview:-1"},"canonical":"https:\/\/www.hoogstra-autosport.nl\/fr\/produit\/audi-q7-homokineet\/","og_locale":"fr_FR","og_type":"article","og_title":"Audi Q7 Homokineet - Hoogstra Autosport","og_description":"Audi Q7\u00a0 Homokineet Wielzijde MERK GKN SPIDAN Meegeleverde Hoes + ring + VET + Bout Complete set Lengte 167 MM Diameter Ring 64 MM Buiten vertanding Wielkant 30 tands Binnen vertanding Askant\u00a0 27 tands Draad soort M24x1,5 &nbsp; Ideeale homokineet voor SUPERBUGGY TOERWAGEN geschikt voor auto tot 800 PK &nbsp;","og_url":"https:\/\/www.hoogstra-autosport.nl\/fr\/produit\/audi-q7-homokineet\/","og_site_name":"Hoogstra Autosport","article_modified_time":"2025-11-26T08:43:52+00:00","og_image":[{"width":1080,"height":1080,"url":"https:\/\/www.hoogstra-autosport.nl\/teamkoen\/wp-content\/uploads\/2020\/12\/spidnan.jpg","type":"image\/jpeg"}],"twitter_card":"summary_large_image","twitter_misc":{"Dur\u00e9e de lecture estim\u00e9e":"1 minute"},"schema":{"@context":"https:\/\/schema.org","@graph":[{"@type":"WebPage","@id":"https:\/\/www.hoogstra-autosport.nl\/product\/audi-q7-homokineet\/","url":"https:\/\/www.hoogstra-autosport.nl\/product\/audi-q7-homokineet\/","name":"Audi Q7 Homokineet - Hoogstra Autosport","isPartOf":{"@id":"https:\/\/www.hoogstra-autosport.nl\/#website"},"primaryImageOfPage":{"@id":"https:\/\/www.hoogstra-autosport.nl\/product\/audi-q7-homokineet\/#primaryimage"},"image":{"@id":"https:\/\/www.hoogstra-autosport.nl\/product\/audi-q7-homokineet\/#primaryimage"},"thumbnailUrl":"https:\/\/www.hoogstra-autosport.nl\/teamkoen\/wp-content\/uploads\/2020\/12\/spidnan.jpg","datePublished":"2020-12-01T10:03:59+00:00","dateModified":"2025-11-26T08:43:52+00:00","breadcrumb":{"@id":"https:\/\/www.hoogstra-autosport.nl\/product\/audi-q7-homokineet\/#breadcrumb"},"inLanguage":"fr-FR","potentialAction":[{"@type":"ReadAction","target":["https:\/\/www.hoogstra-autosport.nl\/product\/audi-q7-homokineet\/"]}]},{"@type":"ImageObject","inLanguage":"fr-FR","@id":"https:\/\/www.hoogstra-autosport.nl\/product\/audi-q7-homokineet\/#primaryimage","url":"https:\/\/www.hoogstra-autosport.nl\/teamkoen\/wp-content\/uploads\/2020\/12\/spidnan.jpg","contentUrl":"https:\/\/www.hoogstra-autosport.nl\/teamkoen\/wp-content\/uploads\/2020\/12\/spidnan.jpg","width":1080,"height":1080},{"@type":"BreadcrumbList","@id":"https:\/\/www.hoogstra-autosport.nl\/product\/audi-q7-homokineet\/#breadcrumb","itemListElement":[{"@type":"ListItem","position":1,"name":"Home","item":"https:\/\/www.hoogstra-autosport.nl\/"},{"@type":"ListItem","position":2,"name":"Motorisch","item":"https:\/\/www.hoogstra-autosport.nl\/product-categorie\/auto-techniek\/"},{"@type":"ListItem","position":3,"name":"Koppeling , Versnellingsbak en Assen","item":"https:\/\/www.hoogstra-autosport.nl\/product-categorie\/auto-techniek\/koppeling-versnellingsbak-en-assen\/"},{"@type":"ListItem","position":4,"name":"Aandrijfassen , Homokineten en ashoezen","item":"https:\/\/www.hoogstra-autosport.nl\/product-categorie\/auto-techniek\/koppeling-versnellingsbak-en-assen\/aandrijfassen-homokineten-en-ashoezen\/"},{"@type":"ListItem","position":5,"name":"Audi Q7 Homokineet"}]},{"@type":"WebSite","@id":"https:\/\/www.hoogstra-autosport.nl\/#website","url":"https:\/\/www.hoogstra-autosport.nl\/","name":"Hoogstra Autosport","description":"Performance Autosport Parts!","potentialAction":[{"@type":"SearchAction","target":{"@type":"EntryPoint","urlTemplate":"https:\/\/www.hoogstra-autosport.nl\/?s={search_term_string}"},"query-input":{"@type":"PropertyValueSpecification","valueRequired":true,"valueName":"search_term_string"}}],"inLanguage":"fr-FR"}]}},"tiered_pricing_type":"fixed","tiered_pricing_fixed_rules":[],"tiered_pricing_product_settings":{"layout":"default","base_unit_name":{"singular":null,"plural":null},"default_variation":null},"tiered_pricing_minimum_quantity":null,"tiered_pricing_roles_data":[],"tiered_pricing_percentage_rules":[],"tiered_pricing_maximum_quantity":null,"tiered_pricing_quantity_step":null,"_links":{"self":[{"href":"https:\/\/www.hoogstra-autosport.nl\/fr\/wp-json\/wp\/v2\/product\/35336","targetHints":{"allow":["GET"]}}],"collection":[{"href":"https:\/\/www.hoogstra-autosport.nl\/fr\/wp-json\/wp\/v2\/product"}],"about":[{"href":"https:\/\/www.hoogstra-autosport.nl\/fr\/wp-json\/wp\/v2\/types\/product"}],"wp:featuredmedia":[{"embeddable":true,"href":"https:\/\/www.hoogstra-autosport.nl\/fr\/wp-json\/wp\/v2\/media\/93855"}],"wp:attachment":[{"href":"https:\/\/www.hoogstra-autosport.nl\/fr\/wp-json\/wp\/v2\/media?parent=35336"}],"wp:term":[{"taxonomy":"product_brand","embeddable":true,"href":"https:\/\/www.hoogstra-autosport.nl\/fr\/wp-json\/wp\/v2\/product_brand?post=35336"},{"taxonomy":"product_cat","embeddable":true,"href":"https:\/\/www.hoogstra-autosport.nl\/fr\/wp-json\/wp\/v2\/product_cat?post=35336"},{"taxonomy":"product_tag","embeddable":true,"href":"https:\/\/www.hoogstra-autosport.nl\/fr\/wp-json\/wp\/v2\/product_tag?post=35336"}],"curies":[{"name":"wp","href":"https:\/\/api.w.org\/{rel}","templated":true}]}}