{"id":35257,"date":"2020-11-26T21:00:39","date_gmt":"2020-11-26T20:00:39","guid":{"rendered":"https:\/\/www.hoogstra-autosport.nl\/?post_type=product&#038;p=35257"},"modified":"2024-01-20T13:08:08","modified_gmt":"2024-01-20T12:08:08","slug":"aim-mxg-1-2-logger-display-7","status":"publish","type":"product","link":"https:\/\/www.hoogstra-autosport.nl\/fr\/produit\/aim-mxg-1-2-logger-display-7\/","title":{"rendered":"AIM MXG 1.2 Logger Display 7\u2032"},"content":{"rendered":"<p>L'AIM MXG 1.2 est un enregistreur de donn\u00e9es tr\u00e8s robuste avec un \u00e9cran TFT de 7\u2033 et un bo\u00eetier en aluminium.<\/p>\n<p>Le dashlogger AIM MXG dispose des canaux suivants :<br \/>\n-4x la vitesse des roues<br \/>\n-1x la vitesse<br \/>\n-8x canaux analogiques librement configurables<br \/>\n-2x sortie num\u00e9rique<br \/>\n-Capteur de force G interne \u00e0 3 axes<br \/>\n-3x bus CAN (1x pour les modules d'extension et 2x pour l'ECU)<br \/>\n-Entr\u00e9es de connexion du calculateur : Bus CAN, RS232, K-line, OBDII<\/p>\n<p>Autres donn\u00e9es techniques Syst\u00e8me AIM MXG :<br \/>\n-\u00c9quip\u00e9 de 2 multiconnecteurs militaires pour les faisceaux de c\u00e2bles<br \/>\n-4 Go de m\u00e9moire interne<br \/>\n-Connexion WIFI 802.11<br \/>\n8 LED d'alarme librement programmables (multi-couleurs)<br \/>\n-10 feux de changement de vitesse librement programmables (multicolores)<br \/>\nEntr\u00e9es de la cam\u00e9ra de recul -2<br \/>\n-Capteur de luminosit\u00e9 int\u00e9gr\u00e9<br \/>\n-Dimensions : 237\u00d7127,6\u00d726 mm<br \/>\n-Poids : 950 grammes<br \/>\n-R\u00e9sistance aux intemp\u00e9ries : IP65<\/p>\n<p>L'ensemble d'enregistrement de donn\u00e9es MXG est livr\u00e9 en standard avec un tableau de bord\/enregistreur de donn\u00e9es AIM MXG, un faisceau de c\u00e2blage \u00e0 37 broches (connexions : canal analogique 1-4, Speed-1, RPM, temps au tour, bus CAN, t\u00e9l\u00e9chargement USB, alimentation 12V, connexion ECU via K-line et CAN), un module GPS externe, un c\u00e2ble USB et le logiciel Race Studio.<br \/>\nLe faisceau de c\u00e2blage optionnel \u00e0 22 broches comprend les entr\u00e9es analogiques 5 \u00e0 8, l'entr\u00e9e de vitesse de roue #2,3,4, RS232, CAN2 et 2 sorties num\u00e9riques.<\/p>\n<p>La connexion ECU permet de se connecter facilement \u00e0 plus de 1 000 ECU (programmables et d'origine), ce qui permet d'enregistrer de nombreux canaux suppl\u00e9mentaires.\u00a0<a href=\"https:\/\/www.aim-sportline.com\/en\/documentation.htm\" target=\"_blank\" rel=\"noopener noreferrer\">V\u00e9rifiez la compatibilit\u00e9 de l'\u00e9cu ici.<\/a><\/p>\n<p>L'enregistreur de donn\u00e9es AIM MXG permet \u00e9galement d'\u00e9tendre les canaux et de connecter des modules CAN tels qu'une sonde lambda large bande AIM, une extension de canal, un module GPS (inclus dans le kit), une cam\u00e9ra vid\u00e9o SmartyCam HD, un concentrateur de thermocouple, etc. Affichage des temps au tour, des temps interm\u00e9diaires et des temps pr\u00e9vus. Plusieurs mises en page et alarmes programmables.<\/p>\n<p>L'analyse des donn\u00e9es stock\u00e9es s'effectue \u00e0 l'aide du logiciel convivial Race Studio Analysis fourni. Les mises \u00e0 jour de ce logiciel peuvent \u00eatre t\u00e9l\u00e9charg\u00e9es gratuitement. Il n'y a pas de frais de licence annuels.<\/p>","protected":false},"excerpt":{"rendered":"<p>De AIM MXG 1.2 is een zeer robuuste dash\/datalogger met een 7\u2033 TFT scherm en aluminium behuizing. De AIM MXG dashlogger is voorzien van de volgende kanalen: -4x wielsnelheid -1x toerental -8x vrij configureerbaar analoog kanaal -2x digitale uitgang -interne 3-assige G-krachtsensor -3x CAN bus (1x voor uitbreidingsmodules en 2x voor ECU) -ECU connectie ingangen: [&hellip;]<\/p>\n","protected":false},"featured_media":35258,"template":"","meta":{"_acf_changed":false},"product_brand":[],"product_cat":[3927,4142],"product_tag":[],"class_list":{"0":"post-35257","1":"product","2":"type-product","3":"status-publish","4":"has-post-thumbnail","6":"product_cat-aim-displays","7":"product_cat-aim-solo","8":"product_shipping_class-4016","10":"first","11":"instock","12":"taxable","13":"shipping-taxable","14":"purchasable","15":"product-type-simple"},"acf":[],"yoast_head":"<!-- This site is optimized with the Yoast SEO plugin v27.1.1 - https:\/\/yoast.com\/product\/yoast-seo-wordpress\/ -->\n<title>AIM MXG 1.2 Logger Display 7&#039; - Hoogstra Autosport<\/title>\n<meta name=\"robots\" content=\"index, follow, max-snippet:-1, max-image-preview:large, max-video-preview:-1\" \/>\n<link rel=\"canonical\" href=\"https:\/\/www.hoogstra-autosport.nl\/fr\/produit\/aim-mxg-1-2-logger-display-7\/\" \/>\n<meta property=\"og:locale\" content=\"fr_FR\" \/>\n<meta property=\"og:type\" content=\"article\" \/>\n<meta property=\"og:title\" content=\"AIM MXG 1.2 Logger Display 7&#039; - Hoogstra Autosport\" \/>\n<meta property=\"og:description\" content=\"De AIM MXG 1.2 is een zeer robuuste dash\/datalogger met een 7\u2033 TFT scherm en aluminium behuizing. De AIM MXG dashlogger is voorzien van de volgende kanalen: -4x wielsnelheid -1x toerental -8x vrij configureerbaar analoog kanaal -2x digitale uitgang -interne 3-assige G-krachtsensor -3x CAN bus (1x voor uitbreidingsmodules en 2x voor ECU) -ECU connectie ingangen: [&hellip;]\" \/>\n<meta property=\"og:url\" content=\"https:\/\/www.hoogstra-autosport.nl\/fr\/produit\/aim-mxg-1-2-logger-display-7\/\" \/>\n<meta property=\"og:site_name\" content=\"Hoogstra Autosport\" \/>\n<meta property=\"article:modified_time\" content=\"2024-01-20T12:08:08+00:00\" \/>\n<meta property=\"og:image\" content=\"https:\/\/www.hoogstra-autosport.nl\/teamkoen\/content\/uploads\/2020\/11\/AiM-MXG-official-photo-4-LED-on-2.jpg\" \/>\n\t<meta property=\"og:image:width\" content=\"1500\" \/>\n\t<meta property=\"og:image:height\" content=\"999\" \/>\n\t<meta property=\"og:image:type\" content=\"image\/jpeg\" \/>\n<meta name=\"twitter:card\" content=\"summary_large_image\" \/>\n<meta name=\"twitter:label1\" content=\"Dur\u00e9e de lecture estim\u00e9e\" \/>\n\t<meta name=\"twitter:data1\" content=\"1 minute\" \/>\n<script type=\"application\/ld+json\" class=\"yoast-schema-graph\">{\"@context\":\"https:\/\/schema.org\",\"@graph\":[{\"@type\":\"WebPage\",\"@id\":\"https:\/\/www.hoogstra-autosport.nl\/product\/aim-mxg-1-2-logger-display-7\/\",\"url\":\"https:\/\/www.hoogstra-autosport.nl\/product\/aim-mxg-1-2-logger-display-7\/\",\"name\":\"AIM MXG 1.2 Logger Display 7' - Hoogstra Autosport\",\"isPartOf\":{\"@id\":\"https:\/\/www.hoogstra-autosport.nl\/#website\"},\"primaryImageOfPage\":{\"@id\":\"https:\/\/www.hoogstra-autosport.nl\/product\/aim-mxg-1-2-logger-display-7\/#primaryimage\"},\"image\":{\"@id\":\"https:\/\/www.hoogstra-autosport.nl\/product\/aim-mxg-1-2-logger-display-7\/#primaryimage\"},\"thumbnailUrl\":\"https:\/\/www.hoogstra-autosport.nl\/teamkoen\/wp-content\/uploads\/2020\/11\/AiM-MXG-official-photo-4-LED-on-2.jpg\",\"datePublished\":\"2020-11-26T20:00:39+00:00\",\"dateModified\":\"2024-01-20T12:08:08+00:00\",\"breadcrumb\":{\"@id\":\"https:\/\/www.hoogstra-autosport.nl\/product\/aim-mxg-1-2-logger-display-7\/#breadcrumb\"},\"inLanguage\":\"fr-FR\",\"potentialAction\":[{\"@type\":\"ReadAction\",\"target\":[\"https:\/\/www.hoogstra-autosport.nl\/product\/aim-mxg-1-2-logger-display-7\/\"]}]},{\"@type\":\"ImageObject\",\"inLanguage\":\"fr-FR\",\"@id\":\"https:\/\/www.hoogstra-autosport.nl\/product\/aim-mxg-1-2-logger-display-7\/#primaryimage\",\"url\":\"https:\/\/www.hoogstra-autosport.nl\/teamkoen\/wp-content\/uploads\/2020\/11\/AiM-MXG-official-photo-4-LED-on-2.jpg\",\"contentUrl\":\"https:\/\/www.hoogstra-autosport.nl\/teamkoen\/wp-content\/uploads\/2020\/11\/AiM-MXG-official-photo-4-LED-on-2.jpg\",\"width\":1500,\"height\":999},{\"@type\":\"BreadcrumbList\",\"@id\":\"https:\/\/www.hoogstra-autosport.nl\/product\/aim-mxg-1-2-logger-display-7\/#breadcrumb\",\"itemListElement\":[{\"@type\":\"ListItem\",\"position\":1,\"name\":\"Home\",\"item\":\"https:\/\/www.hoogstra-autosport.nl\/\"},{\"@type\":\"ListItem\",\"position\":2,\"name\":\"Elektriciteit\",\"item\":\"https:\/\/www.hoogstra-autosport.nl\/product-categorie\/elektriciteit\/\"},{\"@type\":\"ListItem\",\"position\":3,\"name\":\"AIM Displays\",\"item\":\"https:\/\/www.hoogstra-autosport.nl\/product-categorie\/elektriciteit\/aim-displays\/\"},{\"@type\":\"ListItem\",\"position\":4,\"name\":\"AIM MXG 1.2 Logger Display 7&#8242;\"}]},{\"@type\":\"WebSite\",\"@id\":\"https:\/\/www.hoogstra-autosport.nl\/#website\",\"url\":\"https:\/\/www.hoogstra-autosport.nl\/\",\"name\":\"Hoogstra Autosport\",\"description\":\"Performance Autosport Parts!\",\"potentialAction\":[{\"@type\":\"SearchAction\",\"target\":{\"@type\":\"EntryPoint\",\"urlTemplate\":\"https:\/\/www.hoogstra-autosport.nl\/?s={search_term_string}\"},\"query-input\":{\"@type\":\"PropertyValueSpecification\",\"valueRequired\":true,\"valueName\":\"search_term_string\"}}],\"inLanguage\":\"fr-FR\"}]}<\/script>\n<!-- \/ Yoast SEO plugin. -->","yoast_head_json":{"title":"AIM MXG 1.2 Logger Display 7' - Hoogstra Autosport","robots":{"index":"index","follow":"follow","max-snippet":"max-snippet:-1","max-image-preview":"max-image-preview:large","max-video-preview":"max-video-preview:-1"},"canonical":"https:\/\/www.hoogstra-autosport.nl\/fr\/produit\/aim-mxg-1-2-logger-display-7\/","og_locale":"fr_FR","og_type":"article","og_title":"AIM MXG 1.2 Logger Display 7' - Hoogstra Autosport","og_description":"De AIM MXG 1.2 is een zeer robuuste dash\/datalogger met een 7\u2033 TFT scherm en aluminium behuizing. De AIM MXG dashlogger is voorzien van de volgende kanalen: -4x wielsnelheid -1x toerental -8x vrij configureerbaar analoog kanaal -2x digitale uitgang -interne 3-assige G-krachtsensor -3x CAN bus (1x voor uitbreidingsmodules en 2x voor ECU) -ECU connectie ingangen: [&hellip;]","og_url":"https:\/\/www.hoogstra-autosport.nl\/fr\/produit\/aim-mxg-1-2-logger-display-7\/","og_site_name":"Hoogstra Autosport","article_modified_time":"2024-01-20T12:08:08+00:00","og_image":[{"width":1500,"height":999,"url":"https:\/\/www.hoogstra-autosport.nl\/teamkoen\/content\/uploads\/2020\/11\/AiM-MXG-official-photo-4-LED-on-2.jpg","type":"image\/jpeg"}],"twitter_card":"summary_large_image","twitter_misc":{"Dur\u00e9e de lecture estim\u00e9e":"1 minute"},"schema":{"@context":"https:\/\/schema.org","@graph":[{"@type":"WebPage","@id":"https:\/\/www.hoogstra-autosport.nl\/product\/aim-mxg-1-2-logger-display-7\/","url":"https:\/\/www.hoogstra-autosport.nl\/product\/aim-mxg-1-2-logger-display-7\/","name":"AIM MXG 1.2 Logger Display 7' - Hoogstra Autosport","isPartOf":{"@id":"https:\/\/www.hoogstra-autosport.nl\/#website"},"primaryImageOfPage":{"@id":"https:\/\/www.hoogstra-autosport.nl\/product\/aim-mxg-1-2-logger-display-7\/#primaryimage"},"image":{"@id":"https:\/\/www.hoogstra-autosport.nl\/product\/aim-mxg-1-2-logger-display-7\/#primaryimage"},"thumbnailUrl":"https:\/\/www.hoogstra-autosport.nl\/teamkoen\/wp-content\/uploads\/2020\/11\/AiM-MXG-official-photo-4-LED-on-2.jpg","datePublished":"2020-11-26T20:00:39+00:00","dateModified":"2024-01-20T12:08:08+00:00","breadcrumb":{"@id":"https:\/\/www.hoogstra-autosport.nl\/product\/aim-mxg-1-2-logger-display-7\/#breadcrumb"},"inLanguage":"fr-FR","potentialAction":[{"@type":"ReadAction","target":["https:\/\/www.hoogstra-autosport.nl\/product\/aim-mxg-1-2-logger-display-7\/"]}]},{"@type":"ImageObject","inLanguage":"fr-FR","@id":"https:\/\/www.hoogstra-autosport.nl\/product\/aim-mxg-1-2-logger-display-7\/#primaryimage","url":"https:\/\/www.hoogstra-autosport.nl\/teamkoen\/wp-content\/uploads\/2020\/11\/AiM-MXG-official-photo-4-LED-on-2.jpg","contentUrl":"https:\/\/www.hoogstra-autosport.nl\/teamkoen\/wp-content\/uploads\/2020\/11\/AiM-MXG-official-photo-4-LED-on-2.jpg","width":1500,"height":999},{"@type":"BreadcrumbList","@id":"https:\/\/www.hoogstra-autosport.nl\/product\/aim-mxg-1-2-logger-display-7\/#breadcrumb","itemListElement":[{"@type":"ListItem","position":1,"name":"Home","item":"https:\/\/www.hoogstra-autosport.nl\/"},{"@type":"ListItem","position":2,"name":"Elektriciteit","item":"https:\/\/www.hoogstra-autosport.nl\/product-categorie\/elektriciteit\/"},{"@type":"ListItem","position":3,"name":"AIM Displays","item":"https:\/\/www.hoogstra-autosport.nl\/product-categorie\/elektriciteit\/aim-displays\/"},{"@type":"ListItem","position":4,"name":"AIM MXG 1.2 Logger Display 7&#8242;"}]},{"@type":"WebSite","@id":"https:\/\/www.hoogstra-autosport.nl\/#website","url":"https:\/\/www.hoogstra-autosport.nl\/","name":"Hoogstra Autosport","description":"Performance Autosport Parts!","potentialAction":[{"@type":"SearchAction","target":{"@type":"EntryPoint","urlTemplate":"https:\/\/www.hoogstra-autosport.nl\/?s={search_term_string}"},"query-input":{"@type":"PropertyValueSpecification","valueRequired":true,"valueName":"search_term_string"}}],"inLanguage":"fr-FR"}]}},"tiered_pricing_type":"fixed","tiered_pricing_fixed_rules":[],"tiered_pricing_product_settings":{"layout":"default","base_unit_name":{"singular":null,"plural":null},"default_variation":null},"tiered_pricing_minimum_quantity":null,"tiered_pricing_roles_data":[],"tiered_pricing_percentage_rules":[],"tiered_pricing_maximum_quantity":null,"tiered_pricing_quantity_step":null,"_links":{"self":[{"href":"https:\/\/www.hoogstra-autosport.nl\/fr\/wp-json\/wp\/v2\/product\/35257","targetHints":{"allow":["GET"]}}],"collection":[{"href":"https:\/\/www.hoogstra-autosport.nl\/fr\/wp-json\/wp\/v2\/product"}],"about":[{"href":"https:\/\/www.hoogstra-autosport.nl\/fr\/wp-json\/wp\/v2\/types\/product"}],"wp:featuredmedia":[{"embeddable":true,"href":"https:\/\/www.hoogstra-autosport.nl\/fr\/wp-json\/wp\/v2\/media\/35258"}],"wp:attachment":[{"href":"https:\/\/www.hoogstra-autosport.nl\/fr\/wp-json\/wp\/v2\/media?parent=35257"}],"wp:term":[{"taxonomy":"product_brand","embeddable":true,"href":"https:\/\/www.hoogstra-autosport.nl\/fr\/wp-json\/wp\/v2\/product_brand?post=35257"},{"taxonomy":"product_cat","embeddable":true,"href":"https:\/\/www.hoogstra-autosport.nl\/fr\/wp-json\/wp\/v2\/product_cat?post=35257"},{"taxonomy":"product_tag","embeddable":true,"href":"https:\/\/www.hoogstra-autosport.nl\/fr\/wp-json\/wp\/v2\/product_tag?post=35257"}],"curies":[{"name":"wp","href":"https:\/\/api.w.org\/{rel}","templated":true}]}}