{"id":35252,"date":"2020-11-26T20:54:17","date_gmt":"2020-11-26T19:54:17","guid":{"rendered":"https:\/\/www.hoogstra-autosport.nl\/?post_type=product&#038;p=35252"},"modified":"2024-01-20T13:08:08","modified_gmt":"2024-01-20T12:08:08","slug":"aim-mxg-1-2-strada-7","status":"publish","type":"product","link":"https:\/\/www.hoogstra-autosport.nl\/fr\/produit\/aim-mxg-1-2-strada-7\/","title":{"rendered":"AIM MXG 1.2 Strada Display 7\u2032"},"content":{"rendered":"<p>De AIM MXG 1.2 Strada is een zeer robuust dash met een 7\u2033 TFT scherm en aluminium behuizing.<\/p>\n<p>De AIM MXG Strada is voorzien van de volgende kanalen:<br \/>\n-1x la vitesse des roues<br \/>\n-1x la vitesse<br \/>\n-8x canaux analogiques librement configurables<br \/>\n-1x sortie num\u00e9rique<br \/>\n-3x bus CAN (1x pour les modules d'extension et 2x pour l'ECU)<br \/>\n-Entr\u00e9es de connexion du calculateur : Bus CAN, RS232, K-line, OBDII<\/p>\n<p>Overige technische gegevens AIM MXG Strada systeem:<br \/>\n-Pas de stockage de donn\u00e9es<br \/>\n-\u00c9quip\u00e9 de 2 multi-connecteurs pour les harnais de c\u00e2bles<br \/>\n8 LED d'alarme librement programmables (multi-couleurs)<br \/>\n-10 feux de changement de vitesse librement programmables (multicolores)<br \/>\nEntr\u00e9es de la cam\u00e9ra de recul -2<br \/>\n-Capteur de luminosit\u00e9 int\u00e9gr\u00e9<br \/>\n-Dimensions : 237\u00d7127,6\u00d726 mm<br \/>\n-Poids : 950 grammes<br \/>\n-R\u00e9sistance aux intemp\u00e9ries : IP65<\/p>\n<p>De MXG Strada wordt standaard geleverd met een AIM MXG dashboard, 23 pins connector + pins, 14 pins kabelboom (aansluitingen: Speed-1, RPM, CAN bus, USB download, 12V voeding, ECU connectie via K-lijn, rs232 en CAN), USB kabel en Race Studio software.<\/p>\n<p>La connexion ECU permet de se connecter facilement \u00e0 plus de 1 000 ECU (programmables et d'origine), ce qui permet d'enregistrer de nombreux canaux suppl\u00e9mentaires.\u00a0<a href=\"https:\/\/www.aim-sportline.com\/en\/documentation.htm\" target=\"_blank\" rel=\"noopener noreferrer\">V\u00e9rifiez la compatibilit\u00e9 de l'\u00e9cu ici.<\/a><\/p>\n<p>L'AIM MXS Strada permet \u00e9galement d'\u00e9tendre les canaux et de connecter des modules CAN tels qu'une sonde lambda large bande AIM, une extension de canal, un module GPS, une cam\u00e9ra vid\u00e9o SmartyCam HD, un concentrateur de thermocouple, etc. Plusieurs configurations et alarmes programmables.<\/p>","protected":false},"excerpt":{"rendered":"<p>De AIM MXG 1.2 Strada is een zeer robuust dash met een 7\u2033 TFT scherm en aluminium behuizing. De AIM MXG Strada is voorzien van de volgende kanalen: -1x wielsnelheid -1x toerental -8x vrij configureerbaar analoog kanaal -1x digitale uitgang -3x CAN bus (1x voor uitbreidingsmodules en 2x voor ECU) -ECU connectie ingangen: CAN bus, [&hellip;]<\/p>\n","protected":false},"featured_media":35253,"template":"","meta":{"_acf_changed":false},"product_brand":[],"product_cat":[3927,4142],"product_tag":[],"class_list":{"0":"post-35252","1":"product","2":"type-product","3":"status-publish","4":"has-post-thumbnail","6":"product_cat-aim-displays","7":"product_cat-aim-solo","8":"product_shipping_class-4016","10":"first","11":"instock","12":"taxable","13":"shipping-taxable","14":"purchasable","15":"product-type-simple"},"acf":[],"yoast_head":"<!-- This site is optimized with the Yoast SEO plugin v27.1.1 - https:\/\/yoast.com\/product\/yoast-seo-wordpress\/ -->\n<title>AIM MXG 1.2 Strada Display 7&#039; - Hoogstra Autosport<\/title>\n<meta name=\"robots\" content=\"index, follow, max-snippet:-1, max-image-preview:large, max-video-preview:-1\" \/>\n<link rel=\"canonical\" href=\"https:\/\/www.hoogstra-autosport.nl\/fr\/produit\/aim-mxg-1-2-strada-7\/\" \/>\n<meta property=\"og:locale\" content=\"fr_FR\" \/>\n<meta property=\"og:type\" content=\"article\" \/>\n<meta property=\"og:title\" content=\"AIM MXG 1.2 Strada Display 7&#039; - Hoogstra Autosport\" \/>\n<meta property=\"og:description\" content=\"De AIM MXG 1.2 Strada is een zeer robuust dash met een 7\u2033 TFT scherm en aluminium behuizing. De AIM MXG Strada is voorzien van de volgende kanalen: -1x wielsnelheid -1x toerental -8x vrij configureerbaar analoog kanaal -1x digitale uitgang -3x CAN bus (1x voor uitbreidingsmodules en 2x voor ECU) -ECU connectie ingangen: CAN bus, [&hellip;]\" \/>\n<meta property=\"og:url\" content=\"https:\/\/www.hoogstra-autosport.nl\/fr\/produit\/aim-mxg-1-2-strada-7\/\" \/>\n<meta property=\"og:site_name\" content=\"Hoogstra Autosport\" \/>\n<meta property=\"article:modified_time\" content=\"2024-01-20T12:08:08+00:00\" \/>\n<meta property=\"og:image\" content=\"https:\/\/www.hoogstra-autosport.nl\/teamkoen\/content\/uploads\/2020\/11\/AiM-MXG-1.2-Strada-official-photo-1.jpg\" \/>\n\t<meta property=\"og:image:width\" content=\"1500\" \/>\n\t<meta property=\"og:image:height\" content=\"999\" \/>\n\t<meta property=\"og:image:type\" content=\"image\/jpeg\" \/>\n<meta name=\"twitter:card\" content=\"summary_large_image\" \/>\n<meta name=\"twitter:label1\" content=\"Dur\u00e9e de lecture estim\u00e9e\" \/>\n\t<meta name=\"twitter:data1\" content=\"1 minute\" \/>\n<script type=\"application\/ld+json\" class=\"yoast-schema-graph\">{\"@context\":\"https:\/\/schema.org\",\"@graph\":[{\"@type\":\"WebPage\",\"@id\":\"https:\/\/www.hoogstra-autosport.nl\/product\/aim-mxg-1-2-strada-7\/\",\"url\":\"https:\/\/www.hoogstra-autosport.nl\/product\/aim-mxg-1-2-strada-7\/\",\"name\":\"AIM MXG 1.2 Strada Display 7' - Hoogstra Autosport\",\"isPartOf\":{\"@id\":\"https:\/\/www.hoogstra-autosport.nl\/#website\"},\"primaryImageOfPage\":{\"@id\":\"https:\/\/www.hoogstra-autosport.nl\/product\/aim-mxg-1-2-strada-7\/#primaryimage\"},\"image\":{\"@id\":\"https:\/\/www.hoogstra-autosport.nl\/product\/aim-mxg-1-2-strada-7\/#primaryimage\"},\"thumbnailUrl\":\"https:\/\/www.hoogstra-autosport.nl\/teamkoen\/wp-content\/uploads\/2020\/11\/AiM-MXG-1.2-Strada-official-photo-1.jpg\",\"datePublished\":\"2020-11-26T19:54:17+00:00\",\"dateModified\":\"2024-01-20T12:08:08+00:00\",\"breadcrumb\":{\"@id\":\"https:\/\/www.hoogstra-autosport.nl\/product\/aim-mxg-1-2-strada-7\/#breadcrumb\"},\"inLanguage\":\"fr-FR\",\"potentialAction\":[{\"@type\":\"ReadAction\",\"target\":[\"https:\/\/www.hoogstra-autosport.nl\/product\/aim-mxg-1-2-strada-7\/\"]}]},{\"@type\":\"ImageObject\",\"inLanguage\":\"fr-FR\",\"@id\":\"https:\/\/www.hoogstra-autosport.nl\/product\/aim-mxg-1-2-strada-7\/#primaryimage\",\"url\":\"https:\/\/www.hoogstra-autosport.nl\/teamkoen\/wp-content\/uploads\/2020\/11\/AiM-MXG-1.2-Strada-official-photo-1.jpg\",\"contentUrl\":\"https:\/\/www.hoogstra-autosport.nl\/teamkoen\/wp-content\/uploads\/2020\/11\/AiM-MXG-1.2-Strada-official-photo-1.jpg\",\"width\":1500,\"height\":999},{\"@type\":\"BreadcrumbList\",\"@id\":\"https:\/\/www.hoogstra-autosport.nl\/product\/aim-mxg-1-2-strada-7\/#breadcrumb\",\"itemListElement\":[{\"@type\":\"ListItem\",\"position\":1,\"name\":\"Home\",\"item\":\"https:\/\/www.hoogstra-autosport.nl\/\"},{\"@type\":\"ListItem\",\"position\":2,\"name\":\"Elektriciteit\",\"item\":\"https:\/\/www.hoogstra-autosport.nl\/product-categorie\/elektriciteit\/\"},{\"@type\":\"ListItem\",\"position\":3,\"name\":\"AIM Displays\",\"item\":\"https:\/\/www.hoogstra-autosport.nl\/product-categorie\/elektriciteit\/aim-displays\/\"},{\"@type\":\"ListItem\",\"position\":4,\"name\":\"AIM MXG 1.2 Strada Display 7&#8242;\"}]},{\"@type\":\"WebSite\",\"@id\":\"https:\/\/www.hoogstra-autosport.nl\/#website\",\"url\":\"https:\/\/www.hoogstra-autosport.nl\/\",\"name\":\"Hoogstra Autosport\",\"description\":\"Performance Autosport Parts!\",\"potentialAction\":[{\"@type\":\"SearchAction\",\"target\":{\"@type\":\"EntryPoint\",\"urlTemplate\":\"https:\/\/www.hoogstra-autosport.nl\/?s={search_term_string}\"},\"query-input\":{\"@type\":\"PropertyValueSpecification\",\"valueRequired\":true,\"valueName\":\"search_term_string\"}}],\"inLanguage\":\"fr-FR\"}]}<\/script>\n<!-- \/ Yoast SEO plugin. -->","yoast_head_json":{"title":"AIM MXG 1.2 Strada Display 7' - Hoogstra Autosport","robots":{"index":"index","follow":"follow","max-snippet":"max-snippet:-1","max-image-preview":"max-image-preview:large","max-video-preview":"max-video-preview:-1"},"canonical":"https:\/\/www.hoogstra-autosport.nl\/fr\/produit\/aim-mxg-1-2-strada-7\/","og_locale":"fr_FR","og_type":"article","og_title":"AIM MXG 1.2 Strada Display 7' - Hoogstra Autosport","og_description":"De AIM MXG 1.2 Strada is een zeer robuust dash met een 7\u2033 TFT scherm en aluminium behuizing. De AIM MXG Strada is voorzien van de volgende kanalen: -1x wielsnelheid -1x toerental -8x vrij configureerbaar analoog kanaal -1x digitale uitgang -3x CAN bus (1x voor uitbreidingsmodules en 2x voor ECU) -ECU connectie ingangen: CAN bus, [&hellip;]","og_url":"https:\/\/www.hoogstra-autosport.nl\/fr\/produit\/aim-mxg-1-2-strada-7\/","og_site_name":"Hoogstra Autosport","article_modified_time":"2024-01-20T12:08:08+00:00","og_image":[{"width":1500,"height":999,"url":"https:\/\/www.hoogstra-autosport.nl\/teamkoen\/content\/uploads\/2020\/11\/AiM-MXG-1.2-Strada-official-photo-1.jpg","type":"image\/jpeg"}],"twitter_card":"summary_large_image","twitter_misc":{"Dur\u00e9e de lecture estim\u00e9e":"1 minute"},"schema":{"@context":"https:\/\/schema.org","@graph":[{"@type":"WebPage","@id":"https:\/\/www.hoogstra-autosport.nl\/product\/aim-mxg-1-2-strada-7\/","url":"https:\/\/www.hoogstra-autosport.nl\/product\/aim-mxg-1-2-strada-7\/","name":"AIM MXG 1.2 Strada Display 7' - Hoogstra Autosport","isPartOf":{"@id":"https:\/\/www.hoogstra-autosport.nl\/#website"},"primaryImageOfPage":{"@id":"https:\/\/www.hoogstra-autosport.nl\/product\/aim-mxg-1-2-strada-7\/#primaryimage"},"image":{"@id":"https:\/\/www.hoogstra-autosport.nl\/product\/aim-mxg-1-2-strada-7\/#primaryimage"},"thumbnailUrl":"https:\/\/www.hoogstra-autosport.nl\/teamkoen\/wp-content\/uploads\/2020\/11\/AiM-MXG-1.2-Strada-official-photo-1.jpg","datePublished":"2020-11-26T19:54:17+00:00","dateModified":"2024-01-20T12:08:08+00:00","breadcrumb":{"@id":"https:\/\/www.hoogstra-autosport.nl\/product\/aim-mxg-1-2-strada-7\/#breadcrumb"},"inLanguage":"fr-FR","potentialAction":[{"@type":"ReadAction","target":["https:\/\/www.hoogstra-autosport.nl\/product\/aim-mxg-1-2-strada-7\/"]}]},{"@type":"ImageObject","inLanguage":"fr-FR","@id":"https:\/\/www.hoogstra-autosport.nl\/product\/aim-mxg-1-2-strada-7\/#primaryimage","url":"https:\/\/www.hoogstra-autosport.nl\/teamkoen\/wp-content\/uploads\/2020\/11\/AiM-MXG-1.2-Strada-official-photo-1.jpg","contentUrl":"https:\/\/www.hoogstra-autosport.nl\/teamkoen\/wp-content\/uploads\/2020\/11\/AiM-MXG-1.2-Strada-official-photo-1.jpg","width":1500,"height":999},{"@type":"BreadcrumbList","@id":"https:\/\/www.hoogstra-autosport.nl\/product\/aim-mxg-1-2-strada-7\/#breadcrumb","itemListElement":[{"@type":"ListItem","position":1,"name":"Home","item":"https:\/\/www.hoogstra-autosport.nl\/"},{"@type":"ListItem","position":2,"name":"Elektriciteit","item":"https:\/\/www.hoogstra-autosport.nl\/product-categorie\/elektriciteit\/"},{"@type":"ListItem","position":3,"name":"AIM Displays","item":"https:\/\/www.hoogstra-autosport.nl\/product-categorie\/elektriciteit\/aim-displays\/"},{"@type":"ListItem","position":4,"name":"AIM MXG 1.2 Strada Display 7&#8242;"}]},{"@type":"WebSite","@id":"https:\/\/www.hoogstra-autosport.nl\/#website","url":"https:\/\/www.hoogstra-autosport.nl\/","name":"Hoogstra Autosport","description":"Performance Autosport Parts!","potentialAction":[{"@type":"SearchAction","target":{"@type":"EntryPoint","urlTemplate":"https:\/\/www.hoogstra-autosport.nl\/?s={search_term_string}"},"query-input":{"@type":"PropertyValueSpecification","valueRequired":true,"valueName":"search_term_string"}}],"inLanguage":"fr-FR"}]}},"tiered_pricing_type":"fixed","tiered_pricing_fixed_rules":[],"tiered_pricing_product_settings":{"layout":"default","base_unit_name":{"singular":null,"plural":null},"default_variation":null},"tiered_pricing_minimum_quantity":null,"tiered_pricing_roles_data":[],"tiered_pricing_percentage_rules":[],"tiered_pricing_maximum_quantity":null,"tiered_pricing_quantity_step":null,"_links":{"self":[{"href":"https:\/\/www.hoogstra-autosport.nl\/fr\/wp-json\/wp\/v2\/product\/35252","targetHints":{"allow":["GET"]}}],"collection":[{"href":"https:\/\/www.hoogstra-autosport.nl\/fr\/wp-json\/wp\/v2\/product"}],"about":[{"href":"https:\/\/www.hoogstra-autosport.nl\/fr\/wp-json\/wp\/v2\/types\/product"}],"wp:featuredmedia":[{"embeddable":true,"href":"https:\/\/www.hoogstra-autosport.nl\/fr\/wp-json\/wp\/v2\/media\/35253"}],"wp:attachment":[{"href":"https:\/\/www.hoogstra-autosport.nl\/fr\/wp-json\/wp\/v2\/media?parent=35252"}],"wp:term":[{"taxonomy":"product_brand","embeddable":true,"href":"https:\/\/www.hoogstra-autosport.nl\/fr\/wp-json\/wp\/v2\/product_brand?post=35252"},{"taxonomy":"product_cat","embeddable":true,"href":"https:\/\/www.hoogstra-autosport.nl\/fr\/wp-json\/wp\/v2\/product_cat?post=35252"},{"taxonomy":"product_tag","embeddable":true,"href":"https:\/\/www.hoogstra-autosport.nl\/fr\/wp-json\/wp\/v2\/product_tag?post=35252"}],"curies":[{"name":"wp","href":"https:\/\/api.w.org\/{rel}","templated":true}]}}