{"id":35247,"date":"2020-11-26T20:50:02","date_gmt":"2020-11-26T19:50:02","guid":{"rendered":"https:\/\/www.hoogstra-autosport.nl\/?post_type=product&#038;p=35247"},"modified":"2024-01-20T13:08:08","modified_gmt":"2024-01-20T12:08:08","slug":"aim-mxp-strada-display-6","status":"publish","type":"product","link":"https:\/\/www.hoogstra-autosport.nl\/fr\/produit\/aim-mxp-strada-display-6\/","title":{"rendered":"AIM MXP Strada Display 6\u2032"},"content":{"rendered":"<p>L'AIM MXP Strada est un tableau de bord tr\u00e8s robuste avec un \u00e9cran TFT de 6\u2033 et un bo\u00eetier en aluminium.<\/p>\n<p>L'AIM MXP Strada dispose des canaux suivants :<br \/>\n-1x la vitesse des roues<br \/>\n-1x la vitesse<br \/>\n-8x canaux analogiques librement configurables<br \/>\n-1x sortie num\u00e9rique<br \/>\n-3x bus CAN (1x pour les modules d'extension et 2x pour l'ECU)<br \/>\n-Entr\u00e9es de connexion du calculateur : Bus CAN, RS232, K-line, OBDII<\/p>\n<p>Autres donn\u00e9es techniques Syst\u00e8me AIM MXP Strada :<br \/>\n-Pas de stockage de donn\u00e9es<br \/>\n-\u00c9quip\u00e9 de 2 multi-connecteurs pour les harnais de c\u00e2bles<br \/>\n-5 LED ou ic\u00f4nes d'alarme librement programmables (multicolores)<br \/>\n-10 feux de changement de vitesse librement programmables (multicolores)<br \/>\n-Capteur de luminosit\u00e9 int\u00e9gr\u00e9<br \/>\nEntr\u00e9es de la cam\u00e9ra de recul -2<br \/>\n-Dimensions : 189,6 x 106,4 x 24,9 mm<br \/>\n-Poids : 590 grammes<br \/>\n-R\u00e9sistance aux intemp\u00e9ries : IP65<\/p>\n<p>Le MXP Strada est livr\u00e9 en standard avec un tableau de bord AIM MXP, un connecteur 23 broches + broches, un faisceau de c\u00e2bles 14 broches (connexions : Speed-1, RPM, bus CAN, t\u00e9l\u00e9chargement USB, alimentation 12V, connexion ECU via K-line, rs232 et CAN), c\u00e2ble USB et logiciel Race Studio.<\/p>\n<p>La connexion ECU permet de se connecter facilement \u00e0 plus de 1 000 ECU (programmables et d'origine), ce qui permet d'enregistrer de nombreux canaux suppl\u00e9mentaires.\u00a0<a href=\"https:\/\/www.aim-sportline.com\/en\/documentation.htm\" target=\"_blank\" rel=\"noopener noreferrer\">V\u00e9rifiez la compatibilit\u00e9 de l'\u00e9cu ici.<\/a><\/p>\n<p>L'AIM MXS Strada permet \u00e9galement d'\u00e9tendre les canaux et de connecter des modules CAN tels qu'une sonde lambda large bande AIM, une extension de canal, un module GPS, une cam\u00e9ra vid\u00e9o SmartyCam HD, un concentrateur de thermocouple, etc. Plusieurs configurations et alarmes programmables.<\/p>","protected":false},"excerpt":{"rendered":"<p>De AIM MXP Strada is een zeer robuust dash met een 6\u2033 TFT scherm en aluminium behuizing. De AIM MXP Strada is voorzien van de volgende kanalen: -1x wielsnelheid -1x toerental -8x vrij configureerbaar analoog kanaal -1x digitale uitgang -3x CAN bus (1x voor uitbreidingsmodules en 2x voor ECU) -ECU connectie ingangen: CAN bus, RS232, [&hellip;]<\/p>\n","protected":false},"featured_media":35248,"template":"","meta":{"_acf_changed":false},"product_brand":[],"product_cat":[3927,4142],"product_tag":[],"class_list":{"0":"post-35247","1":"product","2":"type-product","3":"status-publish","4":"has-post-thumbnail","6":"product_cat-aim-displays","7":"product_cat-aim-solo","8":"product_shipping_class-4016","10":"first","11":"instock","12":"taxable","13":"shipping-taxable","14":"purchasable","15":"product-type-simple"},"acf":[],"yoast_head":"<!-- This site is optimized with the Yoast SEO plugin v27.1.1 - https:\/\/yoast.com\/product\/yoast-seo-wordpress\/ -->\n<title>AIM MXP Strada Display 6&#039; - Hoogstra Autosport<\/title>\n<meta name=\"robots\" content=\"index, follow, max-snippet:-1, max-image-preview:large, max-video-preview:-1\" \/>\n<link rel=\"canonical\" href=\"https:\/\/www.hoogstra-autosport.nl\/fr\/produit\/aim-mxp-strada-display-6\/\" \/>\n<meta property=\"og:locale\" content=\"fr_FR\" \/>\n<meta property=\"og:type\" content=\"article\" \/>\n<meta property=\"og:title\" content=\"AIM MXP Strada Display 6&#039; - Hoogstra Autosport\" \/>\n<meta property=\"og:description\" content=\"De AIM MXP Strada is een zeer robuust dash met een 6\u2033 TFT scherm en aluminium behuizing. De AIM MXP Strada is voorzien van de volgende kanalen: -1x wielsnelheid -1x toerental -8x vrij configureerbaar analoog kanaal -1x digitale uitgang -3x CAN bus (1x voor uitbreidingsmodules en 2x voor ECU) -ECU connectie ingangen: CAN bus, RS232, [&hellip;]\" \/>\n<meta property=\"og:url\" content=\"https:\/\/www.hoogstra-autosport.nl\/fr\/produit\/aim-mxp-strada-display-6\/\" \/>\n<meta property=\"og:site_name\" content=\"Hoogstra Autosport\" \/>\n<meta property=\"article:modified_time\" content=\"2024-01-20T12:08:08+00:00\" \/>\n<meta property=\"og:image\" content=\"https:\/\/www.hoogstra-autosport.nl\/teamkoen\/content\/uploads\/2020\/11\/AiM-MXP-Strada-official-photo-1-street-icons.jpg\" \/>\n\t<meta property=\"og:image:width\" content=\"1500\" \/>\n\t<meta property=\"og:image:height\" content=\"993\" \/>\n\t<meta property=\"og:image:type\" content=\"image\/jpeg\" \/>\n<meta name=\"twitter:card\" content=\"summary_large_image\" \/>\n<meta name=\"twitter:label1\" content=\"Dur\u00e9e de lecture estim\u00e9e\" \/>\n\t<meta name=\"twitter:data1\" content=\"2 minutes\" \/>\n<script type=\"application\/ld+json\" class=\"yoast-schema-graph\">{\"@context\":\"https:\/\/schema.org\",\"@graph\":[{\"@type\":\"WebPage\",\"@id\":\"https:\/\/www.hoogstra-autosport.nl\/product\/aim-mxp-strada-display-6\/\",\"url\":\"https:\/\/www.hoogstra-autosport.nl\/product\/aim-mxp-strada-display-6\/\",\"name\":\"AIM MXP Strada Display 6' - Hoogstra Autosport\",\"isPartOf\":{\"@id\":\"https:\/\/www.hoogstra-autosport.nl\/#website\"},\"primaryImageOfPage\":{\"@id\":\"https:\/\/www.hoogstra-autosport.nl\/product\/aim-mxp-strada-display-6\/#primaryimage\"},\"image\":{\"@id\":\"https:\/\/www.hoogstra-autosport.nl\/product\/aim-mxp-strada-display-6\/#primaryimage\"},\"thumbnailUrl\":\"https:\/\/www.hoogstra-autosport.nl\/teamkoen\/wp-content\/uploads\/2020\/11\/AiM-MXP-Strada-official-photo-1-street-icons.jpg\",\"datePublished\":\"2020-11-26T19:50:02+00:00\",\"dateModified\":\"2024-01-20T12:08:08+00:00\",\"breadcrumb\":{\"@id\":\"https:\/\/www.hoogstra-autosport.nl\/product\/aim-mxp-strada-display-6\/#breadcrumb\"},\"inLanguage\":\"fr-FR\",\"potentialAction\":[{\"@type\":\"ReadAction\",\"target\":[\"https:\/\/www.hoogstra-autosport.nl\/product\/aim-mxp-strada-display-6\/\"]}]},{\"@type\":\"ImageObject\",\"inLanguage\":\"fr-FR\",\"@id\":\"https:\/\/www.hoogstra-autosport.nl\/product\/aim-mxp-strada-display-6\/#primaryimage\",\"url\":\"https:\/\/www.hoogstra-autosport.nl\/teamkoen\/wp-content\/uploads\/2020\/11\/AiM-MXP-Strada-official-photo-1-street-icons.jpg\",\"contentUrl\":\"https:\/\/www.hoogstra-autosport.nl\/teamkoen\/wp-content\/uploads\/2020\/11\/AiM-MXP-Strada-official-photo-1-street-icons.jpg\",\"width\":1500,\"height\":993},{\"@type\":\"BreadcrumbList\",\"@id\":\"https:\/\/www.hoogstra-autosport.nl\/product\/aim-mxp-strada-display-6\/#breadcrumb\",\"itemListElement\":[{\"@type\":\"ListItem\",\"position\":1,\"name\":\"Home\",\"item\":\"https:\/\/www.hoogstra-autosport.nl\/\"},{\"@type\":\"ListItem\",\"position\":2,\"name\":\"Elektriciteit\",\"item\":\"https:\/\/www.hoogstra-autosport.nl\/product-categorie\/elektriciteit\/\"},{\"@type\":\"ListItem\",\"position\":3,\"name\":\"AIM Displays\",\"item\":\"https:\/\/www.hoogstra-autosport.nl\/product-categorie\/elektriciteit\/aim-displays\/\"},{\"@type\":\"ListItem\",\"position\":4,\"name\":\"AIM MXP Strada Display 6&#8242;\"}]},{\"@type\":\"WebSite\",\"@id\":\"https:\/\/www.hoogstra-autosport.nl\/#website\",\"url\":\"https:\/\/www.hoogstra-autosport.nl\/\",\"name\":\"Hoogstra Autosport\",\"description\":\"Performance Autosport Parts!\",\"potentialAction\":[{\"@type\":\"SearchAction\",\"target\":{\"@type\":\"EntryPoint\",\"urlTemplate\":\"https:\/\/www.hoogstra-autosport.nl\/?s={search_term_string}\"},\"query-input\":{\"@type\":\"PropertyValueSpecification\",\"valueRequired\":true,\"valueName\":\"search_term_string\"}}],\"inLanguage\":\"fr-FR\"}]}<\/script>\n<!-- \/ Yoast SEO plugin. -->","yoast_head_json":{"title":"AIM MXP Strada Display 6' - Hoogstra Autosport","robots":{"index":"index","follow":"follow","max-snippet":"max-snippet:-1","max-image-preview":"max-image-preview:large","max-video-preview":"max-video-preview:-1"},"canonical":"https:\/\/www.hoogstra-autosport.nl\/fr\/produit\/aim-mxp-strada-display-6\/","og_locale":"fr_FR","og_type":"article","og_title":"AIM MXP Strada Display 6' - Hoogstra Autosport","og_description":"De AIM MXP Strada is een zeer robuust dash met een 6\u2033 TFT scherm en aluminium behuizing. De AIM MXP Strada is voorzien van de volgende kanalen: -1x wielsnelheid -1x toerental -8x vrij configureerbaar analoog kanaal -1x digitale uitgang -3x CAN bus (1x voor uitbreidingsmodules en 2x voor ECU) -ECU connectie ingangen: CAN bus, RS232, [&hellip;]","og_url":"https:\/\/www.hoogstra-autosport.nl\/fr\/produit\/aim-mxp-strada-display-6\/","og_site_name":"Hoogstra Autosport","article_modified_time":"2024-01-20T12:08:08+00:00","og_image":[{"width":1500,"height":993,"url":"https:\/\/www.hoogstra-autosport.nl\/teamkoen\/content\/uploads\/2020\/11\/AiM-MXP-Strada-official-photo-1-street-icons.jpg","type":"image\/jpeg"}],"twitter_card":"summary_large_image","twitter_misc":{"Dur\u00e9e de lecture estim\u00e9e":"2 minutes"},"schema":{"@context":"https:\/\/schema.org","@graph":[{"@type":"WebPage","@id":"https:\/\/www.hoogstra-autosport.nl\/product\/aim-mxp-strada-display-6\/","url":"https:\/\/www.hoogstra-autosport.nl\/product\/aim-mxp-strada-display-6\/","name":"AIM MXP Strada Display 6' - Hoogstra Autosport","isPartOf":{"@id":"https:\/\/www.hoogstra-autosport.nl\/#website"},"primaryImageOfPage":{"@id":"https:\/\/www.hoogstra-autosport.nl\/product\/aim-mxp-strada-display-6\/#primaryimage"},"image":{"@id":"https:\/\/www.hoogstra-autosport.nl\/product\/aim-mxp-strada-display-6\/#primaryimage"},"thumbnailUrl":"https:\/\/www.hoogstra-autosport.nl\/teamkoen\/wp-content\/uploads\/2020\/11\/AiM-MXP-Strada-official-photo-1-street-icons.jpg","datePublished":"2020-11-26T19:50:02+00:00","dateModified":"2024-01-20T12:08:08+00:00","breadcrumb":{"@id":"https:\/\/www.hoogstra-autosport.nl\/product\/aim-mxp-strada-display-6\/#breadcrumb"},"inLanguage":"fr-FR","potentialAction":[{"@type":"ReadAction","target":["https:\/\/www.hoogstra-autosport.nl\/product\/aim-mxp-strada-display-6\/"]}]},{"@type":"ImageObject","inLanguage":"fr-FR","@id":"https:\/\/www.hoogstra-autosport.nl\/product\/aim-mxp-strada-display-6\/#primaryimage","url":"https:\/\/www.hoogstra-autosport.nl\/teamkoen\/wp-content\/uploads\/2020\/11\/AiM-MXP-Strada-official-photo-1-street-icons.jpg","contentUrl":"https:\/\/www.hoogstra-autosport.nl\/teamkoen\/wp-content\/uploads\/2020\/11\/AiM-MXP-Strada-official-photo-1-street-icons.jpg","width":1500,"height":993},{"@type":"BreadcrumbList","@id":"https:\/\/www.hoogstra-autosport.nl\/product\/aim-mxp-strada-display-6\/#breadcrumb","itemListElement":[{"@type":"ListItem","position":1,"name":"Home","item":"https:\/\/www.hoogstra-autosport.nl\/"},{"@type":"ListItem","position":2,"name":"Elektriciteit","item":"https:\/\/www.hoogstra-autosport.nl\/product-categorie\/elektriciteit\/"},{"@type":"ListItem","position":3,"name":"AIM Displays","item":"https:\/\/www.hoogstra-autosport.nl\/product-categorie\/elektriciteit\/aim-displays\/"},{"@type":"ListItem","position":4,"name":"AIM MXP Strada Display 6&#8242;"}]},{"@type":"WebSite","@id":"https:\/\/www.hoogstra-autosport.nl\/#website","url":"https:\/\/www.hoogstra-autosport.nl\/","name":"Hoogstra Autosport","description":"Performance Autosport Parts!","potentialAction":[{"@type":"SearchAction","target":{"@type":"EntryPoint","urlTemplate":"https:\/\/www.hoogstra-autosport.nl\/?s={search_term_string}"},"query-input":{"@type":"PropertyValueSpecification","valueRequired":true,"valueName":"search_term_string"}}],"inLanguage":"fr-FR"}]}},"tiered_pricing_type":"fixed","tiered_pricing_fixed_rules":[],"tiered_pricing_product_settings":{"layout":"default","base_unit_name":{"singular":null,"plural":null},"default_variation":null},"tiered_pricing_minimum_quantity":null,"tiered_pricing_roles_data":[],"tiered_pricing_percentage_rules":[],"tiered_pricing_maximum_quantity":null,"tiered_pricing_quantity_step":null,"_links":{"self":[{"href":"https:\/\/www.hoogstra-autosport.nl\/fr\/wp-json\/wp\/v2\/product\/35247","targetHints":{"allow":["GET"]}}],"collection":[{"href":"https:\/\/www.hoogstra-autosport.nl\/fr\/wp-json\/wp\/v2\/product"}],"about":[{"href":"https:\/\/www.hoogstra-autosport.nl\/fr\/wp-json\/wp\/v2\/types\/product"}],"wp:featuredmedia":[{"embeddable":true,"href":"https:\/\/www.hoogstra-autosport.nl\/fr\/wp-json\/wp\/v2\/media\/35248"}],"wp:attachment":[{"href":"https:\/\/www.hoogstra-autosport.nl\/fr\/wp-json\/wp\/v2\/media?parent=35247"}],"wp:term":[{"taxonomy":"product_brand","embeddable":true,"href":"https:\/\/www.hoogstra-autosport.nl\/fr\/wp-json\/wp\/v2\/product_brand?post=35247"},{"taxonomy":"product_cat","embeddable":true,"href":"https:\/\/www.hoogstra-autosport.nl\/fr\/wp-json\/wp\/v2\/product_cat?post=35247"},{"taxonomy":"product_tag","embeddable":true,"href":"https:\/\/www.hoogstra-autosport.nl\/fr\/wp-json\/wp\/v2\/product_tag?post=35247"}],"curies":[{"name":"wp","href":"https:\/\/api.w.org\/{rel}","templated":true}]}}