{"id":35157,"date":"2020-11-24T19:00:07","date_gmt":"2020-11-24T18:00:07","guid":{"rendered":"https:\/\/www.hoogstra-autosport.nl\/?post_type=product&#038;p=35157"},"modified":"2024-01-20T13:08:04","modified_gmt":"2024-01-20T12:08:04","slug":"aim-solo-2-lap-timer","status":"publish","type":"product","link":"https:\/\/www.hoogstra-autosport.nl\/fr\/produit\/aim-solo-2-lap-timer\/","title":{"rendered":"Chronom\u00e8tre AIM Solo 2"},"content":{"rendered":"<p>Lorsque ce chronom\u00e8tre avanc\u00e9 AIM Solo 2 est allum\u00e9, il reconna\u00eet imm\u00e9diatement sa position et la ligne de d\u00e9part\/arriv\u00e9e gr\u00e2ce \u00e0 son GPS int\u00e9gr\u00e9. Outre les temps au tour, les temps interm\u00e9diaires et la pr\u00e9diction des temps au tour (pr\u00e9dictive) peuvent \u00e9galement \u00eatre affich\u00e9s \u00e0 l'aide de LED rouges ou vertes. Et le \"rolling time\" est parfait pour le code 60 !<\/p>\n<p>Le chronom\u00e8tre est pr\u00e9programm\u00e9 avec les lignes de d\u00e9part et d'arriv\u00e9e de nombreux circuits dans le monde, mais vous pouvez bien s\u00fbr ajouter vos propres circuits. Lorsque le circuit n'est pas pr\u00e9sent, il suffit de passer en mode d'apprentissage automatique pour enregistrer toutes les donn\u00e9es du circuit et les temps au tour. Le Solo 2 dispose d'une m\u00e9moire interne de 4 Go pour stocker les donn\u00e9es de course. Un chargeur normal, un chargeur de voiture et un support de montage sont inclus.<\/p>\n<p>L'AIM Solo 2 offre plusieurs options de course :<\/p>\n<p>- Course sur circuit ferm\u00e9<br \/>\n- Trajectoire, du point A au point B<br \/>\n- Tests de r\u00e9gularit\u00e9<br \/>\n- Tests d'acc\u00e9l\u00e9ration (0-100\/160km\/h ou 100\/400\/1000m etc.)<\/p>\n<p>Les LEDs RGB librement configurables donnent une indication claire et pr\u00e9cise de la diff\u00e9rence de temps au tour par rapport au meilleur tour effectu\u00e9. L'analyse des donn\u00e9es et des r\u00e9sultats enregistr\u00e9s n'a jamais \u00e9t\u00e9 aussi facile sur un AIM Solo. L'analyse de vos performances mesur\u00e9es peut \u00e9galement \u00eatre effectu\u00e9e sur votre I-phone connect\u00e9 \u00e0 cet enregistreur de donn\u00e9es.<\/p>\n<p>Les programmes AIM RaceStudio 3 et RaceStudio Analysis peuvent \u00eatre t\u00e9l\u00e9charg\u00e9s et utilis\u00e9s gratuitement. La mise \u00e0 jour du Frimware, des circuits, le t\u00e9l\u00e9chargement des donn\u00e9es de course avec une connexion WIFI ainsi que l'analyse de vos performances n'ont jamais \u00e9t\u00e9 aussi faciles.<\/p>\n<p>\u00c9cran : Graphique<br \/>\nR\u00e9solution de l'\u00e9cran : 238\u00d799 pixels<br \/>\nPages d'affichage : 8 librement configurables<br \/>\n\u00c9clairage de fond : 7 couleurs RVB configurables<br \/>\nVoyants de changement de vitesse\/alarme : 10 LED RVB configurables<br \/>\nBase de donn\u00e9es des pistes : Oui, int\u00e9gr\u00e9e<br \/>\nAcc\u00e9l\u00e9rom\u00e8tre interne \u00e0 3 axes \u00b15G + gyroscope \u00e0 3 axes + magn\u00e9tom\u00e8tre \u00e0 3 axes<br \/>\nConnexion Wi-Fi : Oui<br \/>\nGPS : 10 Hz<br \/>\nAlimentation externe : 12 V DC<br \/>\nM\u00e9moire : 4 Gb<br \/>\nType de batterie : Version rechargeable au lithium<br \/>\nBoutons de commande : m\u00e9talliques<br \/>\nDimensions : 98.0\u00d773.7\u00d730.2 mm<br \/>\nPoids : 240 gr (batterie incluse)<br \/>\nR\u00e9sistance \u00e0 l'eau : IP67<\/p>","protected":false},"excerpt":{"rendered":"<p>Wanneer deze geavanceerde Laptimer AIM Solo 2 wordt aangezet, herkent het gelijk zijn positie en de start-\/finishlijn door de ingebouwde GPS. Naast rondetijden kunnen ook splittijden en voorspelling van rondetijden (predictive) worden getoond icm rode of groene leds ter indicatie. En &#8216;rolling time&#8217; is perfect voor de code 60! De laptimer is voorgeprogrammeerd met de [&hellip;]<\/p>\n","protected":false},"featured_media":35158,"template":"","meta":{"_acf_changed":false},"product_brand":[],"product_cat":[3927,4142],"product_tag":[],"class_list":{"0":"post-35157","1":"product","2":"type-product","3":"status-publish","4":"has-post-thumbnail","6":"product_cat-aim-displays","7":"product_cat-aim-solo","8":"product_shipping_class-4016","10":"first","11":"instock","12":"taxable","13":"shipping-taxable","14":"purchasable","15":"product-type-simple"},"acf":[],"yoast_head":"<!-- This site is optimized with the Yoast SEO plugin v27.1.1 - https:\/\/yoast.com\/product\/yoast-seo-wordpress\/ -->\n<title>AIM Solo 2 Lap Timer - Hoogstra Autosport<\/title>\n<meta name=\"robots\" content=\"index, follow, max-snippet:-1, max-image-preview:large, max-video-preview:-1\" \/>\n<link rel=\"canonical\" href=\"https:\/\/www.hoogstra-autosport.nl\/fr\/produit\/aim-solo-2-lap-timer\/\" \/>\n<meta property=\"og:locale\" content=\"fr_FR\" \/>\n<meta property=\"og:type\" content=\"article\" \/>\n<meta property=\"og:title\" content=\"AIM Solo 2 Lap Timer - Hoogstra Autosport\" \/>\n<meta property=\"og:description\" content=\"Wanneer deze geavanceerde Laptimer AIM Solo 2 wordt aangezet, herkent het gelijk zijn positie en de start-\/finishlijn door de ingebouwde GPS. Naast rondetijden kunnen ook splittijden en voorspelling van rondetijden (predictive) worden getoond icm rode of groene leds ter indicatie. En &#8216;rolling time&#8217; is perfect voor de code 60! De laptimer is voorgeprogrammeerd met de [&hellip;]\" \/>\n<meta property=\"og:url\" content=\"https:\/\/www.hoogstra-autosport.nl\/fr\/produit\/aim-solo-2-lap-timer\/\" \/>\n<meta property=\"og:site_name\" content=\"Hoogstra Autosport\" \/>\n<meta property=\"article:modified_time\" content=\"2024-01-20T12:08:04+00:00\" \/>\n<meta property=\"og:image\" content=\"https:\/\/www.hoogstra-autosport.nl\/teamkoen\/content\/uploads\/2020\/11\/aim-solo-2-gps-laptimer.jpg\" \/>\n\t<meta property=\"og:image:width\" content=\"650\" \/>\n\t<meta property=\"og:image:height\" content=\"750\" \/>\n\t<meta property=\"og:image:type\" content=\"image\/jpeg\" \/>\n<meta name=\"twitter:card\" content=\"summary_large_image\" \/>\n<meta name=\"twitter:label1\" content=\"Dur\u00e9e de lecture estim\u00e9e\" \/>\n\t<meta name=\"twitter:data1\" content=\"2 minutes\" \/>\n<script type=\"application\/ld+json\" class=\"yoast-schema-graph\">{\"@context\":\"https:\/\/schema.org\",\"@graph\":[{\"@type\":\"WebPage\",\"@id\":\"https:\/\/www.hoogstra-autosport.nl\/product\/aim-solo-2-lap-timer\/\",\"url\":\"https:\/\/www.hoogstra-autosport.nl\/product\/aim-solo-2-lap-timer\/\",\"name\":\"AIM Solo 2 Lap Timer - Hoogstra Autosport\",\"isPartOf\":{\"@id\":\"https:\/\/www.hoogstra-autosport.nl\/#website\"},\"primaryImageOfPage\":{\"@id\":\"https:\/\/www.hoogstra-autosport.nl\/product\/aim-solo-2-lap-timer\/#primaryimage\"},\"image\":{\"@id\":\"https:\/\/www.hoogstra-autosport.nl\/product\/aim-solo-2-lap-timer\/#primaryimage\"},\"thumbnailUrl\":\"https:\/\/www.hoogstra-autosport.nl\/teamkoen\/wp-content\/uploads\/2020\/11\/aim-solo-2-gps-laptimer.jpg\",\"datePublished\":\"2020-11-24T18:00:07+00:00\",\"dateModified\":\"2024-01-20T12:08:04+00:00\",\"breadcrumb\":{\"@id\":\"https:\/\/www.hoogstra-autosport.nl\/product\/aim-solo-2-lap-timer\/#breadcrumb\"},\"inLanguage\":\"fr-FR\",\"potentialAction\":[{\"@type\":\"ReadAction\",\"target\":[\"https:\/\/www.hoogstra-autosport.nl\/product\/aim-solo-2-lap-timer\/\"]}]},{\"@type\":\"ImageObject\",\"inLanguage\":\"fr-FR\",\"@id\":\"https:\/\/www.hoogstra-autosport.nl\/product\/aim-solo-2-lap-timer\/#primaryimage\",\"url\":\"https:\/\/www.hoogstra-autosport.nl\/teamkoen\/wp-content\/uploads\/2020\/11\/aim-solo-2-gps-laptimer.jpg\",\"contentUrl\":\"https:\/\/www.hoogstra-autosport.nl\/teamkoen\/wp-content\/uploads\/2020\/11\/aim-solo-2-gps-laptimer.jpg\",\"width\":650,\"height\":750},{\"@type\":\"BreadcrumbList\",\"@id\":\"https:\/\/www.hoogstra-autosport.nl\/product\/aim-solo-2-lap-timer\/#breadcrumb\",\"itemListElement\":[{\"@type\":\"ListItem\",\"position\":1,\"name\":\"Home\",\"item\":\"https:\/\/www.hoogstra-autosport.nl\/\"},{\"@type\":\"ListItem\",\"position\":2,\"name\":\"Elektriciteit\",\"item\":\"https:\/\/www.hoogstra-autosport.nl\/product-categorie\/elektriciteit\/\"},{\"@type\":\"ListItem\",\"position\":3,\"name\":\"AIM Displays\",\"item\":\"https:\/\/www.hoogstra-autosport.nl\/product-categorie\/elektriciteit\/aim-displays\/\"},{\"@type\":\"ListItem\",\"position\":4,\"name\":\"AIM Solo 2 Lap Timer\"}]},{\"@type\":\"WebSite\",\"@id\":\"https:\/\/www.hoogstra-autosport.nl\/#website\",\"url\":\"https:\/\/www.hoogstra-autosport.nl\/\",\"name\":\"Hoogstra Autosport\",\"description\":\"Performance Autosport Parts!\",\"potentialAction\":[{\"@type\":\"SearchAction\",\"target\":{\"@type\":\"EntryPoint\",\"urlTemplate\":\"https:\/\/www.hoogstra-autosport.nl\/?s={search_term_string}\"},\"query-input\":{\"@type\":\"PropertyValueSpecification\",\"valueRequired\":true,\"valueName\":\"search_term_string\"}}],\"inLanguage\":\"fr-FR\"}]}<\/script>\n<!-- \/ Yoast SEO plugin. -->","yoast_head_json":{"title":"AIM Solo 2 Lap Timer - Hoogstra Autosport","robots":{"index":"index","follow":"follow","max-snippet":"max-snippet:-1","max-image-preview":"max-image-preview:large","max-video-preview":"max-video-preview:-1"},"canonical":"https:\/\/www.hoogstra-autosport.nl\/fr\/produit\/aim-solo-2-lap-timer\/","og_locale":"fr_FR","og_type":"article","og_title":"AIM Solo 2 Lap Timer - Hoogstra Autosport","og_description":"Wanneer deze geavanceerde Laptimer AIM Solo 2 wordt aangezet, herkent het gelijk zijn positie en de start-\/finishlijn door de ingebouwde GPS. Naast rondetijden kunnen ook splittijden en voorspelling van rondetijden (predictive) worden getoond icm rode of groene leds ter indicatie. En &#8216;rolling time&#8217; is perfect voor de code 60! De laptimer is voorgeprogrammeerd met de [&hellip;]","og_url":"https:\/\/www.hoogstra-autosport.nl\/fr\/produit\/aim-solo-2-lap-timer\/","og_site_name":"Hoogstra Autosport","article_modified_time":"2024-01-20T12:08:04+00:00","og_image":[{"width":650,"height":750,"url":"https:\/\/www.hoogstra-autosport.nl\/teamkoen\/content\/uploads\/2020\/11\/aim-solo-2-gps-laptimer.jpg","type":"image\/jpeg"}],"twitter_card":"summary_large_image","twitter_misc":{"Dur\u00e9e de lecture estim\u00e9e":"2 minutes"},"schema":{"@context":"https:\/\/schema.org","@graph":[{"@type":"WebPage","@id":"https:\/\/www.hoogstra-autosport.nl\/product\/aim-solo-2-lap-timer\/","url":"https:\/\/www.hoogstra-autosport.nl\/product\/aim-solo-2-lap-timer\/","name":"AIM Solo 2 Lap Timer - Hoogstra Autosport","isPartOf":{"@id":"https:\/\/www.hoogstra-autosport.nl\/#website"},"primaryImageOfPage":{"@id":"https:\/\/www.hoogstra-autosport.nl\/product\/aim-solo-2-lap-timer\/#primaryimage"},"image":{"@id":"https:\/\/www.hoogstra-autosport.nl\/product\/aim-solo-2-lap-timer\/#primaryimage"},"thumbnailUrl":"https:\/\/www.hoogstra-autosport.nl\/teamkoen\/wp-content\/uploads\/2020\/11\/aim-solo-2-gps-laptimer.jpg","datePublished":"2020-11-24T18:00:07+00:00","dateModified":"2024-01-20T12:08:04+00:00","breadcrumb":{"@id":"https:\/\/www.hoogstra-autosport.nl\/product\/aim-solo-2-lap-timer\/#breadcrumb"},"inLanguage":"fr-FR","potentialAction":[{"@type":"ReadAction","target":["https:\/\/www.hoogstra-autosport.nl\/product\/aim-solo-2-lap-timer\/"]}]},{"@type":"ImageObject","inLanguage":"fr-FR","@id":"https:\/\/www.hoogstra-autosport.nl\/product\/aim-solo-2-lap-timer\/#primaryimage","url":"https:\/\/www.hoogstra-autosport.nl\/teamkoen\/wp-content\/uploads\/2020\/11\/aim-solo-2-gps-laptimer.jpg","contentUrl":"https:\/\/www.hoogstra-autosport.nl\/teamkoen\/wp-content\/uploads\/2020\/11\/aim-solo-2-gps-laptimer.jpg","width":650,"height":750},{"@type":"BreadcrumbList","@id":"https:\/\/www.hoogstra-autosport.nl\/product\/aim-solo-2-lap-timer\/#breadcrumb","itemListElement":[{"@type":"ListItem","position":1,"name":"Home","item":"https:\/\/www.hoogstra-autosport.nl\/"},{"@type":"ListItem","position":2,"name":"Elektriciteit","item":"https:\/\/www.hoogstra-autosport.nl\/product-categorie\/elektriciteit\/"},{"@type":"ListItem","position":3,"name":"AIM Displays","item":"https:\/\/www.hoogstra-autosport.nl\/product-categorie\/elektriciteit\/aim-displays\/"},{"@type":"ListItem","position":4,"name":"AIM Solo 2 Lap Timer"}]},{"@type":"WebSite","@id":"https:\/\/www.hoogstra-autosport.nl\/#website","url":"https:\/\/www.hoogstra-autosport.nl\/","name":"Hoogstra Autosport","description":"Performance Autosport Parts!","potentialAction":[{"@type":"SearchAction","target":{"@type":"EntryPoint","urlTemplate":"https:\/\/www.hoogstra-autosport.nl\/?s={search_term_string}"},"query-input":{"@type":"PropertyValueSpecification","valueRequired":true,"valueName":"search_term_string"}}],"inLanguage":"fr-FR"}]}},"tiered_pricing_type":"fixed","tiered_pricing_fixed_rules":[],"tiered_pricing_product_settings":{"layout":"default","base_unit_name":{"singular":null,"plural":null},"default_variation":null},"tiered_pricing_minimum_quantity":null,"tiered_pricing_roles_data":[],"tiered_pricing_percentage_rules":[],"tiered_pricing_maximum_quantity":null,"tiered_pricing_quantity_step":null,"_links":{"self":[{"href":"https:\/\/www.hoogstra-autosport.nl\/fr\/wp-json\/wp\/v2\/product\/35157","targetHints":{"allow":["GET"]}}],"collection":[{"href":"https:\/\/www.hoogstra-autosport.nl\/fr\/wp-json\/wp\/v2\/product"}],"about":[{"href":"https:\/\/www.hoogstra-autosport.nl\/fr\/wp-json\/wp\/v2\/types\/product"}],"wp:featuredmedia":[{"embeddable":true,"href":"https:\/\/www.hoogstra-autosport.nl\/fr\/wp-json\/wp\/v2\/media\/35158"}],"wp:attachment":[{"href":"https:\/\/www.hoogstra-autosport.nl\/fr\/wp-json\/wp\/v2\/media?parent=35157"}],"wp:term":[{"taxonomy":"product_brand","embeddable":true,"href":"https:\/\/www.hoogstra-autosport.nl\/fr\/wp-json\/wp\/v2\/product_brand?post=35157"},{"taxonomy":"product_cat","embeddable":true,"href":"https:\/\/www.hoogstra-autosport.nl\/fr\/wp-json\/wp\/v2\/product_cat?post=35157"},{"taxonomy":"product_tag","embeddable":true,"href":"https:\/\/www.hoogstra-autosport.nl\/fr\/wp-json\/wp\/v2\/product_tag?post=35157"}],"curies":[{"name":"wp","href":"https:\/\/api.w.org\/{rel}","templated":true}]}}