{"id":35058,"date":"2020-11-20T10:23:20","date_gmt":"2020-11-20T09:23:20","guid":{"rendered":"https:\/\/www.hoogstra-autosport.nl\/?post_type=product&#038;p=35058"},"modified":"2024-01-20T13:08:05","modified_gmt":"2024-01-20T12:08:05","slug":"regenoverall-blauw","status":"publish","type":"product","link":"https:\/\/www.hoogstra-autosport.nl\/fr\/produit\/regenoverall-blauw\/","title":{"rendered":"Combinaison de pluie Bleu"},"content":{"rendered":"<p>Double couche pour une qualit\u00e9 et un confort accrus<br \/>\nStretch avec velcro pour une fermeture parfaite aux poignets et aux chevilles<br \/>\nOuverture extra large aux chevilles pour faciliter l'entr\u00e9e avec des chaussures<br \/>\nFabriqu\u00e9 en nylon souple, durable et l\u00e9ger, enduit de PVC<br \/>\n100% vent et imperm\u00e9abilit\u00e9<br \/>\nFermeture \u00e0 glissi\u00e8re extra-longue jusqu'au-dessus de la cuisse pour faciliter l'entr\u00e9e.<br \/>\nLa fermeture \u00e9clair est inclin\u00e9e pour emp\u00eacher la pluie de s'infiltrer.<br \/>\nEmball\u00e9 individuellement dans un sac pratique<\/p>\n<p>Disponible dans les tailles 44 \u00e0 72<\/p>\n<p>\u00c9galement disponible en taille junior (Combinaison de pluie taille junior)<\/p>","protected":false},"excerpt":{"rendered":"<p>Dubbellaags voor een betere kwaliteit en meer comfort Stretch met klitteband voor een perfect sluiting aan de polsen en enkels Extra grote opening aan de enkels om makkelijk met schoenen in te stappen Gemaakt van een flexibele duurzame lichtgewicht PVC gecoat Nylon 100% wind and waterproof Extra lange ritssluiting tot over het bovenbeen om makkelijk [&hellip;]<\/p>\n","protected":false},"featured_media":35060,"template":"","meta":{"_acf_changed":false},"product_brand":[],"product_cat":[2646,2786],"product_tag":[],"class_list":{"0":"post-35058","1":"product","2":"type-product","3":"status-publish","4":"has-post-thumbnail","6":"product_cat-kartoveralls","7":"product_cat-regenoveralls","8":"product_shipping_class-4016","10":"first","11":"instock","12":"taxable","13":"shipping-taxable","14":"purchasable","15":"product-type-variable"},"acf":[],"yoast_head":"<!-- This site is optimized with the Yoast SEO plugin v27.1.1 - https:\/\/yoast.com\/product\/yoast-seo-wordpress\/ -->\n<title>Regenoverall Blauw - Hoogstra Autosport<\/title>\n<meta name=\"description\" content=\"kartoveralls\" \/>\n<meta name=\"robots\" content=\"index, follow, max-snippet:-1, max-image-preview:large, max-video-preview:-1\" \/>\n<link rel=\"canonical\" href=\"https:\/\/www.hoogstra-autosport.nl\/fr\/produit\/regenoverall-blauw\/\" \/>\n<meta property=\"og:locale\" content=\"fr_FR\" \/>\n<meta property=\"og:type\" content=\"article\" \/>\n<meta property=\"og:title\" content=\"Regenoverall Blauw - Hoogstra Autosport\" \/>\n<meta property=\"og:description\" content=\"kartoveralls\" \/>\n<meta property=\"og:url\" content=\"https:\/\/www.hoogstra-autosport.nl\/fr\/produit\/regenoverall-blauw\/\" \/>\n<meta property=\"og:site_name\" content=\"Hoogstra Autosport\" \/>\n<meta property=\"article:modified_time\" content=\"2024-01-20T12:08:05+00:00\" \/>\n<meta property=\"og:image\" content=\"https:\/\/www.hoogstra-autosport.nl\/teamkoen\/content\/uploads\/2020\/11\/54501.jpg\" \/>\n\t<meta property=\"og:image:width\" content=\"600\" \/>\n\t<meta property=\"og:image:height\" content=\"600\" \/>\n\t<meta property=\"og:image:type\" content=\"image\/jpeg\" \/>\n<meta name=\"twitter:card\" content=\"summary_large_image\" \/>\n<script type=\"application\/ld+json\" class=\"yoast-schema-graph\">{\"@context\":\"https:\/\/schema.org\",\"@graph\":[{\"@type\":\"WebPage\",\"@id\":\"https:\/\/www.hoogstra-autosport.nl\/product\/regenoverall-blauw\/\",\"url\":\"https:\/\/www.hoogstra-autosport.nl\/product\/regenoverall-blauw\/\",\"name\":\"Regenoverall Blauw - Hoogstra Autosport\",\"isPartOf\":{\"@id\":\"https:\/\/www.hoogstra-autosport.nl\/#website\"},\"primaryImageOfPage\":{\"@id\":\"https:\/\/www.hoogstra-autosport.nl\/product\/regenoverall-blauw\/#primaryimage\"},\"image\":{\"@id\":\"https:\/\/www.hoogstra-autosport.nl\/product\/regenoverall-blauw\/#primaryimage\"},\"thumbnailUrl\":\"https:\/\/www.hoogstra-autosport.nl\/teamkoen\/wp-content\/uploads\/2020\/11\/54501.jpg\",\"datePublished\":\"2020-11-20T09:23:20+00:00\",\"dateModified\":\"2024-01-20T12:08:05+00:00\",\"description\":\"kartoveralls\",\"breadcrumb\":{\"@id\":\"https:\/\/www.hoogstra-autosport.nl\/product\/regenoverall-blauw\/#breadcrumb\"},\"inLanguage\":\"fr-FR\",\"potentialAction\":[{\"@type\":\"ReadAction\",\"target\":[\"https:\/\/www.hoogstra-autosport.nl\/product\/regenoverall-blauw\/\"]}]},{\"@type\":\"ImageObject\",\"inLanguage\":\"fr-FR\",\"@id\":\"https:\/\/www.hoogstra-autosport.nl\/product\/regenoverall-blauw\/#primaryimage\",\"url\":\"https:\/\/www.hoogstra-autosport.nl\/teamkoen\/wp-content\/uploads\/2020\/11\/54501.jpg\",\"contentUrl\":\"https:\/\/www.hoogstra-autosport.nl\/teamkoen\/wp-content\/uploads\/2020\/11\/54501.jpg\",\"width\":600,\"height\":600},{\"@type\":\"BreadcrumbList\",\"@id\":\"https:\/\/www.hoogstra-autosport.nl\/product\/regenoverall-blauw\/#breadcrumb\",\"itemListElement\":[{\"@type\":\"ListItem\",\"position\":1,\"name\":\"Home\",\"item\":\"https:\/\/www.hoogstra-autosport.nl\/\"},{\"@type\":\"ListItem\",\"position\":2,\"name\":\"Uitrusting\",\"item\":\"https:\/\/www.hoogstra-autosport.nl\/product-categorie\/autosport-kleding-helmen\/\"},{\"@type\":\"ListItem\",\"position\":3,\"name\":\"Autosport Kleding\",\"item\":\"https:\/\/www.hoogstra-autosport.nl\/product-categorie\/autosport-kleding-helmen\/autosport-kleding\/\"},{\"@type\":\"ListItem\",\"position\":4,\"name\":\"Overalls\",\"item\":\"https:\/\/www.hoogstra-autosport.nl\/product-categorie\/autosport-kleding-helmen\/autosport-kleding\/overalls\/\"},{\"@type\":\"ListItem\",\"position\":5,\"name\":\"Regenoveralls\",\"item\":\"https:\/\/www.hoogstra-autosport.nl\/product-categorie\/autosport-kleding-helmen\/autosport-kleding\/overalls\/regenoveralls\/\"},{\"@type\":\"ListItem\",\"position\":6,\"name\":\"Regenoverall Blauw\"}]},{\"@type\":\"WebSite\",\"@id\":\"https:\/\/www.hoogstra-autosport.nl\/#website\",\"url\":\"https:\/\/www.hoogstra-autosport.nl\/\",\"name\":\"Hoogstra Autosport\",\"description\":\"Performance Autosport Parts!\",\"potentialAction\":[{\"@type\":\"SearchAction\",\"target\":{\"@type\":\"EntryPoint\",\"urlTemplate\":\"https:\/\/www.hoogstra-autosport.nl\/?s={search_term_string}\"},\"query-input\":{\"@type\":\"PropertyValueSpecification\",\"valueRequired\":true,\"valueName\":\"search_term_string\"}}],\"inLanguage\":\"fr-FR\"}]}<\/script>\n<!-- \/ Yoast SEO plugin. -->","yoast_head_json":{"title":"Regenoverall Blauw - Hoogstra Autosport","description":"kartoveralls","robots":{"index":"index","follow":"follow","max-snippet":"max-snippet:-1","max-image-preview":"max-image-preview:large","max-video-preview":"max-video-preview:-1"},"canonical":"https:\/\/www.hoogstra-autosport.nl\/fr\/produit\/regenoverall-blauw\/","og_locale":"fr_FR","og_type":"article","og_title":"Regenoverall Blauw - Hoogstra Autosport","og_description":"kartoveralls","og_url":"https:\/\/www.hoogstra-autosport.nl\/fr\/produit\/regenoverall-blauw\/","og_site_name":"Hoogstra Autosport","article_modified_time":"2024-01-20T12:08:05+00:00","og_image":[{"width":600,"height":600,"url":"https:\/\/www.hoogstra-autosport.nl\/teamkoen\/content\/uploads\/2020\/11\/54501.jpg","type":"image\/jpeg"}],"twitter_card":"summary_large_image","schema":{"@context":"https:\/\/schema.org","@graph":[{"@type":"WebPage","@id":"https:\/\/www.hoogstra-autosport.nl\/product\/regenoverall-blauw\/","url":"https:\/\/www.hoogstra-autosport.nl\/product\/regenoverall-blauw\/","name":"Regenoverall Blauw - Hoogstra Autosport","isPartOf":{"@id":"https:\/\/www.hoogstra-autosport.nl\/#website"},"primaryImageOfPage":{"@id":"https:\/\/www.hoogstra-autosport.nl\/product\/regenoverall-blauw\/#primaryimage"},"image":{"@id":"https:\/\/www.hoogstra-autosport.nl\/product\/regenoverall-blauw\/#primaryimage"},"thumbnailUrl":"https:\/\/www.hoogstra-autosport.nl\/teamkoen\/wp-content\/uploads\/2020\/11\/54501.jpg","datePublished":"2020-11-20T09:23:20+00:00","dateModified":"2024-01-20T12:08:05+00:00","description":"kartoveralls","breadcrumb":{"@id":"https:\/\/www.hoogstra-autosport.nl\/product\/regenoverall-blauw\/#breadcrumb"},"inLanguage":"fr-FR","potentialAction":[{"@type":"ReadAction","target":["https:\/\/www.hoogstra-autosport.nl\/product\/regenoverall-blauw\/"]}]},{"@type":"ImageObject","inLanguage":"fr-FR","@id":"https:\/\/www.hoogstra-autosport.nl\/product\/regenoverall-blauw\/#primaryimage","url":"https:\/\/www.hoogstra-autosport.nl\/teamkoen\/wp-content\/uploads\/2020\/11\/54501.jpg","contentUrl":"https:\/\/www.hoogstra-autosport.nl\/teamkoen\/wp-content\/uploads\/2020\/11\/54501.jpg","width":600,"height":600},{"@type":"BreadcrumbList","@id":"https:\/\/www.hoogstra-autosport.nl\/product\/regenoverall-blauw\/#breadcrumb","itemListElement":[{"@type":"ListItem","position":1,"name":"Home","item":"https:\/\/www.hoogstra-autosport.nl\/"},{"@type":"ListItem","position":2,"name":"Uitrusting","item":"https:\/\/www.hoogstra-autosport.nl\/product-categorie\/autosport-kleding-helmen\/"},{"@type":"ListItem","position":3,"name":"Autosport Kleding","item":"https:\/\/www.hoogstra-autosport.nl\/product-categorie\/autosport-kleding-helmen\/autosport-kleding\/"},{"@type":"ListItem","position":4,"name":"Overalls","item":"https:\/\/www.hoogstra-autosport.nl\/product-categorie\/autosport-kleding-helmen\/autosport-kleding\/overalls\/"},{"@type":"ListItem","position":5,"name":"Regenoveralls","item":"https:\/\/www.hoogstra-autosport.nl\/product-categorie\/autosport-kleding-helmen\/autosport-kleding\/overalls\/regenoveralls\/"},{"@type":"ListItem","position":6,"name":"Regenoverall Blauw"}]},{"@type":"WebSite","@id":"https:\/\/www.hoogstra-autosport.nl\/#website","url":"https:\/\/www.hoogstra-autosport.nl\/","name":"Hoogstra Autosport","description":"Performance Autosport Parts!","potentialAction":[{"@type":"SearchAction","target":{"@type":"EntryPoint","urlTemplate":"https:\/\/www.hoogstra-autosport.nl\/?s={search_term_string}"},"query-input":{"@type":"PropertyValueSpecification","valueRequired":true,"valueName":"search_term_string"}}],"inLanguage":"fr-FR"}]}},"tiered_pricing_type":"fixed","tiered_pricing_fixed_rules":[],"tiered_pricing_product_settings":{"layout":"default","base_unit_name":{"singular":null,"plural":null},"default_variation":null},"tiered_pricing_minimum_quantity":null,"tiered_pricing_roles_data":[],"tiered_pricing_percentage_rules":[],"tiered_pricing_maximum_quantity":null,"tiered_pricing_quantity_step":null,"_links":{"self":[{"href":"https:\/\/www.hoogstra-autosport.nl\/fr\/wp-json\/wp\/v2\/product\/35058","targetHints":{"allow":["GET"]}}],"collection":[{"href":"https:\/\/www.hoogstra-autosport.nl\/fr\/wp-json\/wp\/v2\/product"}],"about":[{"href":"https:\/\/www.hoogstra-autosport.nl\/fr\/wp-json\/wp\/v2\/types\/product"}],"wp:featuredmedia":[{"embeddable":true,"href":"https:\/\/www.hoogstra-autosport.nl\/fr\/wp-json\/wp\/v2\/media\/35060"}],"wp:attachment":[{"href":"https:\/\/www.hoogstra-autosport.nl\/fr\/wp-json\/wp\/v2\/media?parent=35058"}],"wp:term":[{"taxonomy":"product_brand","embeddable":true,"href":"https:\/\/www.hoogstra-autosport.nl\/fr\/wp-json\/wp\/v2\/product_brand?post=35058"},{"taxonomy":"product_cat","embeddable":true,"href":"https:\/\/www.hoogstra-autosport.nl\/fr\/wp-json\/wp\/v2\/product_cat?post=35058"},{"taxonomy":"product_tag","embeddable":true,"href":"https:\/\/www.hoogstra-autosport.nl\/fr\/wp-json\/wp\/v2\/product_tag?post=35058"}],"curies":[{"name":"wp","href":"https:\/\/api.w.org\/{rel}","templated":true}]}}