{"id":32821,"date":"2020-07-10T11:59:20","date_gmt":"2020-07-10T09:59:20","guid":{"rendered":"https:\/\/www.hoogstra-autosport.nl\/?post_type=product&#038;p=32821"},"modified":"2025-12-12T10:54:01","modified_gmt":"2025-12-12T09:54:01","slug":"aluminium-pedaalbox-obp-2","status":"publish","type":"product","link":"https:\/\/www.hoogstra-autosport.nl\/fr\/produit\/aluminium-pedaalbox-obp-2\/","title":{"rendered":"Bo\u00eete \u00e0 p\u00e9dales en aluminium OBP"},"content":{"rendered":"<p>Pedal Box Premium Aluminium Hydraulic Clutch<\/p>\n<p>Cylindres tourn\u00e9s vers vous au lieu d'\u00eatre tourn\u00e9s vers l'avant<\/p>\n<p>Le prix comprend 3 cilyndres ( 2 freins 1 embrayage)<\/p>\n<p>Premium Kit Car Box Universal - Hydraulische Kupplung incl Zylinder und Waagebaken<\/p>\n<p>Kit Premium Bo\u00eete d'Embrayage Hydraulique pour Voiture OBPKCP101<br \/>\nContenu du kit : Kit de 3 p\u00e9dales d'embrayage hydraulique pour voiture avec barre biaise et 3x ma\u00eetres-cylindres.<br \/>\nTaille : 275 mm (H) x 242 (L) x 130 (P) (dimensions approximatives)<br \/>\nVous recevrez la NOUVELLE version V2 de ce p\u00e9dalier qui sera \u00e9quip\u00e9 de p\u00e9dales en aluminium.<br \/>\nVous pouvez maintenant obtenir un produit obp de qualit\u00e9 sup\u00e9rieure \u00e0 un prix incroyable.<br \/>\nKit Car Pedal Box Universal Car Fitment, ce p\u00e9dalier s'adapte \u00e0 tous les types de Kit Car. Luego, Tiger, MK, Westfield, Locost, Haynes Roadster etc.<br \/>\nLe p\u00e9dalier est dot\u00e9 d'une d\u00e9coupe de 25 mm x 25 mm \u00e0 l'arri\u00e8re pour s'adapter au rail inf\u00e9rieur du compartiment des pieds.<br \/>\nL'unit\u00e9 s'installe sur la cloison et se boulonne au sol.<br \/>\nCette unit\u00e9 a \u00e9t\u00e9 con\u00e7ue et fabriqu\u00e9e par obp, le principal fabricant europ\u00e9en de bo\u00eetes \u00e0 p\u00e9dales, sp\u00e9cialement pour les amateurs de Kit Car.<br \/>\nCaract\u00e9ristiques sp\u00e9ciales V2 Pedal Boxes :<br \/>\nP\u00e9dales en aluminium de qualit\u00e9 a\u00e9ronautique<br \/>\nRapport de p\u00e9dale de frein r\u00e9glable de 4,9:1 \u00e0 5,24:1<br \/>\nP\u00e9dales de frein et d'embrayage r\u00e9glables vers le haut, vers le bas et d'un c\u00f4t\u00e9 \u00e0 l'autre<br \/>\nBo\u00eete renforc\u00e9e et rigide<br \/>\nD\u00e9coupe de 25 mm sur 25 mm pour le rail du ch\u00e2ssis<br \/>\nIVA - Contre-\u00e9crous pour le verrouillage de la barre biaise<br \/>\nObp fabrique tous ces produits en Angleterre.<\/p>","protected":false},"excerpt":{"rendered":"<p>Pedaal Box Premium Aluminium Hydraulische Koppeling Cilinders naar je toe in plaats van naar voren Prijs is inclusief 3 cilynders ( 2 rem 1 koppeling) Premium Kit Car Box Universal &#8211; Hydraulische Kupplung incl Zylinder und Waagebaken Premium Kit Car Hydraulic Clutch Pedal Box OBPKCP101 Kit contents: 3 Pedal Kit Car Hydraulic Clutch Pedal Box [&hellip;]<\/p>\n","protected":false},"featured_media":95210,"template":"","meta":{"_acf_changed":false},"product_brand":[],"product_cat":[2761],"product_tag":[],"class_list":{"0":"post-32821","1":"product","2":"type-product","3":"status-publish","4":"has-post-thumbnail","6":"product_cat-pedaal-boxen","7":"product_shipping_class-4016","9":"first","10":"instock","11":"taxable","12":"shipping-taxable","13":"purchasable","14":"product-type-simple"},"acf":[],"yoast_head":"<!-- This site is optimized with the Yoast SEO plugin v27.1.1 - https:\/\/yoast.com\/product\/yoast-seo-wordpress\/ -->\n<title>Aluminium PedaalBox OBP - Hoogstra Autosport<\/title>\n<meta name=\"robots\" content=\"index, follow, max-snippet:-1, max-image-preview:large, max-video-preview:-1\" \/>\n<link rel=\"canonical\" href=\"https:\/\/www.hoogstra-autosport.nl\/fr\/produit\/aluminium-pedaalbox-obp-2\/\" \/>\n<meta property=\"og:locale\" content=\"fr_FR\" \/>\n<meta property=\"og:type\" content=\"article\" \/>\n<meta property=\"og:title\" content=\"Aluminium PedaalBox OBP - Hoogstra Autosport\" \/>\n<meta property=\"og:description\" content=\"Pedaal Box Premium Aluminium Hydraulische Koppeling Cilinders naar je toe in plaats van naar voren Prijs is inclusief 3 cilynders ( 2 rem 1 koppeling) Premium Kit Car Box Universal &#8211; Hydraulische Kupplung incl Zylinder und Waagebaken Premium Kit Car Hydraulic Clutch Pedal Box OBPKCP101 Kit contents: 3 Pedal Kit Car Hydraulic Clutch Pedal Box [&hellip;]\" \/>\n<meta property=\"og:url\" content=\"https:\/\/www.hoogstra-autosport.nl\/fr\/produit\/aluminium-pedaalbox-obp-2\/\" \/>\n<meta property=\"og:site_name\" content=\"Hoogstra Autosport\" \/>\n<meta property=\"article:modified_time\" content=\"2025-12-12T09:54:01+00:00\" \/>\n<meta property=\"og:image\" content=\"https:\/\/www.hoogstra-autosport.nl\/teamkoen\/wp-content\/uploads\/2020\/07\/Untitled-Project-81.jpg\" \/>\n\t<meta property=\"og:image:width\" content=\"1080\" \/>\n\t<meta property=\"og:image:height\" content=\"1080\" \/>\n\t<meta property=\"og:image:type\" content=\"image\/jpeg\" \/>\n<meta name=\"twitter:card\" content=\"summary_large_image\" \/>\n<meta name=\"twitter:label1\" content=\"Dur\u00e9e de lecture estim\u00e9e\" \/>\n\t<meta name=\"twitter:data1\" content=\"2 minutes\" \/>\n<script type=\"application\/ld+json\" class=\"yoast-schema-graph\">{\"@context\":\"https:\/\/schema.org\",\"@graph\":[{\"@type\":\"WebPage\",\"@id\":\"https:\/\/www.hoogstra-autosport.nl\/product\/aluminium-pedaalbox-obp-2\/\",\"url\":\"https:\/\/www.hoogstra-autosport.nl\/product\/aluminium-pedaalbox-obp-2\/\",\"name\":\"Aluminium PedaalBox OBP - Hoogstra Autosport\",\"isPartOf\":{\"@id\":\"https:\/\/www.hoogstra-autosport.nl\/#website\"},\"primaryImageOfPage\":{\"@id\":\"https:\/\/www.hoogstra-autosport.nl\/product\/aluminium-pedaalbox-obp-2\/#primaryimage\"},\"image\":{\"@id\":\"https:\/\/www.hoogstra-autosport.nl\/product\/aluminium-pedaalbox-obp-2\/#primaryimage\"},\"thumbnailUrl\":\"https:\/\/www.hoogstra-autosport.nl\/teamkoen\/wp-content\/uploads\/2020\/07\/Untitled-Project-81.jpg\",\"datePublished\":\"2020-07-10T09:59:20+00:00\",\"dateModified\":\"2025-12-12T09:54:01+00:00\",\"breadcrumb\":{\"@id\":\"https:\/\/www.hoogstra-autosport.nl\/product\/aluminium-pedaalbox-obp-2\/#breadcrumb\"},\"inLanguage\":\"fr-FR\",\"potentialAction\":[{\"@type\":\"ReadAction\",\"target\":[\"https:\/\/www.hoogstra-autosport.nl\/product\/aluminium-pedaalbox-obp-2\/\"]}]},{\"@type\":\"ImageObject\",\"inLanguage\":\"fr-FR\",\"@id\":\"https:\/\/www.hoogstra-autosport.nl\/product\/aluminium-pedaalbox-obp-2\/#primaryimage\",\"url\":\"https:\/\/www.hoogstra-autosport.nl\/teamkoen\/wp-content\/uploads\/2020\/07\/Untitled-Project-81.jpg\",\"contentUrl\":\"https:\/\/www.hoogstra-autosport.nl\/teamkoen\/wp-content\/uploads\/2020\/07\/Untitled-Project-81.jpg\",\"width\":1080,\"height\":1080},{\"@type\":\"BreadcrumbList\",\"@id\":\"https:\/\/www.hoogstra-autosport.nl\/product\/aluminium-pedaalbox-obp-2\/#breadcrumb\",\"itemListElement\":[{\"@type\":\"ListItem\",\"position\":1,\"name\":\"Home\",\"item\":\"https:\/\/www.hoogstra-autosport.nl\/\"},{\"@type\":\"ListItem\",\"position\":2,\"name\":\"Remmen\",\"item\":\"https:\/\/www.hoogstra-autosport.nl\/product-categorie\/remmen-2\/\"},{\"@type\":\"ListItem\",\"position\":3,\"name\":\"Pedaal Boxen\",\"item\":\"https:\/\/www.hoogstra-autosport.nl\/product-categorie\/remmen-2\/pedaal-boxen\/\"},{\"@type\":\"ListItem\",\"position\":4,\"name\":\"Aluminium PedaalBox OBP\"}]},{\"@type\":\"WebSite\",\"@id\":\"https:\/\/www.hoogstra-autosport.nl\/#website\",\"url\":\"https:\/\/www.hoogstra-autosport.nl\/\",\"name\":\"Hoogstra Autosport\",\"description\":\"Performance Autosport Parts!\",\"potentialAction\":[{\"@type\":\"SearchAction\",\"target\":{\"@type\":\"EntryPoint\",\"urlTemplate\":\"https:\/\/www.hoogstra-autosport.nl\/?s={search_term_string}\"},\"query-input\":{\"@type\":\"PropertyValueSpecification\",\"valueRequired\":true,\"valueName\":\"search_term_string\"}}],\"inLanguage\":\"fr-FR\"}]}<\/script>\n<!-- \/ Yoast SEO plugin. -->","yoast_head_json":{"title":"Aluminium PedaalBox OBP - Hoogstra Autosport","robots":{"index":"index","follow":"follow","max-snippet":"max-snippet:-1","max-image-preview":"max-image-preview:large","max-video-preview":"max-video-preview:-1"},"canonical":"https:\/\/www.hoogstra-autosport.nl\/fr\/produit\/aluminium-pedaalbox-obp-2\/","og_locale":"fr_FR","og_type":"article","og_title":"Aluminium PedaalBox OBP - Hoogstra Autosport","og_description":"Pedaal Box Premium Aluminium Hydraulische Koppeling Cilinders naar je toe in plaats van naar voren Prijs is inclusief 3 cilynders ( 2 rem 1 koppeling) Premium Kit Car Box Universal &#8211; Hydraulische Kupplung incl Zylinder und Waagebaken Premium Kit Car Hydraulic Clutch Pedal Box OBPKCP101 Kit contents: 3 Pedal Kit Car Hydraulic Clutch Pedal Box [&hellip;]","og_url":"https:\/\/www.hoogstra-autosport.nl\/fr\/produit\/aluminium-pedaalbox-obp-2\/","og_site_name":"Hoogstra Autosport","article_modified_time":"2025-12-12T09:54:01+00:00","og_image":[{"width":1080,"height":1080,"url":"https:\/\/www.hoogstra-autosport.nl\/teamkoen\/wp-content\/uploads\/2020\/07\/Untitled-Project-81.jpg","type":"image\/jpeg"}],"twitter_card":"summary_large_image","twitter_misc":{"Dur\u00e9e de lecture estim\u00e9e":"2 minutes"},"schema":{"@context":"https:\/\/schema.org","@graph":[{"@type":"WebPage","@id":"https:\/\/www.hoogstra-autosport.nl\/product\/aluminium-pedaalbox-obp-2\/","url":"https:\/\/www.hoogstra-autosport.nl\/product\/aluminium-pedaalbox-obp-2\/","name":"Aluminium PedaalBox OBP - Hoogstra Autosport","isPartOf":{"@id":"https:\/\/www.hoogstra-autosport.nl\/#website"},"primaryImageOfPage":{"@id":"https:\/\/www.hoogstra-autosport.nl\/product\/aluminium-pedaalbox-obp-2\/#primaryimage"},"image":{"@id":"https:\/\/www.hoogstra-autosport.nl\/product\/aluminium-pedaalbox-obp-2\/#primaryimage"},"thumbnailUrl":"https:\/\/www.hoogstra-autosport.nl\/teamkoen\/wp-content\/uploads\/2020\/07\/Untitled-Project-81.jpg","datePublished":"2020-07-10T09:59:20+00:00","dateModified":"2025-12-12T09:54:01+00:00","breadcrumb":{"@id":"https:\/\/www.hoogstra-autosport.nl\/product\/aluminium-pedaalbox-obp-2\/#breadcrumb"},"inLanguage":"fr-FR","potentialAction":[{"@type":"ReadAction","target":["https:\/\/www.hoogstra-autosport.nl\/product\/aluminium-pedaalbox-obp-2\/"]}]},{"@type":"ImageObject","inLanguage":"fr-FR","@id":"https:\/\/www.hoogstra-autosport.nl\/product\/aluminium-pedaalbox-obp-2\/#primaryimage","url":"https:\/\/www.hoogstra-autosport.nl\/teamkoen\/wp-content\/uploads\/2020\/07\/Untitled-Project-81.jpg","contentUrl":"https:\/\/www.hoogstra-autosport.nl\/teamkoen\/wp-content\/uploads\/2020\/07\/Untitled-Project-81.jpg","width":1080,"height":1080},{"@type":"BreadcrumbList","@id":"https:\/\/www.hoogstra-autosport.nl\/product\/aluminium-pedaalbox-obp-2\/#breadcrumb","itemListElement":[{"@type":"ListItem","position":1,"name":"Home","item":"https:\/\/www.hoogstra-autosport.nl\/"},{"@type":"ListItem","position":2,"name":"Remmen","item":"https:\/\/www.hoogstra-autosport.nl\/product-categorie\/remmen-2\/"},{"@type":"ListItem","position":3,"name":"Pedaal Boxen","item":"https:\/\/www.hoogstra-autosport.nl\/product-categorie\/remmen-2\/pedaal-boxen\/"},{"@type":"ListItem","position":4,"name":"Aluminium PedaalBox OBP"}]},{"@type":"WebSite","@id":"https:\/\/www.hoogstra-autosport.nl\/#website","url":"https:\/\/www.hoogstra-autosport.nl\/","name":"Hoogstra Autosport","description":"Performance Autosport Parts!","potentialAction":[{"@type":"SearchAction","target":{"@type":"EntryPoint","urlTemplate":"https:\/\/www.hoogstra-autosport.nl\/?s={search_term_string}"},"query-input":{"@type":"PropertyValueSpecification","valueRequired":true,"valueName":"search_term_string"}}],"inLanguage":"fr-FR"}]}},"tiered_pricing_type":"fixed","tiered_pricing_fixed_rules":[],"tiered_pricing_product_settings":{"layout":"default","base_unit_name":{"singular":null,"plural":null},"default_variation":null},"tiered_pricing_minimum_quantity":null,"tiered_pricing_roles_data":[],"tiered_pricing_percentage_rules":[],"tiered_pricing_maximum_quantity":null,"tiered_pricing_quantity_step":null,"_links":{"self":[{"href":"https:\/\/www.hoogstra-autosport.nl\/fr\/wp-json\/wp\/v2\/product\/32821","targetHints":{"allow":["GET"]}}],"collection":[{"href":"https:\/\/www.hoogstra-autosport.nl\/fr\/wp-json\/wp\/v2\/product"}],"about":[{"href":"https:\/\/www.hoogstra-autosport.nl\/fr\/wp-json\/wp\/v2\/types\/product"}],"wp:featuredmedia":[{"embeddable":true,"href":"https:\/\/www.hoogstra-autosport.nl\/fr\/wp-json\/wp\/v2\/media\/95210"}],"wp:attachment":[{"href":"https:\/\/www.hoogstra-autosport.nl\/fr\/wp-json\/wp\/v2\/media?parent=32821"}],"wp:term":[{"taxonomy":"product_brand","embeddable":true,"href":"https:\/\/www.hoogstra-autosport.nl\/fr\/wp-json\/wp\/v2\/product_brand?post=32821"},{"taxonomy":"product_cat","embeddable":true,"href":"https:\/\/www.hoogstra-autosport.nl\/fr\/wp-json\/wp\/v2\/product_cat?post=32821"},{"taxonomy":"product_tag","embeddable":true,"href":"https:\/\/www.hoogstra-autosport.nl\/fr\/wp-json\/wp\/v2\/product_tag?post=32821"}],"curies":[{"name":"wp","href":"https:\/\/api.w.org\/{rel}","templated":true}]}}