{"id":31218,"date":"2020-05-20T10:50:59","date_gmt":"2020-05-20T08:50:59","guid":{"rendered":"https:\/\/www.hoogstra-autosport.nl\/?post_type=product&#038;p=31218"},"modified":"2025-12-10T08:21:09","modified_gmt":"2025-12-10T07:21:09","slug":"wilwood-hoofdremcilinder-set-kopie","status":"publish","type":"product","link":"https:\/\/www.hoogstra-autosport.nl\/fr\/produit\/wilwood-hoofdremcilinder-set-kopie\/","title":{"rendered":"Cylindre de frein double Wilwood"},"content":{"rendered":"<p>Ma\u00eetre-cylindre double Wilwood<\/p>\n<p>Disponible en kit avec pots et tuyaux<\/p>\n<p>1 pouce est 1,00 avec une tige de 25,2 mm<\/p>\n<p>Connexion 3\/8\u00d724<\/p>\n<p>&nbsp;<\/p>\n<p>Les ma\u00eetres-cylindres Remote Tandem de Wilwood constituent l'un des moyens les plus s\u00fbrs d'actionner les syst\u00e8mes de freinage \u00e0 quatre roues ou \u00e0 deux \u00e9triers sur l'essieu. Le cylindre dispose d'une sortie 50\/50 \u00e0 partir d'un al\u00e9sage de 1,00\u2033 et d'une course de 1,10\u2033. Ce ma\u00eetre-cylindre peut \u00eatre boulonn\u00e9 directement sur les p\u00e9dales Wilwood \u00e0 montage unique. Le kit est livr\u00e9 complet avec le ma\u00eetre-cylindre, les r\u00e9servoirs de 4 onces pr\u00e9-install\u00e9s et la tige de pouss\u00e9e de 3,38\u2033 x 5\/16-24.<\/p>\n<p>Dimensions du ma\u00eetre-cylindre<br \/>\nTaille de l'al\u00e9sage<br \/>\n1.00&#8243;<br \/>\nSurface (en\u00b2)<br \/>\n0.780<br \/>\nAccident vasculaire c\u00e9r\u00e9bral<br \/>\n1.10<br \/>\nVolume (cu in)<\/p>\n<p>Description du ma\u00eetre-cylindre<br \/>\nType<br \/>\nSortie tandem<br \/>\nSorties<br \/>\n2<br \/>\nMat\u00e9riau<br \/>\nAluminium \/ Plastique<br \/>\nFinition<br \/>\nNu<br \/>\nR\u00e9servoir<br \/>\nRes Type<br \/>\nA distance<br \/>\nRes Taille (oz)<br \/>\n4.0 \/ 4.0<br \/>\nTaille Res (cu in)<br \/>\n7.2 \/ 7.2<\/p>","protected":false},"excerpt":{"rendered":"<p>Wilwood dubbele hoofdremcilinder Verkrijgbaar als set met potjes en slang 1 inch is 1,00 met 25,2 mm pen Aansluiting 3\/8&#215;24 &nbsp; Wilwood\u2019s Remote Tandem master cylinders provide one of the safest ways to actuate four wheel or dual caliper axle brake systems. The cylinder features 50\/50 output from a 1.00&#8243; bore with 1.10&#8243; stroke. This [&hellip;]<\/p>\n","protected":false},"featured_media":94863,"template":"","meta":{"_acf_changed":false},"product_brand":[],"product_cat":[2607],"product_tag":[],"class_list":{"0":"post-31218","1":"product","2":"type-product","3":"status-publish","4":"has-post-thumbnail","6":"product_cat-rempompen-hoofdremcilinders","7":"product_shipping_class-4016","9":"first","10":"instock","11":"taxable","12":"shipping-taxable","13":"purchasable","14":"product-type-simple"},"acf":[],"yoast_head":"<!-- This site is optimized with the Yoast SEO plugin v27.1.1 - https:\/\/yoast.com\/product\/yoast-seo-wordpress\/ -->\n<title>Wilwood Dubbele Remcilinder - Hoogstra Autosport<\/title>\n<meta name=\"description\" content=\"Remmen\" \/>\n<meta name=\"robots\" content=\"index, follow, max-snippet:-1, max-image-preview:large, max-video-preview:-1\" \/>\n<link rel=\"canonical\" href=\"https:\/\/www.hoogstra-autosport.nl\/fr\/produit\/wilwood-hoofdremcilinder-set-kopie\/\" \/>\n<meta property=\"og:locale\" content=\"fr_FR\" \/>\n<meta property=\"og:type\" content=\"article\" \/>\n<meta property=\"og:title\" content=\"Wilwood Dubbele Remcilinder - Hoogstra Autosport\" \/>\n<meta property=\"og:description\" content=\"Remmen\" \/>\n<meta property=\"og:url\" content=\"https:\/\/www.hoogstra-autosport.nl\/fr\/produit\/wilwood-hoofdremcilinder-set-kopie\/\" \/>\n<meta property=\"og:site_name\" content=\"Hoogstra Autosport\" \/>\n<meta property=\"article:modified_time\" content=\"2025-12-10T07:21:09+00:00\" \/>\n<meta property=\"og:image\" content=\"https:\/\/www.hoogstra-autosport.nl\/teamkoen\/wp-content\/uploads\/2020\/05\/Untitled-Project-2025-12-10T082036.518.jpg\" \/>\n\t<meta property=\"og:image:width\" content=\"1080\" \/>\n\t<meta property=\"og:image:height\" content=\"1080\" \/>\n\t<meta property=\"og:image:type\" content=\"image\/jpeg\" \/>\n<meta name=\"twitter:card\" content=\"summary_large_image\" \/>\n<meta name=\"twitter:label1\" content=\"Dur\u00e9e de lecture estim\u00e9e\" \/>\n\t<meta name=\"twitter:data1\" content=\"1 minute\" \/>\n<script type=\"application\/ld+json\" class=\"yoast-schema-graph\">{\"@context\":\"https:\/\/schema.org\",\"@graph\":[{\"@type\":\"WebPage\",\"@id\":\"https:\/\/www.hoogstra-autosport.nl\/product\/wilwood-hoofdremcilinder-set-kopie\/\",\"url\":\"https:\/\/www.hoogstra-autosport.nl\/product\/wilwood-hoofdremcilinder-set-kopie\/\",\"name\":\"Wilwood Dubbele Remcilinder - Hoogstra Autosport\",\"isPartOf\":{\"@id\":\"https:\/\/www.hoogstra-autosport.nl\/#website\"},\"primaryImageOfPage\":{\"@id\":\"https:\/\/www.hoogstra-autosport.nl\/product\/wilwood-hoofdremcilinder-set-kopie\/#primaryimage\"},\"image\":{\"@id\":\"https:\/\/www.hoogstra-autosport.nl\/product\/wilwood-hoofdremcilinder-set-kopie\/#primaryimage\"},\"thumbnailUrl\":\"https:\/\/www.hoogstra-autosport.nl\/teamkoen\/wp-content\/uploads\/2020\/05\/Untitled-Project-2025-12-10T082036.518.jpg\",\"datePublished\":\"2020-05-20T08:50:59+00:00\",\"dateModified\":\"2025-12-10T07:21:09+00:00\",\"description\":\"Remmen\",\"breadcrumb\":{\"@id\":\"https:\/\/www.hoogstra-autosport.nl\/product\/wilwood-hoofdremcilinder-set-kopie\/#breadcrumb\"},\"inLanguage\":\"fr-FR\",\"potentialAction\":[{\"@type\":\"ReadAction\",\"target\":[\"https:\/\/www.hoogstra-autosport.nl\/product\/wilwood-hoofdremcilinder-set-kopie\/\"]}]},{\"@type\":\"ImageObject\",\"inLanguage\":\"fr-FR\",\"@id\":\"https:\/\/www.hoogstra-autosport.nl\/product\/wilwood-hoofdremcilinder-set-kopie\/#primaryimage\",\"url\":\"https:\/\/www.hoogstra-autosport.nl\/teamkoen\/wp-content\/uploads\/2020\/05\/Untitled-Project-2025-12-10T082036.518.jpg\",\"contentUrl\":\"https:\/\/www.hoogstra-autosport.nl\/teamkoen\/wp-content\/uploads\/2020\/05\/Untitled-Project-2025-12-10T082036.518.jpg\",\"width\":1080,\"height\":1080},{\"@type\":\"BreadcrumbList\",\"@id\":\"https:\/\/www.hoogstra-autosport.nl\/product\/wilwood-hoofdremcilinder-set-kopie\/#breadcrumb\",\"itemListElement\":[{\"@type\":\"ListItem\",\"position\":1,\"name\":\"Home\",\"item\":\"https:\/\/www.hoogstra-autosport.nl\/\"},{\"@type\":\"ListItem\",\"position\":2,\"name\":\"Remmen\",\"item\":\"https:\/\/www.hoogstra-autosport.nl\/product-categorie\/remmen-2\/\"},{\"@type\":\"ListItem\",\"position\":3,\"name\":\"Rempompen Hoofdremcilinders\",\"item\":\"https:\/\/www.hoogstra-autosport.nl\/product-categorie\/remmen-2\/rempompen-hoofdremcilinders\/\"},{\"@type\":\"ListItem\",\"position\":4,\"name\":\"Wilwood Dubbele Remcilinder\"}]},{\"@type\":\"WebSite\",\"@id\":\"https:\/\/www.hoogstra-autosport.nl\/#website\",\"url\":\"https:\/\/www.hoogstra-autosport.nl\/\",\"name\":\"Hoogstra Autosport\",\"description\":\"Performance Autosport Parts!\",\"potentialAction\":[{\"@type\":\"SearchAction\",\"target\":{\"@type\":\"EntryPoint\",\"urlTemplate\":\"https:\/\/www.hoogstra-autosport.nl\/?s={search_term_string}\"},\"query-input\":{\"@type\":\"PropertyValueSpecification\",\"valueRequired\":true,\"valueName\":\"search_term_string\"}}],\"inLanguage\":\"fr-FR\"}]}<\/script>\n<!-- \/ Yoast SEO plugin. -->","yoast_head_json":{"title":"Wilwood Dubbele Remcilinder - Hoogstra Autosport","description":"Freins","robots":{"index":"index","follow":"follow","max-snippet":"max-snippet:-1","max-image-preview":"max-image-preview:large","max-video-preview":"max-video-preview:-1"},"canonical":"https:\/\/www.hoogstra-autosport.nl\/fr\/produit\/wilwood-hoofdremcilinder-set-kopie\/","og_locale":"fr_FR","og_type":"article","og_title":"Wilwood Dubbele Remcilinder - Hoogstra Autosport","og_description":"Remmen","og_url":"https:\/\/www.hoogstra-autosport.nl\/fr\/produit\/wilwood-hoofdremcilinder-set-kopie\/","og_site_name":"Hoogstra Autosport","article_modified_time":"2025-12-10T07:21:09+00:00","og_image":[{"width":1080,"height":1080,"url":"https:\/\/www.hoogstra-autosport.nl\/teamkoen\/wp-content\/uploads\/2020\/05\/Untitled-Project-2025-12-10T082036.518.jpg","type":"image\/jpeg"}],"twitter_card":"summary_large_image","twitter_misc":{"Dur\u00e9e de lecture estim\u00e9e":"1 minute"},"schema":{"@context":"https:\/\/schema.org","@graph":[{"@type":"WebPage","@id":"https:\/\/www.hoogstra-autosport.nl\/product\/wilwood-hoofdremcilinder-set-kopie\/","url":"https:\/\/www.hoogstra-autosport.nl\/product\/wilwood-hoofdremcilinder-set-kopie\/","name":"Wilwood Dubbele Remcilinder - Hoogstra Autosport","isPartOf":{"@id":"https:\/\/www.hoogstra-autosport.nl\/#website"},"primaryImageOfPage":{"@id":"https:\/\/www.hoogstra-autosport.nl\/product\/wilwood-hoofdremcilinder-set-kopie\/#primaryimage"},"image":{"@id":"https:\/\/www.hoogstra-autosport.nl\/product\/wilwood-hoofdremcilinder-set-kopie\/#primaryimage"},"thumbnailUrl":"https:\/\/www.hoogstra-autosport.nl\/teamkoen\/wp-content\/uploads\/2020\/05\/Untitled-Project-2025-12-10T082036.518.jpg","datePublished":"2020-05-20T08:50:59+00:00","dateModified":"2025-12-10T07:21:09+00:00","description":"Freins","breadcrumb":{"@id":"https:\/\/www.hoogstra-autosport.nl\/product\/wilwood-hoofdremcilinder-set-kopie\/#breadcrumb"},"inLanguage":"fr-FR","potentialAction":[{"@type":"ReadAction","target":["https:\/\/www.hoogstra-autosport.nl\/product\/wilwood-hoofdremcilinder-set-kopie\/"]}]},{"@type":"ImageObject","inLanguage":"fr-FR","@id":"https:\/\/www.hoogstra-autosport.nl\/product\/wilwood-hoofdremcilinder-set-kopie\/#primaryimage","url":"https:\/\/www.hoogstra-autosport.nl\/teamkoen\/wp-content\/uploads\/2020\/05\/Untitled-Project-2025-12-10T082036.518.jpg","contentUrl":"https:\/\/www.hoogstra-autosport.nl\/teamkoen\/wp-content\/uploads\/2020\/05\/Untitled-Project-2025-12-10T082036.518.jpg","width":1080,"height":1080},{"@type":"BreadcrumbList","@id":"https:\/\/www.hoogstra-autosport.nl\/product\/wilwood-hoofdremcilinder-set-kopie\/#breadcrumb","itemListElement":[{"@type":"ListItem","position":1,"name":"Home","item":"https:\/\/www.hoogstra-autosport.nl\/"},{"@type":"ListItem","position":2,"name":"Remmen","item":"https:\/\/www.hoogstra-autosport.nl\/product-categorie\/remmen-2\/"},{"@type":"ListItem","position":3,"name":"Rempompen Hoofdremcilinders","item":"https:\/\/www.hoogstra-autosport.nl\/product-categorie\/remmen-2\/rempompen-hoofdremcilinders\/"},{"@type":"ListItem","position":4,"name":"Wilwood Dubbele Remcilinder"}]},{"@type":"WebSite","@id":"https:\/\/www.hoogstra-autosport.nl\/#website","url":"https:\/\/www.hoogstra-autosport.nl\/","name":"Hoogstra Autosport","description":"Performance Autosport Parts!","potentialAction":[{"@type":"SearchAction","target":{"@type":"EntryPoint","urlTemplate":"https:\/\/www.hoogstra-autosport.nl\/?s={search_term_string}"},"query-input":{"@type":"PropertyValueSpecification","valueRequired":true,"valueName":"search_term_string"}}],"inLanguage":"fr-FR"}]}},"tiered_pricing_type":"fixed","tiered_pricing_fixed_rules":[],"tiered_pricing_product_settings":{"layout":"default","base_unit_name":{"singular":null,"plural":null},"default_variation":null},"tiered_pricing_minimum_quantity":null,"tiered_pricing_roles_data":[],"tiered_pricing_percentage_rules":[],"tiered_pricing_maximum_quantity":null,"tiered_pricing_quantity_step":null,"_links":{"self":[{"href":"https:\/\/www.hoogstra-autosport.nl\/fr\/wp-json\/wp\/v2\/product\/31218","targetHints":{"allow":["GET"]}}],"collection":[{"href":"https:\/\/www.hoogstra-autosport.nl\/fr\/wp-json\/wp\/v2\/product"}],"about":[{"href":"https:\/\/www.hoogstra-autosport.nl\/fr\/wp-json\/wp\/v2\/types\/product"}],"wp:featuredmedia":[{"embeddable":true,"href":"https:\/\/www.hoogstra-autosport.nl\/fr\/wp-json\/wp\/v2\/media\/94863"}],"wp:attachment":[{"href":"https:\/\/www.hoogstra-autosport.nl\/fr\/wp-json\/wp\/v2\/media?parent=31218"}],"wp:term":[{"taxonomy":"product_brand","embeddable":true,"href":"https:\/\/www.hoogstra-autosport.nl\/fr\/wp-json\/wp\/v2\/product_brand?post=31218"},{"taxonomy":"product_cat","embeddable":true,"href":"https:\/\/www.hoogstra-autosport.nl\/fr\/wp-json\/wp\/v2\/product_cat?post=31218"},{"taxonomy":"product_tag","embeddable":true,"href":"https:\/\/www.hoogstra-autosport.nl\/fr\/wp-json\/wp\/v2\/product_tag?post=31218"}],"curies":[{"name":"wp","href":"https:\/\/api.w.org\/{rel}","templated":true}]}}