{"id":30630,"date":"2020-04-22T15:32:55","date_gmt":"2020-04-22T13:32:55","guid":{"rendered":"https:\/\/www.hoogstra-autosport.nl\/?post_type=product&#038;p=30630"},"modified":"2024-01-20T13:06:26","modified_gmt":"2024-01-20T12:06:26","slug":"brandstoffilter-sytec-10-bar-d6","status":"publish","type":"product","link":"https:\/\/www.hoogstra-autosport.nl\/fr\/produit\/brandstoffilter-sytec-10-bar-d6\/","title":{"rendered":"Filtre \u00e0 carburant Sytec 10 BAR D6"},"content":{"rendered":"<p>Filtre \u00e0 carburant Bullet Filtre \u00e0 injection C\u00f4t\u00e9 pression<\/p>\n<p>Sytec Blue rempla\u00e7able<\/p>\n<p>Filtre amovible<\/p>\n<p>Supports inclus (pas de mamelons inclus)<\/p>\n<p>Entr\u00e9e du mamelon JIC 6<\/p>\n<p>Sortie d'embout JIC 6<\/p>\n<p>SYTEC BULLET FUEL FILTER 8mm-8mm (Bleu)<br \/>\nLes filtres \u00e0 carburant \u00e0 haut d\u00e9bit de Sytec sont con\u00e7us pour une application en ligne. Ces filtres ont une capacit\u00e9 de d\u00e9bit de 500 litres par heure et sont capables de supporter une pression allant jusqu'\u00e0 10 bars. Ces filtres sont con\u00e7us pour \u00eatre utilis\u00e9s dans un format pr\u00e9 ou post pompe \u00e0 carburant et dans les syst\u00e8mes \u00e0 carburateur (basse pression) ou \u00e0 injection (haute pression).<\/p>\n<p>Papier (10 microns)<br \/>\n\u00c9l\u00e9ment filtrant en option:-<br \/>\nAcier inoxydable (55 microns)<\/p>\n<p>Essence E5, E10, Diesel<\/p>\n<p>D\u00e9bit (Max):-<br \/>\n500 Ltr\/hr<\/p>\n<p>Pression (max):-<br \/>\n10 Barre<br \/>\nDimensions du corps principal:-<br \/>\n110x50mm<br \/>\nPoids du corps principal :-<br \/>\n150 g<\/p>","protected":false},"excerpt":{"rendered":"<p>Brandstof Filter Bullet \u00a0 Injectie Filter Drukkant Sytec Blauw vervangbaar Filter kan eruit gehaald worden Houders meegeleverd ( let op bij deze geen nippels meegeleverd) Nippel ingang JIC 6 Nippel uitgang JIC 6 SYTEC BULLET FUEL FILTER 8mm-8mm (Blue) Sytec High Flow Fuel Filters are designed for in line application. These filters have a flow [&hellip;]<\/p>\n","protected":false},"featured_media":62945,"template":"","meta":{"_acf_changed":false},"product_brand":[],"product_cat":[2642,4143],"product_tag":[],"class_list":{"0":"post-30630","1":"product","2":"type-product","3":"status-publish","4":"has-post-thumbnail","6":"product_cat-brandstof-filters","7":"product_cat-sytec","8":"product_shipping_class-4016","10":"first","11":"instock","12":"taxable","13":"shipping-taxable","14":"purchasable","15":"product-type-simple"},"acf":[],"yoast_head":"<!-- This site is optimized with the Yoast SEO plugin v27.1.1 - https:\/\/yoast.com\/product\/yoast-seo-wordpress\/ -->\n<title>Brandstoffilter Sytec 10 BAR D6 - Hoogstra Autosport<\/title>\n<meta name=\"robots\" content=\"index, follow, max-snippet:-1, max-image-preview:large, max-video-preview:-1\" \/>\n<link rel=\"canonical\" href=\"https:\/\/www.hoogstra-autosport.nl\/fr\/produit\/brandstoffilter-sytec-10-bar-d6\/\" \/>\n<meta property=\"og:locale\" content=\"fr_FR\" \/>\n<meta property=\"og:type\" content=\"article\" \/>\n<meta property=\"og:title\" content=\"Brandstoffilter Sytec 10 BAR D6 - Hoogstra Autosport\" \/>\n<meta property=\"og:description\" content=\"Brandstof Filter Bullet \u00a0 Injectie Filter Drukkant Sytec Blauw vervangbaar Filter kan eruit gehaald worden Houders meegeleverd ( let op bij deze geen nippels meegeleverd) Nippel ingang JIC 6 Nippel uitgang JIC 6 SYTEC BULLET FUEL FILTER 8mm-8mm (Blue) Sytec High Flow Fuel Filters are designed for in line application. These filters have a flow [&hellip;]\" \/>\n<meta property=\"og:url\" content=\"https:\/\/www.hoogstra-autosport.nl\/fr\/produit\/brandstoffilter-sytec-10-bar-d6\/\" \/>\n<meta property=\"og:site_name\" content=\"Hoogstra Autosport\" \/>\n<meta property=\"article:modified_time\" content=\"2024-01-20T12:06:26+00:00\" \/>\n<meta property=\"og:image\" content=\"https:\/\/www.hoogstra-autosport.nl\/teamkoen\/content\/uploads\/2020\/04\/BULLET-F1-B.jpg\" \/>\n\t<meta property=\"og:image:width\" content=\"986\" \/>\n\t<meta property=\"og:image:height\" content=\"986\" \/>\n\t<meta property=\"og:image:type\" content=\"image\/jpeg\" \/>\n<meta name=\"twitter:card\" content=\"summary_large_image\" \/>\n<meta name=\"twitter:label1\" content=\"Dur\u00e9e de lecture estim\u00e9e\" \/>\n\t<meta name=\"twitter:data1\" content=\"1 minute\" \/>\n<script type=\"application\/ld+json\" class=\"yoast-schema-graph\">{\"@context\":\"https:\/\/schema.org\",\"@graph\":[{\"@type\":\"WebPage\",\"@id\":\"https:\/\/www.hoogstra-autosport.nl\/product\/brandstoffilter-sytec-10-bar-d6\/\",\"url\":\"https:\/\/www.hoogstra-autosport.nl\/product\/brandstoffilter-sytec-10-bar-d6\/\",\"name\":\"Brandstoffilter Sytec 10 BAR D6 - Hoogstra Autosport\",\"isPartOf\":{\"@id\":\"https:\/\/www.hoogstra-autosport.nl\/#website\"},\"primaryImageOfPage\":{\"@id\":\"https:\/\/www.hoogstra-autosport.nl\/product\/brandstoffilter-sytec-10-bar-d6\/#primaryimage\"},\"image\":{\"@id\":\"https:\/\/www.hoogstra-autosport.nl\/product\/brandstoffilter-sytec-10-bar-d6\/#primaryimage\"},\"thumbnailUrl\":\"https:\/\/www.hoogstra-autosport.nl\/teamkoen\/wp-content\/uploads\/2020\/04\/BULLET-F1-B.jpg\",\"datePublished\":\"2020-04-22T13:32:55+00:00\",\"dateModified\":\"2024-01-20T12:06:26+00:00\",\"breadcrumb\":{\"@id\":\"https:\/\/www.hoogstra-autosport.nl\/product\/brandstoffilter-sytec-10-bar-d6\/#breadcrumb\"},\"inLanguage\":\"fr-FR\",\"potentialAction\":[{\"@type\":\"ReadAction\",\"target\":[\"https:\/\/www.hoogstra-autosport.nl\/product\/brandstoffilter-sytec-10-bar-d6\/\"]}]},{\"@type\":\"ImageObject\",\"inLanguage\":\"fr-FR\",\"@id\":\"https:\/\/www.hoogstra-autosport.nl\/product\/brandstoffilter-sytec-10-bar-d6\/#primaryimage\",\"url\":\"https:\/\/www.hoogstra-autosport.nl\/teamkoen\/wp-content\/uploads\/2020\/04\/BULLET-F1-B.jpg\",\"contentUrl\":\"https:\/\/www.hoogstra-autosport.nl\/teamkoen\/wp-content\/uploads\/2020\/04\/BULLET-F1-B.jpg\",\"width\":986,\"height\":986},{\"@type\":\"BreadcrumbList\",\"@id\":\"https:\/\/www.hoogstra-autosport.nl\/product\/brandstoffilter-sytec-10-bar-d6\/#breadcrumb\",\"itemListElement\":[{\"@type\":\"ListItem\",\"position\":1,\"name\":\"Home\",\"item\":\"https:\/\/www.hoogstra-autosport.nl\/\"},{\"@type\":\"ListItem\",\"position\":2,\"name\":\"Brandstof Systeem\",\"item\":\"https:\/\/www.hoogstra-autosport.nl\/product-categorie\/brandstof-systeem-2\/\"},{\"@type\":\"ListItem\",\"position\":3,\"name\":\"Brandstof Filters\",\"item\":\"https:\/\/www.hoogstra-autosport.nl\/product-categorie\/brandstof-systeem-2\/brandstof-filters\/\"},{\"@type\":\"ListItem\",\"position\":4,\"name\":\"Brandstoffilter Sytec 10 BAR D6\"}]},{\"@type\":\"WebSite\",\"@id\":\"https:\/\/www.hoogstra-autosport.nl\/#website\",\"url\":\"https:\/\/www.hoogstra-autosport.nl\/\",\"name\":\"Hoogstra Autosport\",\"description\":\"Performance Autosport Parts!\",\"potentialAction\":[{\"@type\":\"SearchAction\",\"target\":{\"@type\":\"EntryPoint\",\"urlTemplate\":\"https:\/\/www.hoogstra-autosport.nl\/?s={search_term_string}\"},\"query-input\":{\"@type\":\"PropertyValueSpecification\",\"valueRequired\":true,\"valueName\":\"search_term_string\"}}],\"inLanguage\":\"fr-FR\"}]}<\/script>\n<!-- \/ Yoast SEO plugin. -->","yoast_head_json":{"title":"Brandstoffilter Sytec 10 BAR D6 - Hoogstra Autosport","robots":{"index":"index","follow":"follow","max-snippet":"max-snippet:-1","max-image-preview":"max-image-preview:large","max-video-preview":"max-video-preview:-1"},"canonical":"https:\/\/www.hoogstra-autosport.nl\/fr\/produit\/brandstoffilter-sytec-10-bar-d6\/","og_locale":"fr_FR","og_type":"article","og_title":"Brandstoffilter Sytec 10 BAR D6 - Hoogstra Autosport","og_description":"Brandstof Filter Bullet \u00a0 Injectie Filter Drukkant Sytec Blauw vervangbaar Filter kan eruit gehaald worden Houders meegeleverd ( let op bij deze geen nippels meegeleverd) Nippel ingang JIC 6 Nippel uitgang JIC 6 SYTEC BULLET FUEL FILTER 8mm-8mm (Blue) Sytec High Flow Fuel Filters are designed for in line application. These filters have a flow [&hellip;]","og_url":"https:\/\/www.hoogstra-autosport.nl\/fr\/produit\/brandstoffilter-sytec-10-bar-d6\/","og_site_name":"Hoogstra Autosport","article_modified_time":"2024-01-20T12:06:26+00:00","og_image":[{"width":986,"height":986,"url":"https:\/\/www.hoogstra-autosport.nl\/teamkoen\/content\/uploads\/2020\/04\/BULLET-F1-B.jpg","type":"image\/jpeg"}],"twitter_card":"summary_large_image","twitter_misc":{"Dur\u00e9e de lecture estim\u00e9e":"1 minute"},"schema":{"@context":"https:\/\/schema.org","@graph":[{"@type":"WebPage","@id":"https:\/\/www.hoogstra-autosport.nl\/product\/brandstoffilter-sytec-10-bar-d6\/","url":"https:\/\/www.hoogstra-autosport.nl\/product\/brandstoffilter-sytec-10-bar-d6\/","name":"Brandstoffilter Sytec 10 BAR D6 - Hoogstra Autosport","isPartOf":{"@id":"https:\/\/www.hoogstra-autosport.nl\/#website"},"primaryImageOfPage":{"@id":"https:\/\/www.hoogstra-autosport.nl\/product\/brandstoffilter-sytec-10-bar-d6\/#primaryimage"},"image":{"@id":"https:\/\/www.hoogstra-autosport.nl\/product\/brandstoffilter-sytec-10-bar-d6\/#primaryimage"},"thumbnailUrl":"https:\/\/www.hoogstra-autosport.nl\/teamkoen\/wp-content\/uploads\/2020\/04\/BULLET-F1-B.jpg","datePublished":"2020-04-22T13:32:55+00:00","dateModified":"2024-01-20T12:06:26+00:00","breadcrumb":{"@id":"https:\/\/www.hoogstra-autosport.nl\/product\/brandstoffilter-sytec-10-bar-d6\/#breadcrumb"},"inLanguage":"fr-FR","potentialAction":[{"@type":"ReadAction","target":["https:\/\/www.hoogstra-autosport.nl\/product\/brandstoffilter-sytec-10-bar-d6\/"]}]},{"@type":"ImageObject","inLanguage":"fr-FR","@id":"https:\/\/www.hoogstra-autosport.nl\/product\/brandstoffilter-sytec-10-bar-d6\/#primaryimage","url":"https:\/\/www.hoogstra-autosport.nl\/teamkoen\/wp-content\/uploads\/2020\/04\/BULLET-F1-B.jpg","contentUrl":"https:\/\/www.hoogstra-autosport.nl\/teamkoen\/wp-content\/uploads\/2020\/04\/BULLET-F1-B.jpg","width":986,"height":986},{"@type":"BreadcrumbList","@id":"https:\/\/www.hoogstra-autosport.nl\/product\/brandstoffilter-sytec-10-bar-d6\/#breadcrumb","itemListElement":[{"@type":"ListItem","position":1,"name":"Home","item":"https:\/\/www.hoogstra-autosport.nl\/"},{"@type":"ListItem","position":2,"name":"Brandstof Systeem","item":"https:\/\/www.hoogstra-autosport.nl\/product-categorie\/brandstof-systeem-2\/"},{"@type":"ListItem","position":3,"name":"Brandstof Filters","item":"https:\/\/www.hoogstra-autosport.nl\/product-categorie\/brandstof-systeem-2\/brandstof-filters\/"},{"@type":"ListItem","position":4,"name":"Brandstoffilter Sytec 10 BAR D6"}]},{"@type":"WebSite","@id":"https:\/\/www.hoogstra-autosport.nl\/#website","url":"https:\/\/www.hoogstra-autosport.nl\/","name":"Hoogstra Autosport","description":"Performance Autosport Parts!","potentialAction":[{"@type":"SearchAction","target":{"@type":"EntryPoint","urlTemplate":"https:\/\/www.hoogstra-autosport.nl\/?s={search_term_string}"},"query-input":{"@type":"PropertyValueSpecification","valueRequired":true,"valueName":"search_term_string"}}],"inLanguage":"fr-FR"}]}},"tiered_pricing_type":"fixed","tiered_pricing_fixed_rules":[],"tiered_pricing_product_settings":{"layout":"default","base_unit_name":{"singular":null,"plural":null},"default_variation":null},"tiered_pricing_minimum_quantity":null,"tiered_pricing_roles_data":[],"tiered_pricing_percentage_rules":[],"tiered_pricing_maximum_quantity":null,"tiered_pricing_quantity_step":null,"_links":{"self":[{"href":"https:\/\/www.hoogstra-autosport.nl\/fr\/wp-json\/wp\/v2\/product\/30630","targetHints":{"allow":["GET"]}}],"collection":[{"href":"https:\/\/www.hoogstra-autosport.nl\/fr\/wp-json\/wp\/v2\/product"}],"about":[{"href":"https:\/\/www.hoogstra-autosport.nl\/fr\/wp-json\/wp\/v2\/types\/product"}],"wp:featuredmedia":[{"embeddable":true,"href":"https:\/\/www.hoogstra-autosport.nl\/fr\/wp-json\/wp\/v2\/media\/62945"}],"wp:attachment":[{"href":"https:\/\/www.hoogstra-autosport.nl\/fr\/wp-json\/wp\/v2\/media?parent=30630"}],"wp:term":[{"taxonomy":"product_brand","embeddable":true,"href":"https:\/\/www.hoogstra-autosport.nl\/fr\/wp-json\/wp\/v2\/product_brand?post=30630"},{"taxonomy":"product_cat","embeddable":true,"href":"https:\/\/www.hoogstra-autosport.nl\/fr\/wp-json\/wp\/v2\/product_cat?post=30630"},{"taxonomy":"product_tag","embeddable":true,"href":"https:\/\/www.hoogstra-autosport.nl\/fr\/wp-json\/wp\/v2\/product_tag?post=30630"}],"curies":[{"name":"wp","href":"https:\/\/api.w.org\/{rel}","templated":true}]}}