{"id":30617,"date":"2020-04-22T15:16:18","date_gmt":"2020-04-22T13:16:18","guid":{"rendered":"https:\/\/www.hoogstra-autosport.nl\/?post_type=product&#038;p=30617"},"modified":"2025-01-14T17:19:00","modified_gmt":"2025-01-14T16:19:00","slug":"brandstof-filter-sytec","status":"publish","type":"product","link":"https:\/\/www.hoogstra-autosport.nl\/fr\/produit\/brandstof-filter-sytec\/","title":{"rendered":"Filtre \u00e0 carburant Sytec"},"content":{"rendered":"<p>Petit filtre \u00e0 carburant compact<\/p>\n<p>Sytec SBF003 Bleu<\/p>\n<p>Filtre amovible<\/p>\n<p>Malpassi Motorsport Filtre \u00e0 carburant m\u00e9tallique nettoyable \u00e0 haut d\u00e9bit<br \/>\nCouleur:- Bleu<br \/>\nConnexions :- 10mm externe<\/p>\n<p>Supports et mamelons inclus<\/p>\n<p>Diam\u00e8tre:- 34mm<br \/>\nLongueur:- 77mm<br \/>\nPoids:- 90 grammes<\/p>\n<p>Tamis triple 30 microns Filtre lavable.<\/p>\n<p>Chiffres de l'essai ind\u00e9pendant<br \/>\nD\u00e9bit maximum:- 500 Ltr\/hr<br \/>\nPression maximale:- 8 Bar<br \/>\nPeut \u00eatre utilis\u00e9 pour le carburateur ou l'injection.<\/p>","protected":false},"excerpt":{"rendered":"<p>Klein Compact brandstof filter Sytec SBF003 Blauw Filter kan eruit gehaald worden Malpassi Motorsport Cleanable High Flow Metal Fuel Filter Colour:- Blue Aansluitingen\u00a0 :- 10mm uitwendig Houders &amp; nippels meegeleverd Diameter:- 34mm Lengte:- 77mm Weight:- 90 gram 30 Micron triple screen Washable filter. Independent Test Figures as follows:- Max Flow:- 500 Ltr\/hr Max Pressure:- 8 [&hellip;]<\/p>\n","protected":false},"featured_media":62933,"template":"","meta":{"_acf_changed":false},"product_brand":[],"product_cat":[2642],"product_tag":[],"class_list":{"0":"post-30617","1":"product","2":"type-product","3":"status-publish","4":"has-post-thumbnail","6":"product_cat-brandstof-filters","7":"product_shipping_class-4016","9":"first","10":"instock","11":"taxable","12":"shipping-taxable","13":"purchasable","14":"product-type-simple"},"acf":[],"yoast_head":"<!-- This site is optimized with the Yoast SEO plugin v27.1.1 - https:\/\/yoast.com\/product\/yoast-seo-wordpress\/ -->\n<title>Brandstof filter Sytec - Hoogstra Autosport<\/title>\n<meta name=\"robots\" content=\"index, follow, max-snippet:-1, max-image-preview:large, max-video-preview:-1\" \/>\n<link rel=\"canonical\" href=\"https:\/\/www.hoogstra-autosport.nl\/fr\/produit\/brandstof-filter-sytec\/\" \/>\n<meta property=\"og:locale\" content=\"fr_FR\" \/>\n<meta property=\"og:type\" content=\"article\" \/>\n<meta property=\"og:title\" content=\"Brandstof filter Sytec - Hoogstra Autosport\" \/>\n<meta property=\"og:description\" content=\"Klein Compact brandstof filter Sytec SBF003 Blauw Filter kan eruit gehaald worden Malpassi Motorsport Cleanable High Flow Metal Fuel Filter Colour:- Blue Aansluitingen\u00a0 :- 10mm uitwendig Houders &amp; nippels meegeleverd Diameter:- 34mm Lengte:- 77mm Weight:- 90 gram 30 Micron triple screen Washable filter. Independent Test Figures as follows:- Max Flow:- 500 Ltr\/hr Max Pressure:- 8 [&hellip;]\" \/>\n<meta property=\"og:url\" content=\"https:\/\/www.hoogstra-autosport.nl\/fr\/produit\/brandstof-filter-sytec\/\" \/>\n<meta property=\"og:site_name\" content=\"Hoogstra Autosport\" \/>\n<meta property=\"article:modified_time\" content=\"2025-01-14T16:19:00+00:00\" \/>\n<meta property=\"og:image\" content=\"https:\/\/www.hoogstra-autosport.nl\/teamkoen\/content\/uploads\/2020\/04\/SBF003B.jpg\" \/>\n\t<meta property=\"og:image:width\" content=\"986\" \/>\n\t<meta property=\"og:image:height\" content=\"986\" \/>\n\t<meta property=\"og:image:type\" content=\"image\/jpeg\" \/>\n<meta name=\"twitter:card\" content=\"summary_large_image\" \/>\n<meta name=\"twitter:label1\" content=\"Dur\u00e9e de lecture estim\u00e9e\" \/>\n\t<meta name=\"twitter:data1\" content=\"1 minute\" \/>\n<script type=\"application\/ld+json\" class=\"yoast-schema-graph\">{\"@context\":\"https:\/\/schema.org\",\"@graph\":[{\"@type\":\"WebPage\",\"@id\":\"https:\/\/www.hoogstra-autosport.nl\/product\/brandstof-filter-sytec\/\",\"url\":\"https:\/\/www.hoogstra-autosport.nl\/product\/brandstof-filter-sytec\/\",\"name\":\"Brandstof filter Sytec - Hoogstra Autosport\",\"isPartOf\":{\"@id\":\"https:\/\/www.hoogstra-autosport.nl\/#website\"},\"primaryImageOfPage\":{\"@id\":\"https:\/\/www.hoogstra-autosport.nl\/product\/brandstof-filter-sytec\/#primaryimage\"},\"image\":{\"@id\":\"https:\/\/www.hoogstra-autosport.nl\/product\/brandstof-filter-sytec\/#primaryimage\"},\"thumbnailUrl\":\"https:\/\/www.hoogstra-autosport.nl\/teamkoen\/wp-content\/uploads\/2020\/04\/SBF003B.jpg\",\"datePublished\":\"2020-04-22T13:16:18+00:00\",\"dateModified\":\"2025-01-14T16:19:00+00:00\",\"breadcrumb\":{\"@id\":\"https:\/\/www.hoogstra-autosport.nl\/product\/brandstof-filter-sytec\/#breadcrumb\"},\"inLanguage\":\"fr-FR\",\"potentialAction\":[{\"@type\":\"ReadAction\",\"target\":[\"https:\/\/www.hoogstra-autosport.nl\/product\/brandstof-filter-sytec\/\"]}]},{\"@type\":\"ImageObject\",\"inLanguage\":\"fr-FR\",\"@id\":\"https:\/\/www.hoogstra-autosport.nl\/product\/brandstof-filter-sytec\/#primaryimage\",\"url\":\"https:\/\/www.hoogstra-autosport.nl\/teamkoen\/wp-content\/uploads\/2020\/04\/SBF003B.jpg\",\"contentUrl\":\"https:\/\/www.hoogstra-autosport.nl\/teamkoen\/wp-content\/uploads\/2020\/04\/SBF003B.jpg\",\"width\":986,\"height\":986},{\"@type\":\"BreadcrumbList\",\"@id\":\"https:\/\/www.hoogstra-autosport.nl\/product\/brandstof-filter-sytec\/#breadcrumb\",\"itemListElement\":[{\"@type\":\"ListItem\",\"position\":1,\"name\":\"Home\",\"item\":\"https:\/\/www.hoogstra-autosport.nl\/\"},{\"@type\":\"ListItem\",\"position\":2,\"name\":\"Brandstof Systeem\",\"item\":\"https:\/\/www.hoogstra-autosport.nl\/product-categorie\/brandstof-systeem-2\/\"},{\"@type\":\"ListItem\",\"position\":3,\"name\":\"Brandstof Filters\",\"item\":\"https:\/\/www.hoogstra-autosport.nl\/product-categorie\/brandstof-systeem-2\/brandstof-filters\/\"},{\"@type\":\"ListItem\",\"position\":4,\"name\":\"Brandstof filter Sytec\"}]},{\"@type\":\"WebSite\",\"@id\":\"https:\/\/www.hoogstra-autosport.nl\/#website\",\"url\":\"https:\/\/www.hoogstra-autosport.nl\/\",\"name\":\"Hoogstra Autosport\",\"description\":\"Performance Autosport Parts!\",\"potentialAction\":[{\"@type\":\"SearchAction\",\"target\":{\"@type\":\"EntryPoint\",\"urlTemplate\":\"https:\/\/www.hoogstra-autosport.nl\/?s={search_term_string}\"},\"query-input\":{\"@type\":\"PropertyValueSpecification\",\"valueRequired\":true,\"valueName\":\"search_term_string\"}}],\"inLanguage\":\"fr-FR\"}]}<\/script>\n<!-- \/ Yoast SEO plugin. -->","yoast_head_json":{"title":"Brandstof filter Sytec - Hoogstra Autosport","robots":{"index":"index","follow":"follow","max-snippet":"max-snippet:-1","max-image-preview":"max-image-preview:large","max-video-preview":"max-video-preview:-1"},"canonical":"https:\/\/www.hoogstra-autosport.nl\/fr\/produit\/brandstof-filter-sytec\/","og_locale":"fr_FR","og_type":"article","og_title":"Brandstof filter Sytec - Hoogstra Autosport","og_description":"Klein Compact brandstof filter Sytec SBF003 Blauw Filter kan eruit gehaald worden Malpassi Motorsport Cleanable High Flow Metal Fuel Filter Colour:- Blue Aansluitingen\u00a0 :- 10mm uitwendig Houders &amp; nippels meegeleverd Diameter:- 34mm Lengte:- 77mm Weight:- 90 gram 30 Micron triple screen Washable filter. Independent Test Figures as follows:- Max Flow:- 500 Ltr\/hr Max Pressure:- 8 [&hellip;]","og_url":"https:\/\/www.hoogstra-autosport.nl\/fr\/produit\/brandstof-filter-sytec\/","og_site_name":"Hoogstra Autosport","article_modified_time":"2025-01-14T16:19:00+00:00","og_image":[{"width":986,"height":986,"url":"https:\/\/www.hoogstra-autosport.nl\/teamkoen\/content\/uploads\/2020\/04\/SBF003B.jpg","type":"image\/jpeg"}],"twitter_card":"summary_large_image","twitter_misc":{"Dur\u00e9e de lecture estim\u00e9e":"1 minute"},"schema":{"@context":"https:\/\/schema.org","@graph":[{"@type":"WebPage","@id":"https:\/\/www.hoogstra-autosport.nl\/product\/brandstof-filter-sytec\/","url":"https:\/\/www.hoogstra-autosport.nl\/product\/brandstof-filter-sytec\/","name":"Brandstof filter Sytec - Hoogstra Autosport","isPartOf":{"@id":"https:\/\/www.hoogstra-autosport.nl\/#website"},"primaryImageOfPage":{"@id":"https:\/\/www.hoogstra-autosport.nl\/product\/brandstof-filter-sytec\/#primaryimage"},"image":{"@id":"https:\/\/www.hoogstra-autosport.nl\/product\/brandstof-filter-sytec\/#primaryimage"},"thumbnailUrl":"https:\/\/www.hoogstra-autosport.nl\/teamkoen\/wp-content\/uploads\/2020\/04\/SBF003B.jpg","datePublished":"2020-04-22T13:16:18+00:00","dateModified":"2025-01-14T16:19:00+00:00","breadcrumb":{"@id":"https:\/\/www.hoogstra-autosport.nl\/product\/brandstof-filter-sytec\/#breadcrumb"},"inLanguage":"fr-FR","potentialAction":[{"@type":"ReadAction","target":["https:\/\/www.hoogstra-autosport.nl\/product\/brandstof-filter-sytec\/"]}]},{"@type":"ImageObject","inLanguage":"fr-FR","@id":"https:\/\/www.hoogstra-autosport.nl\/product\/brandstof-filter-sytec\/#primaryimage","url":"https:\/\/www.hoogstra-autosport.nl\/teamkoen\/wp-content\/uploads\/2020\/04\/SBF003B.jpg","contentUrl":"https:\/\/www.hoogstra-autosport.nl\/teamkoen\/wp-content\/uploads\/2020\/04\/SBF003B.jpg","width":986,"height":986},{"@type":"BreadcrumbList","@id":"https:\/\/www.hoogstra-autosport.nl\/product\/brandstof-filter-sytec\/#breadcrumb","itemListElement":[{"@type":"ListItem","position":1,"name":"Home","item":"https:\/\/www.hoogstra-autosport.nl\/"},{"@type":"ListItem","position":2,"name":"Brandstof Systeem","item":"https:\/\/www.hoogstra-autosport.nl\/product-categorie\/brandstof-systeem-2\/"},{"@type":"ListItem","position":3,"name":"Brandstof Filters","item":"https:\/\/www.hoogstra-autosport.nl\/product-categorie\/brandstof-systeem-2\/brandstof-filters\/"},{"@type":"ListItem","position":4,"name":"Brandstof filter Sytec"}]},{"@type":"WebSite","@id":"https:\/\/www.hoogstra-autosport.nl\/#website","url":"https:\/\/www.hoogstra-autosport.nl\/","name":"Hoogstra Autosport","description":"Performance Autosport Parts!","potentialAction":[{"@type":"SearchAction","target":{"@type":"EntryPoint","urlTemplate":"https:\/\/www.hoogstra-autosport.nl\/?s={search_term_string}"},"query-input":{"@type":"PropertyValueSpecification","valueRequired":true,"valueName":"search_term_string"}}],"inLanguage":"fr-FR"}]}},"tiered_pricing_type":"fixed","tiered_pricing_fixed_rules":[],"tiered_pricing_product_settings":{"layout":"default","base_unit_name":{"singular":null,"plural":null},"default_variation":null},"tiered_pricing_minimum_quantity":null,"tiered_pricing_roles_data":[],"tiered_pricing_percentage_rules":[],"tiered_pricing_maximum_quantity":null,"tiered_pricing_quantity_step":null,"_links":{"self":[{"href":"https:\/\/www.hoogstra-autosport.nl\/fr\/wp-json\/wp\/v2\/product\/30617","targetHints":{"allow":["GET"]}}],"collection":[{"href":"https:\/\/www.hoogstra-autosport.nl\/fr\/wp-json\/wp\/v2\/product"}],"about":[{"href":"https:\/\/www.hoogstra-autosport.nl\/fr\/wp-json\/wp\/v2\/types\/product"}],"wp:featuredmedia":[{"embeddable":true,"href":"https:\/\/www.hoogstra-autosport.nl\/fr\/wp-json\/wp\/v2\/media\/62933"}],"wp:attachment":[{"href":"https:\/\/www.hoogstra-autosport.nl\/fr\/wp-json\/wp\/v2\/media?parent=30617"}],"wp:term":[{"taxonomy":"product_brand","embeddable":true,"href":"https:\/\/www.hoogstra-autosport.nl\/fr\/wp-json\/wp\/v2\/product_brand?post=30617"},{"taxonomy":"product_cat","embeddable":true,"href":"https:\/\/www.hoogstra-autosport.nl\/fr\/wp-json\/wp\/v2\/product_cat?post=30617"},{"taxonomy":"product_tag","embeddable":true,"href":"https:\/\/www.hoogstra-autosport.nl\/fr\/wp-json\/wp\/v2\/product_tag?post=30617"}],"curies":[{"name":"wp","href":"https:\/\/api.w.org\/{rel}","templated":true}]}}