{"id":29572,"date":"2020-04-02T14:49:32","date_gmt":"2020-04-02T12:49:32","guid":{"rendered":"https:\/\/www.hoogstra-autosport.nl\/?post_type=product&#038;p=29572"},"modified":"2026-04-15T10:29:57","modified_gmt":"2026-04-15T08:29:57","slug":"qsp-slang-dash-6-nylon","status":"publish","type":"product","link":"https:\/\/www.hoogstra-autosport.nl\/fr\/produit\/qsp-slang-dash-6-nylon\/","title":{"rendered":"QSP Hose Dash 6 Nylon"},"content":{"rendered":"<p>QSP Lightweight Nylon Black hose Dash 6<\/p>\n<p>6e tiret<\/p>\n<p>8,7 MM Inwendig<\/p>\n<p>13,8 MM Uitwendig<\/p>\n<p>L'enveloppe int\u00e9rieure en caoutchouc est adapt\u00e9e \u00e0 l'huile de frein, au carburant et \u00e0 l'huile.<\/p>\n<p>Application : Essence, huile (tous les lubrifiants synth\u00e9tiques), liquides de refroidissement, m\u00e9thanol, nitrom\u00e9tane, eau<\/p>\n<p>Plage de temp\u00e9rature : de -46 \u00e0 150 degr\u00e9s Celsius.<\/p>\n<p>Il s'agit d'un tuyau de bonne qualit\u00e9 avec une couche d'acier inoxydable vulcanis\u00e9e dans le caoutchouc, qui convient parfaitement aux raccords Cutter.<\/p>\n<p>Montage avec ar\u00eate de coupe<\/p>\n<p>Prijs per strekkende meter<\/p>","protected":false},"excerpt":{"rendered":"<p>QSP Lightweight Nylon Zwart\u00a0 slang Dash 6 Dash 6 8,7 MM Inwendig 13,8 MM Uitwendig Rubber binnenmantel geschikt voor remolie brandstof en olie. Applicatie: Benzine, olie (alle synthetische smeermiddelen), Koelmiddelen, methanol, nitrometaan, water Temperatuur bereik: -46 to 150 graden Celcius. Dit is de goede kwaliteits slang\u00a0 met de in het rubber gevulcaniseerde RVS laag gevulcaniseerd, [&hellip;]<\/p>\n","protected":false},"featured_media":93497,"template":"","meta":{"_acf_changed":false},"product_brand":[],"product_cat":[2796,2797],"product_tag":[],"class_list":{"0":"post-29572","1":"product","2":"type-product","3":"status-publish","4":"has-post-thumbnail","6":"product_cat-brandstofslang-gewapend-bioe85","7":"product_cat-dash-leidingen","8":"product_shipping_class-4016","10":"first","11":"instock","12":"taxable","13":"shipping-taxable","14":"purchasable","15":"product-type-simple"},"acf":[],"yoast_head":"<!-- This site is optimized with the Yoast SEO plugin v27.1.1 - https:\/\/yoast.com\/product\/yoast-seo-wordpress\/ -->\n<title>QSP Slang Dash 6 Nylon - Hoogstra Autosport<\/title>\n<meta name=\"robots\" content=\"index, follow, max-snippet:-1, max-image-preview:large, max-video-preview:-1\" \/>\n<link rel=\"canonical\" href=\"https:\/\/www.hoogstra-autosport.nl\/fr\/produit\/qsp-slang-dash-6-nylon\/\" \/>\n<meta property=\"og:locale\" content=\"fr_FR\" \/>\n<meta property=\"og:type\" content=\"article\" \/>\n<meta property=\"og:title\" content=\"QSP Slang Dash 6 Nylon - Hoogstra Autosport\" \/>\n<meta property=\"og:description\" content=\"QSP Lightweight Nylon Zwart\u00a0 slang Dash 6 Dash 6 8,7 MM Inwendig 13,8 MM Uitwendig Rubber binnenmantel geschikt voor remolie brandstof en olie. Applicatie: Benzine, olie (alle synthetische smeermiddelen), Koelmiddelen, methanol, nitrometaan, water Temperatuur bereik: -46 to 150 graden Celcius. Dit is de goede kwaliteits slang\u00a0 met de in het rubber gevulcaniseerde RVS laag gevulcaniseerd, [&hellip;]\" \/>\n<meta property=\"og:url\" content=\"https:\/\/www.hoogstra-autosport.nl\/fr\/produit\/qsp-slang-dash-6-nylon\/\" \/>\n<meta property=\"og:site_name\" content=\"Hoogstra Autosport\" \/>\n<meta property=\"article:modified_time\" content=\"2026-04-15T08:29:57+00:00\" \/>\n<meta property=\"og:image\" content=\"https:\/\/www.hoogstra-autosport.nl\/teamkoen\/wp-content\/uploads\/2020\/04\/QSP-nylon-scaled.jpg\" \/>\n\t<meta property=\"og:image:width\" content=\"2560\" \/>\n\t<meta property=\"og:image:height\" content=\"2560\" \/>\n\t<meta property=\"og:image:type\" content=\"image\/jpeg\" \/>\n<meta name=\"twitter:card\" content=\"summary_large_image\" \/>\n<meta name=\"twitter:label1\" content=\"Dur\u00e9e de lecture estim\u00e9e\" \/>\n\t<meta name=\"twitter:data1\" content=\"1 minute\" \/>\n<script type=\"application\/ld+json\" class=\"yoast-schema-graph\">{\"@context\":\"https:\/\/schema.org\",\"@graph\":[{\"@type\":\"WebPage\",\"@id\":\"https:\/\/www.hoogstra-autosport.nl\/product\/qsp-slang-dash-6-nylon\/\",\"url\":\"https:\/\/www.hoogstra-autosport.nl\/product\/qsp-slang-dash-6-nylon\/\",\"name\":\"QSP Slang Dash 6 Nylon - Hoogstra Autosport\",\"isPartOf\":{\"@id\":\"https:\/\/www.hoogstra-autosport.nl\/#website\"},\"primaryImageOfPage\":{\"@id\":\"https:\/\/www.hoogstra-autosport.nl\/product\/qsp-slang-dash-6-nylon\/#primaryimage\"},\"image\":{\"@id\":\"https:\/\/www.hoogstra-autosport.nl\/product\/qsp-slang-dash-6-nylon\/#primaryimage\"},\"thumbnailUrl\":\"https:\/\/www.hoogstra-autosport.nl\/teamkoen\/wp-content\/uploads\/2020\/04\/QSP-nylon-scaled.jpg\",\"datePublished\":\"2020-04-02T12:49:32+00:00\",\"dateModified\":\"2026-04-15T08:29:57+00:00\",\"breadcrumb\":{\"@id\":\"https:\/\/www.hoogstra-autosport.nl\/product\/qsp-slang-dash-6-nylon\/#breadcrumb\"},\"inLanguage\":\"fr-FR\",\"potentialAction\":[{\"@type\":\"ReadAction\",\"target\":[\"https:\/\/www.hoogstra-autosport.nl\/product\/qsp-slang-dash-6-nylon\/\"]}]},{\"@type\":\"ImageObject\",\"inLanguage\":\"fr-FR\",\"@id\":\"https:\/\/www.hoogstra-autosport.nl\/product\/qsp-slang-dash-6-nylon\/#primaryimage\",\"url\":\"https:\/\/www.hoogstra-autosport.nl\/teamkoen\/wp-content\/uploads\/2020\/04\/QSP-nylon-scaled.jpg\",\"contentUrl\":\"https:\/\/www.hoogstra-autosport.nl\/teamkoen\/wp-content\/uploads\/2020\/04\/QSP-nylon-scaled.jpg\",\"width\":2560,\"height\":2560},{\"@type\":\"BreadcrumbList\",\"@id\":\"https:\/\/www.hoogstra-autosport.nl\/product\/qsp-slang-dash-6-nylon\/#breadcrumb\",\"itemListElement\":[{\"@type\":\"ListItem\",\"position\":1,\"name\":\"Home\",\"item\":\"https:\/\/www.hoogstra-autosport.nl\/\"},{\"@type\":\"ListItem\",\"position\":2,\"name\":\"Motorisch\",\"item\":\"https:\/\/www.hoogstra-autosport.nl\/product-categorie\/auto-techniek\/\"},{\"@type\":\"ListItem\",\"position\":3,\"name\":\"Slangen &amp; Dash Nippels\",\"item\":\"https:\/\/www.hoogstra-autosport.nl\/product-categorie\/auto-techniek\/dash-koppelingen\/\"},{\"@type\":\"ListItem\",\"position\":4,\"name\":\"Dash Leidingen\",\"item\":\"https:\/\/www.hoogstra-autosport.nl\/product-categorie\/auto-techniek\/dash-koppelingen\/dash-leidingen\/\"},{\"@type\":\"ListItem\",\"position\":5,\"name\":\"QSP Slang Dash 6 Nylon\"}]},{\"@type\":\"WebSite\",\"@id\":\"https:\/\/www.hoogstra-autosport.nl\/#website\",\"url\":\"https:\/\/www.hoogstra-autosport.nl\/\",\"name\":\"Hoogstra Autosport\",\"description\":\"Performance Autosport Parts!\",\"potentialAction\":[{\"@type\":\"SearchAction\",\"target\":{\"@type\":\"EntryPoint\",\"urlTemplate\":\"https:\/\/www.hoogstra-autosport.nl\/?s={search_term_string}\"},\"query-input\":{\"@type\":\"PropertyValueSpecification\",\"valueRequired\":true,\"valueName\":\"search_term_string\"}}],\"inLanguage\":\"fr-FR\"}]}<\/script>\n<!-- \/ Yoast SEO plugin. -->","yoast_head_json":{"title":"QSP Slang Dash 6 Nylon - Hoogstra Autosport","robots":{"index":"index","follow":"follow","max-snippet":"max-snippet:-1","max-image-preview":"max-image-preview:large","max-video-preview":"max-video-preview:-1"},"canonical":"https:\/\/www.hoogstra-autosport.nl\/fr\/produit\/qsp-slang-dash-6-nylon\/","og_locale":"fr_FR","og_type":"article","og_title":"QSP Slang Dash 6 Nylon - Hoogstra Autosport","og_description":"QSP Lightweight Nylon Zwart\u00a0 slang Dash 6 Dash 6 8,7 MM Inwendig 13,8 MM Uitwendig Rubber binnenmantel geschikt voor remolie brandstof en olie. Applicatie: Benzine, olie (alle synthetische smeermiddelen), Koelmiddelen, methanol, nitrometaan, water Temperatuur bereik: -46 to 150 graden Celcius. Dit is de goede kwaliteits slang\u00a0 met de in het rubber gevulcaniseerde RVS laag gevulcaniseerd, [&hellip;]","og_url":"https:\/\/www.hoogstra-autosport.nl\/fr\/produit\/qsp-slang-dash-6-nylon\/","og_site_name":"Hoogstra Autosport","article_modified_time":"2026-04-15T08:29:57+00:00","og_image":[{"width":2560,"height":2560,"url":"https:\/\/www.hoogstra-autosport.nl\/teamkoen\/wp-content\/uploads\/2020\/04\/QSP-nylon-scaled.jpg","type":"image\/jpeg"}],"twitter_card":"summary_large_image","twitter_misc":{"Dur\u00e9e de lecture estim\u00e9e":"1 minute"},"schema":{"@context":"https:\/\/schema.org","@graph":[{"@type":"WebPage","@id":"https:\/\/www.hoogstra-autosport.nl\/product\/qsp-slang-dash-6-nylon\/","url":"https:\/\/www.hoogstra-autosport.nl\/product\/qsp-slang-dash-6-nylon\/","name":"QSP Slang Dash 6 Nylon - Hoogstra Autosport","isPartOf":{"@id":"https:\/\/www.hoogstra-autosport.nl\/#website"},"primaryImageOfPage":{"@id":"https:\/\/www.hoogstra-autosport.nl\/product\/qsp-slang-dash-6-nylon\/#primaryimage"},"image":{"@id":"https:\/\/www.hoogstra-autosport.nl\/product\/qsp-slang-dash-6-nylon\/#primaryimage"},"thumbnailUrl":"https:\/\/www.hoogstra-autosport.nl\/teamkoen\/wp-content\/uploads\/2020\/04\/QSP-nylon-scaled.jpg","datePublished":"2020-04-02T12:49:32+00:00","dateModified":"2026-04-15T08:29:57+00:00","breadcrumb":{"@id":"https:\/\/www.hoogstra-autosport.nl\/product\/qsp-slang-dash-6-nylon\/#breadcrumb"},"inLanguage":"fr-FR","potentialAction":[{"@type":"ReadAction","target":["https:\/\/www.hoogstra-autosport.nl\/product\/qsp-slang-dash-6-nylon\/"]}]},{"@type":"ImageObject","inLanguage":"fr-FR","@id":"https:\/\/www.hoogstra-autosport.nl\/product\/qsp-slang-dash-6-nylon\/#primaryimage","url":"https:\/\/www.hoogstra-autosport.nl\/teamkoen\/wp-content\/uploads\/2020\/04\/QSP-nylon-scaled.jpg","contentUrl":"https:\/\/www.hoogstra-autosport.nl\/teamkoen\/wp-content\/uploads\/2020\/04\/QSP-nylon-scaled.jpg","width":2560,"height":2560},{"@type":"BreadcrumbList","@id":"https:\/\/www.hoogstra-autosport.nl\/product\/qsp-slang-dash-6-nylon\/#breadcrumb","itemListElement":[{"@type":"ListItem","position":1,"name":"Home","item":"https:\/\/www.hoogstra-autosport.nl\/"},{"@type":"ListItem","position":2,"name":"Motorisch","item":"https:\/\/www.hoogstra-autosport.nl\/product-categorie\/auto-techniek\/"},{"@type":"ListItem","position":3,"name":"Slangen &amp; Dash Nippels","item":"https:\/\/www.hoogstra-autosport.nl\/product-categorie\/auto-techniek\/dash-koppelingen\/"},{"@type":"ListItem","position":4,"name":"Dash Leidingen","item":"https:\/\/www.hoogstra-autosport.nl\/product-categorie\/auto-techniek\/dash-koppelingen\/dash-leidingen\/"},{"@type":"ListItem","position":5,"name":"QSP Slang Dash 6 Nylon"}]},{"@type":"WebSite","@id":"https:\/\/www.hoogstra-autosport.nl\/#website","url":"https:\/\/www.hoogstra-autosport.nl\/","name":"Hoogstra Autosport","description":"Performance Autosport Parts!","potentialAction":[{"@type":"SearchAction","target":{"@type":"EntryPoint","urlTemplate":"https:\/\/www.hoogstra-autosport.nl\/?s={search_term_string}"},"query-input":{"@type":"PropertyValueSpecification","valueRequired":true,"valueName":"search_term_string"}}],"inLanguage":"fr-FR"}]}},"tiered_pricing_type":"fixed","tiered_pricing_fixed_rules":[],"tiered_pricing_product_settings":{"layout":"default","base_unit_name":{"singular":null,"plural":null},"default_variation":null},"tiered_pricing_minimum_quantity":null,"tiered_pricing_roles_data":[],"tiered_pricing_percentage_rules":[],"tiered_pricing_maximum_quantity":null,"tiered_pricing_quantity_step":null,"_links":{"self":[{"href":"https:\/\/www.hoogstra-autosport.nl\/fr\/wp-json\/wp\/v2\/product\/29572","targetHints":{"allow":["GET"]}}],"collection":[{"href":"https:\/\/www.hoogstra-autosport.nl\/fr\/wp-json\/wp\/v2\/product"}],"about":[{"href":"https:\/\/www.hoogstra-autosport.nl\/fr\/wp-json\/wp\/v2\/types\/product"}],"wp:featuredmedia":[{"embeddable":true,"href":"https:\/\/www.hoogstra-autosport.nl\/fr\/wp-json\/wp\/v2\/media\/93497"}],"wp:attachment":[{"href":"https:\/\/www.hoogstra-autosport.nl\/fr\/wp-json\/wp\/v2\/media?parent=29572"}],"wp:term":[{"taxonomy":"product_brand","embeddable":true,"href":"https:\/\/www.hoogstra-autosport.nl\/fr\/wp-json\/wp\/v2\/product_brand?post=29572"},{"taxonomy":"product_cat","embeddable":true,"href":"https:\/\/www.hoogstra-autosport.nl\/fr\/wp-json\/wp\/v2\/product_cat?post=29572"},{"taxonomy":"product_tag","embeddable":true,"href":"https:\/\/www.hoogstra-autosport.nl\/fr\/wp-json\/wp\/v2\/product_tag?post=29572"}],"curies":[{"name":"wp","href":"https:\/\/api.w.org\/{rel}","templated":true}]}}