{"id":29559,"date":"2020-04-02T13:57:56","date_gmt":"2020-04-02T11:57:56","guid":{"rendered":"https:\/\/www.hoogstra-autosport.nl\/?post_type=product&#038;p=29559"},"modified":"2026-04-08T16:42:36","modified_gmt":"2026-04-08T14:42:36","slug":"nylon-goodridge-slang-dash-12","status":"publish","type":"product","link":"https:\/\/www.hoogstra-autosport.nl\/fr\/produit\/nylon-goodridge-slang-dash-12\/","title":{"rendered":"Tuyau en nylon Goodridge Dash 12"},"content":{"rendered":"<p>Light Nylon Goodridge Hose Dash 12<\/p>\n<p>Fonctionne facilement, est tr\u00e8s lisse et solide<\/p>\n<p>Poids inf\u00e9rieur \u00e0 celui d'un rev\u00eatement en acier<\/p>\n<p>La capacit\u00e9 de Kwa est aussi bonne que l'acier pour manteld<\/p>\n<p>Prijs per strekkende meter<\/p>","protected":false},"excerpt":{"rendered":"<p>Lichte Nylon Goodridge Slang Dash 12 Werkt makkelijk is erg soepel en sterk Lager van gewicht dan stalen ommanteling Kwa capaciteit even goed als staal om manteld Prijs per strekkende meter<\/p>","protected":false},"featured_media":93500,"template":"","meta":{"_acf_changed":false},"product_brand":[],"product_cat":[2797],"product_tag":[],"class_list":{"0":"post-29559","1":"product","2":"type-product","3":"status-publish","4":"has-post-thumbnail","6":"product_cat-dash-leidingen","7":"product_shipping_class-4016","9":"first","10":"instock","11":"taxable","12":"shipping-taxable","13":"purchasable","14":"product-type-simple"},"acf":[],"yoast_head":"<!-- This site is optimized with the Yoast SEO plugin v27.1.1 - https:\/\/yoast.com\/product\/yoast-seo-wordpress\/ -->\n<title>Nylon Goodridge Slang Dash 12 - Hoogstra Autosport<\/title>\n<meta name=\"robots\" content=\"index, follow, max-snippet:-1, max-image-preview:large, max-video-preview:-1\" \/>\n<link rel=\"canonical\" href=\"https:\/\/www.hoogstra-autosport.nl\/fr\/produit\/nylon-goodridge-slang-dash-12\/\" \/>\n<meta property=\"og:locale\" content=\"fr_FR\" \/>\n<meta property=\"og:type\" content=\"article\" \/>\n<meta property=\"og:title\" content=\"Nylon Goodridge Slang Dash 12 - Hoogstra Autosport\" \/>\n<meta property=\"og:description\" content=\"Lichte Nylon Goodridge Slang Dash 12 Werkt makkelijk is erg soepel en sterk Lager van gewicht dan stalen ommanteling Kwa capaciteit even goed als staal om manteld Prijs per strekkende meter\" \/>\n<meta property=\"og:url\" content=\"https:\/\/www.hoogstra-autosport.nl\/fr\/produit\/nylon-goodridge-slang-dash-12\/\" \/>\n<meta property=\"og:site_name\" content=\"Hoogstra Autosport\" \/>\n<meta property=\"article:modified_time\" content=\"2026-04-08T14:42:36+00:00\" \/>\n<meta property=\"og:image\" content=\"https:\/\/www.hoogstra-autosport.nl\/teamkoen\/wp-content\/uploads\/2020\/02\/Goodridge-nylon-scaled.jpg\" \/>\n\t<meta property=\"og:image:width\" content=\"2560\" \/>\n\t<meta property=\"og:image:height\" content=\"2560\" \/>\n\t<meta property=\"og:image:type\" content=\"image\/jpeg\" \/>\n<meta name=\"twitter:card\" content=\"summary_large_image\" \/>\n<meta name=\"twitter:label1\" content=\"Dur\u00e9e de lecture estim\u00e9e\" \/>\n\t<meta name=\"twitter:data1\" content=\"1 minute\" \/>\n<script type=\"application\/ld+json\" class=\"yoast-schema-graph\">{\"@context\":\"https:\/\/schema.org\",\"@graph\":[{\"@type\":\"WebPage\",\"@id\":\"https:\/\/www.hoogstra-autosport.nl\/product\/nylon-goodridge-slang-dash-12\/\",\"url\":\"https:\/\/www.hoogstra-autosport.nl\/product\/nylon-goodridge-slang-dash-12\/\",\"name\":\"Nylon Goodridge Slang Dash 12 - Hoogstra Autosport\",\"isPartOf\":{\"@id\":\"https:\/\/www.hoogstra-autosport.nl\/#website\"},\"primaryImageOfPage\":{\"@id\":\"https:\/\/www.hoogstra-autosport.nl\/product\/nylon-goodridge-slang-dash-12\/#primaryimage\"},\"image\":{\"@id\":\"https:\/\/www.hoogstra-autosport.nl\/product\/nylon-goodridge-slang-dash-12\/#primaryimage\"},\"thumbnailUrl\":\"https:\/\/www.hoogstra-autosport.nl\/teamkoen\/wp-content\/uploads\/2020\/02\/Goodridge-nylon-scaled.jpg\",\"datePublished\":\"2020-04-02T11:57:56+00:00\",\"dateModified\":\"2026-04-08T14:42:36+00:00\",\"breadcrumb\":{\"@id\":\"https:\/\/www.hoogstra-autosport.nl\/product\/nylon-goodridge-slang-dash-12\/#breadcrumb\"},\"inLanguage\":\"fr-FR\",\"potentialAction\":[{\"@type\":\"ReadAction\",\"target\":[\"https:\/\/www.hoogstra-autosport.nl\/product\/nylon-goodridge-slang-dash-12\/\"]}]},{\"@type\":\"ImageObject\",\"inLanguage\":\"fr-FR\",\"@id\":\"https:\/\/www.hoogstra-autosport.nl\/product\/nylon-goodridge-slang-dash-12\/#primaryimage\",\"url\":\"https:\/\/www.hoogstra-autosport.nl\/teamkoen\/wp-content\/uploads\/2020\/02\/Goodridge-nylon-scaled.jpg\",\"contentUrl\":\"https:\/\/www.hoogstra-autosport.nl\/teamkoen\/wp-content\/uploads\/2020\/02\/Goodridge-nylon-scaled.jpg\",\"width\":2560,\"height\":2560},{\"@type\":\"BreadcrumbList\",\"@id\":\"https:\/\/www.hoogstra-autosport.nl\/product\/nylon-goodridge-slang-dash-12\/#breadcrumb\",\"itemListElement\":[{\"@type\":\"ListItem\",\"position\":1,\"name\":\"Home\",\"item\":\"https:\/\/www.hoogstra-autosport.nl\/\"},{\"@type\":\"ListItem\",\"position\":2,\"name\":\"Motorisch\",\"item\":\"https:\/\/www.hoogstra-autosport.nl\/product-categorie\/auto-techniek\/\"},{\"@type\":\"ListItem\",\"position\":3,\"name\":\"Slangen &amp; Dash Nippels\",\"item\":\"https:\/\/www.hoogstra-autosport.nl\/product-categorie\/auto-techniek\/dash-koppelingen\/\"},{\"@type\":\"ListItem\",\"position\":4,\"name\":\"Dash Leidingen\",\"item\":\"https:\/\/www.hoogstra-autosport.nl\/product-categorie\/auto-techniek\/dash-koppelingen\/dash-leidingen\/\"},{\"@type\":\"ListItem\",\"position\":5,\"name\":\"Nylon Goodridge Slang Dash 12\"}]},{\"@type\":\"WebSite\",\"@id\":\"https:\/\/www.hoogstra-autosport.nl\/#website\",\"url\":\"https:\/\/www.hoogstra-autosport.nl\/\",\"name\":\"Hoogstra Autosport\",\"description\":\"Performance Autosport Parts!\",\"potentialAction\":[{\"@type\":\"SearchAction\",\"target\":{\"@type\":\"EntryPoint\",\"urlTemplate\":\"https:\/\/www.hoogstra-autosport.nl\/?s={search_term_string}\"},\"query-input\":{\"@type\":\"PropertyValueSpecification\",\"valueRequired\":true,\"valueName\":\"search_term_string\"}}],\"inLanguage\":\"fr-FR\"}]}<\/script>\n<!-- \/ Yoast SEO plugin. -->","yoast_head_json":{"title":"Nylon Goodridge Slang Dash 12 - Hoogstra Autosport","robots":{"index":"index","follow":"follow","max-snippet":"max-snippet:-1","max-image-preview":"max-image-preview:large","max-video-preview":"max-video-preview:-1"},"canonical":"https:\/\/www.hoogstra-autosport.nl\/fr\/produit\/nylon-goodridge-slang-dash-12\/","og_locale":"fr_FR","og_type":"article","og_title":"Nylon Goodridge Slang Dash 12 - Hoogstra Autosport","og_description":"Lichte Nylon Goodridge Slang Dash 12 Werkt makkelijk is erg soepel en sterk Lager van gewicht dan stalen ommanteling Kwa capaciteit even goed als staal om manteld Prijs per strekkende meter","og_url":"https:\/\/www.hoogstra-autosport.nl\/fr\/produit\/nylon-goodridge-slang-dash-12\/","og_site_name":"Hoogstra Autosport","article_modified_time":"2026-04-08T14:42:36+00:00","og_image":[{"width":2560,"height":2560,"url":"https:\/\/www.hoogstra-autosport.nl\/teamkoen\/wp-content\/uploads\/2020\/02\/Goodridge-nylon-scaled.jpg","type":"image\/jpeg"}],"twitter_card":"summary_large_image","twitter_misc":{"Dur\u00e9e de lecture estim\u00e9e":"1 minute"},"schema":{"@context":"https:\/\/schema.org","@graph":[{"@type":"WebPage","@id":"https:\/\/www.hoogstra-autosport.nl\/product\/nylon-goodridge-slang-dash-12\/","url":"https:\/\/www.hoogstra-autosport.nl\/product\/nylon-goodridge-slang-dash-12\/","name":"Nylon Goodridge Slang Dash 12 - Hoogstra Autosport","isPartOf":{"@id":"https:\/\/www.hoogstra-autosport.nl\/#website"},"primaryImageOfPage":{"@id":"https:\/\/www.hoogstra-autosport.nl\/product\/nylon-goodridge-slang-dash-12\/#primaryimage"},"image":{"@id":"https:\/\/www.hoogstra-autosport.nl\/product\/nylon-goodridge-slang-dash-12\/#primaryimage"},"thumbnailUrl":"https:\/\/www.hoogstra-autosport.nl\/teamkoen\/wp-content\/uploads\/2020\/02\/Goodridge-nylon-scaled.jpg","datePublished":"2020-04-02T11:57:56+00:00","dateModified":"2026-04-08T14:42:36+00:00","breadcrumb":{"@id":"https:\/\/www.hoogstra-autosport.nl\/product\/nylon-goodridge-slang-dash-12\/#breadcrumb"},"inLanguage":"fr-FR","potentialAction":[{"@type":"ReadAction","target":["https:\/\/www.hoogstra-autosport.nl\/product\/nylon-goodridge-slang-dash-12\/"]}]},{"@type":"ImageObject","inLanguage":"fr-FR","@id":"https:\/\/www.hoogstra-autosport.nl\/product\/nylon-goodridge-slang-dash-12\/#primaryimage","url":"https:\/\/www.hoogstra-autosport.nl\/teamkoen\/wp-content\/uploads\/2020\/02\/Goodridge-nylon-scaled.jpg","contentUrl":"https:\/\/www.hoogstra-autosport.nl\/teamkoen\/wp-content\/uploads\/2020\/02\/Goodridge-nylon-scaled.jpg","width":2560,"height":2560},{"@type":"BreadcrumbList","@id":"https:\/\/www.hoogstra-autosport.nl\/product\/nylon-goodridge-slang-dash-12\/#breadcrumb","itemListElement":[{"@type":"ListItem","position":1,"name":"Home","item":"https:\/\/www.hoogstra-autosport.nl\/"},{"@type":"ListItem","position":2,"name":"Motorisch","item":"https:\/\/www.hoogstra-autosport.nl\/product-categorie\/auto-techniek\/"},{"@type":"ListItem","position":3,"name":"Slangen &amp; Dash Nippels","item":"https:\/\/www.hoogstra-autosport.nl\/product-categorie\/auto-techniek\/dash-koppelingen\/"},{"@type":"ListItem","position":4,"name":"Dash Leidingen","item":"https:\/\/www.hoogstra-autosport.nl\/product-categorie\/auto-techniek\/dash-koppelingen\/dash-leidingen\/"},{"@type":"ListItem","position":5,"name":"Nylon Goodridge Slang Dash 12"}]},{"@type":"WebSite","@id":"https:\/\/www.hoogstra-autosport.nl\/#website","url":"https:\/\/www.hoogstra-autosport.nl\/","name":"Hoogstra Autosport","description":"Performance Autosport Parts!","potentialAction":[{"@type":"SearchAction","target":{"@type":"EntryPoint","urlTemplate":"https:\/\/www.hoogstra-autosport.nl\/?s={search_term_string}"},"query-input":{"@type":"PropertyValueSpecification","valueRequired":true,"valueName":"search_term_string"}}],"inLanguage":"fr-FR"}]}},"tiered_pricing_type":"fixed","tiered_pricing_fixed_rules":[],"tiered_pricing_product_settings":{"layout":"default","base_unit_name":{"singular":null,"plural":null},"default_variation":null},"tiered_pricing_minimum_quantity":null,"tiered_pricing_roles_data":[],"tiered_pricing_percentage_rules":[],"tiered_pricing_maximum_quantity":null,"tiered_pricing_quantity_step":null,"_links":{"self":[{"href":"https:\/\/www.hoogstra-autosport.nl\/fr\/wp-json\/wp\/v2\/product\/29559","targetHints":{"allow":["GET"]}}],"collection":[{"href":"https:\/\/www.hoogstra-autosport.nl\/fr\/wp-json\/wp\/v2\/product"}],"about":[{"href":"https:\/\/www.hoogstra-autosport.nl\/fr\/wp-json\/wp\/v2\/types\/product"}],"wp:featuredmedia":[{"embeddable":true,"href":"https:\/\/www.hoogstra-autosport.nl\/fr\/wp-json\/wp\/v2\/media\/93500"}],"wp:attachment":[{"href":"https:\/\/www.hoogstra-autosport.nl\/fr\/wp-json\/wp\/v2\/media?parent=29559"}],"wp:term":[{"taxonomy":"product_brand","embeddable":true,"href":"https:\/\/www.hoogstra-autosport.nl\/fr\/wp-json\/wp\/v2\/product_brand?post=29559"},{"taxonomy":"product_cat","embeddable":true,"href":"https:\/\/www.hoogstra-autosport.nl\/fr\/wp-json\/wp\/v2\/product_cat?post=29559"},{"taxonomy":"product_tag","embeddable":true,"href":"https:\/\/www.hoogstra-autosport.nl\/fr\/wp-json\/wp\/v2\/product_tag?post=29559"}],"curies":[{"name":"wp","href":"https:\/\/api.w.org\/{rel}","templated":true}]}}