{"id":29040,"date":"2020-03-19T13:43:43","date_gmt":"2020-03-19T12:43:43","guid":{"rendered":"https:\/\/www.hoogstra-autosport.nl\/?post_type=product&#038;p=29040"},"modified":"2025-12-24T14:36:11","modified_gmt":"2025-12-24T13:36:11","slug":"omp-fia-hans-gordel-one-32-endurance-2","status":"publish","type":"product","link":"https:\/\/www.hoogstra-autosport.nl\/fr\/produit\/omp-fia-hans-gordel-one-32-endurance-2\/","title":{"rendered":"OMP FIA Hans Belt ONE 3+2 Endurance"},"content":{"rendered":"<p>Harnais FIA l\u00e9ger et confortable. M\u00e9canisme de r\u00e9glage ultra-l\u00e9ger en aluminium sur les \u00e9paules, m\u00e9canismes de r\u00e9glage l\u00e9gers en acier et en aluminium de haute qualit\u00e9 sur les genoux, boucle fabriqu\u00e9e de mani\u00e8re ergonomique en magn\u00e9sium massif. Le harnais offre le meilleur niveau de s\u00e9curit\u00e9 jamais atteint gr\u00e2ce \u00e0 la boucle ultra-r\u00e9sistante avec un syst\u00e8me d'ouverture anti-intentionnelle et des attaches transversales exclusives en T-bar \u00e0 double goupille.<\/p>","protected":false},"excerpt":{"rendered":"<p>Harnais FIA l\u00e9ger et confortable. M\u00e9canisme de r\u00e9glage ultra-l\u00e9ger en aluminium sur les \u00e9paules, m\u00e9canismes de r\u00e9glage l\u00e9gers en acier et en aluminium de haute qualit\u00e9 sur les genoux, boucle fabriqu\u00e9e de mani\u00e8re ergonomique en magn\u00e9sium massif. Le harnais offre le meilleur niveau de s\u00e9curit\u00e9 jamais atteint gr\u00e2ce \u00e0 la boucle ultra-r\u00e9sistante avec un syst\u00e8me d'ouverture anti-intentionnelle et des attaches transversales exclusives en T-bar \u00e0 double goupille.<\/p>","protected":false},"featured_media":95977,"template":"","meta":{"_acf_changed":false},"product_brand":[],"product_cat":[3838],"product_tag":[],"class_list":{"0":"post-29040","1":"product","2":"type-product","3":"status-publish","4":"has-post-thumbnail","6":"product_cat-omp-gordels-fia","7":"product_shipping_class-4016","9":"first","10":"instock","11":"taxable","12":"shipping-taxable","13":"purchasable","14":"product-type-simple"},"acf":[],"yoast_head":"<!-- This site is optimized with the Yoast SEO plugin v27.1.1 - https:\/\/yoast.com\/product\/yoast-seo-wordpress\/ -->\n<title>OMP FIA Hans Gordel ONE 3+2 Endurance - Hoogstra Autosport<\/title>\n<meta name=\"robots\" content=\"index, follow, max-snippet:-1, max-image-preview:large, max-video-preview:-1\" \/>\n<link rel=\"canonical\" href=\"https:\/\/www.hoogstra-autosport.nl\/fr\/produit\/omp-fia-hans-gordel-one-32-endurance-2\/\" \/>\n<meta property=\"og:locale\" content=\"fr_FR\" \/>\n<meta property=\"og:type\" content=\"article\" \/>\n<meta property=\"og:title\" content=\"OMP FIA Hans Gordel ONE 3+2 Endurance - Hoogstra Autosport\" \/>\n<meta property=\"og:description\" content=\"Lichtgewicht en comfortabel FIA harnas. Ultralichtgewicht aluminium verstel mechanisme op schouders, staal en hoogwaardig aluminium lichtgewicht verstel mechanismen op schoot, gesp in ergonomisch vervaardigd uit massief en magnesium. Het harnas zorgt voor het beste veiligheidsniveau ooit dankzij de ultrabestendige gesp met een anti-ongewild openingssysteem en exclusieve dubbele pin T-bar kruis bevestigingen.\" \/>\n<meta property=\"og:url\" content=\"https:\/\/www.hoogstra-autosport.nl\/fr\/produit\/omp-fia-hans-gordel-one-32-endurance-2\/\" \/>\n<meta property=\"og:site_name\" content=\"Hoogstra Autosport\" \/>\n<meta property=\"article:modified_time\" content=\"2025-12-24T13:36:11+00:00\" \/>\n<meta property=\"og:image\" content=\"https:\/\/www.hoogstra-autosport.nl\/teamkoen\/wp-content\/uploads\/2020\/03\/Untitled-Project-2025-12-24T143559.783.jpg\" \/>\n\t<meta property=\"og:image:width\" content=\"1080\" \/>\n\t<meta property=\"og:image:height\" content=\"1080\" \/>\n\t<meta property=\"og:image:type\" content=\"image\/jpeg\" \/>\n<meta name=\"twitter:card\" content=\"summary_large_image\" \/>\n<meta name=\"twitter:label1\" content=\"Dur\u00e9e de lecture estim\u00e9e\" \/>\n\t<meta name=\"twitter:data1\" content=\"1 minute\" \/>\n<script type=\"application\/ld+json\" class=\"yoast-schema-graph\">{\"@context\":\"https:\/\/schema.org\",\"@graph\":[{\"@type\":\"WebPage\",\"@id\":\"https:\/\/www.hoogstra-autosport.nl\/product\/omp-fia-hans-gordel-one-32-endurance-2\/\",\"url\":\"https:\/\/www.hoogstra-autosport.nl\/product\/omp-fia-hans-gordel-one-32-endurance-2\/\",\"name\":\"OMP FIA Hans Gordel ONE 3+2 Endurance - Hoogstra Autosport\",\"isPartOf\":{\"@id\":\"https:\/\/www.hoogstra-autosport.nl\/#website\"},\"primaryImageOfPage\":{\"@id\":\"https:\/\/www.hoogstra-autosport.nl\/product\/omp-fia-hans-gordel-one-32-endurance-2\/#primaryimage\"},\"image\":{\"@id\":\"https:\/\/www.hoogstra-autosport.nl\/product\/omp-fia-hans-gordel-one-32-endurance-2\/#primaryimage\"},\"thumbnailUrl\":\"https:\/\/www.hoogstra-autosport.nl\/teamkoen\/wp-content\/uploads\/2020\/03\/Untitled-Project-2025-12-24T143559.783.jpg\",\"datePublished\":\"2020-03-19T12:43:43+00:00\",\"dateModified\":\"2025-12-24T13:36:11+00:00\",\"breadcrumb\":{\"@id\":\"https:\/\/www.hoogstra-autosport.nl\/product\/omp-fia-hans-gordel-one-32-endurance-2\/#breadcrumb\"},\"inLanguage\":\"fr-FR\",\"potentialAction\":[{\"@type\":\"ReadAction\",\"target\":[\"https:\/\/www.hoogstra-autosport.nl\/product\/omp-fia-hans-gordel-one-32-endurance-2\/\"]}]},{\"@type\":\"ImageObject\",\"inLanguage\":\"fr-FR\",\"@id\":\"https:\/\/www.hoogstra-autosport.nl\/product\/omp-fia-hans-gordel-one-32-endurance-2\/#primaryimage\",\"url\":\"https:\/\/www.hoogstra-autosport.nl\/teamkoen\/wp-content\/uploads\/2020\/03\/Untitled-Project-2025-12-24T143559.783.jpg\",\"contentUrl\":\"https:\/\/www.hoogstra-autosport.nl\/teamkoen\/wp-content\/uploads\/2020\/03\/Untitled-Project-2025-12-24T143559.783.jpg\",\"width\":1080,\"height\":1080},{\"@type\":\"BreadcrumbList\",\"@id\":\"https:\/\/www.hoogstra-autosport.nl\/product\/omp-fia-hans-gordel-one-32-endurance-2\/#breadcrumb\",\"itemListElement\":[{\"@type\":\"ListItem\",\"position\":1,\"name\":\"Home\",\"item\":\"https:\/\/www.hoogstra-autosport.nl\/\"},{\"@type\":\"ListItem\",\"position\":2,\"name\":\"Interieur\",\"item\":\"https:\/\/www.hoogstra-autosport.nl\/product-categorie\/remmen-brandstof-tanken\/\"},{\"@type\":\"ListItem\",\"position\":3,\"name\":\"Gordels\",\"item\":\"https:\/\/www.hoogstra-autosport.nl\/product-categorie\/remmen-brandstof-tanken\/gordel-autosport\/\"},{\"@type\":\"ListItem\",\"position\":4,\"name\":\"OMP Gordels FIA\",\"item\":\"https:\/\/www.hoogstra-autosport.nl\/product-categorie\/remmen-brandstof-tanken\/gordel-autosport\/omp-gordels-fia\/\"},{\"@type\":\"ListItem\",\"position\":5,\"name\":\"OMP FIA Hans Gordel ONE 3+2 Endurance\"}]},{\"@type\":\"WebSite\",\"@id\":\"https:\/\/www.hoogstra-autosport.nl\/#website\",\"url\":\"https:\/\/www.hoogstra-autosport.nl\/\",\"name\":\"Hoogstra Autosport\",\"description\":\"Performance Autosport Parts!\",\"potentialAction\":[{\"@type\":\"SearchAction\",\"target\":{\"@type\":\"EntryPoint\",\"urlTemplate\":\"https:\/\/www.hoogstra-autosport.nl\/?s={search_term_string}\"},\"query-input\":{\"@type\":\"PropertyValueSpecification\",\"valueRequired\":true,\"valueName\":\"search_term_string\"}}],\"inLanguage\":\"fr-FR\"}]}<\/script>\n<!-- \/ Yoast SEO plugin. -->","yoast_head_json":{"title":"OMP FIA Hans Gordel ONE 3+2 Endurance - Hoogstra Autosport","robots":{"index":"index","follow":"follow","max-snippet":"max-snippet:-1","max-image-preview":"max-image-preview:large","max-video-preview":"max-video-preview:-1"},"canonical":"https:\/\/www.hoogstra-autosport.nl\/fr\/produit\/omp-fia-hans-gordel-one-32-endurance-2\/","og_locale":"fr_FR","og_type":"article","og_title":"OMP FIA Hans Gordel ONE 3+2 Endurance - Hoogstra Autosport","og_description":"Lichtgewicht en comfortabel FIA harnas. Ultralichtgewicht aluminium verstel mechanisme op schouders, staal en hoogwaardig aluminium lichtgewicht verstel mechanismen op schoot, gesp in ergonomisch vervaardigd uit massief en magnesium. Het harnas zorgt voor het beste veiligheidsniveau ooit dankzij de ultrabestendige gesp met een anti-ongewild openingssysteem en exclusieve dubbele pin T-bar kruis bevestigingen.","og_url":"https:\/\/www.hoogstra-autosport.nl\/fr\/produit\/omp-fia-hans-gordel-one-32-endurance-2\/","og_site_name":"Hoogstra Autosport","article_modified_time":"2025-12-24T13:36:11+00:00","og_image":[{"width":1080,"height":1080,"url":"https:\/\/www.hoogstra-autosport.nl\/teamkoen\/wp-content\/uploads\/2020\/03\/Untitled-Project-2025-12-24T143559.783.jpg","type":"image\/jpeg"}],"twitter_card":"summary_large_image","twitter_misc":{"Dur\u00e9e de lecture estim\u00e9e":"1 minute"},"schema":{"@context":"https:\/\/schema.org","@graph":[{"@type":"WebPage","@id":"https:\/\/www.hoogstra-autosport.nl\/product\/omp-fia-hans-gordel-one-32-endurance-2\/","url":"https:\/\/www.hoogstra-autosport.nl\/product\/omp-fia-hans-gordel-one-32-endurance-2\/","name":"OMP FIA Hans Gordel ONE 3+2 Endurance - Hoogstra Autosport","isPartOf":{"@id":"https:\/\/www.hoogstra-autosport.nl\/#website"},"primaryImageOfPage":{"@id":"https:\/\/www.hoogstra-autosport.nl\/product\/omp-fia-hans-gordel-one-32-endurance-2\/#primaryimage"},"image":{"@id":"https:\/\/www.hoogstra-autosport.nl\/product\/omp-fia-hans-gordel-one-32-endurance-2\/#primaryimage"},"thumbnailUrl":"https:\/\/www.hoogstra-autosport.nl\/teamkoen\/wp-content\/uploads\/2020\/03\/Untitled-Project-2025-12-24T143559.783.jpg","datePublished":"2020-03-19T12:43:43+00:00","dateModified":"2025-12-24T13:36:11+00:00","breadcrumb":{"@id":"https:\/\/www.hoogstra-autosport.nl\/product\/omp-fia-hans-gordel-one-32-endurance-2\/#breadcrumb"},"inLanguage":"fr-FR","potentialAction":[{"@type":"ReadAction","target":["https:\/\/www.hoogstra-autosport.nl\/product\/omp-fia-hans-gordel-one-32-endurance-2\/"]}]},{"@type":"ImageObject","inLanguage":"fr-FR","@id":"https:\/\/www.hoogstra-autosport.nl\/product\/omp-fia-hans-gordel-one-32-endurance-2\/#primaryimage","url":"https:\/\/www.hoogstra-autosport.nl\/teamkoen\/wp-content\/uploads\/2020\/03\/Untitled-Project-2025-12-24T143559.783.jpg","contentUrl":"https:\/\/www.hoogstra-autosport.nl\/teamkoen\/wp-content\/uploads\/2020\/03\/Untitled-Project-2025-12-24T143559.783.jpg","width":1080,"height":1080},{"@type":"BreadcrumbList","@id":"https:\/\/www.hoogstra-autosport.nl\/product\/omp-fia-hans-gordel-one-32-endurance-2\/#breadcrumb","itemListElement":[{"@type":"ListItem","position":1,"name":"Home","item":"https:\/\/www.hoogstra-autosport.nl\/"},{"@type":"ListItem","position":2,"name":"Interieur","item":"https:\/\/www.hoogstra-autosport.nl\/product-categorie\/remmen-brandstof-tanken\/"},{"@type":"ListItem","position":3,"name":"Gordels","item":"https:\/\/www.hoogstra-autosport.nl\/product-categorie\/remmen-brandstof-tanken\/gordel-autosport\/"},{"@type":"ListItem","position":4,"name":"OMP Gordels FIA","item":"https:\/\/www.hoogstra-autosport.nl\/product-categorie\/remmen-brandstof-tanken\/gordel-autosport\/omp-gordels-fia\/"},{"@type":"ListItem","position":5,"name":"OMP FIA Hans Gordel ONE 3+2 Endurance"}]},{"@type":"WebSite","@id":"https:\/\/www.hoogstra-autosport.nl\/#website","url":"https:\/\/www.hoogstra-autosport.nl\/","name":"Hoogstra Autosport","description":"Performance Autosport Parts!","potentialAction":[{"@type":"SearchAction","target":{"@type":"EntryPoint","urlTemplate":"https:\/\/www.hoogstra-autosport.nl\/?s={search_term_string}"},"query-input":{"@type":"PropertyValueSpecification","valueRequired":true,"valueName":"search_term_string"}}],"inLanguage":"fr-FR"}]}},"tiered_pricing_type":"fixed","tiered_pricing_fixed_rules":[],"tiered_pricing_product_settings":{"layout":"default","base_unit_name":{"singular":null,"plural":null},"default_variation":null},"tiered_pricing_minimum_quantity":null,"tiered_pricing_roles_data":[],"tiered_pricing_percentage_rules":[],"tiered_pricing_maximum_quantity":null,"tiered_pricing_quantity_step":null,"_links":{"self":[{"href":"https:\/\/www.hoogstra-autosport.nl\/fr\/wp-json\/wp\/v2\/product\/29040","targetHints":{"allow":["GET"]}}],"collection":[{"href":"https:\/\/www.hoogstra-autosport.nl\/fr\/wp-json\/wp\/v2\/product"}],"about":[{"href":"https:\/\/www.hoogstra-autosport.nl\/fr\/wp-json\/wp\/v2\/types\/product"}],"wp:featuredmedia":[{"embeddable":true,"href":"https:\/\/www.hoogstra-autosport.nl\/fr\/wp-json\/wp\/v2\/media\/95977"}],"wp:attachment":[{"href":"https:\/\/www.hoogstra-autosport.nl\/fr\/wp-json\/wp\/v2\/media?parent=29040"}],"wp:term":[{"taxonomy":"product_brand","embeddable":true,"href":"https:\/\/www.hoogstra-autosport.nl\/fr\/wp-json\/wp\/v2\/product_brand?post=29040"},{"taxonomy":"product_cat","embeddable":true,"href":"https:\/\/www.hoogstra-autosport.nl\/fr\/wp-json\/wp\/v2\/product_cat?post=29040"},{"taxonomy":"product_tag","embeddable":true,"href":"https:\/\/www.hoogstra-autosport.nl\/fr\/wp-json\/wp\/v2\/product_tag?post=29040"}],"curies":[{"name":"wp","href":"https:\/\/api.w.org\/{rel}","templated":true}]}}