{"id":28962,"date":"2020-03-18T16:27:25","date_gmt":"2020-03-18T15:27:25","guid":{"rendered":"https:\/\/www.hoogstra-autosport.nl\/?post_type=product&#038;p=28962"},"modified":"2025-11-13T15:43:30","modified_gmt":"2025-11-13T14:43:30","slug":"omp-evo-overall-fia-neon-geel","status":"publish","type":"product","link":"https:\/\/www.hoogstra-autosport.nl\/fr\/produit\/omp-evo-overall-fia-neon-geel\/","title":{"rendered":"OMP First Evo Overall Neon Geel"},"content":{"rendered":"<p>Combinaison de course bicolore sportive avec un haut niveau de confort et de nombreux d\u00e9tails pratiques : outre d'excellentes caract\u00e9ristiques de s\u00e9curit\u00e9 conformes aux r\u00e9glementations de la FIA, la FIRST EVO offre une grande libert\u00e9 de mouvement gr\u00e2ce \u00e0 des zones \u00e9lastiques, des poches lat\u00e9rales pratiques, un design sportif et une bonne ventilation gr\u00e2ce \u00e0 un mat\u00e9riau de ventilation respirant. Le OMP FIRST EVO se caract\u00e9rise par un confort particuli\u00e8rement agr\u00e9able et un ajustement optimal. Une recommandation d'achat absolue - de l'initiation \u00e0 l'utilisation professionnelle en comp\u00e9tition.<\/p>","protected":false},"excerpt":{"rendered":"<p>Sportieve, tweekleurige raceoverall met een hoog comfortniveau en veel praktische details: naast de uitstekende veiligheidsvoorzieningen in overeenstemming met de FIA-voorschriften biedt de FIRST EVO bewegingsvrijheid dankzij elastische zones, handige zijzakken, een sportief design en een goede ventilatie dankzij ademend ventilatiemateriaal. De OMP FIRST EVO wordt gekenmerkt door een bijzonder aangenaam draagcomfort en een optimale pasvorm. [&hellip;]<\/p>\n","protected":false},"featured_media":92894,"template":"","meta":{"_acf_changed":false},"product_brand":[],"product_cat":[2879],"product_tag":[],"class_list":{"0":"post-28962","1":"product","2":"type-product","3":"status-publish","4":"has-post-thumbnail","6":"product_cat-omp-overalls-fia","7":"product_shipping_class-4016","9":"first","10":"instock","11":"taxable","12":"shipping-taxable","13":"purchasable","14":"product-type-variable"},"acf":[],"yoast_head":"<!-- This site is optimized with the Yoast SEO plugin v27.1.1 - https:\/\/yoast.com\/product\/yoast-seo-wordpress\/ -->\n<title>OMP First Evo Overall Neon Geel - Hoogstra Autosport<\/title>\n<meta name=\"robots\" content=\"index, follow, max-snippet:-1, max-image-preview:large, max-video-preview:-1\" \/>\n<link rel=\"canonical\" href=\"https:\/\/www.hoogstra-autosport.nl\/fr\/produit\/omp-evo-overall-fia-neon-geel\/\" \/>\n<meta property=\"og:locale\" content=\"fr_FR\" \/>\n<meta property=\"og:type\" content=\"article\" \/>\n<meta property=\"og:title\" content=\"OMP First Evo Overall Neon Geel - Hoogstra Autosport\" \/>\n<meta property=\"og:description\" content=\"Sportieve, tweekleurige raceoverall met een hoog comfortniveau en veel praktische details: naast de uitstekende veiligheidsvoorzieningen in overeenstemming met de FIA-voorschriften biedt de FIRST EVO bewegingsvrijheid dankzij elastische zones, handige zijzakken, een sportief design en een goede ventilatie dankzij ademend ventilatiemateriaal. De OMP FIRST EVO wordt gekenmerkt door een bijzonder aangenaam draagcomfort en een optimale pasvorm. [&hellip;]\" \/>\n<meta property=\"og:url\" content=\"https:\/\/www.hoogstra-autosport.nl\/fr\/produit\/omp-evo-overall-fia-neon-geel\/\" \/>\n<meta property=\"og:site_name\" content=\"Hoogstra Autosport\" \/>\n<meta property=\"article:modified_time\" content=\"2025-11-13T14:43:30+00:00\" \/>\n<meta property=\"og:image\" content=\"https:\/\/www.hoogstra-autosport.nl\/teamkoen\/wp-content\/uploads\/2020\/03\/OMP-first-evo-neon-geel.jpg\" \/>\n\t<meta property=\"og:image:width\" content=\"1080\" \/>\n\t<meta property=\"og:image:height\" content=\"1080\" \/>\n\t<meta property=\"og:image:type\" content=\"image\/jpeg\" \/>\n<meta name=\"twitter:card\" content=\"summary_large_image\" \/>\n<meta name=\"twitter:label1\" content=\"Dur\u00e9e de lecture estim\u00e9e\" \/>\n\t<meta name=\"twitter:data1\" content=\"1 minute\" \/>\n<script type=\"application\/ld+json\" class=\"yoast-schema-graph\">{\"@context\":\"https:\/\/schema.org\",\"@graph\":[{\"@type\":\"WebPage\",\"@id\":\"https:\/\/www.hoogstra-autosport.nl\/product\/omp-evo-overall-fia-neon-geel\/\",\"url\":\"https:\/\/www.hoogstra-autosport.nl\/product\/omp-evo-overall-fia-neon-geel\/\",\"name\":\"OMP First Evo Overall Neon Geel - Hoogstra Autosport\",\"isPartOf\":{\"@id\":\"https:\/\/www.hoogstra-autosport.nl\/#website\"},\"primaryImageOfPage\":{\"@id\":\"https:\/\/www.hoogstra-autosport.nl\/product\/omp-evo-overall-fia-neon-geel\/#primaryimage\"},\"image\":{\"@id\":\"https:\/\/www.hoogstra-autosport.nl\/product\/omp-evo-overall-fia-neon-geel\/#primaryimage\"},\"thumbnailUrl\":\"https:\/\/www.hoogstra-autosport.nl\/teamkoen\/wp-content\/uploads\/2020\/03\/OMP-first-evo-neon-geel.jpg\",\"datePublished\":\"2020-03-18T15:27:25+00:00\",\"dateModified\":\"2025-11-13T14:43:30+00:00\",\"breadcrumb\":{\"@id\":\"https:\/\/www.hoogstra-autosport.nl\/product\/omp-evo-overall-fia-neon-geel\/#breadcrumb\"},\"inLanguage\":\"fr-FR\",\"potentialAction\":[{\"@type\":\"ReadAction\",\"target\":[\"https:\/\/www.hoogstra-autosport.nl\/product\/omp-evo-overall-fia-neon-geel\/\"]}]},{\"@type\":\"ImageObject\",\"inLanguage\":\"fr-FR\",\"@id\":\"https:\/\/www.hoogstra-autosport.nl\/product\/omp-evo-overall-fia-neon-geel\/#primaryimage\",\"url\":\"https:\/\/www.hoogstra-autosport.nl\/teamkoen\/wp-content\/uploads\/2020\/03\/OMP-first-evo-neon-geel.jpg\",\"contentUrl\":\"https:\/\/www.hoogstra-autosport.nl\/teamkoen\/wp-content\/uploads\/2020\/03\/OMP-first-evo-neon-geel.jpg\",\"width\":1080,\"height\":1080},{\"@type\":\"BreadcrumbList\",\"@id\":\"https:\/\/www.hoogstra-autosport.nl\/product\/omp-evo-overall-fia-neon-geel\/#breadcrumb\",\"itemListElement\":[{\"@type\":\"ListItem\",\"position\":1,\"name\":\"Home\",\"item\":\"https:\/\/www.hoogstra-autosport.nl\/\"},{\"@type\":\"ListItem\",\"position\":2,\"name\":\"Uitrusting\",\"item\":\"https:\/\/www.hoogstra-autosport.nl\/product-categorie\/autosport-kleding-helmen\/\"},{\"@type\":\"ListItem\",\"position\":3,\"name\":\"Autosport Kleding\",\"item\":\"https:\/\/www.hoogstra-autosport.nl\/product-categorie\/autosport-kleding-helmen\/autosport-kleding\/\"},{\"@type\":\"ListItem\",\"position\":4,\"name\":\"Overalls\",\"item\":\"https:\/\/www.hoogstra-autosport.nl\/product-categorie\/autosport-kleding-helmen\/autosport-kleding\/overalls\/\"},{\"@type\":\"ListItem\",\"position\":5,\"name\":\"FIA Autosportoveralls\",\"item\":\"https:\/\/www.hoogstra-autosport.nl\/product-categorie\/autosport-kleding-helmen\/autosport-kleding\/overalls\/fia-autosportoveralls\/\"},{\"@type\":\"ListItem\",\"position\":6,\"name\":\"OMP Overalls FIA\",\"item\":\"https:\/\/www.hoogstra-autosport.nl\/product-categorie\/autosport-kleding-helmen\/autosport-kleding\/overalls\/fia-autosportoveralls\/omp-overalls-fia\/\"},{\"@type\":\"ListItem\",\"position\":7,\"name\":\"OMP First Evo Overall Neon Geel\"}]},{\"@type\":\"WebSite\",\"@id\":\"https:\/\/www.hoogstra-autosport.nl\/#website\",\"url\":\"https:\/\/www.hoogstra-autosport.nl\/\",\"name\":\"Hoogstra Autosport\",\"description\":\"Performance Autosport Parts!\",\"potentialAction\":[{\"@type\":\"SearchAction\",\"target\":{\"@type\":\"EntryPoint\",\"urlTemplate\":\"https:\/\/www.hoogstra-autosport.nl\/?s={search_term_string}\"},\"query-input\":{\"@type\":\"PropertyValueSpecification\",\"valueRequired\":true,\"valueName\":\"search_term_string\"}}],\"inLanguage\":\"fr-FR\"}]}<\/script>\n<!-- \/ Yoast SEO plugin. -->","yoast_head_json":{"title":"OMP First Evo Overall Neon Geel - Hoogstra Autosport","robots":{"index":"index","follow":"follow","max-snippet":"max-snippet:-1","max-image-preview":"max-image-preview:large","max-video-preview":"max-video-preview:-1"},"canonical":"https:\/\/www.hoogstra-autosport.nl\/fr\/produit\/omp-evo-overall-fia-neon-geel\/","og_locale":"fr_FR","og_type":"article","og_title":"OMP First Evo Overall Neon Geel - Hoogstra Autosport","og_description":"Sportieve, tweekleurige raceoverall met een hoog comfortniveau en veel praktische details: naast de uitstekende veiligheidsvoorzieningen in overeenstemming met de FIA-voorschriften biedt de FIRST EVO bewegingsvrijheid dankzij elastische zones, handige zijzakken, een sportief design en een goede ventilatie dankzij ademend ventilatiemateriaal. De OMP FIRST EVO wordt gekenmerkt door een bijzonder aangenaam draagcomfort en een optimale pasvorm. [&hellip;]","og_url":"https:\/\/www.hoogstra-autosport.nl\/fr\/produit\/omp-evo-overall-fia-neon-geel\/","og_site_name":"Hoogstra Autosport","article_modified_time":"2025-11-13T14:43:30+00:00","og_image":[{"width":1080,"height":1080,"url":"https:\/\/www.hoogstra-autosport.nl\/teamkoen\/wp-content\/uploads\/2020\/03\/OMP-first-evo-neon-geel.jpg","type":"image\/jpeg"}],"twitter_card":"summary_large_image","twitter_misc":{"Dur\u00e9e de lecture estim\u00e9e":"1 minute"},"schema":{"@context":"https:\/\/schema.org","@graph":[{"@type":"WebPage","@id":"https:\/\/www.hoogstra-autosport.nl\/product\/omp-evo-overall-fia-neon-geel\/","url":"https:\/\/www.hoogstra-autosport.nl\/product\/omp-evo-overall-fia-neon-geel\/","name":"OMP First Evo Overall Neon Geel - Hoogstra Autosport","isPartOf":{"@id":"https:\/\/www.hoogstra-autosport.nl\/#website"},"primaryImageOfPage":{"@id":"https:\/\/www.hoogstra-autosport.nl\/product\/omp-evo-overall-fia-neon-geel\/#primaryimage"},"image":{"@id":"https:\/\/www.hoogstra-autosport.nl\/product\/omp-evo-overall-fia-neon-geel\/#primaryimage"},"thumbnailUrl":"https:\/\/www.hoogstra-autosport.nl\/teamkoen\/wp-content\/uploads\/2020\/03\/OMP-first-evo-neon-geel.jpg","datePublished":"2020-03-18T15:27:25+00:00","dateModified":"2025-11-13T14:43:30+00:00","breadcrumb":{"@id":"https:\/\/www.hoogstra-autosport.nl\/product\/omp-evo-overall-fia-neon-geel\/#breadcrumb"},"inLanguage":"fr-FR","potentialAction":[{"@type":"ReadAction","target":["https:\/\/www.hoogstra-autosport.nl\/product\/omp-evo-overall-fia-neon-geel\/"]}]},{"@type":"ImageObject","inLanguage":"fr-FR","@id":"https:\/\/www.hoogstra-autosport.nl\/product\/omp-evo-overall-fia-neon-geel\/#primaryimage","url":"https:\/\/www.hoogstra-autosport.nl\/teamkoen\/wp-content\/uploads\/2020\/03\/OMP-first-evo-neon-geel.jpg","contentUrl":"https:\/\/www.hoogstra-autosport.nl\/teamkoen\/wp-content\/uploads\/2020\/03\/OMP-first-evo-neon-geel.jpg","width":1080,"height":1080},{"@type":"BreadcrumbList","@id":"https:\/\/www.hoogstra-autosport.nl\/product\/omp-evo-overall-fia-neon-geel\/#breadcrumb","itemListElement":[{"@type":"ListItem","position":1,"name":"Home","item":"https:\/\/www.hoogstra-autosport.nl\/"},{"@type":"ListItem","position":2,"name":"Uitrusting","item":"https:\/\/www.hoogstra-autosport.nl\/product-categorie\/autosport-kleding-helmen\/"},{"@type":"ListItem","position":3,"name":"Autosport Kleding","item":"https:\/\/www.hoogstra-autosport.nl\/product-categorie\/autosport-kleding-helmen\/autosport-kleding\/"},{"@type":"ListItem","position":4,"name":"Overalls","item":"https:\/\/www.hoogstra-autosport.nl\/product-categorie\/autosport-kleding-helmen\/autosport-kleding\/overalls\/"},{"@type":"ListItem","position":5,"name":"FIA Autosportoveralls","item":"https:\/\/www.hoogstra-autosport.nl\/product-categorie\/autosport-kleding-helmen\/autosport-kleding\/overalls\/fia-autosportoveralls\/"},{"@type":"ListItem","position":6,"name":"OMP Overalls FIA","item":"https:\/\/www.hoogstra-autosport.nl\/product-categorie\/autosport-kleding-helmen\/autosport-kleding\/overalls\/fia-autosportoveralls\/omp-overalls-fia\/"},{"@type":"ListItem","position":7,"name":"OMP First Evo Overall Neon Geel"}]},{"@type":"WebSite","@id":"https:\/\/www.hoogstra-autosport.nl\/#website","url":"https:\/\/www.hoogstra-autosport.nl\/","name":"Hoogstra Autosport","description":"Performance Autosport Parts!","potentialAction":[{"@type":"SearchAction","target":{"@type":"EntryPoint","urlTemplate":"https:\/\/www.hoogstra-autosport.nl\/?s={search_term_string}"},"query-input":{"@type":"PropertyValueSpecification","valueRequired":true,"valueName":"search_term_string"}}],"inLanguage":"fr-FR"}]}},"tiered_pricing_type":"fixed","tiered_pricing_fixed_rules":[],"tiered_pricing_product_settings":{"layout":"default","base_unit_name":{"singular":null,"plural":null},"default_variation":null},"tiered_pricing_minimum_quantity":null,"tiered_pricing_roles_data":[],"tiered_pricing_percentage_rules":[],"tiered_pricing_maximum_quantity":null,"tiered_pricing_quantity_step":null,"_links":{"self":[{"href":"https:\/\/www.hoogstra-autosport.nl\/fr\/wp-json\/wp\/v2\/product\/28962","targetHints":{"allow":["GET"]}}],"collection":[{"href":"https:\/\/www.hoogstra-autosport.nl\/fr\/wp-json\/wp\/v2\/product"}],"about":[{"href":"https:\/\/www.hoogstra-autosport.nl\/fr\/wp-json\/wp\/v2\/types\/product"}],"wp:featuredmedia":[{"embeddable":true,"href":"https:\/\/www.hoogstra-autosport.nl\/fr\/wp-json\/wp\/v2\/media\/92894"}],"wp:attachment":[{"href":"https:\/\/www.hoogstra-autosport.nl\/fr\/wp-json\/wp\/v2\/media?parent=28962"}],"wp:term":[{"taxonomy":"product_brand","embeddable":true,"href":"https:\/\/www.hoogstra-autosport.nl\/fr\/wp-json\/wp\/v2\/product_brand?post=28962"},{"taxonomy":"product_cat","embeddable":true,"href":"https:\/\/www.hoogstra-autosport.nl\/fr\/wp-json\/wp\/v2\/product_cat?post=28962"},{"taxonomy":"product_tag","embeddable":true,"href":"https:\/\/www.hoogstra-autosport.nl\/fr\/wp-json\/wp\/v2\/product_tag?post=28962"}],"curies":[{"name":"wp","href":"https:\/\/api.w.org\/{rel}","templated":true}]}}